{"id":8059,"date":"2016-07-27T09:07:36","date_gmt":"2016-07-27T09:07:36","guid":{"rendered":"\/keshilli-i-administrimit\/"},"modified":"2016-07-27T09:07:36","modified_gmt":"2016-07-27T09:07:36","slug":"keshilli-i-administrimit","status":"publish","type":"page","link":"https:\/\/unkorce.edu.al\/en\/keshilli-i-administrimit\/","title":{"rendered":"Board of Administration"},"content":{"rendered":"<p><strong>BOARD OF ADMINISTRATION OF THE \u201cFAN S. NOLI\u201d UNIVERSITY<\/strong><\/p>\n<p><strong><img decoding=\"async\" alt=\"\" src=\"\/sites\/default\/files\/61965014_312501989678748_575602828291080192_n.png\" style=\"height:450px; width:800px\" \/><\/strong><\/p>\n<p>Prof. as. dr. MAMICA NENE, kryetare<\/p>\n<p>Z. ILIR MEHMETI, n\u00ebnkryetar<\/p>\n<p>Z. MIKEL VLLAHU, an\u00ebtar<\/p>\n<p>Znj. EGRA IBRAHIMI,&nbsp;an\u00ebtare<\/p>\n<p>Z. Artur Balli, an\u00ebtar<\/p>\n<p>Prof. as. dr. NEVRUZ ZEKA, an\u00ebtar<\/p>\n<p>Dr. KOSTANDIN NASTO, an\u00ebtar<\/p>","protected":false},"excerpt":{"rendered":"<p>BORDI I ADMINISTRIMIT I UNIVERSITETIT \u201cFAN S. NOLI\u201d Prof. as. dr. MAMICA NENE, kryetare Z. ILIR MEHMETI, n\u00ebnkryetar Z. MIKEL VLLAHU, an\u00ebtar Znj. EGRA IBRAHIMI,&nbsp;an\u00ebtare Z. Artur Balli, an\u00ebtar Prof. as. dr. NEVRUZ ZEKA, an\u00ebtar Dr. KOSTANDIN NASTO, an\u00ebtar<\/p>","protected":false},"author":122,"featured_media":0,"parent":0,"menu_order":0,"comment_status":"closed","ping_status":"closed","template":"","meta":{"_acf_changed":false,"footnotes":""},"class_list":["post-8059","page","type-page","status-publish","hentry"],"acf":[],"yoast_head":"<!-- This site is optimized with the Yoast SEO plugin v26.9 - https:\/\/yoast.com\/product\/yoast-seo-wordpress\/ -->\n<title>Bordi i Administrimit - Universiteti &quot;Fan S. Noli&quot;, Kor\u00e7\u00eb<\/title>\n<meta name=\"robots\" content=\"index, follow, max-snippet:-1, max-image-preview:large, max-video-preview:-1\" \/>\n<link rel=\"canonical\" href=\"https:\/\/unkorce.edu.al\/en\/keshilli-i-administrimit\/\" \/>\n<meta property=\"og:locale\" content=\"en_US\" \/>\n<meta property=\"og:type\" content=\"article\" \/>\n<meta property=\"og:title\" content=\"Bordi i Administrimit - Universiteti &quot;Fan S. Noli&quot;, Kor\u00e7\u00eb\" \/>\n<meta property=\"og:description\" content=\"BORDI I ADMINISTRIMIT I UNIVERSITETIT \u201cFAN S. NOLI\u201d Prof. as. dr. MAMICA NENE, kryetare Z. ILIR MEHMETI, n\u00ebnkryetar Z. MIKEL VLLAHU, an\u00ebtar Znj. EGRA IBRAHIMI,&nbsp;an\u00ebtare Z. Artur Balli, an\u00ebtar Prof. as. dr. NEVRUZ ZEKA, an\u00ebtar Dr. KOSTANDIN NASTO, an\u00ebtar\" \/>\n<meta property=\"og:url\" content=\"https:\/\/unkorce.edu.al\/en\/keshilli-i-administrimit\/\" \/>\n<meta property=\"og:site_name\" content=\"Universiteti &quot;Fan S. Noli&quot;, Kor\u00e7\u00eb\" \/>\n<meta property=\"article:publisher\" content=\"https:\/\/www.facebook.com\/unkorce\" \/>\n<meta name=\"twitter:card\" content=\"summary_large_image\" \/>\n<script type=\"application\/ld+json\" class=\"yoast-schema-graph\">{\"@context\":\"https:\/\/schema.org\",\"@graph\":[{\"@type\":\"WebPage\",\"@id\":\"https:\/\/unkorce.edu.al\/keshilli-i-administrimit\/\",\"url\":\"https:\/\/unkorce.edu.al\/keshilli-i-administrimit\/\",\"name\":\"Bordi i Administrimit - Universiteti \\\"Fan S. Noli\\\", Kor\u00e7\u00eb\",\"isPartOf\":{\"@id\":\"https:\/\/unkorce.edu.al\/#website\"},\"datePublished\":\"2016-07-27T09:07:36+00:00\",\"breadcrumb\":{\"@id\":\"https:\/\/unkorce.edu.al\/keshilli-i-administrimit\/#breadcrumb\"},\"inLanguage\":\"en-US\",\"potentialAction\":[{\"@type\":\"ReadAction\",\"target\":[\"https:\/\/unkorce.edu.al\/keshilli-i-administrimit\/\"]}]},{\"@type\":\"BreadcrumbList\",\"@id\":\"https:\/\/unkorce.edu.al\/keshilli-i-administrimit\/#breadcrumb\",\"itemListElement\":[{\"@type\":\"ListItem\",\"position\":1,\"name\":\"Home\",\"item\":\"https:\/\/unkorce.edu.al\/\"},{\"@type\":\"ListItem\",\"position\":2,\"name\":\"Bordi i Administrimit\"}]},{\"@type\":\"WebSite\",\"@id\":\"https:\/\/unkorce.edu.al\/#website\",\"url\":\"https:\/\/unkorce.edu.al\/\",\"name\":\"Universiteti \\\"Fan S. Noli\\\", Kor\u00e7\u00eb\",\"description\":\"Mir&euml;sevini n&euml; faqen zyrtare!\",\"publisher\":{\"@id\":\"https:\/\/unkorce.edu.al\/#organization\"},\"potentialAction\":[{\"@type\":\"SearchAction\",\"target\":{\"@type\":\"EntryPoint\",\"urlTemplate\":\"https:\/\/unkorce.edu.al\/?s={search_term_string}\"},\"query-input\":{\"@type\":\"PropertyValueSpecification\",\"valueRequired\":true,\"valueName\":\"search_term_string\"}}],\"inLanguage\":\"en-US\"},{\"@type\":\"Organization\",\"@id\":\"https:\/\/unkorce.edu.al\/#organization\",\"name\":\"Universiteti \\\"Fan S. Noli\\\", Kor\u00e7\u00eb\",\"url\":\"https:\/\/unkorce.edu.al\/\",\"logo\":{\"@type\":\"ImageObject\",\"inLanguage\":\"en-US\",\"@id\":\"https:\/\/unkorce.edu.al\/#\/schema\/logo\/image\/\",\"url\":\"https:\/\/unkorce.edu.al\/wp-content\/uploads\/2024\/08\/Logo_e_Universitetit__Fan_Noli_-e1726660879862.png\",\"contentUrl\":\"https:\/\/unkorce.edu.al\/wp-content\/uploads\/2024\/08\/Logo_e_Universitetit__Fan_Noli_-e1726660879862.png\",\"width\":200,\"height\":120,\"caption\":\"Universiteti \\\"Fan S. Noli\\\", Kor\u00e7\u00eb\"},\"image\":{\"@id\":\"https:\/\/unkorce.edu.al\/#\/schema\/logo\/image\/\"},\"sameAs\":[\"https:\/\/www.facebook.com\/unkorce\"]}]}<\/script>\n<!-- \/ Yoast SEO plugin. -->","yoast_head_json":{"title":"Bordi i Administrimit - Universiteti \"Fan S. Noli\", Kor\u00e7\u00eb","robots":{"index":"index","follow":"follow","max-snippet":"max-snippet:-1","max-image-preview":"max-image-preview:large","max-video-preview":"max-video-preview:-1"},"canonical":"https:\/\/unkorce.edu.al\/en\/keshilli-i-administrimit\/","og_locale":"en_US","og_type":"article","og_title":"Bordi i Administrimit - Universiteti \"Fan S. Noli\", Kor\u00e7\u00eb","og_description":"BORDI I ADMINISTRIMIT I UNIVERSITETIT \u201cFAN S. NOLI\u201d Prof. as. dr. MAMICA NENE, kryetare Z. ILIR MEHMETI, n\u00ebnkryetar Z. MIKEL VLLAHU, an\u00ebtar Znj. EGRA IBRAHIMI,&nbsp;an\u00ebtare Z. Artur Balli, an\u00ebtar Prof. as. dr. NEVRUZ ZEKA, an\u00ebtar Dr. KOSTANDIN NASTO, an\u00ebtar","og_url":"https:\/\/unkorce.edu.al\/en\/keshilli-i-administrimit\/","og_site_name":"Universiteti \"Fan S. Noli\", Kor\u00e7\u00eb","article_publisher":"https:\/\/www.facebook.com\/unkorce","twitter_card":"summary_large_image","schema":{"@context":"https:\/\/schema.org","@graph":[{"@type":"WebPage","@id":"https:\/\/unkorce.edu.al\/keshilli-i-administrimit\/","url":"https:\/\/unkorce.edu.al\/keshilli-i-administrimit\/","name":"Bordi i Administrimit - Universiteti \"Fan S. Noli\", Kor\u00e7\u00eb","isPartOf":{"@id":"https:\/\/unkorce.edu.al\/#website"},"datePublished":"2016-07-27T09:07:36+00:00","breadcrumb":{"@id":"https:\/\/unkorce.edu.al\/keshilli-i-administrimit\/#breadcrumb"},"inLanguage":"en-US","potentialAction":[{"@type":"ReadAction","target":["https:\/\/unkorce.edu.al\/keshilli-i-administrimit\/"]}]},{"@type":"BreadcrumbList","@id":"https:\/\/unkorce.edu.al\/keshilli-i-administrimit\/#breadcrumb","itemListElement":[{"@type":"ListItem","position":1,"name":"Home","item":"https:\/\/unkorce.edu.al\/"},{"@type":"ListItem","position":2,"name":"Bordi i Administrimit"}]},{"@type":"WebSite","@id":"https:\/\/unkorce.edu.al\/#website","url":"https:\/\/unkorce.edu.al\/","name":"Universiteti \"Fan S. Noli\", Kor\u00e7\u00eb","description":"Mir&euml;sevini n&euml; faqen zyrtare!","publisher":{"@id":"https:\/\/unkorce.edu.al\/#organization"},"potentialAction":[{"@type":"SearchAction","target":{"@type":"EntryPoint","urlTemplate":"https:\/\/unkorce.edu.al\/?s={search_term_string}"},"query-input":{"@type":"PropertyValueSpecification","valueRequired":true,"valueName":"search_term_string"}}],"inLanguage":"en-US"},{"@type":"Organization","@id":"https:\/\/unkorce.edu.al\/#organization","name":"Universiteti \"Fan S. Noli\", Kor\u00e7\u00eb","url":"https:\/\/unkorce.edu.al\/","logo":{"@type":"ImageObject","inLanguage":"en-US","@id":"https:\/\/unkorce.edu.al\/#\/schema\/logo\/image\/","url":"https:\/\/unkorce.edu.al\/wp-content\/uploads\/2024\/08\/Logo_e_Universitetit__Fan_Noli_-e1726660879862.png","contentUrl":"https:\/\/unkorce.edu.al\/wp-content\/uploads\/2024\/08\/Logo_e_Universitetit__Fan_Noli_-e1726660879862.png","width":200,"height":120,"caption":"Universiteti \"Fan S. Noli\", Kor\u00e7\u00eb"},"image":{"@id":"https:\/\/unkorce.edu.al\/#\/schema\/logo\/image\/"},"sameAs":["https:\/\/www.facebook.com\/unkorce"]}]}},"_links":{"self":[{"href":"https:\/\/unkorce.edu.al\/en\/wp-json\/wp\/v2\/pages\/8059","targetHints":{"allow":["GET"]}}],"collection":[{"href":"https:\/\/unkorce.edu.al\/en\/wp-json\/wp\/v2\/pages"}],"about":[{"href":"https:\/\/unkorce.edu.al\/en\/wp-json\/wp\/v2\/types\/page"}],"author":[{"embeddable":true,"href":"https:\/\/unkorce.edu.al\/en\/wp-json\/wp\/v2\/users\/122"}],"replies":[{"embeddable":true,"href":"https:\/\/unkorce.edu.al\/en\/wp-json\/wp\/v2\/comments?post=8059"}],"version-history":[{"count":0,"href":"https:\/\/unkorce.edu.al\/en\/wp-json\/wp\/v2\/pages\/8059\/revisions"}],"wp:attachment":[{"href":"https:\/\/unkorce.edu.al\/en\/wp-json\/wp\/v2\/media?parent=8059"}],"curies":[{"name":"wp","href":"https:\/\/api.w.org\/{rel}","templated":true}]}}