{"id":8058,"date":"2016-07-27T09:07:36","date_gmt":"2016-07-27T09:07:36","guid":{"rendered":"\/struktura-akademike\/"},"modified":"2016-07-27T09:07:36","modified_gmt":"2016-07-27T09:07:36","slug":"struktura-akademike","status":"publish","type":"page","link":"https:\/\/unkorce.edu.al\/en\/struktura-akademike\/","title":{"rendered":"Struktura Akademike"},"content":{"rendered":"<p><strong>I &#8211; STRUKTURA E VITIT AKADEMIK<\/strong><\/p>\n<p>Viti akademik \u00ebsht\u00eb nj\u00ebsia kohore baz\u00eb e studimeve. Nj\u00eb vit akademik p\u00ebrb\u00ebhet nga 2 semestra dhe shtrihet n\u00eb intervalin nga 30 deri 40 jav\u00eb m\u00ebsimore, sipas udh\u00ebzimeve t\u00eb MASh-it (30 jav\u00eb m\u00ebsim dhe 6-10 jav\u00eb provime dhe mbrojtje teze diplome).<\/p>\n<p><span style=\"font-size:16px\"><img decoding=\"async\" alt=\"\" src=\"http:\/\/172.16.0.2\/sites\/default\/files\/image_download\/adobe.gif\" style=\"float:left; height:12px; margin:1px; width:17px\" \/>\u200b&nbsp;<\/span><a href=\"\/en\/sites\/default\/files\/STRUKTURA%20E%20VITIT%20AKADEMIK%202019-2020.pdf\/\" target=\"_blank\" rel=\"noopener\"><strong>STRUKTURA E VITIT AKADEMIK 2019-2020 (PDF) (Kliko..)<\/strong><\/a><\/p>\n<p>&nbsp;<\/p>\n<p><strong>II &#8211; KOHA E STUDIMEVE DHE KREDITET<\/strong><\/p>\n<p>1. Koha e studimeve ndahet n\u00eb:<\/p>\n<ul>\n<li>studime t\u00eb ciklit t\u00eb par\u00eb (Bachelor), semestri 1-6<\/li>\n<li>studime t\u00eb ciklit t\u00eb dyt\u00eb (MP, Msc), semestri 1-4<\/li>\n<\/ul>\n<p>2. Koha e rregullt e studimeve n\u00eb ciklin e par\u00eb (Bachelor) zgjat 3 vjet, n\u00eb ciklin e dyt\u00eb (MP,Msc) zgjat 2 vjet. P\u00ebr t\u00eb gjitha ciklet nuk ka kufizim n\u00eb zgjatjen e periudh\u00ebs s\u00eb p\u00ebrfundimit t\u00eb studimeve.<\/p>\n<p>3. Student\u00ebt q\u00eb nuk p\u00ebrfundojn\u00eb studimet n\u00eb koh\u00ebn e rregullt jan\u00eb t\u00eb detyruar t&#8217;i n\u00ebnshtrohen tarif\u00ebs s\u00eb shkollimit.<\/p>\n<p>4. N\u00eb p\u00ebrfundim t\u00eb studimeve t\u00eb ciklit t\u00eb par\u00eb studenti duhet t\u00eb arrij\u00eb t\u00eb fitoj\u00eb 180 kredite dhe n\u00eb p\u00ebrfundim t\u00eb studimeve t\u00eb ciklit t\u00eb dyt\u00eb, p\u00ebr MP,Msc, duhet t\u00eb marr\u00eb 120 kredite.<\/p>","protected":false},"excerpt":{"rendered":"<p>I &#8211; STRUKTURA E VITIT AKADEMIK Viti akademik \u00ebsht\u00eb nj\u00ebsia kohore baz\u00eb e studimeve. Nj\u00eb vit akademik p\u00ebrb\u00ebhet nga 2 semestra dhe shtrihet n\u00eb intervalin nga 30 deri 40 jav\u00eb m\u00ebsimore, sipas udh\u00ebzimeve t\u00eb MASh-it (30 jav\u00eb m\u00ebsim dhe 6-10 jav\u00eb provime dhe mbrojtje teze diplome). \u200b&nbsp;STRUKTURA E VITIT AKADEMIK 2019-2020 (PDF) (Kliko..) &nbsp; II&#8230;<\/p>","protected":false},"author":122,"featured_media":0,"parent":0,"menu_order":0,"comment_status":"closed","ping_status":"closed","template":"","meta":{"_acf_changed":false,"footnotes":""},"class_list":["post-8058","page","type-page","status-publish","hentry"],"acf":[],"yoast_head":"<!-- This site is optimized with the Yoast SEO plugin v26.9 - https:\/\/yoast.com\/product\/yoast-seo-wordpress\/ -->\n<title>Struktura Akademike - Universiteti &quot;Fan S. Noli&quot;, Kor\u00e7\u00eb<\/title>\n<meta name=\"robots\" content=\"index, follow, max-snippet:-1, max-image-preview:large, max-video-preview:-1\" \/>\n<link rel=\"canonical\" href=\"https:\/\/unkorce.edu.al\/en\/struktura-akademike\/\" \/>\n<meta property=\"og:locale\" content=\"en_US\" \/>\n<meta property=\"og:type\" content=\"article\" \/>\n<meta property=\"og:title\" content=\"Struktura Akademike - Universiteti &quot;Fan S. Noli&quot;, Kor\u00e7\u00eb\" \/>\n<meta property=\"og:description\" content=\"I &#8211; STRUKTURA E VITIT AKADEMIK Viti akademik \u00ebsht\u00eb nj\u00ebsia kohore baz\u00eb e studimeve. Nj\u00eb vit akademik p\u00ebrb\u00ebhet nga 2 semestra dhe shtrihet n\u00eb intervalin nga 30 deri 40 jav\u00eb m\u00ebsimore, sipas udh\u00ebzimeve t\u00eb MASh-it (30 jav\u00eb m\u00ebsim dhe 6-10 jav\u00eb provime dhe mbrojtje teze diplome). \u200b&nbsp;STRUKTURA E VITIT AKADEMIK 2019-2020 (PDF) (Kliko..) &nbsp; II...\" \/>\n<meta property=\"og:url\" content=\"https:\/\/unkorce.edu.al\/en\/struktura-akademike\/\" \/>\n<meta property=\"og:site_name\" content=\"Universiteti &quot;Fan S. Noli&quot;, Kor\u00e7\u00eb\" \/>\n<meta property=\"article:publisher\" content=\"https:\/\/www.facebook.com\/unkorce\" \/>\n<meta property=\"og:image\" content=\"http:\/\/172.16.0.2\/sites\/default\/files\/image_download\/adobe.gif\" \/>\n<meta name=\"twitter:card\" content=\"summary_large_image\" \/>\n<meta name=\"twitter:label1\" content=\"Est. reading time\" \/>\n\t<meta name=\"twitter:data1\" content=\"1 minute\" \/>\n<script type=\"application\/ld+json\" class=\"yoast-schema-graph\">{\"@context\":\"https:\/\/schema.org\",\"@graph\":[{\"@type\":\"WebPage\",\"@id\":\"https:\/\/unkorce.edu.al\/struktura-akademike\/\",\"url\":\"https:\/\/unkorce.edu.al\/struktura-akademike\/\",\"name\":\"Struktura Akademike - Universiteti \\\"Fan S. Noli\\\", Kor\u00e7\u00eb\",\"isPartOf\":{\"@id\":\"https:\/\/unkorce.edu.al\/#website\"},\"primaryImageOfPage\":{\"@id\":\"https:\/\/unkorce.edu.al\/struktura-akademike\/#primaryimage\"},\"image\":{\"@id\":\"https:\/\/unkorce.edu.al\/struktura-akademike\/#primaryimage\"},\"thumbnailUrl\":\"http:\/\/172.16.0.2\/sites\/default\/files\/image_download\/adobe.gif\",\"datePublished\":\"2016-07-27T09:07:36+00:00\",\"breadcrumb\":{\"@id\":\"https:\/\/unkorce.edu.al\/struktura-akademike\/#breadcrumb\"},\"inLanguage\":\"en-US\",\"potentialAction\":[{\"@type\":\"ReadAction\",\"target\":[\"https:\/\/unkorce.edu.al\/struktura-akademike\/\"]}]},{\"@type\":\"ImageObject\",\"inLanguage\":\"en-US\",\"@id\":\"https:\/\/unkorce.edu.al\/struktura-akademike\/#primaryimage\",\"url\":\"http:\/\/172.16.0.2\/sites\/default\/files\/image_download\/adobe.gif\",\"contentUrl\":\"http:\/\/172.16.0.2\/sites\/default\/files\/image_download\/adobe.gif\"},{\"@type\":\"BreadcrumbList\",\"@id\":\"https:\/\/unkorce.edu.al\/struktura-akademike\/#breadcrumb\",\"itemListElement\":[{\"@type\":\"ListItem\",\"position\":1,\"name\":\"Home\",\"item\":\"https:\/\/unkorce.edu.al\/\"},{\"@type\":\"ListItem\",\"position\":2,\"name\":\"Struktura Akademike\"}]},{\"@type\":\"WebSite\",\"@id\":\"https:\/\/unkorce.edu.al\/#website\",\"url\":\"https:\/\/unkorce.edu.al\/\",\"name\":\"Universiteti \\\"Fan S. Noli\\\", Kor\u00e7\u00eb\",\"description\":\"Mir&euml;sevini n&euml; faqen zyrtare!\",\"publisher\":{\"@id\":\"https:\/\/unkorce.edu.al\/#organization\"},\"potentialAction\":[{\"@type\":\"SearchAction\",\"target\":{\"@type\":\"EntryPoint\",\"urlTemplate\":\"https:\/\/unkorce.edu.al\/?s={search_term_string}\"},\"query-input\":{\"@type\":\"PropertyValueSpecification\",\"valueRequired\":true,\"valueName\":\"search_term_string\"}}],\"inLanguage\":\"en-US\"},{\"@type\":\"Organization\",\"@id\":\"https:\/\/unkorce.edu.al\/#organization\",\"name\":\"Universiteti \\\"Fan S. Noli\\\", Kor\u00e7\u00eb\",\"url\":\"https:\/\/unkorce.edu.al\/\",\"logo\":{\"@type\":\"ImageObject\",\"inLanguage\":\"en-US\",\"@id\":\"https:\/\/unkorce.edu.al\/#\/schema\/logo\/image\/\",\"url\":\"https:\/\/unkorce.edu.al\/wp-content\/uploads\/2024\/08\/Logo_e_Universitetit__Fan_Noli_-e1726660879862.png\",\"contentUrl\":\"https:\/\/unkorce.edu.al\/wp-content\/uploads\/2024\/08\/Logo_e_Universitetit__Fan_Noli_-e1726660879862.png\",\"width\":200,\"height\":120,\"caption\":\"Universiteti \\\"Fan S. Noli\\\", Kor\u00e7\u00eb\"},\"image\":{\"@id\":\"https:\/\/unkorce.edu.al\/#\/schema\/logo\/image\/\"},\"sameAs\":[\"https:\/\/www.facebook.com\/unkorce\"]}]}<\/script>\n<!-- \/ Yoast SEO plugin. -->","yoast_head_json":{"title":"Struktura Akademike - Universiteti \"Fan S. Noli\", Kor\u00e7\u00eb","robots":{"index":"index","follow":"follow","max-snippet":"max-snippet:-1","max-image-preview":"max-image-preview:large","max-video-preview":"max-video-preview:-1"},"canonical":"https:\/\/unkorce.edu.al\/en\/struktura-akademike\/","og_locale":"en_US","og_type":"article","og_title":"Struktura Akademike - Universiteti \"Fan S. Noli\", Kor\u00e7\u00eb","og_description":"I &#8211; STRUKTURA E VITIT AKADEMIK Viti akademik \u00ebsht\u00eb nj\u00ebsia kohore baz\u00eb e studimeve. Nj\u00eb vit akademik p\u00ebrb\u00ebhet nga 2 semestra dhe shtrihet n\u00eb intervalin nga 30 deri 40 jav\u00eb m\u00ebsimore, sipas udh\u00ebzimeve t\u00eb MASh-it (30 jav\u00eb m\u00ebsim dhe 6-10 jav\u00eb provime dhe mbrojtje teze diplome). \u200b&nbsp;STRUKTURA E VITIT AKADEMIK 2019-2020 (PDF) (Kliko..) &nbsp; II...","og_url":"https:\/\/unkorce.edu.al\/en\/struktura-akademike\/","og_site_name":"Universiteti \"Fan S. Noli\", Kor\u00e7\u00eb","article_publisher":"https:\/\/www.facebook.com\/unkorce","og_image":[{"url":"http:\/\/172.16.0.2\/sites\/default\/files\/image_download\/adobe.gif","type":"","width":"","height":""}],"twitter_card":"summary_large_image","twitter_misc":{"Est. reading time":"1 minute"},"schema":{"@context":"https:\/\/schema.org","@graph":[{"@type":"WebPage","@id":"https:\/\/unkorce.edu.al\/struktura-akademike\/","url":"https:\/\/unkorce.edu.al\/struktura-akademike\/","name":"Struktura Akademike - Universiteti \"Fan S. Noli\", Kor\u00e7\u00eb","isPartOf":{"@id":"https:\/\/unkorce.edu.al\/#website"},"primaryImageOfPage":{"@id":"https:\/\/unkorce.edu.al\/struktura-akademike\/#primaryimage"},"image":{"@id":"https:\/\/unkorce.edu.al\/struktura-akademike\/#primaryimage"},"thumbnailUrl":"http:\/\/172.16.0.2\/sites\/default\/files\/image_download\/adobe.gif","datePublished":"2016-07-27T09:07:36+00:00","breadcrumb":{"@id":"https:\/\/unkorce.edu.al\/struktura-akademike\/#breadcrumb"},"inLanguage":"en-US","potentialAction":[{"@type":"ReadAction","target":["https:\/\/unkorce.edu.al\/struktura-akademike\/"]}]},{"@type":"ImageObject","inLanguage":"en-US","@id":"https:\/\/unkorce.edu.al\/struktura-akademike\/#primaryimage","url":"http:\/\/172.16.0.2\/sites\/default\/files\/image_download\/adobe.gif","contentUrl":"http:\/\/172.16.0.2\/sites\/default\/files\/image_download\/adobe.gif"},{"@type":"BreadcrumbList","@id":"https:\/\/unkorce.edu.al\/struktura-akademike\/#breadcrumb","itemListElement":[{"@type":"ListItem","position":1,"name":"Home","item":"https:\/\/unkorce.edu.al\/"},{"@type":"ListItem","position":2,"name":"Struktura Akademike"}]},{"@type":"WebSite","@id":"https:\/\/unkorce.edu.al\/#website","url":"https:\/\/unkorce.edu.al\/","name":"Universiteti \"Fan S. Noli\", Kor\u00e7\u00eb","description":"Mir&euml;sevini n&euml; faqen zyrtare!","publisher":{"@id":"https:\/\/unkorce.edu.al\/#organization"},"potentialAction":[{"@type":"SearchAction","target":{"@type":"EntryPoint","urlTemplate":"https:\/\/unkorce.edu.al\/?s={search_term_string}"},"query-input":{"@type":"PropertyValueSpecification","valueRequired":true,"valueName":"search_term_string"}}],"inLanguage":"en-US"},{"@type":"Organization","@id":"https:\/\/unkorce.edu.al\/#organization","name":"Universiteti \"Fan S. Noli\", Kor\u00e7\u00eb","url":"https:\/\/unkorce.edu.al\/","logo":{"@type":"ImageObject","inLanguage":"en-US","@id":"https:\/\/unkorce.edu.al\/#\/schema\/logo\/image\/","url":"https:\/\/unkorce.edu.al\/wp-content\/uploads\/2024\/08\/Logo_e_Universitetit__Fan_Noli_-e1726660879862.png","contentUrl":"https:\/\/unkorce.edu.al\/wp-content\/uploads\/2024\/08\/Logo_e_Universitetit__Fan_Noli_-e1726660879862.png","width":200,"height":120,"caption":"Universiteti \"Fan S. Noli\", Kor\u00e7\u00eb"},"image":{"@id":"https:\/\/unkorce.edu.al\/#\/schema\/logo\/image\/"},"sameAs":["https:\/\/www.facebook.com\/unkorce"]}]}},"_links":{"self":[{"href":"https:\/\/unkorce.edu.al\/en\/wp-json\/wp\/v2\/pages\/8058","targetHints":{"allow":["GET"]}}],"collection":[{"href":"https:\/\/unkorce.edu.al\/en\/wp-json\/wp\/v2\/pages"}],"about":[{"href":"https:\/\/unkorce.edu.al\/en\/wp-json\/wp\/v2\/types\/page"}],"author":[{"embeddable":true,"href":"https:\/\/unkorce.edu.al\/en\/wp-json\/wp\/v2\/users\/122"}],"replies":[{"embeddable":true,"href":"https:\/\/unkorce.edu.al\/en\/wp-json\/wp\/v2\/comments?post=8058"}],"version-history":[{"count":0,"href":"https:\/\/unkorce.edu.al\/en\/wp-json\/wp\/v2\/pages\/8058\/revisions"}],"wp:attachment":[{"href":"https:\/\/unkorce.edu.al\/en\/wp-json\/wp\/v2\/media?parent=8058"}],"curies":[{"name":"wp","href":"https:\/\/api.w.org\/{rel}","templated":true}]}}