{"id":8039,"date":"2016-07-27T09:06:04","date_gmt":"2016-07-27T09:06:04","guid":{"rendered":"\/orari-mesimor\/"},"modified":"2016-07-27T09:06:04","modified_gmt":"2016-07-27T09:06:04","slug":"orari-mesimor","status":"publish","type":"page","link":"https:\/\/unkorce.edu.al\/en\/orari-mesimor\/","title":{"rendered":"Orari M\u00ebsimor"},"content":{"rendered":"<div style=\"padding:20px;background-color:white;\">\n<h1><span style=\"color:#FFFFFF\"><strong><span style=\"background-color:#008080\">ORARI M\u00cbSIMOR &#8211; SEMESTRI II &#8211; 2020 &#8211; 2021<\/span><\/strong><\/span><\/h1>\n<p><span style=\"color:#008000\"><em>P\u00ebrdit\u00ebsimi i fundit:<strong>&nbsp;24\/05\/2021<\/strong><\/em><\/span><\/p>\n<div style=\"padding:5px;background-color:#DAA520;font-size:18px;text-decoration:none;margin-bottom:2px;\"><span style=\"color:#FFFF00\"><strong>&gt; [pdf]<\/strong><\/span>&nbsp;<a href=\"\/en\/sites\/default\/files\/Training%20in%20Microsoft%20Teams%20365.pdf\/\"><span style=\"color:#FFFFFF\">UDH\u00cbZUES P\u00cbR STAFIN AKADEMIK&nbsp;<\/span><\/a><\/div>\n<div style=\"padding:5px;background-color:#DAA520;font-size:18px;text-decoration:none;margin-bottom:2px;\"><span style=\"color:#FFFF00\"><strong>&gt; [youtube]<\/strong><\/span>&nbsp;<a href=\"https:\/\/youtu.be\/9hyK_TyrpkU\"><span style=\"color:#FFF0F5\"><span style=\"background-color:rgb(218, 165, 32); font-size:18px\">UDH\u00cbZUES P\u00cbR STUDENT\u00cbT<\/span><\/span><\/a><\/div>\n<div class=\"node-content\" style=\"border: 0px; margin: 0px; padding: 0px; color: rgb(51, 51, 51); font-family: Arial, Helvetica, sans-serif; font-size: 13px; background-color: rgb(215, 227, 227);\">\n<div class=\"section field field-name-body field-type-text-with-summary field-label-hidden\" style=\"border: 0px; margin: 0px 0px 10px; padding: 0px;\">\n<div class=\"field-items\" style=\"border: 0px; margin: 0px; padding: 0px;\">\n<div class=\"field-item odd\" style=\"border: 0px; margin: 0px; padding: 0px;\">&nbsp;<\/div>\n<\/div>\n<\/div>\n<\/div>\n<hr \/>\n<h2><strong><span style=\"color:#008080\">FACULTY OF AGRICULTURE<\/span><\/strong><\/h2>\n<p><a href=\"\/en\/sites\/default\/files\/FB%20ORARI%20SEMESTRI%20II%20I%20PERDITESUAR_0.pdf\/\">SEMESTRI I DYT\u00cb (PDF) (kliko)<\/a><\/p>\n<hr \/>\n<h2><strong><span style=\"color:rgb(0, 128, 128)\">FACULTY OF EDUCATION AND PHILOLOGY<\/span><\/strong><\/h2>\n<p><a href=\"\/en\/sites\/default\/files\/Fakulteti%20i%20Edukimit%20%283%29.pdf\/\">SEMESTRI I DYTE (PDF) (kliko)<\/a><\/p>\n<p><a href=\"\/sites\/default\/files\/kmev1_2.pdf\">MASTER SHKENCOR &#8211; KULTUR\u00cb, MEDIA DHE EDITIM &#8211; VITI 1<\/a><\/p>\n<p><a href=\"\/sites\/default\/files\/gjlv1_0.pdf\">MASTER PROFESIONAL &#8211; M\u00cbSUES P\u00cbR GJUH\u00cbN SHQIPE DHE LET\u00cbRSI &#8211; VITI 1<\/a><\/p>\n<hr \/>\n<h2><strong><span style=\"color:rgb(0, 128, 128)\">FACULTY OF ECONOMICS<\/span><\/strong><\/h2>\n<p><a href=\"\/en\/sites\/default\/files\/Ekonomik%20Viti%20I%20%286%29.pdf\/\">SEMESTRI I DYTE &#8211; VITI I (PDF) (kliko)<\/a><\/p>\n<p><a href=\"\/en\/sites\/default\/files\/Ekonomik%20Viti%20II%20%286%29.pdf\/\"><span style=\"background-color:rgb(255, 255, 255)\">SEMESTRI I DYTE &#8211; VITI II (PDF) (kliko)<\/span><\/a><\/p>\n<p><a href=\"\/en\/sites\/default\/files\/Ekonomik%20Viti%20III%20%285%29.pdf\/\"><span style=\"background-color:rgb(255, 255, 255)\">SEMESTRI I DYTE &#8211; VITI III (PDF) (kliko)<\/span><\/a><\/p>\n<p><a href=\"\/en\/sites\/default\/files\/Ekonomik%20Master%20%284%29.pdf\/\"><span style=\"background-color:rgb(255, 255, 255)\">SEMESTRI I DYTE &#8211; MASTER (PDF) (kliko)<\/span><\/a><\/p>\n<hr \/>\n<h2><strong><span style=\"color:rgb(0, 128, 128)\">Faculty of Human and Natural Sciences<\/span><\/strong><\/h2>\n<p><a href=\"\/sites\/default\/files\/FSHNHS2.pdf\">SEMESTRI I DYTE (PDF) (kliko)<\/a><\/p>\n<p><a href=\"\/sites\/default\/files\/infermieria.pdf\">INFERMIERI&nbsp;&#8211; SEMESTRI I DYTE (PDF) (kliko)<\/a><\/p>\n<p><a href=\"\/sites\/default\/files\/mamia.pdf\"><span style=\"background-color:rgb(255, 255, 255)\">MAMI &#8211; SEMESTRI I DYTE (PDF) (kliko)<\/span><\/a><\/p>\n<hr \/>\n<p>&nbsp;<\/p>\n<div>&nbsp;<\/div>\n<\/div>","protected":false},"excerpt":{"rendered":"<p>ORARI M\u00cbSIMOR &#8211; SEMESTRI II &#8211; 2020 &#8211; 2021 P\u00ebrdit\u00ebsimi i fundit:&nbsp;24\/05\/2021 &gt; [pdf]&nbsp;UDH\u00cbZUES P\u00cbR STAFIN AKADEMIK&nbsp; &gt; [youtube]&nbsp;UDH\u00cbZUES P\u00cbR STUDENT\u00cbT &nbsp; FAKULTETI I BUJQ\u00cbSIS\u00cb SEMESTRI I DYT\u00cb (PDF) (kliko) FAKULTETI I EDUKIMIT DHE FILOLOGJIS\u00cb SEMESTRI I DYTE (PDF) (kliko) MASTER SHKENCOR &#8211; KULTUR\u00cb, MEDIA DHE EDITIM &#8211; VITI 1 MASTER PROFESIONAL &#8211; M\u00cbSUES P\u00cbR&#8230;<\/p>","protected":false},"author":122,"featured_media":0,"parent":0,"menu_order":0,"comment_status":"closed","ping_status":"closed","template":"","meta":{"_acf_changed":false,"footnotes":""},"class_list":["post-8039","page","type-page","status-publish","hentry"],"acf":[],"yoast_head":"<!-- This site is optimized with the Yoast SEO plugin v26.9 - https:\/\/yoast.com\/product\/yoast-seo-wordpress\/ -->\n<title>Orari M\u00ebsimor - Universiteti &quot;Fan S. Noli&quot;, Kor\u00e7\u00eb<\/title>\n<meta name=\"robots\" content=\"index, follow, max-snippet:-1, max-image-preview:large, max-video-preview:-1\" \/>\n<link rel=\"canonical\" href=\"https:\/\/unkorce.edu.al\/en\/orari-mesimor\/\" \/>\n<meta property=\"og:locale\" content=\"en_US\" \/>\n<meta property=\"og:type\" content=\"article\" \/>\n<meta property=\"og:title\" content=\"Orari M\u00ebsimor - Universiteti &quot;Fan S. Noli&quot;, Kor\u00e7\u00eb\" \/>\n<meta property=\"og:description\" content=\"ORARI M\u00cbSIMOR &#8211; SEMESTRI II &#8211; 2020 &#8211; 2021 P\u00ebrdit\u00ebsimi i fundit:&nbsp;24\/05\/2021 &gt; [pdf]&nbsp;UDH\u00cbZUES P\u00cbR STAFIN AKADEMIK&nbsp; &gt; [youtube]&nbsp;UDH\u00cbZUES P\u00cbR STUDENT\u00cbT &nbsp; FAKULTETI I BUJQ\u00cbSIS\u00cb SEMESTRI I DYT\u00cb (PDF) (kliko) FAKULTETI I EDUKIMIT DHE FILOLOGJIS\u00cb SEMESTRI I DYTE (PDF) (kliko) MASTER SHKENCOR &#8211; KULTUR\u00cb, MEDIA DHE EDITIM &#8211; VITI 1 MASTER PROFESIONAL &#8211; M\u00cbSUES P\u00cbR...\" \/>\n<meta property=\"og:url\" content=\"https:\/\/unkorce.edu.al\/en\/orari-mesimor\/\" \/>\n<meta property=\"og:site_name\" content=\"Universiteti &quot;Fan S. Noli&quot;, Kor\u00e7\u00eb\" \/>\n<meta property=\"article:publisher\" content=\"https:\/\/www.facebook.com\/unkorce\" \/>\n<meta name=\"twitter:card\" content=\"summary_large_image\" \/>\n<meta name=\"twitter:label1\" content=\"Est. reading time\" \/>\n\t<meta name=\"twitter:data1\" content=\"1 minute\" \/>\n<script type=\"application\/ld+json\" class=\"yoast-schema-graph\">{\"@context\":\"https:\/\/schema.org\",\"@graph\":[{\"@type\":\"WebPage\",\"@id\":\"https:\/\/unkorce.edu.al\/orari-mesimor\/\",\"url\":\"https:\/\/unkorce.edu.al\/orari-mesimor\/\",\"name\":\"Orari M\u00ebsimor - Universiteti \\\"Fan S. Noli\\\", Kor\u00e7\u00eb\",\"isPartOf\":{\"@id\":\"https:\/\/unkorce.edu.al\/#website\"},\"datePublished\":\"2016-07-27T09:06:04+00:00\",\"breadcrumb\":{\"@id\":\"https:\/\/unkorce.edu.al\/orari-mesimor\/#breadcrumb\"},\"inLanguage\":\"en-US\",\"potentialAction\":[{\"@type\":\"ReadAction\",\"target\":[\"https:\/\/unkorce.edu.al\/orari-mesimor\/\"]}]},{\"@type\":\"BreadcrumbList\",\"@id\":\"https:\/\/unkorce.edu.al\/orari-mesimor\/#breadcrumb\",\"itemListElement\":[{\"@type\":\"ListItem\",\"position\":1,\"name\":\"Home\",\"item\":\"https:\/\/unkorce.edu.al\/\"},{\"@type\":\"ListItem\",\"position\":2,\"name\":\"Orari M\u00ebsimor\"}]},{\"@type\":\"WebSite\",\"@id\":\"https:\/\/unkorce.edu.al\/#website\",\"url\":\"https:\/\/unkorce.edu.al\/\",\"name\":\"Universiteti \\\"Fan S. Noli\\\", Kor\u00e7\u00eb\",\"description\":\"Mir&euml;sevini n&euml; faqen zyrtare!\",\"publisher\":{\"@id\":\"https:\/\/unkorce.edu.al\/#organization\"},\"potentialAction\":[{\"@type\":\"SearchAction\",\"target\":{\"@type\":\"EntryPoint\",\"urlTemplate\":\"https:\/\/unkorce.edu.al\/?s={search_term_string}\"},\"query-input\":{\"@type\":\"PropertyValueSpecification\",\"valueRequired\":true,\"valueName\":\"search_term_string\"}}],\"inLanguage\":\"en-US\"},{\"@type\":\"Organization\",\"@id\":\"https:\/\/unkorce.edu.al\/#organization\",\"name\":\"Universiteti \\\"Fan S. Noli\\\", Kor\u00e7\u00eb\",\"url\":\"https:\/\/unkorce.edu.al\/\",\"logo\":{\"@type\":\"ImageObject\",\"inLanguage\":\"en-US\",\"@id\":\"https:\/\/unkorce.edu.al\/#\/schema\/logo\/image\/\",\"url\":\"https:\/\/unkorce.edu.al\/wp-content\/uploads\/2024\/08\/Logo_e_Universitetit__Fan_Noli_-e1726660879862.png\",\"contentUrl\":\"https:\/\/unkorce.edu.al\/wp-content\/uploads\/2024\/08\/Logo_e_Universitetit__Fan_Noli_-e1726660879862.png\",\"width\":200,\"height\":120,\"caption\":\"Universiteti \\\"Fan S. Noli\\\", Kor\u00e7\u00eb\"},\"image\":{\"@id\":\"https:\/\/unkorce.edu.al\/#\/schema\/logo\/image\/\"},\"sameAs\":[\"https:\/\/www.facebook.com\/unkorce\"]}]}<\/script>\n<!-- \/ Yoast SEO plugin. -->","yoast_head_json":{"title":"Orari M\u00ebsimor - Universiteti \"Fan S. Noli\", Kor\u00e7\u00eb","robots":{"index":"index","follow":"follow","max-snippet":"max-snippet:-1","max-image-preview":"max-image-preview:large","max-video-preview":"max-video-preview:-1"},"canonical":"https:\/\/unkorce.edu.al\/en\/orari-mesimor\/","og_locale":"en_US","og_type":"article","og_title":"Orari M\u00ebsimor - Universiteti \"Fan S. Noli\", Kor\u00e7\u00eb","og_description":"ORARI M\u00cbSIMOR &#8211; SEMESTRI II &#8211; 2020 &#8211; 2021 P\u00ebrdit\u00ebsimi i fundit:&nbsp;24\/05\/2021 &gt; [pdf]&nbsp;UDH\u00cbZUES P\u00cbR STAFIN AKADEMIK&nbsp; &gt; [youtube]&nbsp;UDH\u00cbZUES P\u00cbR STUDENT\u00cbT &nbsp; FAKULTETI I BUJQ\u00cbSIS\u00cb SEMESTRI I DYT\u00cb (PDF) (kliko) FAKULTETI I EDUKIMIT DHE FILOLOGJIS\u00cb SEMESTRI I DYTE (PDF) (kliko) MASTER SHKENCOR &#8211; KULTUR\u00cb, MEDIA DHE EDITIM &#8211; VITI 1 MASTER PROFESIONAL &#8211; M\u00cbSUES P\u00cbR...","og_url":"https:\/\/unkorce.edu.al\/en\/orari-mesimor\/","og_site_name":"Universiteti \"Fan S. Noli\", Kor\u00e7\u00eb","article_publisher":"https:\/\/www.facebook.com\/unkorce","twitter_card":"summary_large_image","twitter_misc":{"Est. reading time":"1 minute"},"schema":{"@context":"https:\/\/schema.org","@graph":[{"@type":"WebPage","@id":"https:\/\/unkorce.edu.al\/orari-mesimor\/","url":"https:\/\/unkorce.edu.al\/orari-mesimor\/","name":"Orari M\u00ebsimor - Universiteti \"Fan S. Noli\", Kor\u00e7\u00eb","isPartOf":{"@id":"https:\/\/unkorce.edu.al\/#website"},"datePublished":"2016-07-27T09:06:04+00:00","breadcrumb":{"@id":"https:\/\/unkorce.edu.al\/orari-mesimor\/#breadcrumb"},"inLanguage":"en-US","potentialAction":[{"@type":"ReadAction","target":["https:\/\/unkorce.edu.al\/orari-mesimor\/"]}]},{"@type":"BreadcrumbList","@id":"https:\/\/unkorce.edu.al\/orari-mesimor\/#breadcrumb","itemListElement":[{"@type":"ListItem","position":1,"name":"Home","item":"https:\/\/unkorce.edu.al\/"},{"@type":"ListItem","position":2,"name":"Orari M\u00ebsimor"}]},{"@type":"WebSite","@id":"https:\/\/unkorce.edu.al\/#website","url":"https:\/\/unkorce.edu.al\/","name":"Universiteti \"Fan S. Noli\", Kor\u00e7\u00eb","description":"Mir&euml;sevini n&euml; faqen zyrtare!","publisher":{"@id":"https:\/\/unkorce.edu.al\/#organization"},"potentialAction":[{"@type":"SearchAction","target":{"@type":"EntryPoint","urlTemplate":"https:\/\/unkorce.edu.al\/?s={search_term_string}"},"query-input":{"@type":"PropertyValueSpecification","valueRequired":true,"valueName":"search_term_string"}}],"inLanguage":"en-US"},{"@type":"Organization","@id":"https:\/\/unkorce.edu.al\/#organization","name":"Universiteti \"Fan S. Noli\", Kor\u00e7\u00eb","url":"https:\/\/unkorce.edu.al\/","logo":{"@type":"ImageObject","inLanguage":"en-US","@id":"https:\/\/unkorce.edu.al\/#\/schema\/logo\/image\/","url":"https:\/\/unkorce.edu.al\/wp-content\/uploads\/2024\/08\/Logo_e_Universitetit__Fan_Noli_-e1726660879862.png","contentUrl":"https:\/\/unkorce.edu.al\/wp-content\/uploads\/2024\/08\/Logo_e_Universitetit__Fan_Noli_-e1726660879862.png","width":200,"height":120,"caption":"Universiteti \"Fan S. Noli\", Kor\u00e7\u00eb"},"image":{"@id":"https:\/\/unkorce.edu.al\/#\/schema\/logo\/image\/"},"sameAs":["https:\/\/www.facebook.com\/unkorce"]}]}},"_links":{"self":[{"href":"https:\/\/unkorce.edu.al\/en\/wp-json\/wp\/v2\/pages\/8039","targetHints":{"allow":["GET"]}}],"collection":[{"href":"https:\/\/unkorce.edu.al\/en\/wp-json\/wp\/v2\/pages"}],"about":[{"href":"https:\/\/unkorce.edu.al\/en\/wp-json\/wp\/v2\/types\/page"}],"author":[{"embeddable":true,"href":"https:\/\/unkorce.edu.al\/en\/wp-json\/wp\/v2\/users\/122"}],"replies":[{"embeddable":true,"href":"https:\/\/unkorce.edu.al\/en\/wp-json\/wp\/v2\/comments?post=8039"}],"version-history":[{"count":0,"href":"https:\/\/unkorce.edu.al\/en\/wp-json\/wp\/v2\/pages\/8039\/revisions"}],"wp:attachment":[{"href":"https:\/\/unkorce.edu.al\/en\/wp-json\/wp\/v2\/media?parent=8039"}],"curies":[{"name":"wp","href":"https:\/\/api.w.org\/{rel}","templated":true}]}}