{"id":8035,"date":"2016-07-27T09:06:04","date_gmt":"2016-07-27T09:06:04","guid":{"rendered":"\/dega-e-marredhenieve-me-jashte\/"},"modified":"2016-07-27T09:06:04","modified_gmt":"2016-07-27T09:06:04","slug":"dega-e-marredhenieve-me-jashte","status":"publish","type":"page","link":"https:\/\/unkorce.edu.al\/en\/dega-e-marredhenieve-me-jashte\/","title":{"rendered":"Dega e Marr\u00ebdh\u00ebnieve me Jasht\u00eb"},"content":{"rendered":"<p class=\"rtejustify\">Pjes\u00eb p\u00ebrb\u00ebr\u00ebse e administrat\u00ebs s\u00eb Universitetit \u201cFan S. Noli\u201d t\u00eb Kor\u00e7\u00ebs \u00ebsht\u00eb dhe Dega e Marr\u00ebdh\u00ebnieve me Jasht\u00eb. Kjo Deg\u00eb bashk\u00ebvepron me institucione t\u00eb ndryshme brenda dhe jasht\u00eb vendit, si dhe realizon shk\u00ebmbimet e informacionit midis unversiteteve.<\/p>\n<p><strong>FUNKSIONI I DEG\u00cbS S\u00cb MARR\u00cbDH\u00cbNIEVE ME JASHT\u00cb<\/strong><\/p>\n<p class=\"rtejustify\">Nd\u00ebr detyrat kryesore t\u00eb k\u00ebsaj Dege \u00ebsht\u00eb koordinimi i programeve ku \u00ebsht\u00eb p\u00ebrfshir\u00eb universiteti yn\u00eb, si dhe realizimi i lidhjeve nd\u00ebruniversitare q\u00eb p\u00ebrfundojn\u00eb me n\u00ebnshkrimin e marr\u00ebveshjeve dypal\u00ebshe dhe shum\u00ebpal\u00ebshe.<\/p>\n<p class=\"rtejustify\">N\u00eb k\u00ebt\u00eb kuad\u00ebr, Universiteti i Kor\u00e7\u00ebs \u201cFan S. Noli\u201d ka krijuar lidhje t\u00eb ngushta bashk\u00ebpunimi me universitete, institucione dhe organizata t\u00eb ndryshme. Ai \u00ebsht\u00eb pjes\u00eb e nj\u00eb s\u00ebr\u00eb marr\u00ebveshjesh dhe projektesh bashk\u00ebpunimi.<\/p>\n<p class=\"rtejustify\">K\u00ebshtu, Universiteti \u201cFan S. Noli\u201d ka lidhje t\u00eb ngushta bashk\u00ebpunimi me t\u00eb gjitha universitetet e tjera t\u00eb vendit, si dhe ka n\u00ebnshkruar protokolle bashk\u00ebpunimi me shum\u00eb universitete t\u00eb huaja.<\/p>\n<p>&nbsp;<\/p>\n<p>P\u00ebr m\u00eb shum\u00eb informacion mund t\u00eb kontaktoni me:<\/p>\n<p>&nbsp;<strong>Ardian Cerava <\/strong>&#8211; p\u00ebrgjegj\u00ebsi i deg\u00ebs<\/p>\n<p>&nbsp;e-mail: acerava@unkorce.edu.al<\/p>\n<p>&nbsp;<\/p>\n<p>&nbsp;<strong>Evis kapurani<\/strong>&nbsp;&#8211; specialiste<\/p>\n<p>e-mail: eviskapurani@yahoo.com<\/p>\n<p>&nbsp;<\/p>\n<p>&nbsp;<\/p>","protected":false},"excerpt":{"rendered":"<p>Pjes\u00eb p\u00ebrb\u00ebr\u00ebse e administrat\u00ebs s\u00eb Universitetit \u201cFan S. Noli\u201d t\u00eb Kor\u00e7\u00ebs \u00ebsht\u00eb dhe Dega e Marr\u00ebdh\u00ebnieve me Jasht\u00eb. Kjo Deg\u00eb bashk\u00ebvepron me institucione t\u00eb ndryshme brenda dhe jasht\u00eb vendit, si dhe realizon shk\u00ebmbimet e informacionit midis unversiteteve. FUNKSIONI I DEG\u00cbS S\u00cb MARR\u00cbDH\u00cbNIEVE ME JASHT\u00cb Nd\u00ebr detyrat kryesore t\u00eb k\u00ebsaj Dege \u00ebsht\u00eb koordinimi i programeve ku&#8230;<\/p>","protected":false},"author":122,"featured_media":0,"parent":0,"menu_order":0,"comment_status":"closed","ping_status":"closed","template":"","meta":{"_acf_changed":false,"footnotes":""},"class_list":["post-8035","page","type-page","status-publish","hentry"],"acf":[],"yoast_head":"<!-- This site is optimized with the Yoast SEO plugin v26.9 - https:\/\/yoast.com\/product\/yoast-seo-wordpress\/ -->\n<title>Dega e Marr\u00ebdh\u00ebnieve me Jasht\u00eb - Universiteti &quot;Fan S. Noli&quot;, Kor\u00e7\u00eb<\/title>\n<meta name=\"robots\" content=\"index, follow, max-snippet:-1, max-image-preview:large, max-video-preview:-1\" \/>\n<link rel=\"canonical\" href=\"https:\/\/unkorce.edu.al\/en\/dega-e-marredhenieve-me-jashte\/\" \/>\n<meta property=\"og:locale\" content=\"en_US\" \/>\n<meta property=\"og:type\" content=\"article\" \/>\n<meta property=\"og:title\" content=\"Dega e Marr\u00ebdh\u00ebnieve me Jasht\u00eb - Universiteti &quot;Fan S. Noli&quot;, Kor\u00e7\u00eb\" \/>\n<meta property=\"og:description\" content=\"Pjes\u00eb p\u00ebrb\u00ebr\u00ebse e administrat\u00ebs s\u00eb Universitetit \u201cFan S. Noli\u201d t\u00eb Kor\u00e7\u00ebs \u00ebsht\u00eb dhe Dega e Marr\u00ebdh\u00ebnieve me Jasht\u00eb. Kjo Deg\u00eb bashk\u00ebvepron me institucione t\u00eb ndryshme brenda dhe jasht\u00eb vendit, si dhe realizon shk\u00ebmbimet e informacionit midis unversiteteve. FUNKSIONI I DEG\u00cbS S\u00cb MARR\u00cbDH\u00cbNIEVE ME JASHT\u00cb Nd\u00ebr detyrat kryesore t\u00eb k\u00ebsaj Dege \u00ebsht\u00eb koordinimi i programeve ku...\" \/>\n<meta property=\"og:url\" content=\"https:\/\/unkorce.edu.al\/en\/dega-e-marredhenieve-me-jashte\/\" \/>\n<meta property=\"og:site_name\" content=\"Universiteti &quot;Fan S. Noli&quot;, Kor\u00e7\u00eb\" \/>\n<meta property=\"article:publisher\" content=\"https:\/\/www.facebook.com\/unkorce\" \/>\n<meta name=\"twitter:card\" content=\"summary_large_image\" \/>\n<meta name=\"twitter:label1\" content=\"Est. reading time\" \/>\n\t<meta name=\"twitter:data1\" content=\"1 minute\" \/>\n<script type=\"application\/ld+json\" class=\"yoast-schema-graph\">{\"@context\":\"https:\/\/schema.org\",\"@graph\":[{\"@type\":\"WebPage\",\"@id\":\"https:\/\/unkorce.edu.al\/dega-e-marredhenieve-me-jashte\/\",\"url\":\"https:\/\/unkorce.edu.al\/dega-e-marredhenieve-me-jashte\/\",\"name\":\"Dega e Marr\u00ebdh\u00ebnieve me Jasht\u00eb - Universiteti \\\"Fan S. Noli\\\", Kor\u00e7\u00eb\",\"isPartOf\":{\"@id\":\"https:\/\/unkorce.edu.al\/#website\"},\"datePublished\":\"2016-07-27T09:06:04+00:00\",\"breadcrumb\":{\"@id\":\"https:\/\/unkorce.edu.al\/dega-e-marredhenieve-me-jashte\/#breadcrumb\"},\"inLanguage\":\"en-US\",\"potentialAction\":[{\"@type\":\"ReadAction\",\"target\":[\"https:\/\/unkorce.edu.al\/dega-e-marredhenieve-me-jashte\/\"]}]},{\"@type\":\"BreadcrumbList\",\"@id\":\"https:\/\/unkorce.edu.al\/dega-e-marredhenieve-me-jashte\/#breadcrumb\",\"itemListElement\":[{\"@type\":\"ListItem\",\"position\":1,\"name\":\"Home\",\"item\":\"https:\/\/unkorce.edu.al\/\"},{\"@type\":\"ListItem\",\"position\":2,\"name\":\"Dega e Marr\u00ebdh\u00ebnieve me Jasht\u00eb\"}]},{\"@type\":\"WebSite\",\"@id\":\"https:\/\/unkorce.edu.al\/#website\",\"url\":\"https:\/\/unkorce.edu.al\/\",\"name\":\"Universiteti \\\"Fan S. Noli\\\", Kor\u00e7\u00eb\",\"description\":\"Mir&euml;sevini n&euml; faqen zyrtare!\",\"publisher\":{\"@id\":\"https:\/\/unkorce.edu.al\/#organization\"},\"potentialAction\":[{\"@type\":\"SearchAction\",\"target\":{\"@type\":\"EntryPoint\",\"urlTemplate\":\"https:\/\/unkorce.edu.al\/?s={search_term_string}\"},\"query-input\":{\"@type\":\"PropertyValueSpecification\",\"valueRequired\":true,\"valueName\":\"search_term_string\"}}],\"inLanguage\":\"en-US\"},{\"@type\":\"Organization\",\"@id\":\"https:\/\/unkorce.edu.al\/#organization\",\"name\":\"Universiteti \\\"Fan S. Noli\\\", Kor\u00e7\u00eb\",\"url\":\"https:\/\/unkorce.edu.al\/\",\"logo\":{\"@type\":\"ImageObject\",\"inLanguage\":\"en-US\",\"@id\":\"https:\/\/unkorce.edu.al\/#\/schema\/logo\/image\/\",\"url\":\"https:\/\/unkorce.edu.al\/wp-content\/uploads\/2024\/08\/Logo_e_Universitetit__Fan_Noli_-e1726660879862.png\",\"contentUrl\":\"https:\/\/unkorce.edu.al\/wp-content\/uploads\/2024\/08\/Logo_e_Universitetit__Fan_Noli_-e1726660879862.png\",\"width\":200,\"height\":120,\"caption\":\"Universiteti \\\"Fan S. Noli\\\", Kor\u00e7\u00eb\"},\"image\":{\"@id\":\"https:\/\/unkorce.edu.al\/#\/schema\/logo\/image\/\"},\"sameAs\":[\"https:\/\/www.facebook.com\/unkorce\"]}]}<\/script>\n<!-- \/ Yoast SEO plugin. -->","yoast_head_json":{"title":"Dega e Marr\u00ebdh\u00ebnieve me Jasht\u00eb - Universiteti \"Fan S. Noli\", Kor\u00e7\u00eb","robots":{"index":"index","follow":"follow","max-snippet":"max-snippet:-1","max-image-preview":"max-image-preview:large","max-video-preview":"max-video-preview:-1"},"canonical":"https:\/\/unkorce.edu.al\/en\/dega-e-marredhenieve-me-jashte\/","og_locale":"en_US","og_type":"article","og_title":"Dega e Marr\u00ebdh\u00ebnieve me Jasht\u00eb - Universiteti \"Fan S. Noli\", Kor\u00e7\u00eb","og_description":"Pjes\u00eb p\u00ebrb\u00ebr\u00ebse e administrat\u00ebs s\u00eb Universitetit \u201cFan S. Noli\u201d t\u00eb Kor\u00e7\u00ebs \u00ebsht\u00eb dhe Dega e Marr\u00ebdh\u00ebnieve me Jasht\u00eb. Kjo Deg\u00eb bashk\u00ebvepron me institucione t\u00eb ndryshme brenda dhe jasht\u00eb vendit, si dhe realizon shk\u00ebmbimet e informacionit midis unversiteteve. FUNKSIONI I DEG\u00cbS S\u00cb MARR\u00cbDH\u00cbNIEVE ME JASHT\u00cb Nd\u00ebr detyrat kryesore t\u00eb k\u00ebsaj Dege \u00ebsht\u00eb koordinimi i programeve ku...","og_url":"https:\/\/unkorce.edu.al\/en\/dega-e-marredhenieve-me-jashte\/","og_site_name":"Universiteti \"Fan S. Noli\", Kor\u00e7\u00eb","article_publisher":"https:\/\/www.facebook.com\/unkorce","twitter_card":"summary_large_image","twitter_misc":{"Est. reading time":"1 minute"},"schema":{"@context":"https:\/\/schema.org","@graph":[{"@type":"WebPage","@id":"https:\/\/unkorce.edu.al\/dega-e-marredhenieve-me-jashte\/","url":"https:\/\/unkorce.edu.al\/dega-e-marredhenieve-me-jashte\/","name":"Dega e Marr\u00ebdh\u00ebnieve me Jasht\u00eb - Universiteti \"Fan S. Noli\", Kor\u00e7\u00eb","isPartOf":{"@id":"https:\/\/unkorce.edu.al\/#website"},"datePublished":"2016-07-27T09:06:04+00:00","breadcrumb":{"@id":"https:\/\/unkorce.edu.al\/dega-e-marredhenieve-me-jashte\/#breadcrumb"},"inLanguage":"en-US","potentialAction":[{"@type":"ReadAction","target":["https:\/\/unkorce.edu.al\/dega-e-marredhenieve-me-jashte\/"]}]},{"@type":"BreadcrumbList","@id":"https:\/\/unkorce.edu.al\/dega-e-marredhenieve-me-jashte\/#breadcrumb","itemListElement":[{"@type":"ListItem","position":1,"name":"Home","item":"https:\/\/unkorce.edu.al\/"},{"@type":"ListItem","position":2,"name":"Dega e Marr\u00ebdh\u00ebnieve me Jasht\u00eb"}]},{"@type":"WebSite","@id":"https:\/\/unkorce.edu.al\/#website","url":"https:\/\/unkorce.edu.al\/","name":"Universiteti \"Fan S. Noli\", Kor\u00e7\u00eb","description":"Mir&euml;sevini n&euml; faqen zyrtare!","publisher":{"@id":"https:\/\/unkorce.edu.al\/#organization"},"potentialAction":[{"@type":"SearchAction","target":{"@type":"EntryPoint","urlTemplate":"https:\/\/unkorce.edu.al\/?s={search_term_string}"},"query-input":{"@type":"PropertyValueSpecification","valueRequired":true,"valueName":"search_term_string"}}],"inLanguage":"en-US"},{"@type":"Organization","@id":"https:\/\/unkorce.edu.al\/#organization","name":"Universiteti \"Fan S. Noli\", Kor\u00e7\u00eb","url":"https:\/\/unkorce.edu.al\/","logo":{"@type":"ImageObject","inLanguage":"en-US","@id":"https:\/\/unkorce.edu.al\/#\/schema\/logo\/image\/","url":"https:\/\/unkorce.edu.al\/wp-content\/uploads\/2024\/08\/Logo_e_Universitetit__Fan_Noli_-e1726660879862.png","contentUrl":"https:\/\/unkorce.edu.al\/wp-content\/uploads\/2024\/08\/Logo_e_Universitetit__Fan_Noli_-e1726660879862.png","width":200,"height":120,"caption":"Universiteti \"Fan S. Noli\", Kor\u00e7\u00eb"},"image":{"@id":"https:\/\/unkorce.edu.al\/#\/schema\/logo\/image\/"},"sameAs":["https:\/\/www.facebook.com\/unkorce"]}]}},"_links":{"self":[{"href":"https:\/\/unkorce.edu.al\/en\/wp-json\/wp\/v2\/pages\/8035","targetHints":{"allow":["GET"]}}],"collection":[{"href":"https:\/\/unkorce.edu.al\/en\/wp-json\/wp\/v2\/pages"}],"about":[{"href":"https:\/\/unkorce.edu.al\/en\/wp-json\/wp\/v2\/types\/page"}],"author":[{"embeddable":true,"href":"https:\/\/unkorce.edu.al\/en\/wp-json\/wp\/v2\/users\/122"}],"replies":[{"embeddable":true,"href":"https:\/\/unkorce.edu.al\/en\/wp-json\/wp\/v2\/comments?post=8035"}],"version-history":[{"count":0,"href":"https:\/\/unkorce.edu.al\/en\/wp-json\/wp\/v2\/pages\/8035\/revisions"}],"wp:attachment":[{"href":"https:\/\/unkorce.edu.al\/en\/wp-json\/wp\/v2\/media?parent=8035"}],"curies":[{"name":"wp","href":"https:\/\/api.w.org\/{rel}","templated":true}]}}