{"id":8032,"date":"2016-07-27T09:06:04","date_gmt":"2016-07-27T09:06:04","guid":{"rendered":"\/infrastruktura-biblioteka-dhe-laboratoret-ne-feko\/"},"modified":"2016-07-27T09:06:04","modified_gmt":"2016-07-27T09:06:04","slug":"infrastruktura-biblioteka-dhe-laboratoret-ne-feko","status":"publish","type":"page","link":"https:\/\/unkorce.edu.al\/en\/infrastruktura-biblioteka-dhe-laboratoret-ne-feko\/","title":{"rendered":"Infrastruktura &#8211; Biblioteka dhe Laboratoret ne FEKO"},"content":{"rendered":"<p class=\"rtejustify\">N\u00eb k\u00ebt\u00eb godin\u00eb aktualisht ndodhen zyrat e Rektoratit si dhe stafit administrative. Fakulteti i Ekonomis\u00eb ofron hap\u00ebsira bashk\u00ebkohore p\u00ebr m\u00ebsimdh\u00ebnie. Ky fakultet ka n\u00eb dispozicion 22 salla leksionesh dhe seminaresh t\u00eb pajisura me videoprojektor\u00eb, 3 laborator\u00eb kompjuteri si dhe &nbsp;<\/p>\n<ul>\n<li class=\"rtejustify\">Laboratori i kompjuterizimit financiar, i cili p\u00ebrdoret si laborator didaktik, set 30 kompjutera<\/li>\n<li class=\"rtejustify\">Laboratori i Hoteleri -Turizmit q\u00eb funksionon si laborator didaktik dhe p\u00ebr pun\u00eb k\u00ebrkimore, ku n\u00ebp\u00ebrmjet p\u00ebrdorimit t\u00eb softwareve realizohet kryerja e or\u00ebve praktike.<\/li>\n<\/ul>\n<p class=\"rtejustify\">Biblioteka e Fakultetit t\u00eb Ekonomis\u00eb ofron nj\u00eb fond librash prej rreth 4100 titujsh, mbi 90% e t\u00eb cil\u00ebve n\u00eb gjuh\u00eb t\u00eb huaj, si dhe rreth 10 tituj periodik\u00ebsh.<\/p>","protected":false},"excerpt":{"rendered":"<p>N\u00eb k\u00ebt\u00eb godin\u00eb aktualisht ndodhen zyrat e Rektoratit si dhe stafit administrative. Fakulteti i Ekonomis\u00eb ofron hap\u00ebsira bashk\u00ebkohore p\u00ebr m\u00ebsimdh\u00ebnie. Ky fakultet ka n\u00eb dispozicion 22 salla leksionesh dhe seminaresh t\u00eb pajisura me videoprojektor\u00eb, 3 laborator\u00eb kompjuteri si dhe &nbsp; Laboratori i kompjuterizimit financiar, i cili p\u00ebrdoret si laborator didaktik, set 30 kompjutera Laboratori i&#8230;<\/p>","protected":false},"author":122,"featured_media":0,"parent":0,"menu_order":0,"comment_status":"closed","ping_status":"closed","template":"","meta":{"_acf_changed":false,"footnotes":""},"class_list":["post-8032","page","type-page","status-publish","hentry"],"acf":[],"yoast_head":"<!-- This site is optimized with the Yoast SEO plugin v26.9 - https:\/\/yoast.com\/product\/yoast-seo-wordpress\/ -->\n<title>Infrastruktura - Biblioteka dhe Laboratoret ne FEKO - Universiteti &quot;Fan S. Noli&quot;, Kor\u00e7\u00eb<\/title>\n<meta name=\"robots\" content=\"index, follow, max-snippet:-1, max-image-preview:large, max-video-preview:-1\" \/>\n<link rel=\"canonical\" href=\"https:\/\/unkorce.edu.al\/en\/infrastruktura-biblioteka-dhe-laboratoret-ne-feko\/\" \/>\n<meta property=\"og:locale\" content=\"en_US\" \/>\n<meta property=\"og:type\" content=\"article\" \/>\n<meta property=\"og:title\" content=\"Infrastruktura - Biblioteka dhe Laboratoret ne FEKO - Universiteti &quot;Fan S. Noli&quot;, Kor\u00e7\u00eb\" \/>\n<meta property=\"og:description\" content=\"N\u00eb k\u00ebt\u00eb godin\u00eb aktualisht ndodhen zyrat e Rektoratit si dhe stafit administrative. Fakulteti i Ekonomis\u00eb ofron hap\u00ebsira bashk\u00ebkohore p\u00ebr m\u00ebsimdh\u00ebnie. Ky fakultet ka n\u00eb dispozicion 22 salla leksionesh dhe seminaresh t\u00eb pajisura me videoprojektor\u00eb, 3 laborator\u00eb kompjuteri si dhe &nbsp; Laboratori i kompjuterizimit financiar, i cili p\u00ebrdoret si laborator didaktik, set 30 kompjutera Laboratori i...\" \/>\n<meta property=\"og:url\" content=\"https:\/\/unkorce.edu.al\/en\/infrastruktura-biblioteka-dhe-laboratoret-ne-feko\/\" \/>\n<meta property=\"og:site_name\" content=\"Universiteti &quot;Fan S. Noli&quot;, Kor\u00e7\u00eb\" \/>\n<meta property=\"article:publisher\" content=\"https:\/\/www.facebook.com\/unkorce\" \/>\n<meta name=\"twitter:card\" content=\"summary_large_image\" \/>\n<meta name=\"twitter:label1\" content=\"Est. reading time\" \/>\n\t<meta name=\"twitter:data1\" content=\"1 minute\" \/>\n<script type=\"application\/ld+json\" class=\"yoast-schema-graph\">{\"@context\":\"https:\/\/schema.org\",\"@graph\":[{\"@type\":\"WebPage\",\"@id\":\"https:\/\/unkorce.edu.al\/infrastruktura-biblioteka-dhe-laboratoret-ne-feko\/\",\"url\":\"https:\/\/unkorce.edu.al\/infrastruktura-biblioteka-dhe-laboratoret-ne-feko\/\",\"name\":\"Infrastruktura - Biblioteka dhe Laboratoret ne FEKO - Universiteti \\\"Fan S. Noli\\\", Kor\u00e7\u00eb\",\"isPartOf\":{\"@id\":\"https:\/\/unkorce.edu.al\/#website\"},\"datePublished\":\"2016-07-27T09:06:04+00:00\",\"breadcrumb\":{\"@id\":\"https:\/\/unkorce.edu.al\/infrastruktura-biblioteka-dhe-laboratoret-ne-feko\/#breadcrumb\"},\"inLanguage\":\"en-US\",\"potentialAction\":[{\"@type\":\"ReadAction\",\"target\":[\"https:\/\/unkorce.edu.al\/infrastruktura-biblioteka-dhe-laboratoret-ne-feko\/\"]}]},{\"@type\":\"BreadcrumbList\",\"@id\":\"https:\/\/unkorce.edu.al\/infrastruktura-biblioteka-dhe-laboratoret-ne-feko\/#breadcrumb\",\"itemListElement\":[{\"@type\":\"ListItem\",\"position\":1,\"name\":\"Home\",\"item\":\"https:\/\/unkorce.edu.al\/\"},{\"@type\":\"ListItem\",\"position\":2,\"name\":\"Infrastruktura &#8211; Biblioteka dhe Laboratoret ne FEKO\"}]},{\"@type\":\"WebSite\",\"@id\":\"https:\/\/unkorce.edu.al\/#website\",\"url\":\"https:\/\/unkorce.edu.al\/\",\"name\":\"Universiteti \\\"Fan S. Noli\\\", Kor\u00e7\u00eb\",\"description\":\"Mir&euml;sevini n&euml; faqen zyrtare!\",\"publisher\":{\"@id\":\"https:\/\/unkorce.edu.al\/#organization\"},\"potentialAction\":[{\"@type\":\"SearchAction\",\"target\":{\"@type\":\"EntryPoint\",\"urlTemplate\":\"https:\/\/unkorce.edu.al\/?s={search_term_string}\"},\"query-input\":{\"@type\":\"PropertyValueSpecification\",\"valueRequired\":true,\"valueName\":\"search_term_string\"}}],\"inLanguage\":\"en-US\"},{\"@type\":\"Organization\",\"@id\":\"https:\/\/unkorce.edu.al\/#organization\",\"name\":\"Universiteti \\\"Fan S. Noli\\\", Kor\u00e7\u00eb\",\"url\":\"https:\/\/unkorce.edu.al\/\",\"logo\":{\"@type\":\"ImageObject\",\"inLanguage\":\"en-US\",\"@id\":\"https:\/\/unkorce.edu.al\/#\/schema\/logo\/image\/\",\"url\":\"https:\/\/unkorce.edu.al\/wp-content\/uploads\/2024\/08\/Logo_e_Universitetit__Fan_Noli_-e1726660879862.png\",\"contentUrl\":\"https:\/\/unkorce.edu.al\/wp-content\/uploads\/2024\/08\/Logo_e_Universitetit__Fan_Noli_-e1726660879862.png\",\"width\":200,\"height\":120,\"caption\":\"Universiteti \\\"Fan S. Noli\\\", Kor\u00e7\u00eb\"},\"image\":{\"@id\":\"https:\/\/unkorce.edu.al\/#\/schema\/logo\/image\/\"},\"sameAs\":[\"https:\/\/www.facebook.com\/unkorce\"]}]}<\/script>\n<!-- \/ Yoast SEO plugin. -->","yoast_head_json":{"title":"Infrastruktura - Biblioteka dhe Laboratoret ne FEKO - Universiteti \"Fan S. Noli\", Kor\u00e7\u00eb","robots":{"index":"index","follow":"follow","max-snippet":"max-snippet:-1","max-image-preview":"max-image-preview:large","max-video-preview":"max-video-preview:-1"},"canonical":"https:\/\/unkorce.edu.al\/en\/infrastruktura-biblioteka-dhe-laboratoret-ne-feko\/","og_locale":"en_US","og_type":"article","og_title":"Infrastruktura - Biblioteka dhe Laboratoret ne FEKO - Universiteti \"Fan S. Noli\", Kor\u00e7\u00eb","og_description":"N\u00eb k\u00ebt\u00eb godin\u00eb aktualisht ndodhen zyrat e Rektoratit si dhe stafit administrative. Fakulteti i Ekonomis\u00eb ofron hap\u00ebsira bashk\u00ebkohore p\u00ebr m\u00ebsimdh\u00ebnie. Ky fakultet ka n\u00eb dispozicion 22 salla leksionesh dhe seminaresh t\u00eb pajisura me videoprojektor\u00eb, 3 laborator\u00eb kompjuteri si dhe &nbsp; Laboratori i kompjuterizimit financiar, i cili p\u00ebrdoret si laborator didaktik, set 30 kompjutera Laboratori i...","og_url":"https:\/\/unkorce.edu.al\/en\/infrastruktura-biblioteka-dhe-laboratoret-ne-feko\/","og_site_name":"Universiteti \"Fan S. Noli\", Kor\u00e7\u00eb","article_publisher":"https:\/\/www.facebook.com\/unkorce","twitter_card":"summary_large_image","twitter_misc":{"Est. reading time":"1 minute"},"schema":{"@context":"https:\/\/schema.org","@graph":[{"@type":"WebPage","@id":"https:\/\/unkorce.edu.al\/infrastruktura-biblioteka-dhe-laboratoret-ne-feko\/","url":"https:\/\/unkorce.edu.al\/infrastruktura-biblioteka-dhe-laboratoret-ne-feko\/","name":"Infrastruktura - Biblioteka dhe Laboratoret ne FEKO - Universiteti \"Fan S. Noli\", Kor\u00e7\u00eb","isPartOf":{"@id":"https:\/\/unkorce.edu.al\/#website"},"datePublished":"2016-07-27T09:06:04+00:00","breadcrumb":{"@id":"https:\/\/unkorce.edu.al\/infrastruktura-biblioteka-dhe-laboratoret-ne-feko\/#breadcrumb"},"inLanguage":"en-US","potentialAction":[{"@type":"ReadAction","target":["https:\/\/unkorce.edu.al\/infrastruktura-biblioteka-dhe-laboratoret-ne-feko\/"]}]},{"@type":"BreadcrumbList","@id":"https:\/\/unkorce.edu.al\/infrastruktura-biblioteka-dhe-laboratoret-ne-feko\/#breadcrumb","itemListElement":[{"@type":"ListItem","position":1,"name":"Home","item":"https:\/\/unkorce.edu.al\/"},{"@type":"ListItem","position":2,"name":"Infrastruktura &#8211; Biblioteka dhe Laboratoret ne FEKO"}]},{"@type":"WebSite","@id":"https:\/\/unkorce.edu.al\/#website","url":"https:\/\/unkorce.edu.al\/","name":"Universiteti \"Fan S. Noli\", Kor\u00e7\u00eb","description":"Mir&euml;sevini n&euml; faqen zyrtare!","publisher":{"@id":"https:\/\/unkorce.edu.al\/#organization"},"potentialAction":[{"@type":"SearchAction","target":{"@type":"EntryPoint","urlTemplate":"https:\/\/unkorce.edu.al\/?s={search_term_string}"},"query-input":{"@type":"PropertyValueSpecification","valueRequired":true,"valueName":"search_term_string"}}],"inLanguage":"en-US"},{"@type":"Organization","@id":"https:\/\/unkorce.edu.al\/#organization","name":"Universiteti \"Fan S. Noli\", Kor\u00e7\u00eb","url":"https:\/\/unkorce.edu.al\/","logo":{"@type":"ImageObject","inLanguage":"en-US","@id":"https:\/\/unkorce.edu.al\/#\/schema\/logo\/image\/","url":"https:\/\/unkorce.edu.al\/wp-content\/uploads\/2024\/08\/Logo_e_Universitetit__Fan_Noli_-e1726660879862.png","contentUrl":"https:\/\/unkorce.edu.al\/wp-content\/uploads\/2024\/08\/Logo_e_Universitetit__Fan_Noli_-e1726660879862.png","width":200,"height":120,"caption":"Universiteti \"Fan S. Noli\", Kor\u00e7\u00eb"},"image":{"@id":"https:\/\/unkorce.edu.al\/#\/schema\/logo\/image\/"},"sameAs":["https:\/\/www.facebook.com\/unkorce"]}]}},"_links":{"self":[{"href":"https:\/\/unkorce.edu.al\/en\/wp-json\/wp\/v2\/pages\/8032","targetHints":{"allow":["GET"]}}],"collection":[{"href":"https:\/\/unkorce.edu.al\/en\/wp-json\/wp\/v2\/pages"}],"about":[{"href":"https:\/\/unkorce.edu.al\/en\/wp-json\/wp\/v2\/types\/page"}],"author":[{"embeddable":true,"href":"https:\/\/unkorce.edu.al\/en\/wp-json\/wp\/v2\/users\/122"}],"replies":[{"embeddable":true,"href":"https:\/\/unkorce.edu.al\/en\/wp-json\/wp\/v2\/comments?post=8032"}],"version-history":[{"count":0,"href":"https:\/\/unkorce.edu.al\/en\/wp-json\/wp\/v2\/pages\/8032\/revisions"}],"wp:attachment":[{"href":"https:\/\/unkorce.edu.al\/en\/wp-json\/wp\/v2\/media?parent=8032"}],"curies":[{"name":"wp","href":"https:\/\/api.w.org\/{rel}","templated":true}]}}