{"id":8006,"date":"2016-07-27T09:05:42","date_gmt":"2016-07-27T09:05:42","guid":{"rendered":"\/departamenti-i-edukimit\/"},"modified":"2016-07-27T09:05:42","modified_gmt":"2016-07-27T09:05:42","slug":"departamenti-i-edukimit","status":"publish","type":"page","link":"https:\/\/unkorce.edu.al\/en\/departamenti-i-edukimit\/","title":{"rendered":"DEPARTMENT OF EDUCATION"},"content":{"rendered":"<div style=\"background-color:#1A6EB3;color:#fff;padding:8px;padding-top:15px;padding-bottom:15px;border-bottom:px solid #104774;border-left:10px solid #104774;font-weight:bold;font-family: Georgia, serif;\"><img decoding=\"async\" alt=\"\" src=\"\/sites\/default\/files\/styles\/features\/public\/field\/image\/fak_edukimit.png?itok=gKNxeLeG\" style=\"float:right; height:88px; width:219px\" \/> DEPARTMENT OF EDUCATION<\/div>\n<p><span style=\"font-size:16px\"><strong><u>Prof. as. dr. Irena Nikaj<\/u>&nbsp; (P\u00ebrgjegj\u00ebs departamenti) (<a href=\"\/en\/sites\/default\/files\/Irena%20Nikaj.pdf\/\">CV<\/a>)<\/strong><\/span><\/p>\n<p><span style=\"font-size:16px\"><strong>Prof. as. dr. Aleksandra Piluri&nbsp;<\/strong><\/span><strong>(<a href=\"\/en\/sites\/default\/files\/30.%20Aleksandra%20Piluri%20%281%29%20%281%29.pdf\/\">CV<\/a>)<\/strong><\/p>\n<p><span style=\"font-size:16px\"><strong>Doc. Dr. &nbsp;Donika Dardha&nbsp;<\/strong><\/span><strong>(<a href=\"\/en\/sites\/default\/files\/31.%20Donika%20Dardha%20%281%29.pdf\/\">CV<\/a>)<\/strong><\/p>\n<p><span style=\"font-size:16px\"><strong>Doc. Marjela Burda&nbsp;<\/strong><\/span><strong>(<a href=\"\/en\/sites\/default\/files\/32.%20cv%202018%20%20Mariela%20Burda.pdf\/\">CV<\/a>)<\/strong><\/p>\n<p><span style=\"font-size:16px\"><strong>Dr. Evionda Pylli&nbsp;<\/strong><\/span><strong>(<a href=\"\/en\/sites\/default\/files\/36.%20Evjonda%20Pylli%20%281%29.pdf\/\">CV<\/a>)<\/strong><\/p>\n<p><span style=\"font-size:16px\"><strong>Dr. Albina Pajo&nbsp;<\/strong><\/span><strong>(<a href=\"\/en\/sites\/default\/files\/33.%20Albina%20Pajo%20%281%29.pdf\/\">CV<\/a>)<\/strong><\/p>\n<p><span style=\"font-size:16px\"><strong>Msc. Anjeza Vila&nbsp;<\/strong><\/span><strong>(<a href=\"\/en\/sites\/default\/files\/CV%20akademike%20viti%202018%20A.%20%20Vila.pdf\/\">CV<\/a>)<\/strong><\/p>\n<p><span style=\"font-size:16px\"><strong>Msc. Arjan Kamburi&nbsp;<\/strong><\/span><strong>(<a href=\"\/en\/sites\/default\/files\/CV%20Arjan%20Kamburi%20akademike.pdf\/\">CV<\/a>)<\/strong><\/p>\n<p><span style=\"font-size:16px\"><strong>PhD. Ilia Bello&nbsp;<\/strong><\/span><strong>(<a href=\"\/en\/sites\/default\/files\/CV.%20Ilia%20Bello%202018.pdf\/\">CV<\/a>)<\/strong><\/p>\n<p><span style=\"font-size:16px\"><strong>Msc. Riollza Agolli&nbsp;<\/strong><\/span><strong>(<a href=\"\/en\/sites\/default\/files\/CV%20Rriollza%20Agolli%202018.pdf\/\">CV<\/a>)<\/strong><\/p>","protected":false},"excerpt":{"rendered":"<p>DEPARTAMENTI I EDUKIMIT Prof. as. dr. Irena Nikaj&nbsp; (P\u00ebrgjegj\u00ebs departamenti) (CV) Prof. as. dr. Aleksandra Piluri&nbsp;(CV) Doc. Dr. &nbsp;Donika Dardha&nbsp;(CV) Doc. Marjela Burda&nbsp;(CV) Dr. Evionda Pylli&nbsp;(CV) Dr. Albina Pajo&nbsp;(CV) Msc. Anjeza Vila&nbsp;(CV) Msc. Arjan Kamburi&nbsp;(CV) PhD. Ilia Bello&nbsp;(CV) Msc. Riollza Agolli&nbsp;(CV)<\/p>","protected":false},"author":122,"featured_media":0,"parent":0,"menu_order":0,"comment_status":"closed","ping_status":"closed","template":"","meta":{"_acf_changed":false,"footnotes":""},"class_list":["post-8006","page","type-page","status-publish","hentry"],"acf":[],"yoast_head":"<!-- This site is optimized with the Yoast SEO plugin v26.9 - https:\/\/yoast.com\/product\/yoast-seo-wordpress\/ -->\n<title>DEPARTAMENTI I EDUKIMIT - Universiteti &quot;Fan S. Noli&quot;, Kor\u00e7\u00eb<\/title>\n<meta name=\"robots\" content=\"index, follow, max-snippet:-1, max-image-preview:large, max-video-preview:-1\" \/>\n<link rel=\"canonical\" href=\"https:\/\/unkorce.edu.al\/en\/departamenti-i-edukimit\/\" \/>\n<meta property=\"og:locale\" content=\"en_US\" \/>\n<meta property=\"og:type\" content=\"article\" \/>\n<meta property=\"og:title\" content=\"DEPARTAMENTI I EDUKIMIT - Universiteti &quot;Fan S. Noli&quot;, Kor\u00e7\u00eb\" \/>\n<meta property=\"og:description\" content=\"DEPARTAMENTI I EDUKIMIT Prof. as. dr. Irena Nikaj&nbsp; (P\u00ebrgjegj\u00ebs departamenti) (CV) Prof. as. dr. Aleksandra Piluri&nbsp;(CV) Doc. Dr. &nbsp;Donika Dardha&nbsp;(CV) Doc. Marjela Burda&nbsp;(CV) Dr. Evionda Pylli&nbsp;(CV) Dr. Albina Pajo&nbsp;(CV) Msc. Anjeza Vila&nbsp;(CV) Msc. Arjan Kamburi&nbsp;(CV) PhD. Ilia Bello&nbsp;(CV) Msc. Riollza Agolli&nbsp;(CV)\" \/>\n<meta property=\"og:url\" content=\"https:\/\/unkorce.edu.al\/en\/departamenti-i-edukimit\/\" \/>\n<meta property=\"og:site_name\" content=\"Universiteti &quot;Fan S. Noli&quot;, Kor\u00e7\u00eb\" \/>\n<meta property=\"article:publisher\" content=\"https:\/\/www.facebook.com\/unkorce\" \/>\n<meta name=\"twitter:card\" content=\"summary_large_image\" \/>\n<script type=\"application\/ld+json\" class=\"yoast-schema-graph\">{\"@context\":\"https:\/\/schema.org\",\"@graph\":[{\"@type\":\"WebPage\",\"@id\":\"https:\/\/unkorce.edu.al\/departamenti-i-edukimit\/\",\"url\":\"https:\/\/unkorce.edu.al\/departamenti-i-edukimit\/\",\"name\":\"DEPARTAMENTI I EDUKIMIT - Universiteti \\\"Fan S. Noli\\\", Kor\u00e7\u00eb\",\"isPartOf\":{\"@id\":\"https:\/\/unkorce.edu.al\/#website\"},\"datePublished\":\"2016-07-27T09:05:42+00:00\",\"breadcrumb\":{\"@id\":\"https:\/\/unkorce.edu.al\/departamenti-i-edukimit\/#breadcrumb\"},\"inLanguage\":\"en-US\",\"potentialAction\":[{\"@type\":\"ReadAction\",\"target\":[\"https:\/\/unkorce.edu.al\/departamenti-i-edukimit\/\"]}]},{\"@type\":\"BreadcrumbList\",\"@id\":\"https:\/\/unkorce.edu.al\/departamenti-i-edukimit\/#breadcrumb\",\"itemListElement\":[{\"@type\":\"ListItem\",\"position\":1,\"name\":\"Home\",\"item\":\"https:\/\/unkorce.edu.al\/\"},{\"@type\":\"ListItem\",\"position\":2,\"name\":\"DEPARTAMENTI I EDUKIMIT\"}]},{\"@type\":\"WebSite\",\"@id\":\"https:\/\/unkorce.edu.al\/#website\",\"url\":\"https:\/\/unkorce.edu.al\/\",\"name\":\"Universiteti \\\"Fan S. Noli\\\", Kor\u00e7\u00eb\",\"description\":\"Mir&euml;sevini n&euml; faqen zyrtare!\",\"publisher\":{\"@id\":\"https:\/\/unkorce.edu.al\/#organization\"},\"potentialAction\":[{\"@type\":\"SearchAction\",\"target\":{\"@type\":\"EntryPoint\",\"urlTemplate\":\"https:\/\/unkorce.edu.al\/?s={search_term_string}\"},\"query-input\":{\"@type\":\"PropertyValueSpecification\",\"valueRequired\":true,\"valueName\":\"search_term_string\"}}],\"inLanguage\":\"en-US\"},{\"@type\":\"Organization\",\"@id\":\"https:\/\/unkorce.edu.al\/#organization\",\"name\":\"Universiteti \\\"Fan S. Noli\\\", Kor\u00e7\u00eb\",\"url\":\"https:\/\/unkorce.edu.al\/\",\"logo\":{\"@type\":\"ImageObject\",\"inLanguage\":\"en-US\",\"@id\":\"https:\/\/unkorce.edu.al\/#\/schema\/logo\/image\/\",\"url\":\"https:\/\/unkorce.edu.al\/wp-content\/uploads\/2024\/08\/Logo_e_Universitetit__Fan_Noli_-e1726660879862.png\",\"contentUrl\":\"https:\/\/unkorce.edu.al\/wp-content\/uploads\/2024\/08\/Logo_e_Universitetit__Fan_Noli_-e1726660879862.png\",\"width\":200,\"height\":120,\"caption\":\"Universiteti \\\"Fan S. Noli\\\", Kor\u00e7\u00eb\"},\"image\":{\"@id\":\"https:\/\/unkorce.edu.al\/#\/schema\/logo\/image\/\"},\"sameAs\":[\"https:\/\/www.facebook.com\/unkorce\"]}]}<\/script>\n<!-- \/ Yoast SEO plugin. -->","yoast_head_json":{"title":"DEPARTAMENTI I EDUKIMIT - Universiteti \"Fan S. Noli\", Kor\u00e7\u00eb","robots":{"index":"index","follow":"follow","max-snippet":"max-snippet:-1","max-image-preview":"max-image-preview:large","max-video-preview":"max-video-preview:-1"},"canonical":"https:\/\/unkorce.edu.al\/en\/departamenti-i-edukimit\/","og_locale":"en_US","og_type":"article","og_title":"DEPARTAMENTI I EDUKIMIT - Universiteti \"Fan S. Noli\", Kor\u00e7\u00eb","og_description":"DEPARTAMENTI I EDUKIMIT Prof. as. dr. Irena Nikaj&nbsp; (P\u00ebrgjegj\u00ebs departamenti) (CV) Prof. as. dr. Aleksandra Piluri&nbsp;(CV) Doc. Dr. &nbsp;Donika Dardha&nbsp;(CV) Doc. Marjela Burda&nbsp;(CV) Dr. Evionda Pylli&nbsp;(CV) Dr. Albina Pajo&nbsp;(CV) Msc. Anjeza Vila&nbsp;(CV) Msc. Arjan Kamburi&nbsp;(CV) PhD. Ilia Bello&nbsp;(CV) Msc. Riollza Agolli&nbsp;(CV)","og_url":"https:\/\/unkorce.edu.al\/en\/departamenti-i-edukimit\/","og_site_name":"Universiteti \"Fan S. Noli\", Kor\u00e7\u00eb","article_publisher":"https:\/\/www.facebook.com\/unkorce","twitter_card":"summary_large_image","schema":{"@context":"https:\/\/schema.org","@graph":[{"@type":"WebPage","@id":"https:\/\/unkorce.edu.al\/departamenti-i-edukimit\/","url":"https:\/\/unkorce.edu.al\/departamenti-i-edukimit\/","name":"DEPARTAMENTI I EDUKIMIT - Universiteti \"Fan S. Noli\", Kor\u00e7\u00eb","isPartOf":{"@id":"https:\/\/unkorce.edu.al\/#website"},"datePublished":"2016-07-27T09:05:42+00:00","breadcrumb":{"@id":"https:\/\/unkorce.edu.al\/departamenti-i-edukimit\/#breadcrumb"},"inLanguage":"en-US","potentialAction":[{"@type":"ReadAction","target":["https:\/\/unkorce.edu.al\/departamenti-i-edukimit\/"]}]},{"@type":"BreadcrumbList","@id":"https:\/\/unkorce.edu.al\/departamenti-i-edukimit\/#breadcrumb","itemListElement":[{"@type":"ListItem","position":1,"name":"Home","item":"https:\/\/unkorce.edu.al\/"},{"@type":"ListItem","position":2,"name":"DEPARTAMENTI I EDUKIMIT"}]},{"@type":"WebSite","@id":"https:\/\/unkorce.edu.al\/#website","url":"https:\/\/unkorce.edu.al\/","name":"Universiteti \"Fan S. Noli\", Kor\u00e7\u00eb","description":"Mir&euml;sevini n&euml; faqen zyrtare!","publisher":{"@id":"https:\/\/unkorce.edu.al\/#organization"},"potentialAction":[{"@type":"SearchAction","target":{"@type":"EntryPoint","urlTemplate":"https:\/\/unkorce.edu.al\/?s={search_term_string}"},"query-input":{"@type":"PropertyValueSpecification","valueRequired":true,"valueName":"search_term_string"}}],"inLanguage":"en-US"},{"@type":"Organization","@id":"https:\/\/unkorce.edu.al\/#organization","name":"Universiteti \"Fan S. Noli\", Kor\u00e7\u00eb","url":"https:\/\/unkorce.edu.al\/","logo":{"@type":"ImageObject","inLanguage":"en-US","@id":"https:\/\/unkorce.edu.al\/#\/schema\/logo\/image\/","url":"https:\/\/unkorce.edu.al\/wp-content\/uploads\/2024\/08\/Logo_e_Universitetit__Fan_Noli_-e1726660879862.png","contentUrl":"https:\/\/unkorce.edu.al\/wp-content\/uploads\/2024\/08\/Logo_e_Universitetit__Fan_Noli_-e1726660879862.png","width":200,"height":120,"caption":"Universiteti \"Fan S. Noli\", Kor\u00e7\u00eb"},"image":{"@id":"https:\/\/unkorce.edu.al\/#\/schema\/logo\/image\/"},"sameAs":["https:\/\/www.facebook.com\/unkorce"]}]}},"_links":{"self":[{"href":"https:\/\/unkorce.edu.al\/en\/wp-json\/wp\/v2\/pages\/8006","targetHints":{"allow":["GET"]}}],"collection":[{"href":"https:\/\/unkorce.edu.al\/en\/wp-json\/wp\/v2\/pages"}],"about":[{"href":"https:\/\/unkorce.edu.al\/en\/wp-json\/wp\/v2\/types\/page"}],"author":[{"embeddable":true,"href":"https:\/\/unkorce.edu.al\/en\/wp-json\/wp\/v2\/users\/122"}],"replies":[{"embeddable":true,"href":"https:\/\/unkorce.edu.al\/en\/wp-json\/wp\/v2\/comments?post=8006"}],"version-history":[{"count":0,"href":"https:\/\/unkorce.edu.al\/en\/wp-json\/wp\/v2\/pages\/8006\/revisions"}],"wp:attachment":[{"href":"https:\/\/unkorce.edu.al\/en\/wp-json\/wp\/v2\/media?parent=8006"}],"curies":[{"name":"wp","href":"https:\/\/api.w.org\/{rel}","templated":true}]}}