{"id":8001,"date":"2016-07-27T09:05:42","date_gmt":"2016-07-27T09:05:42","guid":{"rendered":"\/studime-te-formimit-te-vazhduar-ne-fakultetin-e-edukimit-dhe-filologjise\/"},"modified":"2016-07-27T09:05:42","modified_gmt":"2016-07-27T09:05:42","slug":"studime-te-formimit-te-vazhduar-ne-fakultetin-e-edukimit-dhe-filologjise","status":"publish","type":"page","link":"https:\/\/unkorce.edu.al\/en\/studime-te-formimit-te-vazhduar-ne-fakultetin-e-edukimit-dhe-filologjise\/","title":{"rendered":"STUDIME T\u00cb FORMIMIT T\u00cb VAZHDUAR N\u00cb FAKULTETIN E EDUKIMIT DHE FILOLOGJIS\u00cb"},"content":{"rendered":"<div style=\"background-color:#1A6EB3;color:#fff;padding:8px;padding-top:15px;padding-bottom:15px;border-bottom:px solid #104774;border-left:10px solid #104774;font-weight:bold;font-family: Georgia, serif;\"><img decoding=\"async\" alt=\"\" src=\"\/sites\/default\/files\/styles\/features\/public\/field\/image\/fak_edukimit.png?itok=gKNxeLeG\" style=\"float:right; height:88px; width:219px\" \/> STUDIME T\u00cb FORMIMIT T\u00cb VAZHDUAR<\/div>\n<p><strong>STUDIME T\u00cb FORMIMIT T\u00cb VAZHDUAR. QENDRA E EKSELENC\u00cbS &#8220;FEF&#8221;<\/strong><\/p>\n<p>Qendra e Ekselenc\u00ebs \u201cFEF\u201d n\u00eb Fakultetin e Edukimit dhe Filologjis\u00eb ka p\u00ebr q\u00ebllim zhvillimin e veprimtarive t\u00eb trajnimit dhe t\u00eb kualifikimit t\u00eb m\u00ebsuesve. Veprimtaria e k\u00ebsaj qendre p\u00ebrqendrohet n\u00eb zhvillimin e shprehive t\u00eb m\u00ebsimdh\u00ebnies dhe inovacionit n\u00eb edukim, n\u00eb m\u00ebnyrat dhe praktikat e zhvillimit profesional t\u00eb m\u00ebsuesve, n\u00eb rikonceptualizimin e partneritetit me shkoll\u00ebn etj.<\/p>\n<p>Ajo \u00ebsht\u00eb institucioni qendror p\u00ebr kualifikimin e personelit pedagogjik n\u00eb shkollat e rajonit t\u00eb Kor\u00e7\u00ebs dhe m\u00eb gjer\u00eb. Qendra e Ekselenc\u00ebs \u201cFEF\u201d siguron nj\u00eb bashk\u00ebpunim t\u00eb vazhduesh\u00ebm me Drejtorin\u00eb Arsimore Rajonale dhe me Zyrat Arsimore n\u00eb rrethe Ajo ofron programe trajnimi n\u00eb rreth 8 profile t\u00eb m\u00ebsuesve n\u00eb sh\u00ebrbim, programe q\u00eb mb\u00ebshtesin dhe sigurojn\u00eb rritjen e cil\u00ebsis\u00eb s\u00eb m\u00ebsimdh\u00ebnies, p\u00ebrsosjes s\u00eb saj, si dhe aplikime t\u00eb risive n\u00eb fush\u00ebn e m\u00ebsimdh\u00ebnies.<\/p>\n<p>Qendra e Ekselenc\u00ebs \u201cFEF\u201d e ka selin\u00eb n\u00eb Fakultetit e Edukimit dhe Filologjis\u00eb (auditori 334, kati i tret\u00eb) dhe ka nj\u00eb infrastruktur\u00eb moderne p\u00ebr kualifikimin e m\u00ebsuesve. Qendra e Ekselenc\u00ebs \u201cFEF\u201d ka nj\u00eb koordinator (p\u00ebrgjegj\u00ebs), pedagog, si dhe lektor\u00eb (pedagog\u00eb t\u00eb kualifikuar dhe me p\u00ebrvoj\u00eb m\u00ebsimdh\u00ebnieje), nga departamentet e Fakultetit t\u00eb Edukimit dhe Filologjis\u00eb, sipas profileve q\u00eb mbulojn\u00eb<\/p>\n<p>Qendra e Ekselenc\u00ebs \u201cFEF\u201d, prej vitit akademik 2013-2014, ka organizuar trajnimin e m\u00ebsuesve n\u00eb sh\u00ebrbim n\u00eb gjasht\u00eb sesione t\u00eb p\u00ebrvitshme n\u00eb gjith\u00eb rajonin e Kor\u00e7\u00ebs, t\u00eb shp\u00ebrndara gjat\u00eb periudh\u00ebs n\u00ebntor &nbsp;\u2013 prill. &nbsp;<\/p>\n<p>P\u00ebr \u00e7do vit m\u00ebsimor qendra harton guid\u00ebn e saj , t\u00eb cil\u00ebn ua d\u00ebrgon t\u00eb gjith\u00eb shkollave t\u00eb qarkut, n\u00eb m\u00ebnyr\u00eb elektronike dhe t\u00eb printuar (broshur\u00eb).<\/p>\n<p>N\u00eb&nbsp; vitin akademik <strong>2013-2014,<\/strong> pran\u00eb k\u00ebsaj qendre u&nbsp; certifikuan <strong>736<\/strong> m\u00ebsues, nd\u00ebrsa p\u00ebr vitin shkollor <strong>2014-2015<\/strong>, u certifikuan <strong>628<\/strong> m\u00ebsues (n\u00eb total <strong>1364<\/strong> m\u00ebsues gjithsej).<\/p>\n<p>&nbsp;Qendra e Ekelenc\u00ebs \u201cFEF\u201d ka nj\u00eb infrastruktur\u00eb t\u00eb p\u00ebrshtatshme p\u00ebr trajnimin e m\u00ebsuesve dhe nj\u00eb bibliotek\u00eb t\u00eb specializuar p\u00ebr k\u00ebt\u00eb q\u00ebllim me <strong>210 <\/strong>tituj&nbsp;me rreth <strong>960<\/strong> libra. Qendra zhvillon veprimtarit\u00eb kualifikuese edhe n\u00eb mjedise t\u00eb tjera, si n\u00eb Bibliotek\u00ebn e Fakultetit, n\u00eb sall\u00ebn e Internetit, n\u00eb Laboratorin e Gjuh\u00ebve t\u00eb Huaja etj.&nbsp;<\/p>\n<p>N\u00eb kuad\u00ebr t\u00eb projekteve t\u00eb p\u00ebrbashk\u00ebta, Qendra e Ekselenc\u00ebs pran\u00eb Fakultetit t\u00eb Edukimit dhe Filologjis\u00eb ka realizuar nj\u00eb s\u00ebr\u00eb projektesh trajnimi. N\u00eb bashk\u00ebpunim me <strong>Save the Children<\/strong>, <strong>MEDPAK<\/strong> dhe <strong>Cooperazione Italiana allo Sviluppo<\/strong>, n\u00eb periudh\u00ebn <strong>Mars \u2013 Maj&nbsp; 2015<\/strong>, Qendra e Ekselenc\u00ebs \u201cFEF\u201d, u p\u00ebrzgjodh p\u00ebr t\u00eb zhvilluar sesione trajnimi n\u00eb <strong>7 rajone<\/strong> t\u00eb Shqip\u00ebris\u00eb, me m\u00ebsues t\u00eb arsimit parauniversitar n\u00eb fush\u00ebn e arsimit gjith\u00ebp\u00ebrfshir\u00ebs dhe v\u00ebshtir\u00ebsive n\u00eb t\u00eb nx\u00ebn\u00eb, n\u00eb shkolla q\u00eb mbulohen nga ky projekt. Gjat\u00eb k\u00ebsaj periudhe u trajnuan dhe certifikuan <strong>420<\/strong> m\u00ebsues, p\u00ebrkat\u00ebsisht <strong>60<\/strong> m\u00ebsues p\u00ebr \u00e7do rajon: <strong>Kor\u00e7\u00eb, Gjirokast\u00ebr, &nbsp;Durr\u00ebs, Vlor\u00eb, Elbasan, &nbsp;Peshkopi, Burrel.<\/strong><\/p>\n<p>P\u00ebr periudh\u00ebn <strong>shtator 2015 \u2013 prill 2016<\/strong>, n\u00eb bashk\u00ebpunim me <strong>MEDPAK<\/strong> dhe&nbsp; <strong>W<a name=\"_GoBack\"><\/a>orld Vision<\/strong>, u realizua trajnimi i m\u00ebsuesve n\u00eb disa rajone, n\u00eb shkollat e projektit , p\u00ebrkat\u00ebsisht : <strong>Tropoj\u00eb, Kuk\u00ebs, Tiran\u00eb, Vlor\u00eb, Kor\u00e7\u00eb,<\/strong> ku morr\u00ebn trajnim dhe u certifikuan rreth <strong>220 <\/strong>m\u00ebsues t\u00eb tjer\u00eb.<\/p>\n<p>N\u00eb vazhdim\u00ebsi, gjat\u00eb vitit <strong>2016, <\/strong>n\u00eb periudh\u00ebn<strong> prill -shtator, <\/strong>n\u00ebp\u00ebrmjet nj\u00eb projekti t\u00eb<strong> MAS-it, <\/strong>n\u00eb bashk\u00ebpunim me<strong> Save the Children, Cooperazione<\/strong><strong> Italiana allo Sviluppo <\/strong>dhe<strong> MEDPAK, <\/strong>u realizua trajnimi dhe certifikimi i t\u00eb gjith\u00eb m\u00ebsuesve ndihm\u00ebs t\u00eb Shqip\u00ebris\u00eb, n\u00eb p\u00ebrputhje me Udh\u00ebzimin Nr. 38, dt. 7.10.2014 t\u00eb MAS-it, si dhe nj\u00eb pjese t\u00eb punonj\u00ebsve t\u00eb sh\u00ebrbimit psiko-social pran\u00eb DAR\/ZA-ve. Ky projekt mund\u00ebsoi&nbsp; trajnimin e rreth <strong>200 <\/strong>m\u00ebsuesve dhe specialist\u00ebve, t\u00eb realizuar n\u00eb tre qendra: Vlor\u00eb, Elbasan&nbsp; dhe Tiran\u00eb.<\/p>\n<p>Qendra e Formimit t\u00eb Vazhduar n\u00eb UNIKO, prej dhjetorit t\u00eb vitit 2017 \u00ebsht\u00eb akredituar nga Ministria e Arsimit, Sportit dhe Rinis\u00eb p\u00ebr nj\u00eb periudh\u00eb 4-vje\u00e7are, me <strong>Vendimin nr. 26, dat\u00eb 19.12.2017<\/strong>, p\u00ebr 34 module trajnimi dhe 1 program q\u00eb p\u00ebrfshin 5 module, pra n\u00eb total p\u00ebr <strong>39 module<\/strong> n\u00eb fushat: Kurrikula me kompetenca; Planifikimi i m\u00ebsimdh\u00ebnies; Etika, komunikimi, pedagogjia; M\u00ebsimdh\u00ebnia dhe t\u00eb nx\u00ebnit; Zhvillimi profesional i drejtuesve; \u00c7\u00ebshtje nd\u00ebrkurrikulare; Teknologjia e informacionit n\u00eb m\u00ebsimdh\u00ebnie, etj.<\/p>\n<p>P\u00ebr vitin 2018, n\u00eb periudh\u00ebn&nbsp; 16 shkurt &#8211; maj 2018, pran\u00eb Qendr\u00ebs s\u00eb Formimit t\u00eb Vazhduar n\u00eb Universitetin e Kor\u00e7\u00ebs u zhvilluan 4 sesione trajnimi&nbsp; treditore dhe u certifikuan 350 punonj\u00ebs arsimor\u00eb, pas p\u00ebrfundimit t\u00eb trajnimeve t\u00eb zhvilluara pran\u00eb k\u00ebsaj qendre. Sipas p\u00ebrgjegj\u00ebsit t\u00eb qendr\u00ebs, Msc. Olger Brame, trajnimet u zhvilluan t\u00eb ndara n\u00eb kat\u00ebr sesione me nga tre dit\u00eb. E ve\u00e7anta e k\u00ebtij viti ishte s\u00eb m\u00ebsuesit b\u00ebjn\u00eb regjistrim individual online n\u00eb portalin e krijuar nga IZHA: <strong><a href=\"http:\/\/www.trajnime.arsimi.gov.al\/\">www.trajnime.arsimi.gov.al<\/a><\/strong> &nbsp;duke zgjedhur modulet p\u00ebr t\u00eb cilat jan\u00eb interesuar, p\u00ebr zhvillimin e tyre profesional.<\/p>\n<p>Nd\u00ebrkoh\u00eb, module t\u00eb Qendr\u00ebs p\u00ebr Formimin e Vazhduar, jan\u00eb p\u00ebrzgjedhur nga Save the Children, p\u00ebr trajnime n\u00eb shkollat e projektit t\u00eb cilat ndiqen nga kjo organizat\u00eb n\u00eb rajonet: Tiran\u00eb, Elbasan, Mat, Shkod\u00ebr, Gjirokast\u00ebr.<\/p>\n<p>N\u00eb sesionet e zhvilluara kan\u00eb marr\u00eb pjes\u00eb m\u00ebsues nga rajoni i Kor\u00e7\u00ebs, por edhe nga rajone t\u00eb tjera t\u00eb Shqip\u00ebris\u00eb. N\u00eb t\u00eb ardhmen synohet q\u00eb Qendra p\u00ebr Formimin e Vazhduar,&nbsp; gradualisht t\u00eb kthehet n\u00eb nj\u00eb <em>qend\u00ebr&nbsp; trajnimi dhe formimi t\u00eb vazhduar p\u00ebr m\u00ebsuesit&nbsp; dhe drejtuesit me nj\u00eb status komb\u00ebtar.<\/em><\/p>\n<p>&nbsp;<\/p>\n<p><img decoding=\"async\" alt=\"\" src=\"\/sites\/default\/files\/fakulteti_edukimit\/certefikate_akreditimi_pic.jpg\" style=\"height:368px; width:558px\" \/><\/p>\n<p><img decoding=\"async\" alt=\"\" src=\"\/sites\/default\/files\/adobe.gif\" style=\"height:12px; width:17px\" \/>&nbsp;<a href=\"\/sites\/default\/files\/fakulteti_edukimit\/guida_fef_2015.pdf\">Shfaq Guid\u00ebn<\/a><\/p>\n<p class=\"rtecenter\"><iframe loading=\"lazy\" frameborder=\"0\" height=\"399\" scrolling=\"no\" src=\"https:\/\/www.youtube.com\/embed\/y7Yvrtau_QI\" width=\"520\"><\/iframe><\/p>\n<p>&nbsp;<\/p>\n<p><img decoding=\"async\" alt=\"\" src=\"\/sites\/default\/files\/fakulteti_edukimit\/pic_4.jpg\" style=\"height:332px; width:559px\" \/><\/p>\n<p><img decoding=\"async\" alt=\"\" src=\"\/sites\/default\/files\/fakulteti_edukimit\/pic_5.jpg\" style=\"height:332px; width:559px\" \/>&nbsp; &nbsp; &nbsp; &nbsp; &nbsp; &nbsp; &nbsp; &nbsp; &nbsp; &nbsp; &nbsp; &nbsp; &nbsp; &nbsp; &nbsp; &nbsp; &nbsp; &nbsp; &nbsp; &nbsp; &nbsp; &nbsp; &nbsp; &nbsp; &nbsp; &nbsp; &nbsp; &nbsp; &nbsp; &nbsp; &nbsp;&nbsp;<img decoding=\"async\" alt=\"\" src=\"\/sites\/default\/files\/fakulteti_edukimit\/pic_3.jpg\" style=\"height:443px; width:559px\" \/><\/p>\n<p><img decoding=\"async\" alt=\"\" src=\"\/sites\/default\/files\/fakulteti_edukimit\/pic_2.jpg\" style=\"height:443px; width:559px\" \/><img decoding=\"async\" alt=\"\" src=\"\/sites\/default\/files\/fakulteti_edukimit\/pic_1.jpg\" style=\"height:443px; width:559px\" \/><\/p>","protected":false},"excerpt":{"rendered":"<p>STUDIME T\u00cb FORMIMIT T\u00cb VAZHDUAR STUDIME T\u00cb FORMIMIT T\u00cb VAZHDUAR. QENDRA E EKSELENC\u00cbS &#8220;FEF&#8221; Qendra e Ekselenc\u00ebs \u201cFEF\u201d n\u00eb Fakultetin e Edukimit dhe Filologjis\u00eb ka p\u00ebr q\u00ebllim zhvillimin e veprimtarive t\u00eb trajnimit dhe t\u00eb kualifikimit t\u00eb m\u00ebsuesve. Veprimtaria e k\u00ebsaj qendre p\u00ebrqendrohet n\u00eb zhvillimin e shprehive t\u00eb m\u00ebsimdh\u00ebnies dhe inovacionit n\u00eb edukim, n\u00eb m\u00ebnyrat dhe&#8230;<\/p>","protected":false},"author":122,"featured_media":0,"parent":0,"menu_order":0,"comment_status":"closed","ping_status":"closed","template":"","meta":{"_acf_changed":false,"footnotes":""},"class_list":["post-8001","page","type-page","status-publish","hentry"],"acf":[],"yoast_head":"<!-- This site is optimized with the Yoast SEO plugin v26.9 - https:\/\/yoast.com\/product\/yoast-seo-wordpress\/ -->\n<title>STUDIME T\u00cb FORMIMIT T\u00cb VAZHDUAR N\u00cb FAKULTETIN E EDUKIMIT DHE FILOLOGJIS\u00cb - Universiteti &quot;Fan S. Noli&quot;, Kor\u00e7\u00eb<\/title>\n<meta name=\"robots\" content=\"index, follow, max-snippet:-1, max-image-preview:large, max-video-preview:-1\" \/>\n<link rel=\"canonical\" href=\"https:\/\/unkorce.edu.al\/en\/studime-te-formimit-te-vazhduar-ne-fakultetin-e-edukimit-dhe-filologjise\/\" \/>\n<meta property=\"og:locale\" content=\"en_US\" \/>\n<meta property=\"og:type\" content=\"article\" \/>\n<meta property=\"og:title\" content=\"STUDIME T\u00cb FORMIMIT T\u00cb VAZHDUAR N\u00cb FAKULTETIN E EDUKIMIT DHE FILOLOGJIS\u00cb - Universiteti &quot;Fan S. Noli&quot;, Kor\u00e7\u00eb\" \/>\n<meta property=\"og:description\" content=\"STUDIME T\u00cb FORMIMIT T\u00cb VAZHDUAR STUDIME T\u00cb FORMIMIT T\u00cb VAZHDUAR. QENDRA E EKSELENC\u00cbS &#8220;FEF&#8221; Qendra e Ekselenc\u00ebs \u201cFEF\u201d n\u00eb Fakultetin e Edukimit dhe Filologjis\u00eb ka p\u00ebr q\u00ebllim zhvillimin e veprimtarive t\u00eb trajnimit dhe t\u00eb kualifikimit t\u00eb m\u00ebsuesve. Veprimtaria e k\u00ebsaj qendre p\u00ebrqendrohet n\u00eb zhvillimin e shprehive t\u00eb m\u00ebsimdh\u00ebnies dhe inovacionit n\u00eb edukim, n\u00eb m\u00ebnyrat dhe...\" \/>\n<meta property=\"og:url\" content=\"https:\/\/unkorce.edu.al\/en\/studime-te-formimit-te-vazhduar-ne-fakultetin-e-edukimit-dhe-filologjise\/\" \/>\n<meta property=\"og:site_name\" content=\"Universiteti &quot;Fan S. Noli&quot;, Kor\u00e7\u00eb\" \/>\n<meta property=\"article:publisher\" content=\"https:\/\/www.facebook.com\/unkorce\" \/>\n<meta name=\"twitter:card\" content=\"summary_large_image\" \/>\n<meta name=\"twitter:label1\" content=\"Est. reading time\" \/>\n\t<meta name=\"twitter:data1\" content=\"5 minutes\" \/>\n<script type=\"application\/ld+json\" class=\"yoast-schema-graph\">{\"@context\":\"https:\/\/schema.org\",\"@graph\":[{\"@type\":\"WebPage\",\"@id\":\"https:\/\/unkorce.edu.al\/studime-te-formimit-te-vazhduar-ne-fakultetin-e-edukimit-dhe-filologjise\/\",\"url\":\"https:\/\/unkorce.edu.al\/studime-te-formimit-te-vazhduar-ne-fakultetin-e-edukimit-dhe-filologjise\/\",\"name\":\"STUDIME T\u00cb FORMIMIT T\u00cb VAZHDUAR N\u00cb FAKULTETIN E EDUKIMIT DHE FILOLOGJIS\u00cb - Universiteti \\\"Fan S. Noli\\\", Kor\u00e7\u00eb\",\"isPartOf\":{\"@id\":\"https:\/\/unkorce.edu.al\/#website\"},\"datePublished\":\"2016-07-27T09:05:42+00:00\",\"breadcrumb\":{\"@id\":\"https:\/\/unkorce.edu.al\/studime-te-formimit-te-vazhduar-ne-fakultetin-e-edukimit-dhe-filologjise\/#breadcrumb\"},\"inLanguage\":\"en-US\",\"potentialAction\":[{\"@type\":\"ReadAction\",\"target\":[\"https:\/\/unkorce.edu.al\/studime-te-formimit-te-vazhduar-ne-fakultetin-e-edukimit-dhe-filologjise\/\"]}]},{\"@type\":\"BreadcrumbList\",\"@id\":\"https:\/\/unkorce.edu.al\/studime-te-formimit-te-vazhduar-ne-fakultetin-e-edukimit-dhe-filologjise\/#breadcrumb\",\"itemListElement\":[{\"@type\":\"ListItem\",\"position\":1,\"name\":\"Home\",\"item\":\"https:\/\/unkorce.edu.al\/\"},{\"@type\":\"ListItem\",\"position\":2,\"name\":\"STUDIME T\u00cb FORMIMIT T\u00cb VAZHDUAR N\u00cb FAKULTETIN E EDUKIMIT DHE FILOLOGJIS\u00cb\"}]},{\"@type\":\"WebSite\",\"@id\":\"https:\/\/unkorce.edu.al\/#website\",\"url\":\"https:\/\/unkorce.edu.al\/\",\"name\":\"Universiteti \\\"Fan S. Noli\\\", Kor\u00e7\u00eb\",\"description\":\"Mir&euml;sevini n&euml; faqen zyrtare!\",\"publisher\":{\"@id\":\"https:\/\/unkorce.edu.al\/#organization\"},\"potentialAction\":[{\"@type\":\"SearchAction\",\"target\":{\"@type\":\"EntryPoint\",\"urlTemplate\":\"https:\/\/unkorce.edu.al\/?s={search_term_string}\"},\"query-input\":{\"@type\":\"PropertyValueSpecification\",\"valueRequired\":true,\"valueName\":\"search_term_string\"}}],\"inLanguage\":\"en-US\"},{\"@type\":\"Organization\",\"@id\":\"https:\/\/unkorce.edu.al\/#organization\",\"name\":\"Universiteti \\\"Fan S. Noli\\\", Kor\u00e7\u00eb\",\"url\":\"https:\/\/unkorce.edu.al\/\",\"logo\":{\"@type\":\"ImageObject\",\"inLanguage\":\"en-US\",\"@id\":\"https:\/\/unkorce.edu.al\/#\/schema\/logo\/image\/\",\"url\":\"https:\/\/unkorce.edu.al\/wp-content\/uploads\/2024\/08\/Logo_e_Universitetit__Fan_Noli_-e1726660879862.png\",\"contentUrl\":\"https:\/\/unkorce.edu.al\/wp-content\/uploads\/2024\/08\/Logo_e_Universitetit__Fan_Noli_-e1726660879862.png\",\"width\":200,\"height\":120,\"caption\":\"Universiteti \\\"Fan S. Noli\\\", Kor\u00e7\u00eb\"},\"image\":{\"@id\":\"https:\/\/unkorce.edu.al\/#\/schema\/logo\/image\/\"},\"sameAs\":[\"https:\/\/www.facebook.com\/unkorce\"]}]}<\/script>\n<!-- \/ Yoast SEO plugin. -->","yoast_head_json":{"title":"STUDIME T\u00cb FORMIMIT T\u00cb VAZHDUAR N\u00cb FAKULTETIN E EDUKIMIT DHE FILOLOGJIS\u00cb - Universiteti \"Fan S. Noli\", Kor\u00e7\u00eb","robots":{"index":"index","follow":"follow","max-snippet":"max-snippet:-1","max-image-preview":"max-image-preview:large","max-video-preview":"max-video-preview:-1"},"canonical":"https:\/\/unkorce.edu.al\/en\/studime-te-formimit-te-vazhduar-ne-fakultetin-e-edukimit-dhe-filologjise\/","og_locale":"en_US","og_type":"article","og_title":"STUDIME T\u00cb FORMIMIT T\u00cb VAZHDUAR N\u00cb FAKULTETIN E EDUKIMIT DHE FILOLOGJIS\u00cb - Universiteti \"Fan S. Noli\", Kor\u00e7\u00eb","og_description":"STUDIME T\u00cb FORMIMIT T\u00cb VAZHDUAR STUDIME T\u00cb FORMIMIT T\u00cb VAZHDUAR. QENDRA E EKSELENC\u00cbS &#8220;FEF&#8221; Qendra e Ekselenc\u00ebs \u201cFEF\u201d n\u00eb Fakultetin e Edukimit dhe Filologjis\u00eb ka p\u00ebr q\u00ebllim zhvillimin e veprimtarive t\u00eb trajnimit dhe t\u00eb kualifikimit t\u00eb m\u00ebsuesve. Veprimtaria e k\u00ebsaj qendre p\u00ebrqendrohet n\u00eb zhvillimin e shprehive t\u00eb m\u00ebsimdh\u00ebnies dhe inovacionit n\u00eb edukim, n\u00eb m\u00ebnyrat dhe...","og_url":"https:\/\/unkorce.edu.al\/en\/studime-te-formimit-te-vazhduar-ne-fakultetin-e-edukimit-dhe-filologjise\/","og_site_name":"Universiteti \"Fan S. Noli\", Kor\u00e7\u00eb","article_publisher":"https:\/\/www.facebook.com\/unkorce","twitter_card":"summary_large_image","twitter_misc":{"Est. reading time":"5 minutes"},"schema":{"@context":"https:\/\/schema.org","@graph":[{"@type":"WebPage","@id":"https:\/\/unkorce.edu.al\/studime-te-formimit-te-vazhduar-ne-fakultetin-e-edukimit-dhe-filologjise\/","url":"https:\/\/unkorce.edu.al\/studime-te-formimit-te-vazhduar-ne-fakultetin-e-edukimit-dhe-filologjise\/","name":"STUDIME T\u00cb FORMIMIT T\u00cb VAZHDUAR N\u00cb FAKULTETIN E EDUKIMIT DHE FILOLOGJIS\u00cb - Universiteti \"Fan S. Noli\", Kor\u00e7\u00eb","isPartOf":{"@id":"https:\/\/unkorce.edu.al\/#website"},"datePublished":"2016-07-27T09:05:42+00:00","breadcrumb":{"@id":"https:\/\/unkorce.edu.al\/studime-te-formimit-te-vazhduar-ne-fakultetin-e-edukimit-dhe-filologjise\/#breadcrumb"},"inLanguage":"en-US","potentialAction":[{"@type":"ReadAction","target":["https:\/\/unkorce.edu.al\/studime-te-formimit-te-vazhduar-ne-fakultetin-e-edukimit-dhe-filologjise\/"]}]},{"@type":"BreadcrumbList","@id":"https:\/\/unkorce.edu.al\/studime-te-formimit-te-vazhduar-ne-fakultetin-e-edukimit-dhe-filologjise\/#breadcrumb","itemListElement":[{"@type":"ListItem","position":1,"name":"Home","item":"https:\/\/unkorce.edu.al\/"},{"@type":"ListItem","position":2,"name":"STUDIME T\u00cb FORMIMIT T\u00cb VAZHDUAR N\u00cb FAKULTETIN E EDUKIMIT DHE FILOLOGJIS\u00cb"}]},{"@type":"WebSite","@id":"https:\/\/unkorce.edu.al\/#website","url":"https:\/\/unkorce.edu.al\/","name":"Universiteti \"Fan S. Noli\", Kor\u00e7\u00eb","description":"Mir&euml;sevini n&euml; faqen zyrtare!","publisher":{"@id":"https:\/\/unkorce.edu.al\/#organization"},"potentialAction":[{"@type":"SearchAction","target":{"@type":"EntryPoint","urlTemplate":"https:\/\/unkorce.edu.al\/?s={search_term_string}"},"query-input":{"@type":"PropertyValueSpecification","valueRequired":true,"valueName":"search_term_string"}}],"inLanguage":"en-US"},{"@type":"Organization","@id":"https:\/\/unkorce.edu.al\/#organization","name":"Universiteti \"Fan S. Noli\", Kor\u00e7\u00eb","url":"https:\/\/unkorce.edu.al\/","logo":{"@type":"ImageObject","inLanguage":"en-US","@id":"https:\/\/unkorce.edu.al\/#\/schema\/logo\/image\/","url":"https:\/\/unkorce.edu.al\/wp-content\/uploads\/2024\/08\/Logo_e_Universitetit__Fan_Noli_-e1726660879862.png","contentUrl":"https:\/\/unkorce.edu.al\/wp-content\/uploads\/2024\/08\/Logo_e_Universitetit__Fan_Noli_-e1726660879862.png","width":200,"height":120,"caption":"Universiteti \"Fan S. Noli\", Kor\u00e7\u00eb"},"image":{"@id":"https:\/\/unkorce.edu.al\/#\/schema\/logo\/image\/"},"sameAs":["https:\/\/www.facebook.com\/unkorce"]}]}},"_links":{"self":[{"href":"https:\/\/unkorce.edu.al\/en\/wp-json\/wp\/v2\/pages\/8001","targetHints":{"allow":["GET"]}}],"collection":[{"href":"https:\/\/unkorce.edu.al\/en\/wp-json\/wp\/v2\/pages"}],"about":[{"href":"https:\/\/unkorce.edu.al\/en\/wp-json\/wp\/v2\/types\/page"}],"author":[{"embeddable":true,"href":"https:\/\/unkorce.edu.al\/en\/wp-json\/wp\/v2\/users\/122"}],"replies":[{"embeddable":true,"href":"https:\/\/unkorce.edu.al\/en\/wp-json\/wp\/v2\/comments?post=8001"}],"version-history":[{"count":0,"href":"https:\/\/unkorce.edu.al\/en\/wp-json\/wp\/v2\/pages\/8001\/revisions"}],"wp:attachment":[{"href":"https:\/\/unkorce.edu.al\/en\/wp-json\/wp\/v2\/media?parent=8001"}],"curies":[{"name":"wp","href":"https:\/\/api.w.org\/{rel}","templated":true}]}}