{"id":7997,"date":"2016-07-27T09:05:42","date_gmt":"2016-07-27T09:05:42","guid":{"rendered":"\/departamenti-i-hortikultures-dhe-agobiznesit\/"},"modified":"2016-07-27T09:05:42","modified_gmt":"2016-07-27T09:05:42","slug":"departamenti-i-hortikultures-dhe-agobiznesit","status":"publish","type":"page","link":"https:\/\/unkorce.edu.al\/en\/departamenti-i-hortikultures-dhe-agobiznesit\/","title":{"rendered":"Departamenti i Agobiznesit"},"content":{"rendered":"<p class=\"rtejustify\"><strong>DEPARTAMENTI<\/strong><strong>&nbsp;I AGROBIZNESIT<\/strong><\/p>\n<ol>\n<li>Prof. as. dr. Avni Spaholli (CV) &#8211; Pergjegj\u00ebs i Departamentit t\u00eb Agobiznesit<\/li>\n<li>Prof. as. dr. Gjergji Mero (<a href=\"\/en\/sites\/default\/files\/CV%20Formular%20Janar%202019%20Gjergji%20Mero.pdf\/\">CV<\/a>)- (Dekan&nbsp;i Fakultetit)<\/li>\n<li>Dr. Ilir Sosoli&nbsp; (<a href=\"\/en\/sites\/default\/files\/I.SOSOLI%2C%20Formulari%20i%20Kerkimit%20Shkencor%20%20%28...2018%29.pdf\/\">CV<\/a>)-Pedagog<\/li>\n<li>Dr. Dorian Marku&nbsp;(<a href=\"\/en\/sites\/default\/files\/D.%20Marku%2C%20Formulari%20i%20vleresimit%20ne%20fushen%20akademike%202019.pdf\/\">CV<\/a>) &#8211; Pedagog<\/li>\n<li>Msc. Fatos Zerelli (<a href=\"\/en\/sites\/default\/files\/Fatos%20Zerelli%20Formular%20Vleresimi%20Kerkim%20Shkencor%202018%20%282%29.pdf\/\">CV<\/a>)- Pedagog<\/li>\n<li>Msc. Aldona Minga (<a href=\"\/en\/sites\/default\/files\/Aldona%20MINGA%20Formulari%20i%20vep.shk_.pdf\/\">CV<\/a>) &#8211; Pedagoge<\/li>\n<li>Msc. Ardian \u00c7errava (<a href=\"\/en\/sites\/default\/files\/6.%20Ardian%20Cerava_0.pdf\/\">CV<\/a>) &#8211; Pedagog<\/li>\n<li>Alketa Grabocka &#8211;&nbsp;Laborante\/sekretare departamenti<\/li>\n<\/ol>","protected":false},"excerpt":{"rendered":"<p>DEPARTAMENTI&nbsp;I AGROBIZNESIT Prof. as. dr. Avni Spaholli (CV) &#8211; Pergjegj\u00ebs i Departamentit t\u00eb Agobiznesit Prof. as. dr. Gjergji Mero (CV)- (Dekan&nbsp;i Fakultetit) Dr. Ilir Sosoli&nbsp; (CV)-Pedagog Dr. Dorian Marku&nbsp;(CV) &#8211; Pedagog Msc. Fatos Zerelli (CV)- Pedagog Msc. Aldona Minga (CV) &#8211; Pedagoge Msc. Ardian \u00c7errava (CV) &#8211; Pedagog Alketa Grabocka &#8211;&nbsp;Laborante\/sekretare departamenti<\/p>","protected":false},"author":122,"featured_media":0,"parent":0,"menu_order":0,"comment_status":"closed","ping_status":"closed","template":"","meta":{"_acf_changed":false,"footnotes":""},"class_list":["post-7997","page","type-page","status-publish","hentry"],"acf":[],"yoast_head":"<!-- This site is optimized with the Yoast SEO plugin v26.9 - https:\/\/yoast.com\/product\/yoast-seo-wordpress\/ -->\n<title>Departamenti i Agobiznesit - Universiteti &quot;Fan S. Noli&quot;, Kor\u00e7\u00eb<\/title>\n<meta name=\"robots\" content=\"index, follow, max-snippet:-1, max-image-preview:large, max-video-preview:-1\" \/>\n<link rel=\"canonical\" href=\"https:\/\/unkorce.edu.al\/en\/departamenti-i-hortikultures-dhe-agobiznesit\/\" \/>\n<meta property=\"og:locale\" content=\"en_US\" \/>\n<meta property=\"og:type\" content=\"article\" \/>\n<meta property=\"og:title\" content=\"Departamenti i Agobiznesit - Universiteti &quot;Fan S. Noli&quot;, Kor\u00e7\u00eb\" \/>\n<meta property=\"og:description\" content=\"DEPARTAMENTI&nbsp;I AGROBIZNESIT Prof. as. dr. Avni Spaholli (CV) &#8211; Pergjegj\u00ebs i Departamentit t\u00eb Agobiznesit Prof. as. dr. Gjergji Mero (CV)- (Dekan&nbsp;i Fakultetit) Dr. Ilir Sosoli&nbsp; (CV)-Pedagog Dr. Dorian Marku&nbsp;(CV) &#8211; Pedagog Msc. Fatos Zerelli (CV)- Pedagog Msc. Aldona Minga (CV) &#8211; Pedagoge Msc. Ardian \u00c7errava (CV) &#8211; Pedagog Alketa Grabocka &#8211;&nbsp;Laborante\/sekretare departamenti\" \/>\n<meta property=\"og:url\" content=\"https:\/\/unkorce.edu.al\/en\/departamenti-i-hortikultures-dhe-agobiznesit\/\" \/>\n<meta property=\"og:site_name\" content=\"Universiteti &quot;Fan S. Noli&quot;, Kor\u00e7\u00eb\" \/>\n<meta property=\"article:publisher\" content=\"https:\/\/www.facebook.com\/unkorce\" \/>\n<meta name=\"twitter:card\" content=\"summary_large_image\" \/>\n<script type=\"application\/ld+json\" class=\"yoast-schema-graph\">{\"@context\":\"https:\/\/schema.org\",\"@graph\":[{\"@type\":\"WebPage\",\"@id\":\"https:\/\/unkorce.edu.al\/departamenti-i-hortikultures-dhe-agobiznesit\/\",\"url\":\"https:\/\/unkorce.edu.al\/departamenti-i-hortikultures-dhe-agobiznesit\/\",\"name\":\"Departamenti i Agobiznesit - Universiteti \\\"Fan S. Noli\\\", Kor\u00e7\u00eb\",\"isPartOf\":{\"@id\":\"https:\/\/unkorce.edu.al\/#website\"},\"datePublished\":\"2016-07-27T09:05:42+00:00\",\"breadcrumb\":{\"@id\":\"https:\/\/unkorce.edu.al\/departamenti-i-hortikultures-dhe-agobiznesit\/#breadcrumb\"},\"inLanguage\":\"en-US\",\"potentialAction\":[{\"@type\":\"ReadAction\",\"target\":[\"https:\/\/unkorce.edu.al\/departamenti-i-hortikultures-dhe-agobiznesit\/\"]}]},{\"@type\":\"BreadcrumbList\",\"@id\":\"https:\/\/unkorce.edu.al\/departamenti-i-hortikultures-dhe-agobiznesit\/#breadcrumb\",\"itemListElement\":[{\"@type\":\"ListItem\",\"position\":1,\"name\":\"Home\",\"item\":\"https:\/\/unkorce.edu.al\/\"},{\"@type\":\"ListItem\",\"position\":2,\"name\":\"Departamenti i Agobiznesit\"}]},{\"@type\":\"WebSite\",\"@id\":\"https:\/\/unkorce.edu.al\/#website\",\"url\":\"https:\/\/unkorce.edu.al\/\",\"name\":\"Universiteti \\\"Fan S. Noli\\\", Kor\u00e7\u00eb\",\"description\":\"Mir&euml;sevini n&euml; faqen zyrtare!\",\"publisher\":{\"@id\":\"https:\/\/unkorce.edu.al\/#organization\"},\"potentialAction\":[{\"@type\":\"SearchAction\",\"target\":{\"@type\":\"EntryPoint\",\"urlTemplate\":\"https:\/\/unkorce.edu.al\/?s={search_term_string}\"},\"query-input\":{\"@type\":\"PropertyValueSpecification\",\"valueRequired\":true,\"valueName\":\"search_term_string\"}}],\"inLanguage\":\"en-US\"},{\"@type\":\"Organization\",\"@id\":\"https:\/\/unkorce.edu.al\/#organization\",\"name\":\"Universiteti \\\"Fan S. Noli\\\", Kor\u00e7\u00eb\",\"url\":\"https:\/\/unkorce.edu.al\/\",\"logo\":{\"@type\":\"ImageObject\",\"inLanguage\":\"en-US\",\"@id\":\"https:\/\/unkorce.edu.al\/#\/schema\/logo\/image\/\",\"url\":\"https:\/\/unkorce.edu.al\/wp-content\/uploads\/2024\/08\/Logo_e_Universitetit__Fan_Noli_-e1726660879862.png\",\"contentUrl\":\"https:\/\/unkorce.edu.al\/wp-content\/uploads\/2024\/08\/Logo_e_Universitetit__Fan_Noli_-e1726660879862.png\",\"width\":200,\"height\":120,\"caption\":\"Universiteti \\\"Fan S. Noli\\\", Kor\u00e7\u00eb\"},\"image\":{\"@id\":\"https:\/\/unkorce.edu.al\/#\/schema\/logo\/image\/\"},\"sameAs\":[\"https:\/\/www.facebook.com\/unkorce\"]}]}<\/script>\n<!-- \/ Yoast SEO plugin. -->","yoast_head_json":{"title":"Departamenti i Agobiznesit - Universiteti \"Fan S. Noli\", Kor\u00e7\u00eb","robots":{"index":"index","follow":"follow","max-snippet":"max-snippet:-1","max-image-preview":"max-image-preview:large","max-video-preview":"max-video-preview:-1"},"canonical":"https:\/\/unkorce.edu.al\/en\/departamenti-i-hortikultures-dhe-agobiznesit\/","og_locale":"en_US","og_type":"article","og_title":"Departamenti i Agobiznesit - Universiteti \"Fan S. Noli\", Kor\u00e7\u00eb","og_description":"DEPARTAMENTI&nbsp;I AGROBIZNESIT Prof. as. dr. Avni Spaholli (CV) &#8211; Pergjegj\u00ebs i Departamentit t\u00eb Agobiznesit Prof. as. dr. Gjergji Mero (CV)- (Dekan&nbsp;i Fakultetit) Dr. Ilir Sosoli&nbsp; (CV)-Pedagog Dr. Dorian Marku&nbsp;(CV) &#8211; Pedagog Msc. Fatos Zerelli (CV)- Pedagog Msc. Aldona Minga (CV) &#8211; Pedagoge Msc. Ardian \u00c7errava (CV) &#8211; Pedagog Alketa Grabocka &#8211;&nbsp;Laborante\/sekretare departamenti","og_url":"https:\/\/unkorce.edu.al\/en\/departamenti-i-hortikultures-dhe-agobiznesit\/","og_site_name":"Universiteti \"Fan S. Noli\", Kor\u00e7\u00eb","article_publisher":"https:\/\/www.facebook.com\/unkorce","twitter_card":"summary_large_image","schema":{"@context":"https:\/\/schema.org","@graph":[{"@type":"WebPage","@id":"https:\/\/unkorce.edu.al\/departamenti-i-hortikultures-dhe-agobiznesit\/","url":"https:\/\/unkorce.edu.al\/departamenti-i-hortikultures-dhe-agobiznesit\/","name":"Departamenti i Agobiznesit - Universiteti \"Fan S. Noli\", Kor\u00e7\u00eb","isPartOf":{"@id":"https:\/\/unkorce.edu.al\/#website"},"datePublished":"2016-07-27T09:05:42+00:00","breadcrumb":{"@id":"https:\/\/unkorce.edu.al\/departamenti-i-hortikultures-dhe-agobiznesit\/#breadcrumb"},"inLanguage":"en-US","potentialAction":[{"@type":"ReadAction","target":["https:\/\/unkorce.edu.al\/departamenti-i-hortikultures-dhe-agobiznesit\/"]}]},{"@type":"BreadcrumbList","@id":"https:\/\/unkorce.edu.al\/departamenti-i-hortikultures-dhe-agobiznesit\/#breadcrumb","itemListElement":[{"@type":"ListItem","position":1,"name":"Home","item":"https:\/\/unkorce.edu.al\/"},{"@type":"ListItem","position":2,"name":"Departamenti i Agobiznesit"}]},{"@type":"WebSite","@id":"https:\/\/unkorce.edu.al\/#website","url":"https:\/\/unkorce.edu.al\/","name":"Universiteti \"Fan S. Noli\", Kor\u00e7\u00eb","description":"Mir&euml;sevini n&euml; faqen zyrtare!","publisher":{"@id":"https:\/\/unkorce.edu.al\/#organization"},"potentialAction":[{"@type":"SearchAction","target":{"@type":"EntryPoint","urlTemplate":"https:\/\/unkorce.edu.al\/?s={search_term_string}"},"query-input":{"@type":"PropertyValueSpecification","valueRequired":true,"valueName":"search_term_string"}}],"inLanguage":"en-US"},{"@type":"Organization","@id":"https:\/\/unkorce.edu.al\/#organization","name":"Universiteti \"Fan S. Noli\", Kor\u00e7\u00eb","url":"https:\/\/unkorce.edu.al\/","logo":{"@type":"ImageObject","inLanguage":"en-US","@id":"https:\/\/unkorce.edu.al\/#\/schema\/logo\/image\/","url":"https:\/\/unkorce.edu.al\/wp-content\/uploads\/2024\/08\/Logo_e_Universitetit__Fan_Noli_-e1726660879862.png","contentUrl":"https:\/\/unkorce.edu.al\/wp-content\/uploads\/2024\/08\/Logo_e_Universitetit__Fan_Noli_-e1726660879862.png","width":200,"height":120,"caption":"Universiteti \"Fan S. Noli\", Kor\u00e7\u00eb"},"image":{"@id":"https:\/\/unkorce.edu.al\/#\/schema\/logo\/image\/"},"sameAs":["https:\/\/www.facebook.com\/unkorce"]}]}},"_links":{"self":[{"href":"https:\/\/unkorce.edu.al\/en\/wp-json\/wp\/v2\/pages\/7997","targetHints":{"allow":["GET"]}}],"collection":[{"href":"https:\/\/unkorce.edu.al\/en\/wp-json\/wp\/v2\/pages"}],"about":[{"href":"https:\/\/unkorce.edu.al\/en\/wp-json\/wp\/v2\/types\/page"}],"author":[{"embeddable":true,"href":"https:\/\/unkorce.edu.al\/en\/wp-json\/wp\/v2\/users\/122"}],"replies":[{"embeddable":true,"href":"https:\/\/unkorce.edu.al\/en\/wp-json\/wp\/v2\/comments?post=7997"}],"version-history":[{"count":0,"href":"https:\/\/unkorce.edu.al\/en\/wp-json\/wp\/v2\/pages\/7997\/revisions"}],"wp:attachment":[{"href":"https:\/\/unkorce.edu.al\/en\/wp-json\/wp\/v2\/media?parent=7997"}],"curies":[{"name":"wp","href":"https:\/\/api.w.org\/{rel}","templated":true}]}}