{"id":7977,"date":"2016-07-27T09:05:42","date_gmt":"2016-07-27T09:05:42","guid":{"rendered":"\/qendra-e-karrieres-studentore\/"},"modified":"2016-07-27T09:05:42","modified_gmt":"2016-07-27T09:05:42","slug":"qendra-e-karrieres-studentore","status":"publish","type":"page","link":"https:\/\/unkorce.edu.al\/en\/qendra-e-karrieres-studentore\/","title":{"rendered":"Qendra e Karrier\u00ebs Studentore"},"content":{"rendered":"<h1>Qendra drejt suksesit! &ndash; Prej Universitetit n&euml; karrier&euml;!<\/h1>\n<p>&nbsp;<\/p>\n<p>Qendra e Karrier&euml;s funksionon prej n&euml;ntorit t&euml; vitit 2012. Ajo u krijua si nj&euml; zyr&euml; p&euml;r t&euml; ndihmuar student&euml;t t&euml;&nbsp; hedhin hapat e para profesional&euml;.<\/p>\n<p>Qendra e Karrier&euml;s Studentore &euml;sht&euml; ura lidh&euml;se midis student&euml;ve (pun&euml;k&euml;rkuesve) dhe pun&euml;marr&euml;sve (biznesi, administrata publike). Ajo synon t&euml; inkurajoj&euml; student&euml;t p&euml;r planifikimin e karrier&euml;s n&euml;p&euml;rmjet trajnimeve, forumeve, projketeve t&euml; pun&euml;simit, seminareve informuese dhe takimeve me student&euml;t.<\/p>\n<p>Objektivi i QK &euml;sht&euml; t&euml; mb&euml;shtes&euml; student&euml;t dhe t&rsquo;i p&euml;rgatis&euml; ata n&euml; p&euml;rballjen me tregun e pun&euml;s.<\/p>\n<p>Qendra e Karrier&euml;s bashk&euml;punon me institucionet publike dhe private n&euml; qarkun e Kor&ccedil;&euml;s: me Drejtorin&euml; Arsimore Rajonale, Bashkin&euml; e Qytetit, Zyr&euml;n e Pun&euml;s, banka dhe klinika mjek&euml;sore si dhe organizata t&euml; tjera brenda dhe jasht&euml; vendit.<\/p>\n<p>Ajo ndodhet n&euml; qend&euml;r t&euml; qytetit dhe kjo i mund&euml;son kumunikim t&euml; plot&euml; me&nbsp; student&euml;t e t&euml; gjitha fakulteteve.&nbsp;<\/p>\n<p>Ofron:<\/p>\n<ul>\n<li>K&euml;shillim<\/li>\n<li>Orientim<\/li>\n<li>Trajnim<\/li>\n<li>Mb&euml;shteje<\/li>\n<\/ul>\n<p>Sh&euml;rbimet<\/p>\n<ul>\n<li>Jep informacion p&euml;r bursa, konferenca studentore dhe trajnime p&euml;r student&euml;t<\/li>\n<li>U krijon student&euml;ve mund&euml;si&nbsp; p&euml;r pun&euml; vullnetare pran&euml; QK<\/li>\n<li>organizon seanca informuese me studentet per pozionet e lira ne sektorin privat dhe biznese<\/li>\n<li>organizon seanca informuese me student&euml;t.<\/li>\n<li>organizon aktivitete dhe Panairin e Karrier&euml;s<\/li>\n<li>organizon leksione t&euml; hapura mbi k&euml;shillimin e karrier&euml;s(pergatitja e CV, leter motivimi, paraqitja ne nje interviste pune, zhvillimi i lidership-it dhe iniciativave, etj)<\/li>\n<li>mbeshtet studentet per iniciative sipermarje<\/li>\n<li>ProfilVirtual -rrjet social qe ben te mundur lidhjen e studenteve me universitetin dhe bizneset<\/li>\n<li>Krijimi dhe zhvillimi i marredhenieve me studentet qe kane perfunduar studimet (Alumni)<\/li>\n<\/ul>\n<p>&nbsp;<\/p>\n<p><strong>Adresa: Bulevard&quot;Republika&quot;&nbsp;&nbsp;&nbsp; <\/strong><\/p>\n<p><strong>Ish-Sht<\/strong><strong>&euml;pia e Ushtarak&euml;ve, kati i dyt&euml;<\/strong>&nbsp;&nbsp;&nbsp;<\/p>\n<p><a href=\"https:\/\/www.facebook.com\/pages\/Qendra-e-Karrier%C3%ABs-Universiteti-Fan-SNoli-Kor%C3%A7%C3%AB\/161575460683950\"><strong>Qendra e Karrier&euml;s <\/strong><\/a><\/p>\n<p><strong>Universiteti &quot;FanS.Noli&quot; Kor&ccedil;&euml;<\/strong><\/p>\n<p><strong>studentcenter@yahoo.com<\/strong><\/p>\n<p><a href=\"https:\/\/unkorce.edu.al\/en\/\"><strong>www.unkorce.edu.al<\/strong><\/a><\/p>\n<p><strong>Tel<\/strong><strong>: +35582254888<\/strong><\/p>\n<p>&nbsp;&nbsp;&nbsp;&nbsp;&nbsp;&nbsp;&nbsp;&nbsp;&nbsp;&nbsp;&nbsp;&nbsp;&nbsp;&nbsp;&nbsp;&nbsp;&nbsp;&nbsp;<\/p>","protected":false},"excerpt":{"rendered":"<p>Qendra drejt suksesit! &ndash; Prej Universitetit n&euml; karrier&euml;! &nbsp; Qendra e Karrier&euml;s funksionon prej n&euml;ntorit t&euml; vitit 2012. Ajo u krijua si nj&euml; zyr&euml; p&euml;r t&euml; ndihmuar student&euml;t t&euml;&nbsp; hedhin hapat e para profesional&euml;. Qendra e Karrier&euml;s Studentore &euml;sht&euml; ura lidh&euml;se midis student&euml;ve (pun&euml;k&euml;rkuesve) dhe pun&euml;marr&euml;sve (biznesi, administrata publike). Ajo synon t&euml; inkurajoj&euml; student&euml;t p&euml;r&#8230;<\/p>","protected":false},"author":122,"featured_media":0,"parent":0,"menu_order":0,"comment_status":"closed","ping_status":"closed","template":"","meta":{"_acf_changed":false,"footnotes":""},"class_list":["post-7977","page","type-page","status-publish","hentry"],"acf":[],"yoast_head":"<!-- This site is optimized with the Yoast SEO plugin v26.9 - https:\/\/yoast.com\/product\/yoast-seo-wordpress\/ -->\n<title>Qendra e Karrier\u00ebs Studentore - Universiteti &quot;Fan S. Noli&quot;, Kor\u00e7\u00eb<\/title>\n<meta name=\"robots\" content=\"index, follow, max-snippet:-1, max-image-preview:large, max-video-preview:-1\" \/>\n<link rel=\"canonical\" href=\"https:\/\/unkorce.edu.al\/en\/qendra-e-karrieres-studentore\/\" \/>\n<meta property=\"og:locale\" content=\"en_US\" \/>\n<meta property=\"og:type\" content=\"article\" \/>\n<meta property=\"og:title\" content=\"Qendra e Karrier\u00ebs Studentore - Universiteti &quot;Fan S. Noli&quot;, Kor\u00e7\u00eb\" \/>\n<meta property=\"og:description\" content=\"Qendra drejt suksesit! &ndash; Prej Universitetit n&euml; karrier&euml;! &nbsp; Qendra e Karrier&euml;s funksionon prej n&euml;ntorit t&euml; vitit 2012. Ajo u krijua si nj&euml; zyr&euml; p&euml;r t&euml; ndihmuar student&euml;t t&euml;&nbsp; hedhin hapat e para profesional&euml;. Qendra e Karrier&euml;s Studentore &euml;sht&euml; ura lidh&euml;se midis student&euml;ve (pun&euml;k&euml;rkuesve) dhe pun&euml;marr&euml;sve (biznesi, administrata publike). Ajo synon t&euml; inkurajoj&euml; student&euml;t p&euml;r...\" \/>\n<meta property=\"og:url\" content=\"https:\/\/unkorce.edu.al\/en\/qendra-e-karrieres-studentore\/\" \/>\n<meta property=\"og:site_name\" content=\"Universiteti &quot;Fan S. Noli&quot;, Kor\u00e7\u00eb\" \/>\n<meta property=\"article:publisher\" content=\"https:\/\/www.facebook.com\/unkorce\" \/>\n<meta name=\"twitter:card\" content=\"summary_large_image\" \/>\n<meta name=\"twitter:label1\" content=\"Est. reading time\" \/>\n\t<meta name=\"twitter:data1\" content=\"2 minutes\" \/>\n<script type=\"application\/ld+json\" class=\"yoast-schema-graph\">{\"@context\":\"https:\/\/schema.org\",\"@graph\":[{\"@type\":\"WebPage\",\"@id\":\"https:\/\/unkorce.edu.al\/qendra-e-karrieres-studentore\/\",\"url\":\"https:\/\/unkorce.edu.al\/qendra-e-karrieres-studentore\/\",\"name\":\"Qendra e Karrier\u00ebs Studentore - Universiteti \\\"Fan S. Noli\\\", Kor\u00e7\u00eb\",\"isPartOf\":{\"@id\":\"https:\/\/unkorce.edu.al\/#website\"},\"datePublished\":\"2016-07-27T09:05:42+00:00\",\"breadcrumb\":{\"@id\":\"https:\/\/unkorce.edu.al\/qendra-e-karrieres-studentore\/#breadcrumb\"},\"inLanguage\":\"en-US\",\"potentialAction\":[{\"@type\":\"ReadAction\",\"target\":[\"https:\/\/unkorce.edu.al\/qendra-e-karrieres-studentore\/\"]}]},{\"@type\":\"BreadcrumbList\",\"@id\":\"https:\/\/unkorce.edu.al\/qendra-e-karrieres-studentore\/#breadcrumb\",\"itemListElement\":[{\"@type\":\"ListItem\",\"position\":1,\"name\":\"Home\",\"item\":\"https:\/\/unkorce.edu.al\/\"},{\"@type\":\"ListItem\",\"position\":2,\"name\":\"Qendra e Karrier\u00ebs Studentore\"}]},{\"@type\":\"WebSite\",\"@id\":\"https:\/\/unkorce.edu.al\/#website\",\"url\":\"https:\/\/unkorce.edu.al\/\",\"name\":\"Universiteti \\\"Fan S. Noli\\\", Kor\u00e7\u00eb\",\"description\":\"Mir&euml;sevini n&euml; faqen zyrtare!\",\"publisher\":{\"@id\":\"https:\/\/unkorce.edu.al\/#organization\"},\"potentialAction\":[{\"@type\":\"SearchAction\",\"target\":{\"@type\":\"EntryPoint\",\"urlTemplate\":\"https:\/\/unkorce.edu.al\/?s={search_term_string}\"},\"query-input\":{\"@type\":\"PropertyValueSpecification\",\"valueRequired\":true,\"valueName\":\"search_term_string\"}}],\"inLanguage\":\"en-US\"},{\"@type\":\"Organization\",\"@id\":\"https:\/\/unkorce.edu.al\/#organization\",\"name\":\"Universiteti \\\"Fan S. Noli\\\", Kor\u00e7\u00eb\",\"url\":\"https:\/\/unkorce.edu.al\/\",\"logo\":{\"@type\":\"ImageObject\",\"inLanguage\":\"en-US\",\"@id\":\"https:\/\/unkorce.edu.al\/#\/schema\/logo\/image\/\",\"url\":\"https:\/\/unkorce.edu.al\/wp-content\/uploads\/2024\/08\/Logo_e_Universitetit__Fan_Noli_-e1726660879862.png\",\"contentUrl\":\"https:\/\/unkorce.edu.al\/wp-content\/uploads\/2024\/08\/Logo_e_Universitetit__Fan_Noli_-e1726660879862.png\",\"width\":200,\"height\":120,\"caption\":\"Universiteti \\\"Fan S. Noli\\\", Kor\u00e7\u00eb\"},\"image\":{\"@id\":\"https:\/\/unkorce.edu.al\/#\/schema\/logo\/image\/\"},\"sameAs\":[\"https:\/\/www.facebook.com\/unkorce\"]}]}<\/script>\n<!-- \/ Yoast SEO plugin. -->","yoast_head_json":{"title":"Qendra e Karrier\u00ebs Studentore - Universiteti \"Fan S. Noli\", Kor\u00e7\u00eb","robots":{"index":"index","follow":"follow","max-snippet":"max-snippet:-1","max-image-preview":"max-image-preview:large","max-video-preview":"max-video-preview:-1"},"canonical":"https:\/\/unkorce.edu.al\/en\/qendra-e-karrieres-studentore\/","og_locale":"en_US","og_type":"article","og_title":"Qendra e Karrier\u00ebs Studentore - Universiteti \"Fan S. Noli\", Kor\u00e7\u00eb","og_description":"Qendra drejt suksesit! &ndash; Prej Universitetit n&euml; karrier&euml;! &nbsp; Qendra e Karrier&euml;s funksionon prej n&euml;ntorit t&euml; vitit 2012. Ajo u krijua si nj&euml; zyr&euml; p&euml;r t&euml; ndihmuar student&euml;t t&euml;&nbsp; hedhin hapat e para profesional&euml;. Qendra e Karrier&euml;s Studentore &euml;sht&euml; ura lidh&euml;se midis student&euml;ve (pun&euml;k&euml;rkuesve) dhe pun&euml;marr&euml;sve (biznesi, administrata publike). Ajo synon t&euml; inkurajoj&euml; student&euml;t p&euml;r...","og_url":"https:\/\/unkorce.edu.al\/en\/qendra-e-karrieres-studentore\/","og_site_name":"Universiteti \"Fan S. Noli\", Kor\u00e7\u00eb","article_publisher":"https:\/\/www.facebook.com\/unkorce","twitter_card":"summary_large_image","twitter_misc":{"Est. reading time":"2 minutes"},"schema":{"@context":"https:\/\/schema.org","@graph":[{"@type":"WebPage","@id":"https:\/\/unkorce.edu.al\/qendra-e-karrieres-studentore\/","url":"https:\/\/unkorce.edu.al\/qendra-e-karrieres-studentore\/","name":"Qendra e Karrier\u00ebs Studentore - Universiteti \"Fan S. Noli\", Kor\u00e7\u00eb","isPartOf":{"@id":"https:\/\/unkorce.edu.al\/#website"},"datePublished":"2016-07-27T09:05:42+00:00","breadcrumb":{"@id":"https:\/\/unkorce.edu.al\/qendra-e-karrieres-studentore\/#breadcrumb"},"inLanguage":"en-US","potentialAction":[{"@type":"ReadAction","target":["https:\/\/unkorce.edu.al\/qendra-e-karrieres-studentore\/"]}]},{"@type":"BreadcrumbList","@id":"https:\/\/unkorce.edu.al\/qendra-e-karrieres-studentore\/#breadcrumb","itemListElement":[{"@type":"ListItem","position":1,"name":"Home","item":"https:\/\/unkorce.edu.al\/"},{"@type":"ListItem","position":2,"name":"Qendra e Karrier\u00ebs Studentore"}]},{"@type":"WebSite","@id":"https:\/\/unkorce.edu.al\/#website","url":"https:\/\/unkorce.edu.al\/","name":"Universiteti \"Fan S. Noli\", Kor\u00e7\u00eb","description":"Mir&euml;sevini n&euml; faqen zyrtare!","publisher":{"@id":"https:\/\/unkorce.edu.al\/#organization"},"potentialAction":[{"@type":"SearchAction","target":{"@type":"EntryPoint","urlTemplate":"https:\/\/unkorce.edu.al\/?s={search_term_string}"},"query-input":{"@type":"PropertyValueSpecification","valueRequired":true,"valueName":"search_term_string"}}],"inLanguage":"en-US"},{"@type":"Organization","@id":"https:\/\/unkorce.edu.al\/#organization","name":"Universiteti \"Fan S. Noli\", Kor\u00e7\u00eb","url":"https:\/\/unkorce.edu.al\/","logo":{"@type":"ImageObject","inLanguage":"en-US","@id":"https:\/\/unkorce.edu.al\/#\/schema\/logo\/image\/","url":"https:\/\/unkorce.edu.al\/wp-content\/uploads\/2024\/08\/Logo_e_Universitetit__Fan_Noli_-e1726660879862.png","contentUrl":"https:\/\/unkorce.edu.al\/wp-content\/uploads\/2024\/08\/Logo_e_Universitetit__Fan_Noli_-e1726660879862.png","width":200,"height":120,"caption":"Universiteti \"Fan S. Noli\", Kor\u00e7\u00eb"},"image":{"@id":"https:\/\/unkorce.edu.al\/#\/schema\/logo\/image\/"},"sameAs":["https:\/\/www.facebook.com\/unkorce"]}]}},"_links":{"self":[{"href":"https:\/\/unkorce.edu.al\/en\/wp-json\/wp\/v2\/pages\/7977","targetHints":{"allow":["GET"]}}],"collection":[{"href":"https:\/\/unkorce.edu.al\/en\/wp-json\/wp\/v2\/pages"}],"about":[{"href":"https:\/\/unkorce.edu.al\/en\/wp-json\/wp\/v2\/types\/page"}],"author":[{"embeddable":true,"href":"https:\/\/unkorce.edu.al\/en\/wp-json\/wp\/v2\/users\/122"}],"replies":[{"embeddable":true,"href":"https:\/\/unkorce.edu.al\/en\/wp-json\/wp\/v2\/comments?post=7977"}],"version-history":[{"count":0,"href":"https:\/\/unkorce.edu.al\/en\/wp-json\/wp\/v2\/pages\/7977\/revisions"}],"wp:attachment":[{"href":"https:\/\/unkorce.edu.al\/en\/wp-json\/wp\/v2\/media?parent=7977"}],"curies":[{"name":"wp","href":"https:\/\/api.w.org\/{rel}","templated":true}]}}