{"id":7976,"date":"2016-07-27T09:05:42","date_gmt":"2016-07-27T09:05:42","guid":{"rendered":"\/sektori-i-kerkimit-projekteve\/"},"modified":"2016-07-27T09:05:42","modified_gmt":"2016-07-27T09:05:42","slug":"sektori-i-kerkimit-projekteve","status":"publish","type":"page","link":"https:\/\/unkorce.edu.al\/en\/sektori-i-kerkimit-projekteve\/","title":{"rendered":"Sektori i K\u00ebrkimit &#038; Projekteve"},"content":{"rendered":"<h2><span style=\"color:#008080\">DEGA E K\u00cbRKIMIT SHKENCOR DHE PROJEKTEVE<\/span><\/h2>\n<p><strong><span style=\"font-size:18px\">Ardian \u00c7\u00ebrava&nbsp;<\/span><\/strong>&#8211; Kryetar i Deg\u00ebs s\u00eb K\u00ebrkimit Shkencor dhe Projekteve (Pedagog)<\/p>\n<p><em>email:<\/em> acerava@gmail.com<\/p>\n<h3><span style=\"color:#008080\">a. Sektori i Projekteve<\/span><\/h3>\n<p><strong><span style=\"font-size:18px\">Monika Thimo<\/span>&nbsp;<\/strong>&#8211; Specialiste<\/p>\n<p><em>e-mail:&nbsp;<\/em>monika.shano@gmail.com<\/p>\n<h3><span style=\"color:#008080\">b. Sektori i Shkences dhe Botimeve<\/span><\/h3>\n<p><strong><span style=\"font-size:18px\">Eftiona Bylykbashi&nbsp;<\/span><\/strong>&#8211; Specialist<\/p>\n<p><em>e-mail:<\/em>&nbsp;eftionajosifi@yahoo.com<\/p>\n<p><span style=\"font-size:18px\"><strong>Mamica Sara\u00e7i&nbsp;<\/strong><\/span>&#8211; Specialist<\/p>\n<h3><span style=\"color:#008080\">c. Biblioteka Universitare<\/span><\/h3>\n<p><strong><span style=\"font-size:18px\">Elena \u00c7apo <\/span><\/strong>&#8211; P\u00ebrgjegj\u00ebs i Bibliotek\u00ebs Universitare<\/p>\n<p><em>e-mail:<\/em>&nbsp;elenatona@ymail.com<\/p>\n<p>&nbsp;<\/p>","protected":false},"excerpt":{"rendered":"<p>DEGA E K\u00cbRKIMIT SHKENCOR DHE PROJEKTEVE Ardian \u00c7\u00ebrava&nbsp;&#8211; Kryetar i Deg\u00ebs s\u00eb K\u00ebrkimit Shkencor dhe Projekteve (Pedagog) email: acerava@gmail.com a. Sektori i Projekteve Monika Thimo&nbsp;&#8211; Specialiste e-mail:&nbsp;monika.shano@gmail.com b. Sektori i Shkences dhe Botimeve Eftiona Bylykbashi&nbsp;&#8211; Specialist e-mail:&nbsp;eftionajosifi@yahoo.com Mamica Sara\u00e7i&nbsp;&#8211; Specialist c. Biblioteka Universitare Elena \u00c7apo &#8211; P\u00ebrgjegj\u00ebs i Bibliotek\u00ebs Universitare e-mail:&nbsp;elenatona@ymail.com &nbsp;<\/p>","protected":false},"author":122,"featured_media":0,"parent":0,"menu_order":0,"comment_status":"closed","ping_status":"closed","template":"","meta":{"_acf_changed":false,"footnotes":""},"class_list":["post-7976","page","type-page","status-publish","hentry"],"acf":[],"yoast_head":"<!-- This site is optimized with the Yoast SEO plugin v26.9 - https:\/\/yoast.com\/product\/yoast-seo-wordpress\/ -->\n<title>Sektori i K\u00ebrkimit &amp; Projekteve - Universiteti &quot;Fan S. Noli&quot;, Kor\u00e7\u00eb<\/title>\n<meta name=\"robots\" content=\"index, follow, max-snippet:-1, max-image-preview:large, max-video-preview:-1\" \/>\n<link rel=\"canonical\" href=\"https:\/\/unkorce.edu.al\/en\/sektori-i-kerkimit-projekteve\/\" \/>\n<meta property=\"og:locale\" content=\"en_US\" \/>\n<meta property=\"og:type\" content=\"article\" \/>\n<meta property=\"og:title\" content=\"Sektori i K\u00ebrkimit &amp; Projekteve - Universiteti &quot;Fan S. Noli&quot;, Kor\u00e7\u00eb\" \/>\n<meta property=\"og:description\" content=\"DEGA E K\u00cbRKIMIT SHKENCOR DHE PROJEKTEVE Ardian \u00c7\u00ebrava&nbsp;&#8211; Kryetar i Deg\u00ebs s\u00eb K\u00ebrkimit Shkencor dhe Projekteve (Pedagog) email: acerava@gmail.com a. Sektori i Projekteve Monika Thimo&nbsp;&#8211; Specialiste e-mail:&nbsp;monika.shano@gmail.com b. Sektori i Shkences dhe Botimeve Eftiona Bylykbashi&nbsp;&#8211; Specialist e-mail:&nbsp;eftionajosifi@yahoo.com Mamica Sara\u00e7i&nbsp;&#8211; Specialist c. Biblioteka Universitare Elena \u00c7apo &#8211; P\u00ebrgjegj\u00ebs i Bibliotek\u00ebs Universitare e-mail:&nbsp;elenatona@ymail.com &nbsp;\" \/>\n<meta property=\"og:url\" content=\"https:\/\/unkorce.edu.al\/en\/sektori-i-kerkimit-projekteve\/\" \/>\n<meta property=\"og:site_name\" content=\"Universiteti &quot;Fan S. Noli&quot;, Kor\u00e7\u00eb\" \/>\n<meta property=\"article:publisher\" content=\"https:\/\/www.facebook.com\/unkorce\" \/>\n<meta name=\"twitter:card\" content=\"summary_large_image\" \/>\n<script type=\"application\/ld+json\" class=\"yoast-schema-graph\">{\"@context\":\"https:\/\/schema.org\",\"@graph\":[{\"@type\":\"WebPage\",\"@id\":\"https:\/\/unkorce.edu.al\/sektori-i-kerkimit-projekteve\/\",\"url\":\"https:\/\/unkorce.edu.al\/sektori-i-kerkimit-projekteve\/\",\"name\":\"Sektori i K\u00ebrkimit & Projekteve - Universiteti \\\"Fan S. Noli\\\", Kor\u00e7\u00eb\",\"isPartOf\":{\"@id\":\"https:\/\/unkorce.edu.al\/#website\"},\"datePublished\":\"2016-07-27T09:05:42+00:00\",\"breadcrumb\":{\"@id\":\"https:\/\/unkorce.edu.al\/sektori-i-kerkimit-projekteve\/#breadcrumb\"},\"inLanguage\":\"en-US\",\"potentialAction\":[{\"@type\":\"ReadAction\",\"target\":[\"https:\/\/unkorce.edu.al\/sektori-i-kerkimit-projekteve\/\"]}]},{\"@type\":\"BreadcrumbList\",\"@id\":\"https:\/\/unkorce.edu.al\/sektori-i-kerkimit-projekteve\/#breadcrumb\",\"itemListElement\":[{\"@type\":\"ListItem\",\"position\":1,\"name\":\"Home\",\"item\":\"https:\/\/unkorce.edu.al\/\"},{\"@type\":\"ListItem\",\"position\":2,\"name\":\"Sektori i K\u00ebrkimit &#038; Projekteve\"}]},{\"@type\":\"WebSite\",\"@id\":\"https:\/\/unkorce.edu.al\/#website\",\"url\":\"https:\/\/unkorce.edu.al\/\",\"name\":\"Universiteti \\\"Fan S. Noli\\\", Kor\u00e7\u00eb\",\"description\":\"Mir&euml;sevini n&euml; faqen zyrtare!\",\"publisher\":{\"@id\":\"https:\/\/unkorce.edu.al\/#organization\"},\"potentialAction\":[{\"@type\":\"SearchAction\",\"target\":{\"@type\":\"EntryPoint\",\"urlTemplate\":\"https:\/\/unkorce.edu.al\/?s={search_term_string}\"},\"query-input\":{\"@type\":\"PropertyValueSpecification\",\"valueRequired\":true,\"valueName\":\"search_term_string\"}}],\"inLanguage\":\"en-US\"},{\"@type\":\"Organization\",\"@id\":\"https:\/\/unkorce.edu.al\/#organization\",\"name\":\"Universiteti \\\"Fan S. Noli\\\", Kor\u00e7\u00eb\",\"url\":\"https:\/\/unkorce.edu.al\/\",\"logo\":{\"@type\":\"ImageObject\",\"inLanguage\":\"en-US\",\"@id\":\"https:\/\/unkorce.edu.al\/#\/schema\/logo\/image\/\",\"url\":\"https:\/\/unkorce.edu.al\/wp-content\/uploads\/2024\/08\/Logo_e_Universitetit__Fan_Noli_-e1726660879862.png\",\"contentUrl\":\"https:\/\/unkorce.edu.al\/wp-content\/uploads\/2024\/08\/Logo_e_Universitetit__Fan_Noli_-e1726660879862.png\",\"width\":200,\"height\":120,\"caption\":\"Universiteti \\\"Fan S. Noli\\\", Kor\u00e7\u00eb\"},\"image\":{\"@id\":\"https:\/\/unkorce.edu.al\/#\/schema\/logo\/image\/\"},\"sameAs\":[\"https:\/\/www.facebook.com\/unkorce\"]}]}<\/script>\n<!-- \/ Yoast SEO plugin. -->","yoast_head_json":{"title":"Sektori i K\u00ebrkimit & Projekteve - Universiteti \"Fan S. Noli\", Kor\u00e7\u00eb","robots":{"index":"index","follow":"follow","max-snippet":"max-snippet:-1","max-image-preview":"max-image-preview:large","max-video-preview":"max-video-preview:-1"},"canonical":"https:\/\/unkorce.edu.al\/en\/sektori-i-kerkimit-projekteve\/","og_locale":"en_US","og_type":"article","og_title":"Sektori i K\u00ebrkimit & Projekteve - Universiteti \"Fan S. Noli\", Kor\u00e7\u00eb","og_description":"DEGA E K\u00cbRKIMIT SHKENCOR DHE PROJEKTEVE Ardian \u00c7\u00ebrava&nbsp;&#8211; Kryetar i Deg\u00ebs s\u00eb K\u00ebrkimit Shkencor dhe Projekteve (Pedagog) email: acerava@gmail.com a. Sektori i Projekteve Monika Thimo&nbsp;&#8211; Specialiste e-mail:&nbsp;monika.shano@gmail.com b. Sektori i Shkences dhe Botimeve Eftiona Bylykbashi&nbsp;&#8211; Specialist e-mail:&nbsp;eftionajosifi@yahoo.com Mamica Sara\u00e7i&nbsp;&#8211; Specialist c. Biblioteka Universitare Elena \u00c7apo &#8211; P\u00ebrgjegj\u00ebs i Bibliotek\u00ebs Universitare e-mail:&nbsp;elenatona@ymail.com &nbsp;","og_url":"https:\/\/unkorce.edu.al\/en\/sektori-i-kerkimit-projekteve\/","og_site_name":"Universiteti \"Fan S. Noli\", Kor\u00e7\u00eb","article_publisher":"https:\/\/www.facebook.com\/unkorce","twitter_card":"summary_large_image","schema":{"@context":"https:\/\/schema.org","@graph":[{"@type":"WebPage","@id":"https:\/\/unkorce.edu.al\/sektori-i-kerkimit-projekteve\/","url":"https:\/\/unkorce.edu.al\/sektori-i-kerkimit-projekteve\/","name":"Sektori i K\u00ebrkimit & Projekteve - Universiteti \"Fan S. Noli\", Kor\u00e7\u00eb","isPartOf":{"@id":"https:\/\/unkorce.edu.al\/#website"},"datePublished":"2016-07-27T09:05:42+00:00","breadcrumb":{"@id":"https:\/\/unkorce.edu.al\/sektori-i-kerkimit-projekteve\/#breadcrumb"},"inLanguage":"en-US","potentialAction":[{"@type":"ReadAction","target":["https:\/\/unkorce.edu.al\/sektori-i-kerkimit-projekteve\/"]}]},{"@type":"BreadcrumbList","@id":"https:\/\/unkorce.edu.al\/sektori-i-kerkimit-projekteve\/#breadcrumb","itemListElement":[{"@type":"ListItem","position":1,"name":"Home","item":"https:\/\/unkorce.edu.al\/"},{"@type":"ListItem","position":2,"name":"Sektori i K\u00ebrkimit &#038; Projekteve"}]},{"@type":"WebSite","@id":"https:\/\/unkorce.edu.al\/#website","url":"https:\/\/unkorce.edu.al\/","name":"Universiteti \"Fan S. Noli\", Kor\u00e7\u00eb","description":"Mir&euml;sevini n&euml; faqen zyrtare!","publisher":{"@id":"https:\/\/unkorce.edu.al\/#organization"},"potentialAction":[{"@type":"SearchAction","target":{"@type":"EntryPoint","urlTemplate":"https:\/\/unkorce.edu.al\/?s={search_term_string}"},"query-input":{"@type":"PropertyValueSpecification","valueRequired":true,"valueName":"search_term_string"}}],"inLanguage":"en-US"},{"@type":"Organization","@id":"https:\/\/unkorce.edu.al\/#organization","name":"Universiteti \"Fan S. Noli\", Kor\u00e7\u00eb","url":"https:\/\/unkorce.edu.al\/","logo":{"@type":"ImageObject","inLanguage":"en-US","@id":"https:\/\/unkorce.edu.al\/#\/schema\/logo\/image\/","url":"https:\/\/unkorce.edu.al\/wp-content\/uploads\/2024\/08\/Logo_e_Universitetit__Fan_Noli_-e1726660879862.png","contentUrl":"https:\/\/unkorce.edu.al\/wp-content\/uploads\/2024\/08\/Logo_e_Universitetit__Fan_Noli_-e1726660879862.png","width":200,"height":120,"caption":"Universiteti \"Fan S. Noli\", Kor\u00e7\u00eb"},"image":{"@id":"https:\/\/unkorce.edu.al\/#\/schema\/logo\/image\/"},"sameAs":["https:\/\/www.facebook.com\/unkorce"]}]}},"_links":{"self":[{"href":"https:\/\/unkorce.edu.al\/en\/wp-json\/wp\/v2\/pages\/7976","targetHints":{"allow":["GET"]}}],"collection":[{"href":"https:\/\/unkorce.edu.al\/en\/wp-json\/wp\/v2\/pages"}],"about":[{"href":"https:\/\/unkorce.edu.al\/en\/wp-json\/wp\/v2\/types\/page"}],"author":[{"embeddable":true,"href":"https:\/\/unkorce.edu.al\/en\/wp-json\/wp\/v2\/users\/122"}],"replies":[{"embeddable":true,"href":"https:\/\/unkorce.edu.al\/en\/wp-json\/wp\/v2\/comments?post=7976"}],"version-history":[{"count":0,"href":"https:\/\/unkorce.edu.al\/en\/wp-json\/wp\/v2\/pages\/7976\/revisions"}],"wp:attachment":[{"href":"https:\/\/unkorce.edu.al\/en\/wp-json\/wp\/v2\/media?parent=7976"}],"curies":[{"name":"wp","href":"https:\/\/api.w.org\/{rel}","templated":true}]}}