{"id":7962,"date":"2016-07-27T09:05:20","date_gmt":"2016-07-27T09:05:20","guid":{"rendered":"\/infrastruktura-biblioteka-dhe-laboratoret-ne-fshnh\/"},"modified":"2016-07-27T09:05:20","modified_gmt":"2016-07-27T09:05:20","slug":"infrastruktura-biblioteka-dhe-laboratoret-ne-fshnh","status":"publish","type":"page","link":"https:\/\/unkorce.edu.al\/en\/infrastruktura-biblioteka-dhe-laboratoret-ne-fshnh\/","title":{"rendered":"Infrastruktura &#8211; Biblioteka dhe Laboratoret ne FSHNH"},"content":{"rendered":"<p class=\"rtecenter\"><span style=\"font-size:20px\"><span style=\"font-family:times new roman,times,serif\"><strong>INFRASTRUKTURA &#8211; BIBLIOTEKA DHE LABORATOR\u00cbT&nbsp; N\u00cb FSHNH<\/strong><\/span><\/span><\/p>\n<p class=\"rtejustify\">Fakulteti i Shkencave t\u00eb Natyr\u00ebs&nbsp;dhe Shkencave Humane me nj\u00eb sip\u00ebrfaqe trualli prej 10251 m<sup>2<\/sup>; &nbsp;zhvillon veprimtarin\u00eb m\u00ebsimore dhe shkencore n\u00eb dy godina, godin\u00ebn e re (ish-Divizioni) dhe godin\u00ebn ekzistuese t\u00eb Shkoll\u00ebs s\u00eb Infermieris\u00eb.<\/p>\n<ul>\n<li class=\"rtejustify\">Godina qendrore me sip\u00ebrfaqe 772.8 m<sup>2 <\/sup>(dy kate) disponon 3 salla leksionesh me kapacitet 50-80 vende, 6 klasa seminaresh me kapacitet 30-40 vende dhe 1 amfiteat\u00ebr me kapacitet 140 vende. Godina e dyt\u00eb \u00ebsht\u00eb bibliotek\u00eb dhe qend\u00ebr interneti p\u00ebr student\u00ebt.&nbsp;<\/li>\n<\/ul>\n<p class=\"rtecenter\"><img decoding=\"async\" alt=\"\" src=\"\/sites\/default\/files\/fshn1.JPG\" style=\"height:241px; width:700px\" \/><\/p>\n<p class=\"rtejustify\">&nbsp; &nbsp; &nbsp;K\u0451to auditore krijojn\u0451 kushte komode p\u00ebr realizimin e procesit t\u00eb m\u00ebsimdh\u00ebnies. T\u00eb gjitha sallat jan\u0451 t\u00eb pajisura me videoprojektor\u0451,&nbsp;t\u0451 cil\u00ebt shfryt\u00ebzohen p\u00ebr prezantime t\u00eb punimeve t\u00eb ndryshme n\u00eb fush\u00ebn didaktike dhe shkencore.&nbsp;<\/p>\n<p class=\"rtecenter\"><img decoding=\"async\" alt=\"\" src=\"\/sites\/default\/files\/foto%202_0.JPG\" style=\"height:394px; width:700px\" \/><\/p>\n<p>N\u00eb godin\u00ebn q\u00ebndrore t\u00eb Fakultetit t\u00eb Shkencave t\u00eb Natyr\u00ebs&nbsp;dhe Shkencave Humane ndodhen 7 laborator\u00eb:<\/p>\n<p>&nbsp;Laboratori i Biologjis\u00eb<\/p>\n<p>&nbsp;Laboratori i Kimis\u00eb<\/p>\n<p>&nbsp;2 laborator\u00eb t\u00eb Informatik\u00ebs<\/p>\n<p>&nbsp;3 laborator\u00eb t\u00eb Fizik\u00ebs, t\u00eb ngritur n\u00eb 2 ambiente<\/p>\n<p class=\"rtecenter\"><img decoding=\"async\" alt=\"\" src=\"\/sites\/default\/files\/Laboratori%20i%20biologjise%20dhe%20kimise.JPG\" style=\"height:290px; width:700px\" \/><\/p>\n<p class=\"rtecenter\"><strong><span style=\"font-size:16px\"><span style=\"font-family:times new roman,times,serif\">Laboratori i Biologjis\u00eb&nbsp;&nbsp;&nbsp;&nbsp;&nbsp;&nbsp;&nbsp;&nbsp;&nbsp;&nbsp;&nbsp;&nbsp;&nbsp;&nbsp;&nbsp;&nbsp;&nbsp;&nbsp;&nbsp;&nbsp;&nbsp;&nbsp;&nbsp;&nbsp;&nbsp;&nbsp;&nbsp;&nbsp;&nbsp;&nbsp;&nbsp;&nbsp;&nbsp;&nbsp;&nbsp;&nbsp;&nbsp;&nbsp;&nbsp;&nbsp;&nbsp;&nbsp;&nbsp;&nbsp;&nbsp;&nbsp;&nbsp;&nbsp;&nbsp;&nbsp; Laboratori i Kimis\u00eb<\/span><\/span><\/strong><\/p>\n<p class=\"rtecenter\"><img decoding=\"async\" alt=\"\" src=\"\/sites\/default\/files\/laborator%20fizike%20dhe%20informatike%203.JPG\" style=\"height:268px; width:700px\" \/><\/p>\n<p class=\"rtecenter\"><strong><span style=\"font-size:16px\"><span style=\"font-family:times new roman,times,serif\">Laborator&nbsp; Fizike&nbsp;&nbsp;&nbsp;&nbsp;&nbsp;&nbsp;&nbsp;&nbsp;&nbsp;&nbsp;&nbsp;&nbsp;&nbsp;&nbsp;&nbsp;&nbsp;&nbsp;&nbsp;&nbsp;&nbsp;&nbsp;&nbsp;&nbsp;&nbsp;&nbsp;&nbsp;&nbsp;&nbsp;&nbsp;&nbsp;&nbsp;&nbsp;&nbsp;&nbsp;&nbsp;&nbsp;&nbsp;&nbsp;&nbsp;&nbsp;&nbsp;&nbsp;&nbsp;&nbsp;&nbsp;&nbsp;&nbsp;&nbsp; Laborator Informatike<\/span><\/span><\/strong><\/p>\n<p>Biblioteka me nj\u00eb sip\u00ebrfaqe prej 163 m<sup>2<\/sup> \u00ebsht\u00eb nj\u00eb nga qendrat kryesore t\u00eb informacionit dhe k\u00ebrkimit n\u00eb Fakultetin e Shkencave t\u00eb Natyr\u00ebs dhe Shkencave Humane.&nbsp;<\/p>\n<p class=\"rtecenter\"><img decoding=\"async\" alt=\"\" src=\"\/sites\/default\/files\/ambiente%20te%20bibliotekese%20ne%20fshnh%202.JPG\" style=\"height:219px; width:700px\" \/><\/p>\n<p class=\"rtecenter\"><strong><span style=\"font-size:16px\"><span style=\"font-family:times new roman,times,serif\">Ambiente t\u00eb Bibliotek\u00ebs n\u00eb FSHNH<\/span><\/span><\/strong><\/p>\n<p>Ajo p\u00ebrfshin libra, t\u00eb cilat i p\u00ebrkasin disiplinave t\u00eb ndryshme, kryesisht deg\u00ebve t\u00eb Filozofis\u00eb, Sociologjis\u00eb, Infermieris\u00eb, Biologji-Kimis\u00eb, Matematik\u00ebs, Fizik\u00ebs, Informatik\u00ebs, etj. Titujt p\u00ebrfshijn\u00eb tekste t\u00eb r\u00ebnd\u00ebsishme t\u00eb shkruara n\u00eb gjuh\u00ebt m\u00eb t\u00eb frekuentuara n\u00eb Shqip\u00ebri: shqip, anglisht, italisht, etj. Gjithashtu, biblioteka \u00ebsht\u00eb vazhdimisht e p\u00ebrdit\u00ebsuar me materiale t\u00eb reja nga burime t\u00eb ndryshme, komb\u00ebtare dhe nd\u00ebrkomb\u00ebtare, t\u00eb cilat p\u00ebrfshijn\u00eb blerje t\u00eb vazhdueshme si edhe kontribute nga donator\u00eb t\u00eb ndrysh\u00ebm, Shqiptar\u00eb e t\u00eb huaj.<\/p>\n<p class=\"rtejustify\">Fondi i librave shfryt\u00ebzohet dhe ndihmon student\u00ebt dhe pedagog\u00ebt n\u00eb zhvillimin e procesit akademik, k\u00ebrkimor e shkencor. P\u00ebrve\u00e7 librave, biblioteka ofron nj\u00eb ambient t\u00eb qet\u00eb e t\u00eb ngroht\u00eb studimi, si dhe materiale t\u00eb tjera t\u00eb nevojshme, si kompjutera, printer, skaner, etj.<\/p>\n<ul>\n<li>Godina e Departamentit t\u00eb Infermieris\u00eb \u00ebsht\u00eb nd\u00ebrtuar n\u00eb vitet 90\u2019. Vendndodhja e saj \u00ebsht\u00eb pran\u00eb Spitalit t\u00eb Rrethit Kor\u00e7\u00eb, ku student\u00ebt kryejn\u00eb praktikat m\u00ebsimore. Sip\u00ebrfaqja e ambienteve t\u00eb m\u00ebsimdh\u00ebnies \u00ebsht\u00eb rreth 1800 m<sup>2<\/sup>. Godina ka n\u00eb p\u00ebrb\u00ebrjen e saj 3&nbsp;salla leksionesh me nj\u00eb kapacitet prej 40-60 vende secila, 2 salla seminaresh dhe&nbsp;7 klasa laboratori.<\/li>\n<\/ul>\n<p>Laborator\u00ebt jan\u00eb t\u00eb ndar\u00eb funksionalisht si vijon:<\/p>\n<p>&nbsp;Laboratori i Obstetrik\u00eb-Gjinekologjis\u00eb<\/p>\n<p>&nbsp;Laboratori Kirurgjikal<\/p>\n<p>&nbsp;2 laboratore t\u00eb Anatomo-Fiziologjis\u00eb<\/p>\n<p>&nbsp;3 laboratore Infermieristik\u00eb<\/p>\n<p class=\"rtecenter\"><img decoding=\"async\" alt=\"\" src=\"\/sites\/default\/files\/ambietet%20e%20laboratoret%20e%20infermierise.JPG\" style=\"height:654px; width:700px\" \/><\/p>\n<p class=\"rtecenter\"><strong><span style=\"font-size:16px\"><span style=\"font-family:times new roman,times,serif\">Ambiente nga laborator\u00ebt&nbsp; e Departamentit t\u00eb Infermieris\u00eb<\/span><\/span><\/strong><\/p>\n<p class=\"rtejustify\">K\u00ebta laborator\u00eb jan\u00eb t\u00eb pajisur me materiale t\u00eb nevojshme p\u00ebr zhvillimin e or\u00ebve m\u00ebsimore si: postera, mulazhe, manekin\u00eb, aparatura m\u00ebsimore mjek\u00ebsore, instrumenta mjek\u00ebsore, shtrate vizite, diapozitiv\u00eb, televizor\u00eb, video si dhe materiale t\u00eb tjera p\u00ebr akomodimin e student\u00ebve.<\/p>\n<p class=\"rtejustify\">Gjithashtu ne fakultet ndodhen:&nbsp;sekretaria&nbsp;m\u00ebsimore, sallat e pedagog\u00ebve, zyra e&nbsp;&nbsp;arkivit, disa&nbsp;ambiente p\u00ebr student\u00ebt, etj.<\/p>\n<p>&nbsp;<\/p>","protected":false},"excerpt":{"rendered":"<p>INFRASTRUKTURA &#8211; BIBLIOTEKA DHE LABORATOR\u00cbT&nbsp; N\u00cb FSHNH Fakulteti i Shkencave t\u00eb Natyr\u00ebs&nbsp;dhe Shkencave Humane me nj\u00eb sip\u00ebrfaqe trualli prej 10251 m2; &nbsp;zhvillon veprimtarin\u00eb m\u00ebsimore dhe shkencore n\u00eb dy godina, godin\u00ebn e re (ish-Divizioni) dhe godin\u00ebn ekzistuese t\u00eb Shkoll\u00ebs s\u00eb Infermieris\u00eb. Godina qendrore me sip\u00ebrfaqe 772.8 m2 (dy kate) disponon 3 salla leksionesh me kapacitet 50-80&#8230;<\/p>","protected":false},"author":122,"featured_media":0,"parent":0,"menu_order":0,"comment_status":"closed","ping_status":"closed","template":"","meta":{"_acf_changed":false,"footnotes":""},"class_list":["post-7962","page","type-page","status-publish","hentry"],"acf":[],"yoast_head":"<!-- This site is optimized with the Yoast SEO plugin v26.9 - https:\/\/yoast.com\/product\/yoast-seo-wordpress\/ -->\n<title>Infrastruktura - Biblioteka dhe Laboratoret ne FSHNH - Universiteti &quot;Fan S. Noli&quot;, Kor\u00e7\u00eb<\/title>\n<meta name=\"robots\" content=\"index, follow, max-snippet:-1, max-image-preview:large, max-video-preview:-1\" \/>\n<link rel=\"canonical\" href=\"https:\/\/unkorce.edu.al\/en\/infrastruktura-biblioteka-dhe-laboratoret-ne-fshnh\/\" \/>\n<meta property=\"og:locale\" content=\"en_US\" \/>\n<meta property=\"og:type\" content=\"article\" \/>\n<meta property=\"og:title\" content=\"Infrastruktura - Biblioteka dhe Laboratoret ne FSHNH - Universiteti &quot;Fan S. Noli&quot;, Kor\u00e7\u00eb\" \/>\n<meta property=\"og:description\" content=\"INFRASTRUKTURA &#8211; BIBLIOTEKA DHE LABORATOR\u00cbT&nbsp; N\u00cb FSHNH Fakulteti i Shkencave t\u00eb Natyr\u00ebs&nbsp;dhe Shkencave Humane me nj\u00eb sip\u00ebrfaqe trualli prej 10251 m2; &nbsp;zhvillon veprimtarin\u00eb m\u00ebsimore dhe shkencore n\u00eb dy godina, godin\u00ebn e re (ish-Divizioni) dhe godin\u00ebn ekzistuese t\u00eb Shkoll\u00ebs s\u00eb Infermieris\u00eb. Godina qendrore me sip\u00ebrfaqe 772.8 m2 (dy kate) disponon 3 salla leksionesh me kapacitet 50-80...\" \/>\n<meta property=\"og:url\" content=\"https:\/\/unkorce.edu.al\/en\/infrastruktura-biblioteka-dhe-laboratoret-ne-fshnh\/\" \/>\n<meta property=\"og:site_name\" content=\"Universiteti &quot;Fan S. Noli&quot;, Kor\u00e7\u00eb\" \/>\n<meta property=\"article:publisher\" content=\"https:\/\/www.facebook.com\/unkorce\" \/>\n<meta name=\"twitter:card\" content=\"summary_large_image\" \/>\n<meta name=\"twitter:label1\" content=\"Est. reading time\" \/>\n\t<meta name=\"twitter:data1\" content=\"3 minutes\" \/>\n<script type=\"application\/ld+json\" class=\"yoast-schema-graph\">{\"@context\":\"https:\/\/schema.org\",\"@graph\":[{\"@type\":\"WebPage\",\"@id\":\"https:\/\/unkorce.edu.al\/infrastruktura-biblioteka-dhe-laboratoret-ne-fshnh\/\",\"url\":\"https:\/\/unkorce.edu.al\/infrastruktura-biblioteka-dhe-laboratoret-ne-fshnh\/\",\"name\":\"Infrastruktura - Biblioteka dhe Laboratoret ne FSHNH - Universiteti \\\"Fan S. Noli\\\", Kor\u00e7\u00eb\",\"isPartOf\":{\"@id\":\"https:\/\/unkorce.edu.al\/#website\"},\"datePublished\":\"2016-07-27T09:05:20+00:00\",\"breadcrumb\":{\"@id\":\"https:\/\/unkorce.edu.al\/infrastruktura-biblioteka-dhe-laboratoret-ne-fshnh\/#breadcrumb\"},\"inLanguage\":\"en-US\",\"potentialAction\":[{\"@type\":\"ReadAction\",\"target\":[\"https:\/\/unkorce.edu.al\/infrastruktura-biblioteka-dhe-laboratoret-ne-fshnh\/\"]}]},{\"@type\":\"BreadcrumbList\",\"@id\":\"https:\/\/unkorce.edu.al\/infrastruktura-biblioteka-dhe-laboratoret-ne-fshnh\/#breadcrumb\",\"itemListElement\":[{\"@type\":\"ListItem\",\"position\":1,\"name\":\"Home\",\"item\":\"https:\/\/unkorce.edu.al\/\"},{\"@type\":\"ListItem\",\"position\":2,\"name\":\"Infrastruktura &#8211; Biblioteka dhe Laboratoret ne FSHNH\"}]},{\"@type\":\"WebSite\",\"@id\":\"https:\/\/unkorce.edu.al\/#website\",\"url\":\"https:\/\/unkorce.edu.al\/\",\"name\":\"Universiteti \\\"Fan S. Noli\\\", Kor\u00e7\u00eb\",\"description\":\"Mir&euml;sevini n&euml; faqen zyrtare!\",\"publisher\":{\"@id\":\"https:\/\/unkorce.edu.al\/#organization\"},\"potentialAction\":[{\"@type\":\"SearchAction\",\"target\":{\"@type\":\"EntryPoint\",\"urlTemplate\":\"https:\/\/unkorce.edu.al\/?s={search_term_string}\"},\"query-input\":{\"@type\":\"PropertyValueSpecification\",\"valueRequired\":true,\"valueName\":\"search_term_string\"}}],\"inLanguage\":\"en-US\"},{\"@type\":\"Organization\",\"@id\":\"https:\/\/unkorce.edu.al\/#organization\",\"name\":\"Universiteti \\\"Fan S. Noli\\\", Kor\u00e7\u00eb\",\"url\":\"https:\/\/unkorce.edu.al\/\",\"logo\":{\"@type\":\"ImageObject\",\"inLanguage\":\"en-US\",\"@id\":\"https:\/\/unkorce.edu.al\/#\/schema\/logo\/image\/\",\"url\":\"https:\/\/unkorce.edu.al\/wp-content\/uploads\/2024\/08\/Logo_e_Universitetit__Fan_Noli_-e1726660879862.png\",\"contentUrl\":\"https:\/\/unkorce.edu.al\/wp-content\/uploads\/2024\/08\/Logo_e_Universitetit__Fan_Noli_-e1726660879862.png\",\"width\":200,\"height\":120,\"caption\":\"Universiteti \\\"Fan S. Noli\\\", Kor\u00e7\u00eb\"},\"image\":{\"@id\":\"https:\/\/unkorce.edu.al\/#\/schema\/logo\/image\/\"},\"sameAs\":[\"https:\/\/www.facebook.com\/unkorce\"]}]}<\/script>\n<!-- \/ Yoast SEO plugin. -->","yoast_head_json":{"title":"Infrastruktura - Biblioteka dhe Laboratoret ne FSHNH - Universiteti \"Fan S. Noli\", Kor\u00e7\u00eb","robots":{"index":"index","follow":"follow","max-snippet":"max-snippet:-1","max-image-preview":"max-image-preview:large","max-video-preview":"max-video-preview:-1"},"canonical":"https:\/\/unkorce.edu.al\/en\/infrastruktura-biblioteka-dhe-laboratoret-ne-fshnh\/","og_locale":"en_US","og_type":"article","og_title":"Infrastruktura - Biblioteka dhe Laboratoret ne FSHNH - Universiteti \"Fan S. Noli\", Kor\u00e7\u00eb","og_description":"INFRASTRUKTURA &#8211; BIBLIOTEKA DHE LABORATOR\u00cbT&nbsp; N\u00cb FSHNH Fakulteti i Shkencave t\u00eb Natyr\u00ebs&nbsp;dhe Shkencave Humane me nj\u00eb sip\u00ebrfaqe trualli prej 10251 m2; &nbsp;zhvillon veprimtarin\u00eb m\u00ebsimore dhe shkencore n\u00eb dy godina, godin\u00ebn e re (ish-Divizioni) dhe godin\u00ebn ekzistuese t\u00eb Shkoll\u00ebs s\u00eb Infermieris\u00eb. Godina qendrore me sip\u00ebrfaqe 772.8 m2 (dy kate) disponon 3 salla leksionesh me kapacitet 50-80...","og_url":"https:\/\/unkorce.edu.al\/en\/infrastruktura-biblioteka-dhe-laboratoret-ne-fshnh\/","og_site_name":"Universiteti \"Fan S. Noli\", Kor\u00e7\u00eb","article_publisher":"https:\/\/www.facebook.com\/unkorce","twitter_card":"summary_large_image","twitter_misc":{"Est. reading time":"3 minutes"},"schema":{"@context":"https:\/\/schema.org","@graph":[{"@type":"WebPage","@id":"https:\/\/unkorce.edu.al\/infrastruktura-biblioteka-dhe-laboratoret-ne-fshnh\/","url":"https:\/\/unkorce.edu.al\/infrastruktura-biblioteka-dhe-laboratoret-ne-fshnh\/","name":"Infrastruktura - Biblioteka dhe Laboratoret ne FSHNH - Universiteti \"Fan S. Noli\", Kor\u00e7\u00eb","isPartOf":{"@id":"https:\/\/unkorce.edu.al\/#website"},"datePublished":"2016-07-27T09:05:20+00:00","breadcrumb":{"@id":"https:\/\/unkorce.edu.al\/infrastruktura-biblioteka-dhe-laboratoret-ne-fshnh\/#breadcrumb"},"inLanguage":"en-US","potentialAction":[{"@type":"ReadAction","target":["https:\/\/unkorce.edu.al\/infrastruktura-biblioteka-dhe-laboratoret-ne-fshnh\/"]}]},{"@type":"BreadcrumbList","@id":"https:\/\/unkorce.edu.al\/infrastruktura-biblioteka-dhe-laboratoret-ne-fshnh\/#breadcrumb","itemListElement":[{"@type":"ListItem","position":1,"name":"Home","item":"https:\/\/unkorce.edu.al\/"},{"@type":"ListItem","position":2,"name":"Infrastruktura &#8211; Biblioteka dhe Laboratoret ne FSHNH"}]},{"@type":"WebSite","@id":"https:\/\/unkorce.edu.al\/#website","url":"https:\/\/unkorce.edu.al\/","name":"Universiteti \"Fan S. Noli\", Kor\u00e7\u00eb","description":"Mir&euml;sevini n&euml; faqen zyrtare!","publisher":{"@id":"https:\/\/unkorce.edu.al\/#organization"},"potentialAction":[{"@type":"SearchAction","target":{"@type":"EntryPoint","urlTemplate":"https:\/\/unkorce.edu.al\/?s={search_term_string}"},"query-input":{"@type":"PropertyValueSpecification","valueRequired":true,"valueName":"search_term_string"}}],"inLanguage":"en-US"},{"@type":"Organization","@id":"https:\/\/unkorce.edu.al\/#organization","name":"Universiteti \"Fan S. Noli\", Kor\u00e7\u00eb","url":"https:\/\/unkorce.edu.al\/","logo":{"@type":"ImageObject","inLanguage":"en-US","@id":"https:\/\/unkorce.edu.al\/#\/schema\/logo\/image\/","url":"https:\/\/unkorce.edu.al\/wp-content\/uploads\/2024\/08\/Logo_e_Universitetit__Fan_Noli_-e1726660879862.png","contentUrl":"https:\/\/unkorce.edu.al\/wp-content\/uploads\/2024\/08\/Logo_e_Universitetit__Fan_Noli_-e1726660879862.png","width":200,"height":120,"caption":"Universiteti \"Fan S. Noli\", Kor\u00e7\u00eb"},"image":{"@id":"https:\/\/unkorce.edu.al\/#\/schema\/logo\/image\/"},"sameAs":["https:\/\/www.facebook.com\/unkorce"]}]}},"_links":{"self":[{"href":"https:\/\/unkorce.edu.al\/en\/wp-json\/wp\/v2\/pages\/7962","targetHints":{"allow":["GET"]}}],"collection":[{"href":"https:\/\/unkorce.edu.al\/en\/wp-json\/wp\/v2\/pages"}],"about":[{"href":"https:\/\/unkorce.edu.al\/en\/wp-json\/wp\/v2\/types\/page"}],"author":[{"embeddable":true,"href":"https:\/\/unkorce.edu.al\/en\/wp-json\/wp\/v2\/users\/122"}],"replies":[{"embeddable":true,"href":"https:\/\/unkorce.edu.al\/en\/wp-json\/wp\/v2\/comments?post=7962"}],"version-history":[{"count":0,"href":"https:\/\/unkorce.edu.al\/en\/wp-json\/wp\/v2\/pages\/7962\/revisions"}],"wp:attachment":[{"href":"https:\/\/unkorce.edu.al\/en\/wp-json\/wp\/v2\/media?parent=7962"}],"curies":[{"name":"wp","href":"https:\/\/api.w.org\/{rel}","templated":true}]}}