{"id":7946,"date":"2016-07-27T09:05:20","date_gmt":"2016-07-27T09:05:20","guid":{"rendered":"\/department-social-sciences\/"},"modified":"2016-07-27T09:05:20","modified_gmt":"2016-07-27T09:05:20","slug":"department-social-sciences","status":"publish","type":"page","link":"https:\/\/unkorce.edu.al\/en\/department-social-sciences\/","title":{"rendered":"Department of Social Sciences"},"content":{"rendered":"<p class=\"rtecenter\"><span style=\"font-size:18px\">Department of Social Sciences<\/span><\/p>\n<p><strong>P\u00ebrgjegj\u00ebs departamenti:<\/strong>&nbsp; Dr. Magdalini Vampa<\/p>\n<p><strong>1. <\/strong>Prof. dr. Gjergji Pendavinji<\/p>\n<p><strong>2. <\/strong>Prof.as Josif Minga<\/p>\n<p><strong>3. <\/strong>Doc. Ardian Matka<\/p>\n<p><strong>4. <\/strong>Dr. Denisa Titili<\/p>\n<p><strong>5. <\/strong>Msc. Mitjana Profiri<\/p>\n<p><strong>6. <\/strong>Dr. Maria Doj\u00e7e<\/p>\n<p><strong>7. <\/strong>Msc. Suela Ibraimllari<\/p>\n<p><strong>8. <\/strong>Msc. Ina Zall\u00ebmi<\/p>\n<p><strong>9. <\/strong>Msc. Eriseld Kalemaj<\/p>\n<p><strong>10.<\/strong> Msc. Alket Dino<\/p>\n<p><strong>11.<\/strong> Msc. Viola Dolani<\/p>\n<p><strong>12<\/strong>. Msc. Jordan Jorgji<\/p>\n<p><strong>13<\/strong>. Msc. Elona Kodhel<\/p>","protected":false},"excerpt":{"rendered":"<p>Department of Social Sciences P\u00ebrgjegj\u00ebs departamenti:&nbsp; Dr. Magdalini Vampa 1. Prof. dr. Gjergji Pendavinji 2. Prof.as Josif Minga 3. Doc. Ardian Matka 4. Dr. Denisa Titili 5. Msc. Mitjana Profiri 6. Dr. Maria Doj\u00e7e 7. Msc. Suela Ibraimllari 8. Msc. Ina Zall\u00ebmi 9. Msc. Eriseld Kalemaj 10. Msc. Alket Dino 11. Msc. Viola Dolani 12&#8230;.<\/p>","protected":false},"author":122,"featured_media":0,"parent":0,"menu_order":0,"comment_status":"closed","ping_status":"closed","template":"","meta":{"_acf_changed":false,"footnotes":""},"class_list":["post-7946","page","type-page","status-publish","hentry"],"acf":[],"yoast_head":"<!-- This site is optimized with the Yoast SEO plugin v26.9 - https:\/\/yoast.com\/product\/yoast-seo-wordpress\/ -->\n<title>Department of Social Sciences - Universiteti &quot;Fan S. Noli&quot;, Kor\u00e7\u00eb<\/title>\n<meta name=\"robots\" content=\"index, follow, max-snippet:-1, max-image-preview:large, max-video-preview:-1\" \/>\n<link rel=\"canonical\" href=\"https:\/\/unkorce.edu.al\/en\/department-social-sciences\/\" \/>\n<meta property=\"og:locale\" content=\"en_US\" \/>\n<meta property=\"og:type\" content=\"article\" \/>\n<meta property=\"og:title\" content=\"Department of Social Sciences - Universiteti &quot;Fan S. Noli&quot;, Kor\u00e7\u00eb\" \/>\n<meta property=\"og:description\" content=\"Department of Social Sciences P\u00ebrgjegj\u00ebs departamenti:&nbsp; Dr. Magdalini Vampa 1. Prof. dr. Gjergji Pendavinji 2. Prof.as Josif Minga 3. Doc. Ardian Matka 4. Dr. Denisa Titili 5. Msc. Mitjana Profiri 6. Dr. Maria Doj\u00e7e 7. Msc. Suela Ibraimllari 8. Msc. Ina Zall\u00ebmi 9. Msc. Eriseld Kalemaj 10. Msc. Alket Dino 11. Msc. Viola Dolani 12....\" \/>\n<meta property=\"og:url\" content=\"https:\/\/unkorce.edu.al\/en\/department-social-sciences\/\" \/>\n<meta property=\"og:site_name\" content=\"Universiteti &quot;Fan S. Noli&quot;, Kor\u00e7\u00eb\" \/>\n<meta property=\"article:publisher\" content=\"https:\/\/www.facebook.com\/unkorce\" \/>\n<meta name=\"twitter:card\" content=\"summary_large_image\" \/>\n<script type=\"application\/ld+json\" class=\"yoast-schema-graph\">{\"@context\":\"https:\/\/schema.org\",\"@graph\":[{\"@type\":\"WebPage\",\"@id\":\"https:\/\/unkorce.edu.al\/department-social-sciences\/\",\"url\":\"https:\/\/unkorce.edu.al\/department-social-sciences\/\",\"name\":\"Department of Social Sciences - Universiteti \\\"Fan S. Noli\\\", Kor\u00e7\u00eb\",\"isPartOf\":{\"@id\":\"https:\/\/unkorce.edu.al\/#website\"},\"datePublished\":\"2016-07-27T09:05:20+00:00\",\"breadcrumb\":{\"@id\":\"https:\/\/unkorce.edu.al\/department-social-sciences\/#breadcrumb\"},\"inLanguage\":\"en-US\",\"potentialAction\":[{\"@type\":\"ReadAction\",\"target\":[\"https:\/\/unkorce.edu.al\/department-social-sciences\/\"]}]},{\"@type\":\"BreadcrumbList\",\"@id\":\"https:\/\/unkorce.edu.al\/department-social-sciences\/#breadcrumb\",\"itemListElement\":[{\"@type\":\"ListItem\",\"position\":1,\"name\":\"Home\",\"item\":\"https:\/\/unkorce.edu.al\/\"},{\"@type\":\"ListItem\",\"position\":2,\"name\":\"Department of Social Sciences\"}]},{\"@type\":\"WebSite\",\"@id\":\"https:\/\/unkorce.edu.al\/#website\",\"url\":\"https:\/\/unkorce.edu.al\/\",\"name\":\"Universiteti \\\"Fan S. Noli\\\", Kor\u00e7\u00eb\",\"description\":\"Mir&euml;sevini n&euml; faqen zyrtare!\",\"publisher\":{\"@id\":\"https:\/\/unkorce.edu.al\/#organization\"},\"potentialAction\":[{\"@type\":\"SearchAction\",\"target\":{\"@type\":\"EntryPoint\",\"urlTemplate\":\"https:\/\/unkorce.edu.al\/?s={search_term_string}\"},\"query-input\":{\"@type\":\"PropertyValueSpecification\",\"valueRequired\":true,\"valueName\":\"search_term_string\"}}],\"inLanguage\":\"en-US\"},{\"@type\":\"Organization\",\"@id\":\"https:\/\/unkorce.edu.al\/#organization\",\"name\":\"Universiteti \\\"Fan S. Noli\\\", Kor\u00e7\u00eb\",\"url\":\"https:\/\/unkorce.edu.al\/\",\"logo\":{\"@type\":\"ImageObject\",\"inLanguage\":\"en-US\",\"@id\":\"https:\/\/unkorce.edu.al\/#\/schema\/logo\/image\/\",\"url\":\"https:\/\/unkorce.edu.al\/wp-content\/uploads\/2024\/08\/Logo_e_Universitetit__Fan_Noli_-e1726660879862.png\",\"contentUrl\":\"https:\/\/unkorce.edu.al\/wp-content\/uploads\/2024\/08\/Logo_e_Universitetit__Fan_Noli_-e1726660879862.png\",\"width\":200,\"height\":120,\"caption\":\"Universiteti \\\"Fan S. Noli\\\", Kor\u00e7\u00eb\"},\"image\":{\"@id\":\"https:\/\/unkorce.edu.al\/#\/schema\/logo\/image\/\"},\"sameAs\":[\"https:\/\/www.facebook.com\/unkorce\"]}]}<\/script>\n<!-- \/ Yoast SEO plugin. -->","yoast_head_json":{"title":"Department of Social Sciences - Universiteti \"Fan S. Noli\", Kor\u00e7\u00eb","robots":{"index":"index","follow":"follow","max-snippet":"max-snippet:-1","max-image-preview":"max-image-preview:large","max-video-preview":"max-video-preview:-1"},"canonical":"https:\/\/unkorce.edu.al\/en\/department-social-sciences\/","og_locale":"en_US","og_type":"article","og_title":"Department of Social Sciences - Universiteti \"Fan S. Noli\", Kor\u00e7\u00eb","og_description":"Department of Social Sciences P\u00ebrgjegj\u00ebs departamenti:&nbsp; Dr. Magdalini Vampa 1. Prof. dr. Gjergji Pendavinji 2. Prof.as Josif Minga 3. Doc. Ardian Matka 4. Dr. Denisa Titili 5. Msc. Mitjana Profiri 6. Dr. Maria Doj\u00e7e 7. Msc. Suela Ibraimllari 8. Msc. Ina Zall\u00ebmi 9. Msc. Eriseld Kalemaj 10. Msc. Alket Dino 11. Msc. Viola Dolani 12....","og_url":"https:\/\/unkorce.edu.al\/en\/department-social-sciences\/","og_site_name":"Universiteti \"Fan S. Noli\", Kor\u00e7\u00eb","article_publisher":"https:\/\/www.facebook.com\/unkorce","twitter_card":"summary_large_image","schema":{"@context":"https:\/\/schema.org","@graph":[{"@type":"WebPage","@id":"https:\/\/unkorce.edu.al\/department-social-sciences\/","url":"https:\/\/unkorce.edu.al\/department-social-sciences\/","name":"Department of Social Sciences - Universiteti \"Fan S. Noli\", Kor\u00e7\u00eb","isPartOf":{"@id":"https:\/\/unkorce.edu.al\/#website"},"datePublished":"2016-07-27T09:05:20+00:00","breadcrumb":{"@id":"https:\/\/unkorce.edu.al\/department-social-sciences\/#breadcrumb"},"inLanguage":"en-US","potentialAction":[{"@type":"ReadAction","target":["https:\/\/unkorce.edu.al\/department-social-sciences\/"]}]},{"@type":"BreadcrumbList","@id":"https:\/\/unkorce.edu.al\/department-social-sciences\/#breadcrumb","itemListElement":[{"@type":"ListItem","position":1,"name":"Home","item":"https:\/\/unkorce.edu.al\/"},{"@type":"ListItem","position":2,"name":"Department of Social Sciences"}]},{"@type":"WebSite","@id":"https:\/\/unkorce.edu.al\/#website","url":"https:\/\/unkorce.edu.al\/","name":"Universiteti \"Fan S. Noli\", Kor\u00e7\u00eb","description":"Mir&euml;sevini n&euml; faqen zyrtare!","publisher":{"@id":"https:\/\/unkorce.edu.al\/#organization"},"potentialAction":[{"@type":"SearchAction","target":{"@type":"EntryPoint","urlTemplate":"https:\/\/unkorce.edu.al\/?s={search_term_string}"},"query-input":{"@type":"PropertyValueSpecification","valueRequired":true,"valueName":"search_term_string"}}],"inLanguage":"en-US"},{"@type":"Organization","@id":"https:\/\/unkorce.edu.al\/#organization","name":"Universiteti \"Fan S. Noli\", Kor\u00e7\u00eb","url":"https:\/\/unkorce.edu.al\/","logo":{"@type":"ImageObject","inLanguage":"en-US","@id":"https:\/\/unkorce.edu.al\/#\/schema\/logo\/image\/","url":"https:\/\/unkorce.edu.al\/wp-content\/uploads\/2024\/08\/Logo_e_Universitetit__Fan_Noli_-e1726660879862.png","contentUrl":"https:\/\/unkorce.edu.al\/wp-content\/uploads\/2024\/08\/Logo_e_Universitetit__Fan_Noli_-e1726660879862.png","width":200,"height":120,"caption":"Universiteti \"Fan S. Noli\", Kor\u00e7\u00eb"},"image":{"@id":"https:\/\/unkorce.edu.al\/#\/schema\/logo\/image\/"},"sameAs":["https:\/\/www.facebook.com\/unkorce"]}]}},"_links":{"self":[{"href":"https:\/\/unkorce.edu.al\/en\/wp-json\/wp\/v2\/pages\/7946","targetHints":{"allow":["GET"]}}],"collection":[{"href":"https:\/\/unkorce.edu.al\/en\/wp-json\/wp\/v2\/pages"}],"about":[{"href":"https:\/\/unkorce.edu.al\/en\/wp-json\/wp\/v2\/types\/page"}],"author":[{"embeddable":true,"href":"https:\/\/unkorce.edu.al\/en\/wp-json\/wp\/v2\/users\/122"}],"replies":[{"embeddable":true,"href":"https:\/\/unkorce.edu.al\/en\/wp-json\/wp\/v2\/comments?post=7946"}],"version-history":[{"count":0,"href":"https:\/\/unkorce.edu.al\/en\/wp-json\/wp\/v2\/pages\/7946\/revisions"}],"wp:attachment":[{"href":"https:\/\/unkorce.edu.al\/en\/wp-json\/wp\/v2\/media?parent=7946"}],"curies":[{"name":"wp","href":"https:\/\/api.w.org\/{rel}","templated":true}]}}