{"id":7945,"date":"2016-07-27T09:05:20","date_gmt":"2016-07-27T09:05:20","guid":{"rendered":"\/department-nursing\/"},"modified":"2016-07-27T09:05:20","modified_gmt":"2016-07-27T09:05:20","slug":"department-nursing","status":"publish","type":"page","link":"https:\/\/unkorce.edu.al\/en\/department-nursing\/","title":{"rendered":"Department of Nursing"},"content":{"rendered":"<p class=\"rtecenter\"><span style=\"font-size:18px\">Department&nbsp;of Nursing<\/span><\/p>\n<p><strong>P\u00ebrgjegj\u00ebs i departamentit:<\/strong>&nbsp;<a href=\"\/sites\/default\/files\/fakulteti_shkencave\/eda_stasa.pdf\" style=\"color: rgb(47, 113, 162);\" target=\"_blank\" rel=\"noopener\">Dr. Eda Stasa<\/a><\/p>\n<p><strong>1.&nbsp;<\/strong><a href=\"\/sites\/default\/files\/fakulteti_shkencave\/elda_panariti_nuni_2.pdf\" style=\"color: rgb(47, 113, 162);\" target=\"_blank\" rel=\"noopener\">Dr. Elda Panariti<\/a><\/p>\n<p><strong>2.&nbsp;<\/strong>Msc. Elena Drenesku<\/p>\n<p><strong>3.&nbsp;<\/strong><a href=\"\/sites\/default\/files\/fakulteti_shkencave\/blendi_baze.pdf\" style=\"color: rgb(47, 113, 162);\" target=\"_blank\" rel=\"noopener\">Msc. Blendi Baze<\/a><\/p>\n<p><strong>4.&nbsp;<\/strong>Msc. Axhela Frash\u00ebri<\/p>\n<p><strong>5.&nbsp;<\/strong>Msc. Lida Jorgji<\/p>\n<p><strong>6.&nbsp;<\/strong><a href=\"\/sites\/default\/files\/fakulteti_shkencave\/lindita_terolli.pdf\" style=\"color: rgb(47, 113, 162);\" target=\"_blank\" rel=\"noopener\">Doc. Lindita T\u00ebrolli<\/a><\/p>\n<p><strong>7.&nbsp;<\/strong>Msc. Emisa Krastafillaku<\/p>\n<p><strong>8.&nbsp;<\/strong>Msc. Adelina Galica<\/p>\n<p><strong>9.&nbsp;<\/strong>Msc. Erisa Grabocka<\/p>\n<p><strong>10.&nbsp;<\/strong>Msc .Zhinzela Qyli<\/p>","protected":false},"excerpt":{"rendered":"<p>Department&nbsp;of Nursing P\u00ebrgjegj\u00ebs i departamentit:&nbsp;Dr. Eda Stasa 1.&nbsp;Dr. Elda Panariti 2.&nbsp;Msc. Elena Drenesku 3.&nbsp;Msc. Blendi Baze 4.&nbsp;Msc. Axhela Frash\u00ebri 5.&nbsp;Msc. Lida Jorgji 6.&nbsp;Doc. Lindita T\u00ebrolli 7.&nbsp;Msc. Emisa Krastafillaku 8.&nbsp;Msc. Adelina Galica 9.&nbsp;Msc. Erisa Grabocka 10.&nbsp;Msc .Zhinzela Qyli<\/p>","protected":false},"author":122,"featured_media":0,"parent":0,"menu_order":0,"comment_status":"closed","ping_status":"closed","template":"","meta":{"_acf_changed":false,"footnotes":""},"class_list":["post-7945","page","type-page","status-publish","hentry"],"acf":[],"yoast_head":"<!-- This site is optimized with the Yoast SEO plugin v26.9 - https:\/\/yoast.com\/product\/yoast-seo-wordpress\/ -->\n<title>Department of Nursing - Universiteti &quot;Fan S. Noli&quot;, Kor\u00e7\u00eb<\/title>\n<meta name=\"robots\" content=\"index, follow, max-snippet:-1, max-image-preview:large, max-video-preview:-1\" \/>\n<link rel=\"canonical\" href=\"https:\/\/unkorce.edu.al\/en\/department-nursing\/\" \/>\n<meta property=\"og:locale\" content=\"en_US\" \/>\n<meta property=\"og:type\" content=\"article\" \/>\n<meta property=\"og:title\" content=\"Department of Nursing - Universiteti &quot;Fan S. Noli&quot;, Kor\u00e7\u00eb\" \/>\n<meta property=\"og:description\" content=\"Department&nbsp;of Nursing P\u00ebrgjegj\u00ebs i departamentit:&nbsp;Dr. Eda Stasa 1.&nbsp;Dr. Elda Panariti 2.&nbsp;Msc. Elena Drenesku 3.&nbsp;Msc. Blendi Baze 4.&nbsp;Msc. Axhela Frash\u00ebri 5.&nbsp;Msc. Lida Jorgji 6.&nbsp;Doc. Lindita T\u00ebrolli 7.&nbsp;Msc. Emisa Krastafillaku 8.&nbsp;Msc. Adelina Galica 9.&nbsp;Msc. Erisa Grabocka 10.&nbsp;Msc .Zhinzela Qyli\" \/>\n<meta property=\"og:url\" content=\"https:\/\/unkorce.edu.al\/en\/department-nursing\/\" \/>\n<meta property=\"og:site_name\" content=\"Universiteti &quot;Fan S. Noli&quot;, Kor\u00e7\u00eb\" \/>\n<meta property=\"article:publisher\" content=\"https:\/\/www.facebook.com\/unkorce\" \/>\n<meta name=\"twitter:card\" content=\"summary_large_image\" \/>\n<script type=\"application\/ld+json\" class=\"yoast-schema-graph\">{\"@context\":\"https:\/\/schema.org\",\"@graph\":[{\"@type\":\"WebPage\",\"@id\":\"https:\/\/unkorce.edu.al\/department-nursing\/\",\"url\":\"https:\/\/unkorce.edu.al\/department-nursing\/\",\"name\":\"Department of Nursing - Universiteti \\\"Fan S. Noli\\\", Kor\u00e7\u00eb\",\"isPartOf\":{\"@id\":\"https:\/\/unkorce.edu.al\/#website\"},\"datePublished\":\"2016-07-27T09:05:20+00:00\",\"breadcrumb\":{\"@id\":\"https:\/\/unkorce.edu.al\/department-nursing\/#breadcrumb\"},\"inLanguage\":\"en-US\",\"potentialAction\":[{\"@type\":\"ReadAction\",\"target\":[\"https:\/\/unkorce.edu.al\/department-nursing\/\"]}]},{\"@type\":\"BreadcrumbList\",\"@id\":\"https:\/\/unkorce.edu.al\/department-nursing\/#breadcrumb\",\"itemListElement\":[{\"@type\":\"ListItem\",\"position\":1,\"name\":\"Home\",\"item\":\"https:\/\/unkorce.edu.al\/\"},{\"@type\":\"ListItem\",\"position\":2,\"name\":\"Department of Nursing\"}]},{\"@type\":\"WebSite\",\"@id\":\"https:\/\/unkorce.edu.al\/#website\",\"url\":\"https:\/\/unkorce.edu.al\/\",\"name\":\"Universiteti \\\"Fan S. Noli\\\", Kor\u00e7\u00eb\",\"description\":\"Mir&euml;sevini n&euml; faqen zyrtare!\",\"publisher\":{\"@id\":\"https:\/\/unkorce.edu.al\/#organization\"},\"potentialAction\":[{\"@type\":\"SearchAction\",\"target\":{\"@type\":\"EntryPoint\",\"urlTemplate\":\"https:\/\/unkorce.edu.al\/?s={search_term_string}\"},\"query-input\":{\"@type\":\"PropertyValueSpecification\",\"valueRequired\":true,\"valueName\":\"search_term_string\"}}],\"inLanguage\":\"en-US\"},{\"@type\":\"Organization\",\"@id\":\"https:\/\/unkorce.edu.al\/#organization\",\"name\":\"Universiteti \\\"Fan S. Noli\\\", Kor\u00e7\u00eb\",\"url\":\"https:\/\/unkorce.edu.al\/\",\"logo\":{\"@type\":\"ImageObject\",\"inLanguage\":\"en-US\",\"@id\":\"https:\/\/unkorce.edu.al\/#\/schema\/logo\/image\/\",\"url\":\"https:\/\/unkorce.edu.al\/wp-content\/uploads\/2024\/08\/Logo_e_Universitetit__Fan_Noli_-e1726660879862.png\",\"contentUrl\":\"https:\/\/unkorce.edu.al\/wp-content\/uploads\/2024\/08\/Logo_e_Universitetit__Fan_Noli_-e1726660879862.png\",\"width\":200,\"height\":120,\"caption\":\"Universiteti \\\"Fan S. Noli\\\", Kor\u00e7\u00eb\"},\"image\":{\"@id\":\"https:\/\/unkorce.edu.al\/#\/schema\/logo\/image\/\"},\"sameAs\":[\"https:\/\/www.facebook.com\/unkorce\"]}]}<\/script>\n<!-- \/ Yoast SEO plugin. -->","yoast_head_json":{"title":"Department of Nursing - Universiteti \"Fan S. Noli\", Kor\u00e7\u00eb","robots":{"index":"index","follow":"follow","max-snippet":"max-snippet:-1","max-image-preview":"max-image-preview:large","max-video-preview":"max-video-preview:-1"},"canonical":"https:\/\/unkorce.edu.al\/en\/department-nursing\/","og_locale":"en_US","og_type":"article","og_title":"Department of Nursing - Universiteti \"Fan S. Noli\", Kor\u00e7\u00eb","og_description":"Department&nbsp;of Nursing P\u00ebrgjegj\u00ebs i departamentit:&nbsp;Dr. Eda Stasa 1.&nbsp;Dr. Elda Panariti 2.&nbsp;Msc. Elena Drenesku 3.&nbsp;Msc. Blendi Baze 4.&nbsp;Msc. Axhela Frash\u00ebri 5.&nbsp;Msc. Lida Jorgji 6.&nbsp;Doc. Lindita T\u00ebrolli 7.&nbsp;Msc. Emisa Krastafillaku 8.&nbsp;Msc. Adelina Galica 9.&nbsp;Msc. Erisa Grabocka 10.&nbsp;Msc .Zhinzela Qyli","og_url":"https:\/\/unkorce.edu.al\/en\/department-nursing\/","og_site_name":"Universiteti \"Fan S. Noli\", Kor\u00e7\u00eb","article_publisher":"https:\/\/www.facebook.com\/unkorce","twitter_card":"summary_large_image","schema":{"@context":"https:\/\/schema.org","@graph":[{"@type":"WebPage","@id":"https:\/\/unkorce.edu.al\/department-nursing\/","url":"https:\/\/unkorce.edu.al\/department-nursing\/","name":"Department of Nursing - Universiteti \"Fan S. Noli\", Kor\u00e7\u00eb","isPartOf":{"@id":"https:\/\/unkorce.edu.al\/#website"},"datePublished":"2016-07-27T09:05:20+00:00","breadcrumb":{"@id":"https:\/\/unkorce.edu.al\/department-nursing\/#breadcrumb"},"inLanguage":"en-US","potentialAction":[{"@type":"ReadAction","target":["https:\/\/unkorce.edu.al\/department-nursing\/"]}]},{"@type":"BreadcrumbList","@id":"https:\/\/unkorce.edu.al\/department-nursing\/#breadcrumb","itemListElement":[{"@type":"ListItem","position":1,"name":"Home","item":"https:\/\/unkorce.edu.al\/"},{"@type":"ListItem","position":2,"name":"Department of Nursing"}]},{"@type":"WebSite","@id":"https:\/\/unkorce.edu.al\/#website","url":"https:\/\/unkorce.edu.al\/","name":"Universiteti \"Fan S. Noli\", Kor\u00e7\u00eb","description":"Mir&euml;sevini n&euml; faqen zyrtare!","publisher":{"@id":"https:\/\/unkorce.edu.al\/#organization"},"potentialAction":[{"@type":"SearchAction","target":{"@type":"EntryPoint","urlTemplate":"https:\/\/unkorce.edu.al\/?s={search_term_string}"},"query-input":{"@type":"PropertyValueSpecification","valueRequired":true,"valueName":"search_term_string"}}],"inLanguage":"en-US"},{"@type":"Organization","@id":"https:\/\/unkorce.edu.al\/#organization","name":"Universiteti \"Fan S. Noli\", Kor\u00e7\u00eb","url":"https:\/\/unkorce.edu.al\/","logo":{"@type":"ImageObject","inLanguage":"en-US","@id":"https:\/\/unkorce.edu.al\/#\/schema\/logo\/image\/","url":"https:\/\/unkorce.edu.al\/wp-content\/uploads\/2024\/08\/Logo_e_Universitetit__Fan_Noli_-e1726660879862.png","contentUrl":"https:\/\/unkorce.edu.al\/wp-content\/uploads\/2024\/08\/Logo_e_Universitetit__Fan_Noli_-e1726660879862.png","width":200,"height":120,"caption":"Universiteti \"Fan S. Noli\", Kor\u00e7\u00eb"},"image":{"@id":"https:\/\/unkorce.edu.al\/#\/schema\/logo\/image\/"},"sameAs":["https:\/\/www.facebook.com\/unkorce"]}]}},"_links":{"self":[{"href":"https:\/\/unkorce.edu.al\/en\/wp-json\/wp\/v2\/pages\/7945","targetHints":{"allow":["GET"]}}],"collection":[{"href":"https:\/\/unkorce.edu.al\/en\/wp-json\/wp\/v2\/pages"}],"about":[{"href":"https:\/\/unkorce.edu.al\/en\/wp-json\/wp\/v2\/types\/page"}],"author":[{"embeddable":true,"href":"https:\/\/unkorce.edu.al\/en\/wp-json\/wp\/v2\/users\/122"}],"replies":[{"embeddable":true,"href":"https:\/\/unkorce.edu.al\/en\/wp-json\/wp\/v2\/comments?post=7945"}],"version-history":[{"count":0,"href":"https:\/\/unkorce.edu.al\/en\/wp-json\/wp\/v2\/pages\/7945\/revisions"}],"wp:attachment":[{"href":"https:\/\/unkorce.edu.al\/en\/wp-json\/wp\/v2\/media?parent=7945"}],"curies":[{"name":"wp","href":"https:\/\/api.w.org\/{rel}","templated":true}]}}