{"id":7933,"date":"2016-07-27T09:04:52","date_gmt":"2016-07-27T09:04:52","guid":{"rendered":"\/projekte-ne-fakultetin-e-edukimit-dhe-filologjise\/"},"modified":"2016-07-27T09:04:52","modified_gmt":"2016-07-27T09:04:52","slug":"projekte-ne-fakultetin-e-edukimit-dhe-filologjise","status":"publish","type":"page","link":"https:\/\/unkorce.edu.al\/en\/projekte-ne-fakultetin-e-edukimit-dhe-filologjise\/","title":{"rendered":"PROJEKTE N\u00cb FAKULTETIN E EDUKIMIT DHE FILOLOGJIS\u00cb"},"content":{"rendered":"<hr \/>\n<p><span style=\"color:#000000\"><span style=\"font-family:arial,helvetica,sans-serif\"><span style=\"font-size:14px\"><u><strong>TAKIM DYPAL&Euml;SH N&Euml; KUAD&Euml;R T&Euml; PROJEKTIT ERASMUS+ CREDIT MOBILITY PROGRAM<\/strong><\/u><\/span><\/span><\/span><\/p>\n<p>&nbsp;<\/p>\n<p class=\"rtejustify\"><span style=\"font-size:12px\"><span style=\"color:rgb(0, 0, 0)\">PAS N&Euml;NSHKRIMIT T&Euml; MARR&Euml;VESHJES ND&Euml;RMJET <strong>UNIVERSITETIT &ldquo;FAN S. NOLI&rdquo; <\/strong>DHE UNIVERSITETIT T&Euml; MAQEDONIS&Euml; PER&Euml;NDIMORE, N&Euml; KUAD&Euml;R T&Euml; PROJEKTIT <strong><em>ERASMUS + PROGRAMME, INTERNATIONAL CREDIT MOBILITY<\/em><\/strong> P&Euml;R L&Euml;VIZJEN E STUDENT&Euml;VE DHE STAFIT T&Euml; FAKULTETIT T&Euml; EDUKIMIT DHE FILOLOGJIS&Euml;, UNIVERSITETI &ldquo;FAN S. NOLI&rdquo; DHE T&Euml; FAKULTETIT T&Euml; EDUKIMIT, UNIVERSITETI I MAQEDONIS&Euml; PER&Euml;NDIMORE, DIT&Euml;N E M&Euml;RKUR&Euml;, DAT&Euml; 30. 09. 2015, N&Euml; FOLLORIN&Euml;, U ZHVILLUA NJ&Euml; TAKIM DYPAL&Euml;SH P&Euml;R T&Euml; DISKUTUAR HAPAT KONKRETE Q&Euml; DUHEN ND&Euml;RMARR&Euml; P&Euml;R REALIZIMIN E PROGRAMIT.<\/span><\/span><\/p>\n<\/p>\n<p class=\"rtejustify\"><span style=\"font-size:12px\"><span style=\"color:rgb(0, 0, 0)\">N&Euml; TAKIM MOR&Euml;N PJES&Euml; REKTORI I UNIVERSITETIT T&Euml; MAQEDONIS&Euml; PER&Euml;NDIMORE, P<strong>ROF. ANTONIOS TOURLIDAKIS<\/strong>, DEKANI I FAKULTETIT T&Euml; EDUKIMIT T&Euml; K&Euml;TIJ UNIVERSITETI, <strong>PROF. PETROS KARIOTOGLOU<\/strong>,&nbsp; ZV. REKTORJA E UNIVERSITETIT &ldquo;FAN S. NOLI&rdquo;, <strong>DR. BENITA STAVRE<\/strong>, DEKANI I FAKULTETIT T&Euml; EDUKIMIT DHE FILOLOGJIS&Euml;, <strong>PROF. DR. ALI JASHARI<\/strong>, SI DHE KOORDINATOR&Euml;T E PROJEKTIT NGA T&Euml; DY FAKULTETET.<\/span><\/span><\/p>\n<p class=\"rtejustify\"><span style=\"font-size:12px\"><span style=\"color:rgb(0, 0, 0)\">N&Euml; TAKIM U DISKUTUA P&Euml;R ASPEKTET KONKRETE T&Euml; ORGANIZIMIT DHE MENAXHIMIT T&Euml; PROJEKTIT, DUKE I KUSHTUAR V&Euml;MENDJE T&Euml; VE\u04aaANT&Euml; NJOHJES (EKUIVALENTIMIT) S&Euml; KREDITEVE, P&Euml;RCAKTIMIT T&Euml; KRITEREVE P&Euml;RZGJEDH&Euml;SE, MENAXHIMIT T&Euml; FONDEVE, SI DHE PERIUDHAT E L&Euml;VIZJES S&Euml; STUDENT&Euml;VE DHE STAFIT T&Euml; P&Euml;RZGJEDHUR. PO K&Euml;SHTU, NGA KOORDINATOR&Euml;T E PROJEKTIT U B&Euml; NJ&Euml; PARASHTRIM I P&Euml;RSHKRIMIT T&Euml; RREGULLOREVE M&Euml;SIMORE T&Euml; T&Euml; DY DEPARTAMENTEVE PJES&Euml;MARR&Euml;SE N&Euml; PROJEKT, DUKE I NJOHUR PJES&Euml;MARR&Euml;SIT ME NDRYSHIMET DHE NGJASHM&Euml;RIT&Euml; N&Euml; DISIPLINAT DHE MODULET E OFRUARA NGA T&Euml; DY FAKULTETET.<\/span><\/span><\/p>\n<p><span style=\"color:#000000\"><strong>DR. ERINDA PAPA<\/strong><\/span><\/p>\n<p><span style=\"color:#000000\"><strong>P&Euml;RGJEGJ&Euml;SE E PROJEKTEVE DHE MARR&Euml;DH&Euml;NIEVE ME JASHT&Euml; N&Euml; FAKULTETIN E EDUKIMIT DHE FILOLOGJIS&Euml;<\/strong><\/span><\/p>\n<hr \/>\n<div class=\"OutlineElement Ltr SCX263300077\" style=\"margin: 0px; padding: 0px; -webkit-user-select: text; -webkit-user-drag: none; -webkit-tap-highlight-color: transparent; overflow: visible; cursor: text; clear: both; position: relative; direction: ltr; color: rgb(0, 0, 0); font-family: 'Segoe UI', Tahoma, Verdana, sans-serif; font-size: 8px; line-height: normal;\">\n<p class=\"rtejustify\"><u><strong><span style=\"font-family:arial,helvetica,sans-serif\"><span style=\"font-size:14px\">LEKTORIUM ME PROFESOR&Euml;T E UNIVERSITETIT T&Euml; BOLONJ&Euml;S<\/span><\/span><\/strong><\/u><\/p>\n<p class=\"rtejustify\"><span style=\"font-size:12px\"><span style=\"font-family:arial,helvetica,sans-serif\"><span style=\"background-color:inherit\">N&Euml; KUAD&Euml;R T&Euml; BASHK&Euml;PUNIMIT MIDIS&nbsp;DEPARTAMENTIT&nbsp; T&Euml;&nbsp;SHKENCAVE T&Euml;&nbsp;EDUKIMIT&nbsp;&nbsp;&laquo;GIOVANNI MARIA BERTIN&raquo;&nbsp;&nbsp;T&Euml;&nbsp; ALMA MATER STUDIORIUM &#8211;&nbsp; UNIVERSITETI I BOLONJ&Euml;S DHE DEPARTAMENTIT T&Euml; EDUKIMIT N&Euml;&nbsp; FAKULTETIN E EDUKIMIT DHE FILOLOGJIS&Euml; N&Euml; UNIVERSITETIN &ldquo;<\/span><strong><span style=\"background-color:inherit\">FAN S. NOLI<\/span><\/strong><span style=\"background-color:inherit\">&rdquo; T&Euml; KOR&Ccedil;&Euml;S, DIT&Euml;N E ENJTE, DAT&Euml;&nbsp;<\/span><strong><span style=\"background-color:inherit\">11 QERSHOR 2015<\/span><\/strong><span style=\"background-color:inherit\">, ORA&nbsp;<\/span><strong><span style=\"background-color:inherit\">13<\/span><\/strong><strong><span style=\"background-color:inherit\">00&nbsp;<\/span><\/strong><span style=\"background-color:inherit\">, N&Euml; SALL&Euml;N E AMFITEATRIT T&Euml; FAKULTETIT&nbsp; U MBAJT NJ&Euml; LEKTORIUM ME PROFESOR&Euml;T E&nbsp;&nbsp;UNIVERSITETIT T&Euml; BOLONJ&Euml;S ME TEM&Euml; &ldquo;<\/span><strong><span style=\"background-color:inherit\">METODOLOGJIA E ZBATIMIT T&Euml; DIDAKTIK&Euml;S P&Euml;R EDUKIMIN GJITH&Euml;P&Euml;RFSHIR&Euml;S<\/span><\/strong><span style=\"background-color:inherit\">&rdquo;<\/span>&nbsp;<\/span><\/span><\/p>\n<\/div>\n<div class=\"OutlineElement Ltr SCX263300077\" style=\"margin: 0px; padding: 0px; -webkit-user-select: text; -webkit-user-drag: none; -webkit-tap-highlight-color: transparent; overflow: visible; cursor: text; clear: both; position: relative; direction: ltr; color: rgb(0, 0, 0); font-family: 'Segoe UI', Tahoma, Verdana, sans-serif; font-size: 8px; line-height: normal;\">\n<p class=\"rtejustify\"><span style=\"font-size:12px\"><span style=\"font-family:arial,helvetica,sans-serif\"><span style=\"background-color:inherit\">FOL&Euml;S KRYESOR&Euml;:&nbsp;<\/span><strong><span style=\"background-color:inherit\">PROF. ROBERTO DAINESE<\/span><\/strong><span style=\"background-color:inherit\">&nbsp;DHE&nbsp;<\/span><strong><span style=\"background-color:inherit\">PROF.<\/span><\/strong><strong><span style=\"background-color:inherit\">FEDERICA ZANETTI<\/span><\/strong><span style=\"background-color:inherit\">&nbsp;.<\/span>&nbsp;<\/span><\/span><\/p>\n<\/div>\n<div class=\"OutlineElement Ltr SCX263300077\" style=\"margin: 0px; padding: 0px; -webkit-user-select: text; -webkit-user-drag: none; -webkit-tap-highlight-color: transparent; overflow: visible; cursor: text; clear: both; position: relative; direction: ltr; color: rgb(0, 0, 0); font-family: 'Segoe UI', Tahoma, Verdana, sans-serif; font-size: 8px; line-height: normal;\">\n<p class=\"rtejustify\"><span style=\"font-size:12px\"><span style=\"font-family:arial,helvetica,sans-serif\"><span style=\"background-color:inherit\">N&Euml; LEKTORIUM ISHIN T&Euml;&nbsp;PRANISH&Euml;M PEDAGOG&Euml;&nbsp;NGA FAKULTETE T&Euml;&nbsp;NDRYSHME T&Euml;&nbsp;UNIVERSITETIT,&nbsp; STUDENT&Euml;, M&Euml;SUES T&Euml;&nbsp;INTERESUAR N&Euml;&nbsp;FUSH&Euml;N E ARSIMIT GJITH&Euml;P&Euml;RFSHIR&Euml;S ETJ.<\/span><\/span><\/span><\/p>\n<\/div>\n<p class=\"rtecenter\"><iframe loading=\"lazy\" frameborder=\"0\" height=\"315\" scrolling=\"no\" src=\"https:\/\/www.youtube.com\/embed\/9rz2YtyCpLM\" width=\"470\"><\/iframe><\/p>\n<hr \/>\n<p>&nbsp;<\/p>","protected":false},"excerpt":{"rendered":"<p>TAKIM DYPAL&Euml;SH N&Euml; KUAD&Euml;R T&Euml; PROJEKTIT ERASMUS+ CREDIT MOBILITY PROGRAM &nbsp; PAS N&Euml;NSHKRIMIT T&Euml; MARR&Euml;VESHJES ND&Euml;RMJET UNIVERSITETIT &ldquo;FAN S. NOLI&rdquo; DHE UNIVERSITETIT T&Euml; MAQEDONIS&Euml; PER&Euml;NDIMORE, N&Euml; KUAD&Euml;R T&Euml; PROJEKTIT ERASMUS + PROGRAMME, INTERNATIONAL CREDIT MOBILITY P&Euml;R L&Euml;VIZJEN E STUDENT&Euml;VE DHE STAFIT T&Euml; FAKULTETIT T&Euml; EDUKIMIT DHE FILOLOGJIS&Euml;, UNIVERSITETI &ldquo;FAN S. NOLI&rdquo; DHE T&Euml; FAKULTETIT T&Euml;&#8230;<\/p>","protected":false},"author":122,"featured_media":0,"parent":0,"menu_order":0,"comment_status":"closed","ping_status":"closed","template":"","meta":{"_acf_changed":false,"footnotes":""},"class_list":["post-7933","page","type-page","status-publish","hentry"],"acf":[],"yoast_head":"<!-- This site is optimized with the Yoast SEO plugin v26.9 - https:\/\/yoast.com\/product\/yoast-seo-wordpress\/ -->\n<title>PROJEKTE N\u00cb FAKULTETIN E EDUKIMIT DHE FILOLOGJIS\u00cb - Universiteti &quot;Fan S. Noli&quot;, Kor\u00e7\u00eb<\/title>\n<meta name=\"robots\" content=\"index, follow, max-snippet:-1, max-image-preview:large, max-video-preview:-1\" \/>\n<link rel=\"canonical\" href=\"https:\/\/unkorce.edu.al\/en\/projekte-ne-fakultetin-e-edukimit-dhe-filologjise\/\" \/>\n<meta property=\"og:locale\" content=\"en_US\" \/>\n<meta property=\"og:type\" content=\"article\" \/>\n<meta property=\"og:title\" content=\"PROJEKTE N\u00cb FAKULTETIN E EDUKIMIT DHE FILOLOGJIS\u00cb - Universiteti &quot;Fan S. Noli&quot;, Kor\u00e7\u00eb\" \/>\n<meta property=\"og:description\" content=\"TAKIM DYPAL&Euml;SH N&Euml; KUAD&Euml;R T&Euml; PROJEKTIT ERASMUS+ CREDIT MOBILITY PROGRAM &nbsp; PAS N&Euml;NSHKRIMIT T&Euml; MARR&Euml;VESHJES ND&Euml;RMJET UNIVERSITETIT &ldquo;FAN S. NOLI&rdquo; DHE UNIVERSITETIT T&Euml; MAQEDONIS&Euml; PER&Euml;NDIMORE, N&Euml; KUAD&Euml;R T&Euml; PROJEKTIT ERASMUS + PROGRAMME, INTERNATIONAL CREDIT MOBILITY P&Euml;R L&Euml;VIZJEN E STUDENT&Euml;VE DHE STAFIT T&Euml; FAKULTETIT T&Euml; EDUKIMIT DHE FILOLOGJIS&Euml;, UNIVERSITETI &ldquo;FAN S. NOLI&rdquo; DHE T&Euml; FAKULTETIT T&Euml;...\" \/>\n<meta property=\"og:url\" content=\"https:\/\/unkorce.edu.al\/en\/projekte-ne-fakultetin-e-edukimit-dhe-filologjise\/\" \/>\n<meta property=\"og:site_name\" content=\"Universiteti &quot;Fan S. Noli&quot;, Kor\u00e7\u00eb\" \/>\n<meta property=\"article:publisher\" content=\"https:\/\/www.facebook.com\/unkorce\" \/>\n<meta name=\"twitter:card\" content=\"summary_large_image\" \/>\n<meta name=\"twitter:label1\" content=\"Est. reading time\" \/>\n\t<meta name=\"twitter:data1\" content=\"3 minutes\" \/>\n<script type=\"application\/ld+json\" class=\"yoast-schema-graph\">{\"@context\":\"https:\/\/schema.org\",\"@graph\":[{\"@type\":\"WebPage\",\"@id\":\"https:\/\/unkorce.edu.al\/projekte-ne-fakultetin-e-edukimit-dhe-filologjise\/\",\"url\":\"https:\/\/unkorce.edu.al\/projekte-ne-fakultetin-e-edukimit-dhe-filologjise\/\",\"name\":\"PROJEKTE N\u00cb FAKULTETIN E EDUKIMIT DHE FILOLOGJIS\u00cb - Universiteti \\\"Fan S. Noli\\\", Kor\u00e7\u00eb\",\"isPartOf\":{\"@id\":\"https:\/\/unkorce.edu.al\/#website\"},\"datePublished\":\"2016-07-27T09:04:52+00:00\",\"breadcrumb\":{\"@id\":\"https:\/\/unkorce.edu.al\/projekte-ne-fakultetin-e-edukimit-dhe-filologjise\/#breadcrumb\"},\"inLanguage\":\"en-US\",\"potentialAction\":[{\"@type\":\"ReadAction\",\"target\":[\"https:\/\/unkorce.edu.al\/projekte-ne-fakultetin-e-edukimit-dhe-filologjise\/\"]}]},{\"@type\":\"BreadcrumbList\",\"@id\":\"https:\/\/unkorce.edu.al\/projekte-ne-fakultetin-e-edukimit-dhe-filologjise\/#breadcrumb\",\"itemListElement\":[{\"@type\":\"ListItem\",\"position\":1,\"name\":\"Home\",\"item\":\"https:\/\/unkorce.edu.al\/\"},{\"@type\":\"ListItem\",\"position\":2,\"name\":\"PROJEKTE N\u00cb FAKULTETIN E EDUKIMIT DHE FILOLOGJIS\u00cb\"}]},{\"@type\":\"WebSite\",\"@id\":\"https:\/\/unkorce.edu.al\/#website\",\"url\":\"https:\/\/unkorce.edu.al\/\",\"name\":\"Universiteti \\\"Fan S. Noli\\\", Kor\u00e7\u00eb\",\"description\":\"Mir&euml;sevini n&euml; faqen zyrtare!\",\"publisher\":{\"@id\":\"https:\/\/unkorce.edu.al\/#organization\"},\"potentialAction\":[{\"@type\":\"SearchAction\",\"target\":{\"@type\":\"EntryPoint\",\"urlTemplate\":\"https:\/\/unkorce.edu.al\/?s={search_term_string}\"},\"query-input\":{\"@type\":\"PropertyValueSpecification\",\"valueRequired\":true,\"valueName\":\"search_term_string\"}}],\"inLanguage\":\"en-US\"},{\"@type\":\"Organization\",\"@id\":\"https:\/\/unkorce.edu.al\/#organization\",\"name\":\"Universiteti \\\"Fan S. Noli\\\", Kor\u00e7\u00eb\",\"url\":\"https:\/\/unkorce.edu.al\/\",\"logo\":{\"@type\":\"ImageObject\",\"inLanguage\":\"en-US\",\"@id\":\"https:\/\/unkorce.edu.al\/#\/schema\/logo\/image\/\",\"url\":\"https:\/\/unkorce.edu.al\/wp-content\/uploads\/2024\/08\/Logo_e_Universitetit__Fan_Noli_-e1726660879862.png\",\"contentUrl\":\"https:\/\/unkorce.edu.al\/wp-content\/uploads\/2024\/08\/Logo_e_Universitetit__Fan_Noli_-e1726660879862.png\",\"width\":200,\"height\":120,\"caption\":\"Universiteti \\\"Fan S. Noli\\\", Kor\u00e7\u00eb\"},\"image\":{\"@id\":\"https:\/\/unkorce.edu.al\/#\/schema\/logo\/image\/\"},\"sameAs\":[\"https:\/\/www.facebook.com\/unkorce\"]}]}<\/script>\n<!-- \/ Yoast SEO plugin. -->","yoast_head_json":{"title":"PROJEKTE N\u00cb FAKULTETIN E EDUKIMIT DHE FILOLOGJIS\u00cb - Universiteti \"Fan S. Noli\", Kor\u00e7\u00eb","robots":{"index":"index","follow":"follow","max-snippet":"max-snippet:-1","max-image-preview":"max-image-preview:large","max-video-preview":"max-video-preview:-1"},"canonical":"https:\/\/unkorce.edu.al\/en\/projekte-ne-fakultetin-e-edukimit-dhe-filologjise\/","og_locale":"en_US","og_type":"article","og_title":"PROJEKTE N\u00cb FAKULTETIN E EDUKIMIT DHE FILOLOGJIS\u00cb - Universiteti \"Fan S. Noli\", Kor\u00e7\u00eb","og_description":"TAKIM DYPAL&Euml;SH N&Euml; KUAD&Euml;R T&Euml; PROJEKTIT ERASMUS+ CREDIT MOBILITY PROGRAM &nbsp; PAS N&Euml;NSHKRIMIT T&Euml; MARR&Euml;VESHJES ND&Euml;RMJET UNIVERSITETIT &ldquo;FAN S. NOLI&rdquo; DHE UNIVERSITETIT T&Euml; MAQEDONIS&Euml; PER&Euml;NDIMORE, N&Euml; KUAD&Euml;R T&Euml; PROJEKTIT ERASMUS + PROGRAMME, INTERNATIONAL CREDIT MOBILITY P&Euml;R L&Euml;VIZJEN E STUDENT&Euml;VE DHE STAFIT T&Euml; FAKULTETIT T&Euml; EDUKIMIT DHE FILOLOGJIS&Euml;, UNIVERSITETI &ldquo;FAN S. NOLI&rdquo; DHE T&Euml; FAKULTETIT T&Euml;...","og_url":"https:\/\/unkorce.edu.al\/en\/projekte-ne-fakultetin-e-edukimit-dhe-filologjise\/","og_site_name":"Universiteti \"Fan S. Noli\", Kor\u00e7\u00eb","article_publisher":"https:\/\/www.facebook.com\/unkorce","twitter_card":"summary_large_image","twitter_misc":{"Est. reading time":"3 minutes"},"schema":{"@context":"https:\/\/schema.org","@graph":[{"@type":"WebPage","@id":"https:\/\/unkorce.edu.al\/projekte-ne-fakultetin-e-edukimit-dhe-filologjise\/","url":"https:\/\/unkorce.edu.al\/projekte-ne-fakultetin-e-edukimit-dhe-filologjise\/","name":"PROJEKTE N\u00cb FAKULTETIN E EDUKIMIT DHE FILOLOGJIS\u00cb - Universiteti \"Fan S. Noli\", Kor\u00e7\u00eb","isPartOf":{"@id":"https:\/\/unkorce.edu.al\/#website"},"datePublished":"2016-07-27T09:04:52+00:00","breadcrumb":{"@id":"https:\/\/unkorce.edu.al\/projekte-ne-fakultetin-e-edukimit-dhe-filologjise\/#breadcrumb"},"inLanguage":"en-US","potentialAction":[{"@type":"ReadAction","target":["https:\/\/unkorce.edu.al\/projekte-ne-fakultetin-e-edukimit-dhe-filologjise\/"]}]},{"@type":"BreadcrumbList","@id":"https:\/\/unkorce.edu.al\/projekte-ne-fakultetin-e-edukimit-dhe-filologjise\/#breadcrumb","itemListElement":[{"@type":"ListItem","position":1,"name":"Home","item":"https:\/\/unkorce.edu.al\/"},{"@type":"ListItem","position":2,"name":"PROJEKTE N\u00cb FAKULTETIN E EDUKIMIT DHE FILOLOGJIS\u00cb"}]},{"@type":"WebSite","@id":"https:\/\/unkorce.edu.al\/#website","url":"https:\/\/unkorce.edu.al\/","name":"Universiteti \"Fan S. Noli\", Kor\u00e7\u00eb","description":"Mir&euml;sevini n&euml; faqen zyrtare!","publisher":{"@id":"https:\/\/unkorce.edu.al\/#organization"},"potentialAction":[{"@type":"SearchAction","target":{"@type":"EntryPoint","urlTemplate":"https:\/\/unkorce.edu.al\/?s={search_term_string}"},"query-input":{"@type":"PropertyValueSpecification","valueRequired":true,"valueName":"search_term_string"}}],"inLanguage":"en-US"},{"@type":"Organization","@id":"https:\/\/unkorce.edu.al\/#organization","name":"Universiteti \"Fan S. Noli\", Kor\u00e7\u00eb","url":"https:\/\/unkorce.edu.al\/","logo":{"@type":"ImageObject","inLanguage":"en-US","@id":"https:\/\/unkorce.edu.al\/#\/schema\/logo\/image\/","url":"https:\/\/unkorce.edu.al\/wp-content\/uploads\/2024\/08\/Logo_e_Universitetit__Fan_Noli_-e1726660879862.png","contentUrl":"https:\/\/unkorce.edu.al\/wp-content\/uploads\/2024\/08\/Logo_e_Universitetit__Fan_Noli_-e1726660879862.png","width":200,"height":120,"caption":"Universiteti \"Fan S. Noli\", Kor\u00e7\u00eb"},"image":{"@id":"https:\/\/unkorce.edu.al\/#\/schema\/logo\/image\/"},"sameAs":["https:\/\/www.facebook.com\/unkorce"]}]}},"_links":{"self":[{"href":"https:\/\/unkorce.edu.al\/en\/wp-json\/wp\/v2\/pages\/7933","targetHints":{"allow":["GET"]}}],"collection":[{"href":"https:\/\/unkorce.edu.al\/en\/wp-json\/wp\/v2\/pages"}],"about":[{"href":"https:\/\/unkorce.edu.al\/en\/wp-json\/wp\/v2\/types\/page"}],"author":[{"embeddable":true,"href":"https:\/\/unkorce.edu.al\/en\/wp-json\/wp\/v2\/users\/122"}],"replies":[{"embeddable":true,"href":"https:\/\/unkorce.edu.al\/en\/wp-json\/wp\/v2\/comments?post=7933"}],"version-history":[{"count":0,"href":"https:\/\/unkorce.edu.al\/en\/wp-json\/wp\/v2\/pages\/7933\/revisions"}],"wp:attachment":[{"href":"https:\/\/unkorce.edu.al\/en\/wp-json\/wp\/v2\/media?parent=7933"}],"curies":[{"name":"wp","href":"https:\/\/api.w.org\/{rel}","templated":true}]}}