{"id":7930,"date":"2016-07-27T09:04:52","date_gmt":"2016-07-27T09:04:52","guid":{"rendered":"\/doktoratura-dhe-tituj-akademike-ne-fakultetin-e-edukimit-dhe-filologjise\/"},"modified":"2016-07-27T09:04:52","modified_gmt":"2016-07-27T09:04:52","slug":"doktoratura-dhe-tituj-akademike-ne-fakultetin-e-edukimit-dhe-filologjise","status":"publish","type":"page","link":"https:\/\/unkorce.edu.al\/en\/doktoratura-dhe-tituj-akademike-ne-fakultetin-e-edukimit-dhe-filologjise\/","title":{"rendered":"DOKTORATURA DHE TITUJ AKADEMIK\u00cb N\u00cb FAKULTETIN E EDUKIMIT DHE FILOLOGJIS\u00cb"},"content":{"rendered":"<hr \/>\n<p><u><strong>Titulli &ldquo;Profesor i asociuar&rdquo;<\/strong><\/u><\/p>\n<p>Vendimi nr. 1280, dat&euml; 07.07. 2015,&nbsp; Titulli &ldquo;<strong>Profesor i asociuar<\/strong>&rdquo;,&nbsp; Dr.&nbsp; Jonela Spaho<\/p>\n<p>Vendimi nr. 23, dat&euml;&nbsp; 20.12.2013,&nbsp; Titulli &ldquo;<strong>Profesor i asociuar<\/strong>&rdquo;,&nbsp; Dr. &nbsp;Pavllo Cicko<\/p>\n<p>Vendimi nr. 24, dat&euml; 20.12.2013,&nbsp; Titulli &ldquo;<strong>Profesor i asociuar<\/strong>&rdquo;,&nbsp; Dr. &nbsp;Anyla Maxhe<\/p>\n<p>Vendimi nr. 13, dat&euml;&nbsp; 19.11.2013,&nbsp; Titulli &ldquo;<strong>Profesor i asociuar<\/strong>&rdquo;,&nbsp; Dr. &nbsp;Dion Tushi<\/p>\n<p>Vendimi nr. 10, dat&euml; 27.06. 2013,&nbsp; Titulli &ldquo;<strong>Profesor i asociuar<\/strong>&rdquo;,&nbsp; Dr. &nbsp;Elona Biba<\/p>\n<hr \/>\n<p><u><strong>Titulli &ldquo;Docent&rdquo;<\/strong><\/u><\/p>\n<p>Vendimi nr. 19, dat&euml;&nbsp; 6. 12. 2013,&nbsp; Titulli &nbsp;&nbsp;&ldquo;<strong>Docent<\/strong>&rdquo;,&nbsp; z.&nbsp; Robert Stratob&euml;rdha<\/p>\n<p>Vendimi nr. 22, dat&euml;&nbsp; 13. 12. 2011,&nbsp; Titulli&nbsp;&nbsp; &ldquo;<strong>Docent<\/strong>&rdquo;,&nbsp; znj.&nbsp; Hilda Lubonja<\/p>\n<p>Vendimi nr. 21, dat&euml;&nbsp; 13. 12. 2011,&nbsp; Titulli&nbsp;&nbsp; &ldquo;<strong>Docent<\/strong>&rdquo;,&nbsp; znj.&nbsp; Vasilika Pojani<\/p>\n<p>Vendimi nr.&nbsp;&nbsp; 9, dat&euml;&nbsp; 12.&nbsp; 4. 2011,&nbsp; Titulli&nbsp;&nbsp; &ldquo;<strong>Docent<\/strong>&rdquo;,&nbsp; znj.&nbsp; Mariela&nbsp; Burda<\/p>\n<p>Vendimi nr.&nbsp;&nbsp; 7, dat&euml;&nbsp;&nbsp; 17. 1. 2011,&nbsp; Titulli&nbsp;&nbsp; &ldquo;<strong>Docent<\/strong>&rdquo;,&nbsp; znj.&nbsp; Donika&nbsp; Dardha<\/p>\n<hr \/>\n<p><u><strong>Mbrojtje disertacionesh t&euml; pedagog&euml;ve <\/strong><\/u><\/p>\n<p><strong><u>ALBA KREKA <\/u><\/strong><\/p>\n<p><strong>Titulli i disertacionit<\/strong>: <strong><em>&ldquo;Marr&euml;dh&euml;niet Shqip&euml;ri &ndash; Kin&euml; gjat&euml; viteve 1960-1978&rdquo;<\/em><\/strong><\/p>\n<p>Universiteti&nbsp;i Tiran&euml;s, Fakulteti&nbsp;i Historis&euml; dhe i Filologjis&euml;<\/p>\n<p>Udh&euml;heq&euml;s shkencor: Prof. dr. Petrit Nathanaili<\/p>\n<p>Data e mbrojtjes: 2 Dhjetor 2015<\/p>\n<p><strong><u>ERIS RUSI<\/u><\/strong><\/p>\n<p><strong>Titulli i disertacionit<\/strong>: &ldquo;<strong><em>P&euml;rmasat e fantastikes n&euml; let&euml;rsin&euml; shqipe t&euml; shekullit XX<\/em><\/strong><em>&quot;<\/em><\/p>\n<p>Universiteti&nbsp;i Tiran&euml;s, Fakulteti&nbsp;i Historis&euml; dhe i Filologjis&euml;<\/p>\n<p>Udh&euml;heq&euml;s shkencor: Prof.dr. Dhurata Shehri<\/p>\n<p>Data e mbrojtjes: 21 shtator 2015<\/p>\n<p>&nbsp;<\/p>\n<p><strong><u>ILIR SHYTA <\/u><\/strong><\/p>\n<p><strong>Titulli i disertacionit<\/strong>: &ldquo;<strong><em>Receptimi i poezis&euml; s&euml; Lasgush Poradecit<\/em><\/strong><em>&quot;<\/em><\/p>\n<p>Universiteti&nbsp;i Tiran&euml;s, Fakulteti&nbsp;i Historis&euml; dhe i Filologjis&euml;<\/p>\n<p>Udh&euml;heq&euml;s shkencor: Prof.dr. Dhurata Shehri<\/p>\n<p>Data e mbrojtjes: 21 shtator 2015<\/p>\n<p>&nbsp;<\/p>\n<p><strong><u>ALMA KARASALIU <\/u><\/strong><\/p>\n<p><strong>Titulli i disertacionit<\/strong>: &ldquo;<strong><em>Analiz&euml; krahasuese dhe vler&euml;suese e veprave t&euml; shkrimtarit Xhonatan Suift nga gjuha angleze n&euml; &nbsp;gjuh&euml;n shqipe&quot;<\/em><\/strong><\/p>\n<p>Universiteti&nbsp;i Tiran&euml;s,&nbsp;Fakulteti i Gjuh&euml;ve t&euml; Huaja<\/p>\n<p>Udh&euml;heq&euml;s shkencor: Prof.dr. Viktor Ristani<\/p>\n<p>Data e mbrojtjes: 15 Korrik 2015<\/p>\n<p>&nbsp;<\/p>\n<p><strong><u>SUELA KO&Ccedil;A<\/u><\/strong><\/p>\n<p><strong>Titulli i disertacionit<\/strong>: &ldquo;<strong><em>Studim p&euml;rqas&euml;s p&euml;r lidhjet leksiko-sintaksore t&euml; togfjal&euml;shave t&euml; q&euml;ndruesh&euml;m n&euml; anglishte dhe shqipe<\/em><\/strong>&rdquo;<\/p>\n<p>Universiteti&nbsp;i Tiran&euml;s, Fakulteti&nbsp;i Historis&euml; dhe i Filologjis&euml;<\/p>\n<p>Udh&euml;heq&euml;s shkencor: Prof.dr. Ali Jashari<\/p>\n<p>Data e mbrojtjes: 2 korrik 2015<\/p>\n<p>&nbsp;<\/p>\n<p><strong><u>JULIANA &Ccedil;YFEKU <\/u><\/strong><\/p>\n<p><strong>Titulli i disertacionit<\/strong>: <em>&ldquo;<\/em><strong><em>Corpus linguistics and the gendered vocabulary of business ESP students.&nbsp;&nbsp;A corpus &#8211; based study&rdquo;<\/em><\/strong><\/p>\n<p>Universitetiti i&nbsp;Europ&euml;s&nbsp;Juglindore,&nbsp;&nbsp;Tetov&euml;,&nbsp; Maqedoni<\/p>\n<p>Fakulteti&nbsp;i&nbsp;Gjuh&euml;ve,&nbsp;Kulturave&nbsp;dhe&nbsp;Komunikimit.<\/p>\n<p>Udh&euml;heq&euml;s shkencor: &nbsp;&nbsp;Prof. as. dr &nbsp;Agim Poshka<\/p>\n<p>Data e mbrojtjes: 10 Qershor 2015<\/p>\n<p>&nbsp;<\/p>\n<p><strong><u>DANIELA-CARMEN STOICA<\/u><\/strong><\/p>\n<p><strong>Titulli i disertacionit<\/strong>: &ldquo;<strong><em>Aspecte ale bilingvismului la aromanii din Corcea, Albania (Aspekte t&euml; diglosis&euml; te arumunet e Kor&ccedil;&euml;s, Shqip&euml;ri)<\/em><\/strong><\/p>\n<p>Universiteti i Bukureshtit, Fakulteti i Letrave<\/p>\n<p>Udh&euml;heq&euml;s&nbsp; shkencor: &nbsp;Prof. dr. Nicolae &nbsp;Saramandu<\/p>\n<p>Data e mbrojtjes:&nbsp; 2 Qershor 2015<\/p>\n<p>&nbsp;<\/p>\n<p><strong><u>LINDITA KIRI (KURSHUMI)<\/u><\/strong><\/p>\n<p><strong>Titulli i disertacionit<\/strong>: <strong><em>&ldquo;Evolucioni dhe pasojat gjeografike t&euml; proceseve gjeopopullative n&euml; qarkun e Durr&euml;sit pas vitit 1990&rdquo;<\/em><\/strong><\/p>\n<p>Universiteti&nbsp;i Tiran&euml;s, Fakulteti&nbsp;i Historis&euml; dhe i Filologjis&euml;<\/p>\n<p>Udh&euml;heq&euml;s shkencor: Prof. dr. Bilal&nbsp; Draci<\/p>\n<p>Data e mbrojtjes: 15 Prill 2015<\/p>\n<p>&nbsp;<\/p>\n<p><u><strong>EDLIRA XEGA<\/strong><\/u><\/p>\n<p><strong>Titulli i disertacionit: &ldquo;Kontekstualizmi didaktik dhe tekstet m&euml;simore t&euml; gjuh&euml;s angleze; nj&euml; studim sociodidaktik i m&euml;simit t&euml; gjuh&euml;s angleze tek nx&euml;n&euml;sit shqiptar&euml;&rdquo;<\/strong><\/p>\n<p>Universiteti&nbsp;i Tiran&euml;s, Fakulteti&nbsp;i Gjuh&euml;ve t&euml; Huaja<\/p>\n<p>Udheheq&euml;s shkencor: Prof. dr. Drita Hadaj<\/p>\n<p>Data e mbrojtjes: 10 Prill 2015<\/p>\n<p>&nbsp;<\/p>\n<p><u><strong>LIRI SEITLLARI<\/strong><\/u><\/p>\n<p><strong>Titulli i disertacionit: &ldquo;Ve&ccedil;ori strukturore dhe semantike t&euml; leksikut dhe frazeologjis&euml; n&euml; vepr&euml;n e Mitrush Kutelit&rdquo;<\/strong><\/p>\n<p>Universiteti&nbsp;i Tiran&euml;s, Fakulteti&nbsp;i Historis&euml; dhe Filologjis&euml;<\/p>\n<p>Udheheq&euml;s shkencor: Prof. dr. Ali Jashari<\/p>\n<p>Data e mbrojtjes: 25 Shkurt 2015<\/p>\n<p>&nbsp;<\/p>\n<p><u><strong>FABIOLA KADI<\/strong><\/u><\/p>\n<p><strong>Titulli i disertacionit: &ldquo;Tema fetare n&euml; poezin&euml; franceze dhe shqiptare&rdquo;<\/strong><\/p>\n<p>Universiteti&nbsp;i Tiran&euml;s, Fakulteti&nbsp;i Gjuh&euml;ve t&euml; Huaja<\/p>\n<p>Udheheq&euml;s shkencor: Prof. dr. Ilia Lengu<\/p>\n<p>Data e mbrojtjes: 23 janar 2015<\/p>\n<p>&nbsp;<\/p>\n<p><u><strong>DONIKA DARDHA<\/strong><\/u><\/p>\n<p><strong>Titulli i disertacionit: Natyra e&nbsp; v&euml;shtir&euml;sive n&euml; t&euml; nx&euml;n&euml; n&euml; arsimin fillor. &Ccedil;&euml;shtje t&euml; programimit t&euml; individualizuar t&euml; nx&euml;n&euml;sve me k&euml;to v&euml;shtir&euml;si.&nbsp; (Ndikimi i v&euml;shtir&euml;sive&nbsp; n&euml; t&euml; nx&euml;n&euml; n&euml; gjith&euml;p&euml;rfshirjen e NNVE)<\/strong><\/p>\n<p>Universiteti i Tiran&euml;s; Fakulteti i Shkencave Sociale<\/p>\n<p>Udh&euml;heq&euml;s&nbsp;shkencor: Prof. dr. Bardhyl Musai<\/p>\n<p>Data e mbrojtjes: 08.01.2015<\/p>\n<p>&nbsp;<\/p>\n<p><u><strong>METIN VENXHA<\/strong><\/u><\/p>\n<p><strong>Titulli i disertacionit: &ldquo;Historia ekonomike e Shqiperis&euml; n&euml; shekullin e XX-t&euml;&rdquo;<\/strong><\/p>\n<p>Universiteti La Sapienza, Fakulteti i Shkencave Politike, Rom&euml;, Itali.<\/p>\n<p>Udh&euml;heq&euml;s&nbsp;shkencor: Prof. Gaetano Sabatini<\/p>\n<p>Data e mbrojtjes: 16.12.2014<\/p>\n<p>&nbsp;<\/p>\n<p><u><strong>ALDA&nbsp; JASHARI<\/strong><\/u><\/p>\n<p><strong>Titulli i disertacionit: &ldquo;Shqyrtime kontrastive p&euml;r form&euml;n e brendshme t&euml; gjuh&euml;s n&euml; shqipe, p&euml;rqasur me gjuh&euml; t&euml; tjera indoevropiane&rdquo;<\/strong><\/p>\n<p>Universiteti i Tiran&euml;s, Fakulteti i Historis&euml; dhe i Filologjis&euml;<\/p>\n<p>Udh&euml;heq&euml;s shkencor: Prof.dr. Shezai Rrokaj<\/p>\n<p>Data e mbrojtjes: 02.12.2014<\/p>\n<p>&nbsp;<\/p>\n<p><u><strong>FLORINA PAZARI<\/strong><\/u><\/p>\n<p><strong>Titulli i disertacionit:&nbsp;&quot;Vler&euml;simi ekonomik dhe ekologjik i bim&euml;ve mjek&euml;sore dhe aromatike &nbsp;t&euml; Shqip&euml;ris&euml; n&euml; funksion t&euml; zhvillimit t&euml;&nbsp; ekonomis&euml; rurale&quot;<\/strong><\/p>\n<p>Universiteti i Tiran&euml;s, Fakulteti i Historis&euml; dhe Filologjis&euml;, Departamenti i Gjeografis&euml;<\/p>\n<p>Udh&euml;heq&euml;s&nbsp; shkencor<strong>:<\/strong>&nbsp;Prof. as. dr. Merita Dollma<\/p>\n<p>Data e mbrojtjes<strong>:<\/strong>&nbsp;15.07.2014<\/p>\n<p>&nbsp;<\/p>\n<p><u><strong>EDLIRA MENKSHI<\/strong><\/u><\/p>\n<p><strong>Titulli i disertacionit: &ldquo;Trash&euml;gimia kulturore n&euml; funksion t&euml; zhvillimit social-ekonomik t&euml; qarkut Kor&ccedil;&euml;&rdquo;.<\/strong><\/p>\n<p>Universiteti i&nbsp;Tiran&euml;s, Fakulteti i Histori-Filologjis&euml;, Departamenti i Gjeografis&euml;<\/p>\n<p>Udh&euml;heq&euml;s shkencor: Prof.dr. Eqerem Yzeiri<\/p>\n<p>Data e mbrojtjes: 14.07.2014<\/p>\n<p>&nbsp;<\/p>\n<p><u><strong>OLSA PEMA<\/strong><\/u><\/p>\n<p><strong>Titulli i disertacionit: &quot;M&euml;simdh&euml;nia dhe t&euml; nx&euml;n&euml;t e gjuh&euml;ve t&euml; huaja n&euml; epok&euml;n e internetit&quot;<\/strong><\/p>\n<p>Universiteti i Tiran&euml;s, Fakulteti i Gjuh&euml;ve t&euml; Huaja<\/p>\n<p>Udh&euml;heq&euml;s&nbsp;shkencor: Prof.dr. Andromaqi &nbsp;Haloci<\/p>\n<p>Data e mbrojtjes: 03.07.2014<\/p>\n<p>&nbsp;<\/p>\n<p><u><strong>ERJOLA QAFZEZI<\/strong><\/u><\/p>\n<p><strong>Titulli i disertacionit: &quot;Aspekte teorike-praktike t&euml; p&euml;rkthimit t&euml; let&euml;rsis&euml; p&euml;r f&euml;mij&euml;&quot;<\/strong><\/p>\n<p>Universiteti i Tiran&euml;s, Fakulteti i Gjuh&euml;ve t&euml; Huaja<\/p>\n<p>Udh&euml;heq&euml;s&nbsp;shkencor: Prof.dr. Viktor Ristani<\/p>\n<p>Data e mbrojtjes: 30.04.2014<\/p>\n<p>&nbsp;<\/p>\n<p><u><strong>SOKOL SUPARAKU<\/strong><\/u><\/p>\n<p><strong>Titulli i disertacionit: &ldquo;Albanit&agrave; in Ebollizione. Studio delle dinamiche dell&rsquo;identit&agrave; e delle rappresentazioni sociali degli Albanesi nella transizione tra epoca moderna e postmoderna&rdquo;.<\/strong><\/p>\n<p>Universiteti &nbsp;&ldquo;C&agrave; &nbsp;Foscari&rdquo; i &nbsp;Venecias, Itali. (Universit&agrave; &ldquo;C&agrave; Foscari&rdquo; di Venezia)<\/p>\n<p>(Fakulteti i Gjuh&euml;ve dhe Let&euml;rsive t&euml; Huaja. (Facolt&agrave; di Lingue e Letterature Straniere)<\/p>\n<p>Udh&euml;heq&euml;s: Giuseppina Turano; Bashk&euml;udh&euml;heq&euml;si: Marco Aime.<\/p>\n<p>&nbsp;<\/p>\n<p><u><strong>ERINDA PAPA<\/strong><\/u><\/p>\n<p><strong>Titulli i disertacionit: &ldquo;Proza social-psikologjike e Doris Lesingut<\/strong><\/p>\n<p>Universiteti i Tiran&euml;s, Fakulteti i Gjuh&euml;ve t&euml; Huaja<\/p>\n<p>Udh&euml;heq&euml;s shkencor: Prof.dr.&nbsp; Maks Daiu<\/p>\n<p>Data e mbrojtjes: 12. 3. 2014<\/p>\n<p>&nbsp;<\/p>\n<p><u><strong>LINDITA KA<\/strong><strong>&Ccedil;ANI<\/strong><\/u><\/p>\n<p><strong>Titulli i disertacionit:&nbsp;&quot;Probleme t&euml; gramatik&euml;s n&euml; m&euml;simdh&euml;nien e m&euml;simnx&euml;nien e gjuh&euml;s angleze&quot;<\/strong><\/p>\n<p>Universiteti i Tiran&euml;s, &nbsp;Fakulteti i Gjuh&euml;ve t&euml; &nbsp;Huaja<\/p>\n<p>Udh&euml;heq&euml;s&nbsp;shkencor: &nbsp;Prof. dr. &nbsp;Ilo Stefanllari<\/p>\n<p>Data e mbrojtjes: 17 dhjetor 2013<\/p>\n<p>&nbsp;<\/p>\n<p><u><strong>BENITA STAVRE<\/strong><\/u><\/p>\n<p><strong>Titulli i disertacionit: &ldquo;Shqip&euml;ria dhe shqiptar&euml;t n&euml; shkrimet e autor&euml;ve anglez&euml; gjat&euml; viteve 1920-1939&rdquo;<\/strong><\/p>\n<p>Universiteti i Tiran&euml;s, Fakulteti i Gjuh&euml;ve t&euml; Huaja, Departamenti i Gjuh&euml;s Angleze<\/p>\n<p>Udh&euml;heq&euml;si shkencor: Prof. dr. G&euml;zim Hadaj<\/p>\n<p>Data e mbrojtjes: Dt. 08.07.2013<\/p>\n<hr \/>\n<p>&nbsp;<\/p>","protected":false},"excerpt":{"rendered":"<p>Titulli &ldquo;Profesor i asociuar&rdquo; Vendimi nr. 1280, dat&euml; 07.07. 2015,&nbsp; Titulli &ldquo;Profesor i asociuar&rdquo;,&nbsp; Dr.&nbsp; Jonela Spaho Vendimi nr. 23, dat&euml;&nbsp; 20.12.2013,&nbsp; Titulli &ldquo;Profesor i asociuar&rdquo;,&nbsp; Dr. &nbsp;Pavllo Cicko Vendimi nr. 24, dat&euml; 20.12.2013,&nbsp; Titulli &ldquo;Profesor i asociuar&rdquo;,&nbsp; Dr. &nbsp;Anyla Maxhe Vendimi nr. 13, dat&euml;&nbsp; 19.11.2013,&nbsp; Titulli &ldquo;Profesor i asociuar&rdquo;,&nbsp; Dr. &nbsp;Dion Tushi Vendimi nr&#8230;.<\/p>","protected":false},"author":122,"featured_media":0,"parent":0,"menu_order":0,"comment_status":"closed","ping_status":"closed","template":"","meta":{"_acf_changed":false,"footnotes":""},"class_list":["post-7930","page","type-page","status-publish","hentry"],"acf":[],"yoast_head":"<!-- This site is optimized with the Yoast SEO plugin v26.9 - https:\/\/yoast.com\/product\/yoast-seo-wordpress\/ -->\n<title>DOKTORATURA DHE TITUJ AKADEMIK\u00cb N\u00cb FAKULTETIN E EDUKIMIT DHE FILOLOGJIS\u00cb - Universiteti &quot;Fan S. Noli&quot;, Kor\u00e7\u00eb<\/title>\n<meta name=\"robots\" content=\"index, follow, max-snippet:-1, max-image-preview:large, max-video-preview:-1\" \/>\n<link rel=\"canonical\" href=\"https:\/\/unkorce.edu.al\/en\/doktoratura-dhe-tituj-akademike-ne-fakultetin-e-edukimit-dhe-filologjise\/\" \/>\n<meta property=\"og:locale\" content=\"en_US\" \/>\n<meta property=\"og:type\" content=\"article\" \/>\n<meta property=\"og:title\" content=\"DOKTORATURA DHE TITUJ AKADEMIK\u00cb N\u00cb FAKULTETIN E EDUKIMIT DHE FILOLOGJIS\u00cb - Universiteti &quot;Fan S. Noli&quot;, Kor\u00e7\u00eb\" \/>\n<meta property=\"og:description\" content=\"Titulli &ldquo;Profesor i asociuar&rdquo; Vendimi nr. 1280, dat&euml; 07.07. 2015,&nbsp; Titulli &ldquo;Profesor i asociuar&rdquo;,&nbsp; Dr.&nbsp; Jonela Spaho Vendimi nr. 23, dat&euml;&nbsp; 20.12.2013,&nbsp; Titulli &ldquo;Profesor i asociuar&rdquo;,&nbsp; Dr. &nbsp;Pavllo Cicko Vendimi nr. 24, dat&euml; 20.12.2013,&nbsp; Titulli &ldquo;Profesor i asociuar&rdquo;,&nbsp; Dr. &nbsp;Anyla Maxhe Vendimi nr. 13, dat&euml;&nbsp; 19.11.2013,&nbsp; Titulli &ldquo;Profesor i asociuar&rdquo;,&nbsp; Dr. &nbsp;Dion Tushi Vendimi nr....\" \/>\n<meta property=\"og:url\" content=\"https:\/\/unkorce.edu.al\/en\/doktoratura-dhe-tituj-akademike-ne-fakultetin-e-edukimit-dhe-filologjise\/\" \/>\n<meta property=\"og:site_name\" content=\"Universiteti &quot;Fan S. Noli&quot;, Kor\u00e7\u00eb\" \/>\n<meta property=\"article:publisher\" content=\"https:\/\/www.facebook.com\/unkorce\" \/>\n<meta name=\"twitter:card\" content=\"summary_large_image\" \/>\n<meta name=\"twitter:label1\" content=\"Est. reading time\" \/>\n\t<meta name=\"twitter:data1\" content=\"8 minutes\" \/>\n<script type=\"application\/ld+json\" class=\"yoast-schema-graph\">{\"@context\":\"https:\/\/schema.org\",\"@graph\":[{\"@type\":\"WebPage\",\"@id\":\"https:\/\/unkorce.edu.al\/doktoratura-dhe-tituj-akademike-ne-fakultetin-e-edukimit-dhe-filologjise\/\",\"url\":\"https:\/\/unkorce.edu.al\/doktoratura-dhe-tituj-akademike-ne-fakultetin-e-edukimit-dhe-filologjise\/\",\"name\":\"DOKTORATURA DHE TITUJ AKADEMIK\u00cb N\u00cb FAKULTETIN E EDUKIMIT DHE FILOLOGJIS\u00cb - Universiteti \\\"Fan S. Noli\\\", Kor\u00e7\u00eb\",\"isPartOf\":{\"@id\":\"https:\/\/unkorce.edu.al\/#website\"},\"datePublished\":\"2016-07-27T09:04:52+00:00\",\"breadcrumb\":{\"@id\":\"https:\/\/unkorce.edu.al\/doktoratura-dhe-tituj-akademike-ne-fakultetin-e-edukimit-dhe-filologjise\/#breadcrumb\"},\"inLanguage\":\"en-US\",\"potentialAction\":[{\"@type\":\"ReadAction\",\"target\":[\"https:\/\/unkorce.edu.al\/doktoratura-dhe-tituj-akademike-ne-fakultetin-e-edukimit-dhe-filologjise\/\"]}]},{\"@type\":\"BreadcrumbList\",\"@id\":\"https:\/\/unkorce.edu.al\/doktoratura-dhe-tituj-akademike-ne-fakultetin-e-edukimit-dhe-filologjise\/#breadcrumb\",\"itemListElement\":[{\"@type\":\"ListItem\",\"position\":1,\"name\":\"Home\",\"item\":\"https:\/\/unkorce.edu.al\/\"},{\"@type\":\"ListItem\",\"position\":2,\"name\":\"DOKTORATURA DHE TITUJ AKADEMIK\u00cb N\u00cb FAKULTETIN E EDUKIMIT DHE FILOLOGJIS\u00cb\"}]},{\"@type\":\"WebSite\",\"@id\":\"https:\/\/unkorce.edu.al\/#website\",\"url\":\"https:\/\/unkorce.edu.al\/\",\"name\":\"Universiteti \\\"Fan S. Noli\\\", Kor\u00e7\u00eb\",\"description\":\"Mir&euml;sevini n&euml; faqen zyrtare!\",\"publisher\":{\"@id\":\"https:\/\/unkorce.edu.al\/#organization\"},\"potentialAction\":[{\"@type\":\"SearchAction\",\"target\":{\"@type\":\"EntryPoint\",\"urlTemplate\":\"https:\/\/unkorce.edu.al\/?s={search_term_string}\"},\"query-input\":{\"@type\":\"PropertyValueSpecification\",\"valueRequired\":true,\"valueName\":\"search_term_string\"}}],\"inLanguage\":\"en-US\"},{\"@type\":\"Organization\",\"@id\":\"https:\/\/unkorce.edu.al\/#organization\",\"name\":\"Universiteti \\\"Fan S. Noli\\\", Kor\u00e7\u00eb\",\"url\":\"https:\/\/unkorce.edu.al\/\",\"logo\":{\"@type\":\"ImageObject\",\"inLanguage\":\"en-US\",\"@id\":\"https:\/\/unkorce.edu.al\/#\/schema\/logo\/image\/\",\"url\":\"https:\/\/unkorce.edu.al\/wp-content\/uploads\/2024\/08\/Logo_e_Universitetit__Fan_Noli_-e1726660879862.png\",\"contentUrl\":\"https:\/\/unkorce.edu.al\/wp-content\/uploads\/2024\/08\/Logo_e_Universitetit__Fan_Noli_-e1726660879862.png\",\"width\":200,\"height\":120,\"caption\":\"Universiteti \\\"Fan S. Noli\\\", Kor\u00e7\u00eb\"},\"image\":{\"@id\":\"https:\/\/unkorce.edu.al\/#\/schema\/logo\/image\/\"},\"sameAs\":[\"https:\/\/www.facebook.com\/unkorce\"]}]}<\/script>\n<!-- \/ Yoast SEO plugin. -->","yoast_head_json":{"title":"DOKTORATURA DHE TITUJ AKADEMIK\u00cb N\u00cb FAKULTETIN E EDUKIMIT DHE FILOLOGJIS\u00cb - Universiteti \"Fan S. Noli\", Kor\u00e7\u00eb","robots":{"index":"index","follow":"follow","max-snippet":"max-snippet:-1","max-image-preview":"max-image-preview:large","max-video-preview":"max-video-preview:-1"},"canonical":"https:\/\/unkorce.edu.al\/en\/doktoratura-dhe-tituj-akademike-ne-fakultetin-e-edukimit-dhe-filologjise\/","og_locale":"en_US","og_type":"article","og_title":"DOKTORATURA DHE TITUJ AKADEMIK\u00cb N\u00cb FAKULTETIN E EDUKIMIT DHE FILOLOGJIS\u00cb - Universiteti \"Fan S. Noli\", Kor\u00e7\u00eb","og_description":"Titulli &ldquo;Profesor i asociuar&rdquo; Vendimi nr. 1280, dat&euml; 07.07. 2015,&nbsp; Titulli &ldquo;Profesor i asociuar&rdquo;,&nbsp; Dr.&nbsp; Jonela Spaho Vendimi nr. 23, dat&euml;&nbsp; 20.12.2013,&nbsp; Titulli &ldquo;Profesor i asociuar&rdquo;,&nbsp; Dr. &nbsp;Pavllo Cicko Vendimi nr. 24, dat&euml; 20.12.2013,&nbsp; Titulli &ldquo;Profesor i asociuar&rdquo;,&nbsp; Dr. &nbsp;Anyla Maxhe Vendimi nr. 13, dat&euml;&nbsp; 19.11.2013,&nbsp; Titulli &ldquo;Profesor i asociuar&rdquo;,&nbsp; Dr. &nbsp;Dion Tushi Vendimi nr....","og_url":"https:\/\/unkorce.edu.al\/en\/doktoratura-dhe-tituj-akademike-ne-fakultetin-e-edukimit-dhe-filologjise\/","og_site_name":"Universiteti \"Fan S. Noli\", Kor\u00e7\u00eb","article_publisher":"https:\/\/www.facebook.com\/unkorce","twitter_card":"summary_large_image","twitter_misc":{"Est. reading time":"8 minutes"},"schema":{"@context":"https:\/\/schema.org","@graph":[{"@type":"WebPage","@id":"https:\/\/unkorce.edu.al\/doktoratura-dhe-tituj-akademike-ne-fakultetin-e-edukimit-dhe-filologjise\/","url":"https:\/\/unkorce.edu.al\/doktoratura-dhe-tituj-akademike-ne-fakultetin-e-edukimit-dhe-filologjise\/","name":"DOKTORATURA DHE TITUJ AKADEMIK\u00cb N\u00cb FAKULTETIN E EDUKIMIT DHE FILOLOGJIS\u00cb - Universiteti \"Fan S. Noli\", Kor\u00e7\u00eb","isPartOf":{"@id":"https:\/\/unkorce.edu.al\/#website"},"datePublished":"2016-07-27T09:04:52+00:00","breadcrumb":{"@id":"https:\/\/unkorce.edu.al\/doktoratura-dhe-tituj-akademike-ne-fakultetin-e-edukimit-dhe-filologjise\/#breadcrumb"},"inLanguage":"en-US","potentialAction":[{"@type":"ReadAction","target":["https:\/\/unkorce.edu.al\/doktoratura-dhe-tituj-akademike-ne-fakultetin-e-edukimit-dhe-filologjise\/"]}]},{"@type":"BreadcrumbList","@id":"https:\/\/unkorce.edu.al\/doktoratura-dhe-tituj-akademike-ne-fakultetin-e-edukimit-dhe-filologjise\/#breadcrumb","itemListElement":[{"@type":"ListItem","position":1,"name":"Home","item":"https:\/\/unkorce.edu.al\/"},{"@type":"ListItem","position":2,"name":"DOKTORATURA DHE TITUJ AKADEMIK\u00cb N\u00cb FAKULTETIN E EDUKIMIT DHE FILOLOGJIS\u00cb"}]},{"@type":"WebSite","@id":"https:\/\/unkorce.edu.al\/#website","url":"https:\/\/unkorce.edu.al\/","name":"Universiteti \"Fan S. Noli\", Kor\u00e7\u00eb","description":"Mir&euml;sevini n&euml; faqen zyrtare!","publisher":{"@id":"https:\/\/unkorce.edu.al\/#organization"},"potentialAction":[{"@type":"SearchAction","target":{"@type":"EntryPoint","urlTemplate":"https:\/\/unkorce.edu.al\/?s={search_term_string}"},"query-input":{"@type":"PropertyValueSpecification","valueRequired":true,"valueName":"search_term_string"}}],"inLanguage":"en-US"},{"@type":"Organization","@id":"https:\/\/unkorce.edu.al\/#organization","name":"Universiteti \"Fan S. Noli\", Kor\u00e7\u00eb","url":"https:\/\/unkorce.edu.al\/","logo":{"@type":"ImageObject","inLanguage":"en-US","@id":"https:\/\/unkorce.edu.al\/#\/schema\/logo\/image\/","url":"https:\/\/unkorce.edu.al\/wp-content\/uploads\/2024\/08\/Logo_e_Universitetit__Fan_Noli_-e1726660879862.png","contentUrl":"https:\/\/unkorce.edu.al\/wp-content\/uploads\/2024\/08\/Logo_e_Universitetit__Fan_Noli_-e1726660879862.png","width":200,"height":120,"caption":"Universiteti \"Fan S. Noli\", Kor\u00e7\u00eb"},"image":{"@id":"https:\/\/unkorce.edu.al\/#\/schema\/logo\/image\/"},"sameAs":["https:\/\/www.facebook.com\/unkorce"]}]}},"_links":{"self":[{"href":"https:\/\/unkorce.edu.al\/en\/wp-json\/wp\/v2\/pages\/7930","targetHints":{"allow":["GET"]}}],"collection":[{"href":"https:\/\/unkorce.edu.al\/en\/wp-json\/wp\/v2\/pages"}],"about":[{"href":"https:\/\/unkorce.edu.al\/en\/wp-json\/wp\/v2\/types\/page"}],"author":[{"embeddable":true,"href":"https:\/\/unkorce.edu.al\/en\/wp-json\/wp\/v2\/users\/122"}],"replies":[{"embeddable":true,"href":"https:\/\/unkorce.edu.al\/en\/wp-json\/wp\/v2\/comments?post=7930"}],"version-history":[{"count":0,"href":"https:\/\/unkorce.edu.al\/en\/wp-json\/wp\/v2\/pages\/7930\/revisions"}],"wp:attachment":[{"href":"https:\/\/unkorce.edu.al\/en\/wp-json\/wp\/v2\/media?parent=7930"}],"curies":[{"name":"wp","href":"https:\/\/api.w.org\/{rel}","templated":true}]}}