{"id":7924,"date":"2016-07-27T09:04:52","date_gmt":"2016-07-27T09:04:52","guid":{"rendered":"\/njoftime-ne-fakultetin-e-edukimit-dhe-filologjise\/"},"modified":"2016-07-27T09:04:52","modified_gmt":"2016-07-27T09:04:52","slug":"njoftime-ne-fakultetin-e-edukimit-dhe-filologjise","status":"publish","type":"page","link":"https:\/\/unkorce.edu.al\/en\/njoftime-ne-fakultetin-e-edukimit-dhe-filologjise\/","title":{"rendered":"NJOFTIME N\u00cb FAKULTETIN E EDUKIMIT DHE FILOLOGJIS\u00cb"},"content":{"rendered":"<p class=\"rtecenter\">&nbsp;<\/p>\n<hr \/>\n<p class=\"rtecenter\"><span style=\"font-family:tahoma,geneva,sans-serif\"><strong>NJOFTIM P&Euml;R ZHVILLIMIN E PROVIMEVE<\/strong><\/span><\/p>\n<p class=\"rtecenter\"><span style=\"font-family:tahoma,geneva,sans-serif\"><strong>N&Euml; QENDR&Euml;N E CERTIFIKIMIT T&Euml; GJUH&Euml;S GREKE<\/strong><\/span><\/p>\n<p class=\"rtecenter\"><span style=\"font-family:tahoma,geneva,sans-serif\"><strong>PRAN&Euml; FAKULTETIT T&Euml; EDUKIMIT DHE FILOLOGJIS&Euml;<\/strong><\/span><\/p>\n<p class=\"rtecenter\"><span style=\"font-family:tahoma,geneva,sans-serif\"><strong>UNIVERSITETI &ldquo;FAN S. NOLI&rdquo; I KOR&Ccedil;&Euml;S<\/strong><\/span><\/p>\n<p class=\"rtecenter\">&nbsp;<\/p>\n<p class=\"rtejustify\"><span style=\"font-family:tahoma,geneva,sans-serif\">Pran&euml; Fakultetit t&euml; Edukimit dhe Filologjis&euml; &euml;sht&euml; miratuar <strong>Qendra e Zhvillimit t&euml; Provimit t&euml; Gjuh&euml;s Greke<\/strong>. Provimi p&euml;r njohjen e gjuh&euml;s greke certifikohet nga Qendra e Gjuh&euml;s Greke (&Kappa;&Epsilon;&Gamma; &#8211; &Kappa;&epsilon;&nu;&tau;&rho;&omicron; &Epsilon;&lambda;&lambda;&eta;&nu;&iota;&kappa;&eta;&sigmaf; &Gamma;&lambda;&omega;&sigma;&sigma;&alpha;&sigmaf;, Selanik), si nj&euml; nga dhjetra qendrat e certifikimit s&euml; gjuh&euml;s greke t&euml; shp&euml;rndara n&euml; Evrop&euml;.<\/span><\/p>\n<p class=\"rtejustify\"><span style=\"font-family:tahoma,geneva,sans-serif\">Kjo qend&euml;r, e themeluar n&euml; vitin 1994, mbikqyret nga Ministria e Edukimit, Arsimit dhe &Ccedil;&euml;shtjeve Fetare t&euml; Greqis&euml; dhe njihet si nj&euml; nga institucionet p&euml;r njohjen e gjuh&euml;s greke nd&euml;rkomb&euml;tarisht dhe p&euml;rjet&euml;sisht (provimi nuk ka nevoj&euml; t&euml; rinovohet).<\/span><\/p>\n<p class=\"rtejustify\"><span style=\"font-family:tahoma,geneva,sans-serif\">Njohja e gjuh&euml;s greke do t&euml; certifikohet n&euml; gjasht&euml; nivele, duke filluar nga niveli elementar (A1) deri n&euml; at&euml; m&euml; t&euml; p&euml;rparuar (C2).<\/span><\/p>\n<p class=\"rtejustify\"><span style=\"font-family:tahoma,geneva,sans-serif\">K&euml;shtu, p.sh., zot&euml;rimi i certifikat&euml;s B2, u jep mund&euml;sin&euml; t&euml; interesuarve t&euml; regjistrohen p&euml;r t&euml; ndjekur studimet n&euml; nj&euml; institucion t&euml; arsimit t&euml; lart&euml; kudo n&euml; shtetin grek, ose zot&euml;rimi i certifikat&euml;s C2 u jep mund&euml;sin&euml; t&euml; interesuarve t&euml; pun&euml;sohen n&euml; nj&euml; institucion t&euml; Arsimit t&euml; Lart&euml; n&euml; Greqi.<\/span><\/p>\n<p class=\"rtejustify\"><span style=\"font-family:tahoma,geneva,sans-serif\">T&euml; interesuarit mund t&euml; kryejn&euml; regjistrimin on line nga data 1 shkurt deri m&euml; 13 mars 2016, ose t&euml; paraqiten pran&euml; zyr&euml;s 332, Fakulteti i Edukimit dhe i Filologjis&euml;, Universiteti &ldquo;Fan S. Noli&rdquo;, &ccedil;do dit&euml; nga ora 9.00 deri n&euml; or&euml;n 15.00 p&euml;r t&euml; marr&euml; informacionet e nevojshme.<\/span><\/p>\n<p class=\"rtejustify\"><span style=\"font-family:tahoma,geneva,sans-serif\">Provimet me goj&euml; dhe me shkrim t&euml; gjuh&euml;s greke do t&euml; zhvillohen n&euml; dat&euml;n 10 maj 2016.<\/span><\/p>\n<p class=\"rtejustify\"><span style=\"font-family:tahoma,geneva,sans-serif\">Informacione t&euml; m&euml;tejshme mund t&euml; merrni n&euml; faqen elektronike t&euml; Fakultetit t&euml; Edukimit dhe Filologjis&euml;, rubrika &ldquo;njoftime&rdquo; ose n&euml; adresat elektronike:<\/span><\/p>\n<p class=\"rtejustify\"><span style=\"font-family:tahoma,geneva,sans-serif\">P&euml;r regjistrim: <u>http:\/\/www.greek-language.gr\/certification\/application\/index.html<\/u><\/span><\/p>\n<p class=\"rtejustify\"><span style=\"font-family:tahoma,geneva,sans-serif\">P&euml;r udh&euml;zime t&euml; nevojshme ose p&euml;r t&euml; par&euml; shembuj t&euml; testeve sipas niveleve t&euml; k&euml;rkuara: <u>http:\/\/www.greeklanguage.gr\/certification\/node\/3<\/u><\/span><\/p>\n<p class=\"rtejustify\"><span style=\"font-family:tahoma,geneva,sans-serif\">Tarifat e pagesave sipas niveleve jan&euml; si m&euml; posht&euml;:<\/span><\/p>\n<p class=\"rtejustify\"><span style=\"font-family:tahoma,geneva,sans-serif\"><strong>Niveli A1 (p&euml;r f&euml;mij&euml; 8-12 vje&ccedil;) 65 euro<\/strong><\/span><\/p>\n<p class=\"rtejustify\"><span style=\"font-family:tahoma,geneva,sans-serif\"><strong>Niveli A1 (p&euml;r adoleshent&euml; dhe t&euml; rritur) 65 euro<\/strong><\/span><\/p>\n<p class=\"rtejustify\"><span style=\"font-family:tahoma,geneva,sans-serif\"><strong>Niveli A2 65 euro<\/strong><\/span><\/p>\n<p class=\"rtejustify\"><span style=\"font-family:tahoma,geneva,sans-serif\"><strong>Niveli A2 (p&euml;r q&euml;llime speciale) 65 euro<\/strong><\/span><\/p>\n<p class=\"rtejustify\"><span style=\"font-family:tahoma,geneva,sans-serif\"><strong>Niveli B1 65 euro<\/strong><\/span><\/p>\n<p class=\"rtejustify\"><span style=\"font-family:tahoma,geneva,sans-serif\"><strong>Niveli B2 73 euro<\/strong><\/span><\/p>\n<p class=\"rtejustify\"><span style=\"font-family:tahoma,geneva,sans-serif\"><strong>Niveli C1 73 euro<\/strong><\/span><\/p>\n<p class=\"rtejustify\"><span style=\"font-family:tahoma,geneva,sans-serif\"><strong>Niveli C2 73 euro<\/strong><\/span><\/p>\n<hr \/>","protected":false},"excerpt":{"rendered":"<p>&nbsp; NJOFTIM P&Euml;R ZHVILLIMIN E PROVIMEVE N&Euml; QENDR&Euml;N E CERTIFIKIMIT T&Euml; GJUH&Euml;S GREKE PRAN&Euml; FAKULTETIT T&Euml; EDUKIMIT DHE FILOLOGJIS&Euml; UNIVERSITETI &ldquo;FAN S. NOLI&rdquo; I KOR&Ccedil;&Euml;S &nbsp; Pran&euml; Fakultetit t&euml; Edukimit dhe Filologjis&euml; &euml;sht&euml; miratuar Qendra e Zhvillimit t&euml; Provimit t&euml; Gjuh&euml;s Greke. Provimi p&euml;r njohjen e gjuh&euml;s greke certifikohet nga Qendra e Gjuh&euml;s Greke (&Kappa;&Epsilon;&Gamma;&#8230;<\/p>","protected":false},"author":122,"featured_media":0,"parent":0,"menu_order":0,"comment_status":"closed","ping_status":"closed","template":"","meta":{"_acf_changed":false,"footnotes":""},"class_list":["post-7924","page","type-page","status-publish","hentry"],"acf":[],"yoast_head":"<!-- This site is optimized with the Yoast SEO plugin v26.9 - https:\/\/yoast.com\/product\/yoast-seo-wordpress\/ -->\n<title>NJOFTIME N\u00cb FAKULTETIN E EDUKIMIT DHE FILOLOGJIS\u00cb - Universiteti &quot;Fan S. Noli&quot;, Kor\u00e7\u00eb<\/title>\n<meta name=\"robots\" content=\"index, follow, max-snippet:-1, max-image-preview:large, max-video-preview:-1\" \/>\n<link rel=\"canonical\" href=\"https:\/\/unkorce.edu.al\/en\/njoftime-ne-fakultetin-e-edukimit-dhe-filologjise\/\" \/>\n<meta property=\"og:locale\" content=\"en_US\" \/>\n<meta property=\"og:type\" content=\"article\" \/>\n<meta property=\"og:title\" content=\"NJOFTIME N\u00cb FAKULTETIN E EDUKIMIT DHE FILOLOGJIS\u00cb - Universiteti &quot;Fan S. Noli&quot;, Kor\u00e7\u00eb\" \/>\n<meta property=\"og:description\" content=\"&nbsp; NJOFTIM P&Euml;R ZHVILLIMIN E PROVIMEVE N&Euml; QENDR&Euml;N E CERTIFIKIMIT T&Euml; GJUH&Euml;S GREKE PRAN&Euml; FAKULTETIT T&Euml; EDUKIMIT DHE FILOLOGJIS&Euml; UNIVERSITETI &ldquo;FAN S. NOLI&rdquo; I KOR&Ccedil;&Euml;S &nbsp; Pran&euml; Fakultetit t&euml; Edukimit dhe Filologjis&euml; &euml;sht&euml; miratuar Qendra e Zhvillimit t&euml; Provimit t&euml; Gjuh&euml;s Greke. Provimi p&euml;r njohjen e gjuh&euml;s greke certifikohet nga Qendra e Gjuh&euml;s Greke (&Kappa;&Epsilon;&Gamma;...\" \/>\n<meta property=\"og:url\" content=\"https:\/\/unkorce.edu.al\/en\/njoftime-ne-fakultetin-e-edukimit-dhe-filologjise\/\" \/>\n<meta property=\"og:site_name\" content=\"Universiteti &quot;Fan S. Noli&quot;, Kor\u00e7\u00eb\" \/>\n<meta property=\"article:publisher\" content=\"https:\/\/www.facebook.com\/unkorce\" \/>\n<meta name=\"twitter:card\" content=\"summary_large_image\" \/>\n<meta name=\"twitter:label1\" content=\"Est. reading time\" \/>\n\t<meta name=\"twitter:data1\" content=\"3 minutes\" \/>\n<script type=\"application\/ld+json\" class=\"yoast-schema-graph\">{\"@context\":\"https:\/\/schema.org\",\"@graph\":[{\"@type\":\"WebPage\",\"@id\":\"https:\/\/unkorce.edu.al\/njoftime-ne-fakultetin-e-edukimit-dhe-filologjise\/\",\"url\":\"https:\/\/unkorce.edu.al\/njoftime-ne-fakultetin-e-edukimit-dhe-filologjise\/\",\"name\":\"NJOFTIME N\u00cb FAKULTETIN E EDUKIMIT DHE FILOLOGJIS\u00cb - Universiteti \\\"Fan S. Noli\\\", Kor\u00e7\u00eb\",\"isPartOf\":{\"@id\":\"https:\/\/unkorce.edu.al\/#website\"},\"datePublished\":\"2016-07-27T09:04:52+00:00\",\"breadcrumb\":{\"@id\":\"https:\/\/unkorce.edu.al\/njoftime-ne-fakultetin-e-edukimit-dhe-filologjise\/#breadcrumb\"},\"inLanguage\":\"en-US\",\"potentialAction\":[{\"@type\":\"ReadAction\",\"target\":[\"https:\/\/unkorce.edu.al\/njoftime-ne-fakultetin-e-edukimit-dhe-filologjise\/\"]}]},{\"@type\":\"BreadcrumbList\",\"@id\":\"https:\/\/unkorce.edu.al\/njoftime-ne-fakultetin-e-edukimit-dhe-filologjise\/#breadcrumb\",\"itemListElement\":[{\"@type\":\"ListItem\",\"position\":1,\"name\":\"Home\",\"item\":\"https:\/\/unkorce.edu.al\/\"},{\"@type\":\"ListItem\",\"position\":2,\"name\":\"NJOFTIME N\u00cb FAKULTETIN E EDUKIMIT DHE FILOLOGJIS\u00cb\"}]},{\"@type\":\"WebSite\",\"@id\":\"https:\/\/unkorce.edu.al\/#website\",\"url\":\"https:\/\/unkorce.edu.al\/\",\"name\":\"Universiteti \\\"Fan S. Noli\\\", Kor\u00e7\u00eb\",\"description\":\"Mir&euml;sevini n&euml; faqen zyrtare!\",\"publisher\":{\"@id\":\"https:\/\/unkorce.edu.al\/#organization\"},\"potentialAction\":[{\"@type\":\"SearchAction\",\"target\":{\"@type\":\"EntryPoint\",\"urlTemplate\":\"https:\/\/unkorce.edu.al\/?s={search_term_string}\"},\"query-input\":{\"@type\":\"PropertyValueSpecification\",\"valueRequired\":true,\"valueName\":\"search_term_string\"}}],\"inLanguage\":\"en-US\"},{\"@type\":\"Organization\",\"@id\":\"https:\/\/unkorce.edu.al\/#organization\",\"name\":\"Universiteti \\\"Fan S. Noli\\\", Kor\u00e7\u00eb\",\"url\":\"https:\/\/unkorce.edu.al\/\",\"logo\":{\"@type\":\"ImageObject\",\"inLanguage\":\"en-US\",\"@id\":\"https:\/\/unkorce.edu.al\/#\/schema\/logo\/image\/\",\"url\":\"https:\/\/unkorce.edu.al\/wp-content\/uploads\/2024\/08\/Logo_e_Universitetit__Fan_Noli_-e1726660879862.png\",\"contentUrl\":\"https:\/\/unkorce.edu.al\/wp-content\/uploads\/2024\/08\/Logo_e_Universitetit__Fan_Noli_-e1726660879862.png\",\"width\":200,\"height\":120,\"caption\":\"Universiteti \\\"Fan S. Noli\\\", Kor\u00e7\u00eb\"},\"image\":{\"@id\":\"https:\/\/unkorce.edu.al\/#\/schema\/logo\/image\/\"},\"sameAs\":[\"https:\/\/www.facebook.com\/unkorce\"]}]}<\/script>\n<!-- \/ Yoast SEO plugin. -->","yoast_head_json":{"title":"NJOFTIME N\u00cb FAKULTETIN E EDUKIMIT DHE FILOLOGJIS\u00cb - Universiteti \"Fan S. Noli\", Kor\u00e7\u00eb","robots":{"index":"index","follow":"follow","max-snippet":"max-snippet:-1","max-image-preview":"max-image-preview:large","max-video-preview":"max-video-preview:-1"},"canonical":"https:\/\/unkorce.edu.al\/en\/njoftime-ne-fakultetin-e-edukimit-dhe-filologjise\/","og_locale":"en_US","og_type":"article","og_title":"NJOFTIME N\u00cb FAKULTETIN E EDUKIMIT DHE FILOLOGJIS\u00cb - Universiteti \"Fan S. Noli\", Kor\u00e7\u00eb","og_description":"&nbsp; NJOFTIM P&Euml;R ZHVILLIMIN E PROVIMEVE N&Euml; QENDR&Euml;N E CERTIFIKIMIT T&Euml; GJUH&Euml;S GREKE PRAN&Euml; FAKULTETIT T&Euml; EDUKIMIT DHE FILOLOGJIS&Euml; UNIVERSITETI &ldquo;FAN S. NOLI&rdquo; I KOR&Ccedil;&Euml;S &nbsp; Pran&euml; Fakultetit t&euml; Edukimit dhe Filologjis&euml; &euml;sht&euml; miratuar Qendra e Zhvillimit t&euml; Provimit t&euml; Gjuh&euml;s Greke. Provimi p&euml;r njohjen e gjuh&euml;s greke certifikohet nga Qendra e Gjuh&euml;s Greke (&Kappa;&Epsilon;&Gamma;...","og_url":"https:\/\/unkorce.edu.al\/en\/njoftime-ne-fakultetin-e-edukimit-dhe-filologjise\/","og_site_name":"Universiteti \"Fan S. Noli\", Kor\u00e7\u00eb","article_publisher":"https:\/\/www.facebook.com\/unkorce","twitter_card":"summary_large_image","twitter_misc":{"Est. reading time":"3 minutes"},"schema":{"@context":"https:\/\/schema.org","@graph":[{"@type":"WebPage","@id":"https:\/\/unkorce.edu.al\/njoftime-ne-fakultetin-e-edukimit-dhe-filologjise\/","url":"https:\/\/unkorce.edu.al\/njoftime-ne-fakultetin-e-edukimit-dhe-filologjise\/","name":"NJOFTIME N\u00cb FAKULTETIN E EDUKIMIT DHE FILOLOGJIS\u00cb - Universiteti \"Fan S. Noli\", Kor\u00e7\u00eb","isPartOf":{"@id":"https:\/\/unkorce.edu.al\/#website"},"datePublished":"2016-07-27T09:04:52+00:00","breadcrumb":{"@id":"https:\/\/unkorce.edu.al\/njoftime-ne-fakultetin-e-edukimit-dhe-filologjise\/#breadcrumb"},"inLanguage":"en-US","potentialAction":[{"@type":"ReadAction","target":["https:\/\/unkorce.edu.al\/njoftime-ne-fakultetin-e-edukimit-dhe-filologjise\/"]}]},{"@type":"BreadcrumbList","@id":"https:\/\/unkorce.edu.al\/njoftime-ne-fakultetin-e-edukimit-dhe-filologjise\/#breadcrumb","itemListElement":[{"@type":"ListItem","position":1,"name":"Home","item":"https:\/\/unkorce.edu.al\/"},{"@type":"ListItem","position":2,"name":"NJOFTIME N\u00cb FAKULTETIN E EDUKIMIT DHE FILOLOGJIS\u00cb"}]},{"@type":"WebSite","@id":"https:\/\/unkorce.edu.al\/#website","url":"https:\/\/unkorce.edu.al\/","name":"Universiteti \"Fan S. Noli\", Kor\u00e7\u00eb","description":"Mir&euml;sevini n&euml; faqen zyrtare!","publisher":{"@id":"https:\/\/unkorce.edu.al\/#organization"},"potentialAction":[{"@type":"SearchAction","target":{"@type":"EntryPoint","urlTemplate":"https:\/\/unkorce.edu.al\/?s={search_term_string}"},"query-input":{"@type":"PropertyValueSpecification","valueRequired":true,"valueName":"search_term_string"}}],"inLanguage":"en-US"},{"@type":"Organization","@id":"https:\/\/unkorce.edu.al\/#organization","name":"Universiteti \"Fan S. Noli\", Kor\u00e7\u00eb","url":"https:\/\/unkorce.edu.al\/","logo":{"@type":"ImageObject","inLanguage":"en-US","@id":"https:\/\/unkorce.edu.al\/#\/schema\/logo\/image\/","url":"https:\/\/unkorce.edu.al\/wp-content\/uploads\/2024\/08\/Logo_e_Universitetit__Fan_Noli_-e1726660879862.png","contentUrl":"https:\/\/unkorce.edu.al\/wp-content\/uploads\/2024\/08\/Logo_e_Universitetit__Fan_Noli_-e1726660879862.png","width":200,"height":120,"caption":"Universiteti \"Fan S. Noli\", Kor\u00e7\u00eb"},"image":{"@id":"https:\/\/unkorce.edu.al\/#\/schema\/logo\/image\/"},"sameAs":["https:\/\/www.facebook.com\/unkorce"]}]}},"_links":{"self":[{"href":"https:\/\/unkorce.edu.al\/en\/wp-json\/wp\/v2\/pages\/7924","targetHints":{"allow":["GET"]}}],"collection":[{"href":"https:\/\/unkorce.edu.al\/en\/wp-json\/wp\/v2\/pages"}],"about":[{"href":"https:\/\/unkorce.edu.al\/en\/wp-json\/wp\/v2\/types\/page"}],"author":[{"embeddable":true,"href":"https:\/\/unkorce.edu.al\/en\/wp-json\/wp\/v2\/users\/122"}],"replies":[{"embeddable":true,"href":"https:\/\/unkorce.edu.al\/en\/wp-json\/wp\/v2\/comments?post=7924"}],"version-history":[{"count":0,"href":"https:\/\/unkorce.edu.al\/en\/wp-json\/wp\/v2\/pages\/7924\/revisions"}],"wp:attachment":[{"href":"https:\/\/unkorce.edu.al\/en\/wp-json\/wp\/v2\/media?parent=7924"}],"curies":[{"name":"wp","href":"https:\/\/api.w.org\/{rel}","templated":true}]}}