{"id":7923,"date":"2016-07-27T09:04:52","date_gmt":"2016-07-27T09:04:52","guid":{"rendered":"\/departamenti-i-infermierise\/"},"modified":"2016-07-27T09:04:52","modified_gmt":"2016-07-27T09:04:52","slug":"departamenti-i-infermierise","status":"publish","type":"page","link":"https:\/\/unkorce.edu.al\/en\/departamenti-i-infermierise\/","title":{"rendered":"Departamenti i Infermieris\u00eb"},"content":{"rendered":"<p><strong>P&euml;rgjegj&euml;s i departamentit:<\/strong> <a href=\"\/sites\/default\/files\/fakulteti_shkencave\/eda_stasa.pdf\" target=\"_blank\" rel=\"noopener\">Dr. Eda Stasa<\/a><\/p>\n<p><strong>1.&nbsp;<\/strong><a href=\"\/sites\/default\/files\/fakulteti_shkencave\/elda_panariti_nuni_2.pdf\" target=\"_blank\" rel=\"noopener\">Dr. Elda Panariti<\/a><\/p>\n<p><strong>2.&nbsp;<\/strong>Msc. Elena Drenesku<\/p>\n<p><strong>3.&nbsp;<\/strong><a href=\"\/sites\/default\/files\/fakulteti_shkencave\/blendi_baze.pdf\" target=\"_blank\" rel=\"noopener\">Msc. Blendi Baze<\/a><\/p>\n<p><strong>4.&nbsp;<\/strong>Msc. Axhela Frash&euml;ri<\/p>\n<p><strong>5.&nbsp;<\/strong>Msc. Lida Jorgji<\/p>\n<p><strong>6.&nbsp;<\/strong><a href=\"\/sites\/default\/files\/fakulteti_shkencave\/lindita_terolli.pdf\" target=\"_blank\" rel=\"noopener\">Doc. Lindita T&euml;rolli<\/a><\/p>\n<p><strong>7.&nbsp;<\/strong>Msc. Emisa Krastafillaku<\/p>\n<p><strong>8.&nbsp;<\/strong>Msc. Adelina Galica<\/p>\n<p><strong>9.&nbsp;<\/strong>Msc. Erisa Grabocka<\/p>\n<p><strong>10.&nbsp;<\/strong>Msc .Zhinzela Qyli<\/p>\n<p>&nbsp;<\/p>\n<p><strong>Grupi M&euml;simor K&euml;rkimor i Biologji-Kimis&euml;<\/strong><\/p>\n<p><strong>P&euml;rgjegj&euml;s i Grupit m&euml;simor-k&euml;rkimor:<\/strong> Dr. Arben Gjata<\/p>\n<p><strong>1<\/strong>. <a href=\"\/sites\/default\/files\/fakulteti_shkencave\/cv_desareda_mero.pdf\" target=\"_blank\" rel=\"noopener\">Msc. Desareda Mero<\/a><\/p>\n<p><strong>2<\/strong>. <a href=\"\/sites\/default\/files\/fakulteti_shkencave\/cv_tanja_kamburi.pdf\" target=\"_blank\" rel=\"noopener\">Msc. Tanja Kamburi<\/a><\/p>\n<p><strong>3<\/strong>. Msc. Eralda Belishta<\/p>\n<p><strong>4<\/strong>. Msc. Xhuljana Qirinxhi<\/p>","protected":false},"excerpt":{"rendered":"<p>P&euml;rgjegj&euml;s i departamentit: Dr. Eda Stasa 1.&nbsp;Dr. Elda Panariti 2.&nbsp;Msc. Elena Drenesku 3.&nbsp;Msc. Blendi Baze 4.&nbsp;Msc. Axhela Frash&euml;ri 5.&nbsp;Msc. Lida Jorgji 6.&nbsp;Doc. Lindita T&euml;rolli 7.&nbsp;Msc. Emisa Krastafillaku 8.&nbsp;Msc. Adelina Galica 9.&nbsp;Msc. Erisa Grabocka 10.&nbsp;Msc .Zhinzela Qyli &nbsp; Grupi M&euml;simor K&euml;rkimor i Biologji-Kimis&euml; P&euml;rgjegj&euml;s i Grupit m&euml;simor-k&euml;rkimor: Dr. Arben Gjata 1. Msc. Desareda Mero 2. Msc&#8230;.<\/p>","protected":false},"author":122,"featured_media":0,"parent":0,"menu_order":0,"comment_status":"closed","ping_status":"closed","template":"","meta":{"_acf_changed":false,"footnotes":""},"class_list":["post-7923","page","type-page","status-publish","hentry"],"acf":[],"yoast_head":"<!-- This site is optimized with the Yoast SEO plugin v26.9 - https:\/\/yoast.com\/product\/yoast-seo-wordpress\/ -->\n<title>Departamenti i Infermieris\u00eb - Universiteti &quot;Fan S. Noli&quot;, Kor\u00e7\u00eb<\/title>\n<meta name=\"robots\" content=\"index, follow, max-snippet:-1, max-image-preview:large, max-video-preview:-1\" \/>\n<link rel=\"canonical\" href=\"https:\/\/unkorce.edu.al\/en\/departamenti-i-infermierise\/\" \/>\n<meta property=\"og:locale\" content=\"en_US\" \/>\n<meta property=\"og:type\" content=\"article\" \/>\n<meta property=\"og:title\" content=\"Departamenti i Infermieris\u00eb - Universiteti &quot;Fan S. Noli&quot;, Kor\u00e7\u00eb\" \/>\n<meta property=\"og:description\" content=\"P&euml;rgjegj&euml;s i departamentit: Dr. Eda Stasa 1.&nbsp;Dr. Elda Panariti 2.&nbsp;Msc. Elena Drenesku 3.&nbsp;Msc. Blendi Baze 4.&nbsp;Msc. Axhela Frash&euml;ri 5.&nbsp;Msc. Lida Jorgji 6.&nbsp;Doc. Lindita T&euml;rolli 7.&nbsp;Msc. Emisa Krastafillaku 8.&nbsp;Msc. Adelina Galica 9.&nbsp;Msc. Erisa Grabocka 10.&nbsp;Msc .Zhinzela Qyli &nbsp; Grupi M&euml;simor K&euml;rkimor i Biologji-Kimis&euml; P&euml;rgjegj&euml;s i Grupit m&euml;simor-k&euml;rkimor: Dr. Arben Gjata 1. Msc. Desareda Mero 2. Msc....\" \/>\n<meta property=\"og:url\" content=\"https:\/\/unkorce.edu.al\/en\/departamenti-i-infermierise\/\" \/>\n<meta property=\"og:site_name\" content=\"Universiteti &quot;Fan S. Noli&quot;, Kor\u00e7\u00eb\" \/>\n<meta property=\"article:publisher\" content=\"https:\/\/www.facebook.com\/unkorce\" \/>\n<meta name=\"twitter:card\" content=\"summary_large_image\" \/>\n<script type=\"application\/ld+json\" class=\"yoast-schema-graph\">{\"@context\":\"https:\/\/schema.org\",\"@graph\":[{\"@type\":\"WebPage\",\"@id\":\"https:\/\/unkorce.edu.al\/departamenti-i-infermierise\/\",\"url\":\"https:\/\/unkorce.edu.al\/departamenti-i-infermierise\/\",\"name\":\"Departamenti i Infermieris\u00eb - Universiteti \\\"Fan S. Noli\\\", Kor\u00e7\u00eb\",\"isPartOf\":{\"@id\":\"https:\/\/unkorce.edu.al\/#website\"},\"datePublished\":\"2016-07-27T09:04:52+00:00\",\"breadcrumb\":{\"@id\":\"https:\/\/unkorce.edu.al\/departamenti-i-infermierise\/#breadcrumb\"},\"inLanguage\":\"en-US\",\"potentialAction\":[{\"@type\":\"ReadAction\",\"target\":[\"https:\/\/unkorce.edu.al\/departamenti-i-infermierise\/\"]}]},{\"@type\":\"BreadcrumbList\",\"@id\":\"https:\/\/unkorce.edu.al\/departamenti-i-infermierise\/#breadcrumb\",\"itemListElement\":[{\"@type\":\"ListItem\",\"position\":1,\"name\":\"Home\",\"item\":\"https:\/\/unkorce.edu.al\/\"},{\"@type\":\"ListItem\",\"position\":2,\"name\":\"Departamenti i Infermieris\u00eb\"}]},{\"@type\":\"WebSite\",\"@id\":\"https:\/\/unkorce.edu.al\/#website\",\"url\":\"https:\/\/unkorce.edu.al\/\",\"name\":\"Universiteti \\\"Fan S. Noli\\\", Kor\u00e7\u00eb\",\"description\":\"Mir&euml;sevini n&euml; faqen zyrtare!\",\"publisher\":{\"@id\":\"https:\/\/unkorce.edu.al\/#organization\"},\"potentialAction\":[{\"@type\":\"SearchAction\",\"target\":{\"@type\":\"EntryPoint\",\"urlTemplate\":\"https:\/\/unkorce.edu.al\/?s={search_term_string}\"},\"query-input\":{\"@type\":\"PropertyValueSpecification\",\"valueRequired\":true,\"valueName\":\"search_term_string\"}}],\"inLanguage\":\"en-US\"},{\"@type\":\"Organization\",\"@id\":\"https:\/\/unkorce.edu.al\/#organization\",\"name\":\"Universiteti \\\"Fan S. Noli\\\", Kor\u00e7\u00eb\",\"url\":\"https:\/\/unkorce.edu.al\/\",\"logo\":{\"@type\":\"ImageObject\",\"inLanguage\":\"en-US\",\"@id\":\"https:\/\/unkorce.edu.al\/#\/schema\/logo\/image\/\",\"url\":\"https:\/\/unkorce.edu.al\/wp-content\/uploads\/2024\/08\/Logo_e_Universitetit__Fan_Noli_-e1726660879862.png\",\"contentUrl\":\"https:\/\/unkorce.edu.al\/wp-content\/uploads\/2024\/08\/Logo_e_Universitetit__Fan_Noli_-e1726660879862.png\",\"width\":200,\"height\":120,\"caption\":\"Universiteti \\\"Fan S. Noli\\\", Kor\u00e7\u00eb\"},\"image\":{\"@id\":\"https:\/\/unkorce.edu.al\/#\/schema\/logo\/image\/\"},\"sameAs\":[\"https:\/\/www.facebook.com\/unkorce\"]}]}<\/script>\n<!-- \/ Yoast SEO plugin. -->","yoast_head_json":{"title":"Departamenti i Infermieris\u00eb - Universiteti \"Fan S. Noli\", Kor\u00e7\u00eb","robots":{"index":"index","follow":"follow","max-snippet":"max-snippet:-1","max-image-preview":"max-image-preview:large","max-video-preview":"max-video-preview:-1"},"canonical":"https:\/\/unkorce.edu.al\/en\/departamenti-i-infermierise\/","og_locale":"en_US","og_type":"article","og_title":"Departamenti i Infermieris\u00eb - Universiteti \"Fan S. Noli\", Kor\u00e7\u00eb","og_description":"P&euml;rgjegj&euml;s i departamentit: Dr. Eda Stasa 1.&nbsp;Dr. Elda Panariti 2.&nbsp;Msc. Elena Drenesku 3.&nbsp;Msc. Blendi Baze 4.&nbsp;Msc. Axhela Frash&euml;ri 5.&nbsp;Msc. Lida Jorgji 6.&nbsp;Doc. Lindita T&euml;rolli 7.&nbsp;Msc. Emisa Krastafillaku 8.&nbsp;Msc. Adelina Galica 9.&nbsp;Msc. Erisa Grabocka 10.&nbsp;Msc .Zhinzela Qyli &nbsp; Grupi M&euml;simor K&euml;rkimor i Biologji-Kimis&euml; P&euml;rgjegj&euml;s i Grupit m&euml;simor-k&euml;rkimor: Dr. Arben Gjata 1. Msc. Desareda Mero 2. Msc....","og_url":"https:\/\/unkorce.edu.al\/en\/departamenti-i-infermierise\/","og_site_name":"Universiteti \"Fan S. Noli\", Kor\u00e7\u00eb","article_publisher":"https:\/\/www.facebook.com\/unkorce","twitter_card":"summary_large_image","schema":{"@context":"https:\/\/schema.org","@graph":[{"@type":"WebPage","@id":"https:\/\/unkorce.edu.al\/departamenti-i-infermierise\/","url":"https:\/\/unkorce.edu.al\/departamenti-i-infermierise\/","name":"Departamenti i Infermieris\u00eb - Universiteti \"Fan S. Noli\", Kor\u00e7\u00eb","isPartOf":{"@id":"https:\/\/unkorce.edu.al\/#website"},"datePublished":"2016-07-27T09:04:52+00:00","breadcrumb":{"@id":"https:\/\/unkorce.edu.al\/departamenti-i-infermierise\/#breadcrumb"},"inLanguage":"en-US","potentialAction":[{"@type":"ReadAction","target":["https:\/\/unkorce.edu.al\/departamenti-i-infermierise\/"]}]},{"@type":"BreadcrumbList","@id":"https:\/\/unkorce.edu.al\/departamenti-i-infermierise\/#breadcrumb","itemListElement":[{"@type":"ListItem","position":1,"name":"Home","item":"https:\/\/unkorce.edu.al\/"},{"@type":"ListItem","position":2,"name":"Departamenti i Infermieris\u00eb"}]},{"@type":"WebSite","@id":"https:\/\/unkorce.edu.al\/#website","url":"https:\/\/unkorce.edu.al\/","name":"Universiteti \"Fan S. Noli\", Kor\u00e7\u00eb","description":"Mir&euml;sevini n&euml; faqen zyrtare!","publisher":{"@id":"https:\/\/unkorce.edu.al\/#organization"},"potentialAction":[{"@type":"SearchAction","target":{"@type":"EntryPoint","urlTemplate":"https:\/\/unkorce.edu.al\/?s={search_term_string}"},"query-input":{"@type":"PropertyValueSpecification","valueRequired":true,"valueName":"search_term_string"}}],"inLanguage":"en-US"},{"@type":"Organization","@id":"https:\/\/unkorce.edu.al\/#organization","name":"Universiteti \"Fan S. Noli\", Kor\u00e7\u00eb","url":"https:\/\/unkorce.edu.al\/","logo":{"@type":"ImageObject","inLanguage":"en-US","@id":"https:\/\/unkorce.edu.al\/#\/schema\/logo\/image\/","url":"https:\/\/unkorce.edu.al\/wp-content\/uploads\/2024\/08\/Logo_e_Universitetit__Fan_Noli_-e1726660879862.png","contentUrl":"https:\/\/unkorce.edu.al\/wp-content\/uploads\/2024\/08\/Logo_e_Universitetit__Fan_Noli_-e1726660879862.png","width":200,"height":120,"caption":"Universiteti \"Fan S. Noli\", Kor\u00e7\u00eb"},"image":{"@id":"https:\/\/unkorce.edu.al\/#\/schema\/logo\/image\/"},"sameAs":["https:\/\/www.facebook.com\/unkorce"]}]}},"_links":{"self":[{"href":"https:\/\/unkorce.edu.al\/en\/wp-json\/wp\/v2\/pages\/7923","targetHints":{"allow":["GET"]}}],"collection":[{"href":"https:\/\/unkorce.edu.al\/en\/wp-json\/wp\/v2\/pages"}],"about":[{"href":"https:\/\/unkorce.edu.al\/en\/wp-json\/wp\/v2\/types\/page"}],"author":[{"embeddable":true,"href":"https:\/\/unkorce.edu.al\/en\/wp-json\/wp\/v2\/users\/122"}],"replies":[{"embeddable":true,"href":"https:\/\/unkorce.edu.al\/en\/wp-json\/wp\/v2\/comments?post=7923"}],"version-history":[{"count":0,"href":"https:\/\/unkorce.edu.al\/en\/wp-json\/wp\/v2\/pages\/7923\/revisions"}],"wp:attachment":[{"href":"https:\/\/unkorce.edu.al\/en\/wp-json\/wp\/v2\/media?parent=7923"}],"curies":[{"name":"wp","href":"https:\/\/api.w.org\/{rel}","templated":true}]}}