{"id":7918,"date":"2016-07-27T09:04:52","date_gmt":"2016-07-27T09:04:52","guid":{"rendered":"\/fakulteti-i-shkencave-te-natyres-dhe-shkencave-humane\/"},"modified":"2016-07-27T09:04:52","modified_gmt":"2016-07-27T09:04:52","slug":"fakulteti-i-shkencave-te-natyres-dhe-shkencave-humane","status":"publish","type":"page","link":"https:\/\/unkorce.edu.al\/en\/fakulteti-i-shkencave-te-natyres-dhe-shkencave-humane\/","title":{"rendered":"Fakulteti i Shkencave t\u00eb Natyr\u00ebs dhe Shkencave Humane"},"content":{"rendered":"<p><strong>HISTORIKU I FAKULTETIT TE SHKENCAVE TE NATYR&Euml;S DHE SHKENCAVE HUMANE<\/strong><\/p>\n<p class=\"rtejustify\"><img decoding=\"async\" alt=\"\" src=\"\/sites\/default\/files\/logo_shkencat.png\" style=\"float:left; height:85px; width:150px\" \/><\/p>\n<p>&nbsp;<\/p>\n<p>&nbsp;<\/p>\n<p>&nbsp;<\/p>\n<p>&nbsp;<\/p>\n<p class=\"rtejustify\">Fakulteti i Shkencave t&euml; Natyr&euml;s dhe Shkencave Humane u hap n&euml; baz&euml; t&euml; Urdh&euml;rit nr. 16, dat&euml; 17.01.2012 t&euml; Ministrit t&euml; Arsimit dhe t&euml; Shkenc&euml;s, mb&euml;shtetur n&euml; nenin 102 t&euml; Kushtetut&euml;s dhe n&euml; nenin 41 t&euml; Ligjit &ldquo;<em>P&euml;r Arsimin e Lart&euml; n&euml; Republik&euml;n e Shqip&euml;ris&euml;&rdquo;.<\/em> Kjo nj&euml;si e re n&euml; Universitetin &ldquo;Fan S. Noli&rdquo; u krijua si rezultat i riorganizimit t&euml; Fakultetit t&euml; M&euml;suesis&euml;, i themeluar n&euml; vitin 1992, n&euml; dy fakultete:<\/p>\n<ol>\n<li><strong>Fakulteti i Shkencave t&euml; Natyr&euml;s dhe Shkencave Humane<\/strong><\/li>\n<li><strong>Fakulteti i Edukimit dhe Filologjis&euml;<\/strong><\/li>\n<\/ol>\n<p class=\"rtejustify\">Misioni par&euml;sor i Fakultetit t&euml; Shkencave t&euml; Natyr&euml;s dhe Shkencave Humane, &euml;sht&euml; p&euml;rgatitja dhe formimi cil&euml;sor i student&euml;ve n&euml; t&euml; gjitha ciklet e studimit si dhe k&euml;rkimi shkencor n&euml; fushat p&euml;rkat&euml;se.&nbsp;<\/p>\n<p class=\"rtejustify\">Studimet n&euml; k&euml;t&euml; Fakultet organizohen me koh&euml; t&euml; plot&euml; dhe me koh&euml; t&euml; pjes&euml;shme n&euml; dy cikle: cikli i par&euml; &quot;Bachelor&quot;; cikli i dyt&euml;: &quot;Master Profesional&quot; dhe &quot;Master Shkencor&quot; mb&euml;shtetur n&euml; Deklarat&euml;n e Bolonj&euml;s.<\/p>\n<p>N&euml; Fakultetin e Shkencave t&euml; Natyr&euml;s dhe Shkencave Humane jan&euml; hapur k&euml;to programe studimi:<\/p>\n<p><strong>N&euml; ciklin e par&euml; &quot;Bachelor&quot; (me koh&euml; t&euml; plot&euml;):<\/strong><\/p>\n<ol>\n<li>Filozofi-Sociologji (dt. 17.06.2002)<\/li>\n<li>Administrim dhe politika sociale( dt. 04.07. 2013)<\/li>\n<li>Matematik&euml;-Fizik&euml; (dt. 04.06.2008)<\/li>\n<li>Matematik&euml;-Informatik&euml; (dt. 04.06.2008)<\/li>\n<li>Teknologji Informacioni( dt. 03.06.2010)<\/li>\n<li>Biologji-Kimi( dt. 12.05.2010)<\/li>\n<li>Infermieri e p&euml;rgjithshme ( dt. 10.07.1995)<\/li>\n<li>Infermier-mami (dt. 22.08.2005)<\/li>\n<\/ol>\n<p><strong>N&euml; ciklin e par&euml; &quot;Bachelor&quot; (me koh&euml; t&euml; pjes&euml;shme):<\/strong><\/p>\n<ol>\n<li>Filozofi-Sociologji ( dt. 19.03.2013)<\/li>\n<li>Infermieri e p&euml;rgjithshme( dt. 13.10.2010)<\/li>\n<\/ol>\n<p><strong>N&euml; ciklin e dyt&euml; &ldquo;Master Profesional&quot; jan&euml; hapur k&euml;to programe studimi :<\/strong><\/p>\n<ol>\n<li>Filozofi-Sociologji me profil minor n&euml; Edukim Qytetar ( dt. 10.10.2008)<\/li>\n<li>Matematik&euml; &ndash; Fizik&euml; me profil minor n&euml; Informatik&euml;( dt. 08.11.2010)<\/li>\n<li>Teknologji informacioni (dt. 11.07.2013)<\/li>\n<li>M&euml;simdh&euml;nie n&euml; Biologji-Kimi ( dt. 23.11.2011)<\/li>\n<li>Infermieristik&euml;( dt. 06.05.2015)<\/li>\n<\/ol>\n<p><strong>N&euml; ciklin e dyt&euml; &ldquo;Master Shkencor&quot; &euml;sht&euml; hapur programi i studimit:<\/strong><\/p>\n<ol>\n<li>Filozofi Sociale (dt. 12.05.2010)<\/li>\n<\/ol>\n<p class=\"rtejustify\">&nbsp; &nbsp;M&euml;simdh&euml;nia n&euml; programet e m&euml;sip&euml;rme mb&euml;shtetet mbi formimin akademik dhe profesional t&euml; pjes&euml;tar&euml;ve t&euml; stafit akademik t&euml; FSHNH. Ajo reflekton nj&euml; standart t&euml; lart&euml; t&euml; cil&euml;sis&euml; duke kultivuar kompetenc&euml;n n&euml; programet e studimit si dhe duke nxitur k&euml;rkimin shkencor.<\/p>\n<p class=\"rtejustify\">&nbsp;&nbsp;&nbsp; N&euml; vitin akademik 2015-2016 Fakulteti i Shkencave t&euml; Natyr&euml;s dhe Shkencave Humane ka nj&euml; staf t&euml; brendsh&euml;m akademik me 48 pedagog&euml;: 2 profesor&euml;, 1 profesor i asociuar, 7 doktor&euml; shkencash, 2 docent&euml; dhe 36 lektor&euml; n&euml; proces doktorature.<\/p>\n<p class=\"rtejustify\">&nbsp;&nbsp;&nbsp;&nbsp;&nbsp;&nbsp; Mb&euml;shtetur n&euml; udh&euml;zimet e MASH, Urdh&euml;r nr. 110, dt. 09.03.2011 p&euml;r: <em>&ldquo;Nevojat p&euml;r Trajnimin e M&euml;suesve dhe Drejtuesve t&euml; Arsimit Parauniversitar&rdquo;<\/em>, &nbsp;pran&euml;&nbsp; Fakultetit t&euml; Shkencave t&euml;&nbsp; Natyr&euml;s dhe&nbsp; Shkencave Humane, u &ccedil;el Qendra e Ekselenc&euml;s, e akredituar p&euml;r 17 module trajnimi. Qendra e Ekselenc&euml;s &ldquo;FSHNH&rdquo; ka nj&euml; infrastruktur&euml; t&euml; p&euml;rshtatshme p&euml;r trajnimin e m&euml;suesve dhe nj&euml; bibliotek&euml; t&euml; specializuar p&euml;r k&euml;t&euml; q&euml;llim .<\/p>\n<p class=\"rtejustify\">&nbsp;&nbsp;&nbsp;&nbsp;&nbsp; Veprimtarin&euml; akademike dhe shkencore, Fakulteti i Shkencave t&euml; Natyr&euml;s dhe Shkencave Humane e zhvillon n&euml; dy godina, godina ekzistuese e Shkoll&euml;s s&euml; Infermieris&euml; dhe godina e re (ish Divizioni). K&euml;to ambjente kan&euml; infrastruktur&euml; bashk&euml;kohore p&euml;r veprimtari m&euml;simore dhe shkencore. Struktura e godinave p&euml;rb&euml;het nga: 1 amfiteat&euml;r, 6 salla leksionesh, 8 salla seminaresh; 12 laboratore p&euml;rkat&euml;sisht: 2&nbsp; laborator&euml; Biologjie dhe Kimie, 1 laborator Fizike,2 laborator&euml; Informatike, 1 laborator Obstetrik&euml;-Gjinekologji, 2 laboratore Anatomo-Fiziologji, 3 laboratore Infermieristik&euml; dhe 1 laborator Kirurgjikal. N&euml; godin&euml; gjenden edhe 1 bibliotek&euml;, 1 sall&euml; informatike, 1 sekretari, salla e pedagog&euml;ve, 1 zyr&euml;, 1 zyr&euml; arkivi, nj&euml; ambjent p&euml;r student&euml;t etj.<\/p>\n<p class=\"rtejustify\">Biblioteka n&euml; Fakultetin e Shkencave t&euml; Natyr&euml;s dhe Shkencave Humane, ka nj&euml; kapacitet prej 30 vendesh. Ajo &euml;sht&euml; e pajisur me literatur&euml; t&euml; specializuar dhe pajisje t&euml; tjera t&euml; nevojshme si kompjutera, printera, skaner, televizor, videoplayer,etj.<\/p>\n<p class=\"rtejustify\">&nbsp;&nbsp;&nbsp;&nbsp; N&euml; Fakultetin e Shkencave t&euml; Natyr&euml;s dhe Shkencave Humane jan&euml; ftuar t&euml; mbajn&euml; leksione dhe t&euml; zhvillojn&euml; biseda personalitete diplomatike, shkencore dhe letrare.<\/p>\n<p class=\"rtejustify\">&nbsp;&nbsp;&nbsp;&nbsp;&nbsp;&nbsp; Fakulteti i Shkencave t&euml; Natyr&euml;s dhe Shkencave Humane ka organizuar simpoziume shkencore, konferenca shkencore nd&euml;rkomb&euml;tare, si dhe nj&euml; t&euml;r&euml;si seminaresh shkencore. Gjithashtu, jan&euml; botuar &nbsp;p&euml;rmbledhje me materiale nga konferenca, nga simpoziumet, monografi etj. &Ccedil;do vit, Fakulteti i Shkencave t&euml; Natyr&euml;s dhe Shkencave Humane organizon veprimtari t&euml; ndryshme kulturore, promovuese dhe shkencore me stafin akademik dhe me student&euml;t.<\/p>\n<p class=\"rtejustify\">&nbsp; &nbsp;&nbsp;<\/p>\n<p><span style=\"color:rgb(255, 0, 0)\"><strong>INFORMACION<\/strong><\/span><\/p>\n<p class=\"rtejustify\"><strong>DEKAN I FAKULTETIT<\/strong><\/p>\n<p class=\"rtejustify\">Prof.dr Gjergji Pendavinji<\/p>\n<p class=\"rtejustify\">&nbsp;Nr.Tel: ++355 822 43300<\/p>\n<p class=\"rtejustify\">e-mail: gpendavinji@unkorce.edu.al<\/p>\n<p class=\"rtejustify\">&nbsp;<\/p>\n<p class=\"rtejustify\"><strong>SEKRETARIA E FAKULTETIT<\/strong><\/p>\n<p class=\"rtejustify\">Nr.Tel: ++355 822 47922<\/p>\n<p class=\"rtejustify\">Sekretare: Zarife Dhamo<\/p>\n<p class=\"rtejustify\">e-mail: <a href=\"mailto:zdhamo@unkorce.edu.al\">zdhamo@unkorce.edu.al<\/a><\/p>\n<p class=\"rtejustify\">e-mail: <a href=\"mailto:dhamoz@yahoo.com\">dhamoz@yahoo.com<\/a><\/p>\n<p class=\"rtejustify\">&nbsp;<\/p>","protected":false},"excerpt":{"rendered":"<p>HISTORIKU I FAKULTETIT TE SHKENCAVE TE NATYR&Euml;S DHE SHKENCAVE HUMANE &nbsp; &nbsp; &nbsp; &nbsp; Fakulteti i Shkencave t&euml; Natyr&euml;s dhe Shkencave Humane u hap n&euml; baz&euml; t&euml; Urdh&euml;rit nr. 16, dat&euml; 17.01.2012 t&euml; Ministrit t&euml; Arsimit dhe t&euml; Shkenc&euml;s, mb&euml;shtetur n&euml; nenin 102 t&euml; Kushtetut&euml;s dhe n&euml; nenin 41 t&euml; Ligjit &ldquo;P&euml;r Arsimin e Lart&euml;&#8230;<\/p>","protected":false},"author":122,"featured_media":0,"parent":0,"menu_order":0,"comment_status":"closed","ping_status":"closed","template":"","meta":{"_acf_changed":false,"footnotes":""},"class_list":["post-7918","page","type-page","status-publish","hentry"],"acf":[],"yoast_head":"<!-- This site is optimized with the Yoast SEO plugin v26.9 - https:\/\/yoast.com\/product\/yoast-seo-wordpress\/ -->\n<title>Fakulteti i Shkencave t\u00eb Natyr\u00ebs dhe Shkencave Humane - Universiteti &quot;Fan S. Noli&quot;, Kor\u00e7\u00eb<\/title>\n<meta name=\"robots\" content=\"index, follow, max-snippet:-1, max-image-preview:large, max-video-preview:-1\" \/>\n<link rel=\"canonical\" href=\"https:\/\/unkorce.edu.al\/en\/fakulteti-i-shkencave-te-natyres-dhe-shkencave-humane\/\" \/>\n<meta property=\"og:locale\" content=\"en_US\" \/>\n<meta property=\"og:type\" content=\"article\" \/>\n<meta property=\"og:title\" content=\"Fakulteti i Shkencave t\u00eb Natyr\u00ebs dhe Shkencave Humane - Universiteti &quot;Fan S. Noli&quot;, Kor\u00e7\u00eb\" \/>\n<meta property=\"og:description\" content=\"HISTORIKU I FAKULTETIT TE SHKENCAVE TE NATYR&Euml;S DHE SHKENCAVE HUMANE &nbsp; &nbsp; &nbsp; &nbsp; Fakulteti i Shkencave t&euml; Natyr&euml;s dhe Shkencave Humane u hap n&euml; baz&euml; t&euml; Urdh&euml;rit nr. 16, dat&euml; 17.01.2012 t&euml; Ministrit t&euml; Arsimit dhe t&euml; Shkenc&euml;s, mb&euml;shtetur n&euml; nenin 102 t&euml; Kushtetut&euml;s dhe n&euml; nenin 41 t&euml; Ligjit &ldquo;P&euml;r Arsimin e Lart&euml;...\" \/>\n<meta property=\"og:url\" content=\"https:\/\/unkorce.edu.al\/en\/fakulteti-i-shkencave-te-natyres-dhe-shkencave-humane\/\" \/>\n<meta property=\"og:site_name\" content=\"Universiteti &quot;Fan S. Noli&quot;, Kor\u00e7\u00eb\" \/>\n<meta property=\"article:publisher\" content=\"https:\/\/www.facebook.com\/unkorce\" \/>\n<meta name=\"twitter:card\" content=\"summary_large_image\" \/>\n<meta name=\"twitter:label1\" content=\"Est. reading time\" \/>\n\t<meta name=\"twitter:data1\" content=\"5 minutes\" \/>\n<script type=\"application\/ld+json\" class=\"yoast-schema-graph\">{\"@context\":\"https:\/\/schema.org\",\"@graph\":[{\"@type\":\"WebPage\",\"@id\":\"https:\/\/unkorce.edu.al\/fakulteti-i-shkencave-te-natyres-dhe-shkencave-humane\/\",\"url\":\"https:\/\/unkorce.edu.al\/fakulteti-i-shkencave-te-natyres-dhe-shkencave-humane\/\",\"name\":\"Fakulteti i Shkencave t\u00eb Natyr\u00ebs dhe Shkencave Humane - Universiteti \\\"Fan S. Noli\\\", Kor\u00e7\u00eb\",\"isPartOf\":{\"@id\":\"https:\/\/unkorce.edu.al\/#website\"},\"datePublished\":\"2016-07-27T09:04:52+00:00\",\"breadcrumb\":{\"@id\":\"https:\/\/unkorce.edu.al\/fakulteti-i-shkencave-te-natyres-dhe-shkencave-humane\/#breadcrumb\"},\"inLanguage\":\"en-US\",\"potentialAction\":[{\"@type\":\"ReadAction\",\"target\":[\"https:\/\/unkorce.edu.al\/fakulteti-i-shkencave-te-natyres-dhe-shkencave-humane\/\"]}]},{\"@type\":\"BreadcrumbList\",\"@id\":\"https:\/\/unkorce.edu.al\/fakulteti-i-shkencave-te-natyres-dhe-shkencave-humane\/#breadcrumb\",\"itemListElement\":[{\"@type\":\"ListItem\",\"position\":1,\"name\":\"Home\",\"item\":\"https:\/\/unkorce.edu.al\/\"},{\"@type\":\"ListItem\",\"position\":2,\"name\":\"Fakulteti i Shkencave t\u00eb Natyr\u00ebs dhe Shkencave Humane\"}]},{\"@type\":\"WebSite\",\"@id\":\"https:\/\/unkorce.edu.al\/#website\",\"url\":\"https:\/\/unkorce.edu.al\/\",\"name\":\"Universiteti \\\"Fan S. Noli\\\", Kor\u00e7\u00eb\",\"description\":\"Mir&euml;sevini n&euml; faqen zyrtare!\",\"publisher\":{\"@id\":\"https:\/\/unkorce.edu.al\/#organization\"},\"potentialAction\":[{\"@type\":\"SearchAction\",\"target\":{\"@type\":\"EntryPoint\",\"urlTemplate\":\"https:\/\/unkorce.edu.al\/?s={search_term_string}\"},\"query-input\":{\"@type\":\"PropertyValueSpecification\",\"valueRequired\":true,\"valueName\":\"search_term_string\"}}],\"inLanguage\":\"en-US\"},{\"@type\":\"Organization\",\"@id\":\"https:\/\/unkorce.edu.al\/#organization\",\"name\":\"Universiteti \\\"Fan S. Noli\\\", Kor\u00e7\u00eb\",\"url\":\"https:\/\/unkorce.edu.al\/\",\"logo\":{\"@type\":\"ImageObject\",\"inLanguage\":\"en-US\",\"@id\":\"https:\/\/unkorce.edu.al\/#\/schema\/logo\/image\/\",\"url\":\"https:\/\/unkorce.edu.al\/wp-content\/uploads\/2024\/08\/Logo_e_Universitetit__Fan_Noli_-e1726660879862.png\",\"contentUrl\":\"https:\/\/unkorce.edu.al\/wp-content\/uploads\/2024\/08\/Logo_e_Universitetit__Fan_Noli_-e1726660879862.png\",\"width\":200,\"height\":120,\"caption\":\"Universiteti \\\"Fan S. Noli\\\", Kor\u00e7\u00eb\"},\"image\":{\"@id\":\"https:\/\/unkorce.edu.al\/#\/schema\/logo\/image\/\"},\"sameAs\":[\"https:\/\/www.facebook.com\/unkorce\"]}]}<\/script>\n<!-- \/ Yoast SEO plugin. -->","yoast_head_json":{"title":"Fakulteti i Shkencave t\u00eb Natyr\u00ebs dhe Shkencave Humane - Universiteti \"Fan S. Noli\", Kor\u00e7\u00eb","robots":{"index":"index","follow":"follow","max-snippet":"max-snippet:-1","max-image-preview":"max-image-preview:large","max-video-preview":"max-video-preview:-1"},"canonical":"https:\/\/unkorce.edu.al\/en\/fakulteti-i-shkencave-te-natyres-dhe-shkencave-humane\/","og_locale":"en_US","og_type":"article","og_title":"Fakulteti i Shkencave t\u00eb Natyr\u00ebs dhe Shkencave Humane - Universiteti \"Fan S. Noli\", Kor\u00e7\u00eb","og_description":"HISTORIKU I FAKULTETIT TE SHKENCAVE TE NATYR&Euml;S DHE SHKENCAVE HUMANE &nbsp; &nbsp; &nbsp; &nbsp; Fakulteti i Shkencave t&euml; Natyr&euml;s dhe Shkencave Humane u hap n&euml; baz&euml; t&euml; Urdh&euml;rit nr. 16, dat&euml; 17.01.2012 t&euml; Ministrit t&euml; Arsimit dhe t&euml; Shkenc&euml;s, mb&euml;shtetur n&euml; nenin 102 t&euml; Kushtetut&euml;s dhe n&euml; nenin 41 t&euml; Ligjit &ldquo;P&euml;r Arsimin e Lart&euml;...","og_url":"https:\/\/unkorce.edu.al\/en\/fakulteti-i-shkencave-te-natyres-dhe-shkencave-humane\/","og_site_name":"Universiteti \"Fan S. Noli\", Kor\u00e7\u00eb","article_publisher":"https:\/\/www.facebook.com\/unkorce","twitter_card":"summary_large_image","twitter_misc":{"Est. reading time":"5 minutes"},"schema":{"@context":"https:\/\/schema.org","@graph":[{"@type":"WebPage","@id":"https:\/\/unkorce.edu.al\/fakulteti-i-shkencave-te-natyres-dhe-shkencave-humane\/","url":"https:\/\/unkorce.edu.al\/fakulteti-i-shkencave-te-natyres-dhe-shkencave-humane\/","name":"Fakulteti i Shkencave t\u00eb Natyr\u00ebs dhe Shkencave Humane - Universiteti \"Fan S. Noli\", Kor\u00e7\u00eb","isPartOf":{"@id":"https:\/\/unkorce.edu.al\/#website"},"datePublished":"2016-07-27T09:04:52+00:00","breadcrumb":{"@id":"https:\/\/unkorce.edu.al\/fakulteti-i-shkencave-te-natyres-dhe-shkencave-humane\/#breadcrumb"},"inLanguage":"en-US","potentialAction":[{"@type":"ReadAction","target":["https:\/\/unkorce.edu.al\/fakulteti-i-shkencave-te-natyres-dhe-shkencave-humane\/"]}]},{"@type":"BreadcrumbList","@id":"https:\/\/unkorce.edu.al\/fakulteti-i-shkencave-te-natyres-dhe-shkencave-humane\/#breadcrumb","itemListElement":[{"@type":"ListItem","position":1,"name":"Home","item":"https:\/\/unkorce.edu.al\/"},{"@type":"ListItem","position":2,"name":"Fakulteti i Shkencave t\u00eb Natyr\u00ebs dhe Shkencave Humane"}]},{"@type":"WebSite","@id":"https:\/\/unkorce.edu.al\/#website","url":"https:\/\/unkorce.edu.al\/","name":"Universiteti \"Fan S. Noli\", Kor\u00e7\u00eb","description":"Mir&euml;sevini n&euml; faqen zyrtare!","publisher":{"@id":"https:\/\/unkorce.edu.al\/#organization"},"potentialAction":[{"@type":"SearchAction","target":{"@type":"EntryPoint","urlTemplate":"https:\/\/unkorce.edu.al\/?s={search_term_string}"},"query-input":{"@type":"PropertyValueSpecification","valueRequired":true,"valueName":"search_term_string"}}],"inLanguage":"en-US"},{"@type":"Organization","@id":"https:\/\/unkorce.edu.al\/#organization","name":"Universiteti \"Fan S. Noli\", Kor\u00e7\u00eb","url":"https:\/\/unkorce.edu.al\/","logo":{"@type":"ImageObject","inLanguage":"en-US","@id":"https:\/\/unkorce.edu.al\/#\/schema\/logo\/image\/","url":"https:\/\/unkorce.edu.al\/wp-content\/uploads\/2024\/08\/Logo_e_Universitetit__Fan_Noli_-e1726660879862.png","contentUrl":"https:\/\/unkorce.edu.al\/wp-content\/uploads\/2024\/08\/Logo_e_Universitetit__Fan_Noli_-e1726660879862.png","width":200,"height":120,"caption":"Universiteti \"Fan S. Noli\", Kor\u00e7\u00eb"},"image":{"@id":"https:\/\/unkorce.edu.al\/#\/schema\/logo\/image\/"},"sameAs":["https:\/\/www.facebook.com\/unkorce"]}]}},"_links":{"self":[{"href":"https:\/\/unkorce.edu.al\/en\/wp-json\/wp\/v2\/pages\/7918","targetHints":{"allow":["GET"]}}],"collection":[{"href":"https:\/\/unkorce.edu.al\/en\/wp-json\/wp\/v2\/pages"}],"about":[{"href":"https:\/\/unkorce.edu.al\/en\/wp-json\/wp\/v2\/types\/page"}],"author":[{"embeddable":true,"href":"https:\/\/unkorce.edu.al\/en\/wp-json\/wp\/v2\/users\/122"}],"replies":[{"embeddable":true,"href":"https:\/\/unkorce.edu.al\/en\/wp-json\/wp\/v2\/comments?post=7918"}],"version-history":[{"count":0,"href":"https:\/\/unkorce.edu.al\/en\/wp-json\/wp\/v2\/pages\/7918\/revisions"}],"wp:attachment":[{"href":"https:\/\/unkorce.edu.al\/en\/wp-json\/wp\/v2\/media?parent=7918"}],"curies":[{"name":"wp","href":"https:\/\/api.w.org\/{rel}","templated":true}]}}