{"id":7914,"date":"2016-07-27T08:55:15","date_gmt":"2016-07-27T08:55:15","guid":{"rendered":"\/bursat-e-studimit-vitin-akademik-2015-2016\/"},"modified":"2016-07-27T08:55:15","modified_gmt":"2016-07-27T08:55:15","slug":"bursat-e-studimit-vitin-akademik-2015-2016","status":"publish","type":"page","link":"https:\/\/unkorce.edu.al\/en\/bursat-e-studimit-vitin-akademik-2015-2016\/","title":{"rendered":"Bursat e studimit per vitin akademik 2016-2017"},"content":{"rendered":"<h2><span style=\"color:#008080\">Bursat e studimit per vitin akademik 2019-2020<\/span><\/h2>\n<p><strong><em>Mb\u00ebshtetur n\u00eb VKM Nr. 903, dat\u00eb 21.12.2016 <a name=\"_Hlk535407448\">&#8220;P\u00ebr P\u00ebrcaktimin e kritereve p\u00ebr p\u00ebrfitimin e bursave nga fondi i mb\u00ebshtetjes studentore p\u00ebr student\u00ebt e shk\u00eblqyer, student\u00ebt q\u00eb studiojn\u00eb n\u00eb programe studimi n\u00eb fushat prioritare dhe student\u00ebt n\u00eb nevoj\u00eb\u201d<\/a>, t\u00eb ndryshuar: <\/em><\/strong><\/p>\n<p><strong>P\u00ebrfitojn\u00eb bursa student\u00ebt n\u00eb t\u00eb gjitha programet e studimit bachelor me koh\u00eb t\u00eb plot\u00eb, sipas kritereve t\u00eb m\u00ebposhtme<\/strong>:<\/p>\n<ol>\n<li>Student\u00ebt e pranuar n\u00eb vitin e par\u00eb akademik, n\u00eb programet e studimeve profesionale, programet e ciklit t\u00eb par\u00eb t\u00eb studimeve dhe n\u00eb programet e integruara t\u00eb studimeve n\u00eb institucionet publike t\u00eb arsimit t\u00eb lart\u00eb, me not\u00eb mesatare vjetore nga 9 (n\u00ebnt\u00eb) deri n\u00eb 10 (dhjet\u00eb), nga sistemi i arsimit t\u00eb mes\u00ebm t\u00eb lart\u00eb, q\u00eb p\u00ebrllogaritet si mesatare e thjesht\u00eb e k\u00ebtyre treguesve:\n<ol style=\"list-style-type:lower-alpha\">\n<li><strong>mesatarja aritmetike e thjesht\u00eb e notave p\u00ebrfundimtare vjetore t\u00eb l\u00ebnd\u00ebve p\u00ebr t\u00eb gjitha vitet e shkollimit n\u00eb arsimin e mes\u00ebm t\u00eb lart\u00eb;<\/strong><\/li>\n<li><strong>mesatarja aritmetike e thjesht\u00eb e notave t\u00eb provimeve t\u00eb Matur\u00ebs Shtet\u00ebrore<\/strong>.<\/li>\n<\/ol>\n<\/li>\n<\/ol>\n<p><strong>* Lista e student\u00ebve t\u00eb k\u00ebsaj kategorie do t\u00eb hartohet nga QSHA.<\/strong><\/p>\n<ol>\n<li>Student\u00ebt e regjistruar n\u00eb programet e studimeve profesionale, programet e ciklit t\u00eb par\u00eb t\u00eb studimeve, programet e integruara t\u00eb studimeve n\u00eb institucionet publike t\u00eb arsimit t\u00eb lart\u00eb, n\u00eb vitet pas t\u00eb parit,&nbsp;<strong>me not\u00eb mesatare vjetore t\u00eb ponderuar<\/strong>&nbsp;<strong><u>nga 9 (n\u00ebnt\u00eb) deri n\u00eb 10 (dhjet\u00eb) t\u00eb vitit paraardh\u00ebs akademik,<\/u><\/strong>&nbsp;t\u00eb p\u00ebrllogaritur me kreditet dhe notat e atij vitit akademik, nga institucionet publike t\u00eb arsimit t\u00eb lart\u00eb. Student\u00ebt duhet t\u00eb ken\u00eb shlyer t\u00eb gjitha detyrimet e vitit paraardh\u00ebs akademik, p\u00ebr t\u00eb cilin llogaritet&nbsp;<strong><u>nota mesatare vjetore e ponderuar<\/u><\/strong>.<\/li>\n<\/ol>\n<p><strong>* Lista e student\u00ebve t\u00eb k\u00ebsaj kategorie do t\u00eb hartohet nga sekretarit\u00eb m\u00ebsimore.<\/strong><\/p>\n<ol>\n<li><strong><u>Kategorit\u00eb q\u00eb i&nbsp;<em>p\u00ebrkasin shtresave sociale n\u00eb nevoj\u00eb<\/em>&nbsp;jan\u00eb:<\/u><\/strong><\/li>\n<li>bashk\u00ebshort\u00ebt, t\u00eb cil\u00ebt kan\u00eb f\u00ebmij\u00eb dhe jan\u00eb t\u00eb dy student\u00eb;<\/li>\n<\/ol>\n<p><strong>* Dokumentet q\u00eb dor\u00ebzohen p\u00ebr k\u00ebt\u00eb kategori, jan\u00eb:<\/strong><\/p>\n<ul>\n<li><strong>V\u00ebrtetimet e t\u00eb dy bashk\u00ebshort\u00ebve q\u00eb jan\u00eb student\u00eb n\u00eb Universitetin \u201cFan S. Noli\u201d, Kor\u00e7\u00eb;<\/strong><\/li>\n<li><strong>V\u00ebrtetim shkolle nga sekretarit\u00eb m\u00ebsimore, ku duhet t\u00eb jet\u00eb e specifikuar dega q\u00eb studenti ndjek, viti, fakti n\u00ebse studenti \u00ebsht\u00eb p\u00ebrs\u00ebrit\u00ebs apo jo;<\/strong><\/li>\n<li><strong>Certifikat\u00eb familjare.<\/strong><\/li>\n<\/ul>\n<ol style=\"list-style-type:lower-alpha\">\n<li>student\u00ebt, t\u00eb cil\u00ebt i kan\u00eb&nbsp;<strong><u>t\u00eb dy prind\u00ebrit me aft\u00ebsi t\u00eb kufizuara<\/u><\/strong>, t\u00eb v\u00ebrtetuar me vendim t\u00eb Komisionit Mjek\u00ebsor t\u00eb Caktimit t\u00eb Aft\u00ebsis\u00eb p\u00ebr Pun\u00eb, p\u00ebrfitues t\u00eb pages\u00ebs s\u00eb aft\u00ebsis\u00eb s\u00eb kufizuar;<\/li>\n<\/ol>\n<p><strong>* Dokumentet q\u00eb dor\u00ebzohen p\u00ebr k\u00ebt\u00eb kategori, jan\u00eb:<\/strong><\/p>\n<ul>\n<li><strong>Vendimet (e t\u00eb dy prind\u00ebrve) t\u00eb Komisionit Mjek\u00ebsor t\u00eb Caktimit t\u00eb Aft\u00ebsis\u00eb p\u00ebr Pun\u00eb;<\/strong><\/li>\n<li><strong>V\u00ebrtetimi origjinal nga nj\u00ebsia e vet\u00ebqeverisjes vendore p\u00ebr mas\u00ebn e pages\u00ebs s\u00eb paaft\u00ebsis\u00eb q\u00eb merr secili prind;<\/strong><\/li>\n<li><strong>V\u00ebrtetim shkolle nga sekretarit\u00eb m\u00ebsimore, ku duhet t\u00eb jet\u00eb e specifikuar dega q\u00eb studenti ndjek, viti, fakti n\u00ebse studenti \u00ebsht\u00eb p\u00ebrs\u00ebrit\u00ebs apo jo;<\/strong><\/li>\n<li><strong>Certifikat\u00eb familjare;<\/strong><\/li>\n<li><strong>Fotokopje e dokumentit t\u00eb identifikimit t\u00eb studentit (kart\u00eb identiteti, let\u00ebrnjoftim ose pasaport\u00eb).<\/strong><\/li>\n<\/ul>\n<ol style=\"list-style-type:lower-alpha\">\n<li>student\u00ebt, t\u00eb cil\u00ebt i kan\u00eb t\u00eb dy prind\u00ebrit pensionist\u00eb ose nj\u00ebrin prind pensionist dhe prindi tjet\u00ebr nuk jeton;<\/li>\n<\/ol>\n<p><strong>* Dokumentet q\u00eb dor\u00ebzohen p\u00ebr k\u00ebt\u00eb kategori, jan\u00eb:<\/strong><\/p>\n<ul>\n<li><strong>V\u00ebrtetim (t\u00eb t\u00eb dy prind\u00ebrve) nga DRSSH Kor\u00e7\u00eb q\u00eb jan\u00eb pensionist\u00eb;<\/strong><\/li>\n<li><strong>N\u00eb rast kur jeton vet\u00ebm nj\u00eb prind, v\u00ebrtetim nga DRSSH t\u00eb prindit n\u00eb pension dhe certifikat\u00eb vdekjeje t\u00eb prindit t\u00eb ndar\u00eb nga jeta;<\/strong><\/li>\n<li><strong>V\u00ebrtetim shkolle nga sekretarit\u00eb m\u00ebsimore, ku duhet t\u00eb jet\u00eb e specifikuar dega q\u00eb studenti ndjek, viti, fakti n\u00ebse studenti \u00ebsht\u00eb p\u00ebrs\u00ebrit\u00ebs apo jo;<\/strong><\/li>\n<li><strong>Certifikat\u00eb familjare n\u00eb t\u00eb dyja rastet;<\/strong><\/li>\n<li><strong>Fotokopje e dokumentit t\u00eb identifikimit t\u00eb studentit (kart\u00eb identiteti, let\u00ebrnjoftim ose pasaport\u00eb).<\/strong><\/li>\n<\/ul>\n<ol style=\"list-style-type:lower-alpha\">\n<li>student\u00ebt, t\u00eb cil\u00ebt jan\u00eb t\u00eb tret\u00ebt e lart n\u00eb radh\u00ebn e f\u00ebmij\u00ebve n\u00eb familje me tre f\u00ebmij\u00eb a m\u00eb shum\u00eb, nga t\u00eb cil\u00ebt dy t\u00eb par\u00ebt jan\u00eb student\u00eb n\u00eb institucionet publike t\u00eb arsimit t\u00eb lart\u00eb;<\/li>\n<\/ol>\n<p><strong>* Dokumentet q\u00eb dor\u00ebzohen p\u00ebr k\u00ebt\u00eb kategori,&nbsp;jan\u00eb:<\/strong><\/p>\n<ul>\n<li><strong>V\u00ebrtetimet q\u00eb jan\u00eb student\u00eb n\u00eb institucionet e arsimit t\u00eb lart\u00eb publik, e t\u00eb dy f\u00ebmij\u00ebve para t\u00eb tretit, q\u00eb rezultojn\u00eb n\u00eb certifikat\u00ebn familjare;<\/strong><\/li>\n<li><strong>V\u00ebrtetim shkolle nga sekretarit\u00eb m\u00ebsimore, ku duhet t\u00eb jet\u00eb e specifikuar dega q\u00eb studenti ndjek, viti, fakti n\u00ebse studenti \u00ebsht\u00eb p\u00ebrs\u00ebrit\u00ebs apo jo;<\/strong><\/li>\n<li><strong>V\u00ebrtetim q\u00eb \u00ebsht\u00eb student\u00eb n\u00eb Universitetin \u201cFan S. Noli\u201d, Kor\u00e7\u00eb, t\u00eb studentit q\u00eb p\u00ebrfiton;<\/strong><\/li>\n<li><strong>Certifikat\u00eb familjare.<\/strong><\/li>\n<\/ul>\n<ol style=\"list-style-type:lower-alpha\">\n<li>Student\u00ebt me aft\u00ebsi t\u00eb kufizuara, t\u00eb v\u00ebrtetuar me vendim t\u00eb Komisionit Mjek\u00ebsor t\u00eb Caktimit t\u00eb Aft\u00ebsis\u00eb p\u00ebr Pun\u00eb;<\/li>\n<\/ol>\n<p><strong>* Dokumentet q\u00eb dor\u00ebzohen p\u00ebr k\u00ebt\u00eb kategori,&nbsp;jan\u00eb:<\/strong><\/p>\n<ul>\n<li><strong>Vendim i Komisionit Mjek\u00ebsor t\u00eb Caktimit t\u00eb Aft\u00ebsis\u00eb p\u00ebr Pun\u00eb;<\/strong><\/li>\n<li><strong>V\u00ebrtetimi origjinal nga nj\u00ebsia e vet\u00ebqeverisjes vendore p\u00ebr mas\u00ebn e pages\u00ebs s\u00eb paaft\u00ebsis\u00eb q\u00eb merr studenti;<\/strong><\/li>\n<li><strong>V\u00ebrtetim shkolle nga sekretarit\u00eb m\u00ebsimore, ku duhet t\u00eb jet\u00eb e specifikuar dega q\u00eb studenti ndjek, viti, fakti n\u00ebse studenti \u00ebsht\u00eb p\u00ebrs\u00ebrit\u00ebs apo jo;<\/strong><\/li>\n<li><strong>Fotokopje e dokumentit t\u00eb identifikimit t\u00eb studentit (kart\u00eb identiteti, let\u00ebrnjoftim ose pasaport\u00eb).<\/strong><\/li>\n<\/ul>\n<ol style=\"list-style-type:lower-alpha\">\n<li>Student\u00ebt familjet e t\u00eb cil\u00ebve trajtohen\/p\u00ebrfitojn\u00eb ndihm\u00eb ekonomike nga nj\u00ebsit\u00eb e qeverisjes vendore;<\/li>\n<\/ol>\n<p><strong>* Dokumentet q\u00eb dor\u00ebzohen p\u00ebr k\u00ebt\u00eb kategori,&nbsp;jan\u00eb:<\/strong><\/p>\n<ul>\n<li><strong>V\u00ebrtetim q\u00eb familja e studentit trajtohet me ndihm\u00eb ekonomike, ku t\u00eb specifikohet masa e ndihm\u00ebs ekonomike (vlera e shprehur me shifra dhe fjal\u00eb) dhe koha e p\u00ebrfitimit t\u00eb ndihm\u00ebs ekonomike \u2013 dokument origjinal l\u00ebshuar&nbsp; nga Nj\u00ebsia e Qeverisjes Vendore, e shoq\u00ebruar me num\u00ebr protokolli;<\/strong><\/li>\n<li><strong>V\u00ebrtetim shkolle nga sekretarit\u00eb m\u00ebsimore, ku duhet t\u00eb jet\u00eb e specifikuar dega q\u00eb studenti ndjek, viti, fakti n\u00ebse studenti \u00ebsht\u00eb p\u00ebrs\u00ebrit\u00ebs apo jo;<\/strong><\/li>\n<li><strong>Certifikat\u00eb familjare;<\/strong><\/li>\n<li><strong>Fotokopje e dokumentit t\u00eb identifikimit t\u00eb studentit (kart\u00eb identiteti, let\u00ebrnjoftim ose pasaport\u00eb)<\/strong><\/li>\n<\/ul>\n<ol style=\"list-style-type:lower-alpha\">\n<li>Student\u00ebt q\u00eb kan\u00eb p\u00ebrfituar statusin e jetimit, deri n\u00eb mosh\u00ebn 25 vje\u00e7;<\/li>\n<\/ol>\n<p><strong>* Dokumentet q\u00eb dor\u00ebzohen p\u00ebr k\u00ebt\u00eb kategori,&nbsp;jan\u00eb:<\/strong><\/p>\n<ul>\n<li><strong>Fotokopje e noterizuar e librez\u00ebs s\u00eb statusit t\u00eb jetimit, t\u00eb l\u00ebshuar nga Sh\u00ebrbimi Social Shtet\u00ebror;<\/strong><\/li>\n<li><strong>Certifikat\u00eb familjare;<\/strong><\/li>\n<li><strong>Fotokopje e dokumentit t\u00eb identifikimit t\u00eb studentit (kart\u00eb identiteti, let\u00ebrnjoftim ose pasaport\u00eb)<\/strong><\/li>\n<\/ul>\n<ol style=\"list-style-type:lower-alpha\">\n<li>Student\u00ebt deri n\u00eb mosh\u00ebn 25 vje\u00e7, q\u00eb kan\u00eb humbur kujdestarin\u00eb prind\u00ebrore me vendim gjykate t\u00eb form\u00ebs s\u00eb prer\u00eb;<\/li>\n<\/ol>\n<p><strong>* Dokumentet q\u00eb dor\u00ebzohen p\u00ebr k\u00ebt\u00eb kategori,&nbsp;jan\u00eb:<\/strong><\/p>\n<ul>\n<li><strong>Vendimi i gjykat\u00ebs i form\u00ebs s\u00eb prer\u00eb p\u00ebr humbjen e kujdestaris\u00eb prind\u00ebrore;<\/strong><\/li>\n<li><strong>V\u00ebrtetim shkolle nga sekretarit\u00eb m\u00ebsimore, ku duhet t\u00eb jet\u00eb e specifikuar dega q\u00eb studenti ndjek, viti, fakti n\u00ebse studenti \u00ebsht\u00eb p\u00ebrs\u00ebrit\u00ebs apo jo;<\/strong><\/li>\n<li><strong>Certifikat\u00eb familjare;<\/strong><\/li>\n<li><strong>Fotokopje e dokumentit t\u00eb identifikimit t\u00eb studentit (kart\u00eb identiteti, let\u00ebrnjoftim ose pasaport\u00eb).<\/strong><\/li>\n<\/ul>\n<ol style=\"list-style-type:lower-roman\">\n<li>Student\u00ebt deri n\u00eb mosh\u00ebn 25 vje\u00e7, q\u00eb jan\u00eb identifikuar si viktima t\u00eb trafikut t\u00eb qenieve njer\u00ebzore dhe kan\u00eb p\u00ebrfituar statusin ligjor p\u00ebr trajtim si viktima t\u00eb trafikut t\u00eb qenieve njer\u00ebzore;<\/li>\n<\/ol>\n<p><strong>* Dokumentet q\u00eb dor\u00ebzohen p\u00ebr k\u00ebt\u00eb kategori,&nbsp;jan\u00eb:<\/strong><\/p>\n<ul>\n<li><strong>V\u00ebrtetim p\u00ebr p\u00ebrfitimin e statusit ligjor p\u00ebr trajtim si viktim\u00eb e trafikut t\u00eb qenieve njer\u00ebzore nga Drejtoria e P\u00ebrgjithshme Antitrafik n\u00eb Ministrin\u00eb e Brendshme;<\/strong><\/li>\n<li><strong>V\u00ebrtetim shkolle nga sekretarit\u00eb m\u00ebsimore, ku duhet t\u00eb jet\u00eb e specifikuar dega q\u00eb studenti ndjek, viti, fakti n\u00ebse studenti \u00ebsht\u00eb p\u00ebrs\u00ebrit\u00ebs apo jo;<\/strong><\/li>\n<li><strong>Fotokopje e dokumentit t\u00eb identifikimit t\u00eb studentit (kart\u00eb identiteti, let\u00ebrnjoftim ose pasaport\u00eb).<\/strong><\/li>\n<\/ul>\n<ol style=\"list-style-type:lower-alpha\">\n<li>Student\u00ebt f\u00ebmij\u00eb t\u00eb punonj\u00ebsve t\u00eb Policis\u00eb s\u00eb Shtetit, t\u00eb Gard\u00ebs s\u00eb Republik\u00ebs, t\u00eb Sh\u00ebrbimit t\u00eb Kontrollit p\u00ebr \u00c7\u00ebshtjet e Brendshme dhe Ankesat, t\u00eb Sh\u00ebrbimit t\u00eb Mbrojtjes nga Zjarri dhe Shp\u00ebtimin, t\u00eb Forcave t\u00eb Armatosura, t\u00eb Sh\u00ebrbimit Informativ t\u00eb Shtetit dhe t\u00eb Policis\u00eb s\u00eb Burgjeve, q\u00eb kan\u00eb humbur jet\u00ebn n\u00eb krye dhe p\u00ebr shkak t\u00eb detyr\u00ebs, t\u00eb konfirmuar nga ministria\/institucioni p\u00ebrgjegj\u00ebs;<\/li>\n<\/ol>\n<p><strong>* Dokumentet q\u00eb dor\u00ebzohen p\u00ebr k\u00ebt\u00eb kategori,<\/strong>&nbsp;<strong>jan\u00eb:<\/strong><\/p>\n<ul>\n<li><strong>V\u00ebrtetim apo dokument tjet\u00ebr nga ministria\/institucioni p\u00ebrgjegj\u00ebs q\u00eb konfirmon se studenti \u00ebsht\u00eb f\u00ebmij\u00eb i punonj\u00ebsit t\u00eb Policis\u00eb s\u00eb Shtetit\/t\u00eb Gard\u00ebs s\u00eb Republik\u00ebs\/t\u00eb Sh\u00ebrbimit t\u00eb Kontrollit p\u00ebr \u00c7\u00ebshtjet e Brendshme dhe Ankesat\/t\u00eb Sh\u00ebrbimit t\u00eb Mbrojtjes nga Zjarri dhe Shp\u00ebtimin\/t\u00eb Forcave t\u00eb Armatosura\/t\u00eb Sh\u00ebrbimit Informativ t\u00eb Shtetit dhe t\u00eb Policis\u00eb s\u00eb Burgjeve, q\u00eb ka humbur jet\u00ebn n\u00eb krye dhe p\u00ebr shkak t\u00eb detyr\u00ebs;<\/strong><\/li>\n<li><strong>V\u00ebrtetim shkolle nga sekretarit\u00eb m\u00ebsimore, ku duhet t\u00eb jet\u00eb e specifikuar dega q\u00eb studenti ndjek, viti, fakti n\u00ebse studenti \u00ebsht\u00eb p\u00ebrs\u00ebrit\u00ebs apo jo;<\/strong><\/li>\n<li><strong>Certifikat\u00eb familjare;<\/strong><\/li>\n<li><strong>Fotokopje e dokumentit t\u00eb identifikimit t\u00eb studentit (kart\u00eb identiteti, let\u00ebrnjoftim ose pasaport\u00eb).<\/strong><\/li>\n<\/ul>\n<ol>\n<li>Student\u00ebt aplikojn\u00eb p\u00ebr burs\u00eb, sipas kritereve t\u00eb p\u00ebrcaktuara n\u00eb k\u00ebt\u00eb vendim, me dokumentacionin provues t\u00eb plot\u00ebsimit t\u00eb kritereve&nbsp;<strong><u>n\u00eb momentin e regjistrimit pran\u00eb institucioneve publike t\u00eb arsimit t\u00eb lart\u00eb ose n\u00eb momentin q\u00eb plot\u00ebsojn\u00eb kriteret, sipas k\u00ebtij vendimi.<\/u>&nbsp;\u00c7do aplikant\u00eb duhet t\u00eb plot\u00ebsoj\u00eb \u201cFORMULARIN E APLIKIMIT P\u00cbR BURS\u00cb\u201d, t\u00eb cilin do ta dor\u00ebzojn\u00eb s\u00eb bashku me dokumentat p\u00ebrkat\u00ebse, sipas kategoris\u00eb q\u00eb ka,&nbsp;<u>pran\u00eb nj\u00ebsis\u00eb kryesore (fakultetit), sipas pik\u00ebs 9 t\u00eb VKM-s\u00eb nr. 903, dat\u00eb 21.12.2016, t\u00eb ndryshuar<\/u>.<\/strong><\/li>\n<li><strong>Bordi i Administrimit shqyrton dhe merr vendim p\u00ebr bursat financiare p\u00ebr student\u00ebt q\u00eb p\u00ebrmbushin kriteret sipas k\u00ebtij vendimi, brenda 30 dit\u00ebve nga data e paraqitjes s\u00eb k\u00ebrkes\u00ebs nga studenti.<\/strong><\/li>\n<li><strong><u>Bursa financiare do t\u00eb paguhet nga data e fillimit t\u00eb vitit akademik 2019-2020 (data 14.10.2019) p\u00ebr aplikimet e b\u00ebra deri n\u00eb dat\u00ebn 10.11.2019;<\/u><\/strong><\/li>\n<li><strong><u>Bursa financiare do t\u00eb paguhet nga&nbsp; muaji pasardh\u00ebs, kur studenti ka paraqitur aplikimin pas dat\u00ebs 11.10.2019, sipas parashikimeve t\u00eb b\u00ebra n\u00eb k\u00ebt\u00eb vendim<\/u><\/strong><strong>.<\/strong><\/li>\n<\/ol>\n<p><strong>Individ\u00ebt q\u00eb kan\u00eb p\u00ebrfunduar nj\u00eb program studimi, kan\u00eb t\u00eb drejt\u00eb t\u00eb ndjekin nj\u00eb program t\u00eb dyt\u00eb studimi t\u00eb t\u00eb nj\u00ebjtit cik\u00ebl, por n\u00eb k\u00ebt\u00eb rast nuk trajtohen me burs\u00eb financiare.<\/strong><\/p>\n<p><strong>Student\u00ebt p\u00ebrs\u00ebrit\u00ebs nuk trajtohen me burs\u00eb financiare.<\/strong><\/p>\n<p>&nbsp;<\/p>\n<p>ANEKSI 1<\/p>\n<p>&nbsp;<\/p>\n<p>MASA E BURS\u00cbS P\u00cbR STUDENT\u00cbT N\u00cb IAL-T\u00cb PUBLIKE<\/p>\n<table border=\"1\" cellpadding=\"0\" cellspacing=\"0\">\n<tbody>\n<tr>\n<td style=\"width:31px\">\n<p><strong>Nr.<\/strong><\/p>\n<\/td>\n<td style=\"width:484px\">\n<p><strong>Kategorit\u00eb e bursave<\/strong><\/p>\n<\/td>\n<td style=\"width:108px\">\n<p><strong>Totali mujor i burs\u00ebs (n\u00eb lek\u00eb)<\/strong><\/p>\n<\/td>\n<\/tr>\n<tr>\n<td style=\"width:31px\">\n<p>1.<\/p>\n<\/td>\n<td style=\"width:484px\">\n<p>Universitetet dhe shkollat e tjera t\u00eb larta<\/p>\n<\/td>\n<td style=\"width:108px\">\n<p>&nbsp;<\/p>\n<\/td>\n<\/tr>\n<tr>\n<td style=\"width:31px\">\n<p>a)<\/p>\n<\/td>\n<td style=\"width:484px\">\n<p>Bursa p\u00ebr student\u00ebt e shk\u00eblqyer, student\u00ebt q\u00eb studiojn\u00eb n\u00eb programe studimi n\u00eb fusha prioritare dhe student\u00eb n\u00eb nevoj\u00eb, q\u00eb ndjekin studimet n\u00eb Institucionet e Arsimit t\u00eb Lart\u00eb<\/p>\n<\/td>\n<td style=\"width:108px\">\n<p>10.000<\/p>\n<\/td>\n<\/tr>\n<\/tbody>\n<\/table>\n<p>&nbsp;<\/p>","protected":false},"excerpt":{"rendered":"<p>Bursat e studimit per vitin akademik 2019-2020 Mb\u00ebshtetur n\u00eb VKM Nr. 903, dat\u00eb 21.12.2016 &#8220;P\u00ebr P\u00ebrcaktimin e kritereve p\u00ebr p\u00ebrfitimin e bursave nga fondi i mb\u00ebshtetjes studentore p\u00ebr student\u00ebt e shk\u00eblqyer, student\u00ebt q\u00eb studiojn\u00eb n\u00eb programe studimi n\u00eb fushat prioritare dhe student\u00ebt n\u00eb nevoj\u00eb\u201d, t\u00eb ndryshuar: P\u00ebrfitojn\u00eb bursa student\u00ebt n\u00eb t\u00eb gjitha programet e studimit&#8230;<\/p>","protected":false},"author":122,"featured_media":0,"parent":0,"menu_order":0,"comment_status":"closed","ping_status":"closed","template":"","meta":{"_acf_changed":false,"footnotes":""},"class_list":["post-7914","page","type-page","status-publish","hentry"],"acf":[],"yoast_head":"<!-- This site is optimized with the Yoast SEO plugin v26.9 - https:\/\/yoast.com\/product\/yoast-seo-wordpress\/ -->\n<title>Bursat e studimit per vitin akademik 2016-2017 - Universiteti &quot;Fan S. Noli&quot;, Kor\u00e7\u00eb<\/title>\n<meta name=\"robots\" content=\"index, follow, max-snippet:-1, max-image-preview:large, max-video-preview:-1\" \/>\n<link rel=\"canonical\" href=\"https:\/\/unkorce.edu.al\/en\/bursat-e-studimit-vitin-akademik-2015-2016\/\" \/>\n<meta property=\"og:locale\" content=\"en_US\" \/>\n<meta property=\"og:type\" content=\"article\" \/>\n<meta property=\"og:title\" content=\"Bursat e studimit per vitin akademik 2016-2017 - Universiteti &quot;Fan S. Noli&quot;, Kor\u00e7\u00eb\" \/>\n<meta property=\"og:description\" content=\"Bursat e studimit per vitin akademik 2019-2020 Mb\u00ebshtetur n\u00eb VKM Nr. 903, dat\u00eb 21.12.2016 &#8220;P\u00ebr P\u00ebrcaktimin e kritereve p\u00ebr p\u00ebrfitimin e bursave nga fondi i mb\u00ebshtetjes studentore p\u00ebr student\u00ebt e shk\u00eblqyer, student\u00ebt q\u00eb studiojn\u00eb n\u00eb programe studimi n\u00eb fushat prioritare dhe student\u00ebt n\u00eb nevoj\u00eb\u201d, t\u00eb ndryshuar: P\u00ebrfitojn\u00eb bursa student\u00ebt n\u00eb t\u00eb gjitha programet e studimit...\" \/>\n<meta property=\"og:url\" content=\"https:\/\/unkorce.edu.al\/en\/bursat-e-studimit-vitin-akademik-2015-2016\/\" \/>\n<meta property=\"og:site_name\" content=\"Universiteti &quot;Fan S. Noli&quot;, Kor\u00e7\u00eb\" \/>\n<meta property=\"article:publisher\" content=\"https:\/\/www.facebook.com\/unkorce\" \/>\n<meta name=\"twitter:card\" content=\"summary_large_image\" \/>\n<meta name=\"twitter:label1\" content=\"Est. reading time\" \/>\n\t<meta name=\"twitter:data1\" content=\"9 minutes\" \/>\n<script type=\"application\/ld+json\" class=\"yoast-schema-graph\">{\"@context\":\"https:\/\/schema.org\",\"@graph\":[{\"@type\":\"WebPage\",\"@id\":\"https:\/\/unkorce.edu.al\/bursat-e-studimit-vitin-akademik-2015-2016\/\",\"url\":\"https:\/\/unkorce.edu.al\/bursat-e-studimit-vitin-akademik-2015-2016\/\",\"name\":\"Bursat e studimit per vitin akademik 2016-2017 - Universiteti \\\"Fan S. Noli\\\", Kor\u00e7\u00eb\",\"isPartOf\":{\"@id\":\"https:\/\/unkorce.edu.al\/#website\"},\"datePublished\":\"2016-07-27T08:55:15+00:00\",\"breadcrumb\":{\"@id\":\"https:\/\/unkorce.edu.al\/bursat-e-studimit-vitin-akademik-2015-2016\/#breadcrumb\"},\"inLanguage\":\"en-US\",\"potentialAction\":[{\"@type\":\"ReadAction\",\"target\":[\"https:\/\/unkorce.edu.al\/bursat-e-studimit-vitin-akademik-2015-2016\/\"]}]},{\"@type\":\"BreadcrumbList\",\"@id\":\"https:\/\/unkorce.edu.al\/bursat-e-studimit-vitin-akademik-2015-2016\/#breadcrumb\",\"itemListElement\":[{\"@type\":\"ListItem\",\"position\":1,\"name\":\"Home\",\"item\":\"https:\/\/unkorce.edu.al\/\"},{\"@type\":\"ListItem\",\"position\":2,\"name\":\"Bursat e studimit per vitin akademik 2016-2017\"}]},{\"@type\":\"WebSite\",\"@id\":\"https:\/\/unkorce.edu.al\/#website\",\"url\":\"https:\/\/unkorce.edu.al\/\",\"name\":\"Universiteti \\\"Fan S. Noli\\\", Kor\u00e7\u00eb\",\"description\":\"Mir&euml;sevini n&euml; faqen zyrtare!\",\"publisher\":{\"@id\":\"https:\/\/unkorce.edu.al\/#organization\"},\"potentialAction\":[{\"@type\":\"SearchAction\",\"target\":{\"@type\":\"EntryPoint\",\"urlTemplate\":\"https:\/\/unkorce.edu.al\/?s={search_term_string}\"},\"query-input\":{\"@type\":\"PropertyValueSpecification\",\"valueRequired\":true,\"valueName\":\"search_term_string\"}}],\"inLanguage\":\"en-US\"},{\"@type\":\"Organization\",\"@id\":\"https:\/\/unkorce.edu.al\/#organization\",\"name\":\"Universiteti \\\"Fan S. Noli\\\", Kor\u00e7\u00eb\",\"url\":\"https:\/\/unkorce.edu.al\/\",\"logo\":{\"@type\":\"ImageObject\",\"inLanguage\":\"en-US\",\"@id\":\"https:\/\/unkorce.edu.al\/#\/schema\/logo\/image\/\",\"url\":\"https:\/\/unkorce.edu.al\/wp-content\/uploads\/2024\/08\/Logo_e_Universitetit__Fan_Noli_-e1726660879862.png\",\"contentUrl\":\"https:\/\/unkorce.edu.al\/wp-content\/uploads\/2024\/08\/Logo_e_Universitetit__Fan_Noli_-e1726660879862.png\",\"width\":200,\"height\":120,\"caption\":\"Universiteti \\\"Fan S. Noli\\\", Kor\u00e7\u00eb\"},\"image\":{\"@id\":\"https:\/\/unkorce.edu.al\/#\/schema\/logo\/image\/\"},\"sameAs\":[\"https:\/\/www.facebook.com\/unkorce\"]}]}<\/script>\n<!-- \/ Yoast SEO plugin. -->","yoast_head_json":{"title":"Bursat e studimit per vitin akademik 2016-2017 - Universiteti \"Fan S. Noli\", Kor\u00e7\u00eb","robots":{"index":"index","follow":"follow","max-snippet":"max-snippet:-1","max-image-preview":"max-image-preview:large","max-video-preview":"max-video-preview:-1"},"canonical":"https:\/\/unkorce.edu.al\/en\/bursat-e-studimit-vitin-akademik-2015-2016\/","og_locale":"en_US","og_type":"article","og_title":"Bursat e studimit per vitin akademik 2016-2017 - Universiteti \"Fan S. Noli\", Kor\u00e7\u00eb","og_description":"Bursat e studimit per vitin akademik 2019-2020 Mb\u00ebshtetur n\u00eb VKM Nr. 903, dat\u00eb 21.12.2016 &#8220;P\u00ebr P\u00ebrcaktimin e kritereve p\u00ebr p\u00ebrfitimin e bursave nga fondi i mb\u00ebshtetjes studentore p\u00ebr student\u00ebt e shk\u00eblqyer, student\u00ebt q\u00eb studiojn\u00eb n\u00eb programe studimi n\u00eb fushat prioritare dhe student\u00ebt n\u00eb nevoj\u00eb\u201d, t\u00eb ndryshuar: P\u00ebrfitojn\u00eb bursa student\u00ebt n\u00eb t\u00eb gjitha programet e studimit...","og_url":"https:\/\/unkorce.edu.al\/en\/bursat-e-studimit-vitin-akademik-2015-2016\/","og_site_name":"Universiteti \"Fan S. Noli\", Kor\u00e7\u00eb","article_publisher":"https:\/\/www.facebook.com\/unkorce","twitter_card":"summary_large_image","twitter_misc":{"Est. reading time":"9 minutes"},"schema":{"@context":"https:\/\/schema.org","@graph":[{"@type":"WebPage","@id":"https:\/\/unkorce.edu.al\/bursat-e-studimit-vitin-akademik-2015-2016\/","url":"https:\/\/unkorce.edu.al\/bursat-e-studimit-vitin-akademik-2015-2016\/","name":"Bursat e studimit per vitin akademik 2016-2017 - Universiteti \"Fan S. Noli\", Kor\u00e7\u00eb","isPartOf":{"@id":"https:\/\/unkorce.edu.al\/#website"},"datePublished":"2016-07-27T08:55:15+00:00","breadcrumb":{"@id":"https:\/\/unkorce.edu.al\/bursat-e-studimit-vitin-akademik-2015-2016\/#breadcrumb"},"inLanguage":"en-US","potentialAction":[{"@type":"ReadAction","target":["https:\/\/unkorce.edu.al\/bursat-e-studimit-vitin-akademik-2015-2016\/"]}]},{"@type":"BreadcrumbList","@id":"https:\/\/unkorce.edu.al\/bursat-e-studimit-vitin-akademik-2015-2016\/#breadcrumb","itemListElement":[{"@type":"ListItem","position":1,"name":"Home","item":"https:\/\/unkorce.edu.al\/"},{"@type":"ListItem","position":2,"name":"Bursat e studimit per vitin akademik 2016-2017"}]},{"@type":"WebSite","@id":"https:\/\/unkorce.edu.al\/#website","url":"https:\/\/unkorce.edu.al\/","name":"Universiteti \"Fan S. Noli\", Kor\u00e7\u00eb","description":"Mir&euml;sevini n&euml; faqen zyrtare!","publisher":{"@id":"https:\/\/unkorce.edu.al\/#organization"},"potentialAction":[{"@type":"SearchAction","target":{"@type":"EntryPoint","urlTemplate":"https:\/\/unkorce.edu.al\/?s={search_term_string}"},"query-input":{"@type":"PropertyValueSpecification","valueRequired":true,"valueName":"search_term_string"}}],"inLanguage":"en-US"},{"@type":"Organization","@id":"https:\/\/unkorce.edu.al\/#organization","name":"Universiteti \"Fan S. Noli\", Kor\u00e7\u00eb","url":"https:\/\/unkorce.edu.al\/","logo":{"@type":"ImageObject","inLanguage":"en-US","@id":"https:\/\/unkorce.edu.al\/#\/schema\/logo\/image\/","url":"https:\/\/unkorce.edu.al\/wp-content\/uploads\/2024\/08\/Logo_e_Universitetit__Fan_Noli_-e1726660879862.png","contentUrl":"https:\/\/unkorce.edu.al\/wp-content\/uploads\/2024\/08\/Logo_e_Universitetit__Fan_Noli_-e1726660879862.png","width":200,"height":120,"caption":"Universiteti \"Fan S. Noli\", Kor\u00e7\u00eb"},"image":{"@id":"https:\/\/unkorce.edu.al\/#\/schema\/logo\/image\/"},"sameAs":["https:\/\/www.facebook.com\/unkorce"]}]}},"_links":{"self":[{"href":"https:\/\/unkorce.edu.al\/en\/wp-json\/wp\/v2\/pages\/7914","targetHints":{"allow":["GET"]}}],"collection":[{"href":"https:\/\/unkorce.edu.al\/en\/wp-json\/wp\/v2\/pages"}],"about":[{"href":"https:\/\/unkorce.edu.al\/en\/wp-json\/wp\/v2\/types\/page"}],"author":[{"embeddable":true,"href":"https:\/\/unkorce.edu.al\/en\/wp-json\/wp\/v2\/users\/122"}],"replies":[{"embeddable":true,"href":"https:\/\/unkorce.edu.al\/en\/wp-json\/wp\/v2\/comments?post=7914"}],"version-history":[{"count":0,"href":"https:\/\/unkorce.edu.al\/en\/wp-json\/wp\/v2\/pages\/7914\/revisions"}],"wp:attachment":[{"href":"https:\/\/unkorce.edu.al\/en\/wp-json\/wp\/v2\/media?parent=7914"}],"curies":[{"name":"wp","href":"https:\/\/api.w.org\/{rel}","templated":true}]}}