{"id":7909,"date":"2016-07-27T08:38:24","date_gmt":"2016-07-27T08:38:24","guid":{"rendered":"\/sektori-i-vleresimit-institucional\/"},"modified":"2016-07-27T08:38:24","modified_gmt":"2016-07-27T08:38:24","slug":"sektori-i-vleresimit-institucional","status":"publish","type":"page","link":"https:\/\/unkorce.edu.al\/en\/sektori-i-vleresimit-institucional\/","title":{"rendered":"Sektori i Zhvillimit t\u00eb Kurrikulave dhe Vler\u00ebsimit Institucional"},"content":{"rendered":"<p class=\"rtecenter\"><a href=\"http:\/\/sbc.profilvirtual.com\/\" style=\"line-height: 20.8px;\" target=\"_blank\" rel=\"noopener\">Shko tek portali i SBC<\/a><br \/>\n<a href=\"http:\/\/sbc.profilvirtual.com\/\" target=\"_blank\" rel=\"noopener\"><img decoding=\"async\" alt=\"\" src=\"\/sites\/default\/files\/LOGO%20NjBSC%20.png\" style=\"height:112px; margin:10px; width:200px\" \/><\/a><\/p>\n<p>Sektori i Zhvillimit t\u00eb Kurrikulave dhe Vler\u00ebsimit Institucional p\u00ebrfshin dy drejtime pune q\u00eb jan\u00eb pandashm\u00ebrisht t\u00eb lidhur me nj\u00ebri-tjetrin \u201cZhvillimin e Programeve M\u00ebsimore\u201d dhe \u201cVler\u00ebsimin Institucional\u201d N\u00eb k\u00ebt\u00eb kuad\u00ebr ky sektor vazhdon t\u00eb menaxhoj\u00eb nj\u00eb rrjet t\u00eb Sigurimit t\u00eb Cil\u00ebsis\u00eb n\u00eb shkall\u00eb fakulteti dhe universiteti, i cili funksionon i mir\u00eb-koordinuar si n\u00eb nivelin baz\u00eb t\u00eb infrastruktur\u00ebs institucionale ashtu edhe n\u00eb menaxhimin e burimeve njer\u00ebzore.<\/p>\n<p><span style=\"color:#0066cc\"><strong>ELEMENT\u00cbT BAZ\u00cb MBI T\u00cb CILAT MB\u00cbSHTETET VEPRIMTARIA E SEKTORIT:<\/strong><\/span><\/p>\n<p class=\"rteindent1\"><span style=\"color:#0066cc\">Sigurimi i cil\u00ebsis\u00eb,<\/span> i cili p\u00ebrfshin kryesisht proceset e nd\u00ebrmarra nga institucioni p\u00ebr rritjen e standardeve duke u fokusuar kryesisht n\u00eb p\u00ebrmir\u00ebsimin e kurrikulave.<\/p>\n<p class=\"rteindent1\"><span style=\"color:#0066cc\">Kontrolli i cil\u00ebsis\u00eb,<\/span> i cili mat rritjen e cil\u00ebsis\u00eb n\u00eb t\u00eb gjith\u00eb aktor\u00ebt e p\u00ebrfshir\u00eb n\u00eb veprimtarin\u00eb akademike t\u00eb institucionit duke synuar nd\u00ebrmarrjen e veprimeve dhe masave t\u00eb p\u00ebrshtatshme p\u00ebr p\u00ebrmir\u00ebsimin e vazhduesh\u00ebm t\u00eb tyre.<\/p>\n<p><span style=\"color:#0066cc\"><strong>KOMPETENCAT DHE DETYRAT E SEKTORIT:<\/strong><\/span><\/p>\n<p>1. Sektori i Zhvillimit t\u00eb Kurrikulave dhe Vler\u00ebsimit Institucional b\u00ebn vler\u00ebsimin periodik t\u00eb efikasitetit t\u00eb veprimtarive m\u00ebsimore, shkencore, si dhe veprimtarin\u00eb administrative dhe financiare t\u00eb UK-s\u00eb. Ai funksionon n\u00eb baz\u00eb t\u00eb nj\u00eb rregulloreje t\u00eb ve\u00e7ant\u00eb;<\/p>\n<p>2. ka autonomi operative dhe akses n\u00eb t\u00eb dh\u00ebnat e UK-s\u00eb;<\/p>\n<p>3. bashk\u00ebpunon me Agjencin\u00eb Publike t\u00eb Akreditimit t\u00eb Arsimit t\u00eb Lart\u00eb p\u00ebr probleme q\u00eb lidhen me standardet, me udh\u00ebzimet p\u00ebr vler\u00ebsimin e brendsh\u00ebm, me kualifikimin e personelit t\u00eb sektorit etj.;<\/p>\n<p>4. P\u00ebr veprimtarin\u00eb e tij, si dhe p\u00ebr probleme q\u00eb lidhen me vler\u00ebsimin e brendsh\u00ebm, Sektori i Zhvillimit t\u00eb Kurrikulave dhe Vler\u00ebsimit Institucional informon Senatin Akademik t\u00eb UK-s\u00eb.<\/p>\n<p>&nbsp;<\/p>\n<p><strong>VEPRIMTARI<\/strong><\/p>\n<hr \/>\n<h1><strong><a href=\"http:\/\/unkorce.edu.al\/en\/content\/trajnimi-i-fundit-p%C3%ABr-stafin-akademik-n%C3%AB-kuad%C3%ABr-t%C3%AB-rritjes-s%C3%AB-cil%C3%ABsis%C3%AB-s%C3%AB-m%C3%ABsimdh%C3%ABnies\"><span style=\"font-size:20px\">Trajnimi i fundit p\u00ebr stafin akademik n\u00eb kuad\u00ebr t\u00eb rritjes s\u00eb cil\u00ebsis\u00eb s\u00eb m\u00ebsimdh\u00ebnies. Programi PREZI<\/span><\/a><\/strong><\/h1>\n<p><span style=\"color:rgb(83, 83, 83); font-family:sans-serif,arial,verdana,helvetica; font-size:13.28px\">N\u00eb dat\u00ebn 25-11-2015 Zyra e Kurrikulave dhe Vler\u00ebsimit Institucional, zhvilloi trajnimin e fundit p\u00ebr stafin akademik n\u00eb kuad\u00ebr t\u00eb rritjes s\u00eb cil\u00ebsis\u00eb s\u00eb m\u00ebsimdh\u00ebnies. N\u00eb k\u00ebt\u00eb trajnim mor\u00ebn pjes\u00eb pedagog\u00eb t\u00eb Fakultetit Ekonomik, ku u trajnuan rreth p\u00ebrdorimit t\u00eb programit kompiuterik PREZI n\u00eb m\u00ebsimdh\u00ebnie, si nj\u00eb risi n\u00eb dh\u00ebnien e informacioneve p\u00ebr student\u00ebt.<\/span><\/p>\n<h1><strong><a href=\"http:\/\/unkorce.edu.al\/en\/content\/trajnimi-i-radhes-p%C3%ABr-stafin-akademik-ne-fakultetin-e-bujq%C3%ABsis%C3%AB-n%C3%AB-kuad%C3%ABr-t%C3%AB-rritjes-s%C3%AB\"><span style=\"font-size:20px\">Trajnimi i radhes p\u00ebr stafin akademik ne Fakultetin e Bujq\u00ebsis\u00eb n\u00eb kuad\u00ebr t\u00eb rritjes s\u00eb cil\u00ebsis\u00eb s\u00eb m\u00ebsimdh\u00ebnies. Programi PREZI<\/span><\/a><\/strong><\/h1>\n<p><span style=\"color:rgb(83, 83, 83); font-family:sans-serif,arial,verdana,helvetica; font-size:13.28px\">N\u00eb dat\u00ebn 19-11-2015 Zyra e Kurrikulave dhe Vler\u00ebsimit Institucional, zhvilloi trajnimin e radh\u00ebs p\u00ebr stafin akademik n\u00eb kuad\u00ebr t\u00eb rritjes s\u00eb cil\u00ebsis\u00eb s\u00eb m\u00ebsimdh\u00ebnies. N\u00eb k\u00ebt\u00eb trajnim mor\u00ebn pjes\u00eb pedagog\u00eb t\u00eb Fakultetit t\u00eb Bujq\u00ebsis\u00eb, ku u trajnuan rreth p\u00ebrdorimit t\u00eb programit kompiuterik PREZI n\u00eb m\u00ebsimdh\u00ebnie, si nj\u00eb risi n\u00eb dh\u00ebnien e informacioneve p\u00ebr student\u00ebt.<\/span><\/p>\n<p><strong><a href=\"http:\/\/unkorce.edu.al\/en\/content\/trajnimi-i-radhes-p%C3%ABr-stafin-akademik-ne-fakultetin-e-shkencave-n%C3%AB-kuad%C3%ABr-t%C3%AB-rritjes-s%C3%AB\"><span style=\"font-size:20px\">Trajnimi i radhes p\u00ebr stafin akademik ne Fakultetin e Shkencave n\u00eb kuad\u00ebr t\u00eb rritjes s\u00eb cil\u00ebsis\u00eb s\u00eb m\u00ebsimdh\u00ebnies. Programi PREZI<\/span><\/a><\/strong><\/p>\n<p><span style=\"color:rgb(83, 83, 83); font-family:sans-serif,arial,verdana,helvetica; font-size:13.28px\">N\u00eb dat\u00ebn 18-11-2015 Zyra e Kurrikulave dhe Vler\u00ebsimit Institucional, zhvilloi trajnimin e radh\u00ebs p\u00ebr stafin akademik n\u00eb kuad\u00ebr t\u00eb rritjes s\u00eb cil\u00ebsis\u00eb s\u00eb m\u00ebsimdh\u00ebnies. N\u00eb k\u00ebt\u00eb trajnim mor\u00ebn pjes\u00eb pedagog\u00eb t\u00eb Fakultetit t\u00eb Shkencave t\u00eb Natyr\u00ebs dhe Shkencave Humane, ku u trajnuan rreth p\u00ebrdorimit t\u00eb programit kompiuterik PREZI n\u00eb m\u00ebsimdh\u00ebnie, si nj\u00eb risi n\u00eb dh\u00ebnien e informacioneve p\u00ebr student\u00ebt.<\/span><\/p>\n<p><strong><a href=\"http:\/\/unkorce.edu.al\/en\/content\/trajnimi-i-par%C3%AB-p%C3%ABr-stafin-akademik-n%C3%AB-kuad%C3%ABr-t%C3%AB-rritjes-s%C3%AB-cil%C3%ABsis%C3%AB-s%C3%AB-m%C3%ABsimdh%C3%ABnies\"><span style=\"font-size:20px\">Trajnimi i par\u00eb p\u00ebr stafin akademik n\u00eb kuad\u00ebr t\u00eb rritjes s\u00eb cil\u00ebsis\u00eb s\u00eb m\u00ebsimdh\u00ebnies. Programi PREZI<\/span><\/a><\/strong><\/p>\n<p><span style=\"color:rgb(83, 83, 83); font-family:sans-serif,arial,verdana,helvetica; font-size:13.28px\">N\u00eb dat\u00ebn 05-11-2015 Zyra e Kurrikulave dhe Vler\u00ebsimit Institucional, zhvilloi trajnimin e par\u00eb p\u00ebr stafin akademik n\u00eb kuad\u00ebr t\u00eb rritjes s\u00eb cil\u00ebsis\u00eb s\u00eb m\u00ebsimdh\u00ebnies. N\u00eb k\u00ebt\u00eb trajnim mor\u00ebn pjes\u00eb pedagog\u00eb t\u00eb Fakultetit t\u00eb Edukimit dhe Filologjis\u00eb, ku u trajnuan rreth p\u00ebrdorimit t\u00eb programit kompiuterik PREZI n\u00eb m\u00ebsimdh\u00ebnie, si nj\u00eb risi n\u00eb dh\u00ebnien e informacioneve p\u00ebr student\u00ebt.<\/span><\/p>","protected":false},"excerpt":{"rendered":"<p>Shko tek portali i SBC Sektori i Zhvillimit t\u00eb Kurrikulave dhe Vler\u00ebsimit Institucional p\u00ebrfshin dy drejtime pune q\u00eb jan\u00eb pandashm\u00ebrisht t\u00eb lidhur me nj\u00ebri-tjetrin \u201cZhvillimin e Programeve M\u00ebsimore\u201d dhe \u201cVler\u00ebsimin Institucional\u201d N\u00eb k\u00ebt\u00eb kuad\u00ebr ky sektor vazhdon t\u00eb menaxhoj\u00eb nj\u00eb rrjet t\u00eb Sigurimit t\u00eb Cil\u00ebsis\u00eb n\u00eb shkall\u00eb fakulteti dhe universiteti, i cili funksionon i mir\u00eb-koordinuar&#8230;<\/p>","protected":false},"author":122,"featured_media":0,"parent":0,"menu_order":0,"comment_status":"closed","ping_status":"closed","template":"","meta":{"_acf_changed":false,"footnotes":""},"class_list":["post-7909","page","type-page","status-publish","hentry"],"acf":[],"yoast_head":"<!-- This site is optimized with the Yoast SEO plugin v26.9 - https:\/\/yoast.com\/product\/yoast-seo-wordpress\/ -->\n<title>Sektori i Zhvillimit t\u00eb Kurrikulave dhe Vler\u00ebsimit Institucional - Universiteti &quot;Fan S. Noli&quot;, Kor\u00e7\u00eb<\/title>\n<meta name=\"robots\" content=\"index, follow, max-snippet:-1, max-image-preview:large, max-video-preview:-1\" \/>\n<link rel=\"canonical\" href=\"https:\/\/unkorce.edu.al\/en\/sektori-i-vleresimit-institucional\/\" \/>\n<meta property=\"og:locale\" content=\"en_US\" \/>\n<meta property=\"og:type\" content=\"article\" \/>\n<meta property=\"og:title\" content=\"Sektori i Zhvillimit t\u00eb Kurrikulave dhe Vler\u00ebsimit Institucional - Universiteti &quot;Fan S. Noli&quot;, Kor\u00e7\u00eb\" \/>\n<meta property=\"og:description\" content=\"Shko tek portali i SBC Sektori i Zhvillimit t\u00eb Kurrikulave dhe Vler\u00ebsimit Institucional p\u00ebrfshin dy drejtime pune q\u00eb jan\u00eb pandashm\u00ebrisht t\u00eb lidhur me nj\u00ebri-tjetrin \u201cZhvillimin e Programeve M\u00ebsimore\u201d dhe \u201cVler\u00ebsimin Institucional\u201d N\u00eb k\u00ebt\u00eb kuad\u00ebr ky sektor vazhdon t\u00eb menaxhoj\u00eb nj\u00eb rrjet t\u00eb Sigurimit t\u00eb Cil\u00ebsis\u00eb n\u00eb shkall\u00eb fakulteti dhe universiteti, i cili funksionon i mir\u00eb-koordinuar...\" \/>\n<meta property=\"og:url\" content=\"https:\/\/unkorce.edu.al\/en\/sektori-i-vleresimit-institucional\/\" \/>\n<meta property=\"og:site_name\" content=\"Universiteti &quot;Fan S. Noli&quot;, Kor\u00e7\u00eb\" \/>\n<meta property=\"article:publisher\" content=\"https:\/\/www.facebook.com\/unkorce\" \/>\n<meta name=\"twitter:card\" content=\"summary_large_image\" \/>\n<meta name=\"twitter:label1\" content=\"Est. reading time\" \/>\n\t<meta name=\"twitter:data1\" content=\"3 minutes\" \/>\n<script type=\"application\/ld+json\" class=\"yoast-schema-graph\">{\"@context\":\"https:\/\/schema.org\",\"@graph\":[{\"@type\":\"WebPage\",\"@id\":\"https:\/\/unkorce.edu.al\/sektori-i-vleresimit-institucional\/\",\"url\":\"https:\/\/unkorce.edu.al\/sektori-i-vleresimit-institucional\/\",\"name\":\"Sektori i Zhvillimit t\u00eb Kurrikulave dhe Vler\u00ebsimit Institucional - Universiteti \\\"Fan S. Noli\\\", Kor\u00e7\u00eb\",\"isPartOf\":{\"@id\":\"https:\/\/unkorce.edu.al\/#website\"},\"datePublished\":\"2016-07-27T08:38:24+00:00\",\"breadcrumb\":{\"@id\":\"https:\/\/unkorce.edu.al\/sektori-i-vleresimit-institucional\/#breadcrumb\"},\"inLanguage\":\"en-US\",\"potentialAction\":[{\"@type\":\"ReadAction\",\"target\":[\"https:\/\/unkorce.edu.al\/sektori-i-vleresimit-institucional\/\"]}]},{\"@type\":\"BreadcrumbList\",\"@id\":\"https:\/\/unkorce.edu.al\/sektori-i-vleresimit-institucional\/#breadcrumb\",\"itemListElement\":[{\"@type\":\"ListItem\",\"position\":1,\"name\":\"Home\",\"item\":\"https:\/\/unkorce.edu.al\/\"},{\"@type\":\"ListItem\",\"position\":2,\"name\":\"Sektori i Zhvillimit t\u00eb Kurrikulave dhe Vler\u00ebsimit Institucional\"}]},{\"@type\":\"WebSite\",\"@id\":\"https:\/\/unkorce.edu.al\/#website\",\"url\":\"https:\/\/unkorce.edu.al\/\",\"name\":\"Universiteti \\\"Fan S. Noli\\\", Kor\u00e7\u00eb\",\"description\":\"Mir&euml;sevini n&euml; faqen zyrtare!\",\"publisher\":{\"@id\":\"https:\/\/unkorce.edu.al\/#organization\"},\"potentialAction\":[{\"@type\":\"SearchAction\",\"target\":{\"@type\":\"EntryPoint\",\"urlTemplate\":\"https:\/\/unkorce.edu.al\/?s={search_term_string}\"},\"query-input\":{\"@type\":\"PropertyValueSpecification\",\"valueRequired\":true,\"valueName\":\"search_term_string\"}}],\"inLanguage\":\"en-US\"},{\"@type\":\"Organization\",\"@id\":\"https:\/\/unkorce.edu.al\/#organization\",\"name\":\"Universiteti \\\"Fan S. Noli\\\", Kor\u00e7\u00eb\",\"url\":\"https:\/\/unkorce.edu.al\/\",\"logo\":{\"@type\":\"ImageObject\",\"inLanguage\":\"en-US\",\"@id\":\"https:\/\/unkorce.edu.al\/#\/schema\/logo\/image\/\",\"url\":\"https:\/\/unkorce.edu.al\/wp-content\/uploads\/2024\/08\/Logo_e_Universitetit__Fan_Noli_-e1726660879862.png\",\"contentUrl\":\"https:\/\/unkorce.edu.al\/wp-content\/uploads\/2024\/08\/Logo_e_Universitetit__Fan_Noli_-e1726660879862.png\",\"width\":200,\"height\":120,\"caption\":\"Universiteti \\\"Fan S. Noli\\\", Kor\u00e7\u00eb\"},\"image\":{\"@id\":\"https:\/\/unkorce.edu.al\/#\/schema\/logo\/image\/\"},\"sameAs\":[\"https:\/\/www.facebook.com\/unkorce\"]}]}<\/script>\n<!-- \/ Yoast SEO plugin. -->","yoast_head_json":{"title":"Sektori i Zhvillimit t\u00eb Kurrikulave dhe Vler\u00ebsimit Institucional - Universiteti \"Fan S. Noli\", Kor\u00e7\u00eb","robots":{"index":"index","follow":"follow","max-snippet":"max-snippet:-1","max-image-preview":"max-image-preview:large","max-video-preview":"max-video-preview:-1"},"canonical":"https:\/\/unkorce.edu.al\/en\/sektori-i-vleresimit-institucional\/","og_locale":"en_US","og_type":"article","og_title":"Sektori i Zhvillimit t\u00eb Kurrikulave dhe Vler\u00ebsimit Institucional - Universiteti \"Fan S. Noli\", Kor\u00e7\u00eb","og_description":"Shko tek portali i SBC Sektori i Zhvillimit t\u00eb Kurrikulave dhe Vler\u00ebsimit Institucional p\u00ebrfshin dy drejtime pune q\u00eb jan\u00eb pandashm\u00ebrisht t\u00eb lidhur me nj\u00ebri-tjetrin \u201cZhvillimin e Programeve M\u00ebsimore\u201d dhe \u201cVler\u00ebsimin Institucional\u201d N\u00eb k\u00ebt\u00eb kuad\u00ebr ky sektor vazhdon t\u00eb menaxhoj\u00eb nj\u00eb rrjet t\u00eb Sigurimit t\u00eb Cil\u00ebsis\u00eb n\u00eb shkall\u00eb fakulteti dhe universiteti, i cili funksionon i mir\u00eb-koordinuar...","og_url":"https:\/\/unkorce.edu.al\/en\/sektori-i-vleresimit-institucional\/","og_site_name":"Universiteti \"Fan S. Noli\", Kor\u00e7\u00eb","article_publisher":"https:\/\/www.facebook.com\/unkorce","twitter_card":"summary_large_image","twitter_misc":{"Est. reading time":"3 minutes"},"schema":{"@context":"https:\/\/schema.org","@graph":[{"@type":"WebPage","@id":"https:\/\/unkorce.edu.al\/sektori-i-vleresimit-institucional\/","url":"https:\/\/unkorce.edu.al\/sektori-i-vleresimit-institucional\/","name":"Sektori i Zhvillimit t\u00eb Kurrikulave dhe Vler\u00ebsimit Institucional - Universiteti \"Fan S. Noli\", Kor\u00e7\u00eb","isPartOf":{"@id":"https:\/\/unkorce.edu.al\/#website"},"datePublished":"2016-07-27T08:38:24+00:00","breadcrumb":{"@id":"https:\/\/unkorce.edu.al\/sektori-i-vleresimit-institucional\/#breadcrumb"},"inLanguage":"en-US","potentialAction":[{"@type":"ReadAction","target":["https:\/\/unkorce.edu.al\/sektori-i-vleresimit-institucional\/"]}]},{"@type":"BreadcrumbList","@id":"https:\/\/unkorce.edu.al\/sektori-i-vleresimit-institucional\/#breadcrumb","itemListElement":[{"@type":"ListItem","position":1,"name":"Home","item":"https:\/\/unkorce.edu.al\/"},{"@type":"ListItem","position":2,"name":"Sektori i Zhvillimit t\u00eb Kurrikulave dhe Vler\u00ebsimit Institucional"}]},{"@type":"WebSite","@id":"https:\/\/unkorce.edu.al\/#website","url":"https:\/\/unkorce.edu.al\/","name":"Universiteti \"Fan S. Noli\", Kor\u00e7\u00eb","description":"Mir&euml;sevini n&euml; faqen zyrtare!","publisher":{"@id":"https:\/\/unkorce.edu.al\/#organization"},"potentialAction":[{"@type":"SearchAction","target":{"@type":"EntryPoint","urlTemplate":"https:\/\/unkorce.edu.al\/?s={search_term_string}"},"query-input":{"@type":"PropertyValueSpecification","valueRequired":true,"valueName":"search_term_string"}}],"inLanguage":"en-US"},{"@type":"Organization","@id":"https:\/\/unkorce.edu.al\/#organization","name":"Universiteti \"Fan S. Noli\", Kor\u00e7\u00eb","url":"https:\/\/unkorce.edu.al\/","logo":{"@type":"ImageObject","inLanguage":"en-US","@id":"https:\/\/unkorce.edu.al\/#\/schema\/logo\/image\/","url":"https:\/\/unkorce.edu.al\/wp-content\/uploads\/2024\/08\/Logo_e_Universitetit__Fan_Noli_-e1726660879862.png","contentUrl":"https:\/\/unkorce.edu.al\/wp-content\/uploads\/2024\/08\/Logo_e_Universitetit__Fan_Noli_-e1726660879862.png","width":200,"height":120,"caption":"Universiteti \"Fan S. Noli\", Kor\u00e7\u00eb"},"image":{"@id":"https:\/\/unkorce.edu.al\/#\/schema\/logo\/image\/"},"sameAs":["https:\/\/www.facebook.com\/unkorce"]}]}},"_links":{"self":[{"href":"https:\/\/unkorce.edu.al\/en\/wp-json\/wp\/v2\/pages\/7909","targetHints":{"allow":["GET"]}}],"collection":[{"href":"https:\/\/unkorce.edu.al\/en\/wp-json\/wp\/v2\/pages"}],"about":[{"href":"https:\/\/unkorce.edu.al\/en\/wp-json\/wp\/v2\/types\/page"}],"author":[{"embeddable":true,"href":"https:\/\/unkorce.edu.al\/en\/wp-json\/wp\/v2\/users\/122"}],"replies":[{"embeddable":true,"href":"https:\/\/unkorce.edu.al\/en\/wp-json\/wp\/v2\/comments?post=7909"}],"version-history":[{"count":0,"href":"https:\/\/unkorce.edu.al\/en\/wp-json\/wp\/v2\/pages\/7909\/revisions"}],"wp:attachment":[{"href":"https:\/\/unkorce.edu.al\/en\/wp-json\/wp\/v2\/media?parent=7909"}],"curies":[{"name":"wp","href":"https:\/\/api.w.org\/{rel}","templated":true}]}}