{"id":36870,"date":"2026-04-15T09:10:25","date_gmt":"2026-04-15T09:10:25","guid":{"rendered":"https:\/\/unkorce.edu.al\/?page_id=36870"},"modified":"2026-04-29T12:44:59","modified_gmt":"2026-04-29T12:44:59","slug":"rregullore-uniko","status":"publish","type":"page","link":"https:\/\/unkorce.edu.al\/en\/rregullore-uniko\/","title":{"rendered":"Rregullore"},"content":{"rendered":"<section class=\"l-section wpb_row height_medium\"><div class=\"l-section-h i-cf\"><div class=\"g-cols vc_row via_grid cols_1 laptops-cols_inherit tablets-cols_inherit mobiles-cols_1 valign_top type_default stacking_default\"><div class=\"wpb_column vc_column_container\"><div class=\"vc_column-inner\"><div class=\"wpb_text_column\"><div class=\"wpb_wrapper\"><p><a href=\"https:\/\/unkorce.edu.al\/en\/archive\/programi_transparences\/KUADRI%20LIGJOR%20RREGULLATOR\/rregullore\/STATUTI%20I%20RI-2022.pdf\/\">Statuti i Universitetit \u201cFan S. Noli\u201d, Kor\u00e7\u00eb &#8211; 2023<\/a><\/p>\n<p><a href=\"https:\/\/unkorce.edu.al\/wp-content\/uploads\/2023\/04\/RREGULLORE-E-UNIVERSITETIT-FAN-S.-NOLI-KORCE.pdf\">Rregullore e Universitetit \u201cFan S. Noli\u201d, Kor\u00e7\u00eb<\/a><\/p>\n<p><a href=\"https:\/\/unkorce.edu.al\/en\/archive\/programi_transparences\/KUADRI%20LIGJOR%20RREGULLATOR\/rregullore\/Rregullore%20_Drejtorise%20Juridike%20dhe%20Burimeve%20Njerezore.pdf\/\">1.4 Rregullorja e drejtoris\u00eb juridike dhe burimeve njer\u00ebzore<\/a><\/p>\n<p><a href=\"https:\/\/unkorce.edu.al\/en\/archive\/programi_transparences\/KUADRI%20LIGJOR%20RREGULLATOR\/rregullore\/1.5%20Rregullorja%20e%20drejtoris%C3%AB%20s%C3%AB%20kurrikulave,%20sigurimit%20t%C3%AB%20cil%C3%ABsis%C3%AB%20dhe%20k%C3%ABrkimit%20shkencor%20.pdf\/\">1.5 Rregullorja e drejtoris\u00eb s\u00eb kurrikulave, sigurimit t\u00eb cil\u00ebsis\u00eb dhe k\u00ebrkimit shkencor<\/a><\/p>\n<p><a href=\"https:\/\/unkorce.edu.al\/en\/archive\/programi_transparences\/KUADRI%2520LIGJOR%2520RREGULLATOR\/manuale\/Manual-per-studente-per-sistemin-Pitagora.pdf\/\">1.6 Manual i sistemit elektronik PITAGORA<\/a><\/p>\n<p><a href=\"https:\/\/unkorce.edu.al\/en\/archive\/programi_transparences\/KUADRI%20LIGJOR%20RREGULLATOR\/rregullore\/1.7%20Rregullore%20e%20drejtoris%C3%AB%20ekonomike.pdf\/\">1.7 Rregullore e drejtoris\u00eb ekonomike<\/a><\/p>\n<p><a href=\"https:\/\/unkorce.edu.al\/en\/archive\/programi_transparences\/KUADRI%20LIGJOR%20RREGULLATOR\/rregullore\/1.7%20Rregullore%20e%20drejtoris%C3%AB%20ekonomike.pdf\/\">1.8 Rregullore e drejtoris\u00eb financiare (EDE)<\/a><\/p>\n<p><a href=\"https:\/\/unkorce.edu.al\/en\/archive\/programi_transparences\/KUADRI%20LIGJOR%20RREGULLATOR\/rregullore\/1.8.1%20Rregullorja%20financiare.pdf\/\">1.8.1 Rregullorja financiare<\/a><\/p>\n<p><a href=\"https:\/\/unkorce.edu.al\/en\/archive\/programi_transparences\/KUADRI%20LIGJOR%20RREGULLATOR\/rregullore\/1.9%20Rregullore%20p%C3%ABr%20mbrojtjen%20,%20ruajtjen%20dhe%20p%C3%ABrpunimin%20e%20t%C3%AB%20dh%C3%ABnave%20personale.pdf\/\">1.9 Rregullore p\u00ebr mbrojtjen , ruajtjen dhe p\u00ebrpunimin e t\u00eb dh\u00ebnave personale<\/a><\/p>\n<p><a href=\"https:\/\/unkorce.edu.al\/en\/archive\/programi_transparences\/KUADRI%20LIGJOR%20RREGULLATOR\/rregullore\/1.10%20Rregullorja%20e%20sektorit%20t%C3%AB%20studimeve%20dhe%20TIK.pdf\/\">1.10 Rregullorja e sektorit t\u00eb studimeve dhe TIK<\/a><\/p>\n<p><a href=\"https:\/\/unkorce.edu.al\/en\/archive\/programi_transparences\/KUADRI%20LIGJOR%20RREGULLATOR\/rregullore\/RREGULLORE%20E%20SENATIT%20AKADEMIK%20E%20NDRYSHUAR%20(2).pdf\/\">1.11 Rregullore e senatit akademik<\/a><\/p>\n<p><a href=\"https:\/\/unkorce.edu.al\/en\/archive\/programi_transparences\/KUADRI%20LIGJOR%20RREGULLATOR\/rregullore\/1.16%20Manuali%20i%20cil%C3%ABsis%C3%AB%20UNIKO.pdf\/\">1.16 Manuali i cil\u00ebsis\u00eb UNIKO<\/a><\/p>\n<p><a href=\"https:\/\/unkorce.edu.al\/en\/archive\/programi_transparences\/KUADRI%20LIGJOR%20RREGULLATOR\/rregullore\/1.17%20Rregullorja%20e%20k%C3%ABshillit%20studentor.pdf\/\">1.17 Rregullorja e k\u00ebshillit studentor<\/a><\/p>\n<p><a href=\"https:\/\/unkorce.edu.al\/en\/archive\/programi_transparences\/KUADRI%20LIGJOR%20RREGULLATOR\/rregullore\/1.18%20Rregullore%20e%20buletinit.pdf\/\">1.18 Rregullore e buletinit<\/a><\/p>\n<p><a href=\"https:\/\/unkorce.edu.al\/en\/archive\/programi_transparences\/KUADRI%20LIGJOR%20RREGULLATOR\/rregullore\/1.23%20Rregullore%20e%20Shkembimit%20te%20stafit%20dhe%20studenteve%20hatuar%20ne%20kuader%20te%20strategjise%20se%20nderkombetarizimit%20te%20UNIKO.pdf\/\">1.23 Rregullore e Shkembimit te stafit dhe studenteve hatuar ne kuader te strategjise se nderkombetarizimit te UNIKO<\/a><\/p>\n<p><a href=\"https:\/\/unkorce.edu.al\/en\/archive\/programi_transparences\/KUADRI%20LIGJOR%20RREGULLATOR\/rregullore\/1.25%20Rregullore%20p%C3%ABr%20rregullat%20dhe%20standardet%20e%20p%C3%ABrfitimit%20t%C3%AB%20s%C3%AB%20drejt%C3%ABs%20p%C3%ABr%20vitin%20akademik%20sabatik.pdf\/\">1.25 Rregullore p\u00ebr rregullat dhe standardet e p\u00ebrfitimit t\u00eb s\u00eb drejt\u00ebs p\u00ebr vitin akademik sabatik<\/a><\/p>\n<p><a href=\"https:\/\/unkorce.edu.al\/en\/archive\/programi_transparences\/KUADRI%20LIGJOR%20RREGULLATOR\/rregullore\/1.26%20Rregullorja%20p%C3%ABr%20parandalimin%20e%20konfliktit%20te%20interesave%20ne%20ushtrimin%20e%20funksioneve%20publike%20.pdf\/\">1.26 Rregullorja p\u00ebr parandalimin e konfliktit te interesave ne ushtrimin e funksioneve publike<\/a><\/p>\n<p><span class=\"hyperLink\"><a href=\"https:\/\/unkorce.edu.al\/rregullore_rekrutimi.pdf\">Rregullore p\u00ebr rekruitimin e personelit akademik dhe ndihm\u00ebsakademik n\u00eb Universitetin Fan S. Noli<\/a><\/span><\/p>\n<p><a href=\"https:\/\/unkorce.edu.al\/wp-content\/uploads\/Rregull%2520e%2520brendshm%2520e%2520fak%2520te%2520shken%2520te%2520natyres%2520dhe%2520shk%2520human.pdf\">Rregullore e Fakultetit t\u00eb Shkencave Natyrore dhe Shkencave Humane<\/a><\/p>\n<p><a href=\"https:\/\/unkorce.edu.al\/en\/archive\/programi_transparences\/KUADRI%20LIGJOR%20RREGULLATOR\/rregullore\/Rregullore%20e%20Bordit%20te%20%20Administrimit.pdf\/\">Rregullore e Bordit te Administrimit<\/a><\/p>\n<p><a href=\"https:\/\/unkorce.edu.al\/wp-content\/uploads\/2024\/01\/Rregullore-e-brendhshme-e-Fakultetit-te-Edukimit-dhe-Filologjise.pdf\">Rregullore e Fakultetit te Edukimit<\/a><\/p>\n<p><a href=\"https:\/\/unkorce.edu.al\/wp-content\/uploads\/2024\/01\/Rregullore-e-brendhshme-e-Fakultetit-te-Edukimit-dhe-Filologjise.pdf\">RREGULLORE E FAKULTETIT TE EKONOMISE<\/a><\/p>\n<p><a href=\"https:\/\/unkorce.edu.al\/wp-content\/uploads\/2024\/01\/Rregullore-e-brendshme-e-Fakultetit-te-Bujqesise.pdf\">RREGULLORE FAKULTETIT TE BUJQ\u00cbSIS\u00cb<\/a><\/p>\n<p><a href=\"https:\/\/unkorce.edu.al\/en\/archive\/programi_transparences\/KUADRI%20LIGJOR%20RREGULLATOR\/rregullore\/RREGULLORE%20P%C3%8BR%20ORGANIZIMIN%20E%20ZGJEDHJEVE%20P%C3%8BR%20AUTORITETET%20DHE%20ORGANET%20DREJTUESE%20N%C3%8B%20UNIKO.pdf\/\">RREGULLORE P\u00cbR ORGANIZIMIN E ZGJEDHJEVE P\u00cbR AUTORITETET DHE ORGANET DREJTUESE N\u00cb UNIKO<\/a><\/p>\n<p><a href=\"https:\/\/unkorce.edu.al\/wp-content\/uploads\/Rregullore%20e%20Qendr%C3%ABs%20Nd%C3%ABrdisiplinore%20t%C3%AB%20K%C3%ABrkimit%20Shkencor%20t%C3%AB%20Universitetit%20Fan%20S.%20Noli.pdf\">Rregullore e Qendr\u00ebs Nd\u00ebrdisiplinore t\u00eb K\u00ebrkimit Shkencor<\/a><\/p>\n<p><a href=\"https:\/\/unkorce.edu.al\/en\/archive\/programi_transparences\/KUADRI%20LIGJOR%20RREGULLATOR\/rregullore\/RREGULLORE%20MBI%20PROCEDUR%C3%8BN%20P%C3%8BR%20APLIKIM,%20MIRATIM%20DHE%20ZBATIM%20T%C3%8B%20PROJEKTEVE%20T%C3%8B%20FINANCUARA%20NGA%20T%C3%8B%20ARDHURAT%20E%20UNIVERSITETIT%20FAN%20S.%20NOLI,%20KOR%C3%87%C3%8B.pdf\/\">RREGULLORE MBI PROCEDUR\u00cbN P\u00cbR APLIKIM, MIRATIM DHE ZBATIM T\u00cb PROJEKTEVE T\u00cb FINANCUARA NGA T\u00cb ARDHURAT E UNIVERSITETIT FAN S. NOLI, KOR\u00c7\u00cb<\/a><\/p>\n<p><a href=\"https:\/\/unkorce.edu.al\/en\/archive\/programi_transparences\/KUADRI%20LIGJOR%20RREGULLATOR\/rregullore\/RREGULLORE%20%20P%C3%8BR%20ORGANIZIMIN%20DHE%20FUNKSIONIMIN%20E%20DREJTORIS%C3%8B%20S%C3%8B%20PROJEKTEVE%20DHE%20K%C3%8BRKIMIT%20SHKENCOR.pdf\/\">RREGULLORE P\u00cbR ORGANIZIMIN DHE FUNKSIONIMIN E DREJTORIS\u00cb S\u00cb PROJEKTEVE DHE K\u00cbRKIMIT SHKENCOR<\/a><\/p>\n<p><a href=\"https:\/\/unkorce.edu.al\/en\/archive\/programi_transparences\/KUADRI%20LIGJOR%20RREGULLATOR\/rregullore\/RREGULLORE%20P%C3%8BR%20ORGANIZIMIN%20DHE%20FUNKSIONIMIN%20E%20BIBLIOTEK%C3%8BS%20SHKENCORE%20T%C3%8B%20UNIVERSITETIT%20FAN%20S.%20NOLI,%20KOR%C3%87%C3%8B.pdf\/\">RREGULLORE P\u00cbR ORGANIZIMIN DHE FUNKSIONIMIN E BIBLIOTEK\u00cbS SHKENCORE T\u00cb UNIVERSITETIT FAN S. NOLI, KOR\u00c7\u00cb<\/a><\/p>\n<p><a href=\"https:\/\/unkorce.edu.al\/wp-content\/uploads\/2026\/04\/RREGULLORE-PER-ORGANIZIMIN-DHE-FUNKSIONIMIN-E-QENDRES-SE-FORMIMIT-TE-VAZHDUAR.pdf\">RREULLORE P\u00cbR ORGANIZIMIN DHE FUNKSIONIMIN E QENDR\u00cbS S\u00cb FORMIMIT T\u00cb VAZHDUAR<\/a><\/p>\n<\/div><\/div><\/div><\/div><\/div><\/div><\/section>","protected":false},"excerpt":{"rendered":"","protected":false},"author":122,"featured_media":0,"parent":0,"menu_order":0,"comment_status":"closed","ping_status":"closed","template":"","meta":{"_acf_changed":false,"footnotes":""},"class_list":["post-36870","page","type-page","status-publish","hentry"],"acf":[],"yoast_head":"<!-- This site is optimized with the Yoast SEO plugin v26.9 - https:\/\/yoast.com\/product\/yoast-seo-wordpress\/ -->\n<title>Rregullore - Universiteti &quot;Fan S. Noli&quot;, Kor\u00e7\u00eb<\/title>\n<meta name=\"robots\" content=\"index, follow, max-snippet:-1, max-image-preview:large, max-video-preview:-1\" \/>\n<link rel=\"canonical\" href=\"https:\/\/unkorce.edu.al\/en\/rregullore-uniko\/\" \/>\n<meta property=\"og:locale\" content=\"en_US\" \/>\n<meta property=\"og:type\" content=\"article\" \/>\n<meta property=\"og:title\" content=\"Rregullore - Universiteti &quot;Fan S. Noli&quot;, Kor\u00e7\u00eb\" \/>\n<meta property=\"og:url\" content=\"https:\/\/unkorce.edu.al\/en\/rregullore-uniko\/\" \/>\n<meta property=\"og:site_name\" content=\"Universiteti &quot;Fan S. Noli&quot;, Kor\u00e7\u00eb\" \/>\n<meta property=\"article:publisher\" content=\"https:\/\/www.facebook.com\/unkorce\" \/>\n<meta property=\"article:modified_time\" content=\"2026-04-29T12:44:59+00:00\" \/>\n<meta name=\"twitter:card\" content=\"summary_large_image\" \/>\n<meta name=\"twitter:label1\" content=\"Est. reading time\" \/>\n\t<meta name=\"twitter:data1\" content=\"2 minutes\" \/>\n<script type=\"application\/ld+json\" class=\"yoast-schema-graph\">{\"@context\":\"https:\/\/schema.org\",\"@graph\":[{\"@type\":\"WebPage\",\"@id\":\"https:\/\/unkorce.edu.al\/rregullore-uniko\/\",\"url\":\"https:\/\/unkorce.edu.al\/rregullore-uniko\/\",\"name\":\"Rregullore - Universiteti \\\"Fan S. Noli\\\", Kor\u00e7\u00eb\",\"isPartOf\":{\"@id\":\"https:\/\/unkorce.edu.al\/#website\"},\"datePublished\":\"2026-04-15T09:10:25+00:00\",\"dateModified\":\"2026-04-29T12:44:59+00:00\",\"breadcrumb\":{\"@id\":\"https:\/\/unkorce.edu.al\/rregullore-uniko\/#breadcrumb\"},\"inLanguage\":\"en-US\",\"potentialAction\":[{\"@type\":\"ReadAction\",\"target\":[\"https:\/\/unkorce.edu.al\/rregullore-uniko\/\"]}]},{\"@type\":\"BreadcrumbList\",\"@id\":\"https:\/\/unkorce.edu.al\/rregullore-uniko\/#breadcrumb\",\"itemListElement\":[{\"@type\":\"ListItem\",\"position\":1,\"name\":\"Home\",\"item\":\"https:\/\/unkorce.edu.al\/\"},{\"@type\":\"ListItem\",\"position\":2,\"name\":\"Rregullore\"}]},{\"@type\":\"WebSite\",\"@id\":\"https:\/\/unkorce.edu.al\/#website\",\"url\":\"https:\/\/unkorce.edu.al\/\",\"name\":\"Universiteti \\\"Fan S. Noli\\\", Kor\u00e7\u00eb\",\"description\":\"Mir&euml;sevini n&euml; faqen zyrtare!\",\"publisher\":{\"@id\":\"https:\/\/unkorce.edu.al\/#organization\"},\"potentialAction\":[{\"@type\":\"SearchAction\",\"target\":{\"@type\":\"EntryPoint\",\"urlTemplate\":\"https:\/\/unkorce.edu.al\/?s={search_term_string}\"},\"query-input\":{\"@type\":\"PropertyValueSpecification\",\"valueRequired\":true,\"valueName\":\"search_term_string\"}}],\"inLanguage\":\"en-US\"},{\"@type\":\"Organization\",\"@id\":\"https:\/\/unkorce.edu.al\/#organization\",\"name\":\"Universiteti \\\"Fan S. Noli\\\", Kor\u00e7\u00eb\",\"url\":\"https:\/\/unkorce.edu.al\/\",\"logo\":{\"@type\":\"ImageObject\",\"inLanguage\":\"en-US\",\"@id\":\"https:\/\/unkorce.edu.al\/#\/schema\/logo\/image\/\",\"url\":\"https:\/\/unkorce.edu.al\/wp-content\/uploads\/2024\/08\/Logo_e_Universitetit__Fan_Noli_-e1726660879862.png\",\"contentUrl\":\"https:\/\/unkorce.edu.al\/wp-content\/uploads\/2024\/08\/Logo_e_Universitetit__Fan_Noli_-e1726660879862.png\",\"width\":200,\"height\":120,\"caption\":\"Universiteti \\\"Fan S. Noli\\\", Kor\u00e7\u00eb\"},\"image\":{\"@id\":\"https:\/\/unkorce.edu.al\/#\/schema\/logo\/image\/\"},\"sameAs\":[\"https:\/\/www.facebook.com\/unkorce\"]}]}<\/script>\n<!-- \/ Yoast SEO plugin. -->","yoast_head_json":{"title":"Rregullore - Universiteti \"Fan S. Noli\", Kor\u00e7\u00eb","robots":{"index":"index","follow":"follow","max-snippet":"max-snippet:-1","max-image-preview":"max-image-preview:large","max-video-preview":"max-video-preview:-1"},"canonical":"https:\/\/unkorce.edu.al\/en\/rregullore-uniko\/","og_locale":"en_US","og_type":"article","og_title":"Rregullore - Universiteti \"Fan S. Noli\", Kor\u00e7\u00eb","og_url":"https:\/\/unkorce.edu.al\/en\/rregullore-uniko\/","og_site_name":"Universiteti \"Fan S. Noli\", Kor\u00e7\u00eb","article_publisher":"https:\/\/www.facebook.com\/unkorce","article_modified_time":"2026-04-29T12:44:59+00:00","twitter_card":"summary_large_image","twitter_misc":{"Est. reading time":"2 minutes"},"schema":{"@context":"https:\/\/schema.org","@graph":[{"@type":"WebPage","@id":"https:\/\/unkorce.edu.al\/rregullore-uniko\/","url":"https:\/\/unkorce.edu.al\/rregullore-uniko\/","name":"Rregullore - Universiteti \"Fan S. Noli\", Kor\u00e7\u00eb","isPartOf":{"@id":"https:\/\/unkorce.edu.al\/#website"},"datePublished":"2026-04-15T09:10:25+00:00","dateModified":"2026-04-29T12:44:59+00:00","breadcrumb":{"@id":"https:\/\/unkorce.edu.al\/rregullore-uniko\/#breadcrumb"},"inLanguage":"en-US","potentialAction":[{"@type":"ReadAction","target":["https:\/\/unkorce.edu.al\/rregullore-uniko\/"]}]},{"@type":"BreadcrumbList","@id":"https:\/\/unkorce.edu.al\/rregullore-uniko\/#breadcrumb","itemListElement":[{"@type":"ListItem","position":1,"name":"Home","item":"https:\/\/unkorce.edu.al\/"},{"@type":"ListItem","position":2,"name":"Rregullore"}]},{"@type":"WebSite","@id":"https:\/\/unkorce.edu.al\/#website","url":"https:\/\/unkorce.edu.al\/","name":"Universiteti \"Fan S. Noli\", Kor\u00e7\u00eb","description":"Mir&euml;sevini n&euml; faqen zyrtare!","publisher":{"@id":"https:\/\/unkorce.edu.al\/#organization"},"potentialAction":[{"@type":"SearchAction","target":{"@type":"EntryPoint","urlTemplate":"https:\/\/unkorce.edu.al\/?s={search_term_string}"},"query-input":{"@type":"PropertyValueSpecification","valueRequired":true,"valueName":"search_term_string"}}],"inLanguage":"en-US"},{"@type":"Organization","@id":"https:\/\/unkorce.edu.al\/#organization","name":"Universiteti \"Fan S. Noli\", Kor\u00e7\u00eb","url":"https:\/\/unkorce.edu.al\/","logo":{"@type":"ImageObject","inLanguage":"en-US","@id":"https:\/\/unkorce.edu.al\/#\/schema\/logo\/image\/","url":"https:\/\/unkorce.edu.al\/wp-content\/uploads\/2024\/08\/Logo_e_Universitetit__Fan_Noli_-e1726660879862.png","contentUrl":"https:\/\/unkorce.edu.al\/wp-content\/uploads\/2024\/08\/Logo_e_Universitetit__Fan_Noli_-e1726660879862.png","width":200,"height":120,"caption":"Universiteti \"Fan S. Noli\", Kor\u00e7\u00eb"},"image":{"@id":"https:\/\/unkorce.edu.al\/#\/schema\/logo\/image\/"},"sameAs":["https:\/\/www.facebook.com\/unkorce"]}]}},"_links":{"self":[{"href":"https:\/\/unkorce.edu.al\/en\/wp-json\/wp\/v2\/pages\/36870","targetHints":{"allow":["GET"]}}],"collection":[{"href":"https:\/\/unkorce.edu.al\/en\/wp-json\/wp\/v2\/pages"}],"about":[{"href":"https:\/\/unkorce.edu.al\/en\/wp-json\/wp\/v2\/types\/page"}],"author":[{"embeddable":true,"href":"https:\/\/unkorce.edu.al\/en\/wp-json\/wp\/v2\/users\/122"}],"replies":[{"embeddable":true,"href":"https:\/\/unkorce.edu.al\/en\/wp-json\/wp\/v2\/comments?post=36870"}],"version-history":[{"count":2,"href":"https:\/\/unkorce.edu.al\/en\/wp-json\/wp\/v2\/pages\/36870\/revisions"}],"predecessor-version":[{"id":37155,"href":"https:\/\/unkorce.edu.al\/en\/wp-json\/wp\/v2\/pages\/36870\/revisions\/37155"}],"wp:attachment":[{"href":"https:\/\/unkorce.edu.al\/en\/wp-json\/wp\/v2\/media?parent=36870"}],"curies":[{"name":"wp","href":"https:\/\/api.w.org\/{rel}","templated":true}]}}