{"id":36276,"date":"2026-02-06T10:59:58","date_gmt":"2026-02-06T10:59:58","guid":{"rendered":"https:\/\/unkorce.edu.al\/?page_id=36276"},"modified":"2026-02-06T10:59:58","modified_gmt":"2026-02-06T10:59:58","slug":"languagecert-academic","status":"publish","type":"page","link":"https:\/\/unkorce.edu.al\/en\/languagecert-academic\/","title":{"rendered":"LanguageCert Academic"},"content":{"rendered":"<h3><strong><b>Kualifikimet e Pranuara t\u00eb Gjuh\u00ebs Angleze \u2013 LANGUAGECERT Academic<\/b><\/strong><\/h3>\n<p>LANGUAGECERT Academic \u00ebsht\u00eb nj\u00eb certifikim i njohur nd\u00ebrkomb\u00ebtarisht, i krijuar posa\u00e7\u00ebrisht p\u00ebr pranimin n\u00eb arsimin e lart\u00eb, dhe ofrohet si <strong><b>online<\/b><\/strong>\u00a0ashtu edhe n\u00eb <strong><b>qendra t\u00eb akredituara t\u00eb testimit<\/b><\/strong>.<\/p>\n<p><strong><b>K\u00ebrkesat Minimale t\u00eb Pranimit<\/b><\/strong><\/p>\n<ul>\n<li><b><\/b><strong><b>LANGUAGECERT Academic (duke p\u00ebrfshir\u00eb online)<\/b><\/strong><\/li>\n<\/ul>\n<ul>\n<li><b><\/b><strong><b>Rezultati i p\u00ebrgjithsh\u00ebm:<\/b><\/strong>70<\/li>\n<li><b><\/b><strong><b>Minimumi p\u00ebr \u00e7do aft\u00ebsi:<\/b><\/strong>65<\/li>\n<\/ul>\n<p><strong><b>Ku Aplikohet Ky Certifikim<\/b><\/strong><\/p>\n<p>LANGUAGECERT Academic shfaqet si kualifikim i pranuar n\u00eb:<\/p>\n<ul>\n<li>K\u00ebrkesat e p\u00ebrgjithshme t\u00eb gjuh\u00ebs angleze<\/li>\n<li>K\u00ebrkesave specifike t\u00eb programeve<\/li>\n<li>Udh\u00ebzimet p\u00ebr student\u00ebt nd\u00ebrkomb\u00ebtar\u00eb<\/li>\n<li>Aplikimet e lidhura me vizat<\/li>\n<li>Kurset p\u00ebrgatitore t\u00eb gjuh\u00ebs angleze<\/li>\n<\/ul>\n<p>P\u00ebr m\u00eb shum\u00eb informacion rreth testit dhe materialeve ndihm\u00ebse, vizitoni:<br \/>\n<a href=\"http:\/\/languagecert.org\"><strong><b>languagecert.org<\/b><\/strong><\/a><\/p>\n<p><a href=\"https:\/\/unkorce.edu.al\/wp-content\/uploads\/2026\/02\/Displaying-LC-Academic-Acceptance-1.pdf\"><img loading=\"lazy\" decoding=\"async\" class=\"alignnone wp-image-36277\" src=\"https:\/\/unkorce.edu.al\/wp-content\/uploads\/2026\/02\/languagecert2-300x225.png\" alt=\"\" width=\"347\" height=\"260\" srcset=\"https:\/\/unkorce.edu.al\/wp-content\/uploads\/2026\/02\/languagecert2-300x225.png 300w, https:\/\/unkorce.edu.al\/wp-content\/uploads\/2026\/02\/languagecert2-16x12.png 16w, https:\/\/unkorce.edu.al\/wp-content\/uploads\/2026\/02\/languagecert2.png 946w\" sizes=\"auto, (max-width: 347px) 100vw, 347px\" \/><\/a><br \/>\n<a href=\"https:\/\/unkorce.edu.al\/wp-content\/uploads\/2026\/02\/Displaying-LC-Academic-Acceptance-1.pdf\">-CLICK TO READ- DISPLAYING LANGUAGECERT ACADEMIC ACCEPTANCE (PDF)<\/a><\/p>\n<p>&nbsp;<\/p>\n<p><a href=\"https:\/\/unkorce.edu.al\/wp-content\/uploads\/2026\/02\/LC-Academic-Score-Guide-1.pdf\"><img loading=\"lazy\" decoding=\"async\" class=\"alignnone wp-image-36278 size-medium\" src=\"https:\/\/unkorce.edu.al\/wp-content\/uploads\/2026\/02\/languagecert1-300x263.png\" alt=\"\" width=\"300\" height=\"263\" srcset=\"https:\/\/unkorce.edu.al\/wp-content\/uploads\/2026\/02\/languagecert1-300x263.png 300w, https:\/\/unkorce.edu.al\/wp-content\/uploads\/2026\/02\/languagecert1-14x12.png 14w, https:\/\/unkorce.edu.al\/wp-content\/uploads\/2026\/02\/languagecert1.png 540w\" sizes=\"auto, (max-width: 300px) 100vw, 300px\" \/><\/a><\/p>\n<p><a href=\"https:\/\/unkorce.edu.al\/wp-content\/uploads\/2026\/02\/LC-Academic-Score-Guide-1.pdf\">-CLICK TO READ- UNDERSTANDING AND USING LANGUAGECERT ACADEMIC TEST SCORES (PDF)<\/a><\/p>","protected":false},"excerpt":{"rendered":"<p>Kualifikimet e Pranuara t\u00eb Gjuh\u00ebs Angleze \u2013 LANGUAGECERT Academic LANGUAGECERT Academic \u00ebsht\u00eb nj\u00eb certifikim i njohur nd\u00ebrkomb\u00ebtarisht, i krijuar posa\u00e7\u00ebrisht p\u00ebr pranimin n\u00eb arsimin e lart\u00eb, dhe ofrohet si online\u00a0ashtu edhe n\u00eb qendra t\u00eb akredituara t\u00eb testimit. K\u00ebrkesat Minimale t\u00eb Pranimit LANGUAGECERT Academic (duke p\u00ebrfshir\u00eb online) Rezultati i p\u00ebrgjithsh\u00ebm:70 Minimumi p\u00ebr \u00e7do aft\u00ebsi:65 Ku Aplikohet&#8230;<\/p>","protected":false},"author":122,"featured_media":0,"parent":0,"menu_order":0,"comment_status":"closed","ping_status":"closed","template":"","meta":{"_acf_changed":false,"footnotes":""},"class_list":["post-36276","page","type-page","status-publish","hentry"],"acf":[],"yoast_head":"<!-- This site is optimized with the Yoast SEO plugin v26.9 - https:\/\/yoast.com\/product\/yoast-seo-wordpress\/ -->\n<title>LanguageCert Academic - Universiteti &quot;Fan S. Noli&quot;, Kor\u00e7\u00eb<\/title>\n<meta name=\"robots\" content=\"index, follow, max-snippet:-1, max-image-preview:large, max-video-preview:-1\" \/>\n<link rel=\"canonical\" href=\"https:\/\/unkorce.edu.al\/en\/languagecert-academic\/\" \/>\n<meta property=\"og:locale\" content=\"en_US\" \/>\n<meta property=\"og:type\" content=\"article\" \/>\n<meta property=\"og:title\" content=\"LanguageCert Academic - Universiteti &quot;Fan S. Noli&quot;, Kor\u00e7\u00eb\" \/>\n<meta property=\"og:description\" content=\"Kualifikimet e Pranuara t\u00eb Gjuh\u00ebs Angleze \u2013 LANGUAGECERT Academic LANGUAGECERT Academic \u00ebsht\u00eb nj\u00eb certifikim i njohur nd\u00ebrkomb\u00ebtarisht, i krijuar posa\u00e7\u00ebrisht p\u00ebr pranimin n\u00eb arsimin e lart\u00eb, dhe ofrohet si online\u00a0ashtu edhe n\u00eb qendra t\u00eb akredituara t\u00eb testimit. K\u00ebrkesat Minimale t\u00eb Pranimit LANGUAGECERT Academic (duke p\u00ebrfshir\u00eb online) Rezultati i p\u00ebrgjithsh\u00ebm:70 Minimumi p\u00ebr \u00e7do aft\u00ebsi:65 Ku Aplikohet...\" \/>\n<meta property=\"og:url\" content=\"https:\/\/unkorce.edu.al\/en\/languagecert-academic\/\" \/>\n<meta property=\"og:site_name\" content=\"Universiteti &quot;Fan S. Noli&quot;, Kor\u00e7\u00eb\" \/>\n<meta property=\"article:publisher\" content=\"https:\/\/www.facebook.com\/unkorce\" \/>\n<meta property=\"og:image\" content=\"https:\/\/unkorce.edu.al\/wp-content\/uploads\/2026\/02\/languagecert2.png\" \/>\n\t<meta property=\"og:image:width\" content=\"946\" \/>\n\t<meta property=\"og:image:height\" content=\"708\" \/>\n\t<meta property=\"og:image:type\" content=\"image\/png\" \/>\n<meta name=\"twitter:card\" content=\"summary_large_image\" \/>\n<meta name=\"twitter:label1\" content=\"Est. reading time\" \/>\n\t<meta name=\"twitter:data1\" content=\"1 minute\" \/>\n<script type=\"application\/ld+json\" class=\"yoast-schema-graph\">{\"@context\":\"https:\/\/schema.org\",\"@graph\":[{\"@type\":\"WebPage\",\"@id\":\"https:\/\/unkorce.edu.al\/languagecert-academic\/\",\"url\":\"https:\/\/unkorce.edu.al\/languagecert-academic\/\",\"name\":\"LanguageCert Academic - Universiteti \\\"Fan S. Noli\\\", Kor\u00e7\u00eb\",\"isPartOf\":{\"@id\":\"https:\/\/unkorce.edu.al\/#website\"},\"primaryImageOfPage\":{\"@id\":\"https:\/\/unkorce.edu.al\/languagecert-academic\/#primaryimage\"},\"image\":{\"@id\":\"https:\/\/unkorce.edu.al\/languagecert-academic\/#primaryimage\"},\"thumbnailUrl\":\"https:\/\/unkorce.edu.al\/wp-content\/uploads\/2026\/02\/languagecert2-300x225.png\",\"datePublished\":\"2026-02-06T10:59:58+00:00\",\"breadcrumb\":{\"@id\":\"https:\/\/unkorce.edu.al\/languagecert-academic\/#breadcrumb\"},\"inLanguage\":\"en-US\",\"potentialAction\":[{\"@type\":\"ReadAction\",\"target\":[\"https:\/\/unkorce.edu.al\/languagecert-academic\/\"]}]},{\"@type\":\"ImageObject\",\"inLanguage\":\"en-US\",\"@id\":\"https:\/\/unkorce.edu.al\/languagecert-academic\/#primaryimage\",\"url\":\"https:\/\/unkorce.edu.al\/wp-content\/uploads\/2026\/02\/languagecert2-300x225.png\",\"contentUrl\":\"https:\/\/unkorce.edu.al\/wp-content\/uploads\/2026\/02\/languagecert2-300x225.png\"},{\"@type\":\"BreadcrumbList\",\"@id\":\"https:\/\/unkorce.edu.al\/languagecert-academic\/#breadcrumb\",\"itemListElement\":[{\"@type\":\"ListItem\",\"position\":1,\"name\":\"Home\",\"item\":\"https:\/\/unkorce.edu.al\/\"},{\"@type\":\"ListItem\",\"position\":2,\"name\":\"LanguageCert Academic\"}]},{\"@type\":\"WebSite\",\"@id\":\"https:\/\/unkorce.edu.al\/#website\",\"url\":\"https:\/\/unkorce.edu.al\/\",\"name\":\"Universiteti \\\"Fan S. Noli\\\", Kor\u00e7\u00eb\",\"description\":\"Mir&euml;sevini n&euml; faqen zyrtare!\",\"publisher\":{\"@id\":\"https:\/\/unkorce.edu.al\/#organization\"},\"potentialAction\":[{\"@type\":\"SearchAction\",\"target\":{\"@type\":\"EntryPoint\",\"urlTemplate\":\"https:\/\/unkorce.edu.al\/?s={search_term_string}\"},\"query-input\":{\"@type\":\"PropertyValueSpecification\",\"valueRequired\":true,\"valueName\":\"search_term_string\"}}],\"inLanguage\":\"en-US\"},{\"@type\":\"Organization\",\"@id\":\"https:\/\/unkorce.edu.al\/#organization\",\"name\":\"Universiteti \\\"Fan S. Noli\\\", Kor\u00e7\u00eb\",\"url\":\"https:\/\/unkorce.edu.al\/\",\"logo\":{\"@type\":\"ImageObject\",\"inLanguage\":\"en-US\",\"@id\":\"https:\/\/unkorce.edu.al\/#\/schema\/logo\/image\/\",\"url\":\"https:\/\/unkorce.edu.al\/wp-content\/uploads\/2024\/08\/Logo_e_Universitetit__Fan_Noli_-e1726660879862.png\",\"contentUrl\":\"https:\/\/unkorce.edu.al\/wp-content\/uploads\/2024\/08\/Logo_e_Universitetit__Fan_Noli_-e1726660879862.png\",\"width\":200,\"height\":120,\"caption\":\"Universiteti \\\"Fan S. Noli\\\", Kor\u00e7\u00eb\"},\"image\":{\"@id\":\"https:\/\/unkorce.edu.al\/#\/schema\/logo\/image\/\"},\"sameAs\":[\"https:\/\/www.facebook.com\/unkorce\"]}]}<\/script>\n<!-- \/ Yoast SEO plugin. -->","yoast_head_json":{"title":"LanguageCert Academic - Universiteti \"Fan S. Noli\", Kor\u00e7\u00eb","robots":{"index":"index","follow":"follow","max-snippet":"max-snippet:-1","max-image-preview":"max-image-preview:large","max-video-preview":"max-video-preview:-1"},"canonical":"https:\/\/unkorce.edu.al\/en\/languagecert-academic\/","og_locale":"en_US","og_type":"article","og_title":"LanguageCert Academic - Universiteti \"Fan S. Noli\", Kor\u00e7\u00eb","og_description":"Kualifikimet e Pranuara t\u00eb Gjuh\u00ebs Angleze \u2013 LANGUAGECERT Academic LANGUAGECERT Academic \u00ebsht\u00eb nj\u00eb certifikim i njohur nd\u00ebrkomb\u00ebtarisht, i krijuar posa\u00e7\u00ebrisht p\u00ebr pranimin n\u00eb arsimin e lart\u00eb, dhe ofrohet si online\u00a0ashtu edhe n\u00eb qendra t\u00eb akredituara t\u00eb testimit. K\u00ebrkesat Minimale t\u00eb Pranimit LANGUAGECERT Academic (duke p\u00ebrfshir\u00eb online) Rezultati i p\u00ebrgjithsh\u00ebm:70 Minimumi p\u00ebr \u00e7do aft\u00ebsi:65 Ku Aplikohet...","og_url":"https:\/\/unkorce.edu.al\/en\/languagecert-academic\/","og_site_name":"Universiteti \"Fan S. Noli\", Kor\u00e7\u00eb","article_publisher":"https:\/\/www.facebook.com\/unkorce","og_image":[{"width":946,"height":708,"url":"https:\/\/unkorce.edu.al\/wp-content\/uploads\/2026\/02\/languagecert2.png","type":"image\/png"}],"twitter_card":"summary_large_image","twitter_misc":{"Est. reading time":"1 minute"},"schema":{"@context":"https:\/\/schema.org","@graph":[{"@type":"WebPage","@id":"https:\/\/unkorce.edu.al\/languagecert-academic\/","url":"https:\/\/unkorce.edu.al\/languagecert-academic\/","name":"LanguageCert Academic - Universiteti \"Fan S. Noli\", Kor\u00e7\u00eb","isPartOf":{"@id":"https:\/\/unkorce.edu.al\/#website"},"primaryImageOfPage":{"@id":"https:\/\/unkorce.edu.al\/languagecert-academic\/#primaryimage"},"image":{"@id":"https:\/\/unkorce.edu.al\/languagecert-academic\/#primaryimage"},"thumbnailUrl":"https:\/\/unkorce.edu.al\/wp-content\/uploads\/2026\/02\/languagecert2-300x225.png","datePublished":"2026-02-06T10:59:58+00:00","breadcrumb":{"@id":"https:\/\/unkorce.edu.al\/languagecert-academic\/#breadcrumb"},"inLanguage":"en-US","potentialAction":[{"@type":"ReadAction","target":["https:\/\/unkorce.edu.al\/languagecert-academic\/"]}]},{"@type":"ImageObject","inLanguage":"en-US","@id":"https:\/\/unkorce.edu.al\/languagecert-academic\/#primaryimage","url":"https:\/\/unkorce.edu.al\/wp-content\/uploads\/2026\/02\/languagecert2-300x225.png","contentUrl":"https:\/\/unkorce.edu.al\/wp-content\/uploads\/2026\/02\/languagecert2-300x225.png"},{"@type":"BreadcrumbList","@id":"https:\/\/unkorce.edu.al\/languagecert-academic\/#breadcrumb","itemListElement":[{"@type":"ListItem","position":1,"name":"Home","item":"https:\/\/unkorce.edu.al\/"},{"@type":"ListItem","position":2,"name":"LanguageCert Academic"}]},{"@type":"WebSite","@id":"https:\/\/unkorce.edu.al\/#website","url":"https:\/\/unkorce.edu.al\/","name":"Universiteti \"Fan S. Noli\", Kor\u00e7\u00eb","description":"Mir&euml;sevini n&euml; faqen zyrtare!","publisher":{"@id":"https:\/\/unkorce.edu.al\/#organization"},"potentialAction":[{"@type":"SearchAction","target":{"@type":"EntryPoint","urlTemplate":"https:\/\/unkorce.edu.al\/?s={search_term_string}"},"query-input":{"@type":"PropertyValueSpecification","valueRequired":true,"valueName":"search_term_string"}}],"inLanguage":"en-US"},{"@type":"Organization","@id":"https:\/\/unkorce.edu.al\/#organization","name":"Universiteti \"Fan S. Noli\", Kor\u00e7\u00eb","url":"https:\/\/unkorce.edu.al\/","logo":{"@type":"ImageObject","inLanguage":"en-US","@id":"https:\/\/unkorce.edu.al\/#\/schema\/logo\/image\/","url":"https:\/\/unkorce.edu.al\/wp-content\/uploads\/2024\/08\/Logo_e_Universitetit__Fan_Noli_-e1726660879862.png","contentUrl":"https:\/\/unkorce.edu.al\/wp-content\/uploads\/2024\/08\/Logo_e_Universitetit__Fan_Noli_-e1726660879862.png","width":200,"height":120,"caption":"Universiteti \"Fan S. Noli\", Kor\u00e7\u00eb"},"image":{"@id":"https:\/\/unkorce.edu.al\/#\/schema\/logo\/image\/"},"sameAs":["https:\/\/www.facebook.com\/unkorce"]}]}},"_links":{"self":[{"href":"https:\/\/unkorce.edu.al\/en\/wp-json\/wp\/v2\/pages\/36276","targetHints":{"allow":["GET"]}}],"collection":[{"href":"https:\/\/unkorce.edu.al\/en\/wp-json\/wp\/v2\/pages"}],"about":[{"href":"https:\/\/unkorce.edu.al\/en\/wp-json\/wp\/v2\/types\/page"}],"author":[{"embeddable":true,"href":"https:\/\/unkorce.edu.al\/en\/wp-json\/wp\/v2\/users\/122"}],"replies":[{"embeddable":true,"href":"https:\/\/unkorce.edu.al\/en\/wp-json\/wp\/v2\/comments?post=36276"}],"version-history":[{"count":1,"href":"https:\/\/unkorce.edu.al\/en\/wp-json\/wp\/v2\/pages\/36276\/revisions"}],"predecessor-version":[{"id":36281,"href":"https:\/\/unkorce.edu.al\/en\/wp-json\/wp\/v2\/pages\/36276\/revisions\/36281"}],"wp:attachment":[{"href":"https:\/\/unkorce.edu.al\/en\/wp-json\/wp\/v2\/media?parent=36276"}],"curies":[{"name":"wp","href":"https:\/\/api.w.org\/{rel}","templated":true}]}}