{"id":35235,"date":"2025-10-27T11:00:57","date_gmt":"2025-10-27T11:00:57","guid":{"rendered":"https:\/\/unkorce.edu.al\/?page_id=35235"},"modified":"2026-02-23T10:42:17","modified_gmt":"2026-02-23T10:42:17","slug":"orari-mesimor-2025-2026","status":"publish","type":"page","link":"https:\/\/unkorce.edu.al\/en\/orari-mesimor-2025-2026\/","title":{"rendered":"Orari m\u00ebsimor 2025-2026"},"content":{"rendered":"<section class=\"l-section wpb_row height_medium\"><div class=\"l-section-h i-cf\"><div class=\"g-cols vc_row via_grid cols_1 laptops-cols_inherit tablets-cols_inherit mobiles-cols_1 valign_top type_default stacking_default\"><div class=\"wpb_column vc_column_container\"><div class=\"vc_column-inner\"><div class=\"wpb_text_column\"><div class=\"wpb_wrapper\"><p><span style=\"color: #339966;\"><em>Data e p\u00ebrdit\u00ebsimit:<\/em> <strong>23\/02\/2026<\/strong><\/span><\/p>\n<h3>FACULTY OF AGRICULTURE<\/h3>\n<p><!-- \/wp:post-content --><!-- wp:paragraph --><\/p>\n<p><a href=\"https:\/\/unkorce.edu.al\/wp-content\/uploads\/2026\/02\/2-Teknologji-Ushquimore-Agroushqim.pdf\">(BA) Teknologji Ushqimore \/ Agroushqim<\/a><\/p>\n<p><!-- \/wp:paragraph --><!-- wp:paragraph --><\/p>\n<p><a href=\"https:\/\/unkorce.edu.al\/wp-content\/uploads\/2026\/02\/3-Inxhinieri-Agronomike.pdf\">(BA) Inxhinieri Agronomike<\/a><\/p>\n<p><!-- \/wp:paragraph --><!-- wp:paragraph --><\/p>\n<p><a href=\"https:\/\/unkorce.edu.al\/wp-content\/uploads\/2026\/02\/1-Menaxhim-Agrobiznesi.pdf\">(BA) Menaxhim Agrobiznesi<\/a><\/p>\n<p><!-- \/wp:paragraph --><!-- wp:paragraph --><\/p>\n<p><a href=\"https:\/\/unkorce.edu.al\/wp-content\/uploads\/2026\/02\/4-Menaxhim-Biznesi-Bujqesor.pdf\">(PP) Menaxhim Biznesi Bujq\u00ebsor<\/a><\/p>\n<p><!-- \/wp:paragraph --><!-- wp:paragraph --><\/p>\n<p><a href=\"https:\/\/unkorce.edu.al\/wp-content\/uploads\/2026\/02\/5-Menaxhim-Veterinar.pdf\">(PP) Menaxhim Veterinar<\/a><\/p>\n<p><!-- \/wp:paragraph --><!-- wp:paragraph --><\/p>\n<p><a href=\"https:\/\/unkorce.edu.al\/wp-content\/uploads\/2026\/02\/6-Teknik-i-Prodhimit-te-Farave-dhe-Fidaneve.pdf\">(PP) Teknika t\u00eb prodhimit t\u00eb farave dhe fidan\u00ebve<\/a><\/p>\n<p><!-- \/wp:paragraph --><!-- wp:paragraph \/--><!-- wp:heading --><\/p>\n<h3 class=\"wp-block-heading\">FAKULTETI EKONOMIK<\/h3>\n<p><!-- \/wp:heading --><!-- wp:paragraph --><\/p>\n<p><a href=\"https:\/\/unkorce.edu.al\/wp-content\/uploads\/2026\/02\/1-Ekonomik-Viti-I.pdf\">Viti I <\/a><\/p>\n<p><a href=\"https:\/\/unkorce.edu.al\/wp-content\/uploads\/2026\/02\/2-Ekonomik-Viti-II.pdf\">Viti II <\/a><\/p>\n<p><a href=\"https:\/\/unkorce.edu.al\/wp-content\/uploads\/2026\/02\/3-Ekonomik-Viti-III.pdf\">Viti III <\/a><\/p>\n<p><a href=\"https:\/\/unkorce.edu.al\/wp-content\/uploads\/2026\/02\/4-Asistent-Menaxher.pdf\">Asistent menaxher<\/a><\/p>\n<p><a href=\"https:\/\/unkorce.edu.al\/wp-content\/uploads\/2026\/02\/5-Ekonomik-Master.pdf\">Programet Master<\/a><\/p>\n<p><!-- \/wp:paragraph --><!-- wp:paragraph \/--><!-- wp:heading --><\/p>\n<h3 class=\"wp-block-heading\">FAKULTETI I EDUKIMIT DHE I FILOLOGJIS\u00cb<\/h3>\n<p><!-- \/wp:heading --><!-- wp:paragraph --><\/p>\n<p><a href=\"https:\/\/unkorce.edu.al\/wp-content\/uploads\/2026\/02\/4-Edukim-Fizik-dhe-Sporte.pdf\">(BA) Edukim Fizik dhe Sporte<\/a><\/p>\n<p><!-- \/wp:paragraph --><!-- wp:paragraph --><\/p>\n<p><a href=\"https:\/\/unkorce.edu.al\/wp-content\/uploads\/2026\/02\/5-Gjuhe-Angleze.pdf\">(BA) Gjuh\u00eb Angleze(BA) <\/p>\n<p><\/a><a href=\"https:\/\/unkorce.edu.al\/wp-content\/uploads\/2026\/02\/6-Gjuhe-dhe-Kulture-Frenge.pdf\">Gjuh\u00eb dhe Kultur\u00eb Frenge<\/a><\/p>\n<p><!-- \/wp:paragraph --><!-- wp:paragraph --><\/p>\n<p><a href=\"https:\/\/unkorce.edu.al\/wp-content\/uploads\/2026\/02\/7-Gjuhe-Letersi.pdf\">(BA) Gjuh\u00eb-Let\u00ebrsi<\/a><\/p>\n<p><!-- \/wp:paragraph --><!-- wp:paragraph \/--><!-- wp:paragraph --><\/p>\n<p><a href=\"https:\/\/unkorce.edu.al\/wp-content\/uploads\/2026\/02\/8-Histori-Gjeografi.pdf\">(BA) Histori-Gjeografi<\/a><\/p>\n<p><!-- \/wp:paragraph --><!-- wp:paragraph --><\/p>\n<p><a href=\"https:\/\/unkorce.edu.al\/wp-content\/uploads\/2026\/02\/1-Arsimi-Fillor.pdf\">(BA) M\u00ebsuesi p\u00ebr Arsimin Fillor<\/a><\/p>\n<p><!-- \/wp:paragraph --><!-- wp:paragraph --><\/p>\n<p><a href=\"https:\/\/unkorce.edu.al\/wp-content\/uploads\/2026\/02\/2-Arsimi-Parashkollor.pdf\">(BA) M\u00ebsuesi p\u00ebr Arsimin Parashkollor<\/a><\/p>\n<p><!-- \/wp:paragraph --><!-- wp:paragraph --><\/p>\n<p><a href=\"https:\/\/unkorce.edu.al\/wp-content\/uploads\/2026\/02\/3-Edukim-per-Foshnjerine.pdf\">(PP) Edukim p\u00ebr foshnj\u00ebrin\u00eb dhe f\u00ebmij\u00ebrin\u00eb e hershme<\/a><\/p>\n<p><!-- \/wp:paragraph --><!-- wp:paragraph --><\/p>\n<p><a href=\"https:\/\/unkorce.edu.al\/wp-content\/uploads\/2026\/02\/9-Mbeshtetes-Zure.pdf\">(PP) Mb\u00ebshtet\u00ebs Zyre p\u00ebr Komunikimin, Bibliotek\u00eb dhe Arkiv\u00eb<\/a><\/p>\n<p><!-- \/wp:paragraph --><!-- wp:paragraph \/--><!-- wp:heading --><\/p>\n<h3 class=\"wp-block-heading\">FAKULTETI I SHKENCAVE NATYRORE DHE I SHKENCAVE HUMANE<\/h3>\n<p><!-- \/wp:heading --><!-- wp:paragraph --><\/p>\n<p><a href=\"https:\/\/unkorce.edu.al\/wp-content\/uploads\/2026\/02\/5-Administrim-dhe-politika-Sociale.pdf\">(BA) Administrim Politika Sociale<\/a><\/p>\n<p><!-- \/wp:paragraph --><!-- wp:paragraph \/--><!-- wp:paragraph --><\/p>\n<p><a href=\"https:\/\/unkorce.edu.al\/wp-content\/uploads\/2026\/02\/8-Biologji-Kimi.pdf\">(BA) Biologji-Kimi<\/a><\/p>\n<p>(BA) Infermieri <a href=\"https:\/\/unkorce.edu.al\/wp-content\/uploads\/2026\/02\/1-Infermieri-Viti-I.pdf\">Viti I<\/a> &#8211; <a href=\"https:\/\/unkorce.edu.al\/wp-content\/uploads\/2026\/02\/2-Infermieri-Viti-II.pdf\">Viti II<\/a> &#8211; <a href=\"https:\/\/unkorce.edu.al\/wp-content\/uploads\/2026\/02\/3-Infermieri-Viti-III.pdf\">Viti III<\/a><\/p>\n<p><a href=\"https:\/\/unkorce.edu.al\/wp-content\/uploads\/2026\/02\/4-Infermieri-MamiI.pdf\"> (BA) Mami<\/a><\/p>\n<p><!-- \/wp:paragraph --><!-- wp:paragraph --><\/p>\n<p><a href=\"https:\/\/unkorce.edu.al\/wp-content\/uploads\/2026\/02\/3-Matematike-Fizike.pdf\">(BA) Matematik\u00eb-Fizik\u00eb<\/a><\/p>\n<p><!-- \/wp:paragraph --><!-- wp:paragraph --><\/p>\n<p><a href=\"https:\/\/unkorce.edu.al\/wp-content\/uploads\/2026\/02\/4-Matematike-Informatike.pdf\">(BA) Matematik\u00eb-Informatik\u00eb<\/a><\/p>\n<p><a href=\"https:\/\/unkorce.edu.al\/wp-content\/uploads\/2026\/02\/6-Shkenca-Politike.pdf\">(BA) Shkenca Politike<\/a><\/p>\n<p><!-- \/wp:paragraph --><!-- wp:paragraph --><\/p>\n<p><a href=\"https:\/\/unkorce.edu.al\/wp-content\/uploads\/2026\/02\/1-Teknologji-Informacioni.pdf\">(BA) Teknologji Informacioni<\/a><\/p>\n<p><a href=\"https:\/\/unkorce.edu.al\/wp-content\/uploads\/2026\/02\/2-Inxhinieri-Informatike.pdf\">(BA) Inxhinieri Informatike<\/a><\/p>\n<p><!-- \/wp:paragraph --><!-- wp:paragraph --><\/p>\n<p><a href=\"https:\/\/unkorce.edu.al\/wp-content\/uploads\/2026\/02\/7-Sherbim-Social.pdf\">(PP) Sh\u00ebrbim Social<\/a><\/p>\n<\/div><\/div><\/div><\/div><\/div><\/div><\/section>","protected":false},"excerpt":{"rendered":"","protected":false},"author":122,"featured_media":0,"parent":0,"menu_order":0,"comment_status":"closed","ping_status":"closed","template":"","meta":{"_acf_changed":false,"footnotes":""},"class_list":["post-35235","page","type-page","status-publish","hentry"],"acf":[],"yoast_head":"<!-- This site is optimized with the Yoast SEO plugin v26.9 - https:\/\/yoast.com\/product\/yoast-seo-wordpress\/ -->\n<title>Orari m\u00ebsimor 2025-2026 - Universiteti &quot;Fan S. Noli&quot;, Kor\u00e7\u00eb<\/title>\n<meta name=\"robots\" content=\"index, follow, max-snippet:-1, max-image-preview:large, max-video-preview:-1\" \/>\n<link rel=\"canonical\" href=\"https:\/\/unkorce.edu.al\/en\/orari-mesimor-2025-2026\/\" \/>\n<meta property=\"og:locale\" content=\"en_US\" \/>\n<meta property=\"og:type\" content=\"article\" \/>\n<meta property=\"og:title\" content=\"Orari m\u00ebsimor 2025-2026 - Universiteti &quot;Fan S. Noli&quot;, Kor\u00e7\u00eb\" \/>\n<meta property=\"og:url\" content=\"https:\/\/unkorce.edu.al\/en\/orari-mesimor-2025-2026\/\" \/>\n<meta property=\"og:site_name\" content=\"Universiteti &quot;Fan S. Noli&quot;, Kor\u00e7\u00eb\" \/>\n<meta property=\"article:publisher\" content=\"https:\/\/www.facebook.com\/unkorce\" \/>\n<meta property=\"article:modified_time\" content=\"2026-02-23T10:42:17+00:00\" \/>\n<meta name=\"twitter:card\" content=\"summary_large_image\" \/>\n<meta name=\"twitter:label1\" content=\"Est. reading time\" \/>\n\t<meta name=\"twitter:data1\" content=\"1 minute\" \/>\n<script type=\"application\/ld+json\" class=\"yoast-schema-graph\">{\"@context\":\"https:\/\/schema.org\",\"@graph\":[{\"@type\":\"WebPage\",\"@id\":\"https:\/\/unkorce.edu.al\/orari-mesimor-2025-2026\/\",\"url\":\"https:\/\/unkorce.edu.al\/orari-mesimor-2025-2026\/\",\"name\":\"Orari m\u00ebsimor 2025-2026 - Universiteti \\\"Fan S. Noli\\\", Kor\u00e7\u00eb\",\"isPartOf\":{\"@id\":\"https:\/\/unkorce.edu.al\/#website\"},\"datePublished\":\"2025-10-27T11:00:57+00:00\",\"dateModified\":\"2026-02-23T10:42:17+00:00\",\"breadcrumb\":{\"@id\":\"https:\/\/unkorce.edu.al\/orari-mesimor-2025-2026\/#breadcrumb\"},\"inLanguage\":\"en-US\",\"potentialAction\":[{\"@type\":\"ReadAction\",\"target\":[\"https:\/\/unkorce.edu.al\/orari-mesimor-2025-2026\/\"]}]},{\"@type\":\"BreadcrumbList\",\"@id\":\"https:\/\/unkorce.edu.al\/orari-mesimor-2025-2026\/#breadcrumb\",\"itemListElement\":[{\"@type\":\"ListItem\",\"position\":1,\"name\":\"Home\",\"item\":\"https:\/\/unkorce.edu.al\/\"},{\"@type\":\"ListItem\",\"position\":2,\"name\":\"Orari m\u00ebsimor 2025-2026\"}]},{\"@type\":\"WebSite\",\"@id\":\"https:\/\/unkorce.edu.al\/#website\",\"url\":\"https:\/\/unkorce.edu.al\/\",\"name\":\"Universiteti \\\"Fan S. Noli\\\", Kor\u00e7\u00eb\",\"description\":\"Mir&euml;sevini n&euml; faqen zyrtare!\",\"publisher\":{\"@id\":\"https:\/\/unkorce.edu.al\/#organization\"},\"potentialAction\":[{\"@type\":\"SearchAction\",\"target\":{\"@type\":\"EntryPoint\",\"urlTemplate\":\"https:\/\/unkorce.edu.al\/?s={search_term_string}\"},\"query-input\":{\"@type\":\"PropertyValueSpecification\",\"valueRequired\":true,\"valueName\":\"search_term_string\"}}],\"inLanguage\":\"en-US\"},{\"@type\":\"Organization\",\"@id\":\"https:\/\/unkorce.edu.al\/#organization\",\"name\":\"Universiteti \\\"Fan S. Noli\\\", Kor\u00e7\u00eb\",\"url\":\"https:\/\/unkorce.edu.al\/\",\"logo\":{\"@type\":\"ImageObject\",\"inLanguage\":\"en-US\",\"@id\":\"https:\/\/unkorce.edu.al\/#\/schema\/logo\/image\/\",\"url\":\"https:\/\/unkorce.edu.al\/wp-content\/uploads\/2024\/08\/Logo_e_Universitetit__Fan_Noli_-e1726660879862.png\",\"contentUrl\":\"https:\/\/unkorce.edu.al\/wp-content\/uploads\/2024\/08\/Logo_e_Universitetit__Fan_Noli_-e1726660879862.png\",\"width\":200,\"height\":120,\"caption\":\"Universiteti \\\"Fan S. Noli\\\", Kor\u00e7\u00eb\"},\"image\":{\"@id\":\"https:\/\/unkorce.edu.al\/#\/schema\/logo\/image\/\"},\"sameAs\":[\"https:\/\/www.facebook.com\/unkorce\"]}]}<\/script>\n<!-- \/ Yoast SEO plugin. -->","yoast_head_json":{"title":"Orari m\u00ebsimor 2025-2026 - Universiteti \"Fan S. Noli\", Kor\u00e7\u00eb","robots":{"index":"index","follow":"follow","max-snippet":"max-snippet:-1","max-image-preview":"max-image-preview:large","max-video-preview":"max-video-preview:-1"},"canonical":"https:\/\/unkorce.edu.al\/en\/orari-mesimor-2025-2026\/","og_locale":"en_US","og_type":"article","og_title":"Orari m\u00ebsimor 2025-2026 - Universiteti \"Fan S. Noli\", Kor\u00e7\u00eb","og_url":"https:\/\/unkorce.edu.al\/en\/orari-mesimor-2025-2026\/","og_site_name":"Universiteti \"Fan S. Noli\", Kor\u00e7\u00eb","article_publisher":"https:\/\/www.facebook.com\/unkorce","article_modified_time":"2026-02-23T10:42:17+00:00","twitter_card":"summary_large_image","twitter_misc":{"Est. reading time":"1 minute"},"schema":{"@context":"https:\/\/schema.org","@graph":[{"@type":"WebPage","@id":"https:\/\/unkorce.edu.al\/orari-mesimor-2025-2026\/","url":"https:\/\/unkorce.edu.al\/orari-mesimor-2025-2026\/","name":"Orari m\u00ebsimor 2025-2026 - Universiteti \"Fan S. Noli\", Kor\u00e7\u00eb","isPartOf":{"@id":"https:\/\/unkorce.edu.al\/#website"},"datePublished":"2025-10-27T11:00:57+00:00","dateModified":"2026-02-23T10:42:17+00:00","breadcrumb":{"@id":"https:\/\/unkorce.edu.al\/orari-mesimor-2025-2026\/#breadcrumb"},"inLanguage":"en-US","potentialAction":[{"@type":"ReadAction","target":["https:\/\/unkorce.edu.al\/orari-mesimor-2025-2026\/"]}]},{"@type":"BreadcrumbList","@id":"https:\/\/unkorce.edu.al\/orari-mesimor-2025-2026\/#breadcrumb","itemListElement":[{"@type":"ListItem","position":1,"name":"Home","item":"https:\/\/unkorce.edu.al\/"},{"@type":"ListItem","position":2,"name":"Orari m\u00ebsimor 2025-2026"}]},{"@type":"WebSite","@id":"https:\/\/unkorce.edu.al\/#website","url":"https:\/\/unkorce.edu.al\/","name":"Universiteti \"Fan S. Noli\", Kor\u00e7\u00eb","description":"Mir&euml;sevini n&euml; faqen zyrtare!","publisher":{"@id":"https:\/\/unkorce.edu.al\/#organization"},"potentialAction":[{"@type":"SearchAction","target":{"@type":"EntryPoint","urlTemplate":"https:\/\/unkorce.edu.al\/?s={search_term_string}"},"query-input":{"@type":"PropertyValueSpecification","valueRequired":true,"valueName":"search_term_string"}}],"inLanguage":"en-US"},{"@type":"Organization","@id":"https:\/\/unkorce.edu.al\/#organization","name":"Universiteti \"Fan S. Noli\", Kor\u00e7\u00eb","url":"https:\/\/unkorce.edu.al\/","logo":{"@type":"ImageObject","inLanguage":"en-US","@id":"https:\/\/unkorce.edu.al\/#\/schema\/logo\/image\/","url":"https:\/\/unkorce.edu.al\/wp-content\/uploads\/2024\/08\/Logo_e_Universitetit__Fan_Noli_-e1726660879862.png","contentUrl":"https:\/\/unkorce.edu.al\/wp-content\/uploads\/2024\/08\/Logo_e_Universitetit__Fan_Noli_-e1726660879862.png","width":200,"height":120,"caption":"Universiteti \"Fan S. Noli\", Kor\u00e7\u00eb"},"image":{"@id":"https:\/\/unkorce.edu.al\/#\/schema\/logo\/image\/"},"sameAs":["https:\/\/www.facebook.com\/unkorce"]}]}},"_links":{"self":[{"href":"https:\/\/unkorce.edu.al\/en\/wp-json\/wp\/v2\/pages\/35235","targetHints":{"allow":["GET"]}}],"collection":[{"href":"https:\/\/unkorce.edu.al\/en\/wp-json\/wp\/v2\/pages"}],"about":[{"href":"https:\/\/unkorce.edu.al\/en\/wp-json\/wp\/v2\/types\/page"}],"author":[{"embeddable":true,"href":"https:\/\/unkorce.edu.al\/en\/wp-json\/wp\/v2\/users\/122"}],"replies":[{"embeddable":true,"href":"https:\/\/unkorce.edu.al\/en\/wp-json\/wp\/v2\/comments?post=35235"}],"version-history":[{"count":9,"href":"https:\/\/unkorce.edu.al\/en\/wp-json\/wp\/v2\/pages\/35235\/revisions"}],"predecessor-version":[{"id":36467,"href":"https:\/\/unkorce.edu.al\/en\/wp-json\/wp\/v2\/pages\/35235\/revisions\/36467"}],"wp:attachment":[{"href":"https:\/\/unkorce.edu.al\/en\/wp-json\/wp\/v2\/media?parent=35235"}],"curies":[{"name":"wp","href":"https:\/\/api.w.org\/{rel}","templated":true}]}}