{"id":32574,"date":"2025-03-28T12:06:24","date_gmt":"2025-03-28T12:06:24","guid":{"rendered":"https:\/\/unkorce.edu.al\/?page_id=32574"},"modified":"2025-06-03T10:42:36","modified_gmt":"2025-06-03T10:42:36","slug":"studente","status":"publish","type":"page","link":"https:\/\/unkorce.edu.al\/en\/studente\/","title":{"rendered":"Students"},"content":{"rendered":"<section class=\"l-section wpb_row height_medium\"><div class=\"l-section-h i-cf\"><div class=\"g-cols vc_row via_grid cols_1 laptops-cols_inherit tablets-cols_inherit mobiles-cols_1 valign_top type_default stacking_default\"><div class=\"wpb_column vc_column_container\"><div class=\"vc_column-inner\"><div class=\"wpb_text_column\"><div class=\"wpb_wrapper\"><blockquote class=\"wp-embedded-content\" data-secret=\"4RjA4RH9AX\">\n<p><a href=\"https:\/\/unkorce.edu.al\/en\/njoftim-per-aplikim-per-mbeshtetje-financiare-te-studenteve-te-cilet-studjojne-ne-programet-e-studimit-te-cilat-perbejne-prioritet-kombetar\/\">Njoftim p\u00ebr aplikim p\u00ebr mb\u00ebshtetje financiare t\u00eb student\u00ebve t\u00eb cil\u00ebt studjojn\u00eb n\u00eb programet e studimit t\u00eb cilat p\u00ebrb\u00ebjn\u00eb prioritet komb\u00ebtar.<\/a><\/p>\n<\/blockquote>\n<p><iframe loading=\"lazy\" class=\"wp-embedded-content\" sandbox=\"allow-scripts\" security=\"restricted\" style=\"position: absolute; visibility: hidden;\" title=\"&#8220;Njoftim p\u00ebr aplikim p\u00ebr mb\u00ebshtetje financiare t\u00eb student\u00ebve t\u00eb cil\u00ebt studjojn\u00eb n\u00eb programet e studimit t\u00eb cilat p\u00ebrb\u00ebjn\u00eb prioritet komb\u00ebtar.&#8221; &#8212; Universiteti &quot;Fan S. Noli&quot;, Kor\u00e7\u00eb\" src=\"https:\/\/unkorce.edu.al\/njoftim-per-aplikim-per-mbeshtetje-financiare-te-studenteve-te-cilet-studjojne-ne-programet-e-studimit-te-cilat-perbejne-prioritet-kombetar\/embed\/#?secret=NdevvB78Tp#?secret=4RjA4RH9AX\" data-secret=\"4RjA4RH9AX\" width=\"600\" height=\"338\" frameborder=\"0\" marginwidth=\"0\" marginheight=\"0\" scrolling=\"no\"><\/iframe><\/p>\n<blockquote class=\"wp-embedded-content\" data-secret=\"adDfiO9A8K\">\n<p><a href=\"https:\/\/unkorce.edu.al\/en\/njoftim-per-aplikimet-per-perfitimin-e-bursave-2\/\">NJOFTIM PER APLIKIMET PER PERFITIMIN E BURSAVE<\/a><\/p>\n<\/blockquote>\n<p><iframe loading=\"lazy\" class=\"wp-embedded-content\" sandbox=\"allow-scripts\" security=\"restricted\" style=\"position: absolute; visibility: hidden;\" title=\"&#8220;NJOFTIM PER APLIKIMET PER PERFITIMIN E BURSAVE&#8221; &#8212; Universiteti &quot;Fan S. Noli&quot;, Kor\u00e7\u00eb\" src=\"https:\/\/unkorce.edu.al\/njoftim-per-aplikimet-per-perfitimin-e-bursave-2\/embed\/#?secret=DOjpJ7gBUd#?secret=adDfiO9A8K\" data-secret=\"adDfiO9A8K\" width=\"600\" height=\"338\" frameborder=\"0\" marginwidth=\"0\" marginheight=\"0\" scrolling=\"no\"><\/iframe><\/p>\n<blockquote class=\"wp-embedded-content\" data-secret=\"l6LeKFnwYH\">\n<p><a href=\"https:\/\/unkorce.edu.al\/en\/njoftim-per-aplikimet-per-perjashtimin-nga-tarifa-vjetore-e-shkollimit\/\">NJOFTIM PER APLIKIMET PER PERJASHTIMIN NGA TARIFA VJETORE E SHKOLLIMIT<\/a><\/p>\n<\/blockquote>\n<p><iframe loading=\"lazy\" class=\"wp-embedded-content\" sandbox=\"allow-scripts\" security=\"restricted\" style=\"position: absolute; visibility: hidden;\" title=\"&#8220;NJOFTIM PER APLIKIMET PER PERJASHTIMIN NGA TARIFA VJETORE E SHKOLLIMIT&#8221; &#8212; Universiteti &quot;Fan S. Noli&quot;, Kor\u00e7\u00eb\" src=\"https:\/\/unkorce.edu.al\/njoftim-per-aplikimet-per-perjashtimin-nga-tarifa-vjetore-e-shkollimit\/embed\/#?secret=5UnE5cVIVw#?secret=l6LeKFnwYH\" data-secret=\"l6LeKFnwYH\" width=\"600\" height=\"338\" frameborder=\"0\" marginwidth=\"0\" marginheight=\"0\" scrolling=\"no\"><\/iframe><\/p>\n<blockquote class=\"wp-embedded-content\" data-secret=\"C9vyf61sDL\">\n<p><a href=\"https:\/\/unkorce.edu.al\/en\/njoftim-per-aplikimet-per-uljen-50-nga-tarifa-e-shkollimit\/\">NJOFTIM PER APLIKIMET PER ULJEN 50% NGA TARIFA E SHKOLLIMIT<\/a><\/p>\n<\/blockquote>\n<p><iframe loading=\"lazy\" class=\"wp-embedded-content\" sandbox=\"allow-scripts\" security=\"restricted\" style=\"position: absolute; visibility: hidden;\" title=\"&#8220;NJOFTIM PER APLIKIMET PER ULJEN 50% NGA TARIFA E SHKOLLIMIT&#8221; &#8212; Universiteti &quot;Fan S. Noli&quot;, Kor\u00e7\u00eb\" src=\"https:\/\/unkorce.edu.al\/njoftim-per-aplikimet-per-uljen-50-nga-tarifa-e-shkollimit\/embed\/#?secret=Zn0ErV7JjL#?secret=C9vyf61sDL\" data-secret=\"C9vyf61sDL\" width=\"600\" height=\"338\" frameborder=\"0\" marginwidth=\"0\" marginheight=\"0\" scrolling=\"no\"><\/iframe><\/p>\n<p>\u00a0<\/p>\n<\/div><\/div><\/div><\/div><\/div><\/div><\/section>","protected":false},"excerpt":{"rendered":"","protected":false},"author":122,"featured_media":0,"parent":0,"menu_order":0,"comment_status":"closed","ping_status":"closed","template":"","meta":{"_acf_changed":false,"footnotes":""},"class_list":["post-32574","page","type-page","status-publish","hentry"],"acf":[],"yoast_head":"<!-- This site is optimized with the Yoast SEO plugin v26.9 - https:\/\/yoast.com\/product\/yoast-seo-wordpress\/ -->\n<title>Student\u00eb - Universiteti &quot;Fan S. Noli&quot;, Kor\u00e7\u00eb<\/title>\n<meta name=\"robots\" content=\"index, follow, max-snippet:-1, max-image-preview:large, max-video-preview:-1\" \/>\n<link rel=\"canonical\" href=\"https:\/\/unkorce.edu.al\/en\/studente\/\" \/>\n<meta property=\"og:locale\" content=\"en_US\" \/>\n<meta property=\"og:type\" content=\"article\" \/>\n<meta property=\"og:title\" content=\"Student\u00eb - Universiteti &quot;Fan S. Noli&quot;, Kor\u00e7\u00eb\" \/>\n<meta property=\"og:url\" content=\"https:\/\/unkorce.edu.al\/en\/studente\/\" \/>\n<meta property=\"og:site_name\" content=\"Universiteti &quot;Fan S. Noli&quot;, Kor\u00e7\u00eb\" \/>\n<meta property=\"article:publisher\" content=\"https:\/\/www.facebook.com\/unkorce\" \/>\n<meta property=\"article:modified_time\" content=\"2025-06-03T10:42:36+00:00\" \/>\n<meta name=\"twitter:card\" content=\"summary_large_image\" \/>\n<meta name=\"twitter:label1\" content=\"Est. reading time\" \/>\n\t<meta name=\"twitter:data1\" content=\"1 minute\" \/>\n<script type=\"application\/ld+json\" class=\"yoast-schema-graph\">{\"@context\":\"https:\/\/schema.org\",\"@graph\":[{\"@type\":\"WebPage\",\"@id\":\"https:\/\/unkorce.edu.al\/studente\/\",\"url\":\"https:\/\/unkorce.edu.al\/studente\/\",\"name\":\"Student\u00eb - Universiteti \\\"Fan S. Noli\\\", Kor\u00e7\u00eb\",\"isPartOf\":{\"@id\":\"https:\/\/unkorce.edu.al\/#website\"},\"datePublished\":\"2025-03-28T12:06:24+00:00\",\"dateModified\":\"2025-06-03T10:42:36+00:00\",\"breadcrumb\":{\"@id\":\"https:\/\/unkorce.edu.al\/studente\/#breadcrumb\"},\"inLanguage\":\"en-US\",\"potentialAction\":[{\"@type\":\"ReadAction\",\"target\":[\"https:\/\/unkorce.edu.al\/studente\/\"]}]},{\"@type\":\"BreadcrumbList\",\"@id\":\"https:\/\/unkorce.edu.al\/studente\/#breadcrumb\",\"itemListElement\":[{\"@type\":\"ListItem\",\"position\":1,\"name\":\"Home\",\"item\":\"https:\/\/unkorce.edu.al\/\"},{\"@type\":\"ListItem\",\"position\":2,\"name\":\"Student\u00eb\"}]},{\"@type\":\"WebSite\",\"@id\":\"https:\/\/unkorce.edu.al\/#website\",\"url\":\"https:\/\/unkorce.edu.al\/\",\"name\":\"Universiteti \\\"Fan S. Noli\\\", Kor\u00e7\u00eb\",\"description\":\"Mir&euml;sevini n&euml; faqen zyrtare!\",\"publisher\":{\"@id\":\"https:\/\/unkorce.edu.al\/#organization\"},\"potentialAction\":[{\"@type\":\"SearchAction\",\"target\":{\"@type\":\"EntryPoint\",\"urlTemplate\":\"https:\/\/unkorce.edu.al\/?s={search_term_string}\"},\"query-input\":{\"@type\":\"PropertyValueSpecification\",\"valueRequired\":true,\"valueName\":\"search_term_string\"}}],\"inLanguage\":\"en-US\"},{\"@type\":\"Organization\",\"@id\":\"https:\/\/unkorce.edu.al\/#organization\",\"name\":\"Universiteti \\\"Fan S. Noli\\\", Kor\u00e7\u00eb\",\"url\":\"https:\/\/unkorce.edu.al\/\",\"logo\":{\"@type\":\"ImageObject\",\"inLanguage\":\"en-US\",\"@id\":\"https:\/\/unkorce.edu.al\/#\/schema\/logo\/image\/\",\"url\":\"https:\/\/unkorce.edu.al\/wp-content\/uploads\/2024\/08\/Logo_e_Universitetit__Fan_Noli_-e1726660879862.png\",\"contentUrl\":\"https:\/\/unkorce.edu.al\/wp-content\/uploads\/2024\/08\/Logo_e_Universitetit__Fan_Noli_-e1726660879862.png\",\"width\":200,\"height\":120,\"caption\":\"Universiteti \\\"Fan S. Noli\\\", Kor\u00e7\u00eb\"},\"image\":{\"@id\":\"https:\/\/unkorce.edu.al\/#\/schema\/logo\/image\/\"},\"sameAs\":[\"https:\/\/www.facebook.com\/unkorce\"]}]}<\/script>\n<!-- \/ Yoast SEO plugin. -->","yoast_head_json":{"title":"Student\u00eb - Universiteti \"Fan S. Noli\", Kor\u00e7\u00eb","robots":{"index":"index","follow":"follow","max-snippet":"max-snippet:-1","max-image-preview":"max-image-preview:large","max-video-preview":"max-video-preview:-1"},"canonical":"https:\/\/unkorce.edu.al\/en\/studente\/","og_locale":"en_US","og_type":"article","og_title":"Student\u00eb - Universiteti \"Fan S. Noli\", Kor\u00e7\u00eb","og_url":"https:\/\/unkorce.edu.al\/en\/studente\/","og_site_name":"Universiteti \"Fan S. Noli\", Kor\u00e7\u00eb","article_publisher":"https:\/\/www.facebook.com\/unkorce","article_modified_time":"2025-06-03T10:42:36+00:00","twitter_card":"summary_large_image","twitter_misc":{"Est. reading time":"1 minute"},"schema":{"@context":"https:\/\/schema.org","@graph":[{"@type":"WebPage","@id":"https:\/\/unkorce.edu.al\/studente\/","url":"https:\/\/unkorce.edu.al\/studente\/","name":"Student\u00eb - Universiteti \"Fan S. Noli\", Kor\u00e7\u00eb","isPartOf":{"@id":"https:\/\/unkorce.edu.al\/#website"},"datePublished":"2025-03-28T12:06:24+00:00","dateModified":"2025-06-03T10:42:36+00:00","breadcrumb":{"@id":"https:\/\/unkorce.edu.al\/studente\/#breadcrumb"},"inLanguage":"en-US","potentialAction":[{"@type":"ReadAction","target":["https:\/\/unkorce.edu.al\/studente\/"]}]},{"@type":"BreadcrumbList","@id":"https:\/\/unkorce.edu.al\/studente\/#breadcrumb","itemListElement":[{"@type":"ListItem","position":1,"name":"Home","item":"https:\/\/unkorce.edu.al\/"},{"@type":"ListItem","position":2,"name":"Student\u00eb"}]},{"@type":"WebSite","@id":"https:\/\/unkorce.edu.al\/#website","url":"https:\/\/unkorce.edu.al\/","name":"Universiteti \"Fan S. Noli\", Kor\u00e7\u00eb","description":"Mir&euml;sevini n&euml; faqen zyrtare!","publisher":{"@id":"https:\/\/unkorce.edu.al\/#organization"},"potentialAction":[{"@type":"SearchAction","target":{"@type":"EntryPoint","urlTemplate":"https:\/\/unkorce.edu.al\/?s={search_term_string}"},"query-input":{"@type":"PropertyValueSpecification","valueRequired":true,"valueName":"search_term_string"}}],"inLanguage":"en-US"},{"@type":"Organization","@id":"https:\/\/unkorce.edu.al\/#organization","name":"Universiteti \"Fan S. Noli\", Kor\u00e7\u00eb","url":"https:\/\/unkorce.edu.al\/","logo":{"@type":"ImageObject","inLanguage":"en-US","@id":"https:\/\/unkorce.edu.al\/#\/schema\/logo\/image\/","url":"https:\/\/unkorce.edu.al\/wp-content\/uploads\/2024\/08\/Logo_e_Universitetit__Fan_Noli_-e1726660879862.png","contentUrl":"https:\/\/unkorce.edu.al\/wp-content\/uploads\/2024\/08\/Logo_e_Universitetit__Fan_Noli_-e1726660879862.png","width":200,"height":120,"caption":"Universiteti \"Fan S. Noli\", Kor\u00e7\u00eb"},"image":{"@id":"https:\/\/unkorce.edu.al\/#\/schema\/logo\/image\/"},"sameAs":["https:\/\/www.facebook.com\/unkorce"]}]}},"_links":{"self":[{"href":"https:\/\/unkorce.edu.al\/en\/wp-json\/wp\/v2\/pages\/32574","targetHints":{"allow":["GET"]}}],"collection":[{"href":"https:\/\/unkorce.edu.al\/en\/wp-json\/wp\/v2\/pages"}],"about":[{"href":"https:\/\/unkorce.edu.al\/en\/wp-json\/wp\/v2\/types\/page"}],"author":[{"embeddable":true,"href":"https:\/\/unkorce.edu.al\/en\/wp-json\/wp\/v2\/users\/122"}],"replies":[{"embeddable":true,"href":"https:\/\/unkorce.edu.al\/en\/wp-json\/wp\/v2\/comments?post=32574"}],"version-history":[{"count":5,"href":"https:\/\/unkorce.edu.al\/en\/wp-json\/wp\/v2\/pages\/32574\/revisions"}],"predecessor-version":[{"id":33892,"href":"https:\/\/unkorce.edu.al\/en\/wp-json\/wp\/v2\/pages\/32574\/revisions\/33892"}],"wp:attachment":[{"href":"https:\/\/unkorce.edu.al\/en\/wp-json\/wp\/v2\/media?parent=32574"}],"curies":[{"name":"wp","href":"https:\/\/api.w.org\/{rel}","templated":true}]}}