{"id":31197,"date":"2025-01-20T10:40:49","date_gmt":"2025-01-20T10:40:49","guid":{"rendered":"https:\/\/unkorce.edu.al\/?page_id=31197"},"modified":"2025-01-20T10:40:49","modified_gmt":"2025-01-20T10:40:49","slug":"karta-e-studentit","status":"publish","type":"page","link":"https:\/\/unkorce.edu.al\/en\/karta-e-studentit\/","title":{"rendered":"Student Card"},"content":{"rendered":"<p>The student card is an identification document issued to students enrolled at \u201cFan S. Noli\u201d University, Kor\u00e7a. It offers several benefits, such as price reductions for services and products, access to various activities and services of educational institutions, and serves as an identification tool to verify student status.<\/p>\n<p><img loading=\"lazy\" decoding=\"async\" class=\"alignnone size-full wp-image-31198\" src=\"https:\/\/unkorce.edu.al\/wp-content\/uploads\/2025\/01\/Perfitimet-e-kartes-se-studentit-1.png\" alt=\"\" width=\"1700\" height=\"1692\" srcset=\"https:\/\/unkorce.edu.al\/wp-content\/uploads\/2025\/01\/Perfitimet-e-kartes-se-studentit-1.png 1700w, https:\/\/unkorce.edu.al\/wp-content\/uploads\/2025\/01\/Perfitimet-e-kartes-se-studentit-1-300x300.png 300w, https:\/\/unkorce.edu.al\/wp-content\/uploads\/2025\/01\/Perfitimet-e-kartes-se-studentit-1-1024x1019.png 1024w, https:\/\/unkorce.edu.al\/wp-content\/uploads\/2025\/01\/Perfitimet-e-kartes-se-studentit-1-150x150.png 150w\" sizes=\"auto, (max-width: 1700px) 100vw, 1700px\" \/><\/p>","protected":false},"excerpt":{"rendered":"<p>Karta e studentit \u00ebsht\u00eb nj\u00eb dokument identifikimi q\u00eb u jepet student\u00ebve t\u00eb regjistruar n\u00eb Universitetin &#8220;Fan S. Noli&#8221;, Kor\u00e7\u00eb. Kjo kart\u00eb ofron disa p\u00ebrfitime, si ulje t\u00eb \u00e7mimeve p\u00ebr sh\u00ebrbime dhe produkte, akses n\u00eb aktivitete dhe sh\u00ebrbime t\u00eb ndryshme t\u00eb institucioneve edukative, si dhe mund t\u00eb p\u00ebrdoret si nj\u00eb mjet identifikimi p\u00ebr t\u00eb verifikuar statusin&#8230;<\/p>","protected":false},"author":122,"featured_media":0,"parent":0,"menu_order":0,"comment_status":"closed","ping_status":"closed","template":"","meta":{"_acf_changed":false,"footnotes":""},"class_list":["post-31197","page","type-page","status-publish","hentry"],"acf":[],"yoast_head":"<!-- This site is optimized with the Yoast SEO plugin v26.9 - https:\/\/yoast.com\/product\/yoast-seo-wordpress\/ -->\n<title>Karta e Studentit - Universiteti &quot;Fan S. Noli&quot;, Kor\u00e7\u00eb<\/title>\n<meta name=\"robots\" content=\"index, follow, max-snippet:-1, max-image-preview:large, max-video-preview:-1\" \/>\n<link rel=\"canonical\" href=\"https:\/\/unkorce.edu.al\/en\/karta-e-studentit\/\" \/>\n<meta property=\"og:locale\" content=\"en_US\" \/>\n<meta property=\"og:type\" content=\"article\" \/>\n<meta property=\"og:title\" content=\"Karta e Studentit - Universiteti &quot;Fan S. Noli&quot;, Kor\u00e7\u00eb\" \/>\n<meta property=\"og:description\" content=\"Karta e studentit \u00ebsht\u00eb nj\u00eb dokument identifikimi q\u00eb u jepet student\u00ebve t\u00eb regjistruar n\u00eb Universitetin &#8220;Fan S. Noli&#8221;, Kor\u00e7\u00eb. Kjo kart\u00eb ofron disa p\u00ebrfitime, si ulje t\u00eb \u00e7mimeve p\u00ebr sh\u00ebrbime dhe produkte, akses n\u00eb aktivitete dhe sh\u00ebrbime t\u00eb ndryshme t\u00eb institucioneve edukative, si dhe mund t\u00eb p\u00ebrdoret si nj\u00eb mjet identifikimi p\u00ebr t\u00eb verifikuar statusin...\" \/>\n<meta property=\"og:url\" content=\"https:\/\/unkorce.edu.al\/en\/karta-e-studentit\/\" \/>\n<meta property=\"og:site_name\" content=\"Universiteti &quot;Fan S. Noli&quot;, Kor\u00e7\u00eb\" \/>\n<meta property=\"article:publisher\" content=\"https:\/\/www.facebook.com\/unkorce\" \/>\n<meta property=\"og:image\" content=\"https:\/\/unkorce.edu.al\/wp-content\/uploads\/2025\/01\/Perfitimet-e-kartes-se-studentit-1.png\" \/>\n\t<meta property=\"og:image:width\" content=\"1700\" \/>\n\t<meta property=\"og:image:height\" content=\"1692\" \/>\n\t<meta property=\"og:image:type\" content=\"image\/png\" \/>\n<meta name=\"twitter:card\" content=\"summary_large_image\" \/>\n<meta name=\"twitter:label1\" content=\"Est. reading time\" \/>\n\t<meta name=\"twitter:data1\" content=\"1 minute\" \/>\n<script type=\"application\/ld+json\" class=\"yoast-schema-graph\">{\"@context\":\"https:\/\/schema.org\",\"@graph\":[{\"@type\":\"WebPage\",\"@id\":\"https:\/\/unkorce.edu.al\/karta-e-studentit\/\",\"url\":\"https:\/\/unkorce.edu.al\/karta-e-studentit\/\",\"name\":\"Karta e Studentit - Universiteti \\\"Fan S. Noli\\\", Kor\u00e7\u00eb\",\"isPartOf\":{\"@id\":\"https:\/\/unkorce.edu.al\/#website\"},\"primaryImageOfPage\":{\"@id\":\"https:\/\/unkorce.edu.al\/karta-e-studentit\/#primaryimage\"},\"image\":{\"@id\":\"https:\/\/unkorce.edu.al\/karta-e-studentit\/#primaryimage\"},\"thumbnailUrl\":\"https:\/\/unkorce.edu.al\/wp-content\/uploads\/2025\/01\/Perfitimet-e-kartes-se-studentit-1.png\",\"datePublished\":\"2025-01-20T10:40:49+00:00\",\"breadcrumb\":{\"@id\":\"https:\/\/unkorce.edu.al\/karta-e-studentit\/#breadcrumb\"},\"inLanguage\":\"en-US\",\"potentialAction\":[{\"@type\":\"ReadAction\",\"target\":[\"https:\/\/unkorce.edu.al\/karta-e-studentit\/\"]}]},{\"@type\":\"ImageObject\",\"inLanguage\":\"en-US\",\"@id\":\"https:\/\/unkorce.edu.al\/karta-e-studentit\/#primaryimage\",\"url\":\"https:\/\/unkorce.edu.al\/wp-content\/uploads\/2025\/01\/Perfitimet-e-kartes-se-studentit-1.png\",\"contentUrl\":\"https:\/\/unkorce.edu.al\/wp-content\/uploads\/2025\/01\/Perfitimet-e-kartes-se-studentit-1.png\"},{\"@type\":\"BreadcrumbList\",\"@id\":\"https:\/\/unkorce.edu.al\/karta-e-studentit\/#breadcrumb\",\"itemListElement\":[{\"@type\":\"ListItem\",\"position\":1,\"name\":\"Home\",\"item\":\"https:\/\/unkorce.edu.al\/\"},{\"@type\":\"ListItem\",\"position\":2,\"name\":\"Karta e Studentit\"}]},{\"@type\":\"WebSite\",\"@id\":\"https:\/\/unkorce.edu.al\/#website\",\"url\":\"https:\/\/unkorce.edu.al\/\",\"name\":\"Universiteti \\\"Fan S. Noli\\\", Kor\u00e7\u00eb\",\"description\":\"Mir&euml;sevini n&euml; faqen zyrtare!\",\"publisher\":{\"@id\":\"https:\/\/unkorce.edu.al\/#organization\"},\"potentialAction\":[{\"@type\":\"SearchAction\",\"target\":{\"@type\":\"EntryPoint\",\"urlTemplate\":\"https:\/\/unkorce.edu.al\/?s={search_term_string}\"},\"query-input\":{\"@type\":\"PropertyValueSpecification\",\"valueRequired\":true,\"valueName\":\"search_term_string\"}}],\"inLanguage\":\"en-US\"},{\"@type\":\"Organization\",\"@id\":\"https:\/\/unkorce.edu.al\/#organization\",\"name\":\"Universiteti \\\"Fan S. Noli\\\", Kor\u00e7\u00eb\",\"url\":\"https:\/\/unkorce.edu.al\/\",\"logo\":{\"@type\":\"ImageObject\",\"inLanguage\":\"en-US\",\"@id\":\"https:\/\/unkorce.edu.al\/#\/schema\/logo\/image\/\",\"url\":\"https:\/\/unkorce.edu.al\/wp-content\/uploads\/2024\/08\/Logo_e_Universitetit__Fan_Noli_-e1726660879862.png\",\"contentUrl\":\"https:\/\/unkorce.edu.al\/wp-content\/uploads\/2024\/08\/Logo_e_Universitetit__Fan_Noli_-e1726660879862.png\",\"width\":200,\"height\":120,\"caption\":\"Universiteti \\\"Fan S. Noli\\\", Kor\u00e7\u00eb\"},\"image\":{\"@id\":\"https:\/\/unkorce.edu.al\/#\/schema\/logo\/image\/\"},\"sameAs\":[\"https:\/\/www.facebook.com\/unkorce\"]}]}<\/script>\n<!-- \/ Yoast SEO plugin. -->","yoast_head_json":{"title":"Karta e Studentit - Universiteti \"Fan S. Noli\", Kor\u00e7\u00eb","robots":{"index":"index","follow":"follow","max-snippet":"max-snippet:-1","max-image-preview":"max-image-preview:large","max-video-preview":"max-video-preview:-1"},"canonical":"https:\/\/unkorce.edu.al\/en\/karta-e-studentit\/","og_locale":"en_US","og_type":"article","og_title":"Karta e Studentit - Universiteti \"Fan S. Noli\", Kor\u00e7\u00eb","og_description":"Karta e studentit \u00ebsht\u00eb nj\u00eb dokument identifikimi q\u00eb u jepet student\u00ebve t\u00eb regjistruar n\u00eb Universitetin &#8220;Fan S. Noli&#8221;, Kor\u00e7\u00eb. Kjo kart\u00eb ofron disa p\u00ebrfitime, si ulje t\u00eb \u00e7mimeve p\u00ebr sh\u00ebrbime dhe produkte, akses n\u00eb aktivitete dhe sh\u00ebrbime t\u00eb ndryshme t\u00eb institucioneve edukative, si dhe mund t\u00eb p\u00ebrdoret si nj\u00eb mjet identifikimi p\u00ebr t\u00eb verifikuar statusin...","og_url":"https:\/\/unkorce.edu.al\/en\/karta-e-studentit\/","og_site_name":"Universiteti \"Fan S. Noli\", Kor\u00e7\u00eb","article_publisher":"https:\/\/www.facebook.com\/unkorce","og_image":[{"width":1700,"height":1692,"url":"https:\/\/unkorce.edu.al\/wp-content\/uploads\/2025\/01\/Perfitimet-e-kartes-se-studentit-1.png","type":"image\/png"}],"twitter_card":"summary_large_image","twitter_misc":{"Est. reading time":"1 minute"},"schema":{"@context":"https:\/\/schema.org","@graph":[{"@type":"WebPage","@id":"https:\/\/unkorce.edu.al\/karta-e-studentit\/","url":"https:\/\/unkorce.edu.al\/karta-e-studentit\/","name":"Karta e Studentit - Universiteti \"Fan S. Noli\", Kor\u00e7\u00eb","isPartOf":{"@id":"https:\/\/unkorce.edu.al\/#website"},"primaryImageOfPage":{"@id":"https:\/\/unkorce.edu.al\/karta-e-studentit\/#primaryimage"},"image":{"@id":"https:\/\/unkorce.edu.al\/karta-e-studentit\/#primaryimage"},"thumbnailUrl":"https:\/\/unkorce.edu.al\/wp-content\/uploads\/2025\/01\/Perfitimet-e-kartes-se-studentit-1.png","datePublished":"2025-01-20T10:40:49+00:00","breadcrumb":{"@id":"https:\/\/unkorce.edu.al\/karta-e-studentit\/#breadcrumb"},"inLanguage":"en-US","potentialAction":[{"@type":"ReadAction","target":["https:\/\/unkorce.edu.al\/karta-e-studentit\/"]}]},{"@type":"ImageObject","inLanguage":"en-US","@id":"https:\/\/unkorce.edu.al\/karta-e-studentit\/#primaryimage","url":"https:\/\/unkorce.edu.al\/wp-content\/uploads\/2025\/01\/Perfitimet-e-kartes-se-studentit-1.png","contentUrl":"https:\/\/unkorce.edu.al\/wp-content\/uploads\/2025\/01\/Perfitimet-e-kartes-se-studentit-1.png"},{"@type":"BreadcrumbList","@id":"https:\/\/unkorce.edu.al\/karta-e-studentit\/#breadcrumb","itemListElement":[{"@type":"ListItem","position":1,"name":"Home","item":"https:\/\/unkorce.edu.al\/"},{"@type":"ListItem","position":2,"name":"Karta e Studentit"}]},{"@type":"WebSite","@id":"https:\/\/unkorce.edu.al\/#website","url":"https:\/\/unkorce.edu.al\/","name":"Universiteti \"Fan S. Noli\", Kor\u00e7\u00eb","description":"Mir&euml;sevini n&euml; faqen zyrtare!","publisher":{"@id":"https:\/\/unkorce.edu.al\/#organization"},"potentialAction":[{"@type":"SearchAction","target":{"@type":"EntryPoint","urlTemplate":"https:\/\/unkorce.edu.al\/?s={search_term_string}"},"query-input":{"@type":"PropertyValueSpecification","valueRequired":true,"valueName":"search_term_string"}}],"inLanguage":"en-US"},{"@type":"Organization","@id":"https:\/\/unkorce.edu.al\/#organization","name":"Universiteti \"Fan S. Noli\", Kor\u00e7\u00eb","url":"https:\/\/unkorce.edu.al\/","logo":{"@type":"ImageObject","inLanguage":"en-US","@id":"https:\/\/unkorce.edu.al\/#\/schema\/logo\/image\/","url":"https:\/\/unkorce.edu.al\/wp-content\/uploads\/2024\/08\/Logo_e_Universitetit__Fan_Noli_-e1726660879862.png","contentUrl":"https:\/\/unkorce.edu.al\/wp-content\/uploads\/2024\/08\/Logo_e_Universitetit__Fan_Noli_-e1726660879862.png","width":200,"height":120,"caption":"Universiteti \"Fan S. Noli\", Kor\u00e7\u00eb"},"image":{"@id":"https:\/\/unkorce.edu.al\/#\/schema\/logo\/image\/"},"sameAs":["https:\/\/www.facebook.com\/unkorce"]}]}},"_links":{"self":[{"href":"https:\/\/unkorce.edu.al\/en\/wp-json\/wp\/v2\/pages\/31197","targetHints":{"allow":["GET"]}}],"collection":[{"href":"https:\/\/unkorce.edu.al\/en\/wp-json\/wp\/v2\/pages"}],"about":[{"href":"https:\/\/unkorce.edu.al\/en\/wp-json\/wp\/v2\/types\/page"}],"author":[{"embeddable":true,"href":"https:\/\/unkorce.edu.al\/en\/wp-json\/wp\/v2\/users\/122"}],"replies":[{"embeddable":true,"href":"https:\/\/unkorce.edu.al\/en\/wp-json\/wp\/v2\/comments?post=31197"}],"version-history":[{"count":1,"href":"https:\/\/unkorce.edu.al\/en\/wp-json\/wp\/v2\/pages\/31197\/revisions"}],"predecessor-version":[{"id":31199,"href":"https:\/\/unkorce.edu.al\/en\/wp-json\/wp\/v2\/pages\/31197\/revisions\/31199"}],"wp:attachment":[{"href":"https:\/\/unkorce.edu.al\/en\/wp-json\/wp\/v2\/media?parent=31197"}],"curies":[{"name":"wp","href":"https:\/\/api.w.org\/{rel}","templated":true}]}}