{"id":30738,"date":"2024-12-18T14:19:09","date_gmt":"2024-12-18T14:19:09","guid":{"rendered":"https:\/\/unkorce.edu.al\/?page_id=30738"},"modified":"2025-01-30T12:17:28","modified_gmt":"2025-01-30T12:17:28","slug":"departamenti-i-menaxhimit","status":"publish","type":"page","link":"https:\/\/unkorce.edu.al\/en\/departamenti-i-menaxhimit\/","title":{"rendered":"DEPARTAMENTI I MENAXHIMIT"},"content":{"rendered":"<section class=\"l-section wpb_row height_medium\"><div class=\"l-section-h i-cf\"><div class=\"g-cols vc_row via_grid cols_1 laptops-cols_inherit tablets-cols_inherit mobiles-cols_1 valign_top type_default stacking_default\"><div class=\"wpb_column vc_column_container\"><div class=\"vc_column-inner\"><div class=\"w-vwrapper align_none valign_top\"><h1 class=\"w-text us_custom_30fd7efd\"><span class=\"w-text-h\"><span class=\"w-text-value\">DEPARTAMENTI I MENAXHIMIT<\/span><\/span><\/h1><\/div><div class=\"wpb_text_column\"><div class=\"wpb_wrapper\"><p>Departamenti i Menaxhimit \u00ebsht\u00eb krijuar me Vendim t\u00eb K\u00ebshillit t\u00eb Ministrave nr. 230, 29\/05\/1992.<br \/>\nMISIONI<br \/>\nDepartamenti i Manaxhimit synon p\u00ebrgatitjen e specialist\u00ebve profesionist\u00eb n\u00eb programet e studimit q\u00eb mbulon, p\u00ebrmes krijimit, transmetimit dhe zhvillimit t\u00eb dijeve, me an\u00eb t\u00eb m\u00ebsimdh\u00ebnies n\u00eb p\u00ebrputhje me standardet nd\u00ebrkomb\u00ebtar t\u00eb edukimit, si dhe k\u00ebrkimit shkencor.<\/p>\n<p>VIZIONI<br \/>\nN\u00eb p\u00ebrputhje me vizionin e Fakultetit t\u00eb Ekonomis\u00eb, departamenti i Manaxhimit garanton ofrim cil\u00ebsor t\u00eb njohurive n\u00eb programet e veta t\u00eb studimit, p\u00ebr t\u2019i b\u00ebr\u00eb ato zgjedhjet primare jo vet\u00ebm p\u00ebr student\u00ebt e rajonit, por dhe m\u00eb gjer\u00eb.<\/p>\n<p>Stafi akademik i departamentit t\u00eb Menaxhimit mbulon an\u00ebn akademike dhe zbatimin e planeve m\u00ebsimore n\u00eb programet e studimit:<br \/>\n&#8211; Program dy vje\u00e7are, me karakter profesional pas arsimit t\u00eb mes\u00ebm, \u201cAsistent Menaxher\u201d hapur me VKM nr. 370, dat\u00eb 05\/07\/2018.<br \/>\n&#8211; Programi i studimit \u201cBachelor| n\u00eb &#8220;Menaxhim&#8221;, hapur me VKM nr. 230, dat\u00eb 29\/05\/1992, Pika 2 (c).<br \/>\n&#8211; Programi i studimit \u201cBachelor\u201d n\u00eb &#8220;Informatik\u00eb biznesi&#8221; hapur me VKM nr. 402, dat\u00eb 12\/07\/2018.<br \/>\n&#8211; Programi i studimit \u201cMaster Profesional\u201d n\u00eb \u201cAdministrim biznesi\u201d, hapur me VKM nr. 565, dat\u00eb 23\/11\/2011 dhe riorganizuar me Vendim t\u00eb Senatit Akademik nr. 575 dat\u00eb 01\/10\/2018.<\/p>\n<p>Programet e studimit ofrohet n\u00eb p\u00ebrshtatje me profilin dhe ekspertiz\u00ebn e nj\u00ebsis\u00eb kryesore (Fakulteti i Ekonomis\u00eb), pjes\u00eb e t\u00eb cilit \u00ebsht\u00eb ky departament. K\u00ebto programe integrojn\u00eb parimet e Deklarat\u00ebs s\u00eb Bolonj\u00ebs, si dhe eksperiencat m\u00eb t\u00eb mira komb\u00ebtare dhe nd\u00ebrkomb\u00ebtare si rezultat i angazhimit akademik dhe k\u00ebrkimor t\u00eb stafit t\u00eb departamentit. Aktualisht departamenti i Menaxhimit ka 10 pedagog\u00eb efektiv\u00eb nga t\u00eb cil\u00ebt: 4 profesor\u00eb t\u00eb asociuar, 4 doktor shkencash, 1 student doktorature dhe 1 Msc. Kualifikimi dhe p\u00ebrgatitja e stafit \u00ebsht\u00eb n\u00eb p\u00ebrputhje t\u00eb plot\u00eb me fush\u00ebn akademike e k\u00ebrkimore t\u00eb nj\u00ebsis\u00eb baz\u00eb. Stafi akademik ka mesatarisht mbi 16 vjet p\u00ebrvoj\u00eb pedagogjike dhe mosh\u00eb mesatare 45 vje\u00e7. Departamenti, gjithashtu angazhon pedagog\u00eb me koh\u00eb t\u00eb pjesshme me eksperienc\u00eb pune, si edhe me kualifikimin e nevojsh\u00ebm. Stafi akademik i departamentit \u00ebsht\u00eb i angazhuar n\u00eb nj\u00eb pun\u00eb t\u00eb gjer\u00eb studimore-shkencore e botuese n\u00eb funksion t\u00eb procesit m\u00ebsimor. N\u00eb t\u00eb nj\u00ebjt\u00ebn koh\u00eb, departamenti ka pasur n\u00eb vijim\u00ebsi bashk\u00ebpunime me institucione homologe vendase dhe t\u00eb huaja.<\/p>\n<\/div><\/div><div class=\"w-separator size_medium\"><\/div><h2 class=\"w-text us_custom_c96a8a09\"><span class=\"w-text-h\"><span class=\"w-text-value\">PROGRAMET E STUDIMIT<\/span><\/span><\/h2><div class=\"w-hwrapper us_custom_0f8f44b7 valign_top stack_on_mobiles align_justify\"><a class=\"w-flipbox animation_cardflip direction_w\" href=\"https:\/\/unkorce.edu.al\/en\/archive\/unkorce_programet\/programet.php\/?fakulteti=fe&amp;tipi=ba&amp;programi=infbiz\"><div class=\"w-flipbox-h easing_ease\" style=\"transition-duration:0.5s;\"><div class=\"w-flipbox-hh\"><div class=\"w-flipbox-front\"><div class=\"w-flipbox-front-h\"><h4 class=\"w-flipbox-front-title\">&#8220;Bachelor&#8221; n\u00eb &#8220;Informatik\u00eb Biznesi&#8221;<\/h4><\/div><\/div><div class=\"w-flipbox-back\" style=\"display:none;\"><div class=\"w-flipbox-back-h\"><h4 class=\"w-flipbox-back-title\">&#8220;Bachelor&#8221; n\u00eb &#8220;Informatik\u00eb Biznesi&#8221;<\/h4><\/div><\/div><\/div><\/div><\/a><a class=\"w-flipbox animation_cardflip direction_w\" href=\"https:\/\/unkorce.edu.al\/en\/archive\/unkorce_programet\/programet.php\/?fakulteti=fe&amp;tipi=ba&amp;programi=men\"><div class=\"w-flipbox-h easing_ease\" style=\"transition-duration:0.5s;\"><div class=\"w-flipbox-hh\"><div class=\"w-flipbox-front\"><div class=\"w-flipbox-front-h\"><h4 class=\"w-flipbox-front-title\">&#8220;Bachelor&#8221; n\u00eb &#8220;Menaxhim&#8221;<\/h4><\/div><\/div><div class=\"w-flipbox-back\" style=\"display:none;\"><div class=\"w-flipbox-back-h\"><h4 class=\"w-flipbox-back-title\">&#8220;Bachelor&#8221; n\u00eb &#8220;Menaxhim&#8221;<\/h4><\/div><\/div><\/div><\/div><\/a><\/div><div class=\"w-hwrapper us_custom_c64ec8b0 valign_top stack_on_mobiles align_justify\"><a class=\"w-flipbox animation_cardflip direction_w\" href=\"https:\/\/unkorce.edu.al\/en\/archive\/unkorce_programet\/programet.php\/?fakulteti=fe&amp;tipi=mp&amp;programi=admbiz\"><div class=\"w-flipbox-h easing_ease\" style=\"transition-duration:0.5s;\"><div class=\"w-flipbox-hh\"><div class=\"w-flipbox-front\"><div class=\"w-flipbox-front-h\"><h4 class=\"w-flipbox-front-title\">&#8220;Master profesional&#8221; n\u00eb &#8220;Administrim Biznesi&#8221;<\/h4><\/div><\/div><div class=\"w-flipbox-back\" style=\"display:none;\"><div class=\"w-flipbox-back-h\"><h4 class=\"w-flipbox-back-title\">&#8220;Master profesional&#8221; n\u00eb &#8220;Administrim Biznesi&#8221;<\/h4><\/div><\/div><\/div><\/div><\/a><a class=\"w-flipbox animation_cardflip direction_w\" href=\"https:\/\/unkorce.edu.al\/en\/archive\/unkorce_programet\/programet.php\/?fakulteti=fe&amp;tipi=pp&amp;programi=asimen\"><div class=\"w-flipbox-h easing_ease\" style=\"transition-duration:0.5s;\"><div class=\"w-flipbox-hh\"><div class=\"w-flipbox-front\"><div class=\"w-flipbox-front-h\"><h4 class=\"w-flipbox-front-title\">Program profesional 2- vje\u00e7ar &#8220;Asistent Menaxher&#8221;<\/h4><\/div><\/div><div class=\"w-flipbox-back\" style=\"display:none;\"><div class=\"w-flipbox-back-h\"><h4 class=\"w-flipbox-back-title\">Program profesional 2- vje\u00e7ar &#8220;Asistent Menaxher&#8221;<\/h4><\/div><\/div><\/div><\/div><\/a><\/div><div class=\"w-separator size_medium\"><\/div><h2 class=\"w-text us_custom_c96a8a09\"><span class=\"w-text-h\"><span class=\"w-text-value\">STAFI<\/span><\/span><\/h2><div class=\"wpb_text_column us_custom_67df8fa0 has_text_color\"><div class=\"wpb_wrapper\"><p>Departamenti i Menaxhimit<\/p>\n<p>1. Docent. Dr. Marinela Teneqexhi &#8211; P\u00ebrgjegj\u00ebs departamenti<br \/>\n2. Prof.as.dr. Aida Gabeta<br \/>\n3. Prof.as.dr. Mirela \u00c7u\u00e7llari<br \/>\n4. Prof.as.dr. Sonela Stillo<br \/>\n5. Prof.as.dr. Suela G\u00ebrdhe<br \/>\n6. Dr. Emil Frash\u00ebri &#8211; Zv.dekan<br \/>\n7. Dr. Eva Dhimitri<br \/>\n8. Dr. Gentisa Furxhi<br \/>\n9. Msc. Iva T\u00ebrova<\/p>\n<\/div><\/div><\/div><\/div><\/div><\/div><\/section>","protected":false},"excerpt":{"rendered":"","protected":false},"author":22,"featured_media":0,"parent":0,"menu_order":0,"comment_status":"closed","ping_status":"closed","template":"","meta":{"_acf_changed":false,"footnotes":""},"class_list":["post-30738","page","type-page","status-publish","hentry"],"acf":[],"yoast_head":"<!-- This site is optimized with the Yoast SEO plugin v26.9 - https:\/\/yoast.com\/product\/yoast-seo-wordpress\/ -->\n<title>DEPARTAMENTI I MENAXHIMIT - Universiteti &quot;Fan S. Noli&quot;, Kor\u00e7\u00eb<\/title>\n<meta name=\"robots\" content=\"index, follow, max-snippet:-1, max-image-preview:large, max-video-preview:-1\" \/>\n<link rel=\"canonical\" href=\"https:\/\/unkorce.edu.al\/en\/departamenti-i-menaxhimit\/\" \/>\n<meta property=\"og:locale\" content=\"en_US\" \/>\n<meta property=\"og:type\" content=\"article\" \/>\n<meta property=\"og:title\" content=\"DEPARTAMENTI I MENAXHIMIT - Universiteti &quot;Fan S. Noli&quot;, Kor\u00e7\u00eb\" \/>\n<meta property=\"og:url\" content=\"https:\/\/unkorce.edu.al\/en\/departamenti-i-menaxhimit\/\" \/>\n<meta property=\"og:site_name\" content=\"Universiteti &quot;Fan S. Noli&quot;, Kor\u00e7\u00eb\" \/>\n<meta property=\"article:publisher\" content=\"https:\/\/www.facebook.com\/unkorce\" \/>\n<meta property=\"article:modified_time\" content=\"2025-01-30T12:17:28+00:00\" \/>\n<meta name=\"twitter:card\" content=\"summary_large_image\" \/>\n<meta name=\"twitter:label1\" content=\"Est. reading time\" \/>\n\t<meta name=\"twitter:data1\" content=\"3 minutes\" \/>\n<script type=\"application\/ld+json\" class=\"yoast-schema-graph\">{\"@context\":\"https:\/\/schema.org\",\"@graph\":[{\"@type\":\"WebPage\",\"@id\":\"https:\/\/unkorce.edu.al\/departamenti-i-menaxhimit\/\",\"url\":\"https:\/\/unkorce.edu.al\/departamenti-i-menaxhimit\/\",\"name\":\"DEPARTAMENTI I MENAXHIMIT - Universiteti \\\"Fan S. Noli\\\", Kor\u00e7\u00eb\",\"isPartOf\":{\"@id\":\"https:\/\/unkorce.edu.al\/#website\"},\"datePublished\":\"2024-12-18T14:19:09+00:00\",\"dateModified\":\"2025-01-30T12:17:28+00:00\",\"breadcrumb\":{\"@id\":\"https:\/\/unkorce.edu.al\/departamenti-i-menaxhimit\/#breadcrumb\"},\"inLanguage\":\"en-US\",\"potentialAction\":[{\"@type\":\"ReadAction\",\"target\":[\"https:\/\/unkorce.edu.al\/departamenti-i-menaxhimit\/\"]}]},{\"@type\":\"BreadcrumbList\",\"@id\":\"https:\/\/unkorce.edu.al\/departamenti-i-menaxhimit\/#breadcrumb\",\"itemListElement\":[{\"@type\":\"ListItem\",\"position\":1,\"name\":\"Home\",\"item\":\"https:\/\/unkorce.edu.al\/\"},{\"@type\":\"ListItem\",\"position\":2,\"name\":\"DEPARTAMENTI I MENAXHIMIT\"}]},{\"@type\":\"WebSite\",\"@id\":\"https:\/\/unkorce.edu.al\/#website\",\"url\":\"https:\/\/unkorce.edu.al\/\",\"name\":\"Universiteti \\\"Fan S. Noli\\\", Kor\u00e7\u00eb\",\"description\":\"Mir&euml;sevini n&euml; faqen zyrtare!\",\"publisher\":{\"@id\":\"https:\/\/unkorce.edu.al\/#organization\"},\"potentialAction\":[{\"@type\":\"SearchAction\",\"target\":{\"@type\":\"EntryPoint\",\"urlTemplate\":\"https:\/\/unkorce.edu.al\/?s={search_term_string}\"},\"query-input\":{\"@type\":\"PropertyValueSpecification\",\"valueRequired\":true,\"valueName\":\"search_term_string\"}}],\"inLanguage\":\"en-US\"},{\"@type\":\"Organization\",\"@id\":\"https:\/\/unkorce.edu.al\/#organization\",\"name\":\"Universiteti \\\"Fan S. Noli\\\", Kor\u00e7\u00eb\",\"url\":\"https:\/\/unkorce.edu.al\/\",\"logo\":{\"@type\":\"ImageObject\",\"inLanguage\":\"en-US\",\"@id\":\"https:\/\/unkorce.edu.al\/#\/schema\/logo\/image\/\",\"url\":\"https:\/\/unkorce.edu.al\/wp-content\/uploads\/2024\/08\/Logo_e_Universitetit__Fan_Noli_-e1726660879862.png\",\"contentUrl\":\"https:\/\/unkorce.edu.al\/wp-content\/uploads\/2024\/08\/Logo_e_Universitetit__Fan_Noli_-e1726660879862.png\",\"width\":200,\"height\":120,\"caption\":\"Universiteti \\\"Fan S. Noli\\\", Kor\u00e7\u00eb\"},\"image\":{\"@id\":\"https:\/\/unkorce.edu.al\/#\/schema\/logo\/image\/\"},\"sameAs\":[\"https:\/\/www.facebook.com\/unkorce\"]}]}<\/script>\n<!-- \/ Yoast SEO plugin. -->","yoast_head_json":{"title":"DEPARTAMENTI I MENAXHIMIT - Universiteti \"Fan S. Noli\", Kor\u00e7\u00eb","robots":{"index":"index","follow":"follow","max-snippet":"max-snippet:-1","max-image-preview":"max-image-preview:large","max-video-preview":"max-video-preview:-1"},"canonical":"https:\/\/unkorce.edu.al\/en\/departamenti-i-menaxhimit\/","og_locale":"en_US","og_type":"article","og_title":"DEPARTAMENTI I MENAXHIMIT - Universiteti \"Fan S. Noli\", Kor\u00e7\u00eb","og_url":"https:\/\/unkorce.edu.al\/en\/departamenti-i-menaxhimit\/","og_site_name":"Universiteti \"Fan S. Noli\", Kor\u00e7\u00eb","article_publisher":"https:\/\/www.facebook.com\/unkorce","article_modified_time":"2025-01-30T12:17:28+00:00","twitter_card":"summary_large_image","twitter_misc":{"Est. reading time":"3 minutes"},"schema":{"@context":"https:\/\/schema.org","@graph":[{"@type":"WebPage","@id":"https:\/\/unkorce.edu.al\/departamenti-i-menaxhimit\/","url":"https:\/\/unkorce.edu.al\/departamenti-i-menaxhimit\/","name":"DEPARTAMENTI I MENAXHIMIT - Universiteti \"Fan S. Noli\", Kor\u00e7\u00eb","isPartOf":{"@id":"https:\/\/unkorce.edu.al\/#website"},"datePublished":"2024-12-18T14:19:09+00:00","dateModified":"2025-01-30T12:17:28+00:00","breadcrumb":{"@id":"https:\/\/unkorce.edu.al\/departamenti-i-menaxhimit\/#breadcrumb"},"inLanguage":"en-US","potentialAction":[{"@type":"ReadAction","target":["https:\/\/unkorce.edu.al\/departamenti-i-menaxhimit\/"]}]},{"@type":"BreadcrumbList","@id":"https:\/\/unkorce.edu.al\/departamenti-i-menaxhimit\/#breadcrumb","itemListElement":[{"@type":"ListItem","position":1,"name":"Home","item":"https:\/\/unkorce.edu.al\/"},{"@type":"ListItem","position":2,"name":"DEPARTAMENTI I MENAXHIMIT"}]},{"@type":"WebSite","@id":"https:\/\/unkorce.edu.al\/#website","url":"https:\/\/unkorce.edu.al\/","name":"Universiteti \"Fan S. Noli\", Kor\u00e7\u00eb","description":"Mir&euml;sevini n&euml; faqen zyrtare!","publisher":{"@id":"https:\/\/unkorce.edu.al\/#organization"},"potentialAction":[{"@type":"SearchAction","target":{"@type":"EntryPoint","urlTemplate":"https:\/\/unkorce.edu.al\/?s={search_term_string}"},"query-input":{"@type":"PropertyValueSpecification","valueRequired":true,"valueName":"search_term_string"}}],"inLanguage":"en-US"},{"@type":"Organization","@id":"https:\/\/unkorce.edu.al\/#organization","name":"Universiteti \"Fan S. Noli\", Kor\u00e7\u00eb","url":"https:\/\/unkorce.edu.al\/","logo":{"@type":"ImageObject","inLanguage":"en-US","@id":"https:\/\/unkorce.edu.al\/#\/schema\/logo\/image\/","url":"https:\/\/unkorce.edu.al\/wp-content\/uploads\/2024\/08\/Logo_e_Universitetit__Fan_Noli_-e1726660879862.png","contentUrl":"https:\/\/unkorce.edu.al\/wp-content\/uploads\/2024\/08\/Logo_e_Universitetit__Fan_Noli_-e1726660879862.png","width":200,"height":120,"caption":"Universiteti \"Fan S. Noli\", Kor\u00e7\u00eb"},"image":{"@id":"https:\/\/unkorce.edu.al\/#\/schema\/logo\/image\/"},"sameAs":["https:\/\/www.facebook.com\/unkorce"]}]}},"_links":{"self":[{"href":"https:\/\/unkorce.edu.al\/en\/wp-json\/wp\/v2\/pages\/30738","targetHints":{"allow":["GET"]}}],"collection":[{"href":"https:\/\/unkorce.edu.al\/en\/wp-json\/wp\/v2\/pages"}],"about":[{"href":"https:\/\/unkorce.edu.al\/en\/wp-json\/wp\/v2\/types\/page"}],"author":[{"embeddable":true,"href":"https:\/\/unkorce.edu.al\/en\/wp-json\/wp\/v2\/users\/22"}],"replies":[{"embeddable":true,"href":"https:\/\/unkorce.edu.al\/en\/wp-json\/wp\/v2\/comments?post=30738"}],"version-history":[{"count":10,"href":"https:\/\/unkorce.edu.al\/en\/wp-json\/wp\/v2\/pages\/30738\/revisions"}],"predecessor-version":[{"id":31363,"href":"https:\/\/unkorce.edu.al\/en\/wp-json\/wp\/v2\/pages\/30738\/revisions\/31363"}],"wp:attachment":[{"href":"https:\/\/unkorce.edu.al\/en\/wp-json\/wp\/v2\/media?parent=30738"}],"curies":[{"name":"wp","href":"https:\/\/api.w.org\/{rel}","templated":true}]}}