{"id":30736,"date":"2024-12-18T14:18:45","date_gmt":"2024-12-18T14:18:45","guid":{"rendered":"https:\/\/unkorce.edu.al\/?page_id=30736"},"modified":"2025-01-30T12:18:30","modified_gmt":"2025-01-30T12:18:30","slug":"departamenti-i-finance-kontabilitet","status":"publish","type":"page","link":"https:\/\/unkorce.edu.al\/en\/departamenti-i-finance-kontabilitet\/","title":{"rendered":"DEPARTAMENTI I FINANC\u00cb KONTABILITET"},"content":{"rendered":"<section class=\"l-section wpb_row height_medium\"><div class=\"l-section-h i-cf\"><div class=\"g-cols vc_row via_grid cols_1 laptops-cols_inherit tablets-cols_inherit mobiles-cols_1 valign_top type_default stacking_default\"><div class=\"wpb_column vc_column_container\"><div class=\"vc_column-inner\"><div class=\"w-vwrapper align_none valign_top\"><h1 class=\"w-text us_custom_30fd7efd\"><span class=\"w-text-h\"><span class=\"w-text-value\">DEPARTAMENTI I FINANC\u00cb &#8211; KONTABILITET<\/span><\/span><\/h1><\/div><div class=\"wpb_text_column\"><div class=\"wpb_wrapper\"><p>Departamenti i Financ\u00eb-Kontabilitetit \u00ebsht\u00eb themeluar n\u00eb vitin 2008. Esht\u00eb nj\u00eb prej tre nj\u00ebsive baz\u00eb t\u00eb Fakultetit t\u00eb Ekonomise dhe \u00ebsht\u00eb organizuar n\u00eb p\u00ebrputhje me Statutin e UNIKO. Departamenti i Financ\u00eb-Kontabilitetit \u00ebsht\u00eb rritur n\u00eb m\u00ebnyr\u00eb t\u00eb vazhdueshme, si p\u00ebr nga programet e studimit q\u00eb ofron n\u00eb dy cikle studimi, ashtu dhe p\u00ebr kapacitetin e pranimit t\u00eb student\u00ebve, duke u renditur si departamenti me numrin m\u00eb t\u00eb madh t\u00eb student\u00ebve n\u00eb Fakultetin e Ekonomis\u00eb.<br \/>\nStafi akademik i departamentit Financ\u00eb-Kontabilitet p\u00ebrb\u00ebhet nga 14 pedagog\u00eb t\u00eb fushave financ\u00eb, kontabilitet, bank\u00eb dhe ekonomiks. Stafi i departamentit ka nj\u00eb nivel t\u00eb lart\u00eb kualifikimi. Ai \u00ebsht\u00eb i p\u00ebrb\u00ebr\u00eb nga pes\u00eb profesor\u00eb t\u00eb asociuar, shtat\u00eb doktor\u00eb shkencash, nj\u00eb doktor n\u00eb proces dhe nj\u00eb an\u00ebtar q\u00eb mban titullin \u201cMaster i Shkencave\u201d. Si pjes\u00eb e stafit jan\u00eb angazhuar edhe ish-student\u00eb t\u00eb k\u00ebtij fakulteti, t\u00eb cil\u00ebt jan\u00eb diplomuar me rezultate t\u00eb larta n\u00eb t\u00eb dy ciklet e studimit.<br \/>\nDepartamenti i Financ\u00eb-Kontabilitetit ofron gjithsej pes\u00eb programe studimi: dy programe studimi n\u00eb ciklin e studimeve \u201cBachelor\u201d, dy programe studimi n\u00eb ciklin e dyt\u00eb t\u00eb studimeve \u201cMaster Profesional\u201d dhe nj\u00eb program studimi n\u00eb ciklin e dyt\u00eb t\u00eb studimeve, \u201cMaster i Shkencave\u201d. Departamenti ka realizuar me sukses diplomimin e nj\u00eb numri t\u00eb madh student\u00ebsh n\u00eb t\u00eb dyja ciklet e studimeve q\u00eb ofron.<\/p>\n<\/div><\/div><div class=\"w-separator size_medium\"><\/div><h2 class=\"w-text us_custom_c96a8a09\"><span class=\"w-text-h\"><span class=\"w-text-value\">PROGRAMET E STUDIMIT<\/span><\/span><\/h2><div class=\"w-hwrapper valign_top stack_on_mobiles align_justify\"><a class=\"w-flipbox animation_cardflip direction_w\" href=\"https:\/\/unkorce.edu.al\/en\/archive\/unkorce_programet\/programet.php\/?fakulteti=fe&amp;tipi=ba&amp;programi=eko\"><div class=\"w-flipbox-h easing_ease\" style=\"transition-duration:0.5s;\"><div class=\"w-flipbox-hh\"><div class=\"w-flipbox-front\"><div class=\"w-flipbox-front-h\"><h4 class=\"w-flipbox-front-title\">&#8220;Bachelor&#8221; n\u00eb &#8220;Ekonomiks&#8221;<\/h4><\/div><\/div><div class=\"w-flipbox-back\" style=\"display:none;\"><div class=\"w-flipbox-back-h\"><h4 class=\"w-flipbox-back-title\">&#8220;Bachelor&#8221; n\u00eb &#8220;Ekonomiks&#8221;<\/h4><\/div><\/div><\/div><\/div><\/a><a class=\"w-flipbox animation_cardflip direction_w\" href=\"https:\/\/unkorce.edu.al\/en\/archive\/unkorce_programet\/programet.php\/?fakulteti=fe&amp;tipi=ba&amp;programi=finkon\"><div class=\"w-flipbox-h easing_ease\" style=\"transition-duration:0.5s;\"><div class=\"w-flipbox-hh\"><div class=\"w-flipbox-front\"><div class=\"w-flipbox-front-h\"><h4 class=\"w-flipbox-front-title\">&#8220;Bachelor&#8221; n\u00eb &#8220;Financ\u00eb &#8211; Kontabilitet&#8221;<\/h4><\/div><\/div><div class=\"w-flipbox-back\" style=\"display:none;\"><div class=\"w-flipbox-back-h\"><h4 class=\"w-flipbox-back-title\">&#8220;Bachelor&#8221; n\u00eb &#8220;Financ\u00eb &#8211; Kontabilitet&#8221;<\/h4><\/div><\/div><\/div><\/div><\/a><\/div><div class=\"w-hwrapper us_custom_0f8f44b7 valign_top stack_on_mobiles align_justify\"><a class=\"w-flipbox animation_cardflip direction_w\" href=\"https:\/\/unkorce.edu.al\/en\/archive\/unkorce_programet\/programet.php\/?fakulteti=fe&amp;tipi=mp&amp;programi=bansig\"><div class=\"w-flipbox-h easing_ease\" style=\"transition-duration:0.5s;\"><div class=\"w-flipbox-hh\"><div class=\"w-flipbox-front\"><div class=\"w-flipbox-front-h\"><h4 class=\"w-flipbox-front-title\">&#8220;Master profesional&#8221; n\u00eb &#8220;Bank\u00eb dhe Sigurime&#8221;<\/h4><\/div><\/div><div class=\"w-flipbox-back\" style=\"display:none;\"><div class=\"w-flipbox-back-h\"><h4 class=\"w-flipbox-back-title\">&#8220;Master profesional&#8221; n\u00eb &#8220;Bank\u00eb dhe Sigurime&#8221;<\/h4><\/div><\/div><\/div><\/div><\/a><a class=\"w-flipbox animation_cardflip direction_w\" href=\"https:\/\/unkorce.edu.al\/en\/archive\/unkorce_programet\/programet.php\/?fakulteti=fe&amp;tipi=mp&amp;programi=finkon\"><div class=\"w-flipbox-h easing_ease\" style=\"transition-duration:0.5s;\"><div class=\"w-flipbox-hh\"><div class=\"w-flipbox-front\"><div class=\"w-flipbox-front-h\"><h4 class=\"w-flipbox-front-title\">&#8220;Master profesional&#8221; n\u00eb &#8220;Financ\u00eb &#8211; Kontabilitet&#8221;<\/h4><\/div><\/div><div class=\"w-flipbox-back\" style=\"display:none;\"><div class=\"w-flipbox-back-h\"><h4 class=\"w-flipbox-back-title\">&#8220;Master profesional&#8221; n\u00eb &#8220;Financ\u00eb &#8211; Kontabilitet&#8221;<\/h4><\/div><\/div><\/div><\/div><\/a><a class=\"w-flipbox animation_cardflip direction_w\" href=\"https:\/\/unkorce.edu.al\/en\/archive\/unkorce_programet\/programet.php\/?fakulteti=fe&amp;tipi=msh&amp;programi=fin\"><div class=\"w-flipbox-h easing_ease\" style=\"transition-duration:0.5s;\"><div class=\"w-flipbox-hh\"><div class=\"w-flipbox-front\"><div class=\"w-flipbox-front-h\"><h4 class=\"w-flipbox-front-title\">&#8220;Master i Shkencave&#8221; n\u00eb &#8220;Financ\u00eb&#8221;<\/h4><\/div><\/div><div class=\"w-flipbox-back\" style=\"display:none;\"><div class=\"w-flipbox-back-h\"><h4 class=\"w-flipbox-back-title\">&#8220;Master i Shkencave&#8221; n\u00eb &#8220;Financ\u00eb&#8221;<\/h4><\/div><\/div><\/div><\/div><\/a><\/div><div class=\"w-separator size_medium\"><\/div><h2 class=\"w-text us_custom_c96a8a09\"><span class=\"w-text-h\"><span class=\"w-text-value\">STAFI<\/span><\/span><\/h2><div class=\"wpb_text_column us_custom_67df8fa0 has_text_color\"><div class=\"wpb_wrapper\"><p>Departamenti i Financ\u00ebs dhe Kontabilitetit<\/p>\n<p>1. Prof.as.dr. Eleni Vangjeli &#8211; P\u00ebrgjegj\u00ebs departamenti<br \/>\n2. Prof.as.dr. Alketa Zheku<br \/>\n3. Prof.as.dr. Anila Man\u00e7ka<br \/>\n4. Prof.as.dr. Frederik \u00c7u\u00e7llari<br \/>\n5. Prof.as.dr. Majlinda Bello<br \/>\n6. Dr. Aida Mosko &#8211; Zv.rektor<br \/>\n7. Dr. Genci Gjan\u00e7i<br \/>\n8. Dr. Jorida Ko\u00e7ibelli<br \/>\n9. Dr. Klaudia Lipi<br \/>\n10. Dr. Klaudeta Merollari<br \/>\n11. Dr. Kostandin Nasto<br \/>\n12. Dr. Marsida Harremi<br \/>\n13. Msc. Junada Sulillari<\/p>\n<\/div><\/div><\/div><\/div><\/div><\/div><\/section>","protected":false},"excerpt":{"rendered":"","protected":false},"author":24,"featured_media":0,"parent":0,"menu_order":0,"comment_status":"closed","ping_status":"closed","template":"","meta":{"_acf_changed":false,"footnotes":""},"class_list":["post-30736","page","type-page","status-publish","hentry"],"acf":[],"yoast_head":"<!-- This site is optimized with the Yoast SEO plugin v26.9 - https:\/\/yoast.com\/product\/yoast-seo-wordpress\/ -->\n<title>DEPARTAMENTI I FINANC\u00cb KONTABILITET - Universiteti &quot;Fan S. Noli&quot;, Kor\u00e7\u00eb<\/title>\n<meta name=\"robots\" content=\"index, follow, max-snippet:-1, max-image-preview:large, max-video-preview:-1\" \/>\n<link rel=\"canonical\" href=\"https:\/\/unkorce.edu.al\/en\/departamenti-i-finance-kontabilitet\/\" \/>\n<meta property=\"og:locale\" content=\"en_US\" \/>\n<meta property=\"og:type\" content=\"article\" \/>\n<meta property=\"og:title\" content=\"DEPARTAMENTI I FINANC\u00cb KONTABILITET - Universiteti &quot;Fan S. Noli&quot;, Kor\u00e7\u00eb\" \/>\n<meta property=\"og:url\" content=\"https:\/\/unkorce.edu.al\/en\/departamenti-i-finance-kontabilitet\/\" \/>\n<meta property=\"og:site_name\" content=\"Universiteti &quot;Fan S. Noli&quot;, Kor\u00e7\u00eb\" \/>\n<meta property=\"article:publisher\" content=\"https:\/\/www.facebook.com\/unkorce\" \/>\n<meta property=\"article:modified_time\" content=\"2025-01-30T12:18:30+00:00\" \/>\n<meta name=\"twitter:card\" content=\"summary_large_image\" \/>\n<meta name=\"twitter:label1\" content=\"Est. reading time\" \/>\n\t<meta name=\"twitter:data1\" content=\"2 minutes\" \/>\n<script type=\"application\/ld+json\" class=\"yoast-schema-graph\">{\"@context\":\"https:\/\/schema.org\",\"@graph\":[{\"@type\":\"WebPage\",\"@id\":\"https:\/\/unkorce.edu.al\/departamenti-i-finance-kontabilitet\/\",\"url\":\"https:\/\/unkorce.edu.al\/departamenti-i-finance-kontabilitet\/\",\"name\":\"DEPARTAMENTI I FINANC\u00cb KONTABILITET - Universiteti \\\"Fan S. Noli\\\", Kor\u00e7\u00eb\",\"isPartOf\":{\"@id\":\"https:\/\/unkorce.edu.al\/#website\"},\"datePublished\":\"2024-12-18T14:18:45+00:00\",\"dateModified\":\"2025-01-30T12:18:30+00:00\",\"breadcrumb\":{\"@id\":\"https:\/\/unkorce.edu.al\/departamenti-i-finance-kontabilitet\/#breadcrumb\"},\"inLanguage\":\"en-US\",\"potentialAction\":[{\"@type\":\"ReadAction\",\"target\":[\"https:\/\/unkorce.edu.al\/departamenti-i-finance-kontabilitet\/\"]}]},{\"@type\":\"BreadcrumbList\",\"@id\":\"https:\/\/unkorce.edu.al\/departamenti-i-finance-kontabilitet\/#breadcrumb\",\"itemListElement\":[{\"@type\":\"ListItem\",\"position\":1,\"name\":\"Home\",\"item\":\"https:\/\/unkorce.edu.al\/\"},{\"@type\":\"ListItem\",\"position\":2,\"name\":\"DEPARTAMENTI I FINANC\u00cb KONTABILITET\"}]},{\"@type\":\"WebSite\",\"@id\":\"https:\/\/unkorce.edu.al\/#website\",\"url\":\"https:\/\/unkorce.edu.al\/\",\"name\":\"Universiteti \\\"Fan S. Noli\\\", Kor\u00e7\u00eb\",\"description\":\"Mir&euml;sevini n&euml; faqen zyrtare!\",\"publisher\":{\"@id\":\"https:\/\/unkorce.edu.al\/#organization\"},\"potentialAction\":[{\"@type\":\"SearchAction\",\"target\":{\"@type\":\"EntryPoint\",\"urlTemplate\":\"https:\/\/unkorce.edu.al\/?s={search_term_string}\"},\"query-input\":{\"@type\":\"PropertyValueSpecification\",\"valueRequired\":true,\"valueName\":\"search_term_string\"}}],\"inLanguage\":\"en-US\"},{\"@type\":\"Organization\",\"@id\":\"https:\/\/unkorce.edu.al\/#organization\",\"name\":\"Universiteti \\\"Fan S. Noli\\\", Kor\u00e7\u00eb\",\"url\":\"https:\/\/unkorce.edu.al\/\",\"logo\":{\"@type\":\"ImageObject\",\"inLanguage\":\"en-US\",\"@id\":\"https:\/\/unkorce.edu.al\/#\/schema\/logo\/image\/\",\"url\":\"https:\/\/unkorce.edu.al\/wp-content\/uploads\/2024\/08\/Logo_e_Universitetit__Fan_Noli_-e1726660879862.png\",\"contentUrl\":\"https:\/\/unkorce.edu.al\/wp-content\/uploads\/2024\/08\/Logo_e_Universitetit__Fan_Noli_-e1726660879862.png\",\"width\":200,\"height\":120,\"caption\":\"Universiteti \\\"Fan S. Noli\\\", Kor\u00e7\u00eb\"},\"image\":{\"@id\":\"https:\/\/unkorce.edu.al\/#\/schema\/logo\/image\/\"},\"sameAs\":[\"https:\/\/www.facebook.com\/unkorce\"]}]}<\/script>\n<!-- \/ Yoast SEO plugin. -->","yoast_head_json":{"title":"DEPARTAMENTI I FINANC\u00cb KONTABILITET - Universiteti \"Fan S. Noli\", Kor\u00e7\u00eb","robots":{"index":"index","follow":"follow","max-snippet":"max-snippet:-1","max-image-preview":"max-image-preview:large","max-video-preview":"max-video-preview:-1"},"canonical":"https:\/\/unkorce.edu.al\/en\/departamenti-i-finance-kontabilitet\/","og_locale":"en_US","og_type":"article","og_title":"DEPARTAMENTI I FINANC\u00cb KONTABILITET - Universiteti \"Fan S. Noli\", Kor\u00e7\u00eb","og_url":"https:\/\/unkorce.edu.al\/en\/departamenti-i-finance-kontabilitet\/","og_site_name":"Universiteti \"Fan S. Noli\", Kor\u00e7\u00eb","article_publisher":"https:\/\/www.facebook.com\/unkorce","article_modified_time":"2025-01-30T12:18:30+00:00","twitter_card":"summary_large_image","twitter_misc":{"Est. reading time":"2 minutes"},"schema":{"@context":"https:\/\/schema.org","@graph":[{"@type":"WebPage","@id":"https:\/\/unkorce.edu.al\/departamenti-i-finance-kontabilitet\/","url":"https:\/\/unkorce.edu.al\/departamenti-i-finance-kontabilitet\/","name":"DEPARTAMENTI I FINANC\u00cb KONTABILITET - Universiteti \"Fan S. Noli\", Kor\u00e7\u00eb","isPartOf":{"@id":"https:\/\/unkorce.edu.al\/#website"},"datePublished":"2024-12-18T14:18:45+00:00","dateModified":"2025-01-30T12:18:30+00:00","breadcrumb":{"@id":"https:\/\/unkorce.edu.al\/departamenti-i-finance-kontabilitet\/#breadcrumb"},"inLanguage":"en-US","potentialAction":[{"@type":"ReadAction","target":["https:\/\/unkorce.edu.al\/departamenti-i-finance-kontabilitet\/"]}]},{"@type":"BreadcrumbList","@id":"https:\/\/unkorce.edu.al\/departamenti-i-finance-kontabilitet\/#breadcrumb","itemListElement":[{"@type":"ListItem","position":1,"name":"Home","item":"https:\/\/unkorce.edu.al\/"},{"@type":"ListItem","position":2,"name":"DEPARTAMENTI I FINANC\u00cb KONTABILITET"}]},{"@type":"WebSite","@id":"https:\/\/unkorce.edu.al\/#website","url":"https:\/\/unkorce.edu.al\/","name":"Universiteti \"Fan S. Noli\", Kor\u00e7\u00eb","description":"Mir&euml;sevini n&euml; faqen zyrtare!","publisher":{"@id":"https:\/\/unkorce.edu.al\/#organization"},"potentialAction":[{"@type":"SearchAction","target":{"@type":"EntryPoint","urlTemplate":"https:\/\/unkorce.edu.al\/?s={search_term_string}"},"query-input":{"@type":"PropertyValueSpecification","valueRequired":true,"valueName":"search_term_string"}}],"inLanguage":"en-US"},{"@type":"Organization","@id":"https:\/\/unkorce.edu.al\/#organization","name":"Universiteti \"Fan S. Noli\", Kor\u00e7\u00eb","url":"https:\/\/unkorce.edu.al\/","logo":{"@type":"ImageObject","inLanguage":"en-US","@id":"https:\/\/unkorce.edu.al\/#\/schema\/logo\/image\/","url":"https:\/\/unkorce.edu.al\/wp-content\/uploads\/2024\/08\/Logo_e_Universitetit__Fan_Noli_-e1726660879862.png","contentUrl":"https:\/\/unkorce.edu.al\/wp-content\/uploads\/2024\/08\/Logo_e_Universitetit__Fan_Noli_-e1726660879862.png","width":200,"height":120,"caption":"Universiteti \"Fan S. Noli\", Kor\u00e7\u00eb"},"image":{"@id":"https:\/\/unkorce.edu.al\/#\/schema\/logo\/image\/"},"sameAs":["https:\/\/www.facebook.com\/unkorce"]}]}},"_links":{"self":[{"href":"https:\/\/unkorce.edu.al\/en\/wp-json\/wp\/v2\/pages\/30736","targetHints":{"allow":["GET"]}}],"collection":[{"href":"https:\/\/unkorce.edu.al\/en\/wp-json\/wp\/v2\/pages"}],"about":[{"href":"https:\/\/unkorce.edu.al\/en\/wp-json\/wp\/v2\/types\/page"}],"author":[{"embeddable":true,"href":"https:\/\/unkorce.edu.al\/en\/wp-json\/wp\/v2\/users\/24"}],"replies":[{"embeddable":true,"href":"https:\/\/unkorce.edu.al\/en\/wp-json\/wp\/v2\/comments?post=30736"}],"version-history":[{"count":11,"href":"https:\/\/unkorce.edu.al\/en\/wp-json\/wp\/v2\/pages\/30736\/revisions"}],"predecessor-version":[{"id":31365,"href":"https:\/\/unkorce.edu.al\/en\/wp-json\/wp\/v2\/pages\/30736\/revisions\/31365"}],"wp:attachment":[{"href":"https:\/\/unkorce.edu.al\/en\/wp-json\/wp\/v2\/media?parent=30736"}],"curies":[{"name":"wp","href":"https:\/\/api.w.org\/{rel}","templated":true}]}}