{"id":30691,"date":"2024-12-18T13:45:01","date_gmt":"2024-12-18T13:45:01","guid":{"rendered":"https:\/\/unkorce.edu.al\/?page_id=30691"},"modified":"2025-11-11T11:04:09","modified_gmt":"2025-11-11T11:04:09","slug":"departamenti-i-agrobiznesit","status":"publish","type":"page","link":"https:\/\/unkorce.edu.al\/en\/departamenti-i-agrobiznesit\/","title":{"rendered":"DEPARTMENT OF AGRIBUSINESS"},"content":{"rendered":"<section class=\"l-section wpb_row height_medium\"><div class=\"l-section-h i-cf\"><div class=\"g-cols vc_row via_grid cols_1 laptops-cols_inherit tablets-cols_inherit mobiles-cols_1 valign_top type_default stacking_default\"><div class=\"wpb_column vc_column_container\"><div class=\"vc_column-inner\"><div class=\"w-vwrapper align_none valign_top\"><h1 class=\"w-text us_custom_30fd7efd\"><span class=\"w-text-h\"><span class=\"w-text-value\">DEPARTMENT OF AGRIBUSINESS<\/span><\/span><\/h1><\/div><div class=\"wpb_text_column\"><div class=\"wpb_wrapper\"><p>Misioni i Departamentit Agrobiznes \u00ebsht\u00eb pjes\u00eb e misionit t\u00eb FB-s\u00eb dhe ndahet n\u00eb tre komponent\u00eb specifik\u00eb:<\/p>\n<p><strong>M\u00ebsimi<\/strong>\u00a0: T\u00eb p\u00ebrgatis\u00eb specialist\u00eb t\u00eb kualifikuar t\u00eb aft\u00eb t\u00eb p\u00ebrballen me sfidat e koh\u00ebs p\u00ebr t\u00eb drejtuardhe organizuar nd\u00ebrmarrje Agrobiznesi. T\u00eb p\u00ebrgatis\u00eb specialist\u00eb t\u00eb aft\u00eb p\u00ebr t\u00eb organizuar nj\u00eb biznest\u00eb vog\u00ebl dhe t\u00eb mes\u00ebm nga pik\u00ebpamja e drejtimit menaxherial. T\u00eb p\u00ebrgatis\u00eb nj\u00eb brez punonj\u00ebsishme vizione n\u00eb t\u00eb ardhmen p\u00ebr t\u00eb garantur administrimin e nd\u00ebrrmarjeve t\u00eb vogla e t\u00eb mesme meprofil Europian.<\/p>\n<p><strong>K\u00ebrkimi:<\/strong>\u00a0T\u00eb synoj\u00eb q\u00eb n\u00ebp\u00ebrmjet k\u00ebrkimit baz\u00eb dhe t\u00eb aplikuar, t\u00eb p\u00ebrmir\u00ebsoj\u00eb dhe t\u00eb ngrej\u00eb n\u00ebnj\u00eb nivel m\u00eb t\u00eb lart\u00eb organizimin dhe administrimin e nd\u00ebrrmarjeve t\u00eb vogla e t\u00eb mesme n\u00eb fush\u00ebne agrobiznesit sipas standarteve q\u00eb k\u00ebrkon koha sot.<\/p>\n<p><strong>Ekstensioni:<\/strong>\u00a0T\u00eb interpretoj\u00eb dhe shpreh\u00eb n\u00eb nj\u00eb gjuh\u00eb t\u00eb kuptueshme rezultatet e k\u00ebrkimit, si n\u00eblaborator ashtu dhe n\u00eb ferm\u00eb dhe t\u00eb leht\u00ebsoj\u00eb edukimin e menaxher\u00ebve, prodhuesve dhekonsumator\u00ebve t\u00eb produkteve bujq\u00ebsore.<\/p>\n<\/div><\/div><div class=\"w-separator size_medium\"><\/div><h2 class=\"w-text us_custom_c96a8a09\"><span class=\"w-text-h\"><span class=\"w-text-value\">PROGRAMET E STUDIMIT<\/span><\/span><\/h2><div class=\"w-hwrapper valign_top stack_on_mobiles align_justify\"><a class=\"w-flipbox animation_cardflip direction_w\" href=\"https:\/\/unkorce.edu.al\/en\/archive\/unkorce_programet\/programet.php\/?fakulteti=fbu&amp;tipi=pp&amp;programi=mbb\"><div class=\"w-flipbox-h easing_ease\" style=\"transition-duration:0.5s;\"><div class=\"w-flipbox-hh\"><div class=\"w-flipbox-front\"><div class=\"w-flipbox-front-h\"><h4 class=\"w-flipbox-front-title\">Program profesional 2- vje\u00e7ar &#8220;Menaxhim Biznesi Bujq\u00ebsor&#8221;<\/h4><\/div><\/div><div class=\"w-flipbox-back\" style=\"display:none;\"><div class=\"w-flipbox-back-h\"><h4 class=\"w-flipbox-back-title\">Program profesional 2- vje\u00e7ar &#8220;Menaxhim Biznesi Bujq\u00ebsor&#8221;<\/h4><\/div><\/div><\/div><\/div><\/a><a class=\"w-flipbox animation_cardflip direction_w\" href=\"https:\/\/unkorce.edu.al\/en\/archive\/unkorce_programet\/programet.php\/?fakulteti=fbu&amp;tipi=ba&amp;programi=menagr\"><div class=\"w-flipbox-h easing_ease\" style=\"transition-duration:0.5s;\"><div class=\"w-flipbox-hh\"><div class=\"w-flipbox-front\"><div class=\"w-flipbox-front-h\"><h4 class=\"w-flipbox-front-title\">Bachelor n\u00eb &#8220;Menaxhim Agrobiznesi&#8221;<\/h4><\/div><\/div><div class=\"w-flipbox-back\" style=\"display:none;\"><div class=\"w-flipbox-back-h\"><h4 class=\"w-flipbox-back-title\">Bachelor n\u00eb &#8220;Menaxhim Agrobiznesi&#8221;<\/h4><\/div><\/div><\/div><\/div><\/a><\/div><div class=\"w-hwrapper us_custom_0f8f44b7 valign_top stack_on_mobiles align_justify\"><a class=\"w-flipbox animation_cardflip direction_w\" href=\"https:\/\/unkorce.edu.al\/en\/archive\/unkorce_programet\/programet.php\/?fakulteti=fbu&amp;tipi=mp&amp;programi=zhir\"><div class=\"w-flipbox-h easing_ease\" style=\"transition-duration:0.5s;\"><div class=\"w-flipbox-hh\"><div class=\"w-flipbox-front\"><div class=\"w-flipbox-front-h\"><h4 class=\"w-flipbox-front-title\">\u201cMaster Profesional\u201d n\u00eb &#8220;Drejtim Agrobiznesi&#8221;<\/h4><\/div><\/div><div class=\"w-flipbox-back\" style=\"display:none;\"><div class=\"w-flipbox-back-h\"><h4 class=\"w-flipbox-back-title\">\u201cMaster Profesional\u201d n\u00eb &#8220;Drejtim Agrobiznesi&#8221;<\/h4><\/div><\/div><\/div><\/div><\/a><a class=\"w-flipbox animation_cardflip direction_w\" href=\"https:\/\/unkorce.edu.al\/en\/archive\/unkorce_programet\/programet.php\/?fakulteti=fbu&amp;tipi=mp&amp;programi=mqa\"><div class=\"w-flipbox-h easing_ease\" style=\"transition-duration:0.5s;\"><div class=\"w-flipbox-hh\"><div class=\"w-flipbox-front\"><div class=\"w-flipbox-front-h\"><h4 class=\"w-flipbox-front-title\">\u201cMaster Profesional\u201d n\u00eb \u201cMenaxhim i Q\u00ebndruesh\u00ebm n\u00eb Agroturiz\u00ebm\u201d<\/h4><\/div><\/div><div class=\"w-flipbox-back\" style=\"display:none;\"><div class=\"w-flipbox-back-h\"><h4 class=\"w-flipbox-back-title\">\u201cMaster Profesional\u201d n\u00eb \u201cMenaxhim i Q\u00ebndruesh\u00ebm n\u00eb Agroturiz\u00ebm\u201d<\/h4><\/div><\/div><\/div><\/div><\/a><\/div><div class=\"w-separator size_medium\"><\/div><h2 class=\"w-text us_custom_c96a8a09\"><span class=\"w-text-h\"><span class=\"w-text-value\">STAFI<\/span><\/span><\/h2><div class=\"wpb_text_column us_custom_67df8fa0 has_text_color\"><div class=\"wpb_wrapper\"><p>Departamenti i Agrobiznesit<\/p>\n<p><a href=\"https:\/\/unkorce.edu.al\/en\/dr-ilir-sosoli\/\">1. Dr. Ilir Sosoli &#8211; P\u00ebrgjegj\u00ebs departamenti<\/a><br \/><a href=\"https:\/\/unkorce.edu.al\/en\/prof-as-dr-avni-spaholli\/\">2. Prof.as.dr. Avni Spaholli<\/a><br \/><a href=\"https:\/\/unkorce.edu.al\/en\/gjergji-mero\/\">3. Prof.as.dr. Gjergji Mero<\/a><br \/><a href=\"https:\/\/unkorce.edu.al\/en\/aldona-minga\/\">4. Dr. Aldona Minga<\/a><br \/><a href=\"https:\/\/unkorce.edu.al\/en\/dr-ardian-cerava\/\">5. Dr. Ardian \u00c7\u00ebrava<\/a><br \/><a href=\"https:\/\/unkorce.edu.al\/en\/dr-dorjan-marku\/\">6. Dr. Dorjan Marku<\/a><br \/><a href=\"https:\/\/unkorce.edu.al\/en\/dr-eneida-cifligu\/\">7. Dr. Eneida \u00c7ifligu<\/a><\/p>\n<\/div><\/div><\/div><\/div><\/div><\/div><\/section>","protected":false},"excerpt":{"rendered":"","protected":false},"author":16,"featured_media":0,"parent":0,"menu_order":0,"comment_status":"closed","ping_status":"closed","template":"","meta":{"_acf_changed":false,"footnotes":""},"class_list":["post-30691","page","type-page","status-publish","hentry"],"acf":[],"yoast_head":"<!-- This site is optimized with the Yoast SEO plugin v26.9 - https:\/\/yoast.com\/product\/yoast-seo-wordpress\/ -->\n<title>DEPARTAMENTI I AGROBIZNESIT - Universiteti &quot;Fan S. Noli&quot;, Kor\u00e7\u00eb<\/title>\n<meta name=\"robots\" content=\"index, follow, max-snippet:-1, max-image-preview:large, max-video-preview:-1\" \/>\n<link rel=\"canonical\" href=\"https:\/\/unkorce.edu.al\/en\/departamenti-i-agrobiznesit\/\" \/>\n<meta property=\"og:locale\" content=\"en_US\" \/>\n<meta property=\"og:type\" content=\"article\" \/>\n<meta property=\"og:title\" content=\"DEPARTAMENTI I AGROBIZNESIT - Universiteti &quot;Fan S. Noli&quot;, Kor\u00e7\u00eb\" \/>\n<meta property=\"og:url\" content=\"https:\/\/unkorce.edu.al\/en\/departamenti-i-agrobiznesit\/\" \/>\n<meta property=\"og:site_name\" content=\"Universiteti &quot;Fan S. Noli&quot;, Kor\u00e7\u00eb\" \/>\n<meta property=\"article:publisher\" content=\"https:\/\/www.facebook.com\/unkorce\" \/>\n<meta property=\"article:modified_time\" content=\"2025-11-11T11:04:09+00:00\" \/>\n<meta name=\"twitter:card\" content=\"summary_large_image\" \/>\n<meta name=\"twitter:label1\" content=\"Est. reading time\" \/>\n\t<meta name=\"twitter:data1\" content=\"2 minutes\" \/>\n<script type=\"application\/ld+json\" class=\"yoast-schema-graph\">{\"@context\":\"https:\/\/schema.org\",\"@graph\":[{\"@type\":\"WebPage\",\"@id\":\"https:\/\/unkorce.edu.al\/departamenti-i-agrobiznesit\/\",\"url\":\"https:\/\/unkorce.edu.al\/departamenti-i-agrobiznesit\/\",\"name\":\"DEPARTAMENTI I AGROBIZNESIT - Universiteti \\\"Fan S. Noli\\\", Kor\u00e7\u00eb\",\"isPartOf\":{\"@id\":\"https:\/\/unkorce.edu.al\/#website\"},\"datePublished\":\"2024-12-18T13:45:01+00:00\",\"dateModified\":\"2025-11-11T11:04:09+00:00\",\"breadcrumb\":{\"@id\":\"https:\/\/unkorce.edu.al\/departamenti-i-agrobiznesit\/#breadcrumb\"},\"inLanguage\":\"en-US\",\"potentialAction\":[{\"@type\":\"ReadAction\",\"target\":[\"https:\/\/unkorce.edu.al\/departamenti-i-agrobiznesit\/\"]}]},{\"@type\":\"BreadcrumbList\",\"@id\":\"https:\/\/unkorce.edu.al\/departamenti-i-agrobiznesit\/#breadcrumb\",\"itemListElement\":[{\"@type\":\"ListItem\",\"position\":1,\"name\":\"Home\",\"item\":\"https:\/\/unkorce.edu.al\/\"},{\"@type\":\"ListItem\",\"position\":2,\"name\":\"DEPARTAMENTI I AGROBIZNESIT\"}]},{\"@type\":\"WebSite\",\"@id\":\"https:\/\/unkorce.edu.al\/#website\",\"url\":\"https:\/\/unkorce.edu.al\/\",\"name\":\"Universiteti \\\"Fan S. Noli\\\", Kor\u00e7\u00eb\",\"description\":\"Mir&euml;sevini n&euml; faqen zyrtare!\",\"publisher\":{\"@id\":\"https:\/\/unkorce.edu.al\/#organization\"},\"potentialAction\":[{\"@type\":\"SearchAction\",\"target\":{\"@type\":\"EntryPoint\",\"urlTemplate\":\"https:\/\/unkorce.edu.al\/?s={search_term_string}\"},\"query-input\":{\"@type\":\"PropertyValueSpecification\",\"valueRequired\":true,\"valueName\":\"search_term_string\"}}],\"inLanguage\":\"en-US\"},{\"@type\":\"Organization\",\"@id\":\"https:\/\/unkorce.edu.al\/#organization\",\"name\":\"Universiteti \\\"Fan S. Noli\\\", Kor\u00e7\u00eb\",\"url\":\"https:\/\/unkorce.edu.al\/\",\"logo\":{\"@type\":\"ImageObject\",\"inLanguage\":\"en-US\",\"@id\":\"https:\/\/unkorce.edu.al\/#\/schema\/logo\/image\/\",\"url\":\"https:\/\/unkorce.edu.al\/wp-content\/uploads\/2024\/08\/Logo_e_Universitetit__Fan_Noli_-e1726660879862.png\",\"contentUrl\":\"https:\/\/unkorce.edu.al\/wp-content\/uploads\/2024\/08\/Logo_e_Universitetit__Fan_Noli_-e1726660879862.png\",\"width\":200,\"height\":120,\"caption\":\"Universiteti \\\"Fan S. Noli\\\", Kor\u00e7\u00eb\"},\"image\":{\"@id\":\"https:\/\/unkorce.edu.al\/#\/schema\/logo\/image\/\"},\"sameAs\":[\"https:\/\/www.facebook.com\/unkorce\"]}]}<\/script>\n<!-- \/ Yoast SEO plugin. -->","yoast_head_json":{"title":"DEPARTAMENTI I AGROBIZNESIT - Universiteti \"Fan S. Noli\", Kor\u00e7\u00eb","robots":{"index":"index","follow":"follow","max-snippet":"max-snippet:-1","max-image-preview":"max-image-preview:large","max-video-preview":"max-video-preview:-1"},"canonical":"https:\/\/unkorce.edu.al\/en\/departamenti-i-agrobiznesit\/","og_locale":"en_US","og_type":"article","og_title":"DEPARTAMENTI I AGROBIZNESIT - Universiteti \"Fan S. Noli\", Kor\u00e7\u00eb","og_url":"https:\/\/unkorce.edu.al\/en\/departamenti-i-agrobiznesit\/","og_site_name":"Universiteti \"Fan S. Noli\", Kor\u00e7\u00eb","article_publisher":"https:\/\/www.facebook.com\/unkorce","article_modified_time":"2025-11-11T11:04:09+00:00","twitter_card":"summary_large_image","twitter_misc":{"Est. reading time":"2 minutes"},"schema":{"@context":"https:\/\/schema.org","@graph":[{"@type":"WebPage","@id":"https:\/\/unkorce.edu.al\/departamenti-i-agrobiznesit\/","url":"https:\/\/unkorce.edu.al\/departamenti-i-agrobiznesit\/","name":"DEPARTAMENTI I AGROBIZNESIT - Universiteti \"Fan S. Noli\", Kor\u00e7\u00eb","isPartOf":{"@id":"https:\/\/unkorce.edu.al\/#website"},"datePublished":"2024-12-18T13:45:01+00:00","dateModified":"2025-11-11T11:04:09+00:00","breadcrumb":{"@id":"https:\/\/unkorce.edu.al\/departamenti-i-agrobiznesit\/#breadcrumb"},"inLanguage":"en-US","potentialAction":[{"@type":"ReadAction","target":["https:\/\/unkorce.edu.al\/departamenti-i-agrobiznesit\/"]}]},{"@type":"BreadcrumbList","@id":"https:\/\/unkorce.edu.al\/departamenti-i-agrobiznesit\/#breadcrumb","itemListElement":[{"@type":"ListItem","position":1,"name":"Home","item":"https:\/\/unkorce.edu.al\/"},{"@type":"ListItem","position":2,"name":"DEPARTAMENTI I AGROBIZNESIT"}]},{"@type":"WebSite","@id":"https:\/\/unkorce.edu.al\/#website","url":"https:\/\/unkorce.edu.al\/","name":"Universiteti \"Fan S. Noli\", Kor\u00e7\u00eb","description":"Mir&euml;sevini n&euml; faqen zyrtare!","publisher":{"@id":"https:\/\/unkorce.edu.al\/#organization"},"potentialAction":[{"@type":"SearchAction","target":{"@type":"EntryPoint","urlTemplate":"https:\/\/unkorce.edu.al\/?s={search_term_string}"},"query-input":{"@type":"PropertyValueSpecification","valueRequired":true,"valueName":"search_term_string"}}],"inLanguage":"en-US"},{"@type":"Organization","@id":"https:\/\/unkorce.edu.al\/#organization","name":"Universiteti \"Fan S. Noli\", Kor\u00e7\u00eb","url":"https:\/\/unkorce.edu.al\/","logo":{"@type":"ImageObject","inLanguage":"en-US","@id":"https:\/\/unkorce.edu.al\/#\/schema\/logo\/image\/","url":"https:\/\/unkorce.edu.al\/wp-content\/uploads\/2024\/08\/Logo_e_Universitetit__Fan_Noli_-e1726660879862.png","contentUrl":"https:\/\/unkorce.edu.al\/wp-content\/uploads\/2024\/08\/Logo_e_Universitetit__Fan_Noli_-e1726660879862.png","width":200,"height":120,"caption":"Universiteti \"Fan S. Noli\", Kor\u00e7\u00eb"},"image":{"@id":"https:\/\/unkorce.edu.al\/#\/schema\/logo\/image\/"},"sameAs":["https:\/\/www.facebook.com\/unkorce"]}]}},"_links":{"self":[{"href":"https:\/\/unkorce.edu.al\/en\/wp-json\/wp\/v2\/pages\/30691","targetHints":{"allow":["GET"]}}],"collection":[{"href":"https:\/\/unkorce.edu.al\/en\/wp-json\/wp\/v2\/pages"}],"about":[{"href":"https:\/\/unkorce.edu.al\/en\/wp-json\/wp\/v2\/types\/page"}],"author":[{"embeddable":true,"href":"https:\/\/unkorce.edu.al\/en\/wp-json\/wp\/v2\/users\/16"}],"replies":[{"embeddable":true,"href":"https:\/\/unkorce.edu.al\/en\/wp-json\/wp\/v2\/comments?post=30691"}],"version-history":[{"count":12,"href":"https:\/\/unkorce.edu.al\/en\/wp-json\/wp\/v2\/pages\/30691\/revisions"}],"predecessor-version":[{"id":35492,"href":"https:\/\/unkorce.edu.al\/en\/wp-json\/wp\/v2\/pages\/30691\/revisions\/35492"}],"wp:attachment":[{"href":"https:\/\/unkorce.edu.al\/en\/wp-json\/wp\/v2\/media?parent=30691"}],"curies":[{"name":"wp","href":"https:\/\/api.w.org\/{rel}","templated":true}]}}