{"id":30687,"date":"2024-12-18T13:41:14","date_gmt":"2024-12-18T13:41:14","guid":{"rendered":"https:\/\/unkorce.edu.al\/?page_id=30687"},"modified":"2025-11-10T11:22:11","modified_gmt":"2025-11-10T11:22:11","slug":"departamenti-i-agroushqimit-2","status":"publish","type":"page","link":"https:\/\/unkorce.edu.al\/en\/departamenti-i-agroushqimit-2\/","title":{"rendered":"DEPARTAMENTI I AGROUSHQIMIT"},"content":{"rendered":"<section class=\"l-section wpb_row height_medium\"><div class=\"l-section-h i-cf\"><div class=\"g-cols vc_row via_grid cols_1 laptops-cols_inherit tablets-cols_inherit mobiles-cols_1 valign_top type_default stacking_default\"><div class=\"wpb_column vc_column_container\"><div class=\"vc_column-inner\"><div class=\"w-vwrapper align_none valign_top\"><h1 class=\"w-text us_custom_30fd7efd\"><span class=\"w-text-h\"><span class=\"w-text-value\">DEPARTAMENTI I AGROUSHQIMIT<\/span><\/span><\/h1><\/div><div class=\"wpb_text_column\"><div class=\"wpb_wrapper\"><p>Misioni i Departamentit Agroushqim \u00ebsht\u00eb pjes\u00eb e misionit t\u00eb FB-s\u00eb dhe ndahet n\u00eb dy komponent\u00eb specifik\u00eb:<\/p>\n<p><strong>M\u00ebsimi:<\/strong> T\u00eb p\u00ebrgatis\u00eb specialist\u00eb t\u00eb kualifikuar t\u00eb aft\u00eb t\u00eb p\u00ebrballen me sfidat e koh\u00ebs p\u00ebr t\u00eb drejtuar dhe organizuar nd\u00ebrmarrje Agroushqimi. T\u00eb p\u00ebrgatis\u00eb specialist\u00eb t\u00eb aft\u00eb p\u00ebr t\u00eb organizuar nj\u00eb biznes t\u00eb vog\u00ebl dhe t\u00eb mes\u00ebm nga pik\u00ebpamja e agroushqimit. T\u00eb p\u00ebrgatis\u00eb nj\u00eb brez punonj\u00ebsish me vizione n\u00eb t\u00eb ardhmen p\u00ebr t\u00eb garantur administrimin e nd\u00ebrrmarjeve t\u00eb vogla e t\u00eb mesme me profil europian.<\/p>\n<p><strong>K\u00ebrkimi<\/strong> : T\u00eb synoj\u00eb q\u00eb n\u00ebp\u00ebrmjet k\u00ebrkimit baz\u00eb dhe t\u00eb aplikuar, t\u00eb p\u00ebrmir\u00ebsoj\u00eb dhe t\u00eb ngrej\u00eb n\u00eb nj\u00eb nivel m\u00eb t\u00eb lart\u00eb organizimin dhe administrimin e nd\u00ebrrmarjeve t\u00eb vogla e t\u00eb mesme n\u00eb fush\u00ebn e agroushqimit sipas standarteve q\u00eb k\u00ebrkon koha sot.<\/p>\n<\/div><\/div><div class=\"w-separator size_medium\"><\/div><h2 class=\"w-text us_custom_c96a8a09\"><span class=\"w-text-h\"><span class=\"w-text-value\">PROGRAMET E STUDIMIT<\/span><\/span><\/h2><div class=\"w-hwrapper valign_top stack_on_mobiles align_justify\"><a class=\"w-flipbox animation_cardflip direction_w\" href=\"https:\/\/unkorce.edu.al\/en\/archive\/unkorce_programet\/programet.php\/?fakulteti=fbu&amp;tipi=pp&amp;programi=menvet\"><div class=\"w-flipbox-h easing_ease\" style=\"transition-duration:0.5s;\"><div class=\"w-flipbox-hh\"><div class=\"w-flipbox-front\"><div class=\"w-flipbox-front-h\"><h4 class=\"w-flipbox-front-title\">Program profesional 2- vje\u00e7ar &#8220;Menaxhim Veterinar&#8221;<\/h4><\/div><\/div><div class=\"w-flipbox-back\" style=\"display:none;\"><div class=\"w-flipbox-back-h\"><h4 class=\"w-flipbox-back-title\">Program profesional 2- vje\u00e7ar &#8220;Menaxhim Veterinar&#8221;<\/h4><\/div><\/div><\/div><\/div><\/a><a class=\"w-flipbox animation_cardflip direction_w\" href=\"https:\/\/unkorce.edu.al\/en\/archive\/unkorce_programet\/programet.php\/?fakulteti=fbu&amp;tipi=ba&amp;programi=agr\"><div class=\"w-flipbox-h easing_ease\" style=\"transition-duration:0.5s;\"><div class=\"w-flipbox-hh\"><div class=\"w-flipbox-front\"><div class=\"w-flipbox-front-h\"><h4 class=\"w-flipbox-front-title\">Bachelor n\u00eb &#8220;Agroushqim&#8221;<\/h4><\/div><\/div><div class=\"w-flipbox-back\" style=\"display:none;\"><div class=\"w-flipbox-back-h\"><h4 class=\"w-flipbox-back-title\">Bachelor n\u00eb &#8220;Agroushqim&#8221;<\/h4><\/div><\/div><\/div><\/div><\/a><a class=\"w-flipbox animation_cardflip direction_w\" href=\"https:\/\/unkorce.edu.al\/en\/archive\/unkorce_programet\/programet.php\/?fakulteti=fbu&amp;tipi=ba&amp;programi=agr\"><div class=\"w-flipbox-h easing_ease\" style=\"transition-duration:0.5s;\"><div class=\"w-flipbox-hh\"><div class=\"w-flipbox-front\"><div class=\"w-flipbox-front-h\"><h4 class=\"w-flipbox-front-title\" style=\"font-size:1.2rem;\">Bachelor n\u00eb &#8220;Teknologji Ushqimore&#8221;&#8221;<\/h4><\/div><\/div><div class=\"w-flipbox-back\" style=\"display:none;\"><div class=\"w-flipbox-back-h\"><h4 class=\"w-flipbox-back-title\" style=\"font-size:1.2rem;\">Bachelor n\u00eb &#8220;Teknologji Ushqimore&#8221;<\/h4><\/div><\/div><\/div><\/div><\/a><\/div><div class=\"w-hwrapper us_custom_0f8f44b7 valign_top align_justify\"><a class=\"w-flipbox animation_cardflip direction_w\" href=\"https:\/\/unkorce.edu.al\/en\/archive\/unkorce_programet\/programet.php\/?fakulteti=fbu&amp;tipi=mp&amp;programi=clu\"><div class=\"w-flipbox-h easing_ease\" style=\"transition-duration:0.5s;\"><div class=\"w-flipbox-hh\"><div class=\"w-flipbox-front\"><div class=\"w-flipbox-front-h\"><h4 class=\"w-flipbox-front-title\">Master Profesional n\u00eb &#8220;Cil\u00ebsia dhe Siguria Ushqimore&#8221;<\/h4><\/div><\/div><div class=\"w-flipbox-back\" style=\"display:none;\"><div class=\"w-flipbox-back-h\"><h4 class=\"w-flipbox-back-title\">Master Profesional n\u00eb &#8220;Cil\u00ebsia dhe Siguria Ushqimore&#8221;<\/h4><\/div><\/div><\/div><\/div><\/a><\/div><div class=\"w-separator size_medium\"><\/div><h2 class=\"w-text us_custom_c96a8a09\"><span class=\"w-text-h\"><span class=\"w-text-value\">STAFI<\/span><\/span><\/h2><div class=\"wpb_text_column us_custom_bd44a0b4 has_text_color\"><div class=\"wpb_wrapper\"><p>Department of Agri-Food<\/p>\n<p><a href=\"https:\/\/unkorce.edu.al\/en\/sulltana-ajce\/\">1. Dr. Sulltan\u00eb Aj\u00e7e &#8211; P\u00ebrgjegj\u00ebs<\/a> departamenti<br \/><a href=\"https:\/\/unkorce.edu.al\/en\/?page_id=35397&amp;preview=true\">2. Prof.as.dr. Ilir Ni\u00e7ko<\/a><br \/><a href=\"https:\/\/unkorce.edu.al\/en\/nikolin-karapanci\/\">3. Dr. Nikolin Karapan\u00e7i<\/a><br \/><a href=\"https:\/\/unkorce.edu.al\/en\/katerina-pikuli\/\">4. MSc. Katerina Pikuli<\/a><br \/><a href=\"https:\/\/unkorce.edu.al\/en\/kristi-morava\/\">5. MSc. Kristi Morava<\/a><br \/><a href=\"https:\/\/unkorce.edu.al\/en\/suela-lulollari\/\">6. MSc. Suela Lulollari<\/a><br \/><a href=\"https:\/\/unkorce.edu.al\/en\/shege-ceci\/\">7. MSc. Sheg\u00eb \u00c7e\u00e7i <\/a><\/p>\n<p><a href=\"http:\/\/8. MSc. Irda Sala\">8. MSc. Irda Sala<\/a><\/p>\n<p style=\"text-align: left\"><a href=\"http:\/\/9. Marsilda Agolli (Sekretare - Laborante)\">9. Marsilda Agolli (Sekretare &#8211; Laborante)<\/a><\/p>\n<\/div><\/div><\/div><\/div><\/div><\/div><\/section>","protected":false},"excerpt":{"rendered":"","protected":false},"author":17,"featured_media":0,"parent":0,"menu_order":0,"comment_status":"closed","ping_status":"closed","template":"","meta":{"_acf_changed":false,"footnotes":""},"class_list":["post-30687","page","type-page","status-publish","hentry"],"acf":[],"yoast_head":"<!-- This site is optimized with the Yoast SEO plugin v26.9 - https:\/\/yoast.com\/product\/yoast-seo-wordpress\/ -->\n<title>DEPARTAMENTI I AGROUSHQIMIT - Universiteti &quot;Fan S. Noli&quot;, Kor\u00e7\u00eb<\/title>\n<meta name=\"robots\" content=\"index, follow, max-snippet:-1, max-image-preview:large, max-video-preview:-1\" \/>\n<link rel=\"canonical\" href=\"https:\/\/unkorce.edu.al\/en\/departamenti-i-agroushqimit-2\/\" \/>\n<meta property=\"og:locale\" content=\"en_US\" \/>\n<meta property=\"og:type\" content=\"article\" \/>\n<meta property=\"og:title\" content=\"DEPARTAMENTI I AGROUSHQIMIT - Universiteti &quot;Fan S. Noli&quot;, Kor\u00e7\u00eb\" \/>\n<meta property=\"og:url\" content=\"https:\/\/unkorce.edu.al\/en\/departamenti-i-agroushqimit-2\/\" \/>\n<meta property=\"og:site_name\" content=\"Universiteti &quot;Fan S. Noli&quot;, Kor\u00e7\u00eb\" \/>\n<meta property=\"article:publisher\" content=\"https:\/\/www.facebook.com\/unkorce\" \/>\n<meta property=\"article:modified_time\" content=\"2025-11-10T11:22:11+00:00\" \/>\n<meta name=\"twitter:card\" content=\"summary_large_image\" \/>\n<meta name=\"twitter:label1\" content=\"Est. reading time\" \/>\n\t<meta name=\"twitter:data1\" content=\"1 minute\" \/>\n<script type=\"application\/ld+json\" class=\"yoast-schema-graph\">{\"@context\":\"https:\/\/schema.org\",\"@graph\":[{\"@type\":\"WebPage\",\"@id\":\"https:\/\/unkorce.edu.al\/departamenti-i-agroushqimit-2\/\",\"url\":\"https:\/\/unkorce.edu.al\/departamenti-i-agroushqimit-2\/\",\"name\":\"DEPARTAMENTI I AGROUSHQIMIT - Universiteti \\\"Fan S. Noli\\\", Kor\u00e7\u00eb\",\"isPartOf\":{\"@id\":\"https:\/\/unkorce.edu.al\/#website\"},\"datePublished\":\"2024-12-18T13:41:14+00:00\",\"dateModified\":\"2025-11-10T11:22:11+00:00\",\"breadcrumb\":{\"@id\":\"https:\/\/unkorce.edu.al\/departamenti-i-agroushqimit-2\/#breadcrumb\"},\"inLanguage\":\"en-US\",\"potentialAction\":[{\"@type\":\"ReadAction\",\"target\":[\"https:\/\/unkorce.edu.al\/departamenti-i-agroushqimit-2\/\"]}]},{\"@type\":\"BreadcrumbList\",\"@id\":\"https:\/\/unkorce.edu.al\/departamenti-i-agroushqimit-2\/#breadcrumb\",\"itemListElement\":[{\"@type\":\"ListItem\",\"position\":1,\"name\":\"Home\",\"item\":\"https:\/\/unkorce.edu.al\/\"},{\"@type\":\"ListItem\",\"position\":2,\"name\":\"DEPARTAMENTI I AGROUSHQIMIT\"}]},{\"@type\":\"WebSite\",\"@id\":\"https:\/\/unkorce.edu.al\/#website\",\"url\":\"https:\/\/unkorce.edu.al\/\",\"name\":\"Universiteti \\\"Fan S. Noli\\\", Kor\u00e7\u00eb\",\"description\":\"Mir&euml;sevini n&euml; faqen zyrtare!\",\"publisher\":{\"@id\":\"https:\/\/unkorce.edu.al\/#organization\"},\"potentialAction\":[{\"@type\":\"SearchAction\",\"target\":{\"@type\":\"EntryPoint\",\"urlTemplate\":\"https:\/\/unkorce.edu.al\/?s={search_term_string}\"},\"query-input\":{\"@type\":\"PropertyValueSpecification\",\"valueRequired\":true,\"valueName\":\"search_term_string\"}}],\"inLanguage\":\"en-US\"},{\"@type\":\"Organization\",\"@id\":\"https:\/\/unkorce.edu.al\/#organization\",\"name\":\"Universiteti \\\"Fan S. Noli\\\", Kor\u00e7\u00eb\",\"url\":\"https:\/\/unkorce.edu.al\/\",\"logo\":{\"@type\":\"ImageObject\",\"inLanguage\":\"en-US\",\"@id\":\"https:\/\/unkorce.edu.al\/#\/schema\/logo\/image\/\",\"url\":\"https:\/\/unkorce.edu.al\/wp-content\/uploads\/2024\/08\/Logo_e_Universitetit__Fan_Noli_-e1726660879862.png\",\"contentUrl\":\"https:\/\/unkorce.edu.al\/wp-content\/uploads\/2024\/08\/Logo_e_Universitetit__Fan_Noli_-e1726660879862.png\",\"width\":200,\"height\":120,\"caption\":\"Universiteti \\\"Fan S. Noli\\\", Kor\u00e7\u00eb\"},\"image\":{\"@id\":\"https:\/\/unkorce.edu.al\/#\/schema\/logo\/image\/\"},\"sameAs\":[\"https:\/\/www.facebook.com\/unkorce\"]}]}<\/script>\n<!-- \/ Yoast SEO plugin. -->","yoast_head_json":{"title":"DEPARTAMENTI I AGROUSHQIMIT - Universiteti \"Fan S. Noli\", Kor\u00e7\u00eb","robots":{"index":"index","follow":"follow","max-snippet":"max-snippet:-1","max-image-preview":"max-image-preview:large","max-video-preview":"max-video-preview:-1"},"canonical":"https:\/\/unkorce.edu.al\/en\/departamenti-i-agroushqimit-2\/","og_locale":"en_US","og_type":"article","og_title":"DEPARTAMENTI I AGROUSHQIMIT - Universiteti \"Fan S. Noli\", Kor\u00e7\u00eb","og_url":"https:\/\/unkorce.edu.al\/en\/departamenti-i-agroushqimit-2\/","og_site_name":"Universiteti \"Fan S. Noli\", Kor\u00e7\u00eb","article_publisher":"https:\/\/www.facebook.com\/unkorce","article_modified_time":"2025-11-10T11:22:11+00:00","twitter_card":"summary_large_image","twitter_misc":{"Est. reading time":"1 minute"},"schema":{"@context":"https:\/\/schema.org","@graph":[{"@type":"WebPage","@id":"https:\/\/unkorce.edu.al\/departamenti-i-agroushqimit-2\/","url":"https:\/\/unkorce.edu.al\/departamenti-i-agroushqimit-2\/","name":"DEPARTAMENTI I AGROUSHQIMIT - Universiteti \"Fan S. Noli\", Kor\u00e7\u00eb","isPartOf":{"@id":"https:\/\/unkorce.edu.al\/#website"},"datePublished":"2024-12-18T13:41:14+00:00","dateModified":"2025-11-10T11:22:11+00:00","breadcrumb":{"@id":"https:\/\/unkorce.edu.al\/departamenti-i-agroushqimit-2\/#breadcrumb"},"inLanguage":"en-US","potentialAction":[{"@type":"ReadAction","target":["https:\/\/unkorce.edu.al\/departamenti-i-agroushqimit-2\/"]}]},{"@type":"BreadcrumbList","@id":"https:\/\/unkorce.edu.al\/departamenti-i-agroushqimit-2\/#breadcrumb","itemListElement":[{"@type":"ListItem","position":1,"name":"Home","item":"https:\/\/unkorce.edu.al\/"},{"@type":"ListItem","position":2,"name":"DEPARTAMENTI I AGROUSHQIMIT"}]},{"@type":"WebSite","@id":"https:\/\/unkorce.edu.al\/#website","url":"https:\/\/unkorce.edu.al\/","name":"Universiteti \"Fan S. Noli\", Kor\u00e7\u00eb","description":"Mir&euml;sevini n&euml; faqen zyrtare!","publisher":{"@id":"https:\/\/unkorce.edu.al\/#organization"},"potentialAction":[{"@type":"SearchAction","target":{"@type":"EntryPoint","urlTemplate":"https:\/\/unkorce.edu.al\/?s={search_term_string}"},"query-input":{"@type":"PropertyValueSpecification","valueRequired":true,"valueName":"search_term_string"}}],"inLanguage":"en-US"},{"@type":"Organization","@id":"https:\/\/unkorce.edu.al\/#organization","name":"Universiteti \"Fan S. Noli\", Kor\u00e7\u00eb","url":"https:\/\/unkorce.edu.al\/","logo":{"@type":"ImageObject","inLanguage":"en-US","@id":"https:\/\/unkorce.edu.al\/#\/schema\/logo\/image\/","url":"https:\/\/unkorce.edu.al\/wp-content\/uploads\/2024\/08\/Logo_e_Universitetit__Fan_Noli_-e1726660879862.png","contentUrl":"https:\/\/unkorce.edu.al\/wp-content\/uploads\/2024\/08\/Logo_e_Universitetit__Fan_Noli_-e1726660879862.png","width":200,"height":120,"caption":"Universiteti \"Fan S. Noli\", Kor\u00e7\u00eb"},"image":{"@id":"https:\/\/unkorce.edu.al\/#\/schema\/logo\/image\/"},"sameAs":["https:\/\/www.facebook.com\/unkorce"]}]}},"_links":{"self":[{"href":"https:\/\/unkorce.edu.al\/en\/wp-json\/wp\/v2\/pages\/30687","targetHints":{"allow":["GET"]}}],"collection":[{"href":"https:\/\/unkorce.edu.al\/en\/wp-json\/wp\/v2\/pages"}],"about":[{"href":"https:\/\/unkorce.edu.al\/en\/wp-json\/wp\/v2\/types\/page"}],"author":[{"embeddable":true,"href":"https:\/\/unkorce.edu.al\/en\/wp-json\/wp\/v2\/users\/17"}],"replies":[{"embeddable":true,"href":"https:\/\/unkorce.edu.al\/en\/wp-json\/wp\/v2\/comments?post=30687"}],"version-history":[{"count":20,"href":"https:\/\/unkorce.edu.al\/en\/wp-json\/wp\/v2\/pages\/30687\/revisions"}],"predecessor-version":[{"id":35470,"href":"https:\/\/unkorce.edu.al\/en\/wp-json\/wp\/v2\/pages\/30687\/revisions\/35470"}],"wp:attachment":[{"href":"https:\/\/unkorce.edu.al\/en\/wp-json\/wp\/v2\/media?parent=30687"}],"curies":[{"name":"wp","href":"https:\/\/api.w.org\/{rel}","templated":true}]}}