{"id":30678,"date":"2024-12-18T13:33:28","date_gmt":"2024-12-18T13:33:28","guid":{"rendered":"https:\/\/unkorce.edu.al\/?page_id=30678"},"modified":"2026-02-05T08:05:34","modified_gmt":"2026-02-05T08:05:34","slug":"departamenti-i-agronomise-2","status":"publish","type":"page","link":"https:\/\/unkorce.edu.al\/en\/departamenti-i-agronomise-2\/","title":{"rendered":"DEPARTAMENTI I AGRONOMIS\u00cb"},"content":{"rendered":"<section class=\"l-section wpb_row height_medium\"><div class=\"l-section-h i-cf\"><div class=\"g-cols vc_row via_grid cols_1 laptops-cols_inherit tablets-cols_inherit mobiles-cols_1 valign_top type_default stacking_default\"><div class=\"wpb_column vc_column_container\"><div class=\"vc_column-inner\"><div class=\"w-vwrapper align_none valign_top\"><h1 class=\"w-text us_custom_30fd7efd\"><span class=\"w-text-h\"><span class=\"w-text-value\">DEPARTAMENTI I AGRONOMIS\u00cb<\/span><\/span><\/h1><\/div><div class=\"wpb_text_column\"><div class=\"wpb_wrapper\"><p>Misioni yn\u00eb \u00ebsht\u00eb pjes\u00eb e misionit t\u00eb Universitetit \u201cFan S.Noli\u201d, Kor\u00e7\u00eb, dhe ndahet n\u00eb dy komponent\u00eb specifik\u00eb p\u00ebr Departamentin.<\/p>\n<p>a.\u00a0<strong>M\u00ebsimi<\/strong>: Garantojm\u00eb mund\u00ebsi p\u00ebr student\u00ebt t\u00eb m\u00ebsojn\u00eb mbi teknikat dhe teknologjit\u00eb e kultivimit t\u00eb kulturave bujq\u00ebsore, zhvillimin e q\u00ebndruesh\u00ebm bujq\u00ebsor, agromjedisin, p\u00ebrmir\u00ebsimin gjenetik, mbrojtjen e bim\u00ebve, etj si dhe implementimin e protokolleve p\u00ebr shkaktar\u00ebt e d\u00ebmtimeve n\u00eb kulturat bujq\u00ebsore, sipas standarteve t\u00eb BE-s\u00eb.<\/p>\n<p>b.\u00a0<strong>K\u00ebrkimi<\/strong>: Synojm\u00eb q\u00eb n\u00ebp\u00ebrmjet k\u00ebrkimit baz\u00eb dhe t\u00eb aplikuar, t\u00eb p\u00ebrmir\u00ebsojm\u00eb dhe t\u00eb ngrem\u00eb n\u00eb nj\u00eb nivel m\u00eb t\u00eb lart\u00eb, teknikat dhe teknologjit\u00eb e kultivimit t\u00eb kulturave bujq\u00ebsore, zhvillimin bujq\u00ebsor, agromjedisin, performanc\u00ebn e mbrojtjes s\u00eb bim\u00ebve, duke pasur n\u00eb fokus zhvillimin e q\u00ebndruesh\u00ebm dhe sigurin\u00eb ushqimore.<\/p>\n<\/div><\/div><div class=\"w-separator size_medium\"><\/div><h2 class=\"w-text us_custom_c96a8a09\"><span class=\"w-text-h\"><span class=\"w-text-value\">PROGRAMET E STUDIMIT<\/span><\/span><\/h2><div class=\"w-hwrapper valign_top stack_on_mobiles align_justify\"><a class=\"w-flipbox animation_cardflip direction_w\" href=\"https:\/\/unkorce.edu.al\/en\/archive\/unkorce_programet\/programet.php\/?fakulteti=fbu&amp;tipi=pp&amp;programi=tpff\"><div class=\"w-flipbox-h easing_ease\" style=\"transition-duration:0.5s;\"><div class=\"w-flipbox-hh\"><div class=\"w-flipbox-front\"><div class=\"w-flipbox-front-h\"><h4 class=\"w-flipbox-front-title\">Program profesional 2- vje\u00e7ar &#8220;Teknika t\u00eb prodhimit t\u00eb farave dhe fidan\u00ebve&#8221;<\/h4><\/div><\/div><div class=\"w-flipbox-back\" style=\"display:none;\"><div class=\"w-flipbox-back-h\"><h4 class=\"w-flipbox-back-title\">Program profesional 2- vje\u00e7ar &#8220;Teknika t\u00eb prodhimit t\u00eb farave dhe fidan\u00ebve&#8221;<\/h4><\/div><\/div><\/div><\/div><\/a><a class=\"w-flipbox animation_cardflip direction_w\" href=\"https:\/\/unkorce.edu.al\/en\/archive\/unkorce_programet\/programet.php\/?fakulteti=fbu&amp;tipi=ba&amp;programi=inxhagr\"><div class=\"w-flipbox-h easing_ease\" style=\"transition-duration:0.5s;\"><div class=\"w-flipbox-hh\"><div class=\"w-flipbox-front\"><div class=\"w-flipbox-front-h\"><h4 class=\"w-flipbox-front-title\">Bachelor n\u00eb &#8220;Inxhinieri Agronomike&#8221;<\/h4><\/div><\/div><div class=\"w-flipbox-back\" style=\"display:none;\"><div class=\"w-flipbox-back-h\"><h4 class=\"w-flipbox-back-title\">Bachelor n\u00eb &#8220;Inxhinieri Agronomike&#8221;<\/h4><\/div><\/div><\/div><\/div><\/a><\/div><div class=\"w-hwrapper us_custom_0f8f44b7 valign_top stack_on_mobiles align_justify\"><a class=\"w-flipbox animation_cardflip direction_w\" href=\"https:\/\/unkorce.edu.al\/en\/archive\/unkorce_programet\/programet.php\/?fakulteti=fbu&amp;tipi=mp&amp;programi=inxhagr\"><div class=\"w-flipbox-h easing_ease\" style=\"transition-duration:0.5s;\"><div class=\"w-flipbox-hh\"><div class=\"w-flipbox-front\"><div class=\"w-flipbox-front-h\"><h4 class=\"w-flipbox-front-title\">Master Profesional n\u00eb &#8220;Inxhinieri Agrare, Profili Hortikultur\u00eb&#8221;<\/h4><\/div><\/div><div class=\"w-flipbox-back\" style=\"display:none;\"><div class=\"w-flipbox-back-h\"><h4 class=\"w-flipbox-back-title\">Master Profesional n\u00eb &#8220;Inxhinieri Agrare, Profili Hortikultur\u00eb&#8221;<\/h4><\/div><\/div><\/div><\/div><\/a><div class=\"w-flipbox animation_cardflip direction_w\"><div class=\"w-flipbox-h easing_ease\" style=\"transition-duration:0.5s;\"><div class=\"w-flipbox-hh\"><div class=\"w-flipbox-front\"><div class=\"w-flipbox-front-h\"><h4 class=\"w-flipbox-front-title\">Master i Shkencave n\u00eb &#8220;Shkenca Bujq\u00ebsore&#8221;<\/h4><\/div><\/div><div class=\"w-flipbox-back\" style=\"display:none;\"><div class=\"w-flipbox-back-h\"><h4 class=\"w-flipbox-back-title\">Master i Shkencave n\u00eb &#8220;Shkenca Bujq\u00ebsore&#8221;<\/h4><\/div><\/div><\/div><\/div><\/div><a class=\"w-flipbox animation_cardflip direction_w\" href=\"https:\/\/unkorce.edu.al\/en\/archive\/unkorce_programet\/programet.php\/?fakulteti=fbu&amp;tipi=doc&amp;programi=hq\"><div class=\"w-flipbox-h easing_ease\" style=\"transition-duration:0.5s;\"><div class=\"w-flipbox-hh\"><div class=\"w-flipbox-front\"><div class=\"w-flipbox-front-h\"><h4 class=\"w-flipbox-front-title\">&#8220;Doktorat\u00eb&#8221; n\u00eb &#8220;Hortikultur\u00eb e Q\u00ebndrueshme&#8221;<\/h4><\/div><\/div><div class=\"w-flipbox-back\" style=\"display:none;\"><div class=\"w-flipbox-back-h\"><h4 class=\"w-flipbox-back-title\">&#8220;Doktorat\u00eb&#8221; n\u00eb &#8220;Hortikultur\u00eb e Q\u00ebndrueshme&#8221;<\/h4><\/div><\/div><\/div><\/div><\/a><\/div><div class=\"w-hwrapper us_custom_0f8f44b7 valign_top stack_on_mobiles align_justify\"><a class=\"w-flipbox animation_cardflip direction_w\" href=\"https:\/\/unkorce.edu.al\/en\/archive\/unkorce_programet\/programet.php\/?fakulteti=fbu&amp;tipi=mp&amp;programi=inxhagr\"><div class=\"w-flipbox-h easing_ease\" style=\"transition-duration:0.5s;\"><div class=\"w-flipbox-hh\"><div class=\"w-flipbox-front\"><div class=\"w-flipbox-front-h\"><h4 class=\"w-flipbox-front-title\">\u201cMaster i Shkencave\u201d n\u00eb \u201cShkenca Bujq\u00ebsore\u201d<\/h4><\/div><\/div><div class=\"w-flipbox-back\" style=\"display:none;\"><div class=\"w-flipbox-back-h\"><h4 class=\"w-flipbox-back-title\">\u201cMaster i Shkencave\u201d n\u00eb \u201cShkenca Bujq\u00ebsore\u201d<\/h4><\/div><\/div><\/div><\/div><\/a><\/div><div class=\"w-separator size_medium\"><\/div><h2 class=\"w-text us_custom_c96a8a09\"><span class=\"w-text-h\"><span class=\"w-text-value\">STAFI<\/span><\/span><\/h2><div class=\"wpb_text_column us_custom_67df8fa0 has_text_color\"><div class=\"wpb_wrapper\"><p>Department of Agronomy<\/p>\n<p><a href=\"https:\/\/unkorce.edu.al\/en\/prof-as-dr-adrian-maho\/\">1. Prof.as.dr. Adrian Maho &#8211; P\u00ebrgjegj\u00ebs departamenti<\/a><br \/>2. <a href=\"https:\/\/unkorce.edu.al\/en\/besnik-skenderasi\/\">Prof.as.dr. Besnik Sk\u00ebnderasi &#8211; Dekan<\/a><br \/>3. Prof.dr. Robert Damo<br \/>4. Prof.as.dr. Nevruz Zeka<br \/>5. Prof.as.dr. Nikollaq Roshanji<br \/>6. Prof.as.dr. Pirro Icka<br \/>7. Dr. Yllson Shahinlli<\/p>\n<p>8. Teuta Shkembi Laborante, Sekretare<\/p>\n<\/div><\/div><\/div><\/div><\/div><\/div><\/section>","protected":false},"excerpt":{"rendered":"","protected":false},"author":15,"featured_media":0,"parent":0,"menu_order":0,"comment_status":"closed","ping_status":"closed","template":"","meta":{"_acf_changed":false,"footnotes":""},"class_list":["post-30678","page","type-page","status-publish","hentry"],"acf":[],"yoast_head":"<!-- This site is optimized with the Yoast SEO plugin v26.9 - https:\/\/yoast.com\/product\/yoast-seo-wordpress\/ -->\n<title>DEPARTAMENTI I AGRONOMIS\u00cb - Universiteti &quot;Fan S. Noli&quot;, Kor\u00e7\u00eb<\/title>\n<meta name=\"robots\" content=\"index, follow, max-snippet:-1, max-image-preview:large, max-video-preview:-1\" \/>\n<link rel=\"canonical\" href=\"https:\/\/unkorce.edu.al\/en\/departamenti-i-agronomise-2\/\" \/>\n<meta property=\"og:locale\" content=\"en_US\" \/>\n<meta property=\"og:type\" content=\"article\" \/>\n<meta property=\"og:title\" content=\"DEPARTAMENTI I AGRONOMIS\u00cb - Universiteti &quot;Fan S. Noli&quot;, Kor\u00e7\u00eb\" \/>\n<meta property=\"og:url\" content=\"https:\/\/unkorce.edu.al\/en\/departamenti-i-agronomise-2\/\" \/>\n<meta property=\"og:site_name\" content=\"Universiteti &quot;Fan S. Noli&quot;, Kor\u00e7\u00eb\" \/>\n<meta property=\"article:publisher\" content=\"https:\/\/www.facebook.com\/unkorce\" \/>\n<meta property=\"article:modified_time\" content=\"2026-02-05T08:05:34+00:00\" \/>\n<meta name=\"twitter:card\" content=\"summary_large_image\" \/>\n<meta name=\"twitter:label1\" content=\"Est. reading time\" \/>\n\t<meta name=\"twitter:data1\" content=\"2 minutes\" \/>\n<script type=\"application\/ld+json\" class=\"yoast-schema-graph\">{\"@context\":\"https:\/\/schema.org\",\"@graph\":[{\"@type\":\"WebPage\",\"@id\":\"https:\/\/unkorce.edu.al\/departamenti-i-agronomise-2\/\",\"url\":\"https:\/\/unkorce.edu.al\/departamenti-i-agronomise-2\/\",\"name\":\"DEPARTAMENTI I AGRONOMIS\u00cb - Universiteti \\\"Fan S. Noli\\\", Kor\u00e7\u00eb\",\"isPartOf\":{\"@id\":\"https:\/\/unkorce.edu.al\/#website\"},\"datePublished\":\"2024-12-18T13:33:28+00:00\",\"dateModified\":\"2026-02-05T08:05:34+00:00\",\"breadcrumb\":{\"@id\":\"https:\/\/unkorce.edu.al\/departamenti-i-agronomise-2\/#breadcrumb\"},\"inLanguage\":\"en-US\",\"potentialAction\":[{\"@type\":\"ReadAction\",\"target\":[\"https:\/\/unkorce.edu.al\/departamenti-i-agronomise-2\/\"]}]},{\"@type\":\"BreadcrumbList\",\"@id\":\"https:\/\/unkorce.edu.al\/departamenti-i-agronomise-2\/#breadcrumb\",\"itemListElement\":[{\"@type\":\"ListItem\",\"position\":1,\"name\":\"Home\",\"item\":\"https:\/\/unkorce.edu.al\/\"},{\"@type\":\"ListItem\",\"position\":2,\"name\":\"DEPARTAMENTI I AGRONOMIS\u00cb\"}]},{\"@type\":\"WebSite\",\"@id\":\"https:\/\/unkorce.edu.al\/#website\",\"url\":\"https:\/\/unkorce.edu.al\/\",\"name\":\"Universiteti \\\"Fan S. Noli\\\", Kor\u00e7\u00eb\",\"description\":\"Mir&euml;sevini n&euml; faqen zyrtare!\",\"publisher\":{\"@id\":\"https:\/\/unkorce.edu.al\/#organization\"},\"potentialAction\":[{\"@type\":\"SearchAction\",\"target\":{\"@type\":\"EntryPoint\",\"urlTemplate\":\"https:\/\/unkorce.edu.al\/?s={search_term_string}\"},\"query-input\":{\"@type\":\"PropertyValueSpecification\",\"valueRequired\":true,\"valueName\":\"search_term_string\"}}],\"inLanguage\":\"en-US\"},{\"@type\":\"Organization\",\"@id\":\"https:\/\/unkorce.edu.al\/#organization\",\"name\":\"Universiteti \\\"Fan S. Noli\\\", Kor\u00e7\u00eb\",\"url\":\"https:\/\/unkorce.edu.al\/\",\"logo\":{\"@type\":\"ImageObject\",\"inLanguage\":\"en-US\",\"@id\":\"https:\/\/unkorce.edu.al\/#\/schema\/logo\/image\/\",\"url\":\"https:\/\/unkorce.edu.al\/wp-content\/uploads\/2024\/08\/Logo_e_Universitetit__Fan_Noli_-e1726660879862.png\",\"contentUrl\":\"https:\/\/unkorce.edu.al\/wp-content\/uploads\/2024\/08\/Logo_e_Universitetit__Fan_Noli_-e1726660879862.png\",\"width\":200,\"height\":120,\"caption\":\"Universiteti \\\"Fan S. Noli\\\", Kor\u00e7\u00eb\"},\"image\":{\"@id\":\"https:\/\/unkorce.edu.al\/#\/schema\/logo\/image\/\"},\"sameAs\":[\"https:\/\/www.facebook.com\/unkorce\"]}]}<\/script>\n<!-- \/ Yoast SEO plugin. -->","yoast_head_json":{"title":"DEPARTAMENTI I AGRONOMIS\u00cb - Universiteti \"Fan S. Noli\", Kor\u00e7\u00eb","robots":{"index":"index","follow":"follow","max-snippet":"max-snippet:-1","max-image-preview":"max-image-preview:large","max-video-preview":"max-video-preview:-1"},"canonical":"https:\/\/unkorce.edu.al\/en\/departamenti-i-agronomise-2\/","og_locale":"en_US","og_type":"article","og_title":"DEPARTAMENTI I AGRONOMIS\u00cb - Universiteti \"Fan S. Noli\", Kor\u00e7\u00eb","og_url":"https:\/\/unkorce.edu.al\/en\/departamenti-i-agronomise-2\/","og_site_name":"Universiteti \"Fan S. Noli\", Kor\u00e7\u00eb","article_publisher":"https:\/\/www.facebook.com\/unkorce","article_modified_time":"2026-02-05T08:05:34+00:00","twitter_card":"summary_large_image","twitter_misc":{"Est. reading time":"2 minutes"},"schema":{"@context":"https:\/\/schema.org","@graph":[{"@type":"WebPage","@id":"https:\/\/unkorce.edu.al\/departamenti-i-agronomise-2\/","url":"https:\/\/unkorce.edu.al\/departamenti-i-agronomise-2\/","name":"DEPARTAMENTI I AGRONOMIS\u00cb - Universiteti \"Fan S. Noli\", Kor\u00e7\u00eb","isPartOf":{"@id":"https:\/\/unkorce.edu.al\/#website"},"datePublished":"2024-12-18T13:33:28+00:00","dateModified":"2026-02-05T08:05:34+00:00","breadcrumb":{"@id":"https:\/\/unkorce.edu.al\/departamenti-i-agronomise-2\/#breadcrumb"},"inLanguage":"en-US","potentialAction":[{"@type":"ReadAction","target":["https:\/\/unkorce.edu.al\/departamenti-i-agronomise-2\/"]}]},{"@type":"BreadcrumbList","@id":"https:\/\/unkorce.edu.al\/departamenti-i-agronomise-2\/#breadcrumb","itemListElement":[{"@type":"ListItem","position":1,"name":"Home","item":"https:\/\/unkorce.edu.al\/"},{"@type":"ListItem","position":2,"name":"DEPARTAMENTI I AGRONOMIS\u00cb"}]},{"@type":"WebSite","@id":"https:\/\/unkorce.edu.al\/#website","url":"https:\/\/unkorce.edu.al\/","name":"Universiteti \"Fan S. Noli\", Kor\u00e7\u00eb","description":"Mir&euml;sevini n&euml; faqen zyrtare!","publisher":{"@id":"https:\/\/unkorce.edu.al\/#organization"},"potentialAction":[{"@type":"SearchAction","target":{"@type":"EntryPoint","urlTemplate":"https:\/\/unkorce.edu.al\/?s={search_term_string}"},"query-input":{"@type":"PropertyValueSpecification","valueRequired":true,"valueName":"search_term_string"}}],"inLanguage":"en-US"},{"@type":"Organization","@id":"https:\/\/unkorce.edu.al\/#organization","name":"Universiteti \"Fan S. Noli\", Kor\u00e7\u00eb","url":"https:\/\/unkorce.edu.al\/","logo":{"@type":"ImageObject","inLanguage":"en-US","@id":"https:\/\/unkorce.edu.al\/#\/schema\/logo\/image\/","url":"https:\/\/unkorce.edu.al\/wp-content\/uploads\/2024\/08\/Logo_e_Universitetit__Fan_Noli_-e1726660879862.png","contentUrl":"https:\/\/unkorce.edu.al\/wp-content\/uploads\/2024\/08\/Logo_e_Universitetit__Fan_Noli_-e1726660879862.png","width":200,"height":120,"caption":"Universiteti \"Fan S. Noli\", Kor\u00e7\u00eb"},"image":{"@id":"https:\/\/unkorce.edu.al\/#\/schema\/logo\/image\/"},"sameAs":["https:\/\/www.facebook.com\/unkorce"]}]}},"_links":{"self":[{"href":"https:\/\/unkorce.edu.al\/en\/wp-json\/wp\/v2\/pages\/30678","targetHints":{"allow":["GET"]}}],"collection":[{"href":"https:\/\/unkorce.edu.al\/en\/wp-json\/wp\/v2\/pages"}],"about":[{"href":"https:\/\/unkorce.edu.al\/en\/wp-json\/wp\/v2\/types\/page"}],"author":[{"embeddable":true,"href":"https:\/\/unkorce.edu.al\/en\/wp-json\/wp\/v2\/users\/15"}],"replies":[{"embeddable":true,"href":"https:\/\/unkorce.edu.al\/en\/wp-json\/wp\/v2\/comments?post=30678"}],"version-history":[{"count":18,"href":"https:\/\/unkorce.edu.al\/en\/wp-json\/wp\/v2\/pages\/30678\/revisions"}],"predecessor-version":[{"id":36219,"href":"https:\/\/unkorce.edu.al\/en\/wp-json\/wp\/v2\/pages\/30678\/revisions\/36219"}],"wp:attachment":[{"href":"https:\/\/unkorce.edu.al\/en\/wp-json\/wp\/v2\/media?parent=30678"}],"curies":[{"name":"wp","href":"https:\/\/api.w.org\/{rel}","templated":true}]}}