{"id":30672,"date":"2024-12-18T13:25:40","date_gmt":"2024-12-18T13:25:40","guid":{"rendered":"https:\/\/unkorce.edu.al\/?page_id=30672"},"modified":"2025-01-30T12:16:13","modified_gmt":"2025-01-30T12:16:13","slug":"departamenti-i-historise-dhe-gjeografise","status":"publish","type":"page","link":"https:\/\/unkorce.edu.al\/en\/departamenti-i-historise-dhe-gjeografise\/","title":{"rendered":"DEPARTMENT OF HISTORY AND GEOGRAPHY"},"content":{"rendered":"<section class=\"l-section wpb_row height_medium\"><div class=\"l-section-h i-cf\"><div class=\"g-cols vc_row via_grid cols_1 laptops-cols_inherit tablets-cols_inherit mobiles-cols_1 valign_top type_default stacking_default\"><div class=\"wpb_column vc_column_container\"><div class=\"vc_column-inner\"><h1 class=\"w-text us_custom_30fd7efd\"><span class=\"w-text-h\"><span class=\"w-text-value\">DEPARTMENT OF HISTORY AND GEOGRAPHY<\/span><\/span><\/h1><div class=\"wpb_text_column\"><div class=\"wpb_wrapper\"><p>1 Misioni yn\u00eb \u00ebsht\u00eb pjes\u00eb e misionit t\u00eb Universitetit Fan S.Noli, Kor\u00e7\u00eb, dhe bazohet n\u00eb tre komponent\u00eb:<\/p>\n<p>&#8211; M\u00ebsimdh\u00ebnia: Departamenti p\u00ebrmes procesit m\u00ebsimor dhe \u00e7do veprimtarie ekstrakurikulare duhet t\u00eb synoj\u00eb p\u00ebrgatitjen profesionale t\u00eb specialist\u00ebve t\u00eb lart\u00eb n\u00eb fush\u00ebn e disiplinave te historis dhe gjeografise.<\/p>\n<p>&#8211; T\u00eb p\u00ebrgatis\u00eb specialist\u00eb n\u00eb fushat e historise, gjeografise, trashgimnise kulturore dhe natyrore, edukimit mjedisor etj, p\u00ebrmes p\u00ebrvet\u00ebsimit t\u00eb kompetencave specifike dhe sakt\u00ebsis\u00eb metodologjike, por dhe p\u00ebr t\u00eb nxitur formimin e nj\u00eb qytetari t\u00eb p\u00ebrgjegjsh\u00ebm n\u00eb sh\u00ebrbim t\u00eb shoq\u00ebris\u00eb.<\/p>\n<p>a. K\u00ebrkimi shkencor: t\u00eb kryej\u00eb studime shkencore p\u00ebr t\u00eb zhvilluar programet e studimit t\u00eb shkencave humane dhe filologjike dhe t\u00eb ofroj\u00eb sh\u00ebrbime p\u00ebr zgjidhjen e problemeve t\u00eb rajonit t\u00eb Kor\u00e7\u00ebs dhe t\u00eb shoq\u00ebris\u00eb shqiptare<\/p>\n<p>b. Liri akademike: t`i siguroj\u00eb stafit akademik \u00e7do mund\u00ebsi drejt k\u00ebrkimit shkencor t\u00eb pavarur dhe liri akademike n\u00eb pro\u00e7esin e m\u00ebsimdh\u00ebnies sipas dispozitave t\u00eb statutit t\u00eb UNIKO dhe legjislacionit n\u00eb fuqi.<\/p>\n<\/div><\/div><div class=\"w-vwrapper align_none valign_top\"><\/div><div class=\"w-separator size_medium\"><\/div><h2 class=\"w-text us_custom_c96a8a09\"><span class=\"w-text-h\"><span class=\"w-text-value\">PROGRAMET E STUDIMIT<\/span><\/span><\/h2><div class=\"w-hwrapper us_custom_8d5aa4e2 valign_top stack_on_mobiles align_justify\"><a class=\"w-flipbox animation_cardflip direction_w\" href=\"https:\/\/unkorce.edu.al\/en\/archive\/unkorce_programet\/programet.php\/?fakulteti=fef&amp;tipi=ba&amp;programi=hgj\"><div class=\"w-flipbox-h easing_ease\" style=\"transition-duration:0.5s;\"><div class=\"w-flipbox-hh\"><div class=\"w-flipbox-front\"><div class=\"w-flipbox-front-h\"><h4 class=\"w-flipbox-front-title\">&#8220;Bachelor&#8221; n\u00eb &#8220;Histori-Gjeografi&#8221;<\/h4><\/div><\/div><div class=\"w-flipbox-back\" style=\"display:none;\"><div class=\"w-flipbox-back-h\"><h4 class=\"w-flipbox-back-title\">&#8220;Bachelor&#8221; n\u00eb &#8220;Histori-Gjeografi&#8221;<\/h4><\/div><\/div><\/div><\/div><\/a><a class=\"w-flipbox animation_cardflip direction_w\" href=\"https:\/\/unkorce.edu.al\/en\/archive\/unkorce_programet\/programet.php\/?fakulteti=fef&amp;tipi=msh&amp;programi=hgj\"><div class=\"w-flipbox-h easing_ease\" style=\"transition-duration:0.5s;\"><div class=\"w-flipbox-hh\"><div class=\"w-flipbox-front\"><div class=\"w-flipbox-front-h\"><h4 class=\"w-flipbox-front-title\">&#8220;Master profesional&#8221; n\u00eb &#8220;M\u00ebsuesi n\u00eb Histori dhe Gjeografi&#8221;<\/h4><\/div><\/div><div class=\"w-flipbox-back\" style=\"display:none;\"><div class=\"w-flipbox-back-h\"><h4 class=\"w-flipbox-back-title\">&#8220;Master profesional&#8221; n\u00eb &#8220;M\u00ebsuesi n\u00eb Histori dhe Gjeografi&#8221;<\/h4><\/div><\/div><\/div><\/div><\/a><\/div><div class=\"w-hwrapper us_custom_8d5aa4e2 valign_top align_justify\"><\/div><div class=\"w-separator size_medium\"><\/div><h2 class=\"w-text us_custom_c96a8a09\"><span class=\"w-text-h\"><span class=\"w-text-value\">STAFI<\/span><\/span><\/h2><div class=\"wpb_text_column us_custom_67df8fa0 has_text_color\"><div class=\"wpb_wrapper\"><p>Departamenti i Historis\u00eb dhe Gjeografis\u00eb<\/p>\n<p>1. Prof.as.dr. Edlira Menkshi &#8211; P\u00ebrgjegj\u00ebs departamenti<br \/>\n2. Dr. Orjon Ago &#8211; Zv.dekan<br \/>\n3. Dr. Adelina Nexhipi<br \/>\n4. Prof. as. Alba Kreka<br \/>\n5. Dr. Ermiona Braholli<br \/>\n6. Dr. Ermira Jashiku<br \/>\n7. PhD. Metin Venxha<br \/>\n8. Msc. Dajana Sara\u00e7i<\/p>\n<\/div><\/div><\/div><\/div><\/div><\/div><\/section>","protected":false},"excerpt":{"rendered":"","protected":false},"author":19,"featured_media":0,"parent":0,"menu_order":0,"comment_status":"closed","ping_status":"closed","template":"","meta":{"_acf_changed":false,"footnotes":""},"class_list":["post-30672","page","type-page","status-publish","hentry"],"acf":[],"yoast_head":"<!-- This site is optimized with the Yoast SEO plugin v26.9 - https:\/\/yoast.com\/product\/yoast-seo-wordpress\/ -->\n<title>DEPARTAMENTI I HISTORIS\u00cb DHE GJEOGRAFIS\u00cb - Universiteti &quot;Fan S. Noli&quot;, Kor\u00e7\u00eb<\/title>\n<meta name=\"robots\" content=\"index, follow, max-snippet:-1, max-image-preview:large, max-video-preview:-1\" \/>\n<link rel=\"canonical\" href=\"https:\/\/unkorce.edu.al\/en\/departamenti-i-historise-dhe-gjeografise\/\" \/>\n<meta property=\"og:locale\" content=\"en_US\" \/>\n<meta property=\"og:type\" content=\"article\" \/>\n<meta property=\"og:title\" content=\"DEPARTAMENTI I HISTORIS\u00cb DHE GJEOGRAFIS\u00cb - Universiteti &quot;Fan S. Noli&quot;, Kor\u00e7\u00eb\" \/>\n<meta property=\"og:url\" content=\"https:\/\/unkorce.edu.al\/en\/departamenti-i-historise-dhe-gjeografise\/\" \/>\n<meta property=\"og:site_name\" content=\"Universiteti &quot;Fan S. Noli&quot;, Kor\u00e7\u00eb\" \/>\n<meta property=\"article:publisher\" content=\"https:\/\/www.facebook.com\/unkorce\" \/>\n<meta property=\"article:modified_time\" content=\"2025-01-30T12:16:13+00:00\" \/>\n<meta name=\"twitter:card\" content=\"summary_large_image\" \/>\n<meta name=\"twitter:label1\" content=\"Est. reading time\" \/>\n\t<meta name=\"twitter:data1\" content=\"2 minutes\" \/>\n<script type=\"application\/ld+json\" class=\"yoast-schema-graph\">{\"@context\":\"https:\/\/schema.org\",\"@graph\":[{\"@type\":\"WebPage\",\"@id\":\"https:\/\/unkorce.edu.al\/departamenti-i-historise-dhe-gjeografise\/\",\"url\":\"https:\/\/unkorce.edu.al\/departamenti-i-historise-dhe-gjeografise\/\",\"name\":\"DEPARTAMENTI I HISTORIS\u00cb DHE GJEOGRAFIS\u00cb - Universiteti \\\"Fan S. Noli\\\", Kor\u00e7\u00eb\",\"isPartOf\":{\"@id\":\"https:\/\/unkorce.edu.al\/#website\"},\"datePublished\":\"2024-12-18T13:25:40+00:00\",\"dateModified\":\"2025-01-30T12:16:13+00:00\",\"breadcrumb\":{\"@id\":\"https:\/\/unkorce.edu.al\/departamenti-i-historise-dhe-gjeografise\/#breadcrumb\"},\"inLanguage\":\"en-US\",\"potentialAction\":[{\"@type\":\"ReadAction\",\"target\":[\"https:\/\/unkorce.edu.al\/departamenti-i-historise-dhe-gjeografise\/\"]}]},{\"@type\":\"BreadcrumbList\",\"@id\":\"https:\/\/unkorce.edu.al\/departamenti-i-historise-dhe-gjeografise\/#breadcrumb\",\"itemListElement\":[{\"@type\":\"ListItem\",\"position\":1,\"name\":\"Home\",\"item\":\"https:\/\/unkorce.edu.al\/\"},{\"@type\":\"ListItem\",\"position\":2,\"name\":\"DEPARTAMENTI I HISTORIS\u00cb DHE GJEOGRAFIS\u00cb\"}]},{\"@type\":\"WebSite\",\"@id\":\"https:\/\/unkorce.edu.al\/#website\",\"url\":\"https:\/\/unkorce.edu.al\/\",\"name\":\"Universiteti \\\"Fan S. Noli\\\", Kor\u00e7\u00eb\",\"description\":\"Mir&euml;sevini n&euml; faqen zyrtare!\",\"publisher\":{\"@id\":\"https:\/\/unkorce.edu.al\/#organization\"},\"potentialAction\":[{\"@type\":\"SearchAction\",\"target\":{\"@type\":\"EntryPoint\",\"urlTemplate\":\"https:\/\/unkorce.edu.al\/?s={search_term_string}\"},\"query-input\":{\"@type\":\"PropertyValueSpecification\",\"valueRequired\":true,\"valueName\":\"search_term_string\"}}],\"inLanguage\":\"en-US\"},{\"@type\":\"Organization\",\"@id\":\"https:\/\/unkorce.edu.al\/#organization\",\"name\":\"Universiteti \\\"Fan S. Noli\\\", Kor\u00e7\u00eb\",\"url\":\"https:\/\/unkorce.edu.al\/\",\"logo\":{\"@type\":\"ImageObject\",\"inLanguage\":\"en-US\",\"@id\":\"https:\/\/unkorce.edu.al\/#\/schema\/logo\/image\/\",\"url\":\"https:\/\/unkorce.edu.al\/wp-content\/uploads\/2024\/08\/Logo_e_Universitetit__Fan_Noli_-e1726660879862.png\",\"contentUrl\":\"https:\/\/unkorce.edu.al\/wp-content\/uploads\/2024\/08\/Logo_e_Universitetit__Fan_Noli_-e1726660879862.png\",\"width\":200,\"height\":120,\"caption\":\"Universiteti \\\"Fan S. Noli\\\", Kor\u00e7\u00eb\"},\"image\":{\"@id\":\"https:\/\/unkorce.edu.al\/#\/schema\/logo\/image\/\"},\"sameAs\":[\"https:\/\/www.facebook.com\/unkorce\"]}]}<\/script>\n<!-- \/ Yoast SEO plugin. -->","yoast_head_json":{"title":"DEPARTAMENTI I HISTORIS\u00cb DHE GJEOGRAFIS\u00cb - Universiteti \"Fan S. Noli\", Kor\u00e7\u00eb","robots":{"index":"index","follow":"follow","max-snippet":"max-snippet:-1","max-image-preview":"max-image-preview:large","max-video-preview":"max-video-preview:-1"},"canonical":"https:\/\/unkorce.edu.al\/en\/departamenti-i-historise-dhe-gjeografise\/","og_locale":"en_US","og_type":"article","og_title":"DEPARTAMENTI I HISTORIS\u00cb DHE GJEOGRAFIS\u00cb - Universiteti \"Fan S. Noli\", Kor\u00e7\u00eb","og_url":"https:\/\/unkorce.edu.al\/en\/departamenti-i-historise-dhe-gjeografise\/","og_site_name":"Universiteti \"Fan S. Noli\", Kor\u00e7\u00eb","article_publisher":"https:\/\/www.facebook.com\/unkorce","article_modified_time":"2025-01-30T12:16:13+00:00","twitter_card":"summary_large_image","twitter_misc":{"Est. reading time":"2 minutes"},"schema":{"@context":"https:\/\/schema.org","@graph":[{"@type":"WebPage","@id":"https:\/\/unkorce.edu.al\/departamenti-i-historise-dhe-gjeografise\/","url":"https:\/\/unkorce.edu.al\/departamenti-i-historise-dhe-gjeografise\/","name":"DEPARTAMENTI I HISTORIS\u00cb DHE GJEOGRAFIS\u00cb - Universiteti \"Fan S. Noli\", Kor\u00e7\u00eb","isPartOf":{"@id":"https:\/\/unkorce.edu.al\/#website"},"datePublished":"2024-12-18T13:25:40+00:00","dateModified":"2025-01-30T12:16:13+00:00","breadcrumb":{"@id":"https:\/\/unkorce.edu.al\/departamenti-i-historise-dhe-gjeografise\/#breadcrumb"},"inLanguage":"en-US","potentialAction":[{"@type":"ReadAction","target":["https:\/\/unkorce.edu.al\/departamenti-i-historise-dhe-gjeografise\/"]}]},{"@type":"BreadcrumbList","@id":"https:\/\/unkorce.edu.al\/departamenti-i-historise-dhe-gjeografise\/#breadcrumb","itemListElement":[{"@type":"ListItem","position":1,"name":"Home","item":"https:\/\/unkorce.edu.al\/"},{"@type":"ListItem","position":2,"name":"DEPARTAMENTI I HISTORIS\u00cb DHE GJEOGRAFIS\u00cb"}]},{"@type":"WebSite","@id":"https:\/\/unkorce.edu.al\/#website","url":"https:\/\/unkorce.edu.al\/","name":"Universiteti \"Fan S. Noli\", Kor\u00e7\u00eb","description":"Mir&euml;sevini n&euml; faqen zyrtare!","publisher":{"@id":"https:\/\/unkorce.edu.al\/#organization"},"potentialAction":[{"@type":"SearchAction","target":{"@type":"EntryPoint","urlTemplate":"https:\/\/unkorce.edu.al\/?s={search_term_string}"},"query-input":{"@type":"PropertyValueSpecification","valueRequired":true,"valueName":"search_term_string"}}],"inLanguage":"en-US"},{"@type":"Organization","@id":"https:\/\/unkorce.edu.al\/#organization","name":"Universiteti \"Fan S. Noli\", Kor\u00e7\u00eb","url":"https:\/\/unkorce.edu.al\/","logo":{"@type":"ImageObject","inLanguage":"en-US","@id":"https:\/\/unkorce.edu.al\/#\/schema\/logo\/image\/","url":"https:\/\/unkorce.edu.al\/wp-content\/uploads\/2024\/08\/Logo_e_Universitetit__Fan_Noli_-e1726660879862.png","contentUrl":"https:\/\/unkorce.edu.al\/wp-content\/uploads\/2024\/08\/Logo_e_Universitetit__Fan_Noli_-e1726660879862.png","width":200,"height":120,"caption":"Universiteti \"Fan S. Noli\", Kor\u00e7\u00eb"},"image":{"@id":"https:\/\/unkorce.edu.al\/#\/schema\/logo\/image\/"},"sameAs":["https:\/\/www.facebook.com\/unkorce"]}]}},"_links":{"self":[{"href":"https:\/\/unkorce.edu.al\/en\/wp-json\/wp\/v2\/pages\/30672","targetHints":{"allow":["GET"]}}],"collection":[{"href":"https:\/\/unkorce.edu.al\/en\/wp-json\/wp\/v2\/pages"}],"about":[{"href":"https:\/\/unkorce.edu.al\/en\/wp-json\/wp\/v2\/types\/page"}],"author":[{"embeddable":true,"href":"https:\/\/unkorce.edu.al\/en\/wp-json\/wp\/v2\/users\/19"}],"replies":[{"embeddable":true,"href":"https:\/\/unkorce.edu.al\/en\/wp-json\/wp\/v2\/comments?post=30672"}],"version-history":[{"count":8,"href":"https:\/\/unkorce.edu.al\/en\/wp-json\/wp\/v2\/pages\/30672\/revisions"}],"predecessor-version":[{"id":31360,"href":"https:\/\/unkorce.edu.al\/en\/wp-json\/wp\/v2\/pages\/30672\/revisions\/31360"}],"wp:attachment":[{"href":"https:\/\/unkorce.edu.al\/en\/wp-json\/wp\/v2\/media?parent=30672"}],"curies":[{"name":"wp","href":"https:\/\/api.w.org\/{rel}","templated":true}]}}