{"id":30664,"date":"2024-12-18T13:18:35","date_gmt":"2024-12-18T13:18:35","guid":{"rendered":"https:\/\/unkorce.edu.al\/?page_id=30664"},"modified":"2026-02-05T08:03:50","modified_gmt":"2026-02-05T08:03:50","slug":"departamenti-i-gjuhes-dhe-letersise","status":"publish","type":"page","link":"https:\/\/unkorce.edu.al\/en\/departamenti-i-gjuhes-dhe-letersise\/","title":{"rendered":"DEPARTMENT OF LANGUAGE AND LITERATURE"},"content":{"rendered":"<section class=\"l-section wpb_row height_medium\"><div class=\"l-section-h i-cf\"><div class=\"g-cols vc_row via_grid cols_1 laptops-cols_inherit tablets-cols_inherit mobiles-cols_1 valign_top type_default stacking_default\"><div class=\"wpb_column vc_column_container\"><div class=\"vc_column-inner\"><h1 class=\"w-text us_custom_30fd7efd\"><span class=\"w-text-h\"><span class=\"w-text-value\">DEPARTMENT OF LANGUAGE AND LITERATURE<\/span><\/span><\/h1><div class=\"wpb_text_column\"><div class=\"wpb_wrapper\"><p>. Departamenti i Gjuh\u00eb-Let\u00ebrsis\u00eb \u00ebsht\u00eb nj\u00eb prej 4 departamenteve n\u00eb p\u00ebrb\u00ebrje t\u00eb fakultetit t\u00eb Edukimit dhe Filologjis\u00eb, n\u00eb Universitetin \u201cFan S Noli\u201d. Programi i studimit t\u00eb ciklit t\u00eb par\u00eb \u201cGjuh\u00eb-Let\u00ebrsi\u201d u hap p\u00ebr her\u00eb t\u00eb par\u00eb n\u00eb vitin 2005, sipas Vendimit t\u00eb Ministris\u00eb s\u00eb Arsimit dhe Shkenc\u00ebs, Nr.402, dat\u00eb 25.05.2005 dhe kishte n\u00eb p\u00ebrb\u00ebrjen e tij 6 pedagog\u00eb efektiv\u00eb. N\u00eb vitet n\u00eb vazhdim, p\u00ebr nevoja t\u00eb brendshme t\u00eb departamentit, u rrit numri i stafit akademik dhe sot ai p\u00ebrb\u00ebhet prej 12 pedagog\u00ebsh(7 pedagog\u00eb t\u00eb gjuh\u00ebsis\u00eb dhe 5 t\u00eb let\u00ebrsis\u00eb).<\/p>\n<p>N\u00eb vitin 2008, hapen programet e studimit t\u00eb ciklit t\u00eb dyt\u00eb\u00a0<strong><em>\u201cMaster i nivelit t\u00eb par\u00eb\u201d<\/em><\/strong>\u00a0p\u00ebr Ciklin e Lart\u00eb t\u00eb Arsimit Baz\u00eb (CLAB) n\u00eb Gjuh\u00eb-Let\u00ebrsi dhe\u00a0<strong>\u201c<em>Master i nivelit t\u00eb par\u00eb\u201d<\/em><\/strong><em>\u00a0<\/em>p\u00ebr arsimin e mes\u00ebm (AM) n\u00eb l\u00ebnd\u00ebt \u201cGjuh\u00eb-Let\u00ebrsi\u201d. N\u00eb vitin 2010<em>,<\/em>\u00a0b\u00ebhet ristrukturimi i programeve t\u00eb ciklit t\u00eb dyt\u00eb\u00a0<strong><em>\u201cMaster Profesional\u201d<\/em><\/strong>\u00a0p\u00ebr Arsimin e Mes\u00ebm t\u00eb Lart\u00eb (AML) n\u00eb Gjuh\u00eb-Let\u00ebrsi me profil minor n\u00eb \u201cArte\u201d, si dhe\u00a0<strong><em>\u201cMaster Profesional\u201d<\/em><\/strong>\u00a0n\u00eb Gjuh\u00eb-Let\u00ebrsi me profil minor n\u00eb \u201cSporte\u201d. N\u00eb vitin 2018 b\u00ebhet ristrukturimi i k\u00ebtij programi n\u00eb\u00a0<strong><em>\u201cMaster Profesional n\u00eb \u201cM\u00ebsuesi p\u00ebr Gjuh\u00eb-Let\u00ebrsi\u201d me 120 kredite.\u00a0<\/em><\/strong><em>Po n\u00eb vitin 2018 departamenti hap programin e studimit\u00a0<strong>Master i shkencave n\u00eb \u201cKultur\u00eb Media dhe Editim\u201d\u00a0<\/strong>dhe programin<strong>\u00a0Profesional 2-Vje<\/strong>\u00a0<\/em><strong>\u00e7<\/strong>\u00a0<strong><em>ar \u201dMb\u00ebshtet\u00ebs zyre p\u00ebr Komunikim, Biblotek\u00eb dhe Arkiv\u201d\u00a0<\/em><\/strong><em>dhe p\u00ebrgatiti dokumentacionin p\u00ebrkat\u00ebs p\u00ebr hapjen e nj\u00eb programi t\u00eb ri bachelor\u00a0<strong>\u201d Media dhe kultur\u00eb filologjike\u201d,\u00a0<\/strong>i cili pritet te miratohet dhe t\u00eb inicioj\u00eb n\u00eb vitin e ardhsh\u00ebm akademik 2021-2022.\u00a0<\/em>Aktualisht Departamenti ka nj\u00eb struktur\u00eb t\u00eb mir\u00ebfillt\u00eb m\u00ebsimore-k\u00ebrkimore e pasqyruar kjo n\u00eb nj\u00eb staf akademik t\u00eb kualifikuar dhe t\u00eb motivuar p\u00ebr promovim t\u00eb m\u00ebtejsh\u00ebm shkencor, si dhe n\u00eb infrastuktur\u00ebn e p\u00ebrshtatshme m\u00ebsimore t\u00eb cil\u00ebn e shfryt\u00ebzon p\u00ebr arritjen e rezultateve t\u00eb t\u00eb nx\u00ebnit n\u00eb kuad\u00ebr t\u00eb objektivave t\u00eb secilit prej programeve t\u00eb studimit. Gjat\u00eb vitit akademik 2018-2019 Departamenti i Gjuh\u00ebve t\u00eb huaj p\u00ebrvijoi aktivitetin e vet m\u00ebsimor dhe k\u00ebrkimor t\u00eb filluar tashm\u00eb nj\u00eb vit m\u00eb par\u00eb n\u00eb lidhje me drejtimet e m\u00ebposhtme.<\/p>\n<p>Departamenti i Gjuh\u00eb-Let\u00ebrsis\u00eb synon n\u00ebp\u00ebrmjet veprimtaris\u00eb akademike, m\u00ebsimore dhe shkencore:<\/p>\n<p><strong><em>1.\u00a0<\/em><\/strong><em>Ofrimin e programeve t\u00eb studimit q\u00eb formojn\u00eb specialist\u00eb n\u00eb fush\u00ebn e gjuh\u00ebsis\u00eb dhe let\u00ebrsis\u00eb, si dhe n\u00eb fushat e m\u00ebsimdh\u00ebnies dhe t\u00eb nx\u00ebnit t\u00eb k\u00ebtyre fushave.\u00a0<\/em><em>Formimi shkencor dhe profesional t\u00eb student\u00ebve si m\u00ebsues t\u00eb ardhsh\u00ebm t\u00eb gjuh\u00ebs let\u00ebrsis\u00eb shqipe, t\u00eb aft\u00eb p\u00ebr t\u2019iu p\u00ebrgjigjur n\u00eb m\u00ebnyr\u00eb konkrete k\u00ebrkesave t\u00eb realitetit shqiptar, duke p\u00ebrdorur metoda dhe mjete t\u00eb p\u00ebrshtatshme p\u00ebr nevojat gjuh\u00ebsore t\u00eb f\u00ebmij\u00ebve, adoleshent\u00ebve, t\u00eb rriturve dhe p\u00ebr t\u00eb ndihmuar edukimin nd\u00ebrkulturor p\u00ebr nj\u00eb l\u00ebvizje t\u00eb lir\u00eb si n\u00ebp\u00ebrmjet programeve t\u00eb studimit ashtu edhe p\u00ebr pun\u00ebsim.<\/em><\/p>\n<p><strong><em>2.\u00a0<\/em><\/strong><em>Ofrimin e programeve t\u00eb studimit q\u00eb formojn\u00eb specialist\u00eb t\u00eb kualifikuar n\u00eb fush\u00ebn e medias,kultur\u00ebs dhe editimit.<\/em><\/p>\n<p><strong><em>3.\u00a0<\/em><\/strong><em>Ofrimin e programeve t\u00eb studimit me karakter profesional, q\u00eb formojn\u00eb punonj\u00ebs mb\u00ebshtet\u00ebs p\u00ebr zyrat, bibliotekat dhe arkivat<\/em><\/p>\n<p><strong><em>4.\u00a0<\/em><\/strong><em>Sigurimin e vazhduesh\u00ebm t\u00eb cil\u00ebsis\u00eb s\u00eb brendshme dhe ruajtjen e konkurrenc\u00ebs s\u00eb diplomave n\u00eb kontekstin e arsimit t\u00eb lart\u00eb n\u00eb vend, si dhe n\u00eb kontekstin e arsimit t\u00eb lart\u00eb n\u00eb p\u00ebrgjith\u00ebsi<\/em><\/p>\n<p><strong><em>5.\u00a0<\/em><\/strong><em>Rritjen e cil\u00ebsis\u00eb s\u00eb k\u00ebrkimit shkencor dhe v\u00ebnien e tij n\u00eb dispozicion t\u00eb zhvillimit shoq\u00ebror dhe kulturor t\u00eb rajonit.<\/em><\/p>\n<p><strong><em>6<\/em><\/strong>\u00a0<em>.\u00a0<\/em><em>P\u00ebrdorimin<strong>\u00a0of<\/strong>\u00a0metoda<strong>ve<\/strong>\u00a0q\u00eb sigurojn\u00eb nj\u00eb p\u00ebrvet\u00ebsim aktiv t\u00eb aft\u00ebsive komunikuese t\u00eb gjuh\u00ebs dhe let\u00ebrsis\u00eb n\u00eb seminare dhe n\u00eb praktik\u00ebn m\u00ebsimore t\u00eb v\u00ebzhguar n\u00eb shkoll\u00eb.<\/em><\/p>\n<p>Si nj\u00eb nj\u00ebsi p\u00ebrb\u00ebr\u00ebse e Fakultetit t\u00eb Edukimit dhe Filologjis\u00eb, departamenti i Gjuh\u00eb-Let\u00ebrsis\u00eb ka si mision krijimin, zhvillimin, transmetimin dhe mbrojtjen e dijeve me an\u00eb t\u00eb m\u00ebsimdh\u00ebnies dhe k\u00ebrkimit shkencor.<\/p>\n<\/div><\/div><div class=\"w-vwrapper align_none valign_top\"><\/div><div class=\"w-separator size_medium\"><\/div><h2 class=\"w-text us_custom_c96a8a09\"><span class=\"w-text-h\"><span class=\"w-text-value\">PROGRAMET E STUDIMIT<\/span><\/span><\/h2><div class=\"w-hwrapper us_custom_8d5aa4e2 valign_top stack_on_mobiles align_justify\"><a class=\"w-flipbox animation_cardflip direction_w\" href=\"https:\/\/unkorce.edu.al\/en\/archive\/unkorce_programet\/programet.php\/?fakulteti=fef&amp;tipi=ba&amp;programi=gjl\"><div class=\"w-flipbox-h easing_ease\" style=\"transition-duration:0.5s;\"><div class=\"w-flipbox-hh\"><div class=\"w-flipbox-front\"><div class=\"w-flipbox-front-h\"><h4 class=\"w-flipbox-front-title\">&#8220;Bachelor&#8221; n\u00eb &#8220;Gjuh\u00eb- Let\u00ebrsi&#8221;<\/h4><\/div><\/div><div class=\"w-flipbox-back\" style=\"display:none;\"><div class=\"w-flipbox-back-h\"><h4 class=\"w-flipbox-back-title\">&#8220;Bachelor&#8221; n\u00eb &#8220;Gjuh\u00eb- Let\u00ebrsi&#8221;<\/h4><\/div><\/div><\/div><\/div><\/a><a class=\"w-flipbox animation_cardflip direction_w\" href=\"https:\/\/unkorce.edu.al\/en\/archive\/unkorce_programet\/programet.php\/?fakulteti=fef&amp;tipi=ba&amp;programi=gjlgjp\"><div class=\"w-flipbox-h easing_ease\" style=\"transition-duration:0.5s;\"><div class=\"w-flipbox-hh\"><div class=\"w-flipbox-front\"><div class=\"w-flipbox-front-h\"><h4 class=\"w-flipbox-front-title\">&#8220;Bachelor&#8221; n\u00eb &#8220;Gjuh\u00eb- Let\u00ebrsi shqipe dhe gjuh\u00eb pakicash\u201d<\/h4><\/div><\/div><div class=\"w-flipbox-back\" style=\"display:none;\"><div class=\"w-flipbox-back-h\"><h4 class=\"w-flipbox-back-title\">&#8220;Bachelor&#8221; n\u00eb &#8220;Gjuh\u00eb- Let\u00ebrsi shqipe dhe gjuh\u00eb pakicash\u201d<\/h4><\/div><\/div><\/div><\/div><\/a><a class=\"w-flipbox animation_cardflip direction_w\" href=\"https:\/\/unkorce.edu.al\/en\/archive\/unkorce_programet\/programet.php\/?fakulteti=fef&amp;tipi=msh&amp;programi=kme\"><div class=\"w-flipbox-h easing_ease\" style=\"transition-duration:0.5s;\"><div class=\"w-flipbox-hh\"><div class=\"w-flipbox-front\"><div class=\"w-flipbox-front-h\"><h4 class=\"w-flipbox-front-title\">&#8220;Master i Shkencave&#8221; n\u00eb &#8220;Kultur\u00eb, Media dhe Editim&#8221;<\/h4><\/div><\/div><div class=\"w-flipbox-back\" style=\"display:none;\"><div class=\"w-flipbox-back-h\"><h4 class=\"w-flipbox-back-title\">&#8220;Master i Shkencave&#8221; n\u00eb &#8220;Kultur\u00eb, Media dhe Editim&#8221;<\/h4><\/div><\/div><\/div><\/div><\/a><\/div><div class=\"w-hwrapper us_custom_8d5aa4e2 valign_top stack_on_mobiles align_justify\"><a class=\"w-flipbox animation_cardflip direction_w\" href=\"https:\/\/unkorce.edu.al\/en\/archive\/unkorce_programet\/programet.php\/?fakulteti=fef&amp;tipi=msh&amp;programi=gjl\"><div class=\"w-flipbox-h easing_ease\" style=\"transition-duration:0.5s;\"><div class=\"w-flipbox-hh\"><div class=\"w-flipbox-front\"><div class=\"w-flipbox-front-h\"><h4 class=\"w-flipbox-front-title\">&#8220;Master profesional&#8221; n\u00eb &#8220;M\u00ebsues p\u00ebr Gjuh\u00eb Shqipe dhe Let\u00ebrsi &#8220;<\/h4><\/div><\/div><div class=\"w-flipbox-back\" style=\"display:none;\"><div class=\"w-flipbox-back-h\"><h4 class=\"w-flipbox-back-title\">&#8220;Master profesional&#8221; n\u00eb &#8220;M\u00ebsues p\u00ebr Gjuh\u00eb Shqipe dhe Let\u00ebrsi &#8220;<\/h4><\/div><\/div><\/div><\/div><\/a><a class=\"w-flipbox animation_cardflip direction_w\" href=\"https:\/\/unkorce.edu.al\/en\/archive\/unkorce_programet\/programet.php\/?fakulteti=fef&amp;tipi=pp&amp;programi=mzkba\"><div class=\"w-flipbox-h easing_ease\" style=\"transition-duration:0.5s;\"><div class=\"w-flipbox-hh\"><div class=\"w-flipbox-front\"><div class=\"w-flipbox-front-h\"><h4 class=\"w-flipbox-front-title\">Program profesional 2- vje\u00e7ar &#8220;Mb\u00ebshtet\u00ebs Zyre p\u00ebr Komunikimin, Bibliotek\u00eb dhe Arkiv\u00eb&#8221;<\/h4><\/div><\/div><div class=\"w-flipbox-back\" style=\"display:none;\"><div class=\"w-flipbox-back-h\"><h4 class=\"w-flipbox-back-title\">Program profesional 2- vje\u00e7ar &#8220;Mb\u00ebshtet\u00ebs Zyre p\u00ebr Komunikimin, Bibliotek\u00eb dhe Arkiv\u00eb&#8221;<\/h4><\/div><\/div><\/div><\/div><\/a><\/div><div class=\"w-hwrapper us_custom_8d5aa4e2 valign_top stack_on_mobiles align_justify\"><a class=\"w-flipbox animation_cardflip direction_w\" href=\"https:\/\/unkorce.edu.al\/en\/archive\/unkorce_programet\/programet.php\/?fakulteti=fef&amp;tipi=msh&amp;programi=gjl\"><div class=\"w-flipbox-h easing_ease\" style=\"transition-duration:0.5s;\"><div class=\"w-flipbox-hh\"><div class=\"w-flipbox-front\"><div class=\"w-flipbox-front-h\"><h4 class=\"w-flipbox-front-title\">&#8220;Doktorat\u00eb&#8221; n\u00eb &#8220;Studime Gjuh\u00ebsore dhe Etno-Kulturore n\u00eb Rajonin e Ballkanit&#8221;<\/h4><\/div><\/div><div class=\"w-flipbox-back\" style=\"display:none;\"><div class=\"w-flipbox-back-h\"><h4 class=\"w-flipbox-back-title\">Program i p\u00ebrbashk\u00ebt me Universitetin &#8220;Timishoara&#8221;, Rumani<\/h4><\/div><\/div><\/div><\/div><\/a><\/div><div class=\"w-hwrapper valign_top align_justify\"><\/div><div class=\"w-separator size_medium\"><\/div><h2 class=\"w-text us_custom_c96a8a09\"><span class=\"w-text-h\"><span class=\"w-text-value\">STAFI<\/span><\/span><\/h2><div class=\"wpb_text_column us_custom_67df8fa0 has_text_color\"><div class=\"wpb_wrapper\"><p>Departamenti i Gjuh\u00ebs dhe Let\u00ebrsis\u00eb<\/p>\n<p>1. Prof.as.dr. Eris Rusi &#8211; P\u00ebrgjegj\u00ebs departamenti<br \/>\n2. Prof.as.dr. Jonela Spaho &#8211; Dekan<br \/>\n3. Prof.dr. Ali Jashari<br \/>\n4. Prof.as.dr. Anyla Sara\u00e7i<br \/>\n5. Prof.as.dr. Elona \u00c7e\u00e7e<br \/>\n6. Dr. Ilir Shyta<br \/>\n7. Dr. Olger Brame<br \/>\n8. Msc. Lonora Hysolli<\/p>\n<\/div><\/div><\/div><\/div><\/div><\/div><\/section>","protected":false},"excerpt":{"rendered":"","protected":false},"author":21,"featured_media":0,"parent":0,"menu_order":0,"comment_status":"closed","ping_status":"closed","template":"","meta":{"_acf_changed":false,"footnotes":""},"class_list":["post-30664","page","type-page","status-publish","hentry"],"acf":[],"yoast_head":"<!-- This site is optimized with the Yoast SEO plugin v26.9 - https:\/\/yoast.com\/product\/yoast-seo-wordpress\/ -->\n<title>DEPARTAMENTI I GJUH\u00cbS DHE LET\u00cbRSIS\u00cb - Universiteti &quot;Fan S. Noli&quot;, Kor\u00e7\u00eb<\/title>\n<meta name=\"robots\" content=\"index, follow, max-snippet:-1, max-image-preview:large, max-video-preview:-1\" \/>\n<link rel=\"canonical\" href=\"https:\/\/unkorce.edu.al\/en\/departamenti-i-gjuhes-dhe-letersise\/\" \/>\n<meta property=\"og:locale\" content=\"en_US\" \/>\n<meta property=\"og:type\" content=\"article\" \/>\n<meta property=\"og:title\" content=\"DEPARTAMENTI I GJUH\u00cbS DHE LET\u00cbRSIS\u00cb - Universiteti &quot;Fan S. Noli&quot;, Kor\u00e7\u00eb\" \/>\n<meta property=\"og:url\" content=\"https:\/\/unkorce.edu.al\/en\/departamenti-i-gjuhes-dhe-letersise\/\" \/>\n<meta property=\"og:site_name\" content=\"Universiteti &quot;Fan S. Noli&quot;, Kor\u00e7\u00eb\" \/>\n<meta property=\"article:publisher\" content=\"https:\/\/www.facebook.com\/unkorce\" \/>\n<meta property=\"article:modified_time\" content=\"2026-02-05T08:03:50+00:00\" \/>\n<meta name=\"twitter:card\" content=\"summary_large_image\" \/>\n<meta name=\"twitter:label1\" content=\"Est. reading time\" \/>\n\t<meta name=\"twitter:data1\" content=\"4 minutes\" \/>\n<script type=\"application\/ld+json\" class=\"yoast-schema-graph\">{\"@context\":\"https:\/\/schema.org\",\"@graph\":[{\"@type\":\"WebPage\",\"@id\":\"https:\/\/unkorce.edu.al\/departamenti-i-gjuhes-dhe-letersise\/\",\"url\":\"https:\/\/unkorce.edu.al\/departamenti-i-gjuhes-dhe-letersise\/\",\"name\":\"DEPARTAMENTI I GJUH\u00cbS DHE LET\u00cbRSIS\u00cb - Universiteti \\\"Fan S. Noli\\\", Kor\u00e7\u00eb\",\"isPartOf\":{\"@id\":\"https:\/\/unkorce.edu.al\/#website\"},\"datePublished\":\"2024-12-18T13:18:35+00:00\",\"dateModified\":\"2026-02-05T08:03:50+00:00\",\"breadcrumb\":{\"@id\":\"https:\/\/unkorce.edu.al\/departamenti-i-gjuhes-dhe-letersise\/#breadcrumb\"},\"inLanguage\":\"en-US\",\"potentialAction\":[{\"@type\":\"ReadAction\",\"target\":[\"https:\/\/unkorce.edu.al\/departamenti-i-gjuhes-dhe-letersise\/\"]}]},{\"@type\":\"BreadcrumbList\",\"@id\":\"https:\/\/unkorce.edu.al\/departamenti-i-gjuhes-dhe-letersise\/#breadcrumb\",\"itemListElement\":[{\"@type\":\"ListItem\",\"position\":1,\"name\":\"Home\",\"item\":\"https:\/\/unkorce.edu.al\/\"},{\"@type\":\"ListItem\",\"position\":2,\"name\":\"DEPARTAMENTI I GJUH\u00cbS DHE LET\u00cbRSIS\u00cb\"}]},{\"@type\":\"WebSite\",\"@id\":\"https:\/\/unkorce.edu.al\/#website\",\"url\":\"https:\/\/unkorce.edu.al\/\",\"name\":\"Universiteti \\\"Fan S. Noli\\\", Kor\u00e7\u00eb\",\"description\":\"Mir&euml;sevini n&euml; faqen zyrtare!\",\"publisher\":{\"@id\":\"https:\/\/unkorce.edu.al\/#organization\"},\"potentialAction\":[{\"@type\":\"SearchAction\",\"target\":{\"@type\":\"EntryPoint\",\"urlTemplate\":\"https:\/\/unkorce.edu.al\/?s={search_term_string}\"},\"query-input\":{\"@type\":\"PropertyValueSpecification\",\"valueRequired\":true,\"valueName\":\"search_term_string\"}}],\"inLanguage\":\"en-US\"},{\"@type\":\"Organization\",\"@id\":\"https:\/\/unkorce.edu.al\/#organization\",\"name\":\"Universiteti \\\"Fan S. Noli\\\", Kor\u00e7\u00eb\",\"url\":\"https:\/\/unkorce.edu.al\/\",\"logo\":{\"@type\":\"ImageObject\",\"inLanguage\":\"en-US\",\"@id\":\"https:\/\/unkorce.edu.al\/#\/schema\/logo\/image\/\",\"url\":\"https:\/\/unkorce.edu.al\/wp-content\/uploads\/2024\/08\/Logo_e_Universitetit__Fan_Noli_-e1726660879862.png\",\"contentUrl\":\"https:\/\/unkorce.edu.al\/wp-content\/uploads\/2024\/08\/Logo_e_Universitetit__Fan_Noli_-e1726660879862.png\",\"width\":200,\"height\":120,\"caption\":\"Universiteti \\\"Fan S. Noli\\\", Kor\u00e7\u00eb\"},\"image\":{\"@id\":\"https:\/\/unkorce.edu.al\/#\/schema\/logo\/image\/\"},\"sameAs\":[\"https:\/\/www.facebook.com\/unkorce\"]}]}<\/script>\n<!-- \/ Yoast SEO plugin. -->","yoast_head_json":{"title":"DEPARTAMENTI I GJUH\u00cbS DHE LET\u00cbRSIS\u00cb - Universiteti \"Fan S. Noli\", Kor\u00e7\u00eb","robots":{"index":"index","follow":"follow","max-snippet":"max-snippet:-1","max-image-preview":"max-image-preview:large","max-video-preview":"max-video-preview:-1"},"canonical":"https:\/\/unkorce.edu.al\/en\/departamenti-i-gjuhes-dhe-letersise\/","og_locale":"en_US","og_type":"article","og_title":"DEPARTAMENTI I GJUH\u00cbS DHE LET\u00cbRSIS\u00cb - Universiteti \"Fan S. Noli\", Kor\u00e7\u00eb","og_url":"https:\/\/unkorce.edu.al\/en\/departamenti-i-gjuhes-dhe-letersise\/","og_site_name":"Universiteti \"Fan S. Noli\", Kor\u00e7\u00eb","article_publisher":"https:\/\/www.facebook.com\/unkorce","article_modified_time":"2026-02-05T08:03:50+00:00","twitter_card":"summary_large_image","twitter_misc":{"Est. reading time":"4 minutes"},"schema":{"@context":"https:\/\/schema.org","@graph":[{"@type":"WebPage","@id":"https:\/\/unkorce.edu.al\/departamenti-i-gjuhes-dhe-letersise\/","url":"https:\/\/unkorce.edu.al\/departamenti-i-gjuhes-dhe-letersise\/","name":"DEPARTAMENTI I GJUH\u00cbS DHE LET\u00cbRSIS\u00cb - Universiteti \"Fan S. Noli\", Kor\u00e7\u00eb","isPartOf":{"@id":"https:\/\/unkorce.edu.al\/#website"},"datePublished":"2024-12-18T13:18:35+00:00","dateModified":"2026-02-05T08:03:50+00:00","breadcrumb":{"@id":"https:\/\/unkorce.edu.al\/departamenti-i-gjuhes-dhe-letersise\/#breadcrumb"},"inLanguage":"en-US","potentialAction":[{"@type":"ReadAction","target":["https:\/\/unkorce.edu.al\/departamenti-i-gjuhes-dhe-letersise\/"]}]},{"@type":"BreadcrumbList","@id":"https:\/\/unkorce.edu.al\/departamenti-i-gjuhes-dhe-letersise\/#breadcrumb","itemListElement":[{"@type":"ListItem","position":1,"name":"Home","item":"https:\/\/unkorce.edu.al\/"},{"@type":"ListItem","position":2,"name":"DEPARTAMENTI I GJUH\u00cbS DHE LET\u00cbRSIS\u00cb"}]},{"@type":"WebSite","@id":"https:\/\/unkorce.edu.al\/#website","url":"https:\/\/unkorce.edu.al\/","name":"Universiteti \"Fan S. Noli\", Kor\u00e7\u00eb","description":"Mir&euml;sevini n&euml; faqen zyrtare!","publisher":{"@id":"https:\/\/unkorce.edu.al\/#organization"},"potentialAction":[{"@type":"SearchAction","target":{"@type":"EntryPoint","urlTemplate":"https:\/\/unkorce.edu.al\/?s={search_term_string}"},"query-input":{"@type":"PropertyValueSpecification","valueRequired":true,"valueName":"search_term_string"}}],"inLanguage":"en-US"},{"@type":"Organization","@id":"https:\/\/unkorce.edu.al\/#organization","name":"Universiteti \"Fan S. Noli\", Kor\u00e7\u00eb","url":"https:\/\/unkorce.edu.al\/","logo":{"@type":"ImageObject","inLanguage":"en-US","@id":"https:\/\/unkorce.edu.al\/#\/schema\/logo\/image\/","url":"https:\/\/unkorce.edu.al\/wp-content\/uploads\/2024\/08\/Logo_e_Universitetit__Fan_Noli_-e1726660879862.png","contentUrl":"https:\/\/unkorce.edu.al\/wp-content\/uploads\/2024\/08\/Logo_e_Universitetit__Fan_Noli_-e1726660879862.png","width":200,"height":120,"caption":"Universiteti \"Fan S. Noli\", Kor\u00e7\u00eb"},"image":{"@id":"https:\/\/unkorce.edu.al\/#\/schema\/logo\/image\/"},"sameAs":["https:\/\/www.facebook.com\/unkorce"]}]}},"_links":{"self":[{"href":"https:\/\/unkorce.edu.al\/en\/wp-json\/wp\/v2\/pages\/30664","targetHints":{"allow":["GET"]}}],"collection":[{"href":"https:\/\/unkorce.edu.al\/en\/wp-json\/wp\/v2\/pages"}],"about":[{"href":"https:\/\/unkorce.edu.al\/en\/wp-json\/wp\/v2\/types\/page"}],"author":[{"embeddable":true,"href":"https:\/\/unkorce.edu.al\/en\/wp-json\/wp\/v2\/users\/21"}],"replies":[{"embeddable":true,"href":"https:\/\/unkorce.edu.al\/en\/wp-json\/wp\/v2\/comments?post=30664"}],"version-history":[{"count":11,"href":"https:\/\/unkorce.edu.al\/en\/wp-json\/wp\/v2\/pages\/30664\/revisions"}],"predecessor-version":[{"id":36217,"href":"https:\/\/unkorce.edu.al\/en\/wp-json\/wp\/v2\/pages\/30664\/revisions\/36217"}],"wp:attachment":[{"href":"https:\/\/unkorce.edu.al\/en\/wp-json\/wp\/v2\/media?parent=30664"}],"curies":[{"name":"wp","href":"https:\/\/api.w.org\/{rel}","templated":true}]}}