{"id":30658,"date":"2024-12-18T13:11:21","date_gmt":"2024-12-18T13:11:21","guid":{"rendered":"https:\/\/unkorce.edu.al\/?page_id=30658"},"modified":"2025-01-30T12:16:40","modified_gmt":"2025-01-30T12:16:40","slug":"departamenti-i-gjuheve-te-huaja","status":"publish","type":"page","link":"https:\/\/unkorce.edu.al\/en\/departamenti-i-gjuheve-te-huaja\/","title":{"rendered":"DEPARTMENT OF FOREIGN LANGUAGES"},"content":{"rendered":"<section class=\"l-section wpb_row height_medium\"><div class=\"l-section-h i-cf\"><div class=\"g-cols vc_row via_grid cols_1 laptops-cols_inherit tablets-cols_inherit mobiles-cols_1 valign_top type_default stacking_default\"><div class=\"wpb_column vc_column_container\"><div class=\"vc_column-inner\"><div class=\"w-vwrapper align_none valign_top\"><h1 class=\"w-text us_custom_30fd7efd\"><span class=\"w-text-h\"><span class=\"w-text-value\">DEPARTMENT OF FOREIGN LANGUAGES<\/span><\/span><\/h1><\/div><div class=\"wpb_text_column\"><div class=\"wpb_wrapper\"><p>Departamenti i Gjuh\u00ebve t\u00eb Huaja funksionin si nj\u00ebsi p\u00ebrb\u00ebr\u00ebse e Fakultetit t\u00eb Edukimit dhe Filogjis\u00eb q\u00eb prej vitit 1994 me miratimin e programit t\u00eb studimit \u201cGjuh\u00eb angleze\u201d, sipas Vendimit t\u00eb Ministris\u00eb s\u00eb Arsimit dhe Shkenc\u00ebs Nr. 300, dat\u00eb 21.06.1994. N\u00eb vitet n\u00eb vijim ai e konsolidoi struktur\u00ebn e tij me an\u00eb t\u00eb rekrutimit t\u00eb stafit akademik, ofrimin e nj\u00eb programi t\u00eb nivelit t\u00eb dyt\u00eb (i cili m\u00eb von\u00eb u ristrukturua n\u00eb programin e ciklit t\u00eb dyt\u00eb \u201cMaster profesional n\u00eb M\u00ebsuesi p\u00ebr AML n\u00eb \u201cGjuh\u00eb Angleze\u201d me profil minor \u201cArte\u201d), ristrukturimin dhe p\u00ebrmir\u00ebsimin e kurrikul\u00ebs sipas p\u00ebrcaktimeve t\u00eb Sistemit t\u00eb Bolonj\u00ebs dhe krijimin e nj\u00eb programi t\u00eb p\u00ebrbashk\u00ebt me Departamentin e Edukimit \u201cCik\u00ebl i Ul\u00ebt \u2013Anglisht\u201d, i ofruar n\u00eb Filialin e Pogradecit. N\u00eb vijim t\u00eb bashk\u00ebpunimit me struktura t\u00eb tjera dhe n\u00eb kuad\u00ebr t\u00eb plot\u00ebsimit t\u00eb misionit t\u00eb tij si Departament i gjuh\u00ebve t\u00eb huaja, pran\u00eb tij n\u00eb vitin akademik 2009-2010 u \u00e7el programi i ciklit t\u00eb par\u00eb \u201cGjuh\u00eb dhe let\u00ebrsi shqipe dhe fr\u00ebnge\u201d, i cili, n\u00eb vitin 2015, u ristrukturua n\u00eb \u201cGjuh\u00eb dhe kultur\u00eb fr\u00ebnge\u201d.<br \/>\nAktualisht Departamenti ka nj\u00eb struktur\u00eb t\u00eb mir\u00ebfillt\u00eb m\u00ebsimore-k\u00ebrkimore e pasqyruar kjo n\u00eb 17 pedagog\u00eb me koh\u00eb t\u00eb plot\u00eb, t\u00eb gjith\u00eb t\u00eb kualifikuar dhe t\u00eb motivuar p\u00ebr promovim t\u00eb m\u00ebtejsh\u00ebm shkencor, si dhe n\u00eb infrastuktur\u00ebn e p\u00ebrshtatshme m\u00ebsimore t\u00eb cil\u00ebn e shfryt\u00ebzon p\u00ebr arritjen e rezultateve t\u00eb t\u00eb nx\u00ebnit n\u00eb kuad\u00ebr t\u00eb objektivave t\u00eb secilit prej programeve t\u00eb studimit: Bachelor \u201cGjuh\u00eb angleze\u201d, Bachelor \u201cGjuh\u00eb dhe culture fr\u00ebnge\u201d dhe MP \u201cM\u00ebsues i gjuh\u00ebs angleze\u201d (120 ECTS)<\/p>\n<\/div><\/div><div class=\"w-separator size_medium\"><\/div><h2 class=\"w-text us_custom_c96a8a09\"><span class=\"w-text-h\"><span class=\"w-text-value\">PROGRAMET E STUDIMIT<\/span><\/span><\/h2><div class=\"w-hwrapper us_custom_8d5aa4e2 valign_top stack_on_mobiles align_justify\"><a class=\"w-flipbox animation_cardflip direction_w\" href=\"https:\/\/unkorce.edu.al\/en\/archive\/unkorce_programet\/programet.php\/?fakulteti=fef&amp;tipi=ba&amp;programi=gja\"><div class=\"w-flipbox-h easing_ease\" style=\"transition-duration:0.5s;\"><div class=\"w-flipbox-hh\"><div class=\"w-flipbox-front\"><div class=\"w-flipbox-front-h\"><h4 class=\"w-flipbox-front-title\">&#8220;Bachelor&#8221; n\u00eb &#8220;Gjuh\u00eb Angleze&#8221;<\/h4><\/div><\/div><div class=\"w-flipbox-back\" style=\"display:none;\"><div class=\"w-flipbox-back-h\"><h4 class=\"w-flipbox-back-title\">&#8220;Bachelor&#8221; n\u00eb &#8220;Gjuh\u00eb Angleze&#8221;<\/h4><\/div><\/div><\/div><\/div><\/a><a class=\"w-flipbox animation_cardflip direction_w\" href=\"https:\/\/unkorce.edu.al\/en\/archive\/unkorce_programet\/programet.php\/?fakulteti=fef&amp;tipi=msh&amp;programi=gja\"><div class=\"w-flipbox-h easing_ease\" style=\"transition-duration:0.5s;\"><div class=\"w-flipbox-hh\"><div class=\"w-flipbox-front\"><div class=\"w-flipbox-front-h\"><h4 class=\"w-flipbox-front-title\">&#8220;Master profesional&#8221; n\u00eb &#8220;M\u00ebsues i Gjuh\u00ebs Angleze&#8221;<\/h4><\/div><\/div><div class=\"w-flipbox-back\" style=\"display:none;\"><div class=\"w-flipbox-back-h\"><h4 class=\"w-flipbox-back-title\">&#8220;Master profesional&#8221; n\u00eb &#8220;M\u00ebsues i Gjuh\u00ebs Angleze&#8221;<\/h4><\/div><\/div><\/div><\/div><\/a><a class=\"w-flipbox animation_cardflip direction_w\" href=\"https:\/\/unkorce.edu.al\/en\/archive\/unkorce_programet\/programet.php\/?fakulteti=fef&amp;tipi=ba&amp;programi=gjkf\"><div class=\"w-flipbox-h easing_ease\" style=\"transition-duration:0.5s;\"><div class=\"w-flipbox-hh\"><div class=\"w-flipbox-front\"><div class=\"w-flipbox-front-h\"><h4 class=\"w-flipbox-front-title\">&#8220;Bachelor&#8221; n\u00eb &#8220;Gjuh\u00eb dhe Kultur\u00eb Fr\u00ebnge&#8221;<\/h4><\/div><\/div><div class=\"w-flipbox-back\" style=\"display:none;\"><div class=\"w-flipbox-back-h\"><h4 class=\"w-flipbox-back-title\">&#8220;Bachelor&#8221; n\u00eb &#8220;Gjuh\u00eb dhe Kultur\u00eb Fr\u00ebnge&#8221;<\/h4><\/div><\/div><\/div><\/div><\/a><\/div><div class=\"w-hwrapper valign_top align_justify\"><\/div><div class=\"w-separator size_medium\"><\/div><h2 class=\"w-text us_custom_c96a8a09\"><span class=\"w-text-h\"><span class=\"w-text-value\">STAFI<\/span><\/span><\/h2><div class=\"wpb_text_column us_custom_67df8fa0 has_text_color\"><div class=\"wpb_wrapper\"><p>Departamenti i Gjuh\u00ebve t\u00eb huaja<\/p>\n<p>1. Prof.as.dr. Eriola Qafzezi &#8211; P\u00ebrgjegj\u00ebs departamenti<br \/>\n2. Prof.as.dr. Benita Stavre<br \/>\n3. Prof.as.dr. Daniela-Carmen Stoica<br \/>\n4. Prof.as.dr. Pavllo Cicko<br \/>\n5. Dr. Alda Cicko<br \/>\n6. Dr. Alma Karasaliu<br \/>\n7. Dr. Dorela Ka\u00e7auni<br \/>\n8. Dr. Edlira Xega<br \/>\n9. Dr. Erinda Papa<br \/>\n10. Dr. Fabiola Kadi<br \/>\n11. Dr. Juliana \u00c7yfeku<br \/>\n12. Dr. Lindita Ka\u00e7ani<br \/>\n13. Dr. Lorena Robo<br \/>\n14. Dr. Olsa Pema<br \/>\n15. Dr. Suela Ko\u00e7a<\/p>\n<\/div><\/div><\/div><\/div><\/div><\/div><\/section>","protected":false},"excerpt":{"rendered":"","protected":false},"author":20,"featured_media":0,"parent":0,"menu_order":0,"comment_status":"closed","ping_status":"closed","template":"","meta":{"_acf_changed":false,"footnotes":""},"class_list":["post-30658","page","type-page","status-publish","hentry"],"acf":[],"yoast_head":"<!-- This site is optimized with the Yoast SEO plugin v26.9 - https:\/\/yoast.com\/product\/yoast-seo-wordpress\/ -->\n<title>DEPARTAMENTI I GJUH\u00cbVE T\u00cb HUAJA - Universiteti &quot;Fan S. Noli&quot;, Kor\u00e7\u00eb<\/title>\n<meta name=\"robots\" content=\"index, follow, max-snippet:-1, max-image-preview:large, max-video-preview:-1\" \/>\n<link rel=\"canonical\" href=\"https:\/\/unkorce.edu.al\/en\/departamenti-i-gjuheve-te-huaja\/\" \/>\n<meta property=\"og:locale\" content=\"en_US\" \/>\n<meta property=\"og:type\" content=\"article\" \/>\n<meta property=\"og:title\" content=\"DEPARTAMENTI I GJUH\u00cbVE T\u00cb HUAJA - Universiteti &quot;Fan S. Noli&quot;, Kor\u00e7\u00eb\" \/>\n<meta property=\"og:url\" content=\"https:\/\/unkorce.edu.al\/en\/departamenti-i-gjuheve-te-huaja\/\" \/>\n<meta property=\"og:site_name\" content=\"Universiteti &quot;Fan S. Noli&quot;, Kor\u00e7\u00eb\" \/>\n<meta property=\"article:publisher\" content=\"https:\/\/www.facebook.com\/unkorce\" \/>\n<meta property=\"article:modified_time\" content=\"2025-01-30T12:16:40+00:00\" \/>\n<meta name=\"twitter:card\" content=\"summary_large_image\" \/>\n<meta name=\"twitter:label1\" content=\"Est. reading time\" \/>\n\t<meta name=\"twitter:data1\" content=\"2 minutes\" \/>\n<script type=\"application\/ld+json\" class=\"yoast-schema-graph\">{\"@context\":\"https:\/\/schema.org\",\"@graph\":[{\"@type\":\"WebPage\",\"@id\":\"https:\/\/unkorce.edu.al\/departamenti-i-gjuheve-te-huaja\/\",\"url\":\"https:\/\/unkorce.edu.al\/departamenti-i-gjuheve-te-huaja\/\",\"name\":\"DEPARTAMENTI I GJUH\u00cbVE T\u00cb HUAJA - Universiteti \\\"Fan S. Noli\\\", Kor\u00e7\u00eb\",\"isPartOf\":{\"@id\":\"https:\/\/unkorce.edu.al\/#website\"},\"datePublished\":\"2024-12-18T13:11:21+00:00\",\"dateModified\":\"2025-01-30T12:16:40+00:00\",\"breadcrumb\":{\"@id\":\"https:\/\/unkorce.edu.al\/departamenti-i-gjuheve-te-huaja\/#breadcrumb\"},\"inLanguage\":\"en-US\",\"potentialAction\":[{\"@type\":\"ReadAction\",\"target\":[\"https:\/\/unkorce.edu.al\/departamenti-i-gjuheve-te-huaja\/\"]}]},{\"@type\":\"BreadcrumbList\",\"@id\":\"https:\/\/unkorce.edu.al\/departamenti-i-gjuheve-te-huaja\/#breadcrumb\",\"itemListElement\":[{\"@type\":\"ListItem\",\"position\":1,\"name\":\"Home\",\"item\":\"https:\/\/unkorce.edu.al\/\"},{\"@type\":\"ListItem\",\"position\":2,\"name\":\"DEPARTAMENTI I GJUH\u00cbVE T\u00cb HUAJA\"}]},{\"@type\":\"WebSite\",\"@id\":\"https:\/\/unkorce.edu.al\/#website\",\"url\":\"https:\/\/unkorce.edu.al\/\",\"name\":\"Universiteti \\\"Fan S. Noli\\\", Kor\u00e7\u00eb\",\"description\":\"Mir&euml;sevini n&euml; faqen zyrtare!\",\"publisher\":{\"@id\":\"https:\/\/unkorce.edu.al\/#organization\"},\"potentialAction\":[{\"@type\":\"SearchAction\",\"target\":{\"@type\":\"EntryPoint\",\"urlTemplate\":\"https:\/\/unkorce.edu.al\/?s={search_term_string}\"},\"query-input\":{\"@type\":\"PropertyValueSpecification\",\"valueRequired\":true,\"valueName\":\"search_term_string\"}}],\"inLanguage\":\"en-US\"},{\"@type\":\"Organization\",\"@id\":\"https:\/\/unkorce.edu.al\/#organization\",\"name\":\"Universiteti \\\"Fan S. Noli\\\", Kor\u00e7\u00eb\",\"url\":\"https:\/\/unkorce.edu.al\/\",\"logo\":{\"@type\":\"ImageObject\",\"inLanguage\":\"en-US\",\"@id\":\"https:\/\/unkorce.edu.al\/#\/schema\/logo\/image\/\",\"url\":\"https:\/\/unkorce.edu.al\/wp-content\/uploads\/2024\/08\/Logo_e_Universitetit__Fan_Noli_-e1726660879862.png\",\"contentUrl\":\"https:\/\/unkorce.edu.al\/wp-content\/uploads\/2024\/08\/Logo_e_Universitetit__Fan_Noli_-e1726660879862.png\",\"width\":200,\"height\":120,\"caption\":\"Universiteti \\\"Fan S. Noli\\\", Kor\u00e7\u00eb\"},\"image\":{\"@id\":\"https:\/\/unkorce.edu.al\/#\/schema\/logo\/image\/\"},\"sameAs\":[\"https:\/\/www.facebook.com\/unkorce\"]}]}<\/script>\n<!-- \/ Yoast SEO plugin. -->","yoast_head_json":{"title":"DEPARTAMENTI I GJUH\u00cbVE T\u00cb HUAJA - Universiteti \"Fan S. Noli\", Kor\u00e7\u00eb","robots":{"index":"index","follow":"follow","max-snippet":"max-snippet:-1","max-image-preview":"max-image-preview:large","max-video-preview":"max-video-preview:-1"},"canonical":"https:\/\/unkorce.edu.al\/en\/departamenti-i-gjuheve-te-huaja\/","og_locale":"en_US","og_type":"article","og_title":"DEPARTAMENTI I GJUH\u00cbVE T\u00cb HUAJA - Universiteti \"Fan S. Noli\", Kor\u00e7\u00eb","og_url":"https:\/\/unkorce.edu.al\/en\/departamenti-i-gjuheve-te-huaja\/","og_site_name":"Universiteti \"Fan S. Noli\", Kor\u00e7\u00eb","article_publisher":"https:\/\/www.facebook.com\/unkorce","article_modified_time":"2025-01-30T12:16:40+00:00","twitter_card":"summary_large_image","twitter_misc":{"Est. reading time":"2 minutes"},"schema":{"@context":"https:\/\/schema.org","@graph":[{"@type":"WebPage","@id":"https:\/\/unkorce.edu.al\/departamenti-i-gjuheve-te-huaja\/","url":"https:\/\/unkorce.edu.al\/departamenti-i-gjuheve-te-huaja\/","name":"DEPARTAMENTI I GJUH\u00cbVE T\u00cb HUAJA - Universiteti \"Fan S. Noli\", Kor\u00e7\u00eb","isPartOf":{"@id":"https:\/\/unkorce.edu.al\/#website"},"datePublished":"2024-12-18T13:11:21+00:00","dateModified":"2025-01-30T12:16:40+00:00","breadcrumb":{"@id":"https:\/\/unkorce.edu.al\/departamenti-i-gjuheve-te-huaja\/#breadcrumb"},"inLanguage":"en-US","potentialAction":[{"@type":"ReadAction","target":["https:\/\/unkorce.edu.al\/departamenti-i-gjuheve-te-huaja\/"]}]},{"@type":"BreadcrumbList","@id":"https:\/\/unkorce.edu.al\/departamenti-i-gjuheve-te-huaja\/#breadcrumb","itemListElement":[{"@type":"ListItem","position":1,"name":"Home","item":"https:\/\/unkorce.edu.al\/"},{"@type":"ListItem","position":2,"name":"DEPARTAMENTI I GJUH\u00cbVE T\u00cb HUAJA"}]},{"@type":"WebSite","@id":"https:\/\/unkorce.edu.al\/#website","url":"https:\/\/unkorce.edu.al\/","name":"Universiteti \"Fan S. Noli\", Kor\u00e7\u00eb","description":"Mir&euml;sevini n&euml; faqen zyrtare!","publisher":{"@id":"https:\/\/unkorce.edu.al\/#organization"},"potentialAction":[{"@type":"SearchAction","target":{"@type":"EntryPoint","urlTemplate":"https:\/\/unkorce.edu.al\/?s={search_term_string}"},"query-input":{"@type":"PropertyValueSpecification","valueRequired":true,"valueName":"search_term_string"}}],"inLanguage":"en-US"},{"@type":"Organization","@id":"https:\/\/unkorce.edu.al\/#organization","name":"Universiteti \"Fan S. Noli\", Kor\u00e7\u00eb","url":"https:\/\/unkorce.edu.al\/","logo":{"@type":"ImageObject","inLanguage":"en-US","@id":"https:\/\/unkorce.edu.al\/#\/schema\/logo\/image\/","url":"https:\/\/unkorce.edu.al\/wp-content\/uploads\/2024\/08\/Logo_e_Universitetit__Fan_Noli_-e1726660879862.png","contentUrl":"https:\/\/unkorce.edu.al\/wp-content\/uploads\/2024\/08\/Logo_e_Universitetit__Fan_Noli_-e1726660879862.png","width":200,"height":120,"caption":"Universiteti \"Fan S. Noli\", Kor\u00e7\u00eb"},"image":{"@id":"https:\/\/unkorce.edu.al\/#\/schema\/logo\/image\/"},"sameAs":["https:\/\/www.facebook.com\/unkorce"]}]}},"_links":{"self":[{"href":"https:\/\/unkorce.edu.al\/en\/wp-json\/wp\/v2\/pages\/30658","targetHints":{"allow":["GET"]}}],"collection":[{"href":"https:\/\/unkorce.edu.al\/en\/wp-json\/wp\/v2\/pages"}],"about":[{"href":"https:\/\/unkorce.edu.al\/en\/wp-json\/wp\/v2\/types\/page"}],"author":[{"embeddable":true,"href":"https:\/\/unkorce.edu.al\/en\/wp-json\/wp\/v2\/users\/20"}],"replies":[{"embeddable":true,"href":"https:\/\/unkorce.edu.al\/en\/wp-json\/wp\/v2\/comments?post=30658"}],"version-history":[{"count":8,"href":"https:\/\/unkorce.edu.al\/en\/wp-json\/wp\/v2\/pages\/30658\/revisions"}],"predecessor-version":[{"id":31361,"href":"https:\/\/unkorce.edu.al\/en\/wp-json\/wp\/v2\/pages\/30658\/revisions\/31361"}],"wp:attachment":[{"href":"https:\/\/unkorce.edu.al\/en\/wp-json\/wp\/v2\/media?parent=30658"}],"curies":[{"name":"wp","href":"https:\/\/api.w.org\/{rel}","templated":true}]}}