{"id":30627,"date":"2024-12-18T09:09:59","date_gmt":"2024-12-18T09:09:59","guid":{"rendered":"https:\/\/unkorce.edu.al\/?page_id=30627"},"modified":"2026-03-10T11:25:40","modified_gmt":"2026-03-10T11:25:40","slug":"departamenti-i-matematikes","status":"publish","type":"page","link":"https:\/\/unkorce.edu.al\/en\/departamenti-i-matematikes\/","title":{"rendered":"DEPARTAMENTI I MATEMATIK\u00cbS"},"content":{"rendered":"<section class=\"l-section wpb_row height_medium\"><div class=\"l-section-h i-cf\"><div class=\"g-cols vc_row via_grid cols_1 laptops-cols_inherit tablets-cols_inherit mobiles-cols_1 valign_top type_default stacking_default\"><div class=\"wpb_column vc_column_container\"><div class=\"vc_column-inner\"><div class=\"w-vwrapper align_none valign_top\"><h1 class=\"w-text us_custom_30fd7efd\"><span class=\"w-text-h\"><span class=\"w-text-value\">DEPARTAMENTI I MATEMATIK\u00cbS DHE FIZIK\u00cbS<\/span><\/span><\/h1><\/div><div class=\"wpb_text_column\"><div class=\"wpb_wrapper\"><p>1.T\u00eb krijoj\u00eb , t\u00eb trasmetoj\u00eb , t\u00eb zhvilloj\u00eb , e t\u00eb mbroj\u00eb dijet me an\u00eb t\u00eb m\u00ebsimdh\u00ebnies , veprimtaris\u00eb k\u00ebrkimore \u2013 shkencore inovacionit , si dhe t\u00eb p\u00ebrgatis\u00eb specialist t\u00eb zot\u00eb n\u00eb fushat e TIK.<\/p>\n<p>2.Orientimi m\u00eb i mir\u00eb i Departamentit n\u00eb konsolidimin e programeve t\u00eb formimit akademik , ristrukturimi i tyre sipas k\u00ebrkesave t\u00eb tregut t\u00eb pun\u00ebs.<\/p>\n<p>3.T\u00eb p\u00ebrgatit\u00eb m\u00ebsimdh\u00ebn\u00ebs t\u00eb suksessh\u00ebm , me aft\u00ebsi t\u00eb thella profrsionale n\u00eb fush\u00ebn e TIK , cil\u00ebsi t\u00eb larta morale dhe shoq\u00ebrore p\u00ebr tu kthyer n\u00eb modele frym\u00ebzuese dhe motivuese p\u00ebr nx\u00ebn\u00ebsit.<\/p>\n<p>4.T\u00eb p\u00ebrgatit\u00eb specialist me njohuri baz\u00eb dhe t\u00eb avancuara n\u00eb fushat kryesore t\u00eb TIK , t\u00eb aft\u00ebsuar me njohurit\u00eb kryesore pedagogjike , kulturore dhe medodike p\u00ebr ti b\u00ebr\u00eb specialist t\u00eb mir\u00eb dhe profesionist\u00eb p\u00ebr t\u00eb ardhmen .<\/p>\n<p>5.T\u00eb p\u00ebrgatit\u00eb specialist\u00eb si njer\u00ebz t\u00eb aft\u00eb p\u00ebr t\u00eb punuar dhe p\u00ebr t\u00eb ndihmuar ne komunitet.<\/p>\n<p>6.T\u00eb p\u00ebrgatit\u00eb specialist\u00eb t\u00eb motivuar p\u00ebr t\u00eb punuar n\u00eb t\u00eb gjitha zonat e rajonit dhe m\u00eb gj\u00ebr\u00eb p\u00ebr t\u00eb ndihmuar n\u00eb zhvillimin e tyre , rritur cil\u00ebsin\u00eb dhe efikasitetin e sh\u00ebrbimeve.<\/p>\n<p>7.Departamenti i Matematik\u00ebs dhe Fizik\u00ebs synon t\u00eb zhvilloj\u00eb k\u00ebrkime shkencore n\u00eb fushat e TIK , si n\u00eb fush\u00ebn e telekomunikacionit dhe siguris\u00eb s\u00eb rrjetave kompjuterike dhe informacionit , n\u00eb fush\u00ebn e zhvillimit t\u00eb aplikacioneve n\u00eb ndihm\u00eb zhvillimit rajonale m\u00eb gj\u00ebr\u00eb si dhe n\u00eb fush\u00ebn e edukimit me ndihm\u00ebn TIK.<\/p>\n<p>8.T\u00eb bashk\u00ebpunoj\u00eb edhe me departamente t\u00eb tjera n\u00eb formulimin e programeve p\u00ebr kurse formuese\/ diplomave\/ programeve t\u00eb studimit , duke sakt\u00ebsuar m\u00ebnyr\u00ebn e mbulimit t\u00eb ngarkes\u00ebs s\u00eb ryre.<\/p>\n<p>9.T\u00eb kontribuoj\u00eb n\u00eb formulimin e projekteve didaktike t\u00eb Fakultetit.<\/p>\n<p>10.T\u00eb zhvilloj\u00eb aktivitete k\u00ebrkimore , konsulta mbi kontrata apo projekte t\u00eb jashtme si dhe prova\/matje apo certifikime mbi projekte.<\/p>\n<p>11.T\u00eb formuloj\u00eb edhe n\u00eb bashk\u00ebpunim me departamente t\u00eb tjer\u00eb , insitucione rajonale dhe \/ose me insitucione t\u00eb tjera , planin vjetor t\u00eb zhvillimit t\u00eb projekteve k\u00ebrkimore dhe t\u00eb kompetencave didaktike , pet tia paraqitur senatit akademik me q\u00ebllim p\u00ebrpunimin e programit t\u00eb zhvillimit t\u00eb Universitetit.<\/p>\n<\/div><\/div><div class=\"w-separator size_medium\"><\/div><h2 class=\"w-text us_custom_c96a8a09\"><span class=\"w-text-h\"><span class=\"w-text-value\">PROGRAMET E STUDIMIT<\/span><\/span><\/h2><div class=\"w-hwrapper valign_top stack_on_mobiles align_justify\"><a class=\"w-flipbox animation_cardflip direction_w\" href=\"https:\/\/unkorce.edu.al\/en\/archive\/unkorce_programet\/programet.php\/?fakulteti=fshnh&amp;tipi=ba&amp;programi=matinf\"><div class=\"w-flipbox-h easing_ease\" style=\"transition-duration:0.5s;\"><div class=\"w-flipbox-hh\"><div class=\"w-flipbox-front\"><div class=\"w-flipbox-front-h\"><h4 class=\"w-flipbox-front-title\">&#8220;Bachelor&#8221; n\u00eb &#8220;Matematik\u00eb-Informatik\u00eb&#8221;<\/h4><\/div><\/div><div class=\"w-flipbox-back\" style=\"display:none;\"><div class=\"w-flipbox-back-h\"><h4 class=\"w-flipbox-back-title\">&#8220;Bachelor&#8221; n\u00eb &#8220;Matematik\u00eb-Informatik\u00eb&#8221;<\/h4><\/div><\/div><\/div><\/div><\/a><a class=\"w-flipbox animation_cardflip direction_w\" href=\"https:\/\/unkorce.edu.al\/en\/archive\/unkorce_programet\/programet.php\/?fakulteti=fshnh&amp;tipi=ba&amp;programi=matfiz\"><div class=\"w-flipbox-h easing_ease\" style=\"transition-duration:0.5s;\"><div class=\"w-flipbox-hh\"><div class=\"w-flipbox-front\"><div class=\"w-flipbox-front-h\"><h4 class=\"w-flipbox-front-title\">&#8220;Bachelor&#8221; n\u00eb &#8220;Matematik\u00eb-Fizik\u00eb&#8221;<\/h4><\/div><\/div><div class=\"w-flipbox-back\" style=\"display:none;\"><div class=\"w-flipbox-back-h\"><h4 class=\"w-flipbox-back-title\">&#8220;Bachelor&#8221; n\u00eb &#8220;Matematik\u00eb-Fizik\u00eb&#8221;<\/h4><\/div><\/div><\/div><\/div><\/a><a class=\"w-flipbox animation_cardflip direction_w\" href=\"https:\/\/unkorce.edu.al\/en\/archive\/unkorce_programet\/programet.php\/?fakulteti=fshnh&amp;tipi=msh&amp;programi=mmif\"><div class=\"w-flipbox-h easing_ease\" style=\"transition-duration:0.5s;\"><div class=\"w-flipbox-hh\"><div class=\"w-flipbox-front\"><div class=\"w-flipbox-front-h\"><h4 class=\"w-flipbox-front-title\">&#8220;Master i Shkencave&#8221; n\u00eb &#8220;M\u00ebsuesi n\u00eb Matematik\u00eb-Fizik\u00eb&#8221;<\/h4><\/div><\/div><div class=\"w-flipbox-back\" style=\"display:none;\"><div class=\"w-flipbox-back-h\"><h4 class=\"w-flipbox-back-title\">&#8220;Master Profesional&#8221; n\u00eb &#8220;M\u00ebsues n\u00eb Matematik\u00eb dhe Informatik\u00eb-Fizik\u00eb&#8221;<\/h4><\/div><\/div><\/div><\/div><\/a><\/div><div class=\"w-hwrapper valign_top stack_on_mobiles align_justify\"><a class=\"w-flipbox animation_cardflip direction_w\" href=\"https:\/\/unkorce.edu.al\/en\/archive\/unkorce_programet\/programet.php\/?fakulteti=fshnh&amp;tipi=msh&amp;programi=mmif\"><div class=\"w-flipbox-h easing_ease\" style=\"transition-duration:0.5s;\"><div class=\"w-flipbox-hh\"><div class=\"w-flipbox-front\"><div class=\"w-flipbox-front-h\"><h4 class=\"w-flipbox-front-title\">&#8220;Master i Shkencave&#8221; n\u00eb &#8220;Statistik\u00eb e Aplikuar&#8221;<\/h4><\/div><\/div><div class=\"w-flipbox-back\" style=\"display:none;\"><div class=\"w-flipbox-back-h\"><h4 class=\"w-flipbox-back-title\">&#8220;Master i Shkencave&#8221; n\u00eb &#8220;Statistik\u00eb e Aplikuar&#8221;<\/h4><\/div><\/div><\/div><\/div><\/a><\/div><div class=\"w-separator size_medium\"><\/div><h2 class=\"w-text us_custom_c96a8a09\"><span class=\"w-text-h\"><span class=\"w-text-value\">STAFI<\/span><\/span><\/h2><div class=\"wpb_text_column us_custom_67df8fa0 has_text_color\"><div class=\"wpb_wrapper\"><p>Departamenti i Matematik\u00ebs dhe Fizik\u00ebs<\/p>\n<p>1. Dr. Lorena Kelo &#8211; P\u00ebrgjegj\u00ebs departamenti<br \/>\n2. Prof.dr. Lorenc Ekonomi &#8211; Rektor<br \/>\n3. Prof.as.dr. Lorena Zeqo &#8211; Zv.rektor<br \/>\n4. Prof.as.dr. Eljona Tasho &#8211; Zv.dekan<br \/>\n5. Dr. Arto Adili<br \/>\n6. Dr. Danjela Braho<br \/>\n7. Dr. Edlira Donefski<br \/>\n8. Dr. Ilir Palla<br \/>\n9. Msc. Denisa Kafazi<br \/>\n10. Msc. Esmeralda Guliqani<br \/>\n11. Msc. Klodjana Dh\u00ebmbi<br \/>\n12. Msc. Silvja \u00c7obani<br \/>\n13. Msc. Sotiraq Marko<\/p>\n<\/div><\/div><\/div><\/div><\/div><\/div><\/section>","protected":false},"excerpt":{"rendered":"","protected":false},"author":28,"featured_media":0,"parent":0,"menu_order":0,"comment_status":"closed","ping_status":"closed","template":"","meta":{"_acf_changed":false,"footnotes":""},"class_list":["post-30627","page","type-page","status-publish","hentry"],"acf":[],"yoast_head":"<!-- This site is optimized with the Yoast SEO plugin v26.9 - https:\/\/yoast.com\/product\/yoast-seo-wordpress\/ -->\n<title>DEPARTAMENTI I MATEMATIK\u00cbS - Universiteti &quot;Fan S. Noli&quot;, Kor\u00e7\u00eb<\/title>\n<meta name=\"robots\" content=\"index, follow, max-snippet:-1, max-image-preview:large, max-video-preview:-1\" \/>\n<link rel=\"canonical\" href=\"https:\/\/unkorce.edu.al\/en\/departamenti-i-matematikes\/\" \/>\n<meta property=\"og:locale\" content=\"en_US\" \/>\n<meta property=\"og:type\" content=\"article\" \/>\n<meta property=\"og:title\" content=\"DEPARTAMENTI I MATEMATIK\u00cbS - Universiteti &quot;Fan S. Noli&quot;, Kor\u00e7\u00eb\" \/>\n<meta property=\"og:url\" content=\"https:\/\/unkorce.edu.al\/en\/departamenti-i-matematikes\/\" \/>\n<meta property=\"og:site_name\" content=\"Universiteti &quot;Fan S. Noli&quot;, Kor\u00e7\u00eb\" \/>\n<meta property=\"article:publisher\" content=\"https:\/\/www.facebook.com\/unkorce\" \/>\n<meta property=\"article:modified_time\" content=\"2026-03-10T11:25:40+00:00\" \/>\n<meta name=\"twitter:card\" content=\"summary_large_image\" \/>\n<meta name=\"twitter:label1\" content=\"Est. reading time\" \/>\n\t<meta name=\"twitter:data1\" content=\"2 minutes\" \/>\n<script type=\"application\/ld+json\" class=\"yoast-schema-graph\">{\"@context\":\"https:\/\/schema.org\",\"@graph\":[{\"@type\":\"WebPage\",\"@id\":\"https:\/\/unkorce.edu.al\/departamenti-i-matematikes\/\",\"url\":\"https:\/\/unkorce.edu.al\/departamenti-i-matematikes\/\",\"name\":\"DEPARTAMENTI I MATEMATIK\u00cbS - Universiteti \\\"Fan S. Noli\\\", Kor\u00e7\u00eb\",\"isPartOf\":{\"@id\":\"https:\/\/unkorce.edu.al\/#website\"},\"datePublished\":\"2024-12-18T09:09:59+00:00\",\"dateModified\":\"2026-03-10T11:25:40+00:00\",\"breadcrumb\":{\"@id\":\"https:\/\/unkorce.edu.al\/departamenti-i-matematikes\/#breadcrumb\"},\"inLanguage\":\"en-US\",\"potentialAction\":[{\"@type\":\"ReadAction\",\"target\":[\"https:\/\/unkorce.edu.al\/departamenti-i-matematikes\/\"]}]},{\"@type\":\"BreadcrumbList\",\"@id\":\"https:\/\/unkorce.edu.al\/departamenti-i-matematikes\/#breadcrumb\",\"itemListElement\":[{\"@type\":\"ListItem\",\"position\":1,\"name\":\"Home\",\"item\":\"https:\/\/unkorce.edu.al\/\"},{\"@type\":\"ListItem\",\"position\":2,\"name\":\"DEPARTAMENTI I MATEMATIK\u00cbS\"}]},{\"@type\":\"WebSite\",\"@id\":\"https:\/\/unkorce.edu.al\/#website\",\"url\":\"https:\/\/unkorce.edu.al\/\",\"name\":\"Universiteti \\\"Fan S. Noli\\\", Kor\u00e7\u00eb\",\"description\":\"Mir&euml;sevini n&euml; faqen zyrtare!\",\"publisher\":{\"@id\":\"https:\/\/unkorce.edu.al\/#organization\"},\"potentialAction\":[{\"@type\":\"SearchAction\",\"target\":{\"@type\":\"EntryPoint\",\"urlTemplate\":\"https:\/\/unkorce.edu.al\/?s={search_term_string}\"},\"query-input\":{\"@type\":\"PropertyValueSpecification\",\"valueRequired\":true,\"valueName\":\"search_term_string\"}}],\"inLanguage\":\"en-US\"},{\"@type\":\"Organization\",\"@id\":\"https:\/\/unkorce.edu.al\/#organization\",\"name\":\"Universiteti \\\"Fan S. Noli\\\", Kor\u00e7\u00eb\",\"url\":\"https:\/\/unkorce.edu.al\/\",\"logo\":{\"@type\":\"ImageObject\",\"inLanguage\":\"en-US\",\"@id\":\"https:\/\/unkorce.edu.al\/#\/schema\/logo\/image\/\",\"url\":\"https:\/\/unkorce.edu.al\/wp-content\/uploads\/2024\/08\/Logo_e_Universitetit__Fan_Noli_-e1726660879862.png\",\"contentUrl\":\"https:\/\/unkorce.edu.al\/wp-content\/uploads\/2024\/08\/Logo_e_Universitetit__Fan_Noli_-e1726660879862.png\",\"width\":200,\"height\":120,\"caption\":\"Universiteti \\\"Fan S. Noli\\\", Kor\u00e7\u00eb\"},\"image\":{\"@id\":\"https:\/\/unkorce.edu.al\/#\/schema\/logo\/image\/\"},\"sameAs\":[\"https:\/\/www.facebook.com\/unkorce\"]}]}<\/script>\n<!-- \/ Yoast SEO plugin. -->","yoast_head_json":{"title":"DEPARTAMENTI I MATEMATIK\u00cbS - Universiteti \"Fan S. Noli\", Kor\u00e7\u00eb","robots":{"index":"index","follow":"follow","max-snippet":"max-snippet:-1","max-image-preview":"max-image-preview:large","max-video-preview":"max-video-preview:-1"},"canonical":"https:\/\/unkorce.edu.al\/en\/departamenti-i-matematikes\/","og_locale":"en_US","og_type":"article","og_title":"DEPARTAMENTI I MATEMATIK\u00cbS - Universiteti \"Fan S. Noli\", Kor\u00e7\u00eb","og_url":"https:\/\/unkorce.edu.al\/en\/departamenti-i-matematikes\/","og_site_name":"Universiteti \"Fan S. Noli\", Kor\u00e7\u00eb","article_publisher":"https:\/\/www.facebook.com\/unkorce","article_modified_time":"2026-03-10T11:25:40+00:00","twitter_card":"summary_large_image","twitter_misc":{"Est. reading time":"2 minutes"},"schema":{"@context":"https:\/\/schema.org","@graph":[{"@type":"WebPage","@id":"https:\/\/unkorce.edu.al\/departamenti-i-matematikes\/","url":"https:\/\/unkorce.edu.al\/departamenti-i-matematikes\/","name":"DEPARTAMENTI I MATEMATIK\u00cbS - Universiteti \"Fan S. Noli\", Kor\u00e7\u00eb","isPartOf":{"@id":"https:\/\/unkorce.edu.al\/#website"},"datePublished":"2024-12-18T09:09:59+00:00","dateModified":"2026-03-10T11:25:40+00:00","breadcrumb":{"@id":"https:\/\/unkorce.edu.al\/departamenti-i-matematikes\/#breadcrumb"},"inLanguage":"en-US","potentialAction":[{"@type":"ReadAction","target":["https:\/\/unkorce.edu.al\/departamenti-i-matematikes\/"]}]},{"@type":"BreadcrumbList","@id":"https:\/\/unkorce.edu.al\/departamenti-i-matematikes\/#breadcrumb","itemListElement":[{"@type":"ListItem","position":1,"name":"Home","item":"https:\/\/unkorce.edu.al\/"},{"@type":"ListItem","position":2,"name":"DEPARTAMENTI I MATEMATIK\u00cbS"}]},{"@type":"WebSite","@id":"https:\/\/unkorce.edu.al\/#website","url":"https:\/\/unkorce.edu.al\/","name":"Universiteti \"Fan S. Noli\", Kor\u00e7\u00eb","description":"Mir&euml;sevini n&euml; faqen zyrtare!","publisher":{"@id":"https:\/\/unkorce.edu.al\/#organization"},"potentialAction":[{"@type":"SearchAction","target":{"@type":"EntryPoint","urlTemplate":"https:\/\/unkorce.edu.al\/?s={search_term_string}"},"query-input":{"@type":"PropertyValueSpecification","valueRequired":true,"valueName":"search_term_string"}}],"inLanguage":"en-US"},{"@type":"Organization","@id":"https:\/\/unkorce.edu.al\/#organization","name":"Universiteti \"Fan S. Noli\", Kor\u00e7\u00eb","url":"https:\/\/unkorce.edu.al\/","logo":{"@type":"ImageObject","inLanguage":"en-US","@id":"https:\/\/unkorce.edu.al\/#\/schema\/logo\/image\/","url":"https:\/\/unkorce.edu.al\/wp-content\/uploads\/2024\/08\/Logo_e_Universitetit__Fan_Noli_-e1726660879862.png","contentUrl":"https:\/\/unkorce.edu.al\/wp-content\/uploads\/2024\/08\/Logo_e_Universitetit__Fan_Noli_-e1726660879862.png","width":200,"height":120,"caption":"Universiteti \"Fan S. Noli\", Kor\u00e7\u00eb"},"image":{"@id":"https:\/\/unkorce.edu.al\/#\/schema\/logo\/image\/"},"sameAs":["https:\/\/www.facebook.com\/unkorce"]}]}},"_links":{"self":[{"href":"https:\/\/unkorce.edu.al\/en\/wp-json\/wp\/v2\/pages\/30627","targetHints":{"allow":["GET"]}}],"collection":[{"href":"https:\/\/unkorce.edu.al\/en\/wp-json\/wp\/v2\/pages"}],"about":[{"href":"https:\/\/unkorce.edu.al\/en\/wp-json\/wp\/v2\/types\/page"}],"author":[{"embeddable":true,"href":"https:\/\/unkorce.edu.al\/en\/wp-json\/wp\/v2\/users\/28"}],"replies":[{"embeddable":true,"href":"https:\/\/unkorce.edu.al\/en\/wp-json\/wp\/v2\/comments?post=30627"}],"version-history":[{"count":13,"href":"https:\/\/unkorce.edu.al\/en\/wp-json\/wp\/v2\/pages\/30627\/revisions"}],"predecessor-version":[{"id":36616,"href":"https:\/\/unkorce.edu.al\/en\/wp-json\/wp\/v2\/pages\/30627\/revisions\/36616"}],"wp:attachment":[{"href":"https:\/\/unkorce.edu.al\/en\/wp-json\/wp\/v2\/media?parent=30627"}],"curies":[{"name":"wp","href":"https:\/\/api.w.org\/{rel}","templated":true}]}}