{"id":30616,"date":"2024-12-18T08:57:04","date_gmt":"2024-12-18T08:57:04","guid":{"rendered":"https:\/\/unkorce.edu.al\/?page_id=30616"},"modified":"2025-02-18T09:24:45","modified_gmt":"2025-02-18T09:24:45","slug":"departamenti-i-infermierise-3","status":"publish","type":"page","link":"https:\/\/unkorce.edu.al\/en\/departamenti-i-infermierise-3\/","title":{"rendered":"DEPARTAMENTI I INFERMIERIS\u00cb"},"content":{"rendered":"<section class=\"l-section wpb_row height_medium\"><div class=\"l-section-h i-cf\"><div class=\"g-cols vc_row via_grid cols_1 laptops-cols_inherit tablets-cols_inherit mobiles-cols_1 valign_top type_default stacking_default\"><div class=\"wpb_column vc_column_container\"><div class=\"vc_column-inner\"><div class=\"w-vwrapper align_none valign_top\"><h1 class=\"w-text us_custom_30fd7efd\"><span class=\"w-text-h\"><span class=\"w-text-value\">DEPARTAMENTI I INFERMIERIS\u00cb<\/span><\/span><\/h1><\/div><div class=\"wpb_text_column\"><div class=\"wpb_wrapper\"><p>1. T\u00eb krijoj\u00eb, t\u00eb transmetoj\u00eb, t\u00eb\u00a0 hvilloj\u00eb, e t\u00eb mbroj\u00eb dijet me an\u00eb t\u00eb m\u00ebsimdh\u00ebnies, veprimtaris\u00eb k\u00ebrkimore-shkencore inovacionit, si dhe t\u00eb p\u00ebrgatis\u00eb specialist\u00eb t\u00eb zot\u00eb n\u00eb fushat e Infermieris\u00eb dhe Mamis\u00eb.<\/p>\n<p>2. Orientimi m\u00eb i mir\u00eb i Departamenti n\u00eb konsolidimin e programeve t\u00eb formimit akademik, ristrukturimi i tyre sipas k\u00ebrkesave t\u00eb tregut t\u00eb pun\u00ebs<\/p>\n<p>3. T\u00eb p\u00ebrgatit\u00eb profesionist\u00eb t\u00eb suksessh\u00ebm, me aft\u00ebsi t\u00eb thella profesionale n\u00eb fushen infermierore, cil\u00ebsi t\u00eb larta morale dhe shoq\u00ebrore.<\/p>\n<p>4. T\u00eb p\u00ebrgatit\u00eb specialist\u00eb me njohuri baz\u00eb dhe t\u00eb avancuara n\u00eb disiplinat sh\u00ebndetsore, t\u00eb aft\u00ebsuar me njohurit\u00eb kryesore profesionale, praktike, proceduriale dhe kulturore p\u00ebr ti ber\u00eb specialist\u00eb t\u00eb mire dhe profesionist\u00eb p\u00ebr t\u00eb ardhmen.<\/p>\n<p>5. T\u00eb p\u00ebrgatit\u00eb specialist\u00eb si njer\u00ebz t\u00eb aft\u00eb p\u00ebr t\u00eb punuar dhe p\u00ebr t\u00eb ndihmuar n\u00eb komunitet.<\/p>\n<p>6. T\u00eb p\u00ebrgatit\u00eb profesionist\u00eb t\u00eb motivuar p\u00ebr t\u00eb punuar n\u00eb t\u00eb gjitha zonat e rajonit dhe m\u00eb gjer\u00eb sipas k\u00ebrkesave t\u00eb vendeve Europiane p\u00ebr t\u00eb plot\u00ebsuar k\u00ebrkesat e tyre n\u00eb profesionet<\/p>\n<p>Infermier dhe Mami.<\/p>\n<p>7. Departamenti i Infermieris\u00eb synon t\u00eb zhvilloj\u00eb k\u00ebrkime shkencore n\u00eb disiplinat sh\u00ebndetsore, n\u00eb Sh\u00ebndetin Publik dhe komunitar n\u00eb funksion t\u00eb zhvillimeve rajonale dhe me gjer\u00eb.<\/p>\n<p>8. T\u00eb bashk\u00ebpunoj\u00eb edhe me departamente t\u00eb tjera n\u00eb formulimin e programeve p\u00ebr kurse formuese\/diplomave\/programeve t\u00eb studimit, duke sakt\u00ebsuar m\u00ebnyr\u00ebn e mbulimit t\u00eb ngarkes\u00ebs s\u00eb tyre.<\/p>\n<p>9. T\u00eb kontribuoj\u00eb n\u00eb formulimin e projekteve didaktike t\u00eb Fakultetit.<\/p>\n<p>10. T\u00eb zhvilloj\u00eb aktivitete k\u00ebrkimore, konsulta mbi kontrata apo projekte t\u00eb jashtme si dhe prova\/matje apo \u00e7ertifikime mbi projekte t\u00eb karakterit sh\u00ebndetsor, arsimor e komunitar.<\/p>\n<p>11. T\u00eb formuloj\u00eb edhe n\u00eb bashk\u00ebpunim me departamente t\u00eb tjer\u00eb, institucione rajonale dhe\/ose me institucione t\u00eb tjera, planin vjetor t\u00eb zhvillimit t\u00eb projekteve k\u00ebrkimore dhe t\u00eb kompetencave didaktike, p\u00ebr t\u2019ia paraqitur senatit akademik me q\u00ebllim p\u00ebrpunimin e programit t\u00eb zhvillimit t\u00eb Universitetit.<\/p>\n<\/div><\/div><div class=\"w-separator size_medium\"><\/div><h2 class=\"w-text us_custom_c96a8a09\"><span class=\"w-text-h\"><span class=\"w-text-value\">PROGRAMET E STUDIMIT<\/span><\/span><\/h2><div class=\"w-hwrapper valign_top stack_on_mobiles align_justify\"><a class=\"w-flipbox animation_cardflip direction_w\" href=\"https:\/\/unkorce.edu.al\/en\/archive\/unkorce_programet\/programet.php\/?fakulteti=fshnh&amp;tipi=ba&amp;programi=infp\"><div class=\"w-flipbox-h easing_ease\" style=\"transition-duration:0.5s;\"><div class=\"w-flipbox-hh\"><div class=\"w-flipbox-front\"><div class=\"w-flipbox-front-h\"><h4 class=\"w-flipbox-front-title\">&#8220;Bachelor&#8221; n\u00eb &#8220;Infermier i p\u00ebrgjithsh\u00ebm&#8221;<\/h4><\/div><\/div><div class=\"w-flipbox-back\" style=\"display:none;\"><div class=\"w-flipbox-back-h\"><h4 class=\"w-flipbox-back-title\">&#8220;Bachelor&#8221; n\u00eb &#8220;Infermier i p\u00ebrgjithsh\u00ebm&#8221;<\/h4><\/div><\/div><\/div><\/div><\/a><a class=\"w-flipbox animation_cardflip direction_w\" href=\"https:\/\/unkorce.edu.al\/en\/archive\/unkorce_programet\/programet.php\/?fakulteti=fshnh&amp;tipi=ba&amp;programi=mami\"><div class=\"w-flipbox-h easing_ease\" style=\"transition-duration:0.5s;\"><div class=\"w-flipbox-hh\"><div class=\"w-flipbox-front\"><div class=\"w-flipbox-front-h\"><h4 class=\"w-flipbox-front-title\">&#8220;Bachelor&#8221; n\u00eb &#8220;Mami&#8221; <\/h4><\/div><\/div><div class=\"w-flipbox-back\" style=\"display:none;\"><div class=\"w-flipbox-back-h\"><h4 class=\"w-flipbox-back-title\">&#8220;Bachelor&#8221; n\u00eb &#8220;Mami&#8221;<\/h4><\/div><\/div><\/div><\/div><\/a><a class=\"w-flipbox animation_cardflip direction_w\" href=\"https:\/\/unkorce.edu.al\/en\/archive\/unkorce_programet\/programet.php\/?fakulteti=fshnh&amp;tipi=mp&amp;programi=inf\"><div class=\"w-flipbox-h easing_ease\" style=\"transition-duration:0.5s;\"><div class=\"w-flipbox-hh\"><div class=\"w-flipbox-front\"><div class=\"w-flipbox-front-h\"><h4 class=\"w-flipbox-front-title\">&#8220;Master Profesional&#8221; n\u00eb &#8220;Infermieristik\u00eb&#8221;<\/h4><\/div><\/div><div class=\"w-flipbox-back\" style=\"display:none;\"><div class=\"w-flipbox-back-h\"><h4 class=\"w-flipbox-back-title\">&#8220;Master Profesional&#8221; n\u00eb &#8220;Infermieristik\u00eb&#8221;<\/h4><\/div><\/div><\/div><\/div><\/a><\/div><div class=\"w-separator size_medium\"><\/div><h2 class=\"w-text us_custom_c96a8a09\"><span class=\"w-text-h\"><span class=\"w-text-value\">STAFI<\/span><\/span><\/h2><div class=\"wpb_text_column us_custom_67df8fa0 has_text_color\"><div class=\"wpb_wrapper\"><p>Departamenti i Infermieris\u00eb<\/p>\n<p>1. Dr. Elda Panariti &#8211; P\u00ebrgjegj\u00ebs departamenti<br \/>2. PhD. Adelina Galica<br \/>3. Dr. Eda Stasa<br \/>4. Docent.Dr. Lindita Terolli<br \/>5. Dr. Zhinzela Qyli<br \/>6. Msc. Blendi Baze<br \/>7. Msc. Elena Drenesku<br \/>8. Msc. Emisa Velo<br \/>9. Msc. Erisa Grabocka<br \/>10. Msc. Krisela Pllaha<br \/>11. Msc. Lorena Merolli<br \/>12. Msc. Paola Saro<\/p>\n<\/div><\/div><\/div><\/div><\/div><\/div><\/section>","protected":false},"excerpt":{"rendered":"","protected":false},"author":29,"featured_media":0,"parent":0,"menu_order":0,"comment_status":"closed","ping_status":"closed","template":"","meta":{"_acf_changed":false,"footnotes":""},"class_list":["post-30616","page","type-page","status-publish","hentry"],"acf":[],"yoast_head":"<!-- This site is optimized with the Yoast SEO plugin v26.9 - https:\/\/yoast.com\/product\/yoast-seo-wordpress\/ -->\n<title>DEPARTAMENTI I INFERMIERIS\u00cb - Universiteti &quot;Fan S. Noli&quot;, Kor\u00e7\u00eb<\/title>\n<meta name=\"robots\" content=\"index, follow, max-snippet:-1, max-image-preview:large, max-video-preview:-1\" \/>\n<link rel=\"canonical\" href=\"https:\/\/unkorce.edu.al\/en\/departamenti-i-infermierise-3\/\" \/>\n<meta property=\"og:locale\" content=\"en_US\" \/>\n<meta property=\"og:type\" content=\"article\" \/>\n<meta property=\"og:title\" content=\"DEPARTAMENTI I INFERMIERIS\u00cb - Universiteti &quot;Fan S. Noli&quot;, Kor\u00e7\u00eb\" \/>\n<meta property=\"og:url\" content=\"https:\/\/unkorce.edu.al\/en\/departamenti-i-infermierise-3\/\" \/>\n<meta property=\"og:site_name\" content=\"Universiteti &quot;Fan S. Noli&quot;, Kor\u00e7\u00eb\" \/>\n<meta property=\"article:publisher\" content=\"https:\/\/www.facebook.com\/unkorce\" \/>\n<meta property=\"article:modified_time\" content=\"2025-02-18T09:24:45+00:00\" \/>\n<meta name=\"twitter:card\" content=\"summary_large_image\" \/>\n<meta name=\"twitter:label1\" content=\"Est. reading time\" \/>\n\t<meta name=\"twitter:data1\" content=\"2 minutes\" \/>\n<script type=\"application\/ld+json\" class=\"yoast-schema-graph\">{\"@context\":\"https:\/\/schema.org\",\"@graph\":[{\"@type\":\"WebPage\",\"@id\":\"https:\/\/unkorce.edu.al\/departamenti-i-infermierise-3\/\",\"url\":\"https:\/\/unkorce.edu.al\/departamenti-i-infermierise-3\/\",\"name\":\"DEPARTAMENTI I INFERMIERIS\u00cb - Universiteti \\\"Fan S. Noli\\\", Kor\u00e7\u00eb\",\"isPartOf\":{\"@id\":\"https:\/\/unkorce.edu.al\/#website\"},\"datePublished\":\"2024-12-18T08:57:04+00:00\",\"dateModified\":\"2025-02-18T09:24:45+00:00\",\"breadcrumb\":{\"@id\":\"https:\/\/unkorce.edu.al\/departamenti-i-infermierise-3\/#breadcrumb\"},\"inLanguage\":\"en-US\",\"potentialAction\":[{\"@type\":\"ReadAction\",\"target\":[\"https:\/\/unkorce.edu.al\/departamenti-i-infermierise-3\/\"]}]},{\"@type\":\"BreadcrumbList\",\"@id\":\"https:\/\/unkorce.edu.al\/departamenti-i-infermierise-3\/#breadcrumb\",\"itemListElement\":[{\"@type\":\"ListItem\",\"position\":1,\"name\":\"Home\",\"item\":\"https:\/\/unkorce.edu.al\/\"},{\"@type\":\"ListItem\",\"position\":2,\"name\":\"DEPARTAMENTI I INFERMIERIS\u00cb\"}]},{\"@type\":\"WebSite\",\"@id\":\"https:\/\/unkorce.edu.al\/#website\",\"url\":\"https:\/\/unkorce.edu.al\/\",\"name\":\"Universiteti \\\"Fan S. Noli\\\", Kor\u00e7\u00eb\",\"description\":\"Mir&euml;sevini n&euml; faqen zyrtare!\",\"publisher\":{\"@id\":\"https:\/\/unkorce.edu.al\/#organization\"},\"potentialAction\":[{\"@type\":\"SearchAction\",\"target\":{\"@type\":\"EntryPoint\",\"urlTemplate\":\"https:\/\/unkorce.edu.al\/?s={search_term_string}\"},\"query-input\":{\"@type\":\"PropertyValueSpecification\",\"valueRequired\":true,\"valueName\":\"search_term_string\"}}],\"inLanguage\":\"en-US\"},{\"@type\":\"Organization\",\"@id\":\"https:\/\/unkorce.edu.al\/#organization\",\"name\":\"Universiteti \\\"Fan S. Noli\\\", Kor\u00e7\u00eb\",\"url\":\"https:\/\/unkorce.edu.al\/\",\"logo\":{\"@type\":\"ImageObject\",\"inLanguage\":\"en-US\",\"@id\":\"https:\/\/unkorce.edu.al\/#\/schema\/logo\/image\/\",\"url\":\"https:\/\/unkorce.edu.al\/wp-content\/uploads\/2024\/08\/Logo_e_Universitetit__Fan_Noli_-e1726660879862.png\",\"contentUrl\":\"https:\/\/unkorce.edu.al\/wp-content\/uploads\/2024\/08\/Logo_e_Universitetit__Fan_Noli_-e1726660879862.png\",\"width\":200,\"height\":120,\"caption\":\"Universiteti \\\"Fan S. Noli\\\", Kor\u00e7\u00eb\"},\"image\":{\"@id\":\"https:\/\/unkorce.edu.al\/#\/schema\/logo\/image\/\"},\"sameAs\":[\"https:\/\/www.facebook.com\/unkorce\"]}]}<\/script>\n<!-- \/ Yoast SEO plugin. -->","yoast_head_json":{"title":"DEPARTAMENTI I INFERMIERIS\u00cb - Universiteti \"Fan S. Noli\", Kor\u00e7\u00eb","robots":{"index":"index","follow":"follow","max-snippet":"max-snippet:-1","max-image-preview":"max-image-preview:large","max-video-preview":"max-video-preview:-1"},"canonical":"https:\/\/unkorce.edu.al\/en\/departamenti-i-infermierise-3\/","og_locale":"en_US","og_type":"article","og_title":"DEPARTAMENTI I INFERMIERIS\u00cb - Universiteti \"Fan S. Noli\", Kor\u00e7\u00eb","og_url":"https:\/\/unkorce.edu.al\/en\/departamenti-i-infermierise-3\/","og_site_name":"Universiteti \"Fan S. Noli\", Kor\u00e7\u00eb","article_publisher":"https:\/\/www.facebook.com\/unkorce","article_modified_time":"2025-02-18T09:24:45+00:00","twitter_card":"summary_large_image","twitter_misc":{"Est. reading time":"2 minutes"},"schema":{"@context":"https:\/\/schema.org","@graph":[{"@type":"WebPage","@id":"https:\/\/unkorce.edu.al\/departamenti-i-infermierise-3\/","url":"https:\/\/unkorce.edu.al\/departamenti-i-infermierise-3\/","name":"DEPARTAMENTI I INFERMIERIS\u00cb - Universiteti \"Fan S. Noli\", Kor\u00e7\u00eb","isPartOf":{"@id":"https:\/\/unkorce.edu.al\/#website"},"datePublished":"2024-12-18T08:57:04+00:00","dateModified":"2025-02-18T09:24:45+00:00","breadcrumb":{"@id":"https:\/\/unkorce.edu.al\/departamenti-i-infermierise-3\/#breadcrumb"},"inLanguage":"en-US","potentialAction":[{"@type":"ReadAction","target":["https:\/\/unkorce.edu.al\/departamenti-i-infermierise-3\/"]}]},{"@type":"BreadcrumbList","@id":"https:\/\/unkorce.edu.al\/departamenti-i-infermierise-3\/#breadcrumb","itemListElement":[{"@type":"ListItem","position":1,"name":"Home","item":"https:\/\/unkorce.edu.al\/"},{"@type":"ListItem","position":2,"name":"DEPARTAMENTI I INFERMIERIS\u00cb"}]},{"@type":"WebSite","@id":"https:\/\/unkorce.edu.al\/#website","url":"https:\/\/unkorce.edu.al\/","name":"Universiteti \"Fan S. Noli\", Kor\u00e7\u00eb","description":"Mir&euml;sevini n&euml; faqen zyrtare!","publisher":{"@id":"https:\/\/unkorce.edu.al\/#organization"},"potentialAction":[{"@type":"SearchAction","target":{"@type":"EntryPoint","urlTemplate":"https:\/\/unkorce.edu.al\/?s={search_term_string}"},"query-input":{"@type":"PropertyValueSpecification","valueRequired":true,"valueName":"search_term_string"}}],"inLanguage":"en-US"},{"@type":"Organization","@id":"https:\/\/unkorce.edu.al\/#organization","name":"Universiteti \"Fan S. Noli\", Kor\u00e7\u00eb","url":"https:\/\/unkorce.edu.al\/","logo":{"@type":"ImageObject","inLanguage":"en-US","@id":"https:\/\/unkorce.edu.al\/#\/schema\/logo\/image\/","url":"https:\/\/unkorce.edu.al\/wp-content\/uploads\/2024\/08\/Logo_e_Universitetit__Fan_Noli_-e1726660879862.png","contentUrl":"https:\/\/unkorce.edu.al\/wp-content\/uploads\/2024\/08\/Logo_e_Universitetit__Fan_Noli_-e1726660879862.png","width":200,"height":120,"caption":"Universiteti \"Fan S. Noli\", Kor\u00e7\u00eb"},"image":{"@id":"https:\/\/unkorce.edu.al\/#\/schema\/logo\/image\/"},"sameAs":["https:\/\/www.facebook.com\/unkorce"]}]}},"_links":{"self":[{"href":"https:\/\/unkorce.edu.al\/en\/wp-json\/wp\/v2\/pages\/30616","targetHints":{"allow":["GET"]}}],"collection":[{"href":"https:\/\/unkorce.edu.al\/en\/wp-json\/wp\/v2\/pages"}],"about":[{"href":"https:\/\/unkorce.edu.al\/en\/wp-json\/wp\/v2\/types\/page"}],"author":[{"embeddable":true,"href":"https:\/\/unkorce.edu.al\/en\/wp-json\/wp\/v2\/users\/29"}],"replies":[{"embeddable":true,"href":"https:\/\/unkorce.edu.al\/en\/wp-json\/wp\/v2\/comments?post=30616"}],"version-history":[{"count":10,"href":"https:\/\/unkorce.edu.al\/en\/wp-json\/wp\/v2\/pages\/30616\/revisions"}],"predecessor-version":[{"id":31607,"href":"https:\/\/unkorce.edu.al\/en\/wp-json\/wp\/v2\/pages\/30616\/revisions\/31607"}],"wp:attachment":[{"href":"https:\/\/unkorce.edu.al\/en\/wp-json\/wp\/v2\/media?parent=30616"}],"curies":[{"name":"wp","href":"https:\/\/api.w.org\/{rel}","templated":true}]}}