{"id":30366,"date":"2024-12-11T11:06:39","date_gmt":"2024-12-11T11:06:39","guid":{"rendered":"https:\/\/unkorce.edu.al\/?page_id=30366"},"modified":"2025-01-30T12:19:27","modified_gmt":"2025-01-30T12:19:27","slug":"departamenti-i-biologji-kimise-departamenti-i-biologji-kimise","status":"publish","type":"page","link":"https:\/\/unkorce.edu.al\/en\/departamenti-i-biologji-kimise-departamenti-i-biologji-kimise\/","title":{"rendered":"DEPARTAMENTI I BIOLOGJI-KIMIS\u00cb"},"content":{"rendered":"<section class=\"l-section wpb_row height_medium\"><div class=\"l-section-h i-cf\"><div class=\"g-cols vc_row via_grid cols_1 laptops-cols_inherit tablets-cols_inherit mobiles-cols_1 valign_top type_default stacking_default\"><div class=\"wpb_column vc_column_container\"><div class=\"vc_column-inner\"><div class=\"w-vwrapper align_none valign_top\"><h1 class=\"w-text us_custom_30fd7efd\"><span class=\"w-text-h\"><span class=\"w-text-value\">DEPARTAMENTI I BIOLOGJI-KIMIS\u00cb<\/span><\/span><\/h1><\/div><div class=\"wpb_text_column\"><div class=\"wpb_wrapper\"><p>Misioni i k\u00ebtij departamenti \u00ebsht\u00eb t\u00eb siguroj\u00eb nj\u00eb m\u00ebsimdh\u00ebnie me nivel t\u00eb lart\u00eb t\u00eb disiplinave t\u00eb Biologji-Kimis\u00eb duke ofruar performanc\u00eb dhe cil\u00ebsi n\u00eb kurset tona, kurrikula dhe teknologji t\u00eb reja n\u00eb m\u00ebsimdh\u00ebnie. Nj\u00ebkoh\u00ebsisht misioni yn\u00eb \u00ebsht\u00eb zhvillimi dhe integrimi i pun\u00ebs shkencore me m\u00ebsimdh\u00ebnien, organizimi i veprimtarive shkencore me karakter lokal, komb\u00ebtar dhe nd\u00ebrrajonal.<\/p>\n<p>Misioni i Departamentit Biologji\u2013Kimis\u00eb \u00ebsht\u00eb pjes\u00eb e misionit t\u00eb FSHNH -s\u00eb dhe ndahet n\u00eb tre komponent\u00eb specifik\u00eb:<\/p>\n<p>M\u00ebsimi: T\u00eb p\u00ebrgatis\u00eb specialist\u00eb t\u00eb kualifikuar t\u00eb aft\u00eb t\u00eb p\u00ebrballen me sfidat e koh\u00ebs p\u00ebr Biologji\u2013Kimi, m\u00ebsimdh\u00ebn\u00ebs t\u00eb suksessh\u00ebm, me aft\u00ebsi t\u00eb thella profesionale n\u00eb fushen e biologji\u2013kimis\u00eb, cil\u00ebsi t\u00eb larta morale dhe shoq\u00ebrore p\u00ebr t\u2019u kthyer n\u00eb modele frym\u00ebzuese dhe motivuese p\u00ebr nx\u00ebn\u00ebsit..<\/p>\n<p>Objektivi final i programit \u00ebsht\u00eb q\u00eb t\u00eb p\u00ebrgatit\u00eb specialist\u00eb t\u00eb zot\u00eb n\u00eb fush\u00ebn e m\u00ebsimdh\u00ebnies s\u00eb Biologji\u2013kimis\u00eb q\u00eb t\u00eb thithen nga tregu i pun\u00ebs, qoft\u00eb n\u00eb sektorin arsimor shtet\u00ebror e privat, ashtu edhe n\u00eb sektorin privat industrial e ushqimor si specialist\u00eb trajnues i probelematikave kimike e biologjike probleme q\u00eb shtrohen me forc\u00eb dhe jan\u00eb t\u00eb detyrueshme nga standartet e B.E dhe Republik\u00ebs s\u00eb Shqiperis\u00eb.<\/p>\n<p><strong>K\u00ebrkimi:<\/strong><\/p>\n<p>Departamenti i Biologji-Kimis\u00eb ushtron veprimtari m\u00ebsimore dhe k\u00ebrkimore-shkencore n\u00eb p\u00ebrmbushje t\u00eb misionit t\u00eb tij n\u00eb drejtimet e formimit universitar t\u00eb student\u00ebve dhe k\u00ebrkimit shkencor baz\u00eb<\/p>\n<p>T\u00eb synoj\u00eb q\u00eb n\u00ebp\u00ebrmjet k\u00ebrkimit baz\u00eb dhe t\u00eb aplikuar, t\u00eb p\u00ebrmir\u00ebsoj\u00eb dhe t\u00eb ngrej\u00eb n\u00eb nj\u00eb nivel m\u00eb t\u00eb lart\u00eb mesimdhenien e Biologji\u2013kimis\u00eb.<\/p>\n<p>Departamenti i Biologji-Kimis\u00eb synon t\u00eb zhvilloj\u00eb k\u00ebrkime shkencore n\u00eb fush\u00ebn e Biologji\u2013kimis\u00eb, n\u00eb fush\u00ebn e vleresimit te cilesise dhe sigurise se ushqimeve, n\u00eb fush\u00ebn e biologjis\u00eb t\u00eb kancerit<\/p>\n<p>T\u00eb interpretoj\u00eb dhe shpreh\u00eb n\u00eb nj\u00eb gjuh\u00eb t\u00eb kuptueshme rezultatet e k\u00ebrkimit, si n\u00eb laborator ashtu dhe n\u00eb teren.<\/p>\n<p><strong>Formimi i vazhduar:<\/strong> Departamenti Biologji-Kimise vazhdon sesionet e rregullta t\u00eb trajnimit, n\u00eb p\u00ebrmbushje t\u00eb Udh\u00ebzimit t\u00eb MASR-s\u00eb p\u00ebr veprimtarin\u00eb e Qendrave t\u00eb Trajnimit p\u00ebr m\u00ebsuesit n\u00eb sh\u00ebrbim.<\/p>\n<\/div><\/div><div class=\"w-separator size_medium\"><\/div><h2 class=\"w-text us_custom_c96a8a09\"><span class=\"w-text-h\"><span class=\"w-text-value\">PROGRAMET E STUDIMIT<\/span><\/span><\/h2><div class=\"w-hwrapper valign_top stack_on_mobiles align_justify\"><a class=\"w-flipbox animation_cardflip direction_w\" href=\"https:\/\/unkorce.edu.al\/en\/archive\/unkorce_programet\/programet.php\/?fakulteti=fshnh&amp;tipi=ba&amp;programi=biokimi\"><div class=\"w-flipbox-h easing_ease\" style=\"transition-duration:0.5s;\"><div class=\"w-flipbox-hh\"><div class=\"w-flipbox-front\"><div class=\"w-flipbox-front-h\"><h4 class=\"w-flipbox-front-title\">&#8220;Bachelor&#8221; n\u00eb &#8220;Biologji- Kimi&#8221;<\/h4><\/div><\/div><div class=\"w-flipbox-back\" style=\"display:none;\"><div class=\"w-flipbox-back-h\"><h4 class=\"w-flipbox-back-title\">&#8220;Bachelor&#8221; n\u00eb &#8220;Biologji- Kimi&#8221;<\/h4><\/div><\/div><\/div><\/div><\/a><a class=\"w-flipbox animation_cardflip direction_w\" href=\"https:\/\/unkorce.edu.al\/en\/archive\/unkorce_programet\/programet.php\/?fakulteti=fshnh&amp;tipi=msh&amp;programi=mbk\"><div class=\"w-flipbox-h easing_ease\" style=\"transition-duration:0.5s;\"><div class=\"w-flipbox-hh\"><div class=\"w-flipbox-front\"><div class=\"w-flipbox-front-h\"><h4 class=\"w-flipbox-front-title\">Master Profesional n\u00eb &#8220;M\u00ebsues n\u00eb Biologji dhe Kimi&#8221;<\/h4><\/div><\/div><div class=\"w-flipbox-back\" style=\"display:none;\"><div class=\"w-flipbox-back-h\"><h4 class=\"w-flipbox-back-title\">Master Profesional n\u00eb &#8220;M\u00ebsues n\u00eb Biologji dhe Kimi&#8221;<\/h4><\/div><\/div><\/div><\/div><\/a><\/div><div class=\"w-separator size_medium\"><\/div><h2 class=\"w-text us_custom_c96a8a09\"><span class=\"w-text-h\"><span class=\"w-text-value\">STAFI<\/span><\/span><\/h2><div class=\"wpb_text_column us_custom_67df8fa0 has_text_color\"><div class=\"wpb_wrapper\"><p>Departamenti i Biologjis\u00eb dhe Kimis\u00eb<\/p>\n<p>1. Dr. Desareda Mero &#8211; P\u00ebrgjegj\u00ebs departamenti<br \/>\n2. Dr. Arben Gjata<br \/>\n3. PhD. Gloria Dim\u00e7o<br \/>\n4. Dr. Redi Buzo<br \/>\n5. Dr. Rezana Zervos<br \/>\n6. Dr. Tanja Kamburi<br \/>\n7. Msc. Xhuliana Qirinxhi<\/p>\n<\/div><\/div><\/div><\/div><\/div><\/div><\/section>","protected":false},"excerpt":{"rendered":"","protected":false},"author":27,"featured_media":0,"parent":0,"menu_order":0,"comment_status":"closed","ping_status":"closed","template":"","meta":{"_acf_changed":false,"footnotes":""},"class_list":["post-30366","page","type-page","status-publish","hentry"],"acf":[],"yoast_head":"<!-- This site is optimized with the Yoast SEO plugin v26.9 - https:\/\/yoast.com\/product\/yoast-seo-wordpress\/ -->\n<title>DEPARTAMENTI I BIOLOGJI-KIMIS\u00cb - Universiteti &quot;Fan S. Noli&quot;, Kor\u00e7\u00eb<\/title>\n<meta name=\"robots\" content=\"index, follow, max-snippet:-1, max-image-preview:large, max-video-preview:-1\" \/>\n<link rel=\"canonical\" href=\"https:\/\/unkorce.edu.al\/en\/departamenti-i-biologji-kimise-departamenti-i-biologji-kimise\/\" \/>\n<meta property=\"og:locale\" content=\"en_US\" \/>\n<meta property=\"og:type\" content=\"article\" \/>\n<meta property=\"og:title\" content=\"DEPARTAMENTI I BIOLOGJI-KIMIS\u00cb - Universiteti &quot;Fan S. Noli&quot;, Kor\u00e7\u00eb\" \/>\n<meta property=\"og:url\" content=\"https:\/\/unkorce.edu.al\/en\/departamenti-i-biologji-kimise-departamenti-i-biologji-kimise\/\" \/>\n<meta property=\"og:site_name\" content=\"Universiteti &quot;Fan S. Noli&quot;, Kor\u00e7\u00eb\" \/>\n<meta property=\"article:publisher\" content=\"https:\/\/www.facebook.com\/unkorce\" \/>\n<meta property=\"article:modified_time\" content=\"2025-01-30T12:19:27+00:00\" \/>\n<meta name=\"twitter:card\" content=\"summary_large_image\" \/>\n<meta name=\"twitter:label1\" content=\"Est. reading time\" \/>\n\t<meta name=\"twitter:data1\" content=\"2 minutes\" \/>\n<script type=\"application\/ld+json\" class=\"yoast-schema-graph\">{\"@context\":\"https:\/\/schema.org\",\"@graph\":[{\"@type\":\"WebPage\",\"@id\":\"https:\/\/unkorce.edu.al\/departamenti-i-biologji-kimise-departamenti-i-biologji-kimise\/\",\"url\":\"https:\/\/unkorce.edu.al\/departamenti-i-biologji-kimise-departamenti-i-biologji-kimise\/\",\"name\":\"DEPARTAMENTI I BIOLOGJI-KIMIS\u00cb - Universiteti \\\"Fan S. Noli\\\", Kor\u00e7\u00eb\",\"isPartOf\":{\"@id\":\"https:\/\/unkorce.edu.al\/#website\"},\"datePublished\":\"2024-12-11T11:06:39+00:00\",\"dateModified\":\"2025-01-30T12:19:27+00:00\",\"breadcrumb\":{\"@id\":\"https:\/\/unkorce.edu.al\/departamenti-i-biologji-kimise-departamenti-i-biologji-kimise\/#breadcrumb\"},\"inLanguage\":\"en-US\",\"potentialAction\":[{\"@type\":\"ReadAction\",\"target\":[\"https:\/\/unkorce.edu.al\/departamenti-i-biologji-kimise-departamenti-i-biologji-kimise\/\"]}]},{\"@type\":\"BreadcrumbList\",\"@id\":\"https:\/\/unkorce.edu.al\/departamenti-i-biologji-kimise-departamenti-i-biologji-kimise\/#breadcrumb\",\"itemListElement\":[{\"@type\":\"ListItem\",\"position\":1,\"name\":\"Home\",\"item\":\"https:\/\/unkorce.edu.al\/\"},{\"@type\":\"ListItem\",\"position\":2,\"name\":\"DEPARTAMENTI I BIOLOGJI-KIMIS\u00cb\"}]},{\"@type\":\"WebSite\",\"@id\":\"https:\/\/unkorce.edu.al\/#website\",\"url\":\"https:\/\/unkorce.edu.al\/\",\"name\":\"Universiteti \\\"Fan S. Noli\\\", Kor\u00e7\u00eb\",\"description\":\"Mir&euml;sevini n&euml; faqen zyrtare!\",\"publisher\":{\"@id\":\"https:\/\/unkorce.edu.al\/#organization\"},\"potentialAction\":[{\"@type\":\"SearchAction\",\"target\":{\"@type\":\"EntryPoint\",\"urlTemplate\":\"https:\/\/unkorce.edu.al\/?s={search_term_string}\"},\"query-input\":{\"@type\":\"PropertyValueSpecification\",\"valueRequired\":true,\"valueName\":\"search_term_string\"}}],\"inLanguage\":\"en-US\"},{\"@type\":\"Organization\",\"@id\":\"https:\/\/unkorce.edu.al\/#organization\",\"name\":\"Universiteti \\\"Fan S. Noli\\\", Kor\u00e7\u00eb\",\"url\":\"https:\/\/unkorce.edu.al\/\",\"logo\":{\"@type\":\"ImageObject\",\"inLanguage\":\"en-US\",\"@id\":\"https:\/\/unkorce.edu.al\/#\/schema\/logo\/image\/\",\"url\":\"https:\/\/unkorce.edu.al\/wp-content\/uploads\/2024\/08\/Logo_e_Universitetit__Fan_Noli_-e1726660879862.png\",\"contentUrl\":\"https:\/\/unkorce.edu.al\/wp-content\/uploads\/2024\/08\/Logo_e_Universitetit__Fan_Noli_-e1726660879862.png\",\"width\":200,\"height\":120,\"caption\":\"Universiteti \\\"Fan S. Noli\\\", Kor\u00e7\u00eb\"},\"image\":{\"@id\":\"https:\/\/unkorce.edu.al\/#\/schema\/logo\/image\/\"},\"sameAs\":[\"https:\/\/www.facebook.com\/unkorce\"]}]}<\/script>\n<!-- \/ Yoast SEO plugin. -->","yoast_head_json":{"title":"DEPARTAMENTI I BIOLOGJI-KIMIS\u00cb - Universiteti \"Fan S. Noli\", Kor\u00e7\u00eb","robots":{"index":"index","follow":"follow","max-snippet":"max-snippet:-1","max-image-preview":"max-image-preview:large","max-video-preview":"max-video-preview:-1"},"canonical":"https:\/\/unkorce.edu.al\/en\/departamenti-i-biologji-kimise-departamenti-i-biologji-kimise\/","og_locale":"en_US","og_type":"article","og_title":"DEPARTAMENTI I BIOLOGJI-KIMIS\u00cb - Universiteti \"Fan S. Noli\", Kor\u00e7\u00eb","og_url":"https:\/\/unkorce.edu.al\/en\/departamenti-i-biologji-kimise-departamenti-i-biologji-kimise\/","og_site_name":"Universiteti \"Fan S. Noli\", Kor\u00e7\u00eb","article_publisher":"https:\/\/www.facebook.com\/unkorce","article_modified_time":"2025-01-30T12:19:27+00:00","twitter_card":"summary_large_image","twitter_misc":{"Est. reading time":"2 minutes"},"schema":{"@context":"https:\/\/schema.org","@graph":[{"@type":"WebPage","@id":"https:\/\/unkorce.edu.al\/departamenti-i-biologji-kimise-departamenti-i-biologji-kimise\/","url":"https:\/\/unkorce.edu.al\/departamenti-i-biologji-kimise-departamenti-i-biologji-kimise\/","name":"DEPARTAMENTI I BIOLOGJI-KIMIS\u00cb - Universiteti \"Fan S. Noli\", Kor\u00e7\u00eb","isPartOf":{"@id":"https:\/\/unkorce.edu.al\/#website"},"datePublished":"2024-12-11T11:06:39+00:00","dateModified":"2025-01-30T12:19:27+00:00","breadcrumb":{"@id":"https:\/\/unkorce.edu.al\/departamenti-i-biologji-kimise-departamenti-i-biologji-kimise\/#breadcrumb"},"inLanguage":"en-US","potentialAction":[{"@type":"ReadAction","target":["https:\/\/unkorce.edu.al\/departamenti-i-biologji-kimise-departamenti-i-biologji-kimise\/"]}]},{"@type":"BreadcrumbList","@id":"https:\/\/unkorce.edu.al\/departamenti-i-biologji-kimise-departamenti-i-biologji-kimise\/#breadcrumb","itemListElement":[{"@type":"ListItem","position":1,"name":"Home","item":"https:\/\/unkorce.edu.al\/"},{"@type":"ListItem","position":2,"name":"DEPARTAMENTI I BIOLOGJI-KIMIS\u00cb"}]},{"@type":"WebSite","@id":"https:\/\/unkorce.edu.al\/#website","url":"https:\/\/unkorce.edu.al\/","name":"Universiteti \"Fan S. Noli\", Kor\u00e7\u00eb","description":"Mir&euml;sevini n&euml; faqen zyrtare!","publisher":{"@id":"https:\/\/unkorce.edu.al\/#organization"},"potentialAction":[{"@type":"SearchAction","target":{"@type":"EntryPoint","urlTemplate":"https:\/\/unkorce.edu.al\/?s={search_term_string}"},"query-input":{"@type":"PropertyValueSpecification","valueRequired":true,"valueName":"search_term_string"}}],"inLanguage":"en-US"},{"@type":"Organization","@id":"https:\/\/unkorce.edu.al\/#organization","name":"Universiteti \"Fan S. Noli\", Kor\u00e7\u00eb","url":"https:\/\/unkorce.edu.al\/","logo":{"@type":"ImageObject","inLanguage":"en-US","@id":"https:\/\/unkorce.edu.al\/#\/schema\/logo\/image\/","url":"https:\/\/unkorce.edu.al\/wp-content\/uploads\/2024\/08\/Logo_e_Universitetit__Fan_Noli_-e1726660879862.png","contentUrl":"https:\/\/unkorce.edu.al\/wp-content\/uploads\/2024\/08\/Logo_e_Universitetit__Fan_Noli_-e1726660879862.png","width":200,"height":120,"caption":"Universiteti \"Fan S. Noli\", Kor\u00e7\u00eb"},"image":{"@id":"https:\/\/unkorce.edu.al\/#\/schema\/logo\/image\/"},"sameAs":["https:\/\/www.facebook.com\/unkorce"]}]}},"_links":{"self":[{"href":"https:\/\/unkorce.edu.al\/en\/wp-json\/wp\/v2\/pages\/30366","targetHints":{"allow":["GET"]}}],"collection":[{"href":"https:\/\/unkorce.edu.al\/en\/wp-json\/wp\/v2\/pages"}],"about":[{"href":"https:\/\/unkorce.edu.al\/en\/wp-json\/wp\/v2\/types\/page"}],"author":[{"embeddable":true,"href":"https:\/\/unkorce.edu.al\/en\/wp-json\/wp\/v2\/users\/27"}],"replies":[{"embeddable":true,"href":"https:\/\/unkorce.edu.al\/en\/wp-json\/wp\/v2\/comments?post=30366"}],"version-history":[{"count":17,"href":"https:\/\/unkorce.edu.al\/en\/wp-json\/wp\/v2\/pages\/30366\/revisions"}],"predecessor-version":[{"id":31367,"href":"https:\/\/unkorce.edu.al\/en\/wp-json\/wp\/v2\/pages\/30366\/revisions\/31367"}],"wp:attachment":[{"href":"https:\/\/unkorce.edu.al\/en\/wp-json\/wp\/v2\/media?parent=30366"}],"curies":[{"name":"wp","href":"https:\/\/api.w.org\/{rel}","templated":true}]}}