{"id":29252,"date":"2024-10-27T18:34:30","date_gmt":"2024-10-27T18:34:30","guid":{"rendered":"https:\/\/unkorce.edu.al\/?page_id=29252"},"modified":"2024-10-27T18:36:52","modified_gmt":"2024-10-27T18:36:52","slug":"29252-2","status":"publish","type":"page","link":"https:\/\/unkorce.edu.al\/en\/29252-2\/","title":{"rendered":"#29252"},"content":{"rendered":"<section class=\"l-section wpb_row height_medium\"><div class=\"l-section-h i-cf\"><div class=\"g-cols vc_row via_grid cols_1 laptops-cols_inherit tablets-cols_inherit mobiles-cols_1 valign_top type_default stacking_default\"><div class=\"wpb_column vc_column_container\"><div class=\"vc_column-inner\"><div class=\"w-grid type_grid layout_blog_1 cols_2 with_css_animation ratio_16x9\" id=\"us_grid_1\" style=\"--gap:0.3rem;\" data-filterable=\"true\"><style>@media (max-width:600px){#us_grid_1 .w-grid-list{margin:0}#us_grid_1 .w-grid-item{width:100%;padding:0;margin-bottom:var(--gap,0px)}}#us_grid_1 .w-grid-item-h:before{padding-bottom:56.25%}.layout_blog_1 .w-grid-item-h:before{padding-bottom:100%}@media (min-width:601px){.layout_blog_1 .w-grid-item.size_1x2 .w-grid-item-h:before{padding-bottom:calc(200% + var(--gap,0px) * 2)}.layout_blog_1 .w-grid-item.size_2x1 .w-grid-item-h:before{padding-bottom:calc(50% - var(--gap,0px) * 1)}.layout_blog_1 .w-grid-item.size_2x2 .w-grid-item-h:before{padding-bottom:calc(100% - var(--gap,0px) * 0)}}.layout_blog_1 .w-grid-item-h{}.layout_blog_1 .usg_post_image_1{margin-bottom:0.5rem!important}.layout_blog_1 .usg_post_title_1{font-size:1rem!important}<\/style><div class=\"w-grid-list\">\t<article class=\"w-grid-item us_animate_fade size_1x1 post-36840 post type-post status-publish format-standard has-post-thumbnail hentry category-fakulteti-i-ekonomise category-uncategorized-sq\" data-id=\"36840\" style=\"animation-delay:0s\">\r\n\t\t<div class=\"w-grid-item-h\">\r\n\t\t\t\t\t\t<div class=\"w-post-elm post_image usg_post_image_1 stretched\"><a href=\"https:\/\/unkorce.edu.al\/en\/zhvillimi-i-bankingut-digjital-dhe-rendesia-e-edukimi-financiar-per-te-rinjte-leksion-i-hapur-per-studentet-e-fe-te-ftuar-staf-nga-raiffeisen-bank\/\" aria-label=\"\u201cZHVILLIMI I BANKINGUT DIGJITAL DHE R\u00cbND\u00cbSIA E EDUKIMI FINANCIAR P\u00cbR T\u00cb RINJT\u00cb\u201d-LEKSION I HAPUR P\u00cbR STUDENT\u00cbT E FE, T\u00cb FTUAR STAF NGA RAIFFEISEN BANK\"><img loading=\"lazy\" decoding=\"async\" width=\"300\" height=\"225\" src=\"https:\/\/unkorce.edu.al\/wp-content\/uploads\/2026\/04\/WhatsApp-Image-2026-04-14-at-14.17.41-300x225.jpeg\" class=\"attachment-medium size-medium wp-post-image\" alt=\"\" srcset=\"https:\/\/unkorce.edu.al\/wp-content\/uploads\/2026\/04\/WhatsApp-Image-2026-04-14-at-14.17.41-300x225.jpeg 300w, https:\/\/unkorce.edu.al\/wp-content\/uploads\/2026\/04\/WhatsApp-Image-2026-04-14-at-14.17.41-1024x768.jpeg 1024w, https:\/\/unkorce.edu.al\/wp-content\/uploads\/2026\/04\/WhatsApp-Image-2026-04-14-at-14.17.41-16x12.jpeg 16w, https:\/\/unkorce.edu.al\/wp-content\/uploads\/2026\/04\/WhatsApp-Image-2026-04-14-at-14.17.41.jpeg 1280w\" sizes=\"auto, (max-width: 300px) 100vw, 300px\" \/><\/a><\/div><h2 class=\"w-post-elm post_title usg_post_title_1 entry-title color_link_inherit\"><a href=\"https:\/\/unkorce.edu.al\/en\/zhvillimi-i-bankingut-digjital-dhe-rendesia-e-edukimi-financiar-per-te-rinjte-leksion-i-hapur-per-studentet-e-fe-te-ftuar-staf-nga-raiffeisen-bank\/\">\u201cZHVILLIMI I BANKINGUT DIGJITAL DHE R\u00cbND\u00cbSIA E EDUKIMI FINANCIAR P\u00cbR T\u00cb RINJT\u00cb\u201d-LEKSION I HAPUR P\u00cbR STUDENT\u00cbT E FE, T\u00cb FTUAR STAF NGA RAIFFEISEN BANK<\/a><\/h2>\t\t<\/div>\r\n\t\t\t<\/article>\r\n\t<article class=\"w-grid-item us_animate_fade size_1x1 post-36836 post type-post status-publish format-standard hentry category-mundesi-punesimi\" data-id=\"36836\" style=\"animation-delay:0.1s\">\r\n\t\t<div class=\"w-grid-item-h\">\r\n\t\t\t\t\t\t<h2 class=\"w-post-elm post_title usg_post_title_1 entry-title color_link_inherit\"><a href=\"https:\/\/unkorce.edu.al\/en\/njoftim-per-1-vend-te-lire-pune-ne-bashkine-korce\/\">NJOFTIM P\u00cbR 1 VEND T\u00cb LIR\u00cb PUNE N\u00cb BASHKIN\u00cb KOR\u00c7\u00cb<\/a><\/h2>\t\t<\/div>\r\n\t\t\t<\/article>\r\n\t<article class=\"w-grid-item us_animate_fade size_1x1 post-36829 post type-post status-publish format-standard hentry category-mundesi-punesimi\" data-id=\"36829\" style=\"animation-delay:0.2s\">\r\n\t\t<div class=\"w-grid-item-h\">\r\n\t\t\t\t\t\t<h2 class=\"w-post-elm post_title usg_post_title_1 entry-title color_link_inherit\"><a href=\"https:\/\/unkorce.edu.al\/en\/njoftim-per-1-vend-te-lire-pune-ne-keshillin-e-qarkut-korce\/\">NJOFTIM P\u00cbR 1 VEND T\u00cb LIR\u00cb PUNE N\u00cb KESHILLIN E QARKUT KOR\u00c7\u00cb<\/a><\/h2>\t\t<\/div>\r\n\t\t\t<\/article>\r\n\t<article class=\"w-grid-item us_animate_fade size_1x1 post-36802 post type-post status-publish format-standard has-post-thumbnail hentry category-fakulteti-i-bujqesise category-uncategorized-sq\" data-id=\"36802\" style=\"animation-delay:0.3s\">\r\n\t\t<div class=\"w-grid-item-h\">\r\n\t\t\t\t\t\t<div class=\"w-post-elm post_image usg_post_image_1 stretched\"><a href=\"https:\/\/unkorce.edu.al\/en\/ne-fakultetin-e-bujqesise-u-promovua-libri-memorje-shqiptare-nje-shekull-kerkime-dhe-institucione-bujqesore-i-autores-prof-dr-tatjana-dishnica\/\" aria-label=\"N\u00cb FAKULTETIN E BUJQ\u00cbSIS\u00cb U PROMOVUA LIBRI \u201cMEMORJE SHQIPTARE &#8211; NJ\u00cb SHEKULL K\u00cbRKIME DHE INSTITUCIONE BUJQ\u00cbSORE\u201d I AUTORES PROF. DR. TATJANA DISHNICA\"><img loading=\"lazy\" decoding=\"async\" width=\"300\" height=\"225\" src=\"https:\/\/unkorce.edu.al\/wp-content\/uploads\/2026\/04\/WhatsApp-Image-2026-04-10-at-08.57.45-300x225.jpeg\" class=\"attachment-medium size-medium wp-post-image\" alt=\"\" srcset=\"https:\/\/unkorce.edu.al\/wp-content\/uploads\/2026\/04\/WhatsApp-Image-2026-04-10-at-08.57.45-300x225.jpeg 300w, https:\/\/unkorce.edu.al\/wp-content\/uploads\/2026\/04\/WhatsApp-Image-2026-04-10-at-08.57.45-1024x768.jpeg 1024w, https:\/\/unkorce.edu.al\/wp-content\/uploads\/2026\/04\/WhatsApp-Image-2026-04-10-at-08.57.45-16x12.jpeg 16w, https:\/\/unkorce.edu.al\/wp-content\/uploads\/2026\/04\/WhatsApp-Image-2026-04-10-at-08.57.45.jpeg 1280w\" sizes=\"auto, (max-width: 300px) 100vw, 300px\" \/><\/a><\/div><h2 class=\"w-post-elm post_title usg_post_title_1 entry-title color_link_inherit\"><a href=\"https:\/\/unkorce.edu.al\/en\/ne-fakultetin-e-bujqesise-u-promovua-libri-memorje-shqiptare-nje-shekull-kerkime-dhe-institucione-bujqesore-i-autores-prof-dr-tatjana-dishnica\/\">N\u00cb FAKULTETIN E BUJQ\u00cbSIS\u00cb U PROMOVUA LIBRI \u201cMEMORJE SHQIPTARE &#8211; NJ\u00cb SHEKULL K\u00cbRKIME DHE INSTITUCIONE BUJQ\u00cbSORE\u201d I AUTORES PROF. DR. TATJANA DISHNICA<\/a><\/h2>\t\t<\/div>\r\n\t\t\t<\/article>\r\n\t<article class=\"w-grid-item us_animate_fade size_1x1 post-36787 post type-post status-publish format-standard hentry category-njoftim\" data-id=\"36787\" style=\"animation-delay:0s\">\r\n\t\t<div class=\"w-grid-item-h\">\r\n\t\t\t\t\t\t<h2 class=\"w-post-elm post_title usg_post_title_1 entry-title color_link_inherit\"><a href=\"https:\/\/unkorce.edu.al\/en\/\ud83c\udfebuniversiteti-fan-s-noli-korce-\u2714\ufe0fshpreh-mbeshtetjen-e-tij-te-plote-per-studentet-shqiptare-ne-maqedonine-e-veriut\/\">&#x1f3eb;Universiteti \u201cFan S. Noli\u201d, Kor\u00e7\u00eb &#x2714;&#xfe0f;shpreh mb\u00ebshtetjen e tij t\u00eb plot\u00eb p\u00ebr student\u00ebt shqiptar\u00eb n\u00eb Maqedonin\u00eb e Veriut<\/a><\/h2>\t\t<\/div>\r\n\t\t\t<\/article>\r\n\t<article class=\"w-grid-item us_animate_fade size_1x1 post-36780 post type-post status-publish format-standard hentry category-njoftim\" data-id=\"36780\" style=\"animation-delay:0.1s\">\r\n\t\t<div class=\"w-grid-item-h\">\r\n\t\t\t\t\t\t<h2 class=\"w-post-elm post_title usg_post_title_1 entry-title color_link_inherit\"><a href=\"https:\/\/unkorce.edu.al\/en\/be-dhe-ti-europa-fillon-ketu\/\">&#8220;BE dhe Ti: Europa fillon k\u00ebtu&#8221;<\/a><\/h2>\t\t<\/div>\r\n\t\t\t<\/article>\r\n\t<article class=\"w-grid-item us_animate_fade size_1x1 post-36710 post type-post status-publish format-standard has-post-thumbnail hentry category-uncategorized\" data-id=\"36710\" style=\"animation-delay:0.2s\">\r\n\t\t<div class=\"w-grid-item-h\">\r\n\t\t\t\t\t\t<div class=\"w-post-elm post_image usg_post_image_1 stretched\"><a href=\"https:\/\/unkorce.edu.al\/en\/projekti-open-eu-ben-bashke-eksperte-greke-dhe-qipriote-ne-takime-me-kolege-te-universitetit-fan-s-noli\/\" aria-label=\"PROJEKTI \u201cOPEN EU\u201d B\u00cbN BASHK\u00cb EKSPERT\u00cb GREK\u00cb DHE QIPRIOT\u00cb N\u00cb TAKIME ME KOLEG\u00cb T\u00cb UNIVERSITETIT \u201cFAN S. NOLI\u201d\"><img loading=\"lazy\" decoding=\"async\" width=\"300\" height=\"138\" src=\"https:\/\/unkorce.edu.al\/wp-content\/uploads\/2026\/03\/WhatsApp-Image-2026-03-31-at-08.01.42-1-300x138.jpeg\" class=\"attachment-medium size-medium wp-post-image\" alt=\"\" srcset=\"https:\/\/unkorce.edu.al\/wp-content\/uploads\/2026\/03\/WhatsApp-Image-2026-03-31-at-08.01.42-1-300x138.jpeg 300w, https:\/\/unkorce.edu.al\/wp-content\/uploads\/2026\/03\/WhatsApp-Image-2026-03-31-at-08.01.42-1-1024x472.jpeg 1024w, https:\/\/unkorce.edu.al\/wp-content\/uploads\/2026\/03\/WhatsApp-Image-2026-03-31-at-08.01.42-1-18x8.jpeg 18w, https:\/\/unkorce.edu.al\/wp-content\/uploads\/2026\/03\/WhatsApp-Image-2026-03-31-at-08.01.42-1.jpeg 1600w\" sizes=\"auto, (max-width: 300px) 100vw, 300px\" \/><\/a><\/div><h2 class=\"w-post-elm post_title usg_post_title_1 entry-title color_link_inherit\"><a href=\"https:\/\/unkorce.edu.al\/en\/projekti-open-eu-ben-bashke-eksperte-greke-dhe-qipriote-ne-takime-me-kolege-te-universitetit-fan-s-noli\/\">PROJEKTI \u201cOPEN EU\u201d B\u00cbN BASHK\u00cb EKSPERT\u00cb GREK\u00cb DHE QIPRIOT\u00cb N\u00cb TAKIME ME KOLEG\u00cb T\u00cb UNIVERSITETIT \u201cFAN S. NOLI\u201d<\/a><\/h2>\t\t<\/div>\r\n\t\t\t<\/article>\r\n\t<article class=\"w-grid-item us_animate_fade size_1x1 post-36704 post type-post status-publish format-standard hentry category-njoftim\" data-id=\"36704\" style=\"animation-delay:0.3s\">\r\n\t\t<div class=\"w-grid-item-h\">\r\n\t\t\t\t\t\t<h2 class=\"w-post-elm post_title usg_post_title_1 entry-title color_link_inherit\"><a href=\"https:\/\/unkorce.edu.al\/en\/\ud83d\udce2-hapet-thirrje-per-mobilitet-te-stafit-akademik-java-nderkombetare-e-stafit-turqi\/\">&#x1f4e2; Hapet thirrje p\u00ebr mobilitet t\u00eb stafit akademik \u2013 Java Nd\u00ebrkomb\u00ebtare e Stafit, Turqi!<\/a><\/h2>\t\t<\/div>\r\n\t\t\t<\/article>\r\n\t<article class=\"w-grid-item us_animate_fade size_1x1 post-36706 post type-post status-publish format-standard hentry category-njoftim\" data-id=\"36706\" style=\"animation-delay:0s\">\r\n\t\t<div class=\"w-grid-item-h\">\r\n\t\t\t\t\t\t<h2 class=\"w-post-elm post_title usg_post_title_1 entry-title color_link_inherit\"><a href=\"https:\/\/unkorce.edu.al\/en\/\ud83d\udce2-hapet-thirrja-per-mobilitet-stafi-ne-universitetin-aristoteli-te-selanikut\/\">&#x1f4e2; Hapet thirrja p\u00ebr mobilitet stafi n\u00eb Universitetin \u201cAristoteli\u201d t\u00eb Selanikut!<\/a><\/h2>\t\t<\/div>\r\n\t\t\t<\/article>\r\n\t<article class=\"w-grid-item us_animate_fade size_1x1 post-36747 post type-post status-publish format-standard has-post-thumbnail hentry category-uncategorized\" data-id=\"36747\" style=\"animation-delay:0.1s\">\r\n\t\t<div class=\"w-grid-item-h\">\r\n\t\t\t\t\t\t<div class=\"w-post-elm post_image usg_post_image_1 stretched\"><a href=\"https:\/\/unkorce.edu.al\/en\/pese-dite-diskutimesh-bashkepunimi-dhe-shkembimi-idesh-ne-nje-mjedis-nderkombetar-shenuan-zhvillimin-e-shkolles-dimerore-doktorale-ne-uniko\/\" aria-label=\"PES\u00cb DIT\u00cb DISKUTIMESH, BASHK\u00cbPUNIMI DHE SHK\u00cbMBIMI IDESH N\u00cb NJ\u00cb MJEDIS ND\u00cbRKOMB\u00cbTAR SH\u00cbNUAN ZHVILLIMIN E SHKOLL\u00cbS DIM\u00cbRORE DOKTORALE N\u00cb UNIKO\"><img loading=\"lazy\" decoding=\"async\" width=\"300\" height=\"223\" src=\"https:\/\/unkorce.edu.al\/wp-content\/uploads\/2026\/03\/WhatsApp-Image-2026-03-29-at-15.53.55-2-300x223.jpeg\" class=\"attachment-medium size-medium wp-post-image\" alt=\"\" srcset=\"https:\/\/unkorce.edu.al\/wp-content\/uploads\/2026\/03\/WhatsApp-Image-2026-03-29-at-15.53.55-2-300x223.jpeg 300w, https:\/\/unkorce.edu.al\/wp-content\/uploads\/2026\/03\/WhatsApp-Image-2026-03-29-at-15.53.55-2-1024x760.jpeg 1024w, https:\/\/unkorce.edu.al\/wp-content\/uploads\/2026\/03\/WhatsApp-Image-2026-03-29-at-15.53.55-2-16x12.jpeg 16w, https:\/\/unkorce.edu.al\/wp-content\/uploads\/2026\/03\/WhatsApp-Image-2026-03-29-at-15.53.55-2.jpeg 1080w\" sizes=\"auto, (max-width: 300px) 100vw, 300px\" \/><\/a><\/div><h2 class=\"w-post-elm post_title usg_post_title_1 entry-title color_link_inherit\"><a href=\"https:\/\/unkorce.edu.al\/en\/pese-dite-diskutimesh-bashkepunimi-dhe-shkembimi-idesh-ne-nje-mjedis-nderkombetar-shenuan-zhvillimin-e-shkolles-dimerore-doktorale-ne-uniko\/\">PES\u00cb DIT\u00cb DISKUTIMESH, BASHK\u00cbPUNIMI DHE SHK\u00cbMBIMI IDESH N\u00cb NJ\u00cb MJEDIS ND\u00cbRKOMB\u00cbTAR SH\u00cbNUAN ZHVILLIMIN E SHKOLL\u00cbS DIM\u00cbRORE DOKTORALE N\u00cb UNIKO<\/a><\/h2>\t\t<\/div>\r\n\t\t\t<\/article>\r\n<\/div><div class=\"w-grid-preloader\">\t<div class=\"g-preloader type_1\">\r\n\t\t<div><\/div>\r\n\t<\/div>\r\n\t<\/div>\t<div class=\"w-grid-json hidden\" onclick='return {&quot;action&quot;:&quot;us_ajax_grid&quot;,&quot;infinite_scroll&quot;:0,&quot;max_num_pages&quot;:177,&quot;pagination&quot;:&quot;none&quot;,&quot;template_vars&quot;:{&quot;columns&quot;:&quot;2&quot;,&quot;exclude_items&quot;:&quot;none&quot;,&quot;img_size&quot;:&quot;medium&quot;,&quot;ignore_items_size&quot;:0,&quot;items_layout&quot;:&quot;blog_1&quot;,&quot;items_offset&quot;:&quot;1&quot;,&quot;load_animation&quot;:&quot;fade&quot;,&quot;overriding_link&quot;:&quot;{\\&quot;url\\&quot;:\\&quot;\\&quot;}&quot;,&quot;post_id&quot;:0,&quot;query_args&quot;:{&quot;post_type&quot;:[&quot;post&quot;],&quot;post_status&quot;:[&quot;publish&quot;,&quot;acf-disabled&quot;],&quot;posts_per_page&quot;:&quot;10&quot;},&quot;orderby_query_args&quot;:{&quot;orderby&quot;:{&quot;date&quot;:&quot;DESC&quot;}},&quot;type&quot;:&quot;grid&quot;,&quot;us_grid_post_type&quot;:&quot;post&quot;,&quot;us_grid_ajax_index&quot;:1,&quot;us_grid_filter_params&quot;:[],&quot;us_grid_index&quot;:1,&quot;page_args&quot;:[]}}'><\/div>\r\n\t<\/div><\/div><\/div><\/div><\/div><\/section>","protected":false},"excerpt":{"rendered":"","protected":false},"author":122,"featured_media":0,"parent":0,"menu_order":0,"comment_status":"closed","ping_status":"closed","template":"","meta":{"_acf_changed":false,"footnotes":""},"class_list":["post-29252","page","type-page","status-publish","hentry"],"acf":[],"yoast_head":"<!-- This site is optimized with the Yoast SEO plugin v26.9 - https:\/\/yoast.com\/product\/yoast-seo-wordpress\/ -->\n<title>#29252 - Universiteti &quot;Fan S. Noli&quot;, Kor\u00e7\u00eb<\/title>\n<meta name=\"robots\" content=\"index, follow, max-snippet:-1, max-image-preview:large, max-video-preview:-1\" \/>\n<link rel=\"canonical\" href=\"https:\/\/unkorce.edu.al\/en\/29252-2\/\" \/>\n<meta property=\"og:locale\" content=\"en_US\" \/>\n<meta property=\"og:type\" content=\"article\" \/>\n<meta property=\"og:title\" content=\"#29252 - Universiteti &quot;Fan S. Noli&quot;, Kor\u00e7\u00eb\" \/>\n<meta property=\"og:url\" content=\"https:\/\/unkorce.edu.al\/en\/29252-2\/\" \/>\n<meta property=\"og:site_name\" content=\"Universiteti &quot;Fan S. Noli&quot;, Kor\u00e7\u00eb\" \/>\n<meta property=\"article:publisher\" content=\"https:\/\/www.facebook.com\/unkorce\" \/>\n<meta property=\"article:modified_time\" content=\"2024-10-27T18:36:52+00:00\" \/>\n<meta name=\"twitter:card\" content=\"summary_large_image\" \/>\n<script type=\"application\/ld+json\" class=\"yoast-schema-graph\">{\"@context\":\"https:\/\/schema.org\",\"@graph\":[{\"@type\":\"WebPage\",\"@id\":\"https:\/\/unkorce.edu.al\/29252-2\/\",\"url\":\"https:\/\/unkorce.edu.al\/29252-2\/\",\"name\":\"#29252 - Universiteti \\\"Fan S. Noli\\\", Kor\u00e7\u00eb\",\"isPartOf\":{\"@id\":\"https:\/\/unkorce.edu.al\/#website\"},\"datePublished\":\"2024-10-27T18:34:30+00:00\",\"dateModified\":\"2024-10-27T18:36:52+00:00\",\"breadcrumb\":{\"@id\":\"https:\/\/unkorce.edu.al\/29252-2\/#breadcrumb\"},\"inLanguage\":\"en-US\",\"potentialAction\":[{\"@type\":\"ReadAction\",\"target\":[\"https:\/\/unkorce.edu.al\/29252-2\/\"]}]},{\"@type\":\"BreadcrumbList\",\"@id\":\"https:\/\/unkorce.edu.al\/29252-2\/#breadcrumb\",\"itemListElement\":[{\"@type\":\"ListItem\",\"position\":1,\"name\":\"Home\",\"item\":\"https:\/\/unkorce.edu.al\/\"},{\"@type\":\"ListItem\",\"position\":2,\"name\":\"#29252\"}]},{\"@type\":\"WebSite\",\"@id\":\"https:\/\/unkorce.edu.al\/#website\",\"url\":\"https:\/\/unkorce.edu.al\/\",\"name\":\"Universiteti \\\"Fan S. Noli\\\", Kor\u00e7\u00eb\",\"description\":\"Mir&euml;sevini n&euml; faqen zyrtare!\",\"publisher\":{\"@id\":\"https:\/\/unkorce.edu.al\/#organization\"},\"potentialAction\":[{\"@type\":\"SearchAction\",\"target\":{\"@type\":\"EntryPoint\",\"urlTemplate\":\"https:\/\/unkorce.edu.al\/?s={search_term_string}\"},\"query-input\":{\"@type\":\"PropertyValueSpecification\",\"valueRequired\":true,\"valueName\":\"search_term_string\"}}],\"inLanguage\":\"en-US\"},{\"@type\":\"Organization\",\"@id\":\"https:\/\/unkorce.edu.al\/#organization\",\"name\":\"Universiteti \\\"Fan S. Noli\\\", Kor\u00e7\u00eb\",\"url\":\"https:\/\/unkorce.edu.al\/\",\"logo\":{\"@type\":\"ImageObject\",\"inLanguage\":\"en-US\",\"@id\":\"https:\/\/unkorce.edu.al\/#\/schema\/logo\/image\/\",\"url\":\"https:\/\/unkorce.edu.al\/wp-content\/uploads\/2024\/08\/Logo_e_Universitetit__Fan_Noli_-e1726660879862.png\",\"contentUrl\":\"https:\/\/unkorce.edu.al\/wp-content\/uploads\/2024\/08\/Logo_e_Universitetit__Fan_Noli_-e1726660879862.png\",\"width\":200,\"height\":120,\"caption\":\"Universiteti \\\"Fan S. Noli\\\", Kor\u00e7\u00eb\"},\"image\":{\"@id\":\"https:\/\/unkorce.edu.al\/#\/schema\/logo\/image\/\"},\"sameAs\":[\"https:\/\/www.facebook.com\/unkorce\"]}]}<\/script>\n<!-- \/ Yoast SEO plugin. -->","yoast_head_json":{"title":"#29252 - Universiteti \"Fan S. Noli\", Kor\u00e7\u00eb","robots":{"index":"index","follow":"follow","max-snippet":"max-snippet:-1","max-image-preview":"max-image-preview:large","max-video-preview":"max-video-preview:-1"},"canonical":"https:\/\/unkorce.edu.al\/en\/29252-2\/","og_locale":"en_US","og_type":"article","og_title":"#29252 - Universiteti \"Fan S. Noli\", Kor\u00e7\u00eb","og_url":"https:\/\/unkorce.edu.al\/en\/29252-2\/","og_site_name":"Universiteti \"Fan S. Noli\", Kor\u00e7\u00eb","article_publisher":"https:\/\/www.facebook.com\/unkorce","article_modified_time":"2024-10-27T18:36:52+00:00","twitter_card":"summary_large_image","schema":{"@context":"https:\/\/schema.org","@graph":[{"@type":"WebPage","@id":"https:\/\/unkorce.edu.al\/29252-2\/","url":"https:\/\/unkorce.edu.al\/29252-2\/","name":"#29252 - Universiteti \"Fan S. Noli\", Kor\u00e7\u00eb","isPartOf":{"@id":"https:\/\/unkorce.edu.al\/#website"},"datePublished":"2024-10-27T18:34:30+00:00","dateModified":"2024-10-27T18:36:52+00:00","breadcrumb":{"@id":"https:\/\/unkorce.edu.al\/29252-2\/#breadcrumb"},"inLanguage":"en-US","potentialAction":[{"@type":"ReadAction","target":["https:\/\/unkorce.edu.al\/29252-2\/"]}]},{"@type":"BreadcrumbList","@id":"https:\/\/unkorce.edu.al\/29252-2\/#breadcrumb","itemListElement":[{"@type":"ListItem","position":1,"name":"Home","item":"https:\/\/unkorce.edu.al\/"},{"@type":"ListItem","position":2,"name":"#29252"}]},{"@type":"WebSite","@id":"https:\/\/unkorce.edu.al\/#website","url":"https:\/\/unkorce.edu.al\/","name":"Universiteti \"Fan S. Noli\", Kor\u00e7\u00eb","description":"Mir&euml;sevini n&euml; faqen zyrtare!","publisher":{"@id":"https:\/\/unkorce.edu.al\/#organization"},"potentialAction":[{"@type":"SearchAction","target":{"@type":"EntryPoint","urlTemplate":"https:\/\/unkorce.edu.al\/?s={search_term_string}"},"query-input":{"@type":"PropertyValueSpecification","valueRequired":true,"valueName":"search_term_string"}}],"inLanguage":"en-US"},{"@type":"Organization","@id":"https:\/\/unkorce.edu.al\/#organization","name":"Universiteti \"Fan S. Noli\", Kor\u00e7\u00eb","url":"https:\/\/unkorce.edu.al\/","logo":{"@type":"ImageObject","inLanguage":"en-US","@id":"https:\/\/unkorce.edu.al\/#\/schema\/logo\/image\/","url":"https:\/\/unkorce.edu.al\/wp-content\/uploads\/2024\/08\/Logo_e_Universitetit__Fan_Noli_-e1726660879862.png","contentUrl":"https:\/\/unkorce.edu.al\/wp-content\/uploads\/2024\/08\/Logo_e_Universitetit__Fan_Noli_-e1726660879862.png","width":200,"height":120,"caption":"Universiteti \"Fan S. Noli\", Kor\u00e7\u00eb"},"image":{"@id":"https:\/\/unkorce.edu.al\/#\/schema\/logo\/image\/"},"sameAs":["https:\/\/www.facebook.com\/unkorce"]}]}},"_links":{"self":[{"href":"https:\/\/unkorce.edu.al\/en\/wp-json\/wp\/v2\/pages\/29252","targetHints":{"allow":["GET"]}}],"collection":[{"href":"https:\/\/unkorce.edu.al\/en\/wp-json\/wp\/v2\/pages"}],"about":[{"href":"https:\/\/unkorce.edu.al\/en\/wp-json\/wp\/v2\/types\/page"}],"author":[{"embeddable":true,"href":"https:\/\/unkorce.edu.al\/en\/wp-json\/wp\/v2\/users\/122"}],"replies":[{"embeddable":true,"href":"https:\/\/unkorce.edu.al\/en\/wp-json\/wp\/v2\/comments?post=29252"}],"version-history":[{"count":2,"href":"https:\/\/unkorce.edu.al\/en\/wp-json\/wp\/v2\/pages\/29252\/revisions"}],"predecessor-version":[{"id":29254,"href":"https:\/\/unkorce.edu.al\/en\/wp-json\/wp\/v2\/pages\/29252\/revisions\/29254"}],"wp:attachment":[{"href":"https:\/\/unkorce.edu.al\/en\/wp-json\/wp\/v2\/media?parent=29252"}],"curies":[{"name":"wp","href":"https:\/\/api.w.org\/{rel}","templated":true}]}}