{"id":26812,"date":"2024-10-25T08:38:40","date_gmt":"2024-10-25T08:38:40","guid":{"rendered":"https:\/\/unkorce.edu.al\/?page_id=26812"},"modified":"2026-04-14T11:19:11","modified_gmt":"2026-04-14T11:19:11","slug":"njoftime-punesimi","status":"publish","type":"page","link":"https:\/\/unkorce.edu.al\/en\/njoftime-punesimi\/","title":{"rendered":"Mund\u00ebsi Pun\u00ebsimi"},"content":{"rendered":"<section class=\"l-section wpb_row height_medium width_full\"><div class=\"l-section-h i-cf\"><div class=\"g-cols vc_row via_grid cols_1 laptops-cols_inherit tablets-cols_inherit mobiles-cols_1 valign_top type_default stacking_default\"><div class=\"wpb_column vc_column_container\"><div class=\"vc_column-inner\"><div class=\"w-grid us_custom_03c72079 caret-before has_text_color type_grid layout_blog_4 with_pagination\" id=\"us_grid_1\" style=\"--gap:1.5rem;\" data-filterable=\"true\"><style>@media (min-width:1024px){#us_grid_1 .w-post-elm.post_title{font-size:16px!important}}.layout_blog_4 .w-grid-item-h{}.layout_blog_4 .usg_post_image_1{margin-bottom:0.6rem!important}.layout_blog_4 .usg_post_title_1{font-size:1.2rem!important;margin-bottom:0.3rem!important}.layout_blog_4 .usg_post_date_1{color:var(--color-content-faded)!important;font-size:0.8rem!important;line-height:1.6!important}<\/style><div class=\"w-grid-list\">\t<article class=\"w-grid-item size_1x1 post-36836 post type-post status-publish format-standard hentry category-mundesi-punesimi\" data-id=\"36836\">\r\n\t\t<div class=\"w-grid-item-h\">\r\n\t\t\t\t\t\t<h2 class=\"w-post-elm post_title usg_post_title_1 entry-title color_link_inherit\"><a href=\"https:\/\/unkorce.edu.al\/en\/njoftim-per-1-vend-te-lire-pune-ne-bashkine-korce\/\">NJOFTIM P\u00cbR 1 VEND T\u00cb LIR\u00cb PUNE N\u00cb BASHKIN\u00cb KOR\u00c7\u00cb<\/a><\/h2><time class=\"w-post-elm post_date usg_post_date_1 has_text_color entry-date published\" datetime=\"2026-04-14T11:26:36+00:00\" title=\"14 April 2026 at 11:26:36 +00:00\">6 days ago<\/time>\t\t<\/div>\r\n\t\t\t<\/article>\r\n\t<article class=\"w-grid-item size_1x1 post-36829 post type-post status-publish format-standard hentry category-mundesi-punesimi\" data-id=\"36829\">\r\n\t\t<div class=\"w-grid-item-h\">\r\n\t\t\t\t\t\t<h2 class=\"w-post-elm post_title usg_post_title_1 entry-title color_link_inherit\"><a href=\"https:\/\/unkorce.edu.al\/en\/njoftim-per-1-vend-te-lire-pune-ne-keshillin-e-qarkut-korce\/\">NJOFTIM P\u00cbR 1 VEND T\u00cb LIR\u00cb PUNE N\u00cb KESHILLIN E QARKUT KOR\u00c7\u00cb<\/a><\/h2><time class=\"w-post-elm post_date usg_post_date_1 has_text_color entry-date published\" datetime=\"2026-04-14T10:39:41+00:00\" title=\"14 April 2026 at 10:39:41 +00:00\">6 days ago<\/time>\t\t<\/div>\r\n\t\t\t<\/article>\r\n\t<article class=\"w-grid-item size_1x1 post-35457 post type-post status-publish format-standard hentry category-mundesi-punesimi\" data-id=\"35457\">\r\n\t\t<div class=\"w-grid-item-h\">\r\n\t\t\t\t\t\t<h2 class=\"w-post-elm post_title usg_post_title_1 entry-title color_link_inherit\"><a href=\"https:\/\/unkorce.edu.al\/en\/njoftim-per-7-vende-te-lira-pune-ne-agjencia-shteterore-e-kadastres-korce\/\">NJOFTIM P\u00cbR 7 VENDE T\u00cb LIRA PUNE N\u00cb AGJENCIN\u00cb SHTET\u00cbRORE T\u00cb KADASTR\u00cbS, KOR\u00c7\u00cb<\/a><\/h2><time class=\"w-post-elm post_date usg_post_date_1 has_text_color entry-date published\" datetime=\"2025-11-10T10:32:32+00:00\" title=\"10 November 2025 at 10:32:32 +00:00\">5 months ago<\/time>\t\t<\/div>\r\n\t\t\t<\/article>\r\n\t<article class=\"w-grid-item size_1x1 post-35149 post type-post status-publish format-standard hentry category-mundesi-punesimi\" data-id=\"35149\">\r\n\t\t<div class=\"w-grid-item-h\">\r\n\t\t\t\t\t\t<h2 class=\"w-post-elm post_title usg_post_title_1 entry-title color_link_inherit\"><a href=\"https:\/\/unkorce.edu.al\/en\/njoftim-per-21-vende-te-lire-pune-ne-bashkine-kolonje\/\">NJOFTIM P\u00cbR 21 VENDE T\u00cb LIR\u00cb PUNE N\u00cb BASHKIN\u00cb KOLONJ\u00cb<\/a><\/h2><time class=\"w-post-elm post_date usg_post_date_1 has_text_color entry-date published\" datetime=\"2025-10-22T13:25:52+00:00\" title=\"22 October 2025 at 13:25:52 +00:00\">6 months ago<\/time>\t\t<\/div>\r\n\t\t\t<\/article>\r\n\t<article class=\"w-grid-item size_1x1 post-35031 post type-post status-publish format-standard hentry category-mundesi-punesimi\" data-id=\"35031\">\r\n\t\t<div class=\"w-grid-item-h\">\r\n\t\t\t\t\t\t<h2 class=\"w-post-elm post_title usg_post_title_1 entry-title color_link_inherit\"><a href=\"https:\/\/unkorce.edu.al\/en\/njoftim-per-vend-te-lire-pune-ne-bashkine-korce-4\/\">NJOFTIM P\u00cbR VEND T\u00cb LIR\u00cb PUNE N\u00cb BASHKIN\u00cb KOR\u00c7\u00cb<\/a><\/h2><time class=\"w-post-elm post_date usg_post_date_1 has_text_color entry-date published\" datetime=\"2025-10-15T09:41:07+00:00\" title=\"15 October 2025 at 09:41:07 +00:00\">6 months ago<\/time>\t\t<\/div>\r\n\t\t\t<\/article>\r\n\t<article class=\"w-grid-item size_1x1 post-35029 post type-post status-publish format-standard hentry category-mundesi-punesimi\" data-id=\"35029\">\r\n\t\t<div class=\"w-grid-item-h\">\r\n\t\t\t\t\t\t<h2 class=\"w-post-elm post_title usg_post_title_1 entry-title color_link_inherit\"><a href=\"https:\/\/unkorce.edu.al\/en\/njoftim-per-vend-te-lire-pune-ne-keshillin-e-qarkut-korce-2\/\">NJOFTIM P\u00cbR VEND T\u00cb LIR\u00cb PUNE N\u00cb K\u00cbSHILLIN E QARKUT KOR\u00c7\u00cb<\/a><\/h2><time class=\"w-post-elm post_date usg_post_date_1 has_text_color entry-date published\" datetime=\"2025-10-14T12:57:58+00:00\" title=\"14 October 2025 at 12:57:58 +00:00\">6 months ago<\/time>\t\t<\/div>\r\n\t\t\t<\/article>\r\n\t<article class=\"w-grid-item size_1x1 post-34695 post type-post status-publish format-standard hentry category-mundesi-punesimi\" data-id=\"34695\">\r\n\t\t<div class=\"w-grid-item-h\">\r\n\t\t\t\t\t\t<h2 class=\"w-post-elm post_title usg_post_title_1 entry-title color_link_inherit\"><a href=\"https:\/\/unkorce.edu.al\/en\/njoftim-per-tre-vende-te-lire-pune-ne-bashkine-pogradec-2\/\">NJOFTIM P\u00cbR TRE VENDE T\u00cb LIR\u00cb PUNE N\u00cb BASHKIN\u00cb POGRADEC<\/a><\/h2><time class=\"w-post-elm post_date usg_post_date_1 has_text_color entry-date published\" datetime=\"2025-09-23T11:40:59+00:00\" title=\"23 September 2025 at 11:40:59 +00:00\">7 months ago<\/time>\t\t<\/div>\r\n\t\t\t<\/article>\r\n\t<article class=\"w-grid-item size_1x1 post-34678 post type-post status-publish format-standard hentry category-mundesi-punesimi\" data-id=\"34678\">\r\n\t\t<div class=\"w-grid-item-h\">\r\n\t\t\t\t\t\t<h2 class=\"w-post-elm post_title usg_post_title_1 entry-title color_link_inherit\"><a href=\"https:\/\/unkorce.edu.al\/en\/njoftim-per-10-vende-te-lira-pune-ne-bashkine-devoll-2\/\">NJOFTIM P\u00cbR 10 VENDE T\u00cb LIRA PUNE N\u00cb BASHKIN\u00cb DEVOLL<\/a><\/h2><time class=\"w-post-elm post_date usg_post_date_1 has_text_color entry-date published\" datetime=\"2025-09-23T08:03:52+00:00\" title=\"23 September 2025 at 08:03:52 +00:00\">7 months ago<\/time>\t\t<\/div>\r\n\t\t\t<\/article>\r\n\t<article class=\"w-grid-item size_1x1 post-34636 post type-post status-publish format-standard hentry category-mundesi-punesimi\" data-id=\"34636\">\r\n\t\t<div class=\"w-grid-item-h\">\r\n\t\t\t\t\t\t<h2 class=\"w-post-elm post_title usg_post_title_1 entry-title color_link_inherit\"><a href=\"https:\/\/unkorce.edu.al\/en\/njoftim-vend-te-lire-pune-ne-bashkine-pustec-2\/\">NJOFTIM VEND T\u00cb LIR\u00cb PUNE N\u00cb BASHKIN\u00cb PUSTEC<\/a><\/h2><time class=\"w-post-elm post_date usg_post_date_1 has_text_color entry-date published\" datetime=\"2025-09-12T11:17:05+00:00\" title=\"12 September 2025 at 11:17:05 +00:00\">7 months ago<\/time>\t\t<\/div>\r\n\t\t\t<\/article>\r\n\t<article class=\"w-grid-item size_1x1 post-34619 post type-post status-publish format-standard hentry category-mundesi-punesimi\" data-id=\"34619\">\r\n\t\t<div class=\"w-grid-item-h\">\r\n\t\t\t\t\t\t<h2 class=\"w-post-elm post_title usg_post_title_1 entry-title color_link_inherit\"><a href=\"https:\/\/unkorce.edu.al\/en\/njoftim-per-vend-te-lire-pune-ne-qendren-e-transferimit-te-teknologjive-bujqesore-korce-4\/\">NJOFTIM P\u00cbR VEND T\u00cb LIR\u00cb PUNE N\u00cb QENDR\u00cbN E TRANSFERIMIT T\u00cb TEKNOLOGJIVE BUJQ\u00cbSORE, KOR\u00c7\u00cb<\/a><\/h2><time class=\"w-post-elm post_date usg_post_date_1 has_text_color entry-date published\" datetime=\"2025-09-11T09:54:52+00:00\" title=\"11 September 2025 at 09:54:52 +00:00\">7 months ago<\/time>\t\t<\/div>\r\n\t\t\t<\/article>\r\n<\/div><div class=\"w-grid-preloader\">\t<div class=\"g-preloader type_1\">\r\n\t\t<div><\/div>\r\n\t<\/div>\r\n\t<\/div>\t\t\t<nav class=\"pagination navigation\" role=\"navigation\">\r\n\t\t\t\t<div class=\"nav-links\">\r\n\t\t\t\t\t<span aria-current=\"page\" class=\"page-numbers current\"><span>1<\/span><\/span>\n<a class=\"page-numbers\" href=\"https:\/\/unkorce.edu.al\/en\/wp-json\/wp\/v2\/pages\/26812\/page\/2\/\"><span>2<\/span><\/a>\n<a class=\"page-numbers\" href=\"https:\/\/unkorce.edu.al\/en\/wp-json\/wp\/v2\/pages\/26812\/page\/3\/\"><span>3<\/span><\/a>\n<a class=\"page-numbers\" href=\"https:\/\/unkorce.edu.al\/en\/wp-json\/wp\/v2\/pages\/26812\/page\/4\/\"><span>4<\/span><\/a>\n<span class=\"page-numbers dots\">&hellip;<\/span>\n<a class=\"page-numbers\" href=\"https:\/\/unkorce.edu.al\/en\/wp-json\/wp\/v2\/pages\/26812\/page\/6\/\"><span>6<\/span><\/a>\n<a class=\"next page-numbers\" href=\"https:\/\/unkorce.edu.al\/en\/wp-json\/wp\/v2\/pages\/26812\/page\/2\/\"><span>Next<\/span><\/a>\t\t\t\t<\/div>\r\n\t\t\t<\/nav>\r\n\t\t\t\t<div class=\"w-grid-json hidden\" onclick='return {&quot;action&quot;:&quot;us_ajax_grid&quot;,&quot;infinite_scroll&quot;:0,&quot;max_num_pages&quot;:6,&quot;pagination&quot;:&quot;regular&quot;,&quot;template_vars&quot;:{&quot;columns&quot;:&quot;1&quot;,&quot;exclude_items&quot;:&quot;none&quot;,&quot;img_size&quot;:&quot;default&quot;,&quot;ignore_items_size&quot;:0,&quot;items_layout&quot;:&quot;blog_4&quot;,&quot;items_offset&quot;:&quot;1&quot;,&quot;load_animation&quot;:&quot;none&quot;,&quot;overriding_link&quot;:&quot;{\\&quot;url\\&quot;:\\&quot;\\&quot;}&quot;,&quot;post_id&quot;:0,&quot;query_args&quot;:{&quot;post_type&quot;:[&quot;post&quot;],&quot;tax_query&quot;:[{&quot;taxonomy&quot;:&quot;category&quot;,&quot;field&quot;:&quot;slug&quot;,&quot;terms&quot;:[&quot;mundesi-punesimi&quot;]}],&quot;post_status&quot;:[&quot;publish&quot;,&quot;acf-disabled&quot;],&quot;posts_per_page&quot;:&quot;10&quot;},&quot;orderby_query_args&quot;:{&quot;orderby&quot;:{&quot;date&quot;:&quot;DESC&quot;}},&quot;type&quot;:&quot;grid&quot;,&quot;us_grid_post_type&quot;:&quot;post&quot;,&quot;us_grid_ajax_index&quot;:1,&quot;us_grid_filter_params&quot;:[],&quot;us_grid_index&quot;:1,&quot;page_args&quot;:[]}}'><\/div>\r\n\t<\/div><\/div><\/div><\/div><\/div><\/section>","protected":false},"excerpt":{"rendered":"","protected":false},"author":123,"featured_media":0,"parent":0,"menu_order":0,"comment_status":"closed","ping_status":"closed","template":"","meta":{"_acf_changed":false,"footnotes":""},"class_list":["post-26812","page","type-page","status-publish","hentry"],"acf":[],"yoast_head":"<!-- This site is optimized with the Yoast SEO plugin v26.9 - https:\/\/yoast.com\/product\/yoast-seo-wordpress\/ -->\n<title>Mund\u00ebsi Pun\u00ebsimi - Universiteti &quot;Fan S. Noli&quot;, Kor\u00e7\u00eb<\/title>\n<meta name=\"robots\" content=\"index, follow, max-snippet:-1, max-image-preview:large, max-video-preview:-1\" \/>\n<link rel=\"canonical\" href=\"https:\/\/unkorce.edu.al\/en\/njoftime-punesimi\/\" \/>\n<meta property=\"og:locale\" content=\"en_US\" \/>\n<meta property=\"og:type\" content=\"article\" \/>\n<meta property=\"og:title\" content=\"Mund\u00ebsi Pun\u00ebsimi - Universiteti &quot;Fan S. Noli&quot;, Kor\u00e7\u00eb\" \/>\n<meta property=\"og:url\" content=\"https:\/\/unkorce.edu.al\/en\/njoftime-punesimi\/\" \/>\n<meta property=\"og:site_name\" content=\"Universiteti &quot;Fan S. Noli&quot;, Kor\u00e7\u00eb\" \/>\n<meta property=\"article:publisher\" content=\"https:\/\/www.facebook.com\/unkorce\" \/>\n<meta property=\"article:modified_time\" content=\"2026-04-14T11:19:11+00:00\" \/>\n<meta name=\"twitter:card\" content=\"summary_large_image\" \/>\n<meta name=\"twitter:label1\" content=\"Est. reading time\" \/>\n\t<meta name=\"twitter:data1\" content=\"1 minute\" \/>\n<script type=\"application\/ld+json\" class=\"yoast-schema-graph\">{\"@context\":\"https:\/\/schema.org\",\"@graph\":[{\"@type\":\"WebPage\",\"@id\":\"https:\/\/unkorce.edu.al\/njoftime-punesimi\/\",\"url\":\"https:\/\/unkorce.edu.al\/njoftime-punesimi\/\",\"name\":\"Mund\u00ebsi Pun\u00ebsimi - Universiteti \\\"Fan S. Noli\\\", Kor\u00e7\u00eb\",\"isPartOf\":{\"@id\":\"https:\/\/unkorce.edu.al\/#website\"},\"datePublished\":\"2024-10-25T08:38:40+00:00\",\"dateModified\":\"2026-04-14T11:19:11+00:00\",\"breadcrumb\":{\"@id\":\"https:\/\/unkorce.edu.al\/njoftime-punesimi\/#breadcrumb\"},\"inLanguage\":\"en-US\",\"potentialAction\":[{\"@type\":\"ReadAction\",\"target\":[\"https:\/\/unkorce.edu.al\/njoftime-punesimi\/\"]}]},{\"@type\":\"BreadcrumbList\",\"@id\":\"https:\/\/unkorce.edu.al\/njoftime-punesimi\/#breadcrumb\",\"itemListElement\":[{\"@type\":\"ListItem\",\"position\":1,\"name\":\"Home\",\"item\":\"https:\/\/unkorce.edu.al\/\"},{\"@type\":\"ListItem\",\"position\":2,\"name\":\"Mund\u00ebsi Pun\u00ebsimi\"}]},{\"@type\":\"WebSite\",\"@id\":\"https:\/\/unkorce.edu.al\/#website\",\"url\":\"https:\/\/unkorce.edu.al\/\",\"name\":\"Universiteti \\\"Fan S. Noli\\\", Kor\u00e7\u00eb\",\"description\":\"Mir&euml;sevini n&euml; faqen zyrtare!\",\"publisher\":{\"@id\":\"https:\/\/unkorce.edu.al\/#organization\"},\"potentialAction\":[{\"@type\":\"SearchAction\",\"target\":{\"@type\":\"EntryPoint\",\"urlTemplate\":\"https:\/\/unkorce.edu.al\/?s={search_term_string}\"},\"query-input\":{\"@type\":\"PropertyValueSpecification\",\"valueRequired\":true,\"valueName\":\"search_term_string\"}}],\"inLanguage\":\"en-US\"},{\"@type\":\"Organization\",\"@id\":\"https:\/\/unkorce.edu.al\/#organization\",\"name\":\"Universiteti \\\"Fan S. Noli\\\", Kor\u00e7\u00eb\",\"url\":\"https:\/\/unkorce.edu.al\/\",\"logo\":{\"@type\":\"ImageObject\",\"inLanguage\":\"en-US\",\"@id\":\"https:\/\/unkorce.edu.al\/#\/schema\/logo\/image\/\",\"url\":\"https:\/\/unkorce.edu.al\/wp-content\/uploads\/2024\/08\/Logo_e_Universitetit__Fan_Noli_-e1726660879862.png\",\"contentUrl\":\"https:\/\/unkorce.edu.al\/wp-content\/uploads\/2024\/08\/Logo_e_Universitetit__Fan_Noli_-e1726660879862.png\",\"width\":200,\"height\":120,\"caption\":\"Universiteti \\\"Fan S. Noli\\\", Kor\u00e7\u00eb\"},\"image\":{\"@id\":\"https:\/\/unkorce.edu.al\/#\/schema\/logo\/image\/\"},\"sameAs\":[\"https:\/\/www.facebook.com\/unkorce\"]}]}<\/script>\n<!-- \/ Yoast SEO plugin. -->","yoast_head_json":{"title":"Mund\u00ebsi Pun\u00ebsimi - Universiteti \"Fan S. Noli\", Kor\u00e7\u00eb","robots":{"index":"index","follow":"follow","max-snippet":"max-snippet:-1","max-image-preview":"max-image-preview:large","max-video-preview":"max-video-preview:-1"},"canonical":"https:\/\/unkorce.edu.al\/en\/njoftime-punesimi\/","og_locale":"en_US","og_type":"article","og_title":"Mund\u00ebsi Pun\u00ebsimi - Universiteti \"Fan S. Noli\", Kor\u00e7\u00eb","og_url":"https:\/\/unkorce.edu.al\/en\/njoftime-punesimi\/","og_site_name":"Universiteti \"Fan S. Noli\", Kor\u00e7\u00eb","article_publisher":"https:\/\/www.facebook.com\/unkorce","article_modified_time":"2026-04-14T11:19:11+00:00","twitter_card":"summary_large_image","twitter_misc":{"Est. reading time":"1 minute"},"schema":{"@context":"https:\/\/schema.org","@graph":[{"@type":"WebPage","@id":"https:\/\/unkorce.edu.al\/njoftime-punesimi\/","url":"https:\/\/unkorce.edu.al\/njoftime-punesimi\/","name":"Mund\u00ebsi Pun\u00ebsimi - Universiteti \"Fan S. Noli\", Kor\u00e7\u00eb","isPartOf":{"@id":"https:\/\/unkorce.edu.al\/#website"},"datePublished":"2024-10-25T08:38:40+00:00","dateModified":"2026-04-14T11:19:11+00:00","breadcrumb":{"@id":"https:\/\/unkorce.edu.al\/njoftime-punesimi\/#breadcrumb"},"inLanguage":"en-US","potentialAction":[{"@type":"ReadAction","target":["https:\/\/unkorce.edu.al\/njoftime-punesimi\/"]}]},{"@type":"BreadcrumbList","@id":"https:\/\/unkorce.edu.al\/njoftime-punesimi\/#breadcrumb","itemListElement":[{"@type":"ListItem","position":1,"name":"Home","item":"https:\/\/unkorce.edu.al\/"},{"@type":"ListItem","position":2,"name":"Mund\u00ebsi Pun\u00ebsimi"}]},{"@type":"WebSite","@id":"https:\/\/unkorce.edu.al\/#website","url":"https:\/\/unkorce.edu.al\/","name":"Universiteti \"Fan S. Noli\", Kor\u00e7\u00eb","description":"Mir&euml;sevini n&euml; faqen zyrtare!","publisher":{"@id":"https:\/\/unkorce.edu.al\/#organization"},"potentialAction":[{"@type":"SearchAction","target":{"@type":"EntryPoint","urlTemplate":"https:\/\/unkorce.edu.al\/?s={search_term_string}"},"query-input":{"@type":"PropertyValueSpecification","valueRequired":true,"valueName":"search_term_string"}}],"inLanguage":"en-US"},{"@type":"Organization","@id":"https:\/\/unkorce.edu.al\/#organization","name":"Universiteti \"Fan S. Noli\", Kor\u00e7\u00eb","url":"https:\/\/unkorce.edu.al\/","logo":{"@type":"ImageObject","inLanguage":"en-US","@id":"https:\/\/unkorce.edu.al\/#\/schema\/logo\/image\/","url":"https:\/\/unkorce.edu.al\/wp-content\/uploads\/2024\/08\/Logo_e_Universitetit__Fan_Noli_-e1726660879862.png","contentUrl":"https:\/\/unkorce.edu.al\/wp-content\/uploads\/2024\/08\/Logo_e_Universitetit__Fan_Noli_-e1726660879862.png","width":200,"height":120,"caption":"Universiteti \"Fan S. Noli\", Kor\u00e7\u00eb"},"image":{"@id":"https:\/\/unkorce.edu.al\/#\/schema\/logo\/image\/"},"sameAs":["https:\/\/www.facebook.com\/unkorce"]}]}},"_links":{"self":[{"href":"https:\/\/unkorce.edu.al\/en\/wp-json\/wp\/v2\/pages\/26812","targetHints":{"allow":["GET"]}}],"collection":[{"href":"https:\/\/unkorce.edu.al\/en\/wp-json\/wp\/v2\/pages"}],"about":[{"href":"https:\/\/unkorce.edu.al\/en\/wp-json\/wp\/v2\/types\/page"}],"author":[{"embeddable":true,"href":"https:\/\/unkorce.edu.al\/en\/wp-json\/wp\/v2\/users\/123"}],"replies":[{"embeddable":true,"href":"https:\/\/unkorce.edu.al\/en\/wp-json\/wp\/v2\/comments?post=26812"}],"version-history":[{"count":9,"href":"https:\/\/unkorce.edu.al\/en\/wp-json\/wp\/v2\/pages\/26812\/revisions"}],"predecessor-version":[{"id":29479,"href":"https:\/\/unkorce.edu.al\/en\/wp-json\/wp\/v2\/pages\/26812\/revisions\/29479"}],"wp:attachment":[{"href":"https:\/\/unkorce.edu.al\/en\/wp-json\/wp\/v2\/media?parent=26812"}],"curies":[{"name":"wp","href":"https:\/\/api.w.org\/{rel}","templated":true}]}}