{"id":26223,"date":"2024-10-16T09:29:43","date_gmt":"2024-10-16T09:29:43","guid":{"rendered":"https:\/\/unkorce.qafzezi.pro\/?page_id=26223"},"modified":"2025-11-10T08:12:46","modified_gmt":"2025-11-10T08:12:46","slug":"26223-2","status":"publish","type":"page","link":"https:\/\/unkorce.edu.al\/en\/26223-2\/","title":{"rendered":"Committee for Quality Assurance, Study Programs, and Scientific Research"},"content":{"rendered":"<section class=\"l-section wpb_row height_medium width_full\"><div class=\"l-section-h i-cf\"><div class=\"g-cols vc_row via_grid cols_1 laptops-cols_inherit tablets-cols_inherit mobiles-cols_1 valign_top type_default stacking_default\"><div class=\"wpb_column vc_column_container\"><div class=\"vc_column-inner\"><div class=\"wpb_text_column\"><div class=\"wpb_wrapper\"><p style=\"text-align: justify\">The Internal Quality Assurance Unit (IQAU) was incorporated into the University\u2019s structure as a new unit following the approval of the \u201cFan S. Noli\u201d University Administration Council with Decision No. 2, dated 06.05.2008. The University Senate, with Decision No. 33, dated 17.11.2009, decided to establish this unit and define its composition. It operates in accordance with Article 103 of Law No. 80\/2015 \u201cOn Higher Education and Scientific Research in Higher Education Institutions in the Republic of Albania,\u201d as well as the criteria set out in Articles 73 and 74 of Chapter IX \u201cQuality Assurance\u201d of the \u201cFan S. Noli\u201d University Statute.\nThe Internal Quality Assurance Unit is composed of a coordinator from each main unit. An Internal Assessment Group is established in every main unit, with representation from each basic unit and student organizations.<\/p>\n<p style=\"text-align: justify\">The NJSBC supports and provides expertise to the faculties and departments. Its members regularly visit these units and are invited to assist in developing relevant quality assurance processes. Their expertise focuses particularly on implementing quality assurance mechanisms in teaching, assessment, and student engagement in the learning process.\nThe NJSBC also coordinates communication among various university structures, especially when the process is delegated to faculties or when assessments are organized by the University. This coordinating role extends to other university units when the process involves staff development or the collection and analysis of institutional data.<\/p>\n<p style=\"text-align: justify\">The NJSBC interprets national and European quality assurance requirements to adapt them to the institutional context. Its members ensure that these national and European standards are recognized and integrated into the University\u2019s practices. The NJSBC monitors processes by providing guidance, collecting information, and identifying issues, which are then forwarded to the responsible units for resolution. It also administers, organizes, and prepares external evaluation visits or invites external experts to train staff involved in internal evaluation<\/p>\n<div class=\"wp-block-group\" style=\"text-align: left\">\n<div class=\"wp-block-group__inner-container is-layout-flow wp-block-group-is-layout-flow\">\u00a0<\/div>\n<\/div>\n<hr class=\"wp-block-separator has-css-opacity\" \/>\n<p style=\"text-align: left\"><a href=\"https:\/\/unkorce.edu.al\/wp-content\/uploads\/2025\/11\/Manuali-i-Cilesise-se-UNIKO.pdf\">Manuali i Cilesise se UNIKO<\/a><\/p>\n<\/div><\/div><div class=\"w-tabs style_default switch_click accordion\" style=\"--sections-title-size:inherit\"><div class=\"w-tabs-sections titles-align_none icon_chevron cpos_right\"><div class=\"w-tabs-section\" id=\"v33e\"><button class=\"w-tabs-section-header\" aria-controls=\"content-v33e\" aria-expanded=\"false\"><div class=\"w-tabs-section-title\">INTERNAL EVALUATION REPORTS AND QUESTIONNAIRE REPORTS<\/div><div class=\"w-tabs-section-control\"><\/div><\/button><div  class=\"w-tabs-section-content\" id=\"content-v33e\"><div class=\"w-tabs-section-content-h i-cf\"><div class=\"wpb_text_column\"><div class=\"wpb_wrapper\"><p><a href=\"\/wp-content\/uploads\/2024\/07\/RVB-UNIKO-2021-2022.pdf\">Raport i Vler\u00ebsimit t\u00eb Brendsh\u00ebm 2021-2022<\/a><\/p>\n<p><a href=\"\/wp-content\/uploads\/2024\/07\/RVB-UNIKO-2022-2023-me-firma.pdf\">Raport i <\/a><a href=\"\/wp-content\/uploads\/2024\/07\/RVB-UNIKO-2021-2022.pdf\">Vler\u00ebsimit t\u00eb Brendsh\u00ebm<\/a><a href=\"\/wp-content\/uploads\/2024\/07\/RVB-UNIKO-2022-2023-me-firma.pdf\"> 2022-2023<\/a><\/p>\n<p><a href=\"https:\/\/unkorce.edu.al\/wp-content\/uploads\/2025\/11\/RVB-UNIKO-2023-2024.pdf\">Raport i <\/a><a href=\"\/wp-content\/uploads\/2024\/07\/RVB-UNIKO-2021-2022.pdf\">Vler\u00ebsimit t\u00eb Brendsh\u00ebm<\/a><a href=\"https:\/\/unkorce.edu.al\/wp-content\/uploads\/2025\/11\/RVB-UNIKO-2023-2024.pdf\"> 2023-2024<\/a><\/p>\n<p><a href=\"\/wp-content\/uploads\/2024\/07\/Relacioni-permbledhes-pyetesori-2023-1.pdf\">RELACIONI P\u00cbRMBLEDH\u00cbS, PYET\u00cbSORI 2023<\/a><\/p>\n<p><a href=\"https:\/\/unkorce.edu.al\/wp-content\/uploads\/2025\/11\/RELACIONI-PERMBLEDHES-PYETESORI-2024.pdf\">RELACIONI PERMBLEDHES, PYETESORI 2024<\/a><\/p>\n<p><a href=\"https:\/\/unkorce.edu.al\/wp-content\/uploads\/2025\/11\/RELACIONI-PERMBLEDHES-PYETESORI-2025.pdf\">RELACIONI PERMBLEDHES, PYETESORI 2025<\/a><\/p>\n<p>\u00a0<\/p>\n<\/div><\/div><\/div><\/div><\/div><\/div><\/div><div class=\"w-tabs us_custom_72fc42ef style_default switch_click accordion\" style=\"--sections-title-size:inherit\"><div class=\"w-tabs-sections titles-align_none icon_chevron cpos_right\"><div class=\"w-tabs-section\" id=\"aa8c\"><button class=\"w-tabs-section-header\" aria-controls=\"content-aa8c\" aria-expanded=\"false\"><div class=\"w-tabs-section-title\">INTERNAL QUALITY ASSURANCE UNITS BY FACULTY<\/div><div class=\"w-tabs-section-control\"><\/div><\/button><div  class=\"w-tabs-section-content\" id=\"content-aa8c\"><div class=\"w-tabs-section-content-h i-cf\"><div class=\"wpb_text_column\"><div class=\"wpb_wrapper\"><h2 class=\"wp-block-heading\"><strong>FACULTY OF AGRICULTURE<\/strong><\/h2>\n<p><strong>Dr. Aldona Minga (Head)\u00a0\u00a0\u00a0\u00a0\u00a0\u00a0\u00a0\u00a0\u00a0\u00a0\u00a0\u00a0\u00a0\u00a0\u00a0\u00a0\u00a0\u00a0\u00a0\u00a0\u00a0\u00a0\u00a0\u00a0\u00a0 \u00a0\u00a0\u00a0\u00a0\u00a0\u00a0\u00a0\u00a0\u00a0\u00a0\u00a0\u00a0\u00a0\u00a0\u00a0\u00a0\u00a0\u00a0\u00a0\u00a0\u00a0\u00a0\u00a0\u00a0\u00a0\u00a0\u00a0\u00a0\u00a0\u00a0\u00a0\u00a0\u00a0\u00a0\u00a0<\/strong><\/p>\n<p><strong>Dr. Nikolin Karapan\u00e7i\u00a0<\/strong><\/p>\n<p><strong>Msc. Bashkim Hazisllari<\/strong><strong> \u00a0 \u00a0 \u00a0 \u00a0 \u00a0 \u00a0 \u00a0 \u00a0 \u00a0 \u00a0 \u00a0 \u00a0 \u00a0 \u00a0 \u00a0 \u00a0 \u00a0 \u00a0 \u00a0\u00a0<\/strong><\/p>\n<p><strong>Student: Joana \u00c7obaj<\/strong><\/p>\n<h2 class=\"wp-block-heading\"><strong>FACULTY OF EDUCATION AND PHILOLOGY<\/strong><\/h2>\n<p><strong>Dr. Juliana \u00c7yfeku (Head)\u00a0\u00a0\u00a0\u00a0\u00a0\u00a0\u00a0\u00a0\u00a0\u00a0\u00a0\u00a0\u00a0\u00a0\u00a0\u00a0\u00a0\u00a0\u00a0\u00a0\u00a0\u00a0\u00a0\u00a0\u00a0\u00a0\u00a0\u00a0\u00a0\u00a0\u00a0\u00a0\u00a0\u00a0\u00a0\u00a0\u00a0\u00a0\u00a0\u00a0\u00a0\u00a0\u00a0\u00a0\u00a0\u00a0<\/strong><\/p>\n<p><strong>Dr. Ilir Shyta<\/strong><\/p>\n<p><strong>Dr. Alba Kreka<\/strong><\/p>\n<p><strong>Msc. Arjan Kamburi\u00a0\u00a0\u00a0\u00a0\u00a0\u00a0\u00a0\u00a0\u00a0\u00a0\u00a0\u00a0\u00a0\u00a0\u00a0\u00a0\u00a0\u00a0\u00a0\u00a0\u00a0\u00a0\u00a0\u00a0\u00a0\u00a0\u00a0\u00a0\u00a0\u00a0\u00a0\u00a0\u00a0\u00a0\u00a0\u00a0\u00a0\u00a0\u00a0<\/strong><\/p>\n<p><strong>Student: Dalina Krekasi<\/strong><\/p>\n<h2 class=\"wp-block-heading\"><strong>FACULTY OF ECONOMICS<\/strong><\/h2>\n<p><strong>Dr. Landi Gushi \u00a0(Head)\u00a0\u00a0\u00a0\u00a0\u00a0\u00a0\u00a0\u00a0\u00a0\u00a0\u00a0\u00a0\u00a0\u00a0\u00a0\u00a0\u00a0\u00a0\u00a0\u00a0\u00a0\u00a0\u00a0\u00a0\u00a0\u00a0\u00a0\u00a0\u00a0\u00a0\u00a0\u00a0\u00a0\u00a0\u00a0\u00a0\u00a0\u00a0\u00a0\u00a0\u00a0\u00a0\u00a0\u00a0\u00a0\u00a0\u00a0\u00a0\u00a0\u00a0\u00a0\u00a0\u00a0\u00a0\u00a0\u00a0\u00a0\u00a0\u00a0<\/strong><\/p>\n<p><strong>Dr. Marsida Harremi \u00a0<\/strong><\/p>\n<p><strong>Dr. Iva Pendavinji\u00a0\u00a0\u00a0\u00a0\u00a0\u00a0\u00a0\u00a0\u00a0\u00a0\u00a0\u00a0\u00a0\u00a0\u00a0\u00a0\u00a0\u00a0\u00a0\u00a0\u00a0\u00a0\u00a0\u00a0\u00a0\u00a0\u00a0<\/strong><\/p>\n<p><strong>Student: Ina Bala<\/strong><\/p>\n<h2 class=\"wp-block-heading\"><strong>Faculty of Human and Natural Sciences<\/strong><\/h2>\n<p><strong>Doc. Ardian Matka (Head)\u00a0\u00a0\u00a0<\/strong><\/p>\n<p><strong>Dr. Arben Gjata\u00a0\u00a0\u00a0\u00a0\u00a0\u00a0\u00a0\u00a0\u00a0\u00a0\u00a0\u00a0\u00a0\u00a0\u00a0\u00a0\u00a0\u00a0\u00a0\u00a0\u00a0\u00a0\u00a0\u00a0\u00a0\u00a0\u00a0\u00a0\u00a0\u00a0\u00a0\u00a0\u00a0\u00a0\u00a0\u00a0\u00a0\u00a0\u00a0\u00a0\u00a0\u00a0\u00a0\u00a0\u00a0<\/strong><\/p>\n<p><strong>Msc. Silvja \u00c7obani<\/strong><\/p>\n<p><strong>Msc. Dhori Beta<\/strong><\/p>\n<p><strong>Msc. Paola Saro<\/strong><\/p>\n<p><strong>Student: Edona Kalludra<\/strong><\/p>\n<h2 class=\"wp-block-heading\"><strong>INTERNAL QUALITY ASSURANCE - University level<\/strong><\/h2>\n<p><strong>Dr. Juliana \u00c7yfeku<\/strong><\/p>\n<p><strong>Dr. Aldona Minga<\/strong><\/p>\n<p><strong>Dr. Landi Gushi \u00a0<\/strong><\/p>\n<p><strong>Dr. Ardian Matka<\/strong><\/p>\n<p><strong>Dr. Evis Kapurani (Curriculum, Institutional Assessment and Alumni Sector)<\/strong><\/p>\n<p><strong>Xhovani Sara\u00e7i (Economic Department)<\/strong><\/p>\n<p><strong>Edona Kalludra (Student)<\/strong><\/p>\n<\/div><\/div><\/div><\/div><\/div><\/div><\/div><\/div><\/div><\/div><\/div><\/section>","protected":false},"excerpt":{"rendered":"","protected":false},"author":34,"featured_media":0,"parent":0,"menu_order":0,"comment_status":"closed","ping_status":"closed","template":"","meta":{"_acf_changed":false,"footnotes":""},"class_list":["post-26223","page","type-page","status-publish","hentry"],"acf":[],"yoast_head":"<!-- This site is optimized with the Yoast SEO plugin v26.9 - https:\/\/yoast.com\/product\/yoast-seo-wordpress\/ -->\n<title>Komisioni i sigurimit t\u00eb cil\u00ebsis\u00eb, programeve t\u00eb studimit e k\u00ebrkimit shkencor - Universiteti &quot;Fan S. Noli&quot;, Kor\u00e7\u00eb<\/title>\n<meta name=\"robots\" content=\"index, follow, max-snippet:-1, max-image-preview:large, max-video-preview:-1\" \/>\n<link rel=\"canonical\" href=\"https:\/\/unkorce.edu.al\/en\/26223-2\/\" \/>\n<meta property=\"og:locale\" content=\"en_US\" \/>\n<meta property=\"og:type\" content=\"article\" \/>\n<meta property=\"og:title\" content=\"Komisioni i sigurimit t\u00eb cil\u00ebsis\u00eb, programeve t\u00eb studimit e k\u00ebrkimit shkencor - Universiteti &quot;Fan S. Noli&quot;, Kor\u00e7\u00eb\" \/>\n<meta property=\"og:url\" content=\"https:\/\/unkorce.edu.al\/en\/26223-2\/\" \/>\n<meta property=\"og:site_name\" content=\"Universiteti &quot;Fan S. Noli&quot;, Kor\u00e7\u00eb\" \/>\n<meta property=\"article:publisher\" content=\"https:\/\/www.facebook.com\/unkorce\" \/>\n<meta property=\"article:modified_time\" content=\"2025-11-10T08:12:46+00:00\" \/>\n<meta name=\"twitter:card\" content=\"summary_large_image\" \/>\n<meta name=\"twitter:label1\" content=\"Est. reading time\" \/>\n\t<meta name=\"twitter:data1\" content=\"3 minutes\" \/>\n<script type=\"application\/ld+json\" class=\"yoast-schema-graph\">{\"@context\":\"https:\/\/schema.org\",\"@graph\":[{\"@type\":\"WebPage\",\"@id\":\"https:\/\/unkorce.edu.al\/26223-2\/\",\"url\":\"https:\/\/unkorce.edu.al\/26223-2\/\",\"name\":\"Komisioni i sigurimit t\u00eb cil\u00ebsis\u00eb, programeve t\u00eb studimit e k\u00ebrkimit shkencor - Universiteti \\\"Fan S. Noli\\\", Kor\u00e7\u00eb\",\"isPartOf\":{\"@id\":\"https:\/\/unkorce.edu.al\/#website\"},\"datePublished\":\"2024-10-16T09:29:43+00:00\",\"dateModified\":\"2025-11-10T08:12:46+00:00\",\"breadcrumb\":{\"@id\":\"https:\/\/unkorce.edu.al\/26223-2\/#breadcrumb\"},\"inLanguage\":\"en-US\",\"potentialAction\":[{\"@type\":\"ReadAction\",\"target\":[\"https:\/\/unkorce.edu.al\/26223-2\/\"]}]},{\"@type\":\"BreadcrumbList\",\"@id\":\"https:\/\/unkorce.edu.al\/26223-2\/#breadcrumb\",\"itemListElement\":[{\"@type\":\"ListItem\",\"position\":1,\"name\":\"Home\",\"item\":\"https:\/\/unkorce.edu.al\/\"},{\"@type\":\"ListItem\",\"position\":2,\"name\":\"Komisioni i sigurimit t\u00eb cil\u00ebsis\u00eb, programeve t\u00eb studimit e k\u00ebrkimit shkencor\"}]},{\"@type\":\"WebSite\",\"@id\":\"https:\/\/unkorce.edu.al\/#website\",\"url\":\"https:\/\/unkorce.edu.al\/\",\"name\":\"Universiteti \\\"Fan S. Noli\\\", Kor\u00e7\u00eb\",\"description\":\"Mir&euml;sevini n&euml; faqen zyrtare!\",\"publisher\":{\"@id\":\"https:\/\/unkorce.edu.al\/#organization\"},\"potentialAction\":[{\"@type\":\"SearchAction\",\"target\":{\"@type\":\"EntryPoint\",\"urlTemplate\":\"https:\/\/unkorce.edu.al\/?s={search_term_string}\"},\"query-input\":{\"@type\":\"PropertyValueSpecification\",\"valueRequired\":true,\"valueName\":\"search_term_string\"}}],\"inLanguage\":\"en-US\"},{\"@type\":\"Organization\",\"@id\":\"https:\/\/unkorce.edu.al\/#organization\",\"name\":\"Universiteti \\\"Fan S. Noli\\\", Kor\u00e7\u00eb\",\"url\":\"https:\/\/unkorce.edu.al\/\",\"logo\":{\"@type\":\"ImageObject\",\"inLanguage\":\"en-US\",\"@id\":\"https:\/\/unkorce.edu.al\/#\/schema\/logo\/image\/\",\"url\":\"https:\/\/unkorce.edu.al\/wp-content\/uploads\/2024\/08\/Logo_e_Universitetit__Fan_Noli_-e1726660879862.png\",\"contentUrl\":\"https:\/\/unkorce.edu.al\/wp-content\/uploads\/2024\/08\/Logo_e_Universitetit__Fan_Noli_-e1726660879862.png\",\"width\":200,\"height\":120,\"caption\":\"Universiteti \\\"Fan S. Noli\\\", Kor\u00e7\u00eb\"},\"image\":{\"@id\":\"https:\/\/unkorce.edu.al\/#\/schema\/logo\/image\/\"},\"sameAs\":[\"https:\/\/www.facebook.com\/unkorce\"]}]}<\/script>\n<!-- \/ Yoast SEO plugin. -->","yoast_head_json":{"title":"Komisioni i sigurimit t\u00eb cil\u00ebsis\u00eb, programeve t\u00eb studimit e k\u00ebrkimit shkencor - Universiteti \"Fan S. Noli\", Kor\u00e7\u00eb","robots":{"index":"index","follow":"follow","max-snippet":"max-snippet:-1","max-image-preview":"max-image-preview:large","max-video-preview":"max-video-preview:-1"},"canonical":"https:\/\/unkorce.edu.al\/en\/26223-2\/","og_locale":"en_US","og_type":"article","og_title":"Komisioni i sigurimit t\u00eb cil\u00ebsis\u00eb, programeve t\u00eb studimit e k\u00ebrkimit shkencor - Universiteti \"Fan S. Noli\", Kor\u00e7\u00eb","og_url":"https:\/\/unkorce.edu.al\/en\/26223-2\/","og_site_name":"Universiteti \"Fan S. Noli\", Kor\u00e7\u00eb","article_publisher":"https:\/\/www.facebook.com\/unkorce","article_modified_time":"2025-11-10T08:12:46+00:00","twitter_card":"summary_large_image","twitter_misc":{"Est. reading time":"3 minutes"},"schema":{"@context":"https:\/\/schema.org","@graph":[{"@type":"WebPage","@id":"https:\/\/unkorce.edu.al\/26223-2\/","url":"https:\/\/unkorce.edu.al\/26223-2\/","name":"Komisioni i sigurimit t\u00eb cil\u00ebsis\u00eb, programeve t\u00eb studimit e k\u00ebrkimit shkencor - Universiteti \"Fan S. Noli\", Kor\u00e7\u00eb","isPartOf":{"@id":"https:\/\/unkorce.edu.al\/#website"},"datePublished":"2024-10-16T09:29:43+00:00","dateModified":"2025-11-10T08:12:46+00:00","breadcrumb":{"@id":"https:\/\/unkorce.edu.al\/26223-2\/#breadcrumb"},"inLanguage":"en-US","potentialAction":[{"@type":"ReadAction","target":["https:\/\/unkorce.edu.al\/26223-2\/"]}]},{"@type":"BreadcrumbList","@id":"https:\/\/unkorce.edu.al\/26223-2\/#breadcrumb","itemListElement":[{"@type":"ListItem","position":1,"name":"Home","item":"https:\/\/unkorce.edu.al\/"},{"@type":"ListItem","position":2,"name":"Komisioni i sigurimit t\u00eb cil\u00ebsis\u00eb, programeve t\u00eb studimit e k\u00ebrkimit shkencor"}]},{"@type":"WebSite","@id":"https:\/\/unkorce.edu.al\/#website","url":"https:\/\/unkorce.edu.al\/","name":"Universiteti \"Fan S. Noli\", Kor\u00e7\u00eb","description":"Mir&euml;sevini n&euml; faqen zyrtare!","publisher":{"@id":"https:\/\/unkorce.edu.al\/#organization"},"potentialAction":[{"@type":"SearchAction","target":{"@type":"EntryPoint","urlTemplate":"https:\/\/unkorce.edu.al\/?s={search_term_string}"},"query-input":{"@type":"PropertyValueSpecification","valueRequired":true,"valueName":"search_term_string"}}],"inLanguage":"en-US"},{"@type":"Organization","@id":"https:\/\/unkorce.edu.al\/#organization","name":"Universiteti \"Fan S. Noli\", Kor\u00e7\u00eb","url":"https:\/\/unkorce.edu.al\/","logo":{"@type":"ImageObject","inLanguage":"en-US","@id":"https:\/\/unkorce.edu.al\/#\/schema\/logo\/image\/","url":"https:\/\/unkorce.edu.al\/wp-content\/uploads\/2024\/08\/Logo_e_Universitetit__Fan_Noli_-e1726660879862.png","contentUrl":"https:\/\/unkorce.edu.al\/wp-content\/uploads\/2024\/08\/Logo_e_Universitetit__Fan_Noli_-e1726660879862.png","width":200,"height":120,"caption":"Universiteti \"Fan S. Noli\", Kor\u00e7\u00eb"},"image":{"@id":"https:\/\/unkorce.edu.al\/#\/schema\/logo\/image\/"},"sameAs":["https:\/\/www.facebook.com\/unkorce"]}]}},"_links":{"self":[{"href":"https:\/\/unkorce.edu.al\/en\/wp-json\/wp\/v2\/pages\/26223","targetHints":{"allow":["GET"]}}],"collection":[{"href":"https:\/\/unkorce.edu.al\/en\/wp-json\/wp\/v2\/pages"}],"about":[{"href":"https:\/\/unkorce.edu.al\/en\/wp-json\/wp\/v2\/types\/page"}],"author":[{"embeddable":true,"href":"https:\/\/unkorce.edu.al\/en\/wp-json\/wp\/v2\/users\/34"}],"replies":[{"embeddable":true,"href":"https:\/\/unkorce.edu.al\/en\/wp-json\/wp\/v2\/comments?post=26223"}],"version-history":[{"count":23,"href":"https:\/\/unkorce.edu.al\/en\/wp-json\/wp\/v2\/pages\/26223\/revisions"}],"predecessor-version":[{"id":35455,"href":"https:\/\/unkorce.edu.al\/en\/wp-json\/wp\/v2\/pages\/26223\/revisions\/35455"}],"wp:attachment":[{"href":"https:\/\/unkorce.edu.al\/en\/wp-json\/wp\/v2\/media?parent=26223"}],"curies":[{"name":"wp","href":"https:\/\/api.w.org\/{rel}","templated":true}]}}