{"id":26187,"date":"2024-10-13T16:52:05","date_gmt":"2024-10-13T16:52:05","guid":{"rendered":"https:\/\/unkorce.qafzezi.pro\/?page_id=26187"},"modified":"2024-10-17T10:29:41","modified_gmt":"2024-10-17T10:29:41","slug":"akreditimi-i-programeve-te-studimit","status":"publish","type":"page","link":"https:\/\/unkorce.edu.al\/en\/akreditimi-i-programeve-te-studimit\/","title":{"rendered":"Accreditation of Study Programs"},"content":{"rendered":"<section class=\"l-section wpb_row height_medium width_full\"><div class=\"l-section-h i-cf\"><div class=\"g-cols vc_row via_grid cols_1 laptops-cols_inherit tablets-cols_inherit mobiles-cols_1 valign_top type_default stacking_default\"><div class=\"wpb_column vc_column_container\"><div class=\"vc_column-inner\"><div class=\"wpb_text_column\"><div class=\"wpb_wrapper\"><p><style>\ntr td:nth-child(1){<br \/>\nwidth: 50%;<br \/>\n}<br \/>\ntr:nth-child(even){<br \/>\nbackground-color: #eee;<br \/>\n}<br \/>\n<\/style>\n<\/p>\n<table width=\"788\">\n<tbody>\n<tr>\n<td width=\"71\">FAKULTETI<\/td>\n<td width=\"532\">PROGRAMI I STUDIMIT<\/td>\n<td width=\"185\">DOKUMENT AKREDITIMI<\/td>\n<\/tr>\n<tr>\n<td>FBU<\/td>\n<td>Master Profesional n\u00eb &#8220;Inxhinieri Agrare, Profili Hortikultur\u00eb&#8221;<\/td>\n<td><a href=\"\/en\/sites\/default\/files\/planet_mesimore_2025\/CA%20%20BA%20Inxhinieri%20Agronomike%20nr.50%20date%2019.1.2021.pdf\/\">AKREDITUAR<\/a><\/td>\n<\/tr>\n<tr>\n<td>FBU<\/td>\n<td>Master Profesional n\u00eb &#8220;Cil\u00ebsia dhe Siguria Ushqimore&#8221;<\/td>\n<td><a href=\"\/en\/sites\/default\/files\/planet_mesimore_2025\/CA%20%20MP%20Cilesia%20dhe%20sig%20ushqimore%20nr.71%20date%2030.6.2023.pdf\/\">AKREDITUAR<\/a><\/td>\n<\/tr>\n<tr>\n<td>FBU<\/td>\n<td>Program profesional 2- vje\u00e7ar &#8220;Menaxhim Biznesi Bujq\u00ebsor&#8221;<\/td>\n<td><a href=\"\/en\/sites\/default\/files\/planet_mesimore_2025\/CA%20%20PP%20Menxh%20Biz%20Bujqes%20me%20nr.95%20date%2022.9.2023.pdf\/\">AKREDITUAR<\/a><\/td>\n<\/tr>\n<tr>\n<td>FBU<\/td>\n<td>Program profesional 2- vje\u00e7ar &#8220;Menaxhim Veterinar&#8221;<\/td>\n<td><a href=\"\/en\/sites\/default\/files\/planet_mesimore_2025\/CA%20%20PP%20Menaxhim%20Veterinar%20nr.96%20date%2022.9.2023.pdf\/\">AKREDITUAR<\/a><\/td>\n<\/tr>\n<tr>\n<td>FBU<\/td>\n<td>Bachelor n\u00eb &#8220;Inxhinieri Agronomike&#8221;<\/td>\n<td><a href=\"\/en\/sites\/default\/files\/planet_mesimore_2025\/CA%20%20BA%20Inxhinieri%20Agronomike%20nr.50%20date%2019.1.2021.pdf\/\">AKREDITUAR<\/a><\/td>\n<\/tr>\n<tr>\n<td>FBU<\/td>\n<td>Bachelor n\u00eb &#8220;Agroushqim&#8221;<\/td>\n<td><a href=\"\/en\/sites\/default\/files\/planet_mesimore_2025\/CA%20%20BA%20Agroushqim%20nr.52%20date%2016.2.2021.pdf\/\">AKREDITUAR<\/a><\/td>\n<\/tr>\n<tr>\n<td>FEF<\/td>\n<td>Program profesional 2- vje\u00e7ar &#8220;Asistent Menaxher&#8221;<\/td>\n<td><a href=\"\/en\/sites\/default\/files\/planet_mesimore_2025\/CA%20%20PP%20Asistent%20Menaxher%20nr%2068%20date%2030.6.2023.pdf\/\">AKREDITUAR<\/a><\/td>\n<\/tr>\n<tr>\n<td>FEF<\/td>\n<td>&#8220;Bachelor&#8221; n\u00eb &#8220;Histori-Gjeografi&#8221;<\/td>\n<td><a href=\"\/en\/sites\/default\/files\/planet_mesimore_2025\/CA%20%20BA%20Histori%20-%20Gjeografi%20nr.67%20date%2030.6.2023.pdf\/\">AKREDITUAR<\/a><\/td>\n<\/tr>\n<tr>\n<td>FEF<\/td>\n<td>&#8220;Bachelor&#8221; n\u00eb &#8220;Gjuh\u00eb- Let\u00ebrsi&#8221;<\/td>\n<td><a href=\"\/en\/sites\/default\/files\/planet_mesimore_2025\/CA%20%20BA%20Gjuhe-Letersi%20nr%2066%20date%2030.6.2023.pdf\/\">AKREDITUAR<\/a><\/td>\n<\/tr>\n<tr>\n<td>FEF<\/td>\n<td>&#8220;Bachelor&#8221; n\u00eb &#8220;Administrim Biznesi n\u00eb Marketing&#8221;<\/td>\n<td><a href=\"\/en\/sites\/default\/files\/planet_mesimore_2025\/CA%20%20BA%20Administrim%20Biznesi%20ne%20Marketing%20nr.102%20date%2023.9.2023.pdf\/\">AKREDITUAR<\/a><\/td>\n<\/tr>\n<tr>\n<td>FEF<\/td>\n<td>&#8220;Master profesional&#8221; n\u00eb &#8220;Financ\u00eb &#8211; Kontabilitet&#8221;<\/td>\n<td><a href=\"\/en\/sites\/default\/files\/planet_mesimore_2025\/CA%20%20MP%20Finance%20-Kontabilitet%20nr.100%20date%2023.9.2023.pdf\/\">AKREDITUAR<\/a><\/td>\n<\/tr>\n<tr>\n<td>FEF<\/td>\n<td>&#8220;Bachelor&#8221; n\u00eb &#8220;Financ\u00eb &#8211; Kontabilitet&#8221;<\/td>\n<td><a href=\"\/en\/sites\/default\/files\/planet_mesimore_2025\/CA%20%20BA%20Finance%20-Kontabilitet%20nr.51%20date%2019.11.2021.pdf\/\">AKREDITUAR<\/a><\/td>\n<\/tr>\n<tr>\n<td>FEF<\/td>\n<td>&#8220;Bachelor&#8221; n\u00eb &#8220;Menaxhim&#8221;<\/td>\n<td><a href=\"\/en\/sites\/default\/files\/planet_mesimore_2025\/CA%20%20BA%20Menaxhim%20nr.%2035%20date%2012.3.2021.pdf\/\">AKREDITUAR<\/a><\/td>\n<\/tr>\n<tr>\n<td>FEF<\/td>\n<td>&#8220;Bachelor&#8221; n\u00eb\u00a0 &#8220;Gjuh\u00eb Angleze&#8221;<\/td>\n<td><a href=\"\/en\/sites\/default\/files\/planet_mesimore_2025\/CA%20%20BA%20Gjuhe%20Angleze%20nr.36%20date%2012.3.2021.pdf\/\">AKREDITUAR<\/a><\/td>\n<\/tr>\n<tr>\n<td>FEF<\/td>\n<td>Program profesional 2- vje\u00e7ar &#8220;Edukim\u00a0 p\u00ebr foshnj\u00ebrin\u00eb dhe f\u00ebmij\u00ebrin\u00eb e hershme&#8221;<\/td>\n<td><a href=\"\/en\/sites\/default\/files\/planet_mesimore_2025\/CA%20%20PP%20Ed.%20per%20foshnjerine%20nr.5%20date%207.1.2022.pdf\/\">AKREDITUAR<\/a><\/td>\n<\/tr>\n<tr>\n<td>FSHNH<\/td>\n<td>&#8220;Bachelor&#8221; n\u00eb &#8220;Teknologji Informacioni&#8221;<\/td>\n<td><a href=\"\/en\/sites\/default\/files\/planet_mesimore_2025\/CA%20%20BA%20Teknlgj-Informacio%20nr.69%20date%2030.6.2023.pdf\/\">AKREDITUAR<\/a><\/td>\n<\/tr>\n<tr>\n<td>FSHNH<\/td>\n<td>Program profesional 2- vje\u00e7ar &#8220;Sh\u00ebrbim Social&#8221;<\/td>\n<td><a href=\"\/en\/sites\/default\/files\/planet_mesimore_2025\/CA%20%20PP%20Sherbim%20Social%20me%20nr.101%20date%2023.9.2023.pdf\/\">AKREDITUAR<\/a><\/td>\n<\/tr>\n<tr>\n<td>FSHNH<\/td>\n<td>&#8220;Bachelor&#8221; n\u00eb &#8220;Matematik\u00eb-Fizik\u00eb&#8221;<\/td>\n<td><a href=\"\/en\/sites\/default\/files\/planet_mesimore_2025\/CA%20%20BA%20MAtematike%20-%20Fizike%20nr.103%20date%2023.9.2023.pdf\/\">AKREDITUAR<\/a><\/td>\n<\/tr>\n<tr>\n<td>FSHNH<\/td>\n<td>&#8220;Bachelor&#8221; n\u00eb &#8220;Matematik\u00eb-Informatik\u00eb&#8221;<\/td>\n<td><a href=\"\/en\/sites\/default\/files\/planet_mesimore_2025\/sites\/default\/files\/planet_mesimore_2025.pdf\/\">AKREDITUAR<\/a><\/td>\n<\/tr>\n<tr>\n<td>FSHNH<\/td>\n<td>&#8220;Bachelor&#8221; n\u00eb &#8220;Biologji- Kimi&#8221;<\/td>\n<td><a href=\"\/en\/sites\/default\/files\/planet_mesimore_2025\/CA%20%20BA%20Biologji%20-%20Kimi%20nr.34%20date%2012.3.2021.pdf\/\">AKREDITUAR<\/a><\/td>\n<\/tr>\n<tr>\n<td>FSHNH<\/td>\n<td>&#8220;Bachelor&#8221; n\u00eb &#8220;Administrim dhe Politika Sociale&#8221;<\/td>\n<td><a href=\"\/en\/sites\/default\/files\/planet_mesimore_2025\/CA%20%20BA%20Administrim%20dhe%20Politika%20Sociale%20nr.%204%20date%207.1.2022.pdf\/\">AKREDITUAR<\/a><\/td>\n<\/tr>\n<\/tbody>\n<\/table>\n<\/div><\/div><\/div><\/div><\/div><\/div><\/section>","protected":false},"excerpt":{"rendered":"","protected":false},"author":122,"featured_media":0,"parent":0,"menu_order":0,"comment_status":"closed","ping_status":"closed","template":"","meta":{"_acf_changed":false,"footnotes":""},"class_list":["post-26187","page","type-page","status-publish","hentry"],"acf":[],"yoast_head":"<!-- This site is optimized with the Yoast SEO plugin v26.9 - https:\/\/yoast.com\/product\/yoast-seo-wordpress\/ -->\n<title>Akreditimi i programeve t\u00eb studimit - Universiteti &quot;Fan S. Noli&quot;, Kor\u00e7\u00eb<\/title>\n<meta name=\"robots\" content=\"index, follow, max-snippet:-1, max-image-preview:large, max-video-preview:-1\" \/>\n<link rel=\"canonical\" href=\"https:\/\/unkorce.edu.al\/en\/akreditimi-i-programeve-te-studimit\/\" \/>\n<meta property=\"og:locale\" content=\"en_US\" \/>\n<meta property=\"og:type\" content=\"article\" \/>\n<meta property=\"og:title\" content=\"Akreditimi i programeve t\u00eb studimit - Universiteti &quot;Fan S. Noli&quot;, Kor\u00e7\u00eb\" \/>\n<meta property=\"og:url\" content=\"https:\/\/unkorce.edu.al\/en\/akreditimi-i-programeve-te-studimit\/\" \/>\n<meta property=\"og:site_name\" content=\"Universiteti &quot;Fan S. Noli&quot;, Kor\u00e7\u00eb\" \/>\n<meta property=\"article:publisher\" content=\"https:\/\/www.facebook.com\/unkorce\" \/>\n<meta property=\"article:modified_time\" content=\"2024-10-17T10:29:41+00:00\" \/>\n<meta name=\"twitter:card\" content=\"summary_large_image\" \/>\n<meta name=\"twitter:label1\" content=\"Est. reading time\" \/>\n\t<meta name=\"twitter:data1\" content=\"1 minute\" \/>\n<script type=\"application\/ld+json\" class=\"yoast-schema-graph\">{\"@context\":\"https:\/\/schema.org\",\"@graph\":[{\"@type\":\"WebPage\",\"@id\":\"https:\/\/unkorce.edu.al\/akreditimi-i-programeve-te-studimit\/\",\"url\":\"https:\/\/unkorce.edu.al\/akreditimi-i-programeve-te-studimit\/\",\"name\":\"Akreditimi i programeve t\u00eb studimit - Universiteti \\\"Fan S. Noli\\\", Kor\u00e7\u00eb\",\"isPartOf\":{\"@id\":\"https:\/\/unkorce.edu.al\/#website\"},\"datePublished\":\"2024-10-13T16:52:05+00:00\",\"dateModified\":\"2024-10-17T10:29:41+00:00\",\"breadcrumb\":{\"@id\":\"https:\/\/unkorce.edu.al\/akreditimi-i-programeve-te-studimit\/#breadcrumb\"},\"inLanguage\":\"en-US\",\"potentialAction\":[{\"@type\":\"ReadAction\",\"target\":[\"https:\/\/unkorce.edu.al\/akreditimi-i-programeve-te-studimit\/\"]}]},{\"@type\":\"BreadcrumbList\",\"@id\":\"https:\/\/unkorce.edu.al\/akreditimi-i-programeve-te-studimit\/#breadcrumb\",\"itemListElement\":[{\"@type\":\"ListItem\",\"position\":1,\"name\":\"Home\",\"item\":\"https:\/\/unkorce.edu.al\/\"},{\"@type\":\"ListItem\",\"position\":2,\"name\":\"Akreditimi i programeve t\u00eb studimit\"}]},{\"@type\":\"WebSite\",\"@id\":\"https:\/\/unkorce.edu.al\/#website\",\"url\":\"https:\/\/unkorce.edu.al\/\",\"name\":\"Universiteti \\\"Fan S. Noli\\\", Kor\u00e7\u00eb\",\"description\":\"Mir&euml;sevini n&euml; faqen zyrtare!\",\"publisher\":{\"@id\":\"https:\/\/unkorce.edu.al\/#organization\"},\"potentialAction\":[{\"@type\":\"SearchAction\",\"target\":{\"@type\":\"EntryPoint\",\"urlTemplate\":\"https:\/\/unkorce.edu.al\/?s={search_term_string}\"},\"query-input\":{\"@type\":\"PropertyValueSpecification\",\"valueRequired\":true,\"valueName\":\"search_term_string\"}}],\"inLanguage\":\"en-US\"},{\"@type\":\"Organization\",\"@id\":\"https:\/\/unkorce.edu.al\/#organization\",\"name\":\"Universiteti \\\"Fan S. Noli\\\", Kor\u00e7\u00eb\",\"url\":\"https:\/\/unkorce.edu.al\/\",\"logo\":{\"@type\":\"ImageObject\",\"inLanguage\":\"en-US\",\"@id\":\"https:\/\/unkorce.edu.al\/#\/schema\/logo\/image\/\",\"url\":\"https:\/\/unkorce.edu.al\/wp-content\/uploads\/2024\/08\/Logo_e_Universitetit__Fan_Noli_-e1726660879862.png\",\"contentUrl\":\"https:\/\/unkorce.edu.al\/wp-content\/uploads\/2024\/08\/Logo_e_Universitetit__Fan_Noli_-e1726660879862.png\",\"width\":200,\"height\":120,\"caption\":\"Universiteti \\\"Fan S. Noli\\\", Kor\u00e7\u00eb\"},\"image\":{\"@id\":\"https:\/\/unkorce.edu.al\/#\/schema\/logo\/image\/\"},\"sameAs\":[\"https:\/\/www.facebook.com\/unkorce\"]}]}<\/script>\n<!-- \/ Yoast SEO plugin. -->","yoast_head_json":{"title":"Akreditimi i programeve t\u00eb studimit - Universiteti \"Fan S. Noli\", Kor\u00e7\u00eb","robots":{"index":"index","follow":"follow","max-snippet":"max-snippet:-1","max-image-preview":"max-image-preview:large","max-video-preview":"max-video-preview:-1"},"canonical":"https:\/\/unkorce.edu.al\/en\/akreditimi-i-programeve-te-studimit\/","og_locale":"en_US","og_type":"article","og_title":"Akreditimi i programeve t\u00eb studimit - Universiteti \"Fan S. Noli\", Kor\u00e7\u00eb","og_url":"https:\/\/unkorce.edu.al\/en\/akreditimi-i-programeve-te-studimit\/","og_site_name":"Universiteti \"Fan S. Noli\", Kor\u00e7\u00eb","article_publisher":"https:\/\/www.facebook.com\/unkorce","article_modified_time":"2024-10-17T10:29:41+00:00","twitter_card":"summary_large_image","twitter_misc":{"Est. reading time":"1 minute"},"schema":{"@context":"https:\/\/schema.org","@graph":[{"@type":"WebPage","@id":"https:\/\/unkorce.edu.al\/akreditimi-i-programeve-te-studimit\/","url":"https:\/\/unkorce.edu.al\/akreditimi-i-programeve-te-studimit\/","name":"Akreditimi i programeve t\u00eb studimit - Universiteti \"Fan S. Noli\", Kor\u00e7\u00eb","isPartOf":{"@id":"https:\/\/unkorce.edu.al\/#website"},"datePublished":"2024-10-13T16:52:05+00:00","dateModified":"2024-10-17T10:29:41+00:00","breadcrumb":{"@id":"https:\/\/unkorce.edu.al\/akreditimi-i-programeve-te-studimit\/#breadcrumb"},"inLanguage":"en-US","potentialAction":[{"@type":"ReadAction","target":["https:\/\/unkorce.edu.al\/akreditimi-i-programeve-te-studimit\/"]}]},{"@type":"BreadcrumbList","@id":"https:\/\/unkorce.edu.al\/akreditimi-i-programeve-te-studimit\/#breadcrumb","itemListElement":[{"@type":"ListItem","position":1,"name":"Home","item":"https:\/\/unkorce.edu.al\/"},{"@type":"ListItem","position":2,"name":"Akreditimi i programeve t\u00eb studimit"}]},{"@type":"WebSite","@id":"https:\/\/unkorce.edu.al\/#website","url":"https:\/\/unkorce.edu.al\/","name":"Universiteti \"Fan S. Noli\", Kor\u00e7\u00eb","description":"Mir&euml;sevini n&euml; faqen zyrtare!","publisher":{"@id":"https:\/\/unkorce.edu.al\/#organization"},"potentialAction":[{"@type":"SearchAction","target":{"@type":"EntryPoint","urlTemplate":"https:\/\/unkorce.edu.al\/?s={search_term_string}"},"query-input":{"@type":"PropertyValueSpecification","valueRequired":true,"valueName":"search_term_string"}}],"inLanguage":"en-US"},{"@type":"Organization","@id":"https:\/\/unkorce.edu.al\/#organization","name":"Universiteti \"Fan S. Noli\", Kor\u00e7\u00eb","url":"https:\/\/unkorce.edu.al\/","logo":{"@type":"ImageObject","inLanguage":"en-US","@id":"https:\/\/unkorce.edu.al\/#\/schema\/logo\/image\/","url":"https:\/\/unkorce.edu.al\/wp-content\/uploads\/2024\/08\/Logo_e_Universitetit__Fan_Noli_-e1726660879862.png","contentUrl":"https:\/\/unkorce.edu.al\/wp-content\/uploads\/2024\/08\/Logo_e_Universitetit__Fan_Noli_-e1726660879862.png","width":200,"height":120,"caption":"Universiteti \"Fan S. Noli\", Kor\u00e7\u00eb"},"image":{"@id":"https:\/\/unkorce.edu.al\/#\/schema\/logo\/image\/"},"sameAs":["https:\/\/www.facebook.com\/unkorce"]}]}},"_links":{"self":[{"href":"https:\/\/unkorce.edu.al\/en\/wp-json\/wp\/v2\/pages\/26187","targetHints":{"allow":["GET"]}}],"collection":[{"href":"https:\/\/unkorce.edu.al\/en\/wp-json\/wp\/v2\/pages"}],"about":[{"href":"https:\/\/unkorce.edu.al\/en\/wp-json\/wp\/v2\/types\/page"}],"author":[{"embeddable":true,"href":"https:\/\/unkorce.edu.al\/en\/wp-json\/wp\/v2\/users\/122"}],"replies":[{"embeddable":true,"href":"https:\/\/unkorce.edu.al\/en\/wp-json\/wp\/v2\/comments?post=26187"}],"version-history":[{"count":10,"href":"https:\/\/unkorce.edu.al\/en\/wp-json\/wp\/v2\/pages\/26187\/revisions"}],"predecessor-version":[{"id":26248,"href":"https:\/\/unkorce.edu.al\/en\/wp-json\/wp\/v2\/pages\/26187\/revisions\/26248"}],"wp:attachment":[{"href":"https:\/\/unkorce.edu.al\/en\/wp-json\/wp\/v2\/media?parent=26187"}],"curies":[{"name":"wp","href":"https:\/\/api.w.org\/{rel}","templated":true}]}}