{"id":25688,"date":"2024-07-02T09:37:55","date_gmt":"2024-07-02T09:37:55","guid":{"rendered":"\/?page_id=25688"},"modified":"2026-04-15T07:43:04","modified_gmt":"2026-04-15T07:43:04","slug":"erasmus-plus-3","status":"publish","type":"page","link":"https:\/\/unkorce.edu.al\/en\/erasmus-plus-3\/","title":{"rendered":"Erasmus+"},"content":{"rendered":"<section class=\"l-section wpb_row height_auto width_full\"><div class=\"l-section-h i-cf\"><div class=\"g-cols vc_row via_grid cols_1 laptops-cols_inherit tablets-cols_inherit mobiles-cols_1 valign_top type_default stacking_default\"><div class=\"wpb_column vc_column_container\"><div class=\"vc_column-inner\"><div class=\"wpb_text_column\"><div class=\"wpb_wrapper\"><p><strong><b>Erasmus+<\/b><\/strong><\/p>\n<p><strong><b>KA220-HED<\/b><\/strong><\/p>\n<p><strong><b>Cooperation Partnerships in Higher Education<\/b><\/strong><\/p>\n<p><strong><b>(Implementation period \u2013 November 3, 2025 \u2013 November 2, 2028)<\/b><\/strong><\/p>\n<p><strong><b>Advancing Circular Economy and Sustainability in Rural Business Activities.<\/b><\/strong><\/p>\n<p><strong><b>Skills for the Future (CERAS) <\/b><\/strong>(CERAS)<\/p>\n<p>2025-1-RO01-KA220-HED-000361049<\/p>\n<p>As environmental challenges increasingly require small and medium-sized enterprises (SMEs) in rural areas to apply circular and sustainable business models, and as the need for expertise, innovation, and digitalization grows, the CERAS project aims to strengthen the capacity of Higher Education Institutions (HEIs) to transfer knowledge and deliver high-quality education in the field of Circular Economy (CE).<\/p>\n<p>\u201cFan S. Noli\u201d University participates as a project partner, contributing to advancing modern educational practices and to cooperation with the business environment in Albania.<\/p>\n<p>In close collaboration with SMEs, the project will develop a dedicated digital platform that equips students and academic staff from the partner universities with contemporary tools for learning, analysis, and knowledge exchange. This platform will also enhance participating HEIs' ability to innovate, collaborate effectively, and strengthen cooperation with the labor market. Through the CERAS project, students will gain fundamental knowledge on CE strategies, circular product design, optimal use of materials and waste, and new sustainable business perspectives, tailored particularly to rural economic activities.<\/p>\n<p>Fan S. Noli\u201d University will benefit from this project by strengthening the organization's capacity to provide modern, inclusive, and high-quality education in the Circular Economy, an essential approach to addressing climate change and environmental sustainability.<\/p>\n<p><strong><b>Specific objectives<\/b><\/strong><\/p>\n<ul>\n<li>\uf0fcStrengthen cooperation and create an effective framework for collaboration among partner institutions.<\/li>\n<li>\uf0fcIdentify and evaluate indicators for monitoring the transition of rural businesses toward the CE model.<\/li>\n<li>\uf0fcDesign, implement, and test a web-based platform for educational use and communication with SMEs.<\/li>\n<li>\uf0fcPrepare future professionals in CE through a joint program of activities for students, delivered by project partners.<\/li>\n<li>\uf0fcReinforce collaboration between HEIs and SMEs to foster innovation, improve employability, and support rural business development.<\/li>\n<li>\uf0fcFacilitate the exchange of ideas, solutions, best practices, and experiences, while promoting awareness of CE benefits and its role in mitigating climate change.<\/li>\n<\/ul>\n<p>More details about the CERAS project are available on the official website: https:\/\/ceras.ub.ro\/ <a href=\"https:\/\/ceras.ub.ro\/\"><u>https:\/\/ceras.ub.ro\/<\/u><\/a><\/p>\n<\/div><\/div><\/div><\/div><\/div><\/div><\/section>","protected":false},"excerpt":{"rendered":"","protected":false},"author":122,"featured_media":0,"parent":0,"menu_order":0,"comment_status":"closed","ping_status":"closed","template":"","meta":{"_acf_changed":false,"footnotes":""},"class_list":["post-25688","page","type-page","status-publish","hentry"],"acf":[],"yoast_head":"<!-- This site is optimized with the Yoast SEO plugin v26.9 - https:\/\/yoast.com\/product\/yoast-seo-wordpress\/ -->\n<title>Erasmus+ - Universiteti &quot;Fan S. Noli&quot;, Kor\u00e7\u00eb<\/title>\n<meta name=\"robots\" content=\"index, follow, max-snippet:-1, max-image-preview:large, max-video-preview:-1\" \/>\n<link rel=\"canonical\" href=\"https:\/\/unkorce.edu.al\/en\/erasmus-plus-3\/\" \/>\n<meta property=\"og:locale\" content=\"en_US\" \/>\n<meta property=\"og:type\" content=\"article\" \/>\n<meta property=\"og:title\" content=\"Erasmus+ - Universiteti &quot;Fan S. Noli&quot;, Kor\u00e7\u00eb\" \/>\n<meta property=\"og:url\" content=\"https:\/\/unkorce.edu.al\/en\/erasmus-plus-3\/\" \/>\n<meta property=\"og:site_name\" content=\"Universiteti &quot;Fan S. Noli&quot;, Kor\u00e7\u00eb\" \/>\n<meta property=\"article:publisher\" content=\"https:\/\/www.facebook.com\/unkorce\" \/>\n<meta property=\"article:modified_time\" content=\"2026-04-15T07:43:04+00:00\" \/>\n<meta name=\"twitter:card\" content=\"summary_large_image\" \/>\n<meta name=\"twitter:label1\" content=\"Est. reading time\" \/>\n\t<meta name=\"twitter:data1\" content=\"2 minutes\" \/>\n<script type=\"application\/ld+json\" class=\"yoast-schema-graph\">{\"@context\":\"https:\/\/schema.org\",\"@graph\":[{\"@type\":\"WebPage\",\"@id\":\"https:\/\/unkorce.edu.al\/erasmus-plus-3\/\",\"url\":\"https:\/\/unkorce.edu.al\/erasmus-plus-3\/\",\"name\":\"Erasmus+ - Universiteti &quot;Fan S. Noli&quot;, Kor\u00e7\u00eb\",\"isPartOf\":{\"@id\":\"https:\/\/unkorce.edu.al\/#website\"},\"datePublished\":\"2024-07-02T09:37:55+00:00\",\"dateModified\":\"2026-04-15T07:43:04+00:00\",\"breadcrumb\":{\"@id\":\"https:\/\/unkorce.edu.al\/erasmus-plus-3\/#breadcrumb\"},\"inLanguage\":\"en-US\",\"potentialAction\":[{\"@type\":\"ReadAction\",\"target\":[\"https:\/\/unkorce.edu.al\/erasmus-plus-3\/\"]}]},{\"@type\":\"BreadcrumbList\",\"@id\":\"https:\/\/unkorce.edu.al\/erasmus-plus-3\/#breadcrumb\",\"itemListElement\":[{\"@type\":\"ListItem\",\"position\":1,\"name\":\"Home\",\"item\":\"https:\/\/unkorce.edu.al\/\"},{\"@type\":\"ListItem\",\"position\":2,\"name\":\"Erasmus+\"}]},{\"@type\":\"WebSite\",\"@id\":\"https:\/\/unkorce.edu.al\/#website\",\"url\":\"https:\/\/unkorce.edu.al\/\",\"name\":\"Universiteti \\\"Fan S. Noli\\\", Kor\u00e7\u00eb\",\"description\":\"Mir\u00ebsevini n\u00eb faqen zyrtare!\",\"publisher\":{\"@id\":\"https:\/\/unkorce.edu.al\/#organization\"},\"potentialAction\":[{\"@type\":\"SearchAction\",\"target\":{\"@type\":\"EntryPoint\",\"urlTemplate\":\"https:\/\/unkorce.edu.al\/?s={search_term_string}\"},\"query-input\":{\"@type\":\"PropertyValueSpecification\",\"valueRequired\":true,\"valueName\":\"search_term_string\"}}],\"inLanguage\":\"en-US\"},{\"@type\":\"Organization\",\"@id\":\"https:\/\/unkorce.edu.al\/#organization\",\"name\":\"Universiteti \\\"Fan S. Noli\\\", Kor\u00e7\u00eb\",\"url\":\"https:\/\/unkorce.edu.al\/\",\"logo\":{\"@type\":\"ImageObject\",\"inLanguage\":\"en-US\",\"@id\":\"https:\/\/unkorce.edu.al\/#\/schema\/logo\/image\/\",\"url\":\"https:\/\/unkorce.edu.al\/wp-content\/uploads\/2024\/08\/Logo_e_Universitetit__Fan_Noli_-e1726660879862.png\",\"contentUrl\":\"https:\/\/unkorce.edu.al\/wp-content\/uploads\/2024\/08\/Logo_e_Universitetit__Fan_Noli_-e1726660879862.png\",\"width\":200,\"height\":120,\"caption\":\"Universiteti \\\"Fan S. Noli\\\", Kor\u00e7\u00eb\"},\"image\":{\"@id\":\"https:\/\/unkorce.edu.al\/#\/schema\/logo\/image\/\"},\"sameAs\":[\"https:\/\/www.facebook.com\/unkorce\"]}]}<\/script>\n<!-- \/ Yoast SEO plugin. -->","yoast_head_json":{"title":"Erasmus+ - Universiteti &quot;Fan S. Noli&quot;, Kor\u00e7\u00eb","robots":{"index":"index","follow":"follow","max-snippet":"max-snippet:-1","max-image-preview":"max-image-preview:large","max-video-preview":"max-video-preview:-1"},"canonical":"https:\/\/unkorce.edu.al\/en\/erasmus-plus-3\/","og_locale":"en_US","og_type":"article","og_title":"Erasmus+ - Universiteti &quot;Fan S. Noli&quot;, Kor\u00e7\u00eb","og_url":"https:\/\/unkorce.edu.al\/en\/erasmus-plus-3\/","og_site_name":"Universiteti &quot;Fan S. Noli&quot;, Kor\u00e7\u00eb","article_publisher":"https:\/\/www.facebook.com\/unkorce","article_modified_time":"2026-04-15T07:43:04+00:00","twitter_card":"summary_large_image","twitter_misc":{"Est. reading time":"2 minutes"},"schema":{"@context":"https:\/\/schema.org","@graph":[{"@type":"WebPage","@id":"https:\/\/unkorce.edu.al\/erasmus-plus-3\/","url":"https:\/\/unkorce.edu.al\/erasmus-plus-3\/","name":"Erasmus+ - Universiteti &quot;Fan S. Noli&quot;, Kor\u00e7\u00eb","isPartOf":{"@id":"https:\/\/unkorce.edu.al\/#website"},"datePublished":"2024-07-02T09:37:55+00:00","dateModified":"2026-04-15T07:43:04+00:00","breadcrumb":{"@id":"https:\/\/unkorce.edu.al\/erasmus-plus-3\/#breadcrumb"},"inLanguage":"en-US","potentialAction":[{"@type":"ReadAction","target":["https:\/\/unkorce.edu.al\/erasmus-plus-3\/"]}]},{"@type":"BreadcrumbList","@id":"https:\/\/unkorce.edu.al\/erasmus-plus-3\/#breadcrumb","itemListElement":[{"@type":"ListItem","position":1,"name":"Home","item":"https:\/\/unkorce.edu.al\/"},{"@type":"ListItem","position":2,"name":"Erasmus+"}]},{"@type":"WebSite","@id":"https:\/\/unkorce.edu.al\/#website","url":"https:\/\/unkorce.edu.al\/","name":"Universiteti \"Fan S. Noli\", Kor\u00e7\u00eb","description":"Mir\u00ebsevini n\u00eb faqen zyrtare!","publisher":{"@id":"https:\/\/unkorce.edu.al\/#organization"},"potentialAction":[{"@type":"SearchAction","target":{"@type":"EntryPoint","urlTemplate":"https:\/\/unkorce.edu.al\/?s={search_term_string}"},"query-input":{"@type":"PropertyValueSpecification","valueRequired":true,"valueName":"search_term_string"}}],"inLanguage":"en-US"},{"@type":"Organization","@id":"https:\/\/unkorce.edu.al\/#organization","name":"Universiteti \"Fan S. Noli\", Kor\u00e7\u00eb","url":"https:\/\/unkorce.edu.al\/","logo":{"@type":"ImageObject","inLanguage":"en-US","@id":"https:\/\/unkorce.edu.al\/#\/schema\/logo\/image\/","url":"https:\/\/unkorce.edu.al\/wp-content\/uploads\/2024\/08\/Logo_e_Universitetit__Fan_Noli_-e1726660879862.png","contentUrl":"https:\/\/unkorce.edu.al\/wp-content\/uploads\/2024\/08\/Logo_e_Universitetit__Fan_Noli_-e1726660879862.png","width":200,"height":120,"caption":"Universiteti \"Fan S. Noli\", Kor\u00e7\u00eb"},"image":{"@id":"https:\/\/unkorce.edu.al\/#\/schema\/logo\/image\/"},"sameAs":["https:\/\/www.facebook.com\/unkorce"]}]}},"_links":{"self":[{"href":"https:\/\/unkorce.edu.al\/en\/wp-json\/wp\/v2\/pages\/25688","targetHints":{"allow":["GET"]}}],"collection":[{"href":"https:\/\/unkorce.edu.al\/en\/wp-json\/wp\/v2\/pages"}],"about":[{"href":"https:\/\/unkorce.edu.al\/en\/wp-json\/wp\/v2\/types\/page"}],"author":[{"embeddable":true,"href":"https:\/\/unkorce.edu.al\/en\/wp-json\/wp\/v2\/users\/122"}],"replies":[{"embeddable":true,"href":"https:\/\/unkorce.edu.al\/en\/wp-json\/wp\/v2\/comments?post=25688"}],"version-history":[{"count":2,"href":"https:\/\/unkorce.edu.al\/en\/wp-json\/wp\/v2\/pages\/25688\/revisions"}],"predecessor-version":[{"id":36857,"href":"https:\/\/unkorce.edu.al\/en\/wp-json\/wp\/v2\/pages\/25688\/revisions\/36857"}],"wp:attachment":[{"href":"https:\/\/unkorce.edu.al\/en\/wp-json\/wp\/v2\/media?parent=25688"}],"curies":[{"name":"wp","href":"https:\/\/api.w.org\/{rel}","templated":true}]}}