{"id":24043,"date":"2024-04-26T08:50:21","date_gmt":"2024-04-26T08:50:21","guid":{"rendered":"\/?page_id=24043"},"modified":"2024-04-26T08:50:21","modified_gmt":"2024-04-26T08:50:21","slug":"zgjedhjet-uniko","status":"publish","type":"page","link":"https:\/\/unkorce.edu.al\/en\/zgjedhjet-uniko\/","title":{"rendered":"Zgjedhjet Uniko"},"content":{"rendered":"<p><strong><em>Perditesuar: 08\/07\/2024 09:37<\/em><\/strong><\/p>\n\n\n\n<p><a href=\"\/wp-content\/uploads\/2024\/07\/R2-VKIZ-NR-430-8.7.2024-JOFITUESI-DEP-AGB.pdf\">R2 VKIZ NR 430 8.7.2024 JOFITUESI DEP AGB<\/a><\/p>\n\n\n\n<p><a href=\"\/wp-content\/uploads\/2024\/07\/R2-VKIZ-NR-431-8.7.2024-JOFITUESI-DEP-AGU.pdf\">R2 VKIZ NR 431 8.7.2024 JOFITUESI DEP AGU<\/a><\/p>\n\n\n\n<p><a href=\"\/wp-content\/uploads\/2024\/07\/R2-VKIZ-NR-432-8.7.2024-JOFITUESI-DEP-IFMJ.pdf\">R2 VKIZ NR 432 8.7.2024 <\/a><a href=\"\/wp-content\/uploads\/2024\/07\/R2-VKIZ-NR-432-8.7.2024-JOFITUESI-DEP-IFMJ.pdf\">JOFITUESI <\/a><a href=\"\/wp-content\/uploads\/2024\/07\/R2-VKIZ-NR-432-8.7.2024-JOFITUESI-DEP-IFMJ.pdf\">DEP IFMJ<\/a><\/p>\n\n\n\n<p><a href=\"\/wp-content\/uploads\/2024\/07\/VKIZ-NR-419-Shpallja-kantidatet-R2.pdf\">VKIZ NR 419 SHPALLJA KANDIDAT\u00cbT R2<\/a><\/p>\n\n\n\n<p><a href=\"\/wp-content\/uploads\/2024\/06\/VKIZ-NR-389-27.6.2024-FITUESI-REKTOR.pdf\">VKIZ NR 389 27.6.2024 FITUESI REKTOR<\/a><\/p>\n\n\n\n<p><a href=\"\/wp-content\/uploads\/2024\/06\/VKIZ-NR-390-27.6.2024-FITUESIT-SENAT.pdf\">VKIZ NR 390 27.6.2024 FITUESIT SENAT<\/a><\/p>\n\n\n\n<p><a href=\"\/wp-content\/uploads\/2024\/06\/VKIZ-NR-391-27.6.2024-FITUESIT-FB-DEKAN-.pdf\">VKIZ NR 391 27.6.2024 FITUESIT FB DEKAN<\/a><\/p>\n\n\n\n<p><a href=\"\/wp-content\/uploads\/2024\/06\/VKIZ-NR-392-27.6.2024-FITUESIT-FEF-DEKAN-.pdf\">VKIZ NR 392 27.6.2024 FITUESIT FEF DEKAN<\/a><\/p>\n\n\n\n<p><a href=\"\/wp-content\/uploads\/2024\/06\/VKIZ-NR-393-27.6.2024-FITUESIT-FE-DEKAN-.pdf\">VKIZ NR 393 27.6.2024 FITUESIT FE DEKAN<\/a><\/p>\n\n\n\n<p><a href=\"\/wp-content\/uploads\/2024\/06\/VKIZ-NR-394-27.6.2024-FITUESIT-FSHN-DEKAN-.pdf\">VKIZ NR 394 27.6.2024 FITUESIT FSHN DEKAN<\/a><\/p>\n\n\n\n<p><a href=\"\/wp-content\/uploads\/2024\/06\/VKIZ-NR-395-27.6.2024-JOFITUESI-DEP-AGU-.pdf\">VKIZ NR 395 27.6.2024 JOFITUESI DEP AGU<\/a><\/p>\n\n\n\n<p><a href=\"\/wp-content\/uploads\/2024\/06\/VKIZ-NR-396-27.6.2024-FITUESIT-DEP-AGN-.pdf\">VKIZ NR 396 27.6.2024 FITUESIT DEP AGN<\/a><\/p>\n\n\n\n<p><a href=\"\/wp-content\/uploads\/2024\/06\/VKIZ-NR-397-27.6.2024-JOFITUESI-DEP-AGB-.pdf\">VKIZ NR 397 27.6.2024 JOFITUESI DEP AGB<\/a><\/p>\n\n\n\n<p><a href=\"\/wp-content\/uploads\/2024\/06\/VKIZ-NR-398-27.6.2024-FITUESIT-DEP-ED-.pdf\">VKIZ NR 398 27.6.2024 FITUESIT DEP ED<\/a><\/p>\n\n\n\n<p><a href=\"\/wp-content\/uploads\/2024\/06\/VKIZ-NR-399-27.6.2024-FITUESIT-DEP-GJL-.pdf\">VKIZ NR 399 27.6.2024 FITUESIT DEP GJL<\/a><\/p>\n\n\n\n<p><a href=\"\/wp-content\/uploads\/2024\/06\/VKIZ-NR-400-27.6.2024-FITUESIT-DEP-GJA-.pdf\">VKIZ NR 400 27.6.2024 FITUESIT DEP GJA<\/a><\/p>\n\n\n\n<p><a href=\"\/wp-content\/uploads\/2024\/06\/VKIZ-NR-401-27.6.2024-FITUESIT-DEP-HGJ-.pdf\">VKIZ NR 401 27.6.2024 FITUESIT DEP HGJ<\/a><\/p>\n\n\n\n<p><a href=\"\/wp-content\/uploads\/2024\/06\/VKIZ-NR-402-27.6.2024-FITUESIT-DEP-FK-.pdf\">VKIZ NR 402 27.6.2024 FITUESIT DEP FK<\/a><\/p>\n\n\n\n<p><a href=\"\/wp-content\/uploads\/2024\/06\/VKIZ-NR-403-27.6.2024-FITUESIT-DEP-M-.pdf\">VKIZ NR 403 27.6.2024 FITUESIT DEP M<\/a><\/p>\n\n\n\n<p><a href=\"\/wp-content\/uploads\/2024\/06\/VKIZ-NR-404-27.6.2024-FITUESIT-DEP-MT-.pdf\">VKIZ NR 404 27.6.2024 FITUESIT DEP MT<\/a><\/p>\n\n\n\n<p><a href=\"\/wp-content\/uploads\/2024\/06\/VKIZ-NR-405-27.6.2024-JOFITUESI-DEP-INFMJ-.pdf\">VKIZ NR 405 27.6.2024 JOFITUESI DEP INFMJ<\/a><\/p>\n\n\n\n<p><a href=\"\/wp-content\/uploads\/2024\/06\/VKIZ-NR-406-27.6.2024-JOFITUESI-DEP-SHS-.pdf\">VKIZ NR 406 27.6.2024 JOFITUESI DEP SHS<\/a><\/p>\n\n\n\n<p><a href=\"\/wp-content\/uploads\/2024\/06\/VKIZ-NR-407-27.6.2024-FITUESIT-DEP-MF-1-1.pdf\">VKIZ NR 407 27.6.2024 FITUESIT DEP MF<\/a><\/p>\n\n\n\n<p><a href=\"\/wp-content\/uploads\/2024\/06\/VKIZ-NR-407-27.6.2024-FITUESIT-DEP-BK-.pdf\">VKIZ NR 408 27.6.2024 FITUESIT DEP BK<\/a><\/p>\n\n\n\n<p><a href=\"\/wp-content\/uploads\/2024\/06\/VKIZ-NR-409-27.6.2024-FITUESIT-DEP-IFMT-.pdf\">VKIZ NR 409 27.6.2024 FITUESIT DEP IFMT<\/a><\/p>\n\n\n\n<p><a href=\"\/wp-content\/uploads\/2024\/06\/VKIZ-NR-410-27.6.2024-RAUNDI-2-.pdf\">VKIZ NR 410 27.6.2024 RAUNDI 2<\/a><\/p>\n\n\n\n<p><a href=\"\/wp-content\/uploads\/2024\/06\/V-KIZ-NR-332-11.6.2024-miratimi-i-kodeve-dhe-fleteve.pdf\">VENDIM KIZ NR 332 11.6.2024 ,miratimi i kodeve dhe flet\u00ebve<\/a><\/p>\n\n\n\n<p><a href=\"\/wp-content\/uploads\/2024\/06\/V-KIZ-NR-333-11.6.2024-miratimi-i-kodeve-te-vulosjes.pdf\">VENDIM KIZ NR 333 11.6.2024, miratimi i kodeve t\u00eb vulosjes<\/a><\/p>\n\n\n\n<p><a href=\"\/wp-content\/uploads\/2024\/06\/V-KIZ-NR-334-11.6.2024-miratimi-i-vendosjes-se-KQV-ve.pdf\">VENDIM KIZ NR 334 11.6.2024, miratimi i vendosjes s\u00eb KQV-ve<\/a><\/p>\n\n\n\n<p><a href=\"\/wp-content\/uploads\/2024\/06\/UDHEZUES-PER-PROCESIN-ZGJEDHOR-2024.pdf\">UDH\u00cbZUES P\u00cbR PROCESIN ZGJEDHOR 2024<\/a><\/p>\n\n\n\n<p><a href=\"\/wp-content\/uploads\/2024\/06\/V-KIZ-NR-307-DATE-31.5.2024-MIRATIMI-I-UDHEZUESIT.pdf\">VENDIM KIZ NR 307, DAT\u00cb 31.5.2024 MIRATIMI I UDH\u00cbZUESIT<\/a><\/p>\n\n\n\n<p><a href=\"\/wp-content\/uploads\/2024\/05\/V-KZF-KANDIDATET-DEKAN-FB.pdf\">VENDIM KZF KANDIDAT\u00cbT DEKAN FB<\/a><\/p>\n\n\n\n<p><a href=\"\/wp-content\/uploads\/2024\/05\/V-KZF-KANDIDATET-DEKAN-FE.pdf\">VENDIM KZF KANDIDAT\u00cbT DEKAN FE<\/a><\/p>\n\n\n\n<p><a href=\"\/wp-content\/uploads\/2024\/05\/V-KZF-KANDIDATET-DEKAN-FEF.pdf\">VENDIM KZF KANDIDAT\u00cbT DEKAN FEF<\/a><\/p>\n\n\n\n<p><a href=\"\/wp-content\/uploads\/2024\/05\/V-KZF-KANDIDATET-DEKAN-FSHNSHH.pdf\">VENDIM KZF KANDIDAT\u00cbT DEKAN FSHNSHH<\/a><\/p>\n\n\n\n<p><a href=\"\/wp-content\/uploads\/2024\/05\/V-KZF-KANDIDATET-PERGJEGJESIT-E-DEPARTAMENTEVE1.pdf\">VENDIM KZF KANDIDAT\u00cbT P\u00cbRGJEGJ\u00cbSIT E DEPARTAMENTEVE<\/a><\/p>\n\n\n\n<p><a href=\"\/wp-content\/uploads\/2024\/05\/V-KIZ-NR-262-DATE13.5.2024-MIRATIMI-I-LISTES-REKTOR.pdf\">VENDIM KIZ NR 262 DAT\u00cb13.5.2024 MIRATIMI I LIST\u00cbS REKTOR<\/a><\/p>\n\n\n\n<p><a href=\"\/wp-content\/uploads\/2024\/05\/V-KIZ-NR-263-DATE13.5.2024-MIRATIMI-I-LISTES-SENAT-STAF.pdf\">VENDIM KIZ NR 263 DAT\u00cb13.5.2024 MIRATIMI I LIST\u00cbS SENAT STAF<\/a><\/p>\n\n\n\n<p><a href=\"\/wp-content\/uploads\/2024\/05\/V-KIZ-NR-264-DATE13.5.2024-MIRATIMI-I-LISTES-SENAT-STUDENT.pdf\">VENDIM KIZ NR 264 DAT\u00cb13.5.2024 MIRATIMI I LIST\u00cbS SENAT STUDENT<\/a><\/p>\n\n\n\n<p><a href=\"\/wp-content\/uploads\/2024\/05\/V-KIZ-NR-231-DATE-3.5.2024-REGJISTRIMI-I-KANDIDATURAVE.pdf\">VENDIM  KIZ NR 231 DAT\u00cb 3.5.2024 REGJISTRIMI I KANDIDATURAVE<\/a><\/p>\n\n\n\n<p><a href=\"\/wp-content\/uploads\/2024\/05\/V-KIZ-NR-232-DATE-3.5.2024-.pdf\">VENDIM  KIZ NR 232 DAT\u00cb 3.5.2024<\/a><\/p>\n\n\n\n<p><a href=\"\/wp-content\/uploads\/2024\/05\/V-KIZ-NR-158-DATE-9.4.2024-MIRATIMI-I-KZF.pdf\">VENDIM KIZ NR 158 DAT\u00cb 9.4.2024 MIRATIMI I KZF<\/a><\/p>\n\n\n\n<p><a href=\"\/wp-content\/uploads\/2024\/05\/V-KIZ-NR-159-DATE-9.4.2024.pdf\">VENDIM  KIZ NR 159 DAT\u00cb 9.4.2024<\/a><\/p>\n\n\n\n<p><a href=\"\/wp-content\/uploads\/2024\/05\/FORMULAR-VETEDEKLARIMI-UNIKO.pdf\">FORMULAR VET\u00cbDEKLARIMI UNIKO<\/a><\/p>\n\n\n\n<p><a href=\"\/wp-content\/uploads\/2024\/04\/1-1.pdf\">URDH\u00cbR P\u00cbR PROCESIN ZGJEDHOR P\u00cbR AUTORITETET DHE ORGANET DREJTUESE N\u00cb INSTITUCIONET PUBLIKE T\u00cb ARSIMIT T\u00cb LART\u00cb<\/a><\/p>\n\n\n\n<p><a href=\"\/wp-content\/uploads\/2024\/04\/2.pdf\">URDH\u00cbR P\u00cbR SHPALLJEN E FILLIMIT T\u00cb PROCESIT ZGJEDHOR DHE ADAT\u00cbS S\u00cb ZHVILLIMIT T\u00cb ZGJEDHJEVE P\u00cbR ORGANET DHE AUTORIETET DREJTUESE T\u00cb UNIVERSITETIT &#8220;FAN S. NOLI&#8221;, KOR\u00c7\u00cb<\/a><\/p>\n\n\n\n<p><a href=\"\/wp-content\/uploads\/2024\/04\/5.pdf\">NJOFTIM P\u00cbR VET\u00cbKANDIDIM P\u00cbR AN\u00cbTAR T\u00cb KOMISIONIT INSTITUCIONAL ZGJEDHOR DHE AN\u00cbTAR T\u00cb KOMISIONIT T\u00cb APELIMIT<\/a><\/p>\n\n\n\n<p><a href=\"\/wp-content\/uploads\/2024\/04\/7.pdf\">VENDIM P\u00cbR MIRATIMIN E KOMISIONIT INSTITUCIONAL T\u00cb ZGJEDHJEVE<\/a><\/p>\n\n\n\n<p><a href=\"\/wp-content\/uploads\/2024\/04\/8.pdf\">VENDIM P\u00cbR MIRATIMIN E KOMISIONIT T\u00cb APELIMIT<\/a><\/p>\n\n\n\n<p><a href=\"\/wp-content\/uploads\/2024\/04\/9.pdf\">VENDIM P\u00cbR SHPALLJEN E NUMRIT T\u00cb P\u00cbRFAQ\u00cbSUESVE N\u00cb SENATIN AKADEMIK T\u00cb UNVIERSITETIT &#8220;FAN S. NOLI&#8221; KOR\u00c7\u00cb<\/a><\/p>\n\n\n\n<p><a href=\"\/en\/archive\/programi_transparences\/KUADRI%20LIGJOR%20RREGULLATOR\/rregullore\/RREGULLORE%20P\u00cbR%20ORGANIZIMIN%20E%20ZGJEDHJEVE%20P\u00cbR%20AUTORITETET%20DHE%20ORGANET%20DREJTUESE%20N\u00cb%20UNIKO.pdf\/\">RREGULLORE P\u00cbR ORGANIZIMIN E ZGJEDHJEVE P\u00cbR AUTORITET DHE ORGANET DREJTUESE N\u00cb UNIKO<\/a><\/p>","protected":false},"excerpt":{"rendered":"<p>Perditesuar: 08\/07\/2024 09:37 R2 VKIZ NR 430 8.7.2024 JOFITUESI DEP AGB R2 VKIZ NR 431 8.7.2024 JOFITUESI DEP AGU R2 VKIZ NR 432 8.7.2024 JOFITUESI DEP IFMJ VKIZ NR 419 SHPALLJA KANDIDAT\u00cbT R2 VKIZ NR 389 27.6.2024 FITUESI REKTOR VKIZ NR 390 27.6.2024 FITUESIT SENAT VKIZ NR 391 27.6.2024 FITUESIT FB DEKAN VKIZ NR 392&#8230;<\/p>","protected":false},"author":122,"featured_media":0,"parent":0,"menu_order":0,"comment_status":"closed","ping_status":"closed","template":"","meta":{"_acf_changed":false,"footnotes":""},"class_list":["post-24043","page","type-page","status-publish","hentry"],"acf":[],"yoast_head":"<!-- This site is optimized with the Yoast SEO plugin v26.9 - https:\/\/yoast.com\/product\/yoast-seo-wordpress\/ -->\n<title>Zgjedhjet Uniko - Universiteti &quot;Fan S. Noli&quot;, Kor\u00e7\u00eb<\/title>\n<meta name=\"robots\" content=\"index, follow, max-snippet:-1, max-image-preview:large, max-video-preview:-1\" \/>\n<link rel=\"canonical\" href=\"https:\/\/unkorce.edu.al\/en\/zgjedhjet-uniko\/\" \/>\n<meta property=\"og:locale\" content=\"en_US\" \/>\n<meta property=\"og:type\" content=\"article\" \/>\n<meta property=\"og:title\" content=\"Zgjedhjet Uniko - Universiteti &quot;Fan S. Noli&quot;, Kor\u00e7\u00eb\" \/>\n<meta property=\"og:description\" content=\"Perditesuar: 08\/07\/2024 09:37 R2 VKIZ NR 430 8.7.2024 JOFITUESI DEP AGB R2 VKIZ NR 431 8.7.2024 JOFITUESI DEP AGU R2 VKIZ NR 432 8.7.2024 JOFITUESI DEP IFMJ VKIZ NR 419 SHPALLJA KANDIDAT\u00cbT R2 VKIZ NR 389 27.6.2024 FITUESI REKTOR VKIZ NR 390 27.6.2024 FITUESIT SENAT VKIZ NR 391 27.6.2024 FITUESIT FB DEKAN VKIZ NR 392...\" \/>\n<meta property=\"og:url\" content=\"https:\/\/unkorce.edu.al\/en\/zgjedhjet-uniko\/\" \/>\n<meta property=\"og:site_name\" content=\"Universiteti &quot;Fan S. Noli&quot;, Kor\u00e7\u00eb\" \/>\n<meta property=\"article:publisher\" content=\"https:\/\/www.facebook.com\/unkorce\" \/>\n<meta name=\"twitter:card\" content=\"summary_large_image\" \/>\n<meta name=\"twitter:label1\" content=\"Est. reading time\" \/>\n\t<meta name=\"twitter:data1\" content=\"2 minutes\" \/>\n<script type=\"application\/ld+json\" class=\"yoast-schema-graph\">{\"@context\":\"https:\/\/schema.org\",\"@graph\":[{\"@type\":\"WebPage\",\"@id\":\"https:\/\/unkorce.edu.al\/zgjedhjet-uniko\/\",\"url\":\"https:\/\/unkorce.edu.al\/zgjedhjet-uniko\/\",\"name\":\"Zgjedhjet Uniko - Universiteti \\\"Fan S. Noli\\\", Kor\u00e7\u00eb\",\"isPartOf\":{\"@id\":\"https:\/\/unkorce.edu.al\/#website\"},\"datePublished\":\"2024-04-26T08:50:21+00:00\",\"breadcrumb\":{\"@id\":\"https:\/\/unkorce.edu.al\/zgjedhjet-uniko\/#breadcrumb\"},\"inLanguage\":\"en-US\",\"potentialAction\":[{\"@type\":\"ReadAction\",\"target\":[\"https:\/\/unkorce.edu.al\/zgjedhjet-uniko\/\"]}]},{\"@type\":\"BreadcrumbList\",\"@id\":\"https:\/\/unkorce.edu.al\/zgjedhjet-uniko\/#breadcrumb\",\"itemListElement\":[{\"@type\":\"ListItem\",\"position\":1,\"name\":\"Home\",\"item\":\"https:\/\/unkorce.edu.al\/\"},{\"@type\":\"ListItem\",\"position\":2,\"name\":\"Zgjedhjet Uniko\"}]},{\"@type\":\"WebSite\",\"@id\":\"https:\/\/unkorce.edu.al\/#website\",\"url\":\"https:\/\/unkorce.edu.al\/\",\"name\":\"Universiteti \\\"Fan S. Noli\\\", Kor\u00e7\u00eb\",\"description\":\"Mir&euml;sevini n&euml; faqen zyrtare!\",\"publisher\":{\"@id\":\"https:\/\/unkorce.edu.al\/#organization\"},\"potentialAction\":[{\"@type\":\"SearchAction\",\"target\":{\"@type\":\"EntryPoint\",\"urlTemplate\":\"https:\/\/unkorce.edu.al\/?s={search_term_string}\"},\"query-input\":{\"@type\":\"PropertyValueSpecification\",\"valueRequired\":true,\"valueName\":\"search_term_string\"}}],\"inLanguage\":\"en-US\"},{\"@type\":\"Organization\",\"@id\":\"https:\/\/unkorce.edu.al\/#organization\",\"name\":\"Universiteti \\\"Fan S. Noli\\\", Kor\u00e7\u00eb\",\"url\":\"https:\/\/unkorce.edu.al\/\",\"logo\":{\"@type\":\"ImageObject\",\"inLanguage\":\"en-US\",\"@id\":\"https:\/\/unkorce.edu.al\/#\/schema\/logo\/image\/\",\"url\":\"https:\/\/unkorce.edu.al\/wp-content\/uploads\/2024\/08\/Logo_e_Universitetit__Fan_Noli_-e1726660879862.png\",\"contentUrl\":\"https:\/\/unkorce.edu.al\/wp-content\/uploads\/2024\/08\/Logo_e_Universitetit__Fan_Noli_-e1726660879862.png\",\"width\":200,\"height\":120,\"caption\":\"Universiteti \\\"Fan S. Noli\\\", Kor\u00e7\u00eb\"},\"image\":{\"@id\":\"https:\/\/unkorce.edu.al\/#\/schema\/logo\/image\/\"},\"sameAs\":[\"https:\/\/www.facebook.com\/unkorce\"]}]}<\/script>\n<!-- \/ Yoast SEO plugin. -->","yoast_head_json":{"title":"Zgjedhjet Uniko - Universiteti \"Fan S. Noli\", Kor\u00e7\u00eb","robots":{"index":"index","follow":"follow","max-snippet":"max-snippet:-1","max-image-preview":"max-image-preview:large","max-video-preview":"max-video-preview:-1"},"canonical":"https:\/\/unkorce.edu.al\/en\/zgjedhjet-uniko\/","og_locale":"en_US","og_type":"article","og_title":"Zgjedhjet Uniko - Universiteti \"Fan S. Noli\", Kor\u00e7\u00eb","og_description":"Perditesuar: 08\/07\/2024 09:37 R2 VKIZ NR 430 8.7.2024 JOFITUESI DEP AGB R2 VKIZ NR 431 8.7.2024 JOFITUESI DEP AGU R2 VKIZ NR 432 8.7.2024 JOFITUESI DEP IFMJ VKIZ NR 419 SHPALLJA KANDIDAT\u00cbT R2 VKIZ NR 389 27.6.2024 FITUESI REKTOR VKIZ NR 390 27.6.2024 FITUESIT SENAT VKIZ NR 391 27.6.2024 FITUESIT FB DEKAN VKIZ NR 392...","og_url":"https:\/\/unkorce.edu.al\/en\/zgjedhjet-uniko\/","og_site_name":"Universiteti \"Fan S. Noli\", Kor\u00e7\u00eb","article_publisher":"https:\/\/www.facebook.com\/unkorce","twitter_card":"summary_large_image","twitter_misc":{"Est. reading time":"2 minutes"},"schema":{"@context":"https:\/\/schema.org","@graph":[{"@type":"WebPage","@id":"https:\/\/unkorce.edu.al\/zgjedhjet-uniko\/","url":"https:\/\/unkorce.edu.al\/zgjedhjet-uniko\/","name":"Zgjedhjet Uniko - Universiteti \"Fan S. Noli\", Kor\u00e7\u00eb","isPartOf":{"@id":"https:\/\/unkorce.edu.al\/#website"},"datePublished":"2024-04-26T08:50:21+00:00","breadcrumb":{"@id":"https:\/\/unkorce.edu.al\/zgjedhjet-uniko\/#breadcrumb"},"inLanguage":"en-US","potentialAction":[{"@type":"ReadAction","target":["https:\/\/unkorce.edu.al\/zgjedhjet-uniko\/"]}]},{"@type":"BreadcrumbList","@id":"https:\/\/unkorce.edu.al\/zgjedhjet-uniko\/#breadcrumb","itemListElement":[{"@type":"ListItem","position":1,"name":"Home","item":"https:\/\/unkorce.edu.al\/"},{"@type":"ListItem","position":2,"name":"Zgjedhjet Uniko"}]},{"@type":"WebSite","@id":"https:\/\/unkorce.edu.al\/#website","url":"https:\/\/unkorce.edu.al\/","name":"Universiteti \"Fan S. Noli\", Kor\u00e7\u00eb","description":"Mir&euml;sevini n&euml; faqen zyrtare!","publisher":{"@id":"https:\/\/unkorce.edu.al\/#organization"},"potentialAction":[{"@type":"SearchAction","target":{"@type":"EntryPoint","urlTemplate":"https:\/\/unkorce.edu.al\/?s={search_term_string}"},"query-input":{"@type":"PropertyValueSpecification","valueRequired":true,"valueName":"search_term_string"}}],"inLanguage":"en-US"},{"@type":"Organization","@id":"https:\/\/unkorce.edu.al\/#organization","name":"Universiteti \"Fan S. Noli\", Kor\u00e7\u00eb","url":"https:\/\/unkorce.edu.al\/","logo":{"@type":"ImageObject","inLanguage":"en-US","@id":"https:\/\/unkorce.edu.al\/#\/schema\/logo\/image\/","url":"https:\/\/unkorce.edu.al\/wp-content\/uploads\/2024\/08\/Logo_e_Universitetit__Fan_Noli_-e1726660879862.png","contentUrl":"https:\/\/unkorce.edu.al\/wp-content\/uploads\/2024\/08\/Logo_e_Universitetit__Fan_Noli_-e1726660879862.png","width":200,"height":120,"caption":"Universiteti \"Fan S. Noli\", Kor\u00e7\u00eb"},"image":{"@id":"https:\/\/unkorce.edu.al\/#\/schema\/logo\/image\/"},"sameAs":["https:\/\/www.facebook.com\/unkorce"]}]}},"_links":{"self":[{"href":"https:\/\/unkorce.edu.al\/en\/wp-json\/wp\/v2\/pages\/24043","targetHints":{"allow":["GET"]}}],"collection":[{"href":"https:\/\/unkorce.edu.al\/en\/wp-json\/wp\/v2\/pages"}],"about":[{"href":"https:\/\/unkorce.edu.al\/en\/wp-json\/wp\/v2\/types\/page"}],"author":[{"embeddable":true,"href":"https:\/\/unkorce.edu.al\/en\/wp-json\/wp\/v2\/users\/122"}],"replies":[{"embeddable":true,"href":"https:\/\/unkorce.edu.al\/en\/wp-json\/wp\/v2\/comments?post=24043"}],"version-history":[{"count":0,"href":"https:\/\/unkorce.edu.al\/en\/wp-json\/wp\/v2\/pages\/24043\/revisions"}],"wp:attachment":[{"href":"https:\/\/unkorce.edu.al\/en\/wp-json\/wp\/v2\/media?parent=24043"}],"curies":[{"name":"wp","href":"https:\/\/api.w.org\/{rel}","templated":true}]}}