{"id":23503,"date":"2024-04-05T07:18:02","date_gmt":"2024-04-05T07:18:02","guid":{"rendered":"https:\/\/unkorce.edu.al\/?page_id=23503"},"modified":"2024-04-05T07:18:02","modified_gmt":"2024-04-05T07:18:02","slug":"marreveshje-nder-institucionale","status":"publish","type":"page","link":"https:\/\/unkorce.edu.al\/en\/marreveshje-nder-institucionale\/","title":{"rendered":"Marr\u00ebveshje Nd\u00ebr-Institucionale"},"content":{"rendered":"<figure class=\"wp-block-table is-style-stripes has-medium-font-size\"><table class=\"has-black-color has-white-background-color has-text-color has-background has-link-color\"><thead><tr><th><strong>No.<\/strong><\/th><th><strong>UNIVERSITETI<\/strong> <strong>&nbsp;<\/strong><\/th><th><strong>PERIUDHA<\/strong><\/th><\/tr><\/thead><tbody><tr><td>&nbsp;<strong>1<\/strong><\/td><td>Aristotle University&nbsp; of Thessaloniki, Greqi &nbsp;<\/td><td>2023-2026<\/td><\/tr><tr><td>&nbsp;2<\/td><td>International Hellenic University, Greqi &nbsp;<\/td><td>2021-2027<\/td><\/tr><tr><td>&nbsp;3<\/td><td>University of Macedonia, Greqi &nbsp;<\/td><td>2021-2027<\/td><\/tr><tr><td>&nbsp;4<\/td><td>University of Thessaly, Greqi &nbsp;<\/td><td>2021-2027<\/td><\/tr><tr><td>&nbsp;5<\/td><td>University of Panteion, Greqi<\/td><td>2021-2027<\/td><\/tr><tr><td>&nbsp;6<\/td><td>\u201cAlexandru Ioan Cuza\u201d, Iasi, Rumani &nbsp;<\/td><td>2021-2027<\/td><\/tr><tr><td>&nbsp;7<\/td><td>Ovidius University of Constanta, Rumani &nbsp;<\/td><td>2021-2027<\/td><\/tr><tr><td>&nbsp;8<\/td><td>University of Bucharest, Rumani &nbsp;<\/td><td>2021-2027<\/td><\/tr><tr><td>&nbsp;9<\/td><td>Agriculture University of Plovdiv, Bullgari &nbsp;<\/td><td>2021-2027<\/td><\/tr><tr><td>&nbsp;10<\/td><td>St.Cyril and St.Methodius University, Bullgari &nbsp;<\/td><td>2021-2027<\/td><\/tr><tr><td>&nbsp;11<\/td><td><a href=\"http:\/\/en.swu.bg\/\">South-West University &#8220;Neofit Rilski&#8221;, Bullgari<\/a> &nbsp;<\/td><td>2021-2027<\/td><\/tr><tr><td>&nbsp;12<\/td><td><a href=\"https:\/\/www.ue-varna.bg\/en\/\">University of Economics \u2013 Varna, Bullgari<\/a> &nbsp;<\/td><td>2023-2023<\/td><\/tr><tr><td>&nbsp;13<\/td><td>Academy of Applied Sciences Belgrade, Serbi<\/td><td>2014-2023<\/td><\/tr><tr><td>&nbsp;14<\/td><td>University of Salento, Itali &nbsp;<\/td><td>2021-2027<\/td><\/tr><tr><td>&nbsp;15<\/td><td>University of Bologna, Itali<\/td><td>2021-2027 &nbsp;<\/td><\/tr><tr><td>&nbsp;16<\/td><td>University for Foreigners of Perugia, Itali<\/td><td>2021-2027 &nbsp;<\/td><\/tr><tr><td>&nbsp;17<\/td><td>University of Palermo, Itali<\/td><td>2021-2027 &nbsp;<\/td><\/tr><tr><td>&nbsp;18<\/td><td>University of Piemonte Orientale, Itali<\/td><td>2021-2027<\/td><\/tr><tr><td>&nbsp;19<\/td><td>Youzgag Bozok University, Turqi &nbsp;<\/td><td>2021-2029<\/td><\/tr><tr><td>&nbsp;20<\/td><td>Eskisehir Osmangazi, Turqi<\/td><td>2021-2029 &nbsp;<\/td><\/tr><tr><td>&nbsp;21<\/td><td>University of Orelans, Franc\u00eb <br><a href=\"\/en\/sites\/default\/D\u00e9marche_Mission_MIC_Albanie_STT_STA.pdf\/\">&#8211; Teaching\/Training Mobility\u00a0(PDF)<\/a><\/td><td>2021-2026<\/td><\/tr><tr><td>&nbsp;22<\/td><td>Daugvapils University, Letoni &nbsp;<\/td><td>2021-2027<\/td><\/tr><tr><td>&nbsp;23<\/td><td>University of Vidzdeme, Letoni &nbsp;<\/td><td>2021-2027<\/td><\/tr><tr><td>&nbsp;24<\/td><td>Estonian University of Life Sciences, Estoni &nbsp;<\/td><td>2021-2027<\/td><\/tr><\/tbody><\/table><\/figure>","protected":false},"excerpt":{"rendered":"<p>No. UNIVERSITETI &nbsp; PERIUDHA &nbsp;1 Aristotle University&nbsp; of Thessaloniki, Greqi &nbsp; 2023-2026 &nbsp;2 International Hellenic University, Greqi &nbsp; 2021-2027 &nbsp;3 University of Macedonia, Greqi &nbsp; 2021-2027 &nbsp;4 University of Thessaly, Greqi &nbsp; 2021-2027 &nbsp;5 University of Panteion, Greqi 2021-2027 &nbsp;6 \u201cAlexandru Ioan Cuza\u201d, Iasi, Rumani &nbsp; 2021-2027 &nbsp;7 Ovidius University of Constanta, Rumani &nbsp; 2021-2027&#8230;<\/p>","protected":false},"author":122,"featured_media":0,"parent":0,"menu_order":0,"comment_status":"closed","ping_status":"closed","template":"","meta":{"_acf_changed":false,"footnotes":""},"class_list":["post-23503","page","type-page","status-publish","hentry"],"acf":[],"yoast_head":"<!-- This site is optimized with the Yoast SEO plugin v26.9 - https:\/\/yoast.com\/product\/yoast-seo-wordpress\/ -->\n<title>Marr\u00ebveshje Nd\u00ebr-Institucionale - Universiteti &quot;Fan S. Noli&quot;, Kor\u00e7\u00eb<\/title>\n<meta name=\"robots\" content=\"index, follow, max-snippet:-1, max-image-preview:large, max-video-preview:-1\" \/>\n<link rel=\"canonical\" href=\"https:\/\/unkorce.edu.al\/en\/marreveshje-nder-institucionale\/\" \/>\n<meta property=\"og:locale\" content=\"en_US\" \/>\n<meta property=\"og:type\" content=\"article\" \/>\n<meta property=\"og:title\" content=\"Marr\u00ebveshje Nd\u00ebr-Institucionale - Universiteti &quot;Fan S. Noli&quot;, Kor\u00e7\u00eb\" \/>\n<meta property=\"og:description\" content=\"No. UNIVERSITETI &nbsp; PERIUDHA &nbsp;1 Aristotle University&nbsp; of Thessaloniki, Greqi &nbsp; 2023-2026 &nbsp;2 International Hellenic University, Greqi &nbsp; 2021-2027 &nbsp;3 University of Macedonia, Greqi &nbsp; 2021-2027 &nbsp;4 University of Thessaly, Greqi &nbsp; 2021-2027 &nbsp;5 University of Panteion, Greqi 2021-2027 &nbsp;6 \u201cAlexandru Ioan Cuza\u201d, Iasi, Rumani &nbsp; 2021-2027 &nbsp;7 Ovidius University of Constanta, Rumani &nbsp; 2021-2027...\" \/>\n<meta property=\"og:url\" content=\"https:\/\/unkorce.edu.al\/en\/marreveshje-nder-institucionale\/\" \/>\n<meta property=\"og:site_name\" content=\"Universiteti &quot;Fan S. Noli&quot;, Kor\u00e7\u00eb\" \/>\n<meta property=\"article:publisher\" content=\"https:\/\/www.facebook.com\/unkorce\" \/>\n<meta name=\"twitter:card\" content=\"summary_large_image\" \/>\n<meta name=\"twitter:label1\" content=\"Est. reading time\" \/>\n\t<meta name=\"twitter:data1\" content=\"1 minute\" \/>\n<script type=\"application\/ld+json\" class=\"yoast-schema-graph\">{\"@context\":\"https:\/\/schema.org\",\"@graph\":[{\"@type\":\"WebPage\",\"@id\":\"https:\/\/unkorce.edu.al\/marreveshje-nder-institucionale\/\",\"url\":\"https:\/\/unkorce.edu.al\/marreveshje-nder-institucionale\/\",\"name\":\"Marr\u00ebveshje Nd\u00ebr-Institucionale - Universiteti \\\"Fan S. Noli\\\", Kor\u00e7\u00eb\",\"isPartOf\":{\"@id\":\"https:\/\/unkorce.edu.al\/#website\"},\"datePublished\":\"2024-04-05T07:18:02+00:00\",\"breadcrumb\":{\"@id\":\"https:\/\/unkorce.edu.al\/marreveshje-nder-institucionale\/#breadcrumb\"},\"inLanguage\":\"en-US\",\"potentialAction\":[{\"@type\":\"ReadAction\",\"target\":[\"https:\/\/unkorce.edu.al\/marreveshje-nder-institucionale\/\"]}]},{\"@type\":\"BreadcrumbList\",\"@id\":\"https:\/\/unkorce.edu.al\/marreveshje-nder-institucionale\/#breadcrumb\",\"itemListElement\":[{\"@type\":\"ListItem\",\"position\":1,\"name\":\"Home\",\"item\":\"https:\/\/unkorce.edu.al\/\"},{\"@type\":\"ListItem\",\"position\":2,\"name\":\"Marr\u00ebveshje Nd\u00ebr-Institucionale\"}]},{\"@type\":\"WebSite\",\"@id\":\"https:\/\/unkorce.edu.al\/#website\",\"url\":\"https:\/\/unkorce.edu.al\/\",\"name\":\"Universiteti \\\"Fan S. Noli\\\", Kor\u00e7\u00eb\",\"description\":\"Mir&euml;sevini n&euml; faqen zyrtare!\",\"publisher\":{\"@id\":\"https:\/\/unkorce.edu.al\/#organization\"},\"potentialAction\":[{\"@type\":\"SearchAction\",\"target\":{\"@type\":\"EntryPoint\",\"urlTemplate\":\"https:\/\/unkorce.edu.al\/?s={search_term_string}\"},\"query-input\":{\"@type\":\"PropertyValueSpecification\",\"valueRequired\":true,\"valueName\":\"search_term_string\"}}],\"inLanguage\":\"en-US\"},{\"@type\":\"Organization\",\"@id\":\"https:\/\/unkorce.edu.al\/#organization\",\"name\":\"Universiteti \\\"Fan S. Noli\\\", Kor\u00e7\u00eb\",\"url\":\"https:\/\/unkorce.edu.al\/\",\"logo\":{\"@type\":\"ImageObject\",\"inLanguage\":\"en-US\",\"@id\":\"https:\/\/unkorce.edu.al\/#\/schema\/logo\/image\/\",\"url\":\"https:\/\/unkorce.edu.al\/wp-content\/uploads\/2024\/08\/Logo_e_Universitetit__Fan_Noli_-e1726660879862.png\",\"contentUrl\":\"https:\/\/unkorce.edu.al\/wp-content\/uploads\/2024\/08\/Logo_e_Universitetit__Fan_Noli_-e1726660879862.png\",\"width\":200,\"height\":120,\"caption\":\"Universiteti \\\"Fan S. Noli\\\", Kor\u00e7\u00eb\"},\"image\":{\"@id\":\"https:\/\/unkorce.edu.al\/#\/schema\/logo\/image\/\"},\"sameAs\":[\"https:\/\/www.facebook.com\/unkorce\"]}]}<\/script>\n<!-- \/ Yoast SEO plugin. -->","yoast_head_json":{"title":"Marr\u00ebveshje Nd\u00ebr-Institucionale - Universiteti \"Fan S. Noli\", Kor\u00e7\u00eb","robots":{"index":"index","follow":"follow","max-snippet":"max-snippet:-1","max-image-preview":"max-image-preview:large","max-video-preview":"max-video-preview:-1"},"canonical":"https:\/\/unkorce.edu.al\/en\/marreveshje-nder-institucionale\/","og_locale":"en_US","og_type":"article","og_title":"Marr\u00ebveshje Nd\u00ebr-Institucionale - Universiteti \"Fan S. Noli\", Kor\u00e7\u00eb","og_description":"No. UNIVERSITETI &nbsp; PERIUDHA &nbsp;1 Aristotle University&nbsp; of Thessaloniki, Greqi &nbsp; 2023-2026 &nbsp;2 International Hellenic University, Greqi &nbsp; 2021-2027 &nbsp;3 University of Macedonia, Greqi &nbsp; 2021-2027 &nbsp;4 University of Thessaly, Greqi &nbsp; 2021-2027 &nbsp;5 University of Panteion, Greqi 2021-2027 &nbsp;6 \u201cAlexandru Ioan Cuza\u201d, Iasi, Rumani &nbsp; 2021-2027 &nbsp;7 Ovidius University of Constanta, Rumani &nbsp; 2021-2027...","og_url":"https:\/\/unkorce.edu.al\/en\/marreveshje-nder-institucionale\/","og_site_name":"Universiteti \"Fan S. Noli\", Kor\u00e7\u00eb","article_publisher":"https:\/\/www.facebook.com\/unkorce","twitter_card":"summary_large_image","twitter_misc":{"Est. reading time":"1 minute"},"schema":{"@context":"https:\/\/schema.org","@graph":[{"@type":"WebPage","@id":"https:\/\/unkorce.edu.al\/marreveshje-nder-institucionale\/","url":"https:\/\/unkorce.edu.al\/marreveshje-nder-institucionale\/","name":"Marr\u00ebveshje Nd\u00ebr-Institucionale - Universiteti \"Fan S. Noli\", Kor\u00e7\u00eb","isPartOf":{"@id":"https:\/\/unkorce.edu.al\/#website"},"datePublished":"2024-04-05T07:18:02+00:00","breadcrumb":{"@id":"https:\/\/unkorce.edu.al\/marreveshje-nder-institucionale\/#breadcrumb"},"inLanguage":"en-US","potentialAction":[{"@type":"ReadAction","target":["https:\/\/unkorce.edu.al\/marreveshje-nder-institucionale\/"]}]},{"@type":"BreadcrumbList","@id":"https:\/\/unkorce.edu.al\/marreveshje-nder-institucionale\/#breadcrumb","itemListElement":[{"@type":"ListItem","position":1,"name":"Home","item":"https:\/\/unkorce.edu.al\/"},{"@type":"ListItem","position":2,"name":"Marr\u00ebveshje Nd\u00ebr-Institucionale"}]},{"@type":"WebSite","@id":"https:\/\/unkorce.edu.al\/#website","url":"https:\/\/unkorce.edu.al\/","name":"Universiteti \"Fan S. Noli\", Kor\u00e7\u00eb","description":"Mir&euml;sevini n&euml; faqen zyrtare!","publisher":{"@id":"https:\/\/unkorce.edu.al\/#organization"},"potentialAction":[{"@type":"SearchAction","target":{"@type":"EntryPoint","urlTemplate":"https:\/\/unkorce.edu.al\/?s={search_term_string}"},"query-input":{"@type":"PropertyValueSpecification","valueRequired":true,"valueName":"search_term_string"}}],"inLanguage":"en-US"},{"@type":"Organization","@id":"https:\/\/unkorce.edu.al\/#organization","name":"Universiteti \"Fan S. Noli\", Kor\u00e7\u00eb","url":"https:\/\/unkorce.edu.al\/","logo":{"@type":"ImageObject","inLanguage":"en-US","@id":"https:\/\/unkorce.edu.al\/#\/schema\/logo\/image\/","url":"https:\/\/unkorce.edu.al\/wp-content\/uploads\/2024\/08\/Logo_e_Universitetit__Fan_Noli_-e1726660879862.png","contentUrl":"https:\/\/unkorce.edu.al\/wp-content\/uploads\/2024\/08\/Logo_e_Universitetit__Fan_Noli_-e1726660879862.png","width":200,"height":120,"caption":"Universiteti \"Fan S. Noli\", Kor\u00e7\u00eb"},"image":{"@id":"https:\/\/unkorce.edu.al\/#\/schema\/logo\/image\/"},"sameAs":["https:\/\/www.facebook.com\/unkorce"]}]}},"_links":{"self":[{"href":"https:\/\/unkorce.edu.al\/en\/wp-json\/wp\/v2\/pages\/23503","targetHints":{"allow":["GET"]}}],"collection":[{"href":"https:\/\/unkorce.edu.al\/en\/wp-json\/wp\/v2\/pages"}],"about":[{"href":"https:\/\/unkorce.edu.al\/en\/wp-json\/wp\/v2\/types\/page"}],"author":[{"embeddable":true,"href":"https:\/\/unkorce.edu.al\/en\/wp-json\/wp\/v2\/users\/122"}],"replies":[{"embeddable":true,"href":"https:\/\/unkorce.edu.al\/en\/wp-json\/wp\/v2\/comments?post=23503"}],"version-history":[{"count":0,"href":"https:\/\/unkorce.edu.al\/en\/wp-json\/wp\/v2\/pages\/23503\/revisions"}],"wp:attachment":[{"href":"https:\/\/unkorce.edu.al\/en\/wp-json\/wp\/v2\/media?parent=23503"}],"curies":[{"name":"wp","href":"https:\/\/api.w.org\/{rel}","templated":true}]}}