{"id":20245,"date":"2023-10-04T10:25:58","date_gmt":"2023-10-04T10:25:58","guid":{"rendered":"\/?page_id=20245"},"modified":"2023-10-04T10:25:58","modified_gmt":"2023-10-04T10:25:58","slug":"njoftim-per-hapjen-e-programit-susi-per-studentet-nga-ambasada-e-shba-ve","status":"publish","type":"page","link":"https:\/\/unkorce.edu.al\/en\/njoftim-per-hapjen-e-programit-susi-per-studentet-nga-ambasada-e-shba-ve\/","title":{"rendered":"NJOFTIM P\u00cbR HAPJEN E PROGRAMIT \u201cSUSI\u201d P\u00cbR STUDENT\u00cbT NGA AMBASADA E SHBA-VE"},"content":{"rendered":"<figure class=\"wp-block-image size-large\"><img decoding=\"async\" src=\"\/wp-content\/uploads\/2023\/10\/SUSI-1024x427.png\" alt=\"\" class=\"wp-image-20246\"\/><\/figure>\n\n\n\n<p>Programi SUSI p\u00ebr STUDENT\u00cbT \u00ebsht\u00eb nj\u00eb program intensiv akademik afatshkurt\u00ebr, q\u00ebllimi i t\u00eb cilit \u00ebsht\u00eb t&#8217;u siguroj\u00eb student\u00ebve n\u00eb universitet njohje m\u00eb t\u00eb zgjeruar t\u00eb Shteteve t\u00eb Bashkuara, duke rritur nj\u00ebkoh\u00ebsisht aft\u00ebsit\u00eb drejtuese tek k\u00ebta t\u00eb fundit.<\/p>\n\n\n\n<p>Kandidat\u00ebt e interesuar duhet t\u00eb jen\u00eb nga fushat e gazetaris\u00eb, gjeografis\u00eb, shkencave t\u00eb natyr\u00ebs.<\/p>\n\n\n\n<p>Programet do t\u00eb jen\u00eb t\u00eb fokusuara n\u00eb fushat e gazetaris\u00eb\/ media dhe \u00e7\u00ebshtjeve t\u00eb mjedisit. &nbsp;<\/p>\n\n\n\n<p>Kandidat\u00ebt e interesuar p\u00ebr k\u00ebt\u00eb program duhet:<\/p>\n\n\n\n<ul class=\"wp-block-list\">\n<li>T\u00eb jen\u00eb t\u00eb aft\u00eb n\u00eb gjuh\u00ebn angleze;<\/li>\n\n\n\n<li>T\u00eb jen\u00eb midis mosh\u00eb 18 dhe 25 vje\u00e7;<\/li>\n\n\n\n<li>T\u00eb ken\u00eb t\u00eb pakt\u00ebn nj\u00eb semest\u00ebr t\u00eb mbetur nga studimet e tyre universitare, dhe p\u00ebr k\u00ebt\u00eb arsye t\u00eb jen\u00eb t\u00eb p\u00ebrkushtuar p\u00ebr t&#8217;u kthyer n\u00eb universitetet e tyre n\u00eb vijim t\u00eb p\u00ebrfundimit t\u00eb programit;<\/li>\n\n\n\n<li>T\u00eb demonstrojn\u00eb aft\u00ebsi t\u00eb forta lidershipi n\u00eb aktivitetet e tyre universitare dhe komunitare;<\/li>\n\n\n\n<li>T\u00eb tregojn\u00eb nj\u00eb interes p\u00ebr t\u00eb m\u00ebsuar rreth Shteteve t\u00eb Bashkuara t\u00eb Amerik\u00ebs;<\/li>\n\n\n\n<li>T\u00eb ken\u00eb nj\u00eb nivel t\u00eb lart\u00eb t\u00eb q\u00ebndruesh\u00ebm t\u00eb arritjeve akademike, si\u00e7 tregohet nga notat, \u00e7mimet dhe rekomandimet e stafit akademik;<\/li>\n\n\n\n<li>T\u00eb jen\u00eb t\u00eb gatsh\u00ebm p\u00ebr t\u00eb marr\u00eb pjes\u00eb plot\u00ebsisht n\u00eb nj\u00eb program intensiv akademik, t\u00eb jet\u00eb t\u00eb gatsh\u00ebm p\u00ebr sh\u00ebrbim n\u00eb komunitet si edhe t\u00eb kryejn\u00eb udh\u00ebtime arsimore;<\/li>\n\n\n\n<li>T\u00eb jen\u00eb t\u00eb gatsh\u00ebm me jet\u00ebn n\u00eb kampus, t\u00eb jen\u00eb t\u00eb p\u00ebrgatitur p\u00ebr t\u00eb ndar\u00eb mjedisin e akomodimit dhe n\u00eb gjendje t\u00eb bashk\u00ebveprojn\u00eb p\u00ebrmes praktikave kulturore dhe sociale t\u00eb ndryshme nga ato t\u00eb vendit t\u00eb tyre.<\/li>\n<\/ul>\n\n\n\n<p>KUJDES: Student\u00ebt e vitit t\u00eb par\u00eb dhe t\u00eb dyt\u00eb bachelor jan\u00eb m\u00eb t\u00eb p\u00ebrshtatshmit p\u00ebr k\u00ebt\u00eb program.<\/p>\n\n\n\n<p>Afati i fundit i aplikimeve: 12 nentor 2023<\/p>\n\n\n\n<p>P\u00ebr m\u00eb shum\u00eb informacioni klikoni linkun: <a href=\"https:\/\/al.usembassy.gov\/the-study-of-the-u-s-institutes-susi-for-student-leaders\/\">https:\/\/al.usembassy.gov\/the-study-of-the-u-s-institutes-susi-for-student-leaders\/<\/a><\/p>\n\n\n\n<p>T\u00eb interesuarit mund t\u00eb kontaktojn\u00eb n\u00eb adres\u00ebn e e-mailit:&nbsp;<\/p>\n\n\n\n<p><a href=\"mailto:cultureandEducationTirana@state.gov\">cultureandEducationTirana@state.gov<\/a><\/p>","protected":false},"excerpt":{"rendered":"<p>Programi SUSI p\u00ebr STUDENT\u00cbT \u00ebsht\u00eb nj\u00eb program intensiv akademik afatshkurt\u00ebr, q\u00ebllimi i t\u00eb cilit \u00ebsht\u00eb t&#8217;u siguroj\u00eb student\u00ebve n\u00eb universitet njohje m\u00eb t\u00eb zgjeruar t\u00eb Shteteve t\u00eb Bashkuara, duke rritur nj\u00ebkoh\u00ebsisht aft\u00ebsit\u00eb drejtuese tek k\u00ebta t\u00eb fundit. Kandidat\u00ebt e interesuar duhet t\u00eb jen\u00eb nga fushat e gazetaris\u00eb, gjeografis\u00eb, shkencave t\u00eb natyr\u00ebs. Programet do t\u00eb jen\u00eb&#8230;<\/p>","protected":false},"author":122,"featured_media":0,"parent":0,"menu_order":0,"comment_status":"closed","ping_status":"closed","template":"","meta":{"_acf_changed":false,"footnotes":""},"class_list":["post-20245","page","type-page","status-publish","hentry"],"acf":[],"yoast_head":"<!-- This site is optimized with the Yoast SEO plugin v26.9 - https:\/\/yoast.com\/product\/yoast-seo-wordpress\/ -->\n<title>NJOFTIM P\u00cbR HAPJEN E PROGRAMIT \u201cSUSI\u201d P\u00cbR STUDENT\u00cbT NGA AMBASADA E SHBA-VE - Universiteti &quot;Fan S. Noli&quot;, Kor\u00e7\u00eb<\/title>\n<meta name=\"robots\" content=\"index, follow, max-snippet:-1, max-image-preview:large, max-video-preview:-1\" \/>\n<link rel=\"canonical\" href=\"https:\/\/unkorce.edu.al\/en\/njoftim-per-hapjen-e-programit-susi-per-studentet-nga-ambasada-e-shba-ve\/\" \/>\n<meta property=\"og:locale\" content=\"en_US\" \/>\n<meta property=\"og:type\" content=\"article\" \/>\n<meta property=\"og:title\" content=\"NJOFTIM P\u00cbR HAPJEN E PROGRAMIT \u201cSUSI\u201d P\u00cbR STUDENT\u00cbT NGA AMBASADA E SHBA-VE - Universiteti &quot;Fan S. Noli&quot;, Kor\u00e7\u00eb\" \/>\n<meta property=\"og:description\" content=\"Programi SUSI p\u00ebr STUDENT\u00cbT \u00ebsht\u00eb nj\u00eb program intensiv akademik afatshkurt\u00ebr, q\u00ebllimi i t\u00eb cilit \u00ebsht\u00eb t&#8217;u siguroj\u00eb student\u00ebve n\u00eb universitet njohje m\u00eb t\u00eb zgjeruar t\u00eb Shteteve t\u00eb Bashkuara, duke rritur nj\u00ebkoh\u00ebsisht aft\u00ebsit\u00eb drejtuese tek k\u00ebta t\u00eb fundit. Kandidat\u00ebt e interesuar duhet t\u00eb jen\u00eb nga fushat e gazetaris\u00eb, gjeografis\u00eb, shkencave t\u00eb natyr\u00ebs. Programet do t\u00eb jen\u00eb...\" \/>\n<meta property=\"og:url\" content=\"https:\/\/unkorce.edu.al\/en\/njoftim-per-hapjen-e-programit-susi-per-studentet-nga-ambasada-e-shba-ve\/\" \/>\n<meta property=\"og:site_name\" content=\"Universiteti &quot;Fan S. Noli&quot;, Kor\u00e7\u00eb\" \/>\n<meta property=\"article:publisher\" content=\"https:\/\/www.facebook.com\/unkorce\" \/>\n<meta name=\"twitter:card\" content=\"summary_large_image\" \/>\n<meta name=\"twitter:label1\" content=\"Est. reading time\" \/>\n\t<meta name=\"twitter:data1\" content=\"2 minutes\" \/>\n<script type=\"application\/ld+json\" class=\"yoast-schema-graph\">{\"@context\":\"https:\/\/schema.org\",\"@graph\":[{\"@type\":\"WebPage\",\"@id\":\"https:\/\/unkorce.edu.al\/njoftim-per-hapjen-e-programit-susi-per-studentet-nga-ambasada-e-shba-ve\/\",\"url\":\"https:\/\/unkorce.edu.al\/njoftim-per-hapjen-e-programit-susi-per-studentet-nga-ambasada-e-shba-ve\/\",\"name\":\"NJOFTIM P\u00cbR HAPJEN E PROGRAMIT \u201cSUSI\u201d P\u00cbR STUDENT\u00cbT NGA AMBASADA E SHBA-VE - Universiteti \\\"Fan S. Noli\\\", Kor\u00e7\u00eb\",\"isPartOf\":{\"@id\":\"https:\/\/unkorce.edu.al\/#website\"},\"datePublished\":\"2023-10-04T10:25:58+00:00\",\"breadcrumb\":{\"@id\":\"https:\/\/unkorce.edu.al\/njoftim-per-hapjen-e-programit-susi-per-studentet-nga-ambasada-e-shba-ve\/#breadcrumb\"},\"inLanguage\":\"en-US\",\"potentialAction\":[{\"@type\":\"ReadAction\",\"target\":[\"https:\/\/unkorce.edu.al\/njoftim-per-hapjen-e-programit-susi-per-studentet-nga-ambasada-e-shba-ve\/\"]}]},{\"@type\":\"BreadcrumbList\",\"@id\":\"https:\/\/unkorce.edu.al\/njoftim-per-hapjen-e-programit-susi-per-studentet-nga-ambasada-e-shba-ve\/#breadcrumb\",\"itemListElement\":[{\"@type\":\"ListItem\",\"position\":1,\"name\":\"Home\",\"item\":\"https:\/\/unkorce.edu.al\/\"},{\"@type\":\"ListItem\",\"position\":2,\"name\":\"NJOFTIM P\u00cbR HAPJEN E PROGRAMIT \u201cSUSI\u201d P\u00cbR STUDENT\u00cbT NGA AMBASADA E SHBA-VE\"}]},{\"@type\":\"WebSite\",\"@id\":\"https:\/\/unkorce.edu.al\/#website\",\"url\":\"https:\/\/unkorce.edu.al\/\",\"name\":\"Universiteti \\\"Fan S. Noli\\\", Kor\u00e7\u00eb\",\"description\":\"Mir&euml;sevini n&euml; faqen zyrtare!\",\"publisher\":{\"@id\":\"https:\/\/unkorce.edu.al\/#organization\"},\"potentialAction\":[{\"@type\":\"SearchAction\",\"target\":{\"@type\":\"EntryPoint\",\"urlTemplate\":\"https:\/\/unkorce.edu.al\/?s={search_term_string}\"},\"query-input\":{\"@type\":\"PropertyValueSpecification\",\"valueRequired\":true,\"valueName\":\"search_term_string\"}}],\"inLanguage\":\"en-US\"},{\"@type\":\"Organization\",\"@id\":\"https:\/\/unkorce.edu.al\/#organization\",\"name\":\"Universiteti \\\"Fan S. Noli\\\", Kor\u00e7\u00eb\",\"url\":\"https:\/\/unkorce.edu.al\/\",\"logo\":{\"@type\":\"ImageObject\",\"inLanguage\":\"en-US\",\"@id\":\"https:\/\/unkorce.edu.al\/#\/schema\/logo\/image\/\",\"url\":\"https:\/\/unkorce.edu.al\/wp-content\/uploads\/2024\/08\/Logo_e_Universitetit__Fan_Noli_-e1726660879862.png\",\"contentUrl\":\"https:\/\/unkorce.edu.al\/wp-content\/uploads\/2024\/08\/Logo_e_Universitetit__Fan_Noli_-e1726660879862.png\",\"width\":200,\"height\":120,\"caption\":\"Universiteti \\\"Fan S. Noli\\\", Kor\u00e7\u00eb\"},\"image\":{\"@id\":\"https:\/\/unkorce.edu.al\/#\/schema\/logo\/image\/\"},\"sameAs\":[\"https:\/\/www.facebook.com\/unkorce\"]}]}<\/script>\n<!-- \/ Yoast SEO plugin. -->","yoast_head_json":{"title":"NJOFTIM P\u00cbR HAPJEN E PROGRAMIT \u201cSUSI\u201d P\u00cbR STUDENT\u00cbT NGA AMBASADA E SHBA-VE - Universiteti \"Fan S. Noli\", Kor\u00e7\u00eb","robots":{"index":"index","follow":"follow","max-snippet":"max-snippet:-1","max-image-preview":"max-image-preview:large","max-video-preview":"max-video-preview:-1"},"canonical":"https:\/\/unkorce.edu.al\/en\/njoftim-per-hapjen-e-programit-susi-per-studentet-nga-ambasada-e-shba-ve\/","og_locale":"en_US","og_type":"article","og_title":"NJOFTIM P\u00cbR HAPJEN E PROGRAMIT \u201cSUSI\u201d P\u00cbR STUDENT\u00cbT NGA AMBASADA E SHBA-VE - Universiteti \"Fan S. Noli\", Kor\u00e7\u00eb","og_description":"Programi SUSI p\u00ebr STUDENT\u00cbT \u00ebsht\u00eb nj\u00eb program intensiv akademik afatshkurt\u00ebr, q\u00ebllimi i t\u00eb cilit \u00ebsht\u00eb t&#8217;u siguroj\u00eb student\u00ebve n\u00eb universitet njohje m\u00eb t\u00eb zgjeruar t\u00eb Shteteve t\u00eb Bashkuara, duke rritur nj\u00ebkoh\u00ebsisht aft\u00ebsit\u00eb drejtuese tek k\u00ebta t\u00eb fundit. Kandidat\u00ebt e interesuar duhet t\u00eb jen\u00eb nga fushat e gazetaris\u00eb, gjeografis\u00eb, shkencave t\u00eb natyr\u00ebs. Programet do t\u00eb jen\u00eb...","og_url":"https:\/\/unkorce.edu.al\/en\/njoftim-per-hapjen-e-programit-susi-per-studentet-nga-ambasada-e-shba-ve\/","og_site_name":"Universiteti \"Fan S. Noli\", Kor\u00e7\u00eb","article_publisher":"https:\/\/www.facebook.com\/unkorce","twitter_card":"summary_large_image","twitter_misc":{"Est. reading time":"2 minutes"},"schema":{"@context":"https:\/\/schema.org","@graph":[{"@type":"WebPage","@id":"https:\/\/unkorce.edu.al\/njoftim-per-hapjen-e-programit-susi-per-studentet-nga-ambasada-e-shba-ve\/","url":"https:\/\/unkorce.edu.al\/njoftim-per-hapjen-e-programit-susi-per-studentet-nga-ambasada-e-shba-ve\/","name":"NJOFTIM P\u00cbR HAPJEN E PROGRAMIT \u201cSUSI\u201d P\u00cbR STUDENT\u00cbT NGA AMBASADA E SHBA-VE - Universiteti \"Fan S. Noli\", Kor\u00e7\u00eb","isPartOf":{"@id":"https:\/\/unkorce.edu.al\/#website"},"datePublished":"2023-10-04T10:25:58+00:00","breadcrumb":{"@id":"https:\/\/unkorce.edu.al\/njoftim-per-hapjen-e-programit-susi-per-studentet-nga-ambasada-e-shba-ve\/#breadcrumb"},"inLanguage":"en-US","potentialAction":[{"@type":"ReadAction","target":["https:\/\/unkorce.edu.al\/njoftim-per-hapjen-e-programit-susi-per-studentet-nga-ambasada-e-shba-ve\/"]}]},{"@type":"BreadcrumbList","@id":"https:\/\/unkorce.edu.al\/njoftim-per-hapjen-e-programit-susi-per-studentet-nga-ambasada-e-shba-ve\/#breadcrumb","itemListElement":[{"@type":"ListItem","position":1,"name":"Home","item":"https:\/\/unkorce.edu.al\/"},{"@type":"ListItem","position":2,"name":"NJOFTIM P\u00cbR HAPJEN E PROGRAMIT \u201cSUSI\u201d P\u00cbR STUDENT\u00cbT NGA AMBASADA E SHBA-VE"}]},{"@type":"WebSite","@id":"https:\/\/unkorce.edu.al\/#website","url":"https:\/\/unkorce.edu.al\/","name":"Universiteti \"Fan S. Noli\", Kor\u00e7\u00eb","description":"Mir&euml;sevini n&euml; faqen zyrtare!","publisher":{"@id":"https:\/\/unkorce.edu.al\/#organization"},"potentialAction":[{"@type":"SearchAction","target":{"@type":"EntryPoint","urlTemplate":"https:\/\/unkorce.edu.al\/?s={search_term_string}"},"query-input":{"@type":"PropertyValueSpecification","valueRequired":true,"valueName":"search_term_string"}}],"inLanguage":"en-US"},{"@type":"Organization","@id":"https:\/\/unkorce.edu.al\/#organization","name":"Universiteti \"Fan S. Noli\", Kor\u00e7\u00eb","url":"https:\/\/unkorce.edu.al\/","logo":{"@type":"ImageObject","inLanguage":"en-US","@id":"https:\/\/unkorce.edu.al\/#\/schema\/logo\/image\/","url":"https:\/\/unkorce.edu.al\/wp-content\/uploads\/2024\/08\/Logo_e_Universitetit__Fan_Noli_-e1726660879862.png","contentUrl":"https:\/\/unkorce.edu.al\/wp-content\/uploads\/2024\/08\/Logo_e_Universitetit__Fan_Noli_-e1726660879862.png","width":200,"height":120,"caption":"Universiteti \"Fan S. Noli\", Kor\u00e7\u00eb"},"image":{"@id":"https:\/\/unkorce.edu.al\/#\/schema\/logo\/image\/"},"sameAs":["https:\/\/www.facebook.com\/unkorce"]}]}},"_links":{"self":[{"href":"https:\/\/unkorce.edu.al\/en\/wp-json\/wp\/v2\/pages\/20245","targetHints":{"allow":["GET"]}}],"collection":[{"href":"https:\/\/unkorce.edu.al\/en\/wp-json\/wp\/v2\/pages"}],"about":[{"href":"https:\/\/unkorce.edu.al\/en\/wp-json\/wp\/v2\/types\/page"}],"author":[{"embeddable":true,"href":"https:\/\/unkorce.edu.al\/en\/wp-json\/wp\/v2\/users\/122"}],"replies":[{"embeddable":true,"href":"https:\/\/unkorce.edu.al\/en\/wp-json\/wp\/v2\/comments?post=20245"}],"version-history":[{"count":0,"href":"https:\/\/unkorce.edu.al\/en\/wp-json\/wp\/v2\/pages\/20245\/revisions"}],"wp:attachment":[{"href":"https:\/\/unkorce.edu.al\/en\/wp-json\/wp\/v2\/media?parent=20245"}],"curies":[{"name":"wp","href":"https:\/\/api.w.org\/{rel}","templated":true}]}}