{"id":19913,"date":"2023-09-20T13:00:33","date_gmt":"2023-09-20T13:00:33","guid":{"rendered":"\/?page_id=19913"},"modified":"2023-09-20T13:00:33","modified_gmt":"2023-09-20T13:00:33","slug":"lista-e-fituesve-raundi-ii-viti-akademik-2023-2024-universiteti-fan-s-noli-korce","status":"publish","type":"page","link":"https:\/\/unkorce.edu.al\/en\/lista-e-fituesve-raundi-ii-viti-akademik-2023-2024-universiteti-fan-s-noli-korce\/","title":{"rendered":"Lista e fituesve, RAUNDI II, viti akademik 2023-2024, Universiteti &#8220;Fan S. Noli&#8221;, Kor\u00e7\u00eb"},"content":{"rendered":"<h2 class=\"wp-block-heading\"><strong>Faculty of Human and Natural Sciences<\/strong><\/h2>\n\n\n\n<p><a href=\"\/wp-content\/uploads\/2023\/09\/Admin_Politik_Sociale_BA.xlsx\">Administrim dhe politika sociale<\/a><\/p>\n\n\n\n<p><a href=\"\/wp-content\/uploads\/2023\/09\/Biologji-Kimi_BA.xlsx\">Biologji-Kimi<\/a><\/p>\n\n\n\n<p><a href=\"\/wp-content\/uploads\/2023\/09\/Filozofi_Socilogji_BA.xlsx\">Filozofi Sociologji<\/a><\/p>\n\n\n\n<p><a href=\"\/wp-content\/uploads\/2023\/09\/Infermier_Pergjithshem_BA.xlsx\">Infermier i Pergjithshem<\/a><\/p>\n\n\n\n<p><a href=\"\/wp-content\/uploads\/2023\/09\/Mami_BA.xlsx\">Mami<\/a><\/p>\n\n\n\n<p><a href=\"\/wp-content\/uploads\/2023\/09\/Matematike_Fizike_BA.xlsx\">Matematike Fizike<\/a><\/p>\n\n\n\n<p><a href=\"\/wp-content\/uploads\/2023\/09\/Matematike_Informatike_BA.xlsx\">Matematike Informatike<\/a><\/p>\n\n\n\n<p><a href=\"\/wp-content\/uploads\/2023\/09\/Sherbim_Social.xlsx\">Sherbim Social<\/a><\/p>\n\n\n\n<p><a href=\"\/wp-content\/uploads\/2023\/09\/Teknologji_Informacioni_BA.xlsx\">Teknologji Informacioni<\/a><\/p>\n\n\n\n<h2 class=\"wp-block-heading\"><strong>Fakulteti i Edukimit dhe Filologjise<\/strong><\/h2>\n\n\n\n<p><a href=\"\/wp-content\/uploads\/2023\/09\/Edukim_Fizik_Sporte_BA.xlsx\">Edukim Fizik dhe Sporte<\/a><\/p>\n\n\n\n<p><a href=\"\/wp-content\/uploads\/2023\/09\/Edukim_Foshnjerin_Hershme.xlsx\">Edukim per foshnjerine e hershme<\/a><\/p>\n\n\n\n<p><a href=\"\/wp-content\/uploads\/2023\/09\/Gjuhe_Angleze_BA.xlsx\">Gjuhe Angleze<\/a><\/p>\n\n\n\n<p><a href=\"\/wp-content\/uploads\/2023\/09\/Gjuhe_Frenge_BA.xlsx\">Gjuhe Frenge<\/a><\/p>\n\n\n\n<p><a href=\"\/wp-content\/uploads\/2023\/09\/Gjuhe_Letersi_BA.xlsx\">Gjuhe Letersi<\/a><\/p>\n\n\n\n<p><a href=\"\/wp-content\/uploads\/2023\/09\/Gjuhe_Shqipe_dhe_Gjuhe_Pakicash_BA.xlsx\">Gjuhe Shqipe dhe Gjuhe Pakicash<\/a><\/p>\n\n\n\n<p><a href=\"\/wp-content\/uploads\/2023\/09\/Histori_Gjeografi_BA.xlsx\">Histori Gjeografi<\/a><\/p>\n\n\n\n<p><a href=\"http:\/\/unkorce.edu.al\/wp-content\/uploads\/2023\/08\/Mbeshtetes_Zyre_Biblioteke.pdf\">Mbeshtetes zyre biobiotek<\/a><\/p>\n\n\n\n<p><a href=\"http:\/\/unkorce.edu.al\/wp-content\/uploads\/2023\/08\/Mesuesi_Arsimi_Fillor_BA.pdf\">Mesuesi Arsimi Fillor<\/a><\/p>\n\n\n\n<p><a href=\"\/wp-content\/uploads\/2023\/09\/Mbeshtetes_Zyre_Biblioteke.xlsx\">Mesuesi Arsimi Parashkollor<\/a><\/p>\n\n\n\n<h2 class=\"wp-block-heading\"><strong>Fakulteti Ekonomik<\/strong><\/h2>\n\n\n\n<p><a href=\"\/wp-content\/uploads\/2023\/09\/Admin_Biznesi_Marketing_BA.xlsx\">Administrim Biznesi ne Marketing<\/a><\/p>\n\n\n\n<p><a href=\"\/wp-content\/uploads\/2023\/09\/Asistent_Menaxher.xlsx\">Asistent Menaxher<\/a><\/p>\n\n\n\n<p><a href=\"\/wp-content\/uploads\/2023\/09\/Ekonomiks_BA.xlsx\">Ekonomiks<\/a><\/p>\n\n\n\n<p><a href=\"\/wp-content\/uploads\/2023\/09\/Finance_Kontabilitet_BA.xlsx\">Finance Kontabilitet<\/a><\/p>\n\n\n\n<p><a href=\"\/wp-content\/uploads\/2023\/09\/Informatike_Biznesi_BA.xlsx\">Informatike Biznesi<\/a><\/p>\n\n\n\n<p><a href=\"\/wp-content\/uploads\/2023\/09\/Menaxhim_BA.xlsx\">Menaxhim<\/a><\/p>\n\n\n\n<p><a href=\"\/wp-content\/uploads\/2023\/09\/Menaxhim_Turizem_Mikpritje_BA.xlsx\">Menaxhim Turizem Mikpritje<\/a><\/p>\n\n\n\n<h2 class=\"wp-block-heading\">Fakulteti i Bujqesise<\/h2>\n\n\n\n<p><a href=\"\/wp-content\/uploads\/2023\/09\/Agrobiznes_BA.xlsx\">Agrobiznes<\/a><\/p>\n\n\n\n<p><a href=\"\/wp-content\/uploads\/2023\/09\/Agroushqim_BA.xlsx\">Agroushqim<\/a><\/p>\n\n\n\n<p><a href=\"\/wp-content\/uploads\/2023\/09\/Menaxhim_Biznesi_Bujq.xlsx\">Menaxhim Biznesi Bujqesor<\/a><\/p>\n\n\n\n<p><a href=\"\/wp-content\/uploads\/2023\/09\/Teknika_prodhim_farave.xlsx\">Teknika te prodhimit te farave<\/a><\/p>\n\n\n\n<p><a href=\"\/wp-content\/uploads\/2023\/09\/Inxh_Agronomike_BA.xlsx\">Inxhinieri Agronomike<\/a><\/p>\n\n\n\n<p><a href=\"\/wp-content\/uploads\/2023\/09\/Menaxhim-veterinar.xlsx\">Menaxhim Veterinar<\/a><\/p>","protected":false},"excerpt":{"rendered":"<p>Fakulteti i Shkencave Natyrore dhe Shkencave Humane Administrim dhe politika sociale Biologji-Kimi Filozofi Sociologji Infermier i Pergjithshem Mami Matematike Fizike Matematike Informatike Sherbim Social Teknologji Informacioni Fakulteti i Edukimit dhe Filologjise Edukim Fizik dhe Sporte Edukim per foshnjerine e hershme Gjuhe Angleze Gjuhe Frenge Gjuhe Letersi Gjuhe Shqipe dhe Gjuhe Pakicash Histori Gjeografi Mbeshtetes zyre&#8230;<\/p>","protected":false},"author":122,"featured_media":0,"parent":0,"menu_order":0,"comment_status":"closed","ping_status":"closed","template":"","meta":{"_acf_changed":false,"footnotes":""},"class_list":["post-19913","page","type-page","status-publish","hentry"],"acf":[],"yoast_head":"<!-- This site is optimized with the Yoast SEO plugin v26.9 - https:\/\/yoast.com\/product\/yoast-seo-wordpress\/ -->\n<title>Lista e fituesve, RAUNDI II, viti akademik 2023-2024, Universiteti &quot;Fan S. Noli&quot;, Kor\u00e7\u00eb - Universiteti &quot;Fan S. Noli&quot;, Kor\u00e7\u00eb<\/title>\n<meta name=\"robots\" content=\"index, follow, max-snippet:-1, max-image-preview:large, max-video-preview:-1\" \/>\n<link rel=\"canonical\" href=\"https:\/\/unkorce.edu.al\/en\/lista-e-fituesve-raundi-ii-viti-akademik-2023-2024-universiteti-fan-s-noli-korce\/\" \/>\n<meta property=\"og:locale\" content=\"en_US\" \/>\n<meta property=\"og:type\" content=\"article\" \/>\n<meta property=\"og:title\" content=\"Lista e fituesve, RAUNDI II, viti akademik 2023-2024, Universiteti &quot;Fan S. Noli&quot;, Kor\u00e7\u00eb - Universiteti &quot;Fan S. Noli&quot;, Kor\u00e7\u00eb\" \/>\n<meta property=\"og:description\" content=\"Fakulteti i Shkencave Natyrore dhe Shkencave Humane Administrim dhe politika sociale Biologji-Kimi Filozofi Sociologji Infermier i Pergjithshem Mami Matematike Fizike Matematike Informatike Sherbim Social Teknologji Informacioni Fakulteti i Edukimit dhe Filologjise Edukim Fizik dhe Sporte Edukim per foshnjerine e hershme Gjuhe Angleze Gjuhe Frenge Gjuhe Letersi Gjuhe Shqipe dhe Gjuhe Pakicash Histori Gjeografi Mbeshtetes zyre...\" \/>\n<meta property=\"og:url\" content=\"https:\/\/unkorce.edu.al\/en\/lista-e-fituesve-raundi-ii-viti-akademik-2023-2024-universiteti-fan-s-noli-korce\/\" \/>\n<meta property=\"og:site_name\" content=\"Universiteti &quot;Fan S. Noli&quot;, Kor\u00e7\u00eb\" \/>\n<meta property=\"article:publisher\" content=\"https:\/\/www.facebook.com\/unkorce\" \/>\n<meta name=\"twitter:card\" content=\"summary_large_image\" \/>\n<script type=\"application\/ld+json\" class=\"yoast-schema-graph\">{\"@context\":\"https:\/\/schema.org\",\"@graph\":[{\"@type\":\"WebPage\",\"@id\":\"https:\/\/unkorce.edu.al\/lista-e-fituesve-raundi-ii-viti-akademik-2023-2024-universiteti-fan-s-noli-korce\/\",\"url\":\"https:\/\/unkorce.edu.al\/lista-e-fituesve-raundi-ii-viti-akademik-2023-2024-universiteti-fan-s-noli-korce\/\",\"name\":\"Lista e fituesve, RAUNDI II, viti akademik 2023-2024, Universiteti \\\"Fan S. Noli\\\", Kor\u00e7\u00eb - Universiteti \\\"Fan S. Noli\\\", Kor\u00e7\u00eb\",\"isPartOf\":{\"@id\":\"https:\/\/unkorce.edu.al\/#website\"},\"datePublished\":\"2023-09-20T13:00:33+00:00\",\"breadcrumb\":{\"@id\":\"https:\/\/unkorce.edu.al\/lista-e-fituesve-raundi-ii-viti-akademik-2023-2024-universiteti-fan-s-noli-korce\/#breadcrumb\"},\"inLanguage\":\"en-US\",\"potentialAction\":[{\"@type\":\"ReadAction\",\"target\":[\"https:\/\/unkorce.edu.al\/lista-e-fituesve-raundi-ii-viti-akademik-2023-2024-universiteti-fan-s-noli-korce\/\"]}]},{\"@type\":\"BreadcrumbList\",\"@id\":\"https:\/\/unkorce.edu.al\/lista-e-fituesve-raundi-ii-viti-akademik-2023-2024-universiteti-fan-s-noli-korce\/#breadcrumb\",\"itemListElement\":[{\"@type\":\"ListItem\",\"position\":1,\"name\":\"Home\",\"item\":\"https:\/\/unkorce.edu.al\/\"},{\"@type\":\"ListItem\",\"position\":2,\"name\":\"Lista e fituesve, RAUNDI II, viti akademik 2023-2024, Universiteti &#8220;Fan S. Noli&#8221;, Kor\u00e7\u00eb\"}]},{\"@type\":\"WebSite\",\"@id\":\"https:\/\/unkorce.edu.al\/#website\",\"url\":\"https:\/\/unkorce.edu.al\/\",\"name\":\"Universiteti \\\"Fan S. Noli\\\", Kor\u00e7\u00eb\",\"description\":\"Mir&euml;sevini n&euml; faqen zyrtare!\",\"publisher\":{\"@id\":\"https:\/\/unkorce.edu.al\/#organization\"},\"potentialAction\":[{\"@type\":\"SearchAction\",\"target\":{\"@type\":\"EntryPoint\",\"urlTemplate\":\"https:\/\/unkorce.edu.al\/?s={search_term_string}\"},\"query-input\":{\"@type\":\"PropertyValueSpecification\",\"valueRequired\":true,\"valueName\":\"search_term_string\"}}],\"inLanguage\":\"en-US\"},{\"@type\":\"Organization\",\"@id\":\"https:\/\/unkorce.edu.al\/#organization\",\"name\":\"Universiteti \\\"Fan S. Noli\\\", Kor\u00e7\u00eb\",\"url\":\"https:\/\/unkorce.edu.al\/\",\"logo\":{\"@type\":\"ImageObject\",\"inLanguage\":\"en-US\",\"@id\":\"https:\/\/unkorce.edu.al\/#\/schema\/logo\/image\/\",\"url\":\"https:\/\/unkorce.edu.al\/wp-content\/uploads\/2024\/08\/Logo_e_Universitetit__Fan_Noli_-e1726660879862.png\",\"contentUrl\":\"https:\/\/unkorce.edu.al\/wp-content\/uploads\/2024\/08\/Logo_e_Universitetit__Fan_Noli_-e1726660879862.png\",\"width\":200,\"height\":120,\"caption\":\"Universiteti \\\"Fan S. Noli\\\", Kor\u00e7\u00eb\"},\"image\":{\"@id\":\"https:\/\/unkorce.edu.al\/#\/schema\/logo\/image\/\"},\"sameAs\":[\"https:\/\/www.facebook.com\/unkorce\"]}]}<\/script>\n<!-- \/ Yoast SEO plugin. -->","yoast_head_json":{"title":"Lista e fituesve, RAUNDI II, viti akademik 2023-2024, Universiteti \"Fan S. Noli\", Kor\u00e7\u00eb - Universiteti \"Fan S. Noli\", Kor\u00e7\u00eb","robots":{"index":"index","follow":"follow","max-snippet":"max-snippet:-1","max-image-preview":"max-image-preview:large","max-video-preview":"max-video-preview:-1"},"canonical":"https:\/\/unkorce.edu.al\/en\/lista-e-fituesve-raundi-ii-viti-akademik-2023-2024-universiteti-fan-s-noli-korce\/","og_locale":"en_US","og_type":"article","og_title":"Lista e fituesve, RAUNDI II, viti akademik 2023-2024, Universiteti \"Fan S. Noli\", Kor\u00e7\u00eb - Universiteti \"Fan S. Noli\", Kor\u00e7\u00eb","og_description":"Fakulteti i Shkencave Natyrore dhe Shkencave Humane Administrim dhe politika sociale Biologji-Kimi Filozofi Sociologji Infermier i Pergjithshem Mami Matematike Fizike Matematike Informatike Sherbim Social Teknologji Informacioni Fakulteti i Edukimit dhe Filologjise Edukim Fizik dhe Sporte Edukim per foshnjerine e hershme Gjuhe Angleze Gjuhe Frenge Gjuhe Letersi Gjuhe Shqipe dhe Gjuhe Pakicash Histori Gjeografi Mbeshtetes zyre...","og_url":"https:\/\/unkorce.edu.al\/en\/lista-e-fituesve-raundi-ii-viti-akademik-2023-2024-universiteti-fan-s-noli-korce\/","og_site_name":"Universiteti \"Fan S. Noli\", Kor\u00e7\u00eb","article_publisher":"https:\/\/www.facebook.com\/unkorce","twitter_card":"summary_large_image","schema":{"@context":"https:\/\/schema.org","@graph":[{"@type":"WebPage","@id":"https:\/\/unkorce.edu.al\/lista-e-fituesve-raundi-ii-viti-akademik-2023-2024-universiteti-fan-s-noli-korce\/","url":"https:\/\/unkorce.edu.al\/lista-e-fituesve-raundi-ii-viti-akademik-2023-2024-universiteti-fan-s-noli-korce\/","name":"Lista e fituesve, RAUNDI II, viti akademik 2023-2024, Universiteti \"Fan S. Noli\", Kor\u00e7\u00eb - Universiteti \"Fan S. Noli\", Kor\u00e7\u00eb","isPartOf":{"@id":"https:\/\/unkorce.edu.al\/#website"},"datePublished":"2023-09-20T13:00:33+00:00","breadcrumb":{"@id":"https:\/\/unkorce.edu.al\/lista-e-fituesve-raundi-ii-viti-akademik-2023-2024-universiteti-fan-s-noli-korce\/#breadcrumb"},"inLanguage":"en-US","potentialAction":[{"@type":"ReadAction","target":["https:\/\/unkorce.edu.al\/lista-e-fituesve-raundi-ii-viti-akademik-2023-2024-universiteti-fan-s-noli-korce\/"]}]},{"@type":"BreadcrumbList","@id":"https:\/\/unkorce.edu.al\/lista-e-fituesve-raundi-ii-viti-akademik-2023-2024-universiteti-fan-s-noli-korce\/#breadcrumb","itemListElement":[{"@type":"ListItem","position":1,"name":"Home","item":"https:\/\/unkorce.edu.al\/"},{"@type":"ListItem","position":2,"name":"Lista e fituesve, RAUNDI II, viti akademik 2023-2024, Universiteti &#8220;Fan S. Noli&#8221;, Kor\u00e7\u00eb"}]},{"@type":"WebSite","@id":"https:\/\/unkorce.edu.al\/#website","url":"https:\/\/unkorce.edu.al\/","name":"Universiteti \"Fan S. Noli\", Kor\u00e7\u00eb","description":"Mir&euml;sevini n&euml; faqen zyrtare!","publisher":{"@id":"https:\/\/unkorce.edu.al\/#organization"},"potentialAction":[{"@type":"SearchAction","target":{"@type":"EntryPoint","urlTemplate":"https:\/\/unkorce.edu.al\/?s={search_term_string}"},"query-input":{"@type":"PropertyValueSpecification","valueRequired":true,"valueName":"search_term_string"}}],"inLanguage":"en-US"},{"@type":"Organization","@id":"https:\/\/unkorce.edu.al\/#organization","name":"Universiteti \"Fan S. Noli\", Kor\u00e7\u00eb","url":"https:\/\/unkorce.edu.al\/","logo":{"@type":"ImageObject","inLanguage":"en-US","@id":"https:\/\/unkorce.edu.al\/#\/schema\/logo\/image\/","url":"https:\/\/unkorce.edu.al\/wp-content\/uploads\/2024\/08\/Logo_e_Universitetit__Fan_Noli_-e1726660879862.png","contentUrl":"https:\/\/unkorce.edu.al\/wp-content\/uploads\/2024\/08\/Logo_e_Universitetit__Fan_Noli_-e1726660879862.png","width":200,"height":120,"caption":"Universiteti \"Fan S. Noli\", Kor\u00e7\u00eb"},"image":{"@id":"https:\/\/unkorce.edu.al\/#\/schema\/logo\/image\/"},"sameAs":["https:\/\/www.facebook.com\/unkorce"]}]}},"_links":{"self":[{"href":"https:\/\/unkorce.edu.al\/en\/wp-json\/wp\/v2\/pages\/19913","targetHints":{"allow":["GET"]}}],"collection":[{"href":"https:\/\/unkorce.edu.al\/en\/wp-json\/wp\/v2\/pages"}],"about":[{"href":"https:\/\/unkorce.edu.al\/en\/wp-json\/wp\/v2\/types\/page"}],"author":[{"embeddable":true,"href":"https:\/\/unkorce.edu.al\/en\/wp-json\/wp\/v2\/users\/122"}],"replies":[{"embeddable":true,"href":"https:\/\/unkorce.edu.al\/en\/wp-json\/wp\/v2\/comments?post=19913"}],"version-history":[{"count":0,"href":"https:\/\/unkorce.edu.al\/en\/wp-json\/wp\/v2\/pages\/19913\/revisions"}],"wp:attachment":[{"href":"https:\/\/unkorce.edu.al\/en\/wp-json\/wp\/v2\/media?parent=19913"}],"curies":[{"name":"wp","href":"https:\/\/api.w.org\/{rel}","templated":true}]}}