{"id":19793,"date":"2023-09-08T12:33:37","date_gmt":"2023-09-08T12:33:37","guid":{"rendered":"\/?page_id=19793"},"modified":"2023-09-08T12:33:37","modified_gmt":"2023-09-08T12:33:37","slug":"njoftim-per-masterin-nderkombetar-menaxhim-i-qendrueshem-ne-agroturizem","status":"publish","type":"page","link":"https:\/\/unkorce.edu.al\/en\/njoftim-per-masterin-nderkombetar-menaxhim-i-qendrueshem-ne-agroturizem\/","title":{"rendered":"NJOFTIM P\u00cbR MASTERIN ND\u00cbRKOMB\u00cbTAR \u201cMENAXHIM I Q\u00cbNDRUESH\u00cbM N\u00cb AGROTURIZ\u00cbM\u201d"},"content":{"rendered":"<figure class=\"wp-block-image size-large\"><img decoding=\"async\" src=\"\/wp-content\/uploads\/2023\/09\/Master-Nderkombetar-1024x724.png\" alt=\"\" class=\"wp-image-19794\"\/><\/figure>\n\n\n\n<p><\/p>\n\n\n\n<h2 class=\"wp-block-heading\">Universiteti \u201cFan S. Noli\u201d n\u00eb bashk\u00ebpunim me Universitetin Bujq\u00ebsor t\u00eb Plovdiv, Bullgari njoftojm\u00eb hapjen e programit t\u00eb ciklit t\u00eb dyt\u00eb Master n\u00eb <strong>\u201cMenaxhim i Q\u00ebndruesh\u00ebm n\u00eb Agroturiz\u00ebm\u201d.<\/strong><\/h2>\n\n\n\n<h2 class=\"wp-block-heading\">Ky program i ciklit t\u00eb dyt\u00eb ofrohet si program i p\u00ebrbashk\u00ebt i dy universiteteve me <strong>60 kredite<\/strong>, ku student\u00ebt do t\u00eb pajisen me <strong>diplom\u00eb t\u00eb dyfisht\u00eb.<\/strong> Universiteti \u201cFan S. Noli\u201d fton t\u00eb gjith\u00eb t\u00eb interesuarit t\u00eb aplikojn\u00eb p\u00ebr regjistrim deri n\u00eb dat\u00eb 4 tetor 2023 n\u00eb k\u00ebt\u00eb program studimi.<\/h2>","protected":false},"excerpt":{"rendered":"<p>Universiteti \u201cFan S. Noli\u201d n\u00eb bashk\u00ebpunim me Universitetin Bujq\u00ebsor t\u00eb Plovdiv, Bullgari njoftojm\u00eb hapjen e programit t\u00eb ciklit t\u00eb dyt\u00eb Master n\u00eb \u201cMenaxhim i Q\u00ebndruesh\u00ebm n\u00eb Agroturiz\u00ebm\u201d. Ky program i ciklit t\u00eb dyt\u00eb ofrohet si program i p\u00ebrbashk\u00ebt i dy universiteteve me 60 kredite, ku student\u00ebt do t\u00eb pajisen me diplom\u00eb t\u00eb dyfisht\u00eb. Universiteti \u201cFan&#8230;<\/p>","protected":false},"author":122,"featured_media":0,"parent":0,"menu_order":0,"comment_status":"closed","ping_status":"closed","template":"","meta":{"_acf_changed":false,"footnotes":""},"class_list":["post-19793","page","type-page","status-publish","hentry"],"acf":[],"yoast_head":"<!-- This site is optimized with the Yoast SEO plugin v26.9 - https:\/\/yoast.com\/product\/yoast-seo-wordpress\/ -->\n<title>NJOFTIM P\u00cbR MASTERIN ND\u00cbRKOMB\u00cbTAR \u201cMENAXHIM I Q\u00cbNDRUESH\u00cbM N\u00cb AGROTURIZ\u00cbM\u201d - Universiteti &quot;Fan S. Noli&quot;, Kor\u00e7\u00eb<\/title>\n<meta name=\"robots\" content=\"index, follow, max-snippet:-1, max-image-preview:large, max-video-preview:-1\" \/>\n<link rel=\"canonical\" href=\"https:\/\/unkorce.edu.al\/en\/njoftim-per-masterin-nderkombetar-menaxhim-i-qendrueshem-ne-agroturizem\/\" \/>\n<meta property=\"og:locale\" content=\"en_US\" \/>\n<meta property=\"og:type\" content=\"article\" \/>\n<meta property=\"og:title\" content=\"NJOFTIM P\u00cbR MASTERIN ND\u00cbRKOMB\u00cbTAR \u201cMENAXHIM I Q\u00cbNDRUESH\u00cbM N\u00cb AGROTURIZ\u00cbM\u201d - Universiteti &quot;Fan S. Noli&quot;, Kor\u00e7\u00eb\" \/>\n<meta property=\"og:description\" content=\"Universiteti \u201cFan S. Noli\u201d n\u00eb bashk\u00ebpunim me Universitetin Bujq\u00ebsor t\u00eb Plovdiv, Bullgari njoftojm\u00eb hapjen e programit t\u00eb ciklit t\u00eb dyt\u00eb Master n\u00eb \u201cMenaxhim i Q\u00ebndruesh\u00ebm n\u00eb Agroturiz\u00ebm\u201d. Ky program i ciklit t\u00eb dyt\u00eb ofrohet si program i p\u00ebrbashk\u00ebt i dy universiteteve me 60 kredite, ku student\u00ebt do t\u00eb pajisen me diplom\u00eb t\u00eb dyfisht\u00eb. Universiteti \u201cFan...\" \/>\n<meta property=\"og:url\" content=\"https:\/\/unkorce.edu.al\/en\/njoftim-per-masterin-nderkombetar-menaxhim-i-qendrueshem-ne-agroturizem\/\" \/>\n<meta property=\"og:site_name\" content=\"Universiteti &quot;Fan S. Noli&quot;, Kor\u00e7\u00eb\" \/>\n<meta property=\"article:publisher\" content=\"https:\/\/www.facebook.com\/unkorce\" \/>\n<meta name=\"twitter:card\" content=\"summary_large_image\" \/>\n<script type=\"application\/ld+json\" class=\"yoast-schema-graph\">{\"@context\":\"https:\/\/schema.org\",\"@graph\":[{\"@type\":\"WebPage\",\"@id\":\"https:\/\/unkorce.edu.al\/njoftim-per-masterin-nderkombetar-menaxhim-i-qendrueshem-ne-agroturizem\/\",\"url\":\"https:\/\/unkorce.edu.al\/njoftim-per-masterin-nderkombetar-menaxhim-i-qendrueshem-ne-agroturizem\/\",\"name\":\"NJOFTIM P\u00cbR MASTERIN ND\u00cbRKOMB\u00cbTAR \u201cMENAXHIM I Q\u00cbNDRUESH\u00cbM N\u00cb AGROTURIZ\u00cbM\u201d - Universiteti \\\"Fan S. Noli\\\", Kor\u00e7\u00eb\",\"isPartOf\":{\"@id\":\"https:\/\/unkorce.edu.al\/#website\"},\"datePublished\":\"2023-09-08T12:33:37+00:00\",\"breadcrumb\":{\"@id\":\"https:\/\/unkorce.edu.al\/njoftim-per-masterin-nderkombetar-menaxhim-i-qendrueshem-ne-agroturizem\/#breadcrumb\"},\"inLanguage\":\"en-US\",\"potentialAction\":[{\"@type\":\"ReadAction\",\"target\":[\"https:\/\/unkorce.edu.al\/njoftim-per-masterin-nderkombetar-menaxhim-i-qendrueshem-ne-agroturizem\/\"]}]},{\"@type\":\"BreadcrumbList\",\"@id\":\"https:\/\/unkorce.edu.al\/njoftim-per-masterin-nderkombetar-menaxhim-i-qendrueshem-ne-agroturizem\/#breadcrumb\",\"itemListElement\":[{\"@type\":\"ListItem\",\"position\":1,\"name\":\"Home\",\"item\":\"https:\/\/unkorce.edu.al\/\"},{\"@type\":\"ListItem\",\"position\":2,\"name\":\"NJOFTIM P\u00cbR MASTERIN ND\u00cbRKOMB\u00cbTAR \u201cMENAXHIM I Q\u00cbNDRUESH\u00cbM N\u00cb AGROTURIZ\u00cbM\u201d\"}]},{\"@type\":\"WebSite\",\"@id\":\"https:\/\/unkorce.edu.al\/#website\",\"url\":\"https:\/\/unkorce.edu.al\/\",\"name\":\"Universiteti \\\"Fan S. Noli\\\", Kor\u00e7\u00eb\",\"description\":\"Mir&euml;sevini n&euml; faqen zyrtare!\",\"publisher\":{\"@id\":\"https:\/\/unkorce.edu.al\/#organization\"},\"potentialAction\":[{\"@type\":\"SearchAction\",\"target\":{\"@type\":\"EntryPoint\",\"urlTemplate\":\"https:\/\/unkorce.edu.al\/?s={search_term_string}\"},\"query-input\":{\"@type\":\"PropertyValueSpecification\",\"valueRequired\":true,\"valueName\":\"search_term_string\"}}],\"inLanguage\":\"en-US\"},{\"@type\":\"Organization\",\"@id\":\"https:\/\/unkorce.edu.al\/#organization\",\"name\":\"Universiteti \\\"Fan S. Noli\\\", Kor\u00e7\u00eb\",\"url\":\"https:\/\/unkorce.edu.al\/\",\"logo\":{\"@type\":\"ImageObject\",\"inLanguage\":\"en-US\",\"@id\":\"https:\/\/unkorce.edu.al\/#\/schema\/logo\/image\/\",\"url\":\"https:\/\/unkorce.edu.al\/wp-content\/uploads\/2024\/08\/Logo_e_Universitetit__Fan_Noli_-e1726660879862.png\",\"contentUrl\":\"https:\/\/unkorce.edu.al\/wp-content\/uploads\/2024\/08\/Logo_e_Universitetit__Fan_Noli_-e1726660879862.png\",\"width\":200,\"height\":120,\"caption\":\"Universiteti \\\"Fan S. Noli\\\", Kor\u00e7\u00eb\"},\"image\":{\"@id\":\"https:\/\/unkorce.edu.al\/#\/schema\/logo\/image\/\"},\"sameAs\":[\"https:\/\/www.facebook.com\/unkorce\"]}]}<\/script>\n<!-- \/ Yoast SEO plugin. -->","yoast_head_json":{"title":"NJOFTIM P\u00cbR MASTERIN ND\u00cbRKOMB\u00cbTAR \u201cMENAXHIM I Q\u00cbNDRUESH\u00cbM N\u00cb AGROTURIZ\u00cbM\u201d - Universiteti \"Fan S. Noli\", Kor\u00e7\u00eb","robots":{"index":"index","follow":"follow","max-snippet":"max-snippet:-1","max-image-preview":"max-image-preview:large","max-video-preview":"max-video-preview:-1"},"canonical":"https:\/\/unkorce.edu.al\/en\/njoftim-per-masterin-nderkombetar-menaxhim-i-qendrueshem-ne-agroturizem\/","og_locale":"en_US","og_type":"article","og_title":"NJOFTIM P\u00cbR MASTERIN ND\u00cbRKOMB\u00cbTAR \u201cMENAXHIM I Q\u00cbNDRUESH\u00cbM N\u00cb AGROTURIZ\u00cbM\u201d - Universiteti \"Fan S. Noli\", Kor\u00e7\u00eb","og_description":"Universiteti \u201cFan S. Noli\u201d n\u00eb bashk\u00ebpunim me Universitetin Bujq\u00ebsor t\u00eb Plovdiv, Bullgari njoftojm\u00eb hapjen e programit t\u00eb ciklit t\u00eb dyt\u00eb Master n\u00eb \u201cMenaxhim i Q\u00ebndruesh\u00ebm n\u00eb Agroturiz\u00ebm\u201d. Ky program i ciklit t\u00eb dyt\u00eb ofrohet si program i p\u00ebrbashk\u00ebt i dy universiteteve me 60 kredite, ku student\u00ebt do t\u00eb pajisen me diplom\u00eb t\u00eb dyfisht\u00eb. Universiteti \u201cFan...","og_url":"https:\/\/unkorce.edu.al\/en\/njoftim-per-masterin-nderkombetar-menaxhim-i-qendrueshem-ne-agroturizem\/","og_site_name":"Universiteti \"Fan S. Noli\", Kor\u00e7\u00eb","article_publisher":"https:\/\/www.facebook.com\/unkorce","twitter_card":"summary_large_image","schema":{"@context":"https:\/\/schema.org","@graph":[{"@type":"WebPage","@id":"https:\/\/unkorce.edu.al\/njoftim-per-masterin-nderkombetar-menaxhim-i-qendrueshem-ne-agroturizem\/","url":"https:\/\/unkorce.edu.al\/njoftim-per-masterin-nderkombetar-menaxhim-i-qendrueshem-ne-agroturizem\/","name":"NJOFTIM P\u00cbR MASTERIN ND\u00cbRKOMB\u00cbTAR \u201cMENAXHIM I Q\u00cbNDRUESH\u00cbM N\u00cb AGROTURIZ\u00cbM\u201d - Universiteti \"Fan S. Noli\", Kor\u00e7\u00eb","isPartOf":{"@id":"https:\/\/unkorce.edu.al\/#website"},"datePublished":"2023-09-08T12:33:37+00:00","breadcrumb":{"@id":"https:\/\/unkorce.edu.al\/njoftim-per-masterin-nderkombetar-menaxhim-i-qendrueshem-ne-agroturizem\/#breadcrumb"},"inLanguage":"en-US","potentialAction":[{"@type":"ReadAction","target":["https:\/\/unkorce.edu.al\/njoftim-per-masterin-nderkombetar-menaxhim-i-qendrueshem-ne-agroturizem\/"]}]},{"@type":"BreadcrumbList","@id":"https:\/\/unkorce.edu.al\/njoftim-per-masterin-nderkombetar-menaxhim-i-qendrueshem-ne-agroturizem\/#breadcrumb","itemListElement":[{"@type":"ListItem","position":1,"name":"Home","item":"https:\/\/unkorce.edu.al\/"},{"@type":"ListItem","position":2,"name":"NJOFTIM P\u00cbR MASTERIN ND\u00cbRKOMB\u00cbTAR \u201cMENAXHIM I Q\u00cbNDRUESH\u00cbM N\u00cb AGROTURIZ\u00cbM\u201d"}]},{"@type":"WebSite","@id":"https:\/\/unkorce.edu.al\/#website","url":"https:\/\/unkorce.edu.al\/","name":"Universiteti \"Fan S. Noli\", Kor\u00e7\u00eb","description":"Mir&euml;sevini n&euml; faqen zyrtare!","publisher":{"@id":"https:\/\/unkorce.edu.al\/#organization"},"potentialAction":[{"@type":"SearchAction","target":{"@type":"EntryPoint","urlTemplate":"https:\/\/unkorce.edu.al\/?s={search_term_string}"},"query-input":{"@type":"PropertyValueSpecification","valueRequired":true,"valueName":"search_term_string"}}],"inLanguage":"en-US"},{"@type":"Organization","@id":"https:\/\/unkorce.edu.al\/#organization","name":"Universiteti \"Fan S. Noli\", Kor\u00e7\u00eb","url":"https:\/\/unkorce.edu.al\/","logo":{"@type":"ImageObject","inLanguage":"en-US","@id":"https:\/\/unkorce.edu.al\/#\/schema\/logo\/image\/","url":"https:\/\/unkorce.edu.al\/wp-content\/uploads\/2024\/08\/Logo_e_Universitetit__Fan_Noli_-e1726660879862.png","contentUrl":"https:\/\/unkorce.edu.al\/wp-content\/uploads\/2024\/08\/Logo_e_Universitetit__Fan_Noli_-e1726660879862.png","width":200,"height":120,"caption":"Universiteti \"Fan S. Noli\", Kor\u00e7\u00eb"},"image":{"@id":"https:\/\/unkorce.edu.al\/#\/schema\/logo\/image\/"},"sameAs":["https:\/\/www.facebook.com\/unkorce"]}]}},"_links":{"self":[{"href":"https:\/\/unkorce.edu.al\/en\/wp-json\/wp\/v2\/pages\/19793","targetHints":{"allow":["GET"]}}],"collection":[{"href":"https:\/\/unkorce.edu.al\/en\/wp-json\/wp\/v2\/pages"}],"about":[{"href":"https:\/\/unkorce.edu.al\/en\/wp-json\/wp\/v2\/types\/page"}],"author":[{"embeddable":true,"href":"https:\/\/unkorce.edu.al\/en\/wp-json\/wp\/v2\/users\/122"}],"replies":[{"embeddable":true,"href":"https:\/\/unkorce.edu.al\/en\/wp-json\/wp\/v2\/comments?post=19793"}],"version-history":[{"count":0,"href":"https:\/\/unkorce.edu.al\/en\/wp-json\/wp\/v2\/pages\/19793\/revisions"}],"wp:attachment":[{"href":"https:\/\/unkorce.edu.al\/en\/wp-json\/wp\/v2\/media?parent=19793"}],"curies":[{"name":"wp","href":"https:\/\/api.w.org\/{rel}","templated":true}]}}