{"id":17981,"date":"2023-04-24T09:20:07","date_gmt":"2023-04-24T09:20:07","guid":{"rendered":"\/?page_id=17981"},"modified":"2026-02-10T10:32:23","modified_gmt":"2026-02-10T10:32:23","slug":"konferenca-shkencore-nderkombetare","status":"publish","type":"page","link":"https:\/\/unkorce.edu.al\/en\/konferenca-shkencore-nderkombetare\/","title":{"rendered":"International Conference"},"content":{"rendered":"<section class=\"l-section wpb_row height_medium\"><div class=\"l-section-h i-cf\"><div class=\"g-cols vc_row via_grid cols_1 laptops-cols_inherit tablets-cols_inherit mobiles-cols_1 valign_top type_default stacking_default\"><div class=\"wpb_column vc_column_container\"><div class=\"vc_column-inner\"><div class=\"wpb_text_column\"><div class=\"wpb_wrapper\"><hr \/>\n<h1 style=\"font-size: 1.5rem;\">Botime n\u00eb kuad\u00ebr t\u00eb veprimtarive shkencore<\/h1>\n<h1><a href=\"https:\/\/unkorce.edu.al\/en\/ecec-uniko\/\">FOURTH INTERNATIONAL SCIENTIFIC CONFERENCE<br \/>\u201cEARLY CHILDHOOD EDUCATION AND CARE: CHALLENGES AND PERSPECTIVES\u201d<\/a><\/h1>\n<h1><a href=\"https:\/\/unkorce.edu.al\/en\/konferenca-2\/\">Regional Development in Times of Change: Integrating Challenges and Opportunities for a Sustainable Future<\/a><\/h1>\n<h2><a href=\"https:\/\/unkorce.edu.al\/wp-content\/uploads\/2025\/12\/Fundo-liber.pdf\"><strong>Aktet e Simpoziumit Shkencor\u00a0\u00a0\u201cLlazar (Zai) Fundo- Figur\u00eb e shquar e medimit shqiptar dhe evropian\u201d<\/strong><\/a><\/h2>\n<h2><b><a href=\"https:\/\/unkorce.edu.al\/wp-content\/uploads\/2025\/07\/Libri-i-vendbanimeve-final.pdf\">VENDBANIMET E BASHKIS\u00cb KOR\u00c7\u00cb: PARAQITJA FIZIKO-GJEOGRAFIKE, DEMOGRAFIKE DHE FUNKSIONALE<\/a><\/b><\/h2>\n<hr \/>\n<h2><a href=\"https:\/\/unkorce.edu.al\/wp-content\/uploads\/2025\/04\/Botimi-i-akteve-te-Konf.-Shkencore.pdf\">Aktet e Konferenc\u00ebs Shkencore Nd\u00ebrkomb\u00ebtare <i>\u201cKOR\u00c7A N\u00cb LUFT\u00cbN E PAR\u00cb BOT\u00cbRORE: VET\u00cbQEVERIMI DHE ZHVILLIMET SOCIAL-EKONOMIKE\u201d<\/i><\/a><\/h2>\n<hr \/>\n<h2><a href=\"https:\/\/unkorce.edu.al\/wp-content\/uploads\/2025\/02\/Aktet-e-Seminarit-Shkencor-nentor-2024-dif.pdf\">&#8211; Aktet e Seminarit Shkencor &#8220;80- vjetori i \u00e7lirimit: shqiptar\u00ebt dhe koalicioni antifashist&#8221;<\/a><\/h2>\n<hr \/>\n<h2><a href=\"https:\/\/unkorce.edu.al\/wp-content\/uploads\/2025\/06\/RAEM-1-2.pdf\">THE\u00a0FIRST AND THE SECOND\u00a0INTERNATIONAL CONFERENCE \u201cRESEARCH APPLICATION AND EDUCATIONAL METHODS\u201d\u00a0<\/a><\/h2>\n<hr \/>\n<h2 class=\"wp-block-heading\"><a href=\"\/wp-content\/uploads\/2024\/07\/Punimet-RAEM-2024.pdf\">&#8211; THE THIRD INTERNATIONAL CONFERENCE &#8220;RESEARCH APPLICATION AND EDUCATIONAL METHODS&#8221;<\/a><\/h2>\n<h2 class=\"wp-block-heading\">&#8211; <a href=\"\/en\/the-5th-international-conference-education-across-borders\/\">THE 5th INTERNATIONAL CONFERENCE \u201cEDUCATION ACROSS BORDERS\u201d<\/a><\/h2>\n<hr class=\"wp-block-separator has-alpha-channel-opacity\" \/>\n<h2 class=\"wp-block-heading\">&#8211; <a href=\"\/en\/the-second-international-conferenceresearch-application-and-educational-methods\/\">THE SECOND INTERNATIONAL CONFERENCE \u201cRESEARCH, APPLICATION AND EDUCATIONAL METHODS\u201d<\/a><\/h2>\n<hr class=\"wp-block-separator has-alpha-channel-opacity\" \/>\n<h2 class=\"wp-block-heading\">&#8211; <a href=\"\/en\/international-scientific-conference-early-childhood-education-and-care-challenges-and-perspectives\/\">International Scientific Conference \u201cEARLY CHILDHOOD EDUCATION AND CARE: CHALLENGES AND PERSPECTIVES\u201d<\/a><\/h2>\n<hr class=\"wp-block-separator has-alpha-channel-opacity\" \/>\n<h2 class=\"wp-block-heading\">&#8211; <a href=\"\/en\/1st-international-conference-linguistic-perspectives-in-the-light-of-social-developments-e-learning-approaches-to-linguistic-acquisition\/\">1st INTERNATIONAL CONFERENCE \u201cLINGUISTIC PERSPECTIVES IN THE LIGHT OF SOCIAL DEVELOPMENTS\u201d \u201cE- LEARNING APPROACHES TO LINGUISTIC ACQUISITION\u201d<\/a><\/h2>\n<hr \/>\n<h2><a href=\"\/wp-content\/uploads\/2024\/12\/Proceedings-of-the-2-nd-Conference-online-final.pdf\">&#8211; 2<sup>nd<\/sup> International Conference &#8220;MULTILINGUALISM, INNOVATION AND DIGITALIZATION IN THE LIGHT OF EUROPEAN EDUCATION POLICIES\u201d<\/a><\/h2>\n<p>&nbsp;<\/p>\n<p>&nbsp;<\/p>\n<\/div><\/div><\/div><\/div><\/div><\/div><\/section>","protected":false},"excerpt":{"rendered":"","protected":false},"author":122,"featured_media":0,"parent":0,"menu_order":0,"comment_status":"closed","ping_status":"closed","template":"","meta":{"_acf_changed":false,"footnotes":""},"class_list":["post-17981","page","type-page","status-publish","hentry"],"acf":[],"yoast_head":"<!-- This site is optimized with the Yoast SEO plugin v26.9 - https:\/\/yoast.com\/product\/yoast-seo-wordpress\/ -->\n<title>Konferenca Shkencore - Universiteti &quot;Fan S. Noli&quot;, Kor\u00e7\u00eb<\/title>\n<meta name=\"robots\" content=\"index, follow, max-snippet:-1, max-image-preview:large, max-video-preview:-1\" \/>\n<link rel=\"canonical\" href=\"https:\/\/unkorce.edu.al\/en\/konferenca-shkencore-nderkombetare\/\" \/>\n<meta property=\"og:locale\" content=\"en_US\" \/>\n<meta property=\"og:type\" content=\"article\" \/>\n<meta property=\"og:title\" content=\"Konferenca Shkencore - Universiteti &quot;Fan S. Noli&quot;, Kor\u00e7\u00eb\" \/>\n<meta property=\"og:url\" content=\"https:\/\/unkorce.edu.al\/en\/konferenca-shkencore-nderkombetare\/\" \/>\n<meta property=\"og:site_name\" content=\"Universiteti &quot;Fan S. Noli&quot;, Kor\u00e7\u00eb\" \/>\n<meta property=\"article:publisher\" content=\"https:\/\/www.facebook.com\/unkorce\" \/>\n<meta property=\"article:modified_time\" content=\"2026-02-10T10:32:23+00:00\" \/>\n<meta name=\"twitter:card\" content=\"summary_large_image\" \/>\n<meta name=\"twitter:label1\" content=\"Est. reading time\" \/>\n\t<meta name=\"twitter:data1\" content=\"1 minute\" \/>\n<script type=\"application\/ld+json\" class=\"yoast-schema-graph\">{\"@context\":\"https:\/\/schema.org\",\"@graph\":[{\"@type\":\"WebPage\",\"@id\":\"https:\/\/unkorce.edu.al\/konferenca-shkencore-nderkombetare\/\",\"url\":\"https:\/\/unkorce.edu.al\/konferenca-shkencore-nderkombetare\/\",\"name\":\"Konferenca Shkencore - Universiteti \\\"Fan S. Noli\\\", Kor\u00e7\u00eb\",\"isPartOf\":{\"@id\":\"https:\/\/unkorce.edu.al\/#website\"},\"datePublished\":\"2023-04-24T09:20:07+00:00\",\"dateModified\":\"2026-02-10T10:32:23+00:00\",\"breadcrumb\":{\"@id\":\"https:\/\/unkorce.edu.al\/konferenca-shkencore-nderkombetare\/#breadcrumb\"},\"inLanguage\":\"en-US\",\"potentialAction\":[{\"@type\":\"ReadAction\",\"target\":[\"https:\/\/unkorce.edu.al\/konferenca-shkencore-nderkombetare\/\"]}]},{\"@type\":\"BreadcrumbList\",\"@id\":\"https:\/\/unkorce.edu.al\/konferenca-shkencore-nderkombetare\/#breadcrumb\",\"itemListElement\":[{\"@type\":\"ListItem\",\"position\":1,\"name\":\"Home\",\"item\":\"https:\/\/unkorce.edu.al\/\"},{\"@type\":\"ListItem\",\"position\":2,\"name\":\"Konferenca Shkencore\"}]},{\"@type\":\"WebSite\",\"@id\":\"https:\/\/unkorce.edu.al\/#website\",\"url\":\"https:\/\/unkorce.edu.al\/\",\"name\":\"Universiteti \\\"Fan S. Noli\\\", Kor\u00e7\u00eb\",\"description\":\"Mir&euml;sevini n&euml; faqen zyrtare!\",\"publisher\":{\"@id\":\"https:\/\/unkorce.edu.al\/#organization\"},\"potentialAction\":[{\"@type\":\"SearchAction\",\"target\":{\"@type\":\"EntryPoint\",\"urlTemplate\":\"https:\/\/unkorce.edu.al\/?s={search_term_string}\"},\"query-input\":{\"@type\":\"PropertyValueSpecification\",\"valueRequired\":true,\"valueName\":\"search_term_string\"}}],\"inLanguage\":\"en-US\"},{\"@type\":\"Organization\",\"@id\":\"https:\/\/unkorce.edu.al\/#organization\",\"name\":\"Universiteti \\\"Fan S. Noli\\\", Kor\u00e7\u00eb\",\"url\":\"https:\/\/unkorce.edu.al\/\",\"logo\":{\"@type\":\"ImageObject\",\"inLanguage\":\"en-US\",\"@id\":\"https:\/\/unkorce.edu.al\/#\/schema\/logo\/image\/\",\"url\":\"https:\/\/unkorce.edu.al\/wp-content\/uploads\/2024\/08\/Logo_e_Universitetit__Fan_Noli_-e1726660879862.png\",\"contentUrl\":\"https:\/\/unkorce.edu.al\/wp-content\/uploads\/2024\/08\/Logo_e_Universitetit__Fan_Noli_-e1726660879862.png\",\"width\":200,\"height\":120,\"caption\":\"Universiteti \\\"Fan S. Noli\\\", Kor\u00e7\u00eb\"},\"image\":{\"@id\":\"https:\/\/unkorce.edu.al\/#\/schema\/logo\/image\/\"},\"sameAs\":[\"https:\/\/www.facebook.com\/unkorce\"]}]}<\/script>\n<!-- \/ Yoast SEO plugin. -->","yoast_head_json":{"title":"Konferenca Shkencore - Universiteti \"Fan S. Noli\", Kor\u00e7\u00eb","robots":{"index":"index","follow":"follow","max-snippet":"max-snippet:-1","max-image-preview":"max-image-preview:large","max-video-preview":"max-video-preview:-1"},"canonical":"https:\/\/unkorce.edu.al\/en\/konferenca-shkencore-nderkombetare\/","og_locale":"en_US","og_type":"article","og_title":"Konferenca Shkencore - Universiteti \"Fan S. Noli\", Kor\u00e7\u00eb","og_url":"https:\/\/unkorce.edu.al\/en\/konferenca-shkencore-nderkombetare\/","og_site_name":"Universiteti \"Fan S. Noli\", Kor\u00e7\u00eb","article_publisher":"https:\/\/www.facebook.com\/unkorce","article_modified_time":"2026-02-10T10:32:23+00:00","twitter_card":"summary_large_image","twitter_misc":{"Est. reading time":"1 minute"},"schema":{"@context":"https:\/\/schema.org","@graph":[{"@type":"WebPage","@id":"https:\/\/unkorce.edu.al\/konferenca-shkencore-nderkombetare\/","url":"https:\/\/unkorce.edu.al\/konferenca-shkencore-nderkombetare\/","name":"Konferenca Shkencore - Universiteti \"Fan S. Noli\", Kor\u00e7\u00eb","isPartOf":{"@id":"https:\/\/unkorce.edu.al\/#website"},"datePublished":"2023-04-24T09:20:07+00:00","dateModified":"2026-02-10T10:32:23+00:00","breadcrumb":{"@id":"https:\/\/unkorce.edu.al\/konferenca-shkencore-nderkombetare\/#breadcrumb"},"inLanguage":"en-US","potentialAction":[{"@type":"ReadAction","target":["https:\/\/unkorce.edu.al\/konferenca-shkencore-nderkombetare\/"]}]},{"@type":"BreadcrumbList","@id":"https:\/\/unkorce.edu.al\/konferenca-shkencore-nderkombetare\/#breadcrumb","itemListElement":[{"@type":"ListItem","position":1,"name":"Home","item":"https:\/\/unkorce.edu.al\/"},{"@type":"ListItem","position":2,"name":"Konferenca Shkencore"}]},{"@type":"WebSite","@id":"https:\/\/unkorce.edu.al\/#website","url":"https:\/\/unkorce.edu.al\/","name":"Universiteti \"Fan S. Noli\", Kor\u00e7\u00eb","description":"Mir&euml;sevini n&euml; faqen zyrtare!","publisher":{"@id":"https:\/\/unkorce.edu.al\/#organization"},"potentialAction":[{"@type":"SearchAction","target":{"@type":"EntryPoint","urlTemplate":"https:\/\/unkorce.edu.al\/?s={search_term_string}"},"query-input":{"@type":"PropertyValueSpecification","valueRequired":true,"valueName":"search_term_string"}}],"inLanguage":"en-US"},{"@type":"Organization","@id":"https:\/\/unkorce.edu.al\/#organization","name":"Universiteti \"Fan S. Noli\", Kor\u00e7\u00eb","url":"https:\/\/unkorce.edu.al\/","logo":{"@type":"ImageObject","inLanguage":"en-US","@id":"https:\/\/unkorce.edu.al\/#\/schema\/logo\/image\/","url":"https:\/\/unkorce.edu.al\/wp-content\/uploads\/2024\/08\/Logo_e_Universitetit__Fan_Noli_-e1726660879862.png","contentUrl":"https:\/\/unkorce.edu.al\/wp-content\/uploads\/2024\/08\/Logo_e_Universitetit__Fan_Noli_-e1726660879862.png","width":200,"height":120,"caption":"Universiteti \"Fan S. Noli\", Kor\u00e7\u00eb"},"image":{"@id":"https:\/\/unkorce.edu.al\/#\/schema\/logo\/image\/"},"sameAs":["https:\/\/www.facebook.com\/unkorce"]}]}},"_links":{"self":[{"href":"https:\/\/unkorce.edu.al\/en\/wp-json\/wp\/v2\/pages\/17981","targetHints":{"allow":["GET"]}}],"collection":[{"href":"https:\/\/unkorce.edu.al\/en\/wp-json\/wp\/v2\/pages"}],"about":[{"href":"https:\/\/unkorce.edu.al\/en\/wp-json\/wp\/v2\/types\/page"}],"author":[{"embeddable":true,"href":"https:\/\/unkorce.edu.al\/en\/wp-json\/wp\/v2\/users\/122"}],"replies":[{"embeddable":true,"href":"https:\/\/unkorce.edu.al\/en\/wp-json\/wp\/v2\/comments?post=17981"}],"version-history":[{"count":21,"href":"https:\/\/unkorce.edu.al\/en\/wp-json\/wp\/v2\/pages\/17981\/revisions"}],"predecessor-version":[{"id":36307,"href":"https:\/\/unkorce.edu.al\/en\/wp-json\/wp\/v2\/pages\/17981\/revisions\/36307"}],"wp:attachment":[{"href":"https:\/\/unkorce.edu.al\/en\/wp-json\/wp\/v2\/media?parent=17981"}],"curies":[{"name":"wp","href":"https:\/\/api.w.org\/{rel}","templated":true}]}}