{"id":16825,"date":"2023-02-08T09:47:21","date_gmt":"2023-02-08T09:47:21","guid":{"rendered":"\/?page_id=16825"},"modified":"2023-02-08T09:47:21","modified_gmt":"2023-02-08T09:47:21","slug":"dokumente-te-tera","status":"publish","type":"page","link":"https:\/\/unkorce.edu.al\/en\/dokumente-te-tera\/","title":{"rendered":"Dokumente t\u00eb tjera"},"content":{"rendered":"<p><a class=\"ek-link\" href=\"\/en\/archive\/programi_transparences\/KUADRI%20LIGJOR%20RREGULLATOR\/akte%20nenligjore\/STATUTI%20I%20RI-2022.pdf\/\">STATUTI I UNIVERSITETIT &#8220;FAN S. NOLI&#8221;, KOR\u00c7\u00cb<\/a><\/p>\n\n\n\n<p><a href=\"\/wp-content\/uploads\/2023\/04\/RREGULLORE-E-UNIVERSITETIT-FAN-S.-NOLI-KORCE.pdf\">RREGULLORE E UNIVERSITETIT &#8220;FAN S. NOLI&#8221;, KOR\u00c7\u00cb<\/a><\/p>\n\n\n\n<p><a href=\"\/wp-content\/uploads\/2023\/06\/KODI-I-ETIKES-I-UNIVERSITETIT-FAN-S.-NOLI.pdf\">KODI I ETIK\u00cbS<\/a><\/p>\n\n\n\n<p><a class=\"ek-link\" href=\"\/en\/archive\/programi_transparences\/MEKANIZMAT%20KONTROLLUES%20QE%20VEPROJNE%20MBI%20AP\/PLANI%20STRATEGJIK%20I%20ZHVILLIMIT%20T\u00cb%20UNIVERSITETIT%20FAN%20S.%20NOLI,%20KOR\u00c7\u00cb%202022-2027.pdf\/\">PLANI STRATEGJIK I UNIVERSITETIT &#8220;FAN S. NOLI&#8221;, 2022-2027<\/a><\/p>\n\n\n\n<p><a href=\"\/wp-content\/uploads\/2024\/01\/Strategic-Development-Plan-of-UNIKO-2022-2027-Eng-E-PLOTE.pdf\">STRATEGIC DEVELOPMENT PLAN OF &#8220;UNIVERSITY FAN NOLI&#8221;FAN S. NOLI&#8221; UNIVERSITY<\/a><\/p>\n\n\n\n<p><a href=\"\/wp-content\/uploads\/2024\/07\/AKREDITIMI-PERIODIK-UNIKO-2023.pdf\">CERTIFIKAT\u00cb AKREDITIMI, INSTITUCIONI I ARSIMIT T\u00cb LART\u00cb, UNIVERSITETI &#8220;FAN S. NOLI&#8221;, KOR\u00c7\u00cb<\/a><\/p>\n\n\n\n<p><a class=\"ek-link\" href=\"\/en\/archive\/programi_transparences\/KUADRI%20LIGJOR%20RREGULLATOR\/rregullore\/rregulloret.pdf\/\">RREGULLORE<\/a><\/p>\n\n\n\n<p><a href=\"\/en\/archive\/programi_transparences\/KUADRI%20LIGJOR%20RREGULLATOR\/rregullore\/RREGULLORE%20P%C3%8BR%20ORGANIZIMIN%20E%20ZGJEDHJEVE%20P%C3%8BR%20AUTORITETET%20DHE%20ORGANET%20DREJTUESE%20N%C3%8B%20UNIKO.pdf\/\">RREGULLORE P\u00cbR ORGANIZIMIN E ZGJEDHJEVE P\u00cbR AUTORITETET DHE ORGANET DREJTUESE N\u00cb UNIKO<\/a><\/p>","protected":false},"excerpt":{"rendered":"<p>STATUTI I UNIVERSITETIT &#8220;FAN S. NOLI&#8221;, KOR\u00c7\u00cb RREGULLORE E UNIVERSITETIT &#8220;FAN S. NOLI&#8221;, KOR\u00c7\u00cb KODI I ETIK\u00cbS PLANI STRATEGJIK I UNIVERSITETIT &#8220;FAN S. NOLI&#8221;, 2022-2027 STRATEGIC DEVELOPMENT PLAN OF &#8220;UNIVERSITY FAN NOLI&#8221;FAN S. NOLI&#8221; UNIVERSITY CERTIFIKAT\u00cb AKREDITIMI, INSTITUCIONI I ARSIMIT T\u00cb LART\u00cb, UNIVERSITETI &#8220;FAN S. NOLI&#8221;, KOR\u00c7\u00cb RREGULLORE RREGULLORE P\u00cbR ORGANIZIMIN E ZGJEDHJEVE P\u00cbR AUTORITETET&#8230;<\/p>","protected":false},"author":122,"featured_media":0,"parent":0,"menu_order":0,"comment_status":"closed","ping_status":"closed","template":"","meta":{"_acf_changed":false,"footnotes":""},"class_list":["post-16825","page","type-page","status-publish","hentry"],"acf":[],"yoast_head":"<!-- This site is optimized with the Yoast SEO plugin v26.9 - https:\/\/yoast.com\/product\/yoast-seo-wordpress\/ -->\n<title>Dokumente t\u00eb tjera - Universiteti &quot;Fan S. Noli&quot;, Kor\u00e7\u00eb<\/title>\n<meta name=\"robots\" content=\"index, follow, max-snippet:-1, max-image-preview:large, max-video-preview:-1\" \/>\n<link rel=\"canonical\" href=\"https:\/\/unkorce.edu.al\/en\/dokumente-te-tera\/\" \/>\n<meta property=\"og:locale\" content=\"en_US\" \/>\n<meta property=\"og:type\" content=\"article\" \/>\n<meta property=\"og:title\" content=\"Dokumente t\u00eb tjera - Universiteti &quot;Fan S. Noli&quot;, Kor\u00e7\u00eb\" \/>\n<meta property=\"og:description\" content=\"STATUTI I UNIVERSITETIT &#8220;FAN S. NOLI&#8221;, KOR\u00c7\u00cb RREGULLORE E UNIVERSITETIT &#8220;FAN S. NOLI&#8221;, KOR\u00c7\u00cb KODI I ETIK\u00cbS PLANI STRATEGJIK I UNIVERSITETIT &#8220;FAN S. NOLI&#8221;, 2022-2027 STRATEGIC DEVELOPMENT PLAN OF &#8220;UNIVERSITY FAN NOLI&#8221;FAN S. NOLI&#8221; UNIVERSITY CERTIFIKAT\u00cb AKREDITIMI, INSTITUCIONI I ARSIMIT T\u00cb LART\u00cb, UNIVERSITETI &#8220;FAN S. NOLI&#8221;, KOR\u00c7\u00cb RREGULLORE RREGULLORE P\u00cbR ORGANIZIMIN E ZGJEDHJEVE P\u00cbR AUTORITETET...\" \/>\n<meta property=\"og:url\" content=\"https:\/\/unkorce.edu.al\/en\/dokumente-te-tera\/\" \/>\n<meta property=\"og:site_name\" content=\"Universiteti &quot;Fan S. Noli&quot;, Kor\u00e7\u00eb\" \/>\n<meta property=\"article:publisher\" content=\"https:\/\/www.facebook.com\/unkorce\" \/>\n<meta name=\"twitter:card\" content=\"summary_large_image\" \/>\n<script type=\"application\/ld+json\" class=\"yoast-schema-graph\">{\"@context\":\"https:\/\/schema.org\",\"@graph\":[{\"@type\":\"WebPage\",\"@id\":\"https:\/\/unkorce.edu.al\/dokumente-te-tera\/\",\"url\":\"https:\/\/unkorce.edu.al\/dokumente-te-tera\/\",\"name\":\"Dokumente t\u00eb tjera - Universiteti \\\"Fan S. Noli\\\", Kor\u00e7\u00eb\",\"isPartOf\":{\"@id\":\"https:\/\/unkorce.edu.al\/#website\"},\"datePublished\":\"2023-02-08T09:47:21+00:00\",\"breadcrumb\":{\"@id\":\"https:\/\/unkorce.edu.al\/dokumente-te-tera\/#breadcrumb\"},\"inLanguage\":\"en-US\",\"potentialAction\":[{\"@type\":\"ReadAction\",\"target\":[\"https:\/\/unkorce.edu.al\/dokumente-te-tera\/\"]}]},{\"@type\":\"BreadcrumbList\",\"@id\":\"https:\/\/unkorce.edu.al\/dokumente-te-tera\/#breadcrumb\",\"itemListElement\":[{\"@type\":\"ListItem\",\"position\":1,\"name\":\"Home\",\"item\":\"https:\/\/unkorce.edu.al\/\"},{\"@type\":\"ListItem\",\"position\":2,\"name\":\"Dokumente t\u00eb tjera\"}]},{\"@type\":\"WebSite\",\"@id\":\"https:\/\/unkorce.edu.al\/#website\",\"url\":\"https:\/\/unkorce.edu.al\/\",\"name\":\"Universiteti \\\"Fan S. Noli\\\", Kor\u00e7\u00eb\",\"description\":\"Mir&euml;sevini n&euml; faqen zyrtare!\",\"publisher\":{\"@id\":\"https:\/\/unkorce.edu.al\/#organization\"},\"potentialAction\":[{\"@type\":\"SearchAction\",\"target\":{\"@type\":\"EntryPoint\",\"urlTemplate\":\"https:\/\/unkorce.edu.al\/?s={search_term_string}\"},\"query-input\":{\"@type\":\"PropertyValueSpecification\",\"valueRequired\":true,\"valueName\":\"search_term_string\"}}],\"inLanguage\":\"en-US\"},{\"@type\":\"Organization\",\"@id\":\"https:\/\/unkorce.edu.al\/#organization\",\"name\":\"Universiteti \\\"Fan S. Noli\\\", Kor\u00e7\u00eb\",\"url\":\"https:\/\/unkorce.edu.al\/\",\"logo\":{\"@type\":\"ImageObject\",\"inLanguage\":\"en-US\",\"@id\":\"https:\/\/unkorce.edu.al\/#\/schema\/logo\/image\/\",\"url\":\"https:\/\/unkorce.edu.al\/wp-content\/uploads\/2024\/08\/Logo_e_Universitetit__Fan_Noli_-e1726660879862.png\",\"contentUrl\":\"https:\/\/unkorce.edu.al\/wp-content\/uploads\/2024\/08\/Logo_e_Universitetit__Fan_Noli_-e1726660879862.png\",\"width\":200,\"height\":120,\"caption\":\"Universiteti \\\"Fan S. Noli\\\", Kor\u00e7\u00eb\"},\"image\":{\"@id\":\"https:\/\/unkorce.edu.al\/#\/schema\/logo\/image\/\"},\"sameAs\":[\"https:\/\/www.facebook.com\/unkorce\"]}]}<\/script>\n<!-- \/ Yoast SEO plugin. -->","yoast_head_json":{"title":"Dokumente t\u00eb tjera - Universiteti \"Fan S. Noli\", Kor\u00e7\u00eb","robots":{"index":"index","follow":"follow","max-snippet":"max-snippet:-1","max-image-preview":"max-image-preview:large","max-video-preview":"max-video-preview:-1"},"canonical":"https:\/\/unkorce.edu.al\/en\/dokumente-te-tera\/","og_locale":"en_US","og_type":"article","og_title":"Dokumente t\u00eb tjera - Universiteti \"Fan S. Noli\", Kor\u00e7\u00eb","og_description":"STATUTI I UNIVERSITETIT &#8220;FAN S. NOLI&#8221;, KOR\u00c7\u00cb RREGULLORE E UNIVERSITETIT &#8220;FAN S. NOLI&#8221;, KOR\u00c7\u00cb KODI I ETIK\u00cbS PLANI STRATEGJIK I UNIVERSITETIT &#8220;FAN S. NOLI&#8221;, 2022-2027 STRATEGIC DEVELOPMENT PLAN OF &#8220;UNIVERSITY FAN NOLI&#8221;FAN S. NOLI&#8221; UNIVERSITY CERTIFIKAT\u00cb AKREDITIMI, INSTITUCIONI I ARSIMIT T\u00cb LART\u00cb, UNIVERSITETI &#8220;FAN S. NOLI&#8221;, KOR\u00c7\u00cb RREGULLORE RREGULLORE P\u00cbR ORGANIZIMIN E ZGJEDHJEVE P\u00cbR AUTORITETET...","og_url":"https:\/\/unkorce.edu.al\/en\/dokumente-te-tera\/","og_site_name":"Universiteti \"Fan S. Noli\", Kor\u00e7\u00eb","article_publisher":"https:\/\/www.facebook.com\/unkorce","twitter_card":"summary_large_image","schema":{"@context":"https:\/\/schema.org","@graph":[{"@type":"WebPage","@id":"https:\/\/unkorce.edu.al\/dokumente-te-tera\/","url":"https:\/\/unkorce.edu.al\/dokumente-te-tera\/","name":"Dokumente t\u00eb tjera - Universiteti \"Fan S. Noli\", Kor\u00e7\u00eb","isPartOf":{"@id":"https:\/\/unkorce.edu.al\/#website"},"datePublished":"2023-02-08T09:47:21+00:00","breadcrumb":{"@id":"https:\/\/unkorce.edu.al\/dokumente-te-tera\/#breadcrumb"},"inLanguage":"en-US","potentialAction":[{"@type":"ReadAction","target":["https:\/\/unkorce.edu.al\/dokumente-te-tera\/"]}]},{"@type":"BreadcrumbList","@id":"https:\/\/unkorce.edu.al\/dokumente-te-tera\/#breadcrumb","itemListElement":[{"@type":"ListItem","position":1,"name":"Home","item":"https:\/\/unkorce.edu.al\/"},{"@type":"ListItem","position":2,"name":"Dokumente t\u00eb tjera"}]},{"@type":"WebSite","@id":"https:\/\/unkorce.edu.al\/#website","url":"https:\/\/unkorce.edu.al\/","name":"Universiteti \"Fan S. Noli\", Kor\u00e7\u00eb","description":"Mir&euml;sevini n&euml; faqen zyrtare!","publisher":{"@id":"https:\/\/unkorce.edu.al\/#organization"},"potentialAction":[{"@type":"SearchAction","target":{"@type":"EntryPoint","urlTemplate":"https:\/\/unkorce.edu.al\/?s={search_term_string}"},"query-input":{"@type":"PropertyValueSpecification","valueRequired":true,"valueName":"search_term_string"}}],"inLanguage":"en-US"},{"@type":"Organization","@id":"https:\/\/unkorce.edu.al\/#organization","name":"Universiteti \"Fan S. Noli\", Kor\u00e7\u00eb","url":"https:\/\/unkorce.edu.al\/","logo":{"@type":"ImageObject","inLanguage":"en-US","@id":"https:\/\/unkorce.edu.al\/#\/schema\/logo\/image\/","url":"https:\/\/unkorce.edu.al\/wp-content\/uploads\/2024\/08\/Logo_e_Universitetit__Fan_Noli_-e1726660879862.png","contentUrl":"https:\/\/unkorce.edu.al\/wp-content\/uploads\/2024\/08\/Logo_e_Universitetit__Fan_Noli_-e1726660879862.png","width":200,"height":120,"caption":"Universiteti \"Fan S. Noli\", Kor\u00e7\u00eb"},"image":{"@id":"https:\/\/unkorce.edu.al\/#\/schema\/logo\/image\/"},"sameAs":["https:\/\/www.facebook.com\/unkorce"]}]}},"_links":{"self":[{"href":"https:\/\/unkorce.edu.al\/en\/wp-json\/wp\/v2\/pages\/16825","targetHints":{"allow":["GET"]}}],"collection":[{"href":"https:\/\/unkorce.edu.al\/en\/wp-json\/wp\/v2\/pages"}],"about":[{"href":"https:\/\/unkorce.edu.al\/en\/wp-json\/wp\/v2\/types\/page"}],"author":[{"embeddable":true,"href":"https:\/\/unkorce.edu.al\/en\/wp-json\/wp\/v2\/users\/122"}],"replies":[{"embeddable":true,"href":"https:\/\/unkorce.edu.al\/en\/wp-json\/wp\/v2\/comments?post=16825"}],"version-history":[{"count":0,"href":"https:\/\/unkorce.edu.al\/en\/wp-json\/wp\/v2\/pages\/16825\/revisions"}],"wp:attachment":[{"href":"https:\/\/unkorce.edu.al\/en\/wp-json\/wp\/v2\/media?parent=16825"}],"curies":[{"name":"wp","href":"https:\/\/api.w.org\/{rel}","templated":true}]}}