{"id":16675,"date":"2023-01-31T12:58:02","date_gmt":"2023-01-31T12:58:02","guid":{"rendered":"\/?page_id=16675"},"modified":"2023-01-31T12:58:02","modified_gmt":"2023-01-31T12:58:02","slug":"thirrje-per-projekte","status":"publish","type":"page","link":"https:\/\/unkorce.edu.al\/en\/thirrje-per-projekte\/","title":{"rendered":"Call for projects"},"content":{"rendered":"<h2 class=\"wp-block-heading\">THIRRJE P\u00cbR APLIKIM P\u00cbR PROJEKTE T\u00cb INFRASTRUKTUR\u00cbS S\u00cb K\u00cbRKIMIT SHKENCOR N\u00cb INSTITUCIONET E ARSIMIT T\u00cb LART\u00cb (PIKSH)<\/h2>\n\n\n\n<p>(2024)<\/p>\n\n\n\n<h2 class=\"wp-block-heading\"><a href=\"\/wp-content\/uploads\/2024\/03\/THIRRJA-PER-PROJEKTE-TE-KERKIMIT-SHKENCOR-TE-FINANCUARA-NGA-TE-ARDHURAT-E-UNIKO-VITI-2024.pdf\">Thirrje p\u00ebr projektpropozime<\/a><\/h2>\n\n\n\n<h2 class=\"wp-block-heading\"><a href=\"\/wp-content\/uploads\/2024\/03\/1.-Rregullore-_-Procedure-per-projekte-institucionale-1.pdf\">Procedura p\u00ebr aplikim, miratim dhe zbatim t\u00eb projekte t\u00eb financuara nga t\u00eb ardhurat e institucionit<\/a><\/h2>\n\n\n\n<h2 class=\"wp-block-heading\"><strong><a href=\"\/wp-content\/uploads\/2024\/03\/1a-FORMATI-I.docx\">FORMA E APLIKIMIT P\u00cbR PROJEKTE T\u00cb K\u00cbRKIMIT SHKENCOR FINANCUAR NGA T\u00cb ARDHURAT E UNIVERSITETIT \u201cFAN S. NOLI\u201d<\/a><\/strong><\/h2>\n\n\n\n<h2 class=\"wp-block-heading\"><strong><a href=\"\/wp-content\/uploads\/2024\/03\/1c-FORMATI-III.docx\">FORMATI I RAPORTIMIT PERIODIK<\/a><\/strong><\/h2>\n\n\n\n<h2 class=\"wp-block-heading\"><strong><a href=\"\/wp-content\/uploads\/2024\/03\/1d-FORMATI-IV.docx\">RAPORTI P\u00cbRFUNDIMTAR I PROJEKTIT<\/a><\/strong><\/h2>\n\n\n\n<h2 class=\"wp-block-heading\"><strong><a href=\"\/wp-content\/uploads\/2024\/03\/1b-FORMATI-II.docx\">KRITERET P\u00cbR VLER\u00cbSIMIN E PROJEKTPROPOZIMEVE<\/a><\/strong><\/h2>\n\n\n\n<hr class=\"wp-block-separator has-alpha-channel-opacity\"\/>\n\n\n\n<h2 class=\"wp-block-heading\"><a href=\"\/wp-content\/uploads\/2024\/02\/THIRRJE-PER-APLIKIM-PER-PROJEKTE-TE-INFRASTRUKTURES-SE-KERKIMIT-SHKENCOR-NE-INSTITUCIONET-E-ARSIMIT-TE-LARTE-PIKSH-PER-VITIN-2024.pdf\">THIRRJE P\u00cbR PROJEKT- PROPOZIME N\u00cb KUAD\u00cbR T\u00cb PROGRAMEVE KOMB\u00cbTARE T\u00cb K\u00cbRKIMIT SHKENCOR P\u00cbR VITIN 2024 (PIKSH)<\/a><\/h2>\n\n\n\n<h2 class=\"wp-block-heading\"><a href=\"\/wp-content\/uploads\/2024\/02\/UDHEZUES-PER-PROCEDURAT-E-APLIKIMIT-SHQYRTIMIT-VLERESIMIT-MIRATIMIT-DHE-MONITORIMIT-TE-PROJEKTEVE-TEINFRASTRUKTURES-SE-KERKIMIT-SHKENCOR-PIKSH-2024.pdf\">UDH\u00cbZUES P\u00cbR PROJEKTET KOMB\u00cbTARE T\u00cb K\u00cbRKIMIT DHE ZHVILLIMIT (PIKSH) 2024<\/a><\/h2>\n\n\n\n<h2 class=\"wp-block-heading\"><a href=\"\/wp-content\/uploads\/2024\/02\/Lista-e-dokumentave-per-aplikim-per-PIKSH-2024.docx\">Lista e dokumentave p\u00ebr aplikim p\u00ebr PIKSH 2024<\/a><\/h2>\n\n\n\n<h2 class=\"wp-block-heading\"><a href=\"\/wp-content\/uploads\/2024\/02\/ANEKS-1.-Forma-e-aplikimit-per-Projekte-te-Infrastruktures-se-Kerkimit-Shkencor-PIKSH-2024.docx\">ANEKS 1. Forma e aplikimit p\u00ebr projekte t\u00eb PIKSH 2024<\/a><\/h2>\n\n\n\n<h2 class=\"wp-block-heading\"><a href=\"\/wp-content\/uploads\/2024\/02\/ANEKS-2.-Forma-e-Propozimit-Financiar-PIKSH-2024.xlsx\">ANEKS 2. Forma e Propozimit Financiar 2024<\/a><\/h2>\n\n\n\n<hr class=\"wp-block-separator has-alpha-channel-opacity\"\/>\n\n\n\n<h2 class=\"wp-block-heading\"><strong>Projekte Komb\u00ebtare t\u00eb K\u00ebrkimit dhe t\u00eb Zhvillimit (PKKZH)&nbsp;<\/strong><\/h2>\n\n\n\n<p>(2024)<\/p>\n\n\n\n<h2 class=\"wp-block-heading\"><a href=\"\/wp-content\/uploads\/2024\/02\/THIRRJE-PER-PROJEKT-PROPOZIME-NE-KUADER-TE-PROGRAMEVE-KOMBETARE-TE-KERKIMIT-SHKENCOR-PER-VITIN-2024-PKKZH-DHE-PTI.pdf\">THIRRJE P\u00cbR PROJEKT- PROPOZIME N\u00cb KUAD\u00cbR T\u00cb PROGRAMEVE KOMB\u00cbTARE T\u00cb K\u00cbRKIMIT SHKENCOR P\u00cbR VITIN 2024 (PKKZH DHE PTI)<\/a><\/h2>\n\n\n\n<h2 class=\"wp-block-heading\"><a href=\"\/wp-content\/uploads\/2024\/02\/UDHEZUES-PER-PROJEKTET-KOMBETARE-TE-KERKIMIT-DHE-ZHVILLIMIT-PKKZH-2024.pdf\">UDH\u00cbZUES P\u00cbR PROJEKTET KOMB\u00cbTARE T\u00cb K\u00cbRKIMIT DHE ZHVILLIMIT (PKKZH) 2024<\/a><\/h2>\n\n\n\n<h2 class=\"wp-block-heading\"><a href=\"\/wp-content\/uploads\/2024\/02\/Lista-e-dokumentave-per-aplikim-per-PKKZH-2024-1.docx\">Lista e dokumentave p\u00ebr aplikim p\u00ebr PKKZH 2024<\/a><\/h2>\n\n\n\n<h2 class=\"wp-block-heading\"><a href=\"\/wp-content\/uploads\/2024\/02\/ANEKS-1.-Forma-e-aplikimit-per-projekte-te-PKKZH-2024-1.docx\">ANEKS 1. Forma e aplikimit p\u00ebr projekte t\u00eb PKKZH 2024<\/a><\/h2>\n\n\n\n<h2 class=\"wp-block-heading\"><a href=\"\/wp-content\/uploads\/2024\/02\/ANEKS-2.-Forma-e-Propozimit-Financiar-2024-1.xlsx\">ANEKS 2. Forma e Propozimit Financiar 2024<\/a><\/h2>\n\n\n\n<h2 class=\"wp-block-heading\"><a href=\"\/wp-content\/uploads\/2024\/02\/ANEKS-3.-Deklarata-e-angazhimit-PKKZH-2024-1.docx\">ANEKS 3. Deklarata e angazhimit PKKZH 2024<\/a><\/h2>\n\n\n\n<hr class=\"wp-block-separator has-alpha-channel-opacity\"\/>\n\n\n\n<h2 class=\"wp-block-heading\"><strong>Projekte e Teknologjis\u00eb dhe Inovacionit (PTI)<\/strong><\/h2>\n\n\n\n<p>(2024)<\/p>\n\n\n\n<h2 class=\"wp-block-heading\"><a href=\"\/wp-content\/uploads\/2024\/02\/THIRRJE-PER-PROJEKT-PROPOZIME-NE-KUADER-TE-PROGRAMEVE-KOMBETARE-TE-KERKIMIT-SHKENCOR-PER-VITIN-2024-PKKZH-DHE-PTI.pdf\">THIRRJE P\u00cbR PROJEKT- PROPOZIME N\u00cb KUAD\u00cbR T\u00cb PROGRAMEVE KOMB\u00cbTARE T\u00cb K\u00cbRKIMIT SHKENCOR P\u00cbR VITIN 2024 (PKKZH DHE PTI)<\/a><\/h2>\n\n\n\n<h2 class=\"wp-block-heading\"><a href=\"\/wp-content\/uploads\/2024\/02\/UDHEZUES-PER-PROJEKTE-TE-TEKNOLOGJISE-DHE-INOVACIONIT-PTI-Projekte-qe-vijne-si-bashkepunim-i-Universitetit-me-Biznesin-2024.pdf\">UDH\u00cbZUES P\u00cbR PROJEKTE T\u00cb TEKNOLOGJIS\u00cb DHE INOVACIONIT (PTI) (PROJEKTE Q\u00cb VIJN\u00cb SI BASHK\u00cbPUNIM I UNIVERSITETIT ME BIZNESIN) 2024<\/a><\/h2>\n\n\n\n<h2 class=\"wp-block-heading\"><a href=\"\/wp-content\/uploads\/2024\/02\/Lista-e-dokumentave-per-aplikim-per-PTI-2024.docx\">Lista e dokumentave p\u00ebr aplikim p\u00ebr PTI 2024<\/a><\/h2>\n\n\n\n<h2 class=\"wp-block-heading\"><a href=\"\/wp-content\/uploads\/2024\/02\/ANEKS-1.-Forma-e-aplikimit-per-projekte-te-PTI-2024-1.docx\">ANEKS 1. Forma e aplikimit p\u00ebr projekte t\u00eb PTI 2024<\/a><\/h2>\n\n\n\n<h2 class=\"wp-block-heading\"><a href=\"\/wp-content\/uploads\/2024\/02\/ANEKS-2.-Forma-e-Propozimit-Financiar-2024-1-1.xlsx\">ANEKS 2. Forma e Propozimit Financiar 2024<\/a><\/h2>\n\n\n\n<h2 class=\"wp-block-heading\"><a href=\"\/wp-content\/uploads\/2024\/02\/ANEKS-3.-Deklarata-e-angazhimit-PTI-2024.docx\">ANEKS 3. Deklarata e angazhimit PTI 2024<\/a><\/h2>\n\n\n\n<hr class=\"wp-block-separator has-alpha-channel-opacity\"\/>\n\n\n\n<h2 class=\"wp-block-heading\"><a href=\"\/wp-content\/uploads\/2023\/04\/nr1-2.Thirrja-per-projekte-PTI_Universitet-Biznes-1.pdf\">THIRRJE P\u00cbR APLIKIM P\u00cbR PROJEKTE T\u00cb TEKNOLOGJIS\u00cb DHE INOVACIONIT PER VITIN 2023-2024 (PROJEKTET VIJN\u00cb SI PROPOZIME T\u00cb UNIVERSITETIT ME BIZNESIN)<\/a><\/h2>\n\n\n\n<h2 class=\"wp-block-heading\"><a href=\"\/wp-content\/uploads\/2023\/04\/nr2-Udhezues-per-aplikim-per-projektet-si-bashkepunim-i-universitetit-me-biznesin.pdf\">UDH\u00cbZUES P\u00cbR PROJEKTET E TEKNOLOGJIS\u00cb DHE INOVACIONIT (PTI) (Projekte q\u00eb vijn\u00eb si bashk\u00ebpunim i Universitetit me Biznesin)<\/a><\/h2>\n\n\n\n<h2 class=\"wp-block-heading\"><a href=\"\/wp-content\/uploads\/2023\/04\/nr3-Aneksi-1-Formati-i-aplikimit-per-IAL-BIZNES.docx\">Aneksi 1 &#8211; Formati i aplikimit per IAL BIZNES<\/a><\/h2>\n\n\n\n<h2 class=\"wp-block-heading\"><a href=\"\/wp-content\/uploads\/2023\/04\/nr4-Aneksi-2.-Formati-i-propozimit-financiar-IAL-BIZNES-1.xlsx\">Aneksi 2 &#8211; Formati i propozimit financiar IAL BIZNES<\/a><\/h2>\n\n\n\n<hr class=\"wp-block-separator has-alpha-channel-opacity\"\/>\n\n\n\n<h2 class=\"wp-block-heading\"><a href=\"\/wp-content\/uploads\/2023\/04\/nr1-4.Thirrje-per-projekt-propozime_PIKSH_24.03.23_rev-1.pdf\">Thirrje p\u00ebr projektpropozime<\/a><\/h2>\n\n\n\n<h2 class=\"wp-block-heading\"><a href=\"\/wp-content\/uploads\/2023\/04\/nr2-UDHEZUES-PER-PROCEDURAT-E-APLIKIMIT-SHQYRTIMIT-VLERESIMIT-MIRATIMIT-DHE-MONITORIMIT-TE-PROJEKTEVE-TE-INFRASTRUKTURES-SE-KERKIMIT-SHKENCOR-PIKSH.pdf\">UDH\u00cbZUES P\u00cbR PROCEDURAT E APLIKIMIT, SHQYRTIMIT, VLER\u00cbSIMIT, MIRATIMIT DHE MONITORIMIT T\u00cb PROJEKTEVE T\u00cb INFRASTRUKTUR\u00cbS S\u00cb K\u00cbRKIMIT SHKENCOR (PIKSH)<\/a><\/h2>\n\n\n\n<h2 class=\"wp-block-heading\"><a href=\"\/wp-content\/uploads\/2023\/04\/nr3-Aneksi-1-Formati-i-aplikimit-per-PIKSH-5.docx\">Aneksi 1 &#8211; Formati i aplikimit per PIKSH<\/a><\/h2>\n\n\n\n<h2 class=\"wp-block-heading\"><a href=\"\/wp-content\/uploads\/2023\/04\/nr4-Aneksi-2-Formati-i-propozimit-financiar-per-PIKSH-1.xlsx\">Aneksi 2 &#8211; Formati i propozimit financiar per PIKSH<\/a><\/h2>\n\n\n\n<hr class=\"wp-block-separator has-alpha-channel-opacity\"\/>\n\n\n\n<h2 class=\"wp-block-heading\"><\/h2>","protected":false},"excerpt":{"rendered":"<p>THIRRJE P\u00cbR APLIKIM P\u00cbR PROJEKTE T\u00cb INFRASTRUKTUR\u00cbS S\u00cb K\u00cbRKIMIT SHKENCOR N\u00cb INSTITUCIONET E ARSIMIT T\u00cb LART\u00cb (PIKSH) (2024) Thirrje p\u00ebr projektpropozime Procedura p\u00ebr aplikim, miratim dhe zbatim t\u00eb projekte t\u00eb financuara nga t\u00eb ardhurat e institucionit FORMA E APLIKIMIT P\u00cbR PROJEKTE T\u00cb K\u00cbRKIMIT SHKENCOR FINANCUAR NGA T\u00cb ARDHURAT E UNIVERSITETIT \u201cFAN S. NOLI\u201d FORMATI I&#8230;<\/p>","protected":false},"author":122,"featured_media":0,"parent":0,"menu_order":0,"comment_status":"closed","ping_status":"closed","template":"","meta":{"_acf_changed":false,"footnotes":""},"class_list":["post-16675","page","type-page","status-publish","hentry"],"acf":[],"yoast_head":"<!-- This site is optimized with the Yoast SEO plugin v26.9 - https:\/\/yoast.com\/product\/yoast-seo-wordpress\/ -->\n<title>Thirrje p\u00ebr projekte - Universiteti &quot;Fan S. Noli&quot;, Kor\u00e7\u00eb<\/title>\n<meta name=\"robots\" content=\"index, follow, max-snippet:-1, max-image-preview:large, max-video-preview:-1\" \/>\n<link rel=\"canonical\" href=\"https:\/\/unkorce.edu.al\/en\/thirrje-per-projekte\/\" \/>\n<meta property=\"og:locale\" content=\"en_US\" \/>\n<meta property=\"og:type\" content=\"article\" \/>\n<meta property=\"og:title\" content=\"Thirrje p\u00ebr projekte - Universiteti &quot;Fan S. Noli&quot;, Kor\u00e7\u00eb\" \/>\n<meta property=\"og:description\" content=\"THIRRJE P\u00cbR APLIKIM P\u00cbR PROJEKTE T\u00cb INFRASTRUKTUR\u00cbS S\u00cb K\u00cbRKIMIT SHKENCOR N\u00cb INSTITUCIONET E ARSIMIT T\u00cb LART\u00cb (PIKSH) (2024) Thirrje p\u00ebr projektpropozime Procedura p\u00ebr aplikim, miratim dhe zbatim t\u00eb projekte t\u00eb financuara nga t\u00eb ardhurat e institucionit FORMA E APLIKIMIT P\u00cbR PROJEKTE T\u00cb K\u00cbRKIMIT SHKENCOR FINANCUAR NGA T\u00cb ARDHURAT E UNIVERSITETIT \u201cFAN S. NOLI\u201d FORMATI I...\" \/>\n<meta property=\"og:url\" content=\"https:\/\/unkorce.edu.al\/en\/thirrje-per-projekte\/\" \/>\n<meta property=\"og:site_name\" content=\"Universiteti &quot;Fan S. Noli&quot;, Kor\u00e7\u00eb\" \/>\n<meta property=\"article:publisher\" content=\"https:\/\/www.facebook.com\/unkorce\" \/>\n<meta name=\"twitter:card\" content=\"summary_large_image\" \/>\n<meta name=\"twitter:label1\" content=\"Est. reading time\" \/>\n\t<meta name=\"twitter:data1\" content=\"2 minutes\" \/>\n<script type=\"application\/ld+json\" class=\"yoast-schema-graph\">{\"@context\":\"https:\/\/schema.org\",\"@graph\":[{\"@type\":\"WebPage\",\"@id\":\"https:\/\/unkorce.edu.al\/thirrje-per-projekte\/\",\"url\":\"https:\/\/unkorce.edu.al\/thirrje-per-projekte\/\",\"name\":\"Thirrje p\u00ebr projekte - Universiteti \\\"Fan S. Noli\\\", Kor\u00e7\u00eb\",\"isPartOf\":{\"@id\":\"https:\/\/unkorce.edu.al\/#website\"},\"datePublished\":\"2023-01-31T12:58:02+00:00\",\"breadcrumb\":{\"@id\":\"https:\/\/unkorce.edu.al\/thirrje-per-projekte\/#breadcrumb\"},\"inLanguage\":\"en-US\",\"potentialAction\":[{\"@type\":\"ReadAction\",\"target\":[\"https:\/\/unkorce.edu.al\/thirrje-per-projekte\/\"]}]},{\"@type\":\"BreadcrumbList\",\"@id\":\"https:\/\/unkorce.edu.al\/thirrje-per-projekte\/#breadcrumb\",\"itemListElement\":[{\"@type\":\"ListItem\",\"position\":1,\"name\":\"Home\",\"item\":\"https:\/\/unkorce.edu.al\/\"},{\"@type\":\"ListItem\",\"position\":2,\"name\":\"Thirrje p\u00ebr projekte\"}]},{\"@type\":\"WebSite\",\"@id\":\"https:\/\/unkorce.edu.al\/#website\",\"url\":\"https:\/\/unkorce.edu.al\/\",\"name\":\"Universiteti \\\"Fan S. Noli\\\", Kor\u00e7\u00eb\",\"description\":\"Mir&euml;sevini n&euml; faqen zyrtare!\",\"publisher\":{\"@id\":\"https:\/\/unkorce.edu.al\/#organization\"},\"potentialAction\":[{\"@type\":\"SearchAction\",\"target\":{\"@type\":\"EntryPoint\",\"urlTemplate\":\"https:\/\/unkorce.edu.al\/?s={search_term_string}\"},\"query-input\":{\"@type\":\"PropertyValueSpecification\",\"valueRequired\":true,\"valueName\":\"search_term_string\"}}],\"inLanguage\":\"en-US\"},{\"@type\":\"Organization\",\"@id\":\"https:\/\/unkorce.edu.al\/#organization\",\"name\":\"Universiteti \\\"Fan S. Noli\\\", Kor\u00e7\u00eb\",\"url\":\"https:\/\/unkorce.edu.al\/\",\"logo\":{\"@type\":\"ImageObject\",\"inLanguage\":\"en-US\",\"@id\":\"https:\/\/unkorce.edu.al\/#\/schema\/logo\/image\/\",\"url\":\"https:\/\/unkorce.edu.al\/wp-content\/uploads\/2024\/08\/Logo_e_Universitetit__Fan_Noli_-e1726660879862.png\",\"contentUrl\":\"https:\/\/unkorce.edu.al\/wp-content\/uploads\/2024\/08\/Logo_e_Universitetit__Fan_Noli_-e1726660879862.png\",\"width\":200,\"height\":120,\"caption\":\"Universiteti \\\"Fan S. Noli\\\", Kor\u00e7\u00eb\"},\"image\":{\"@id\":\"https:\/\/unkorce.edu.al\/#\/schema\/logo\/image\/\"},\"sameAs\":[\"https:\/\/www.facebook.com\/unkorce\"]}]}<\/script>\n<!-- \/ Yoast SEO plugin. -->","yoast_head_json":{"title":"Thirrje p\u00ebr projekte - Universiteti \"Fan S. Noli\", Kor\u00e7\u00eb","robots":{"index":"index","follow":"follow","max-snippet":"max-snippet:-1","max-image-preview":"max-image-preview:large","max-video-preview":"max-video-preview:-1"},"canonical":"https:\/\/unkorce.edu.al\/en\/thirrje-per-projekte\/","og_locale":"en_US","og_type":"article","og_title":"Thirrje p\u00ebr projekte - Universiteti \"Fan S. Noli\", Kor\u00e7\u00eb","og_description":"THIRRJE P\u00cbR APLIKIM P\u00cbR PROJEKTE T\u00cb INFRASTRUKTUR\u00cbS S\u00cb K\u00cbRKIMIT SHKENCOR N\u00cb INSTITUCIONET E ARSIMIT T\u00cb LART\u00cb (PIKSH) (2024) Thirrje p\u00ebr projektpropozime Procedura p\u00ebr aplikim, miratim dhe zbatim t\u00eb projekte t\u00eb financuara nga t\u00eb ardhurat e institucionit FORMA E APLIKIMIT P\u00cbR PROJEKTE T\u00cb K\u00cbRKIMIT SHKENCOR FINANCUAR NGA T\u00cb ARDHURAT E UNIVERSITETIT \u201cFAN S. NOLI\u201d FORMATI I...","og_url":"https:\/\/unkorce.edu.al\/en\/thirrje-per-projekte\/","og_site_name":"Universiteti \"Fan S. Noli\", Kor\u00e7\u00eb","article_publisher":"https:\/\/www.facebook.com\/unkorce","twitter_card":"summary_large_image","twitter_misc":{"Est. reading time":"2 minutes"},"schema":{"@context":"https:\/\/schema.org","@graph":[{"@type":"WebPage","@id":"https:\/\/unkorce.edu.al\/thirrje-per-projekte\/","url":"https:\/\/unkorce.edu.al\/thirrje-per-projekte\/","name":"Thirrje p\u00ebr projekte - Universiteti \"Fan S. Noli\", Kor\u00e7\u00eb","isPartOf":{"@id":"https:\/\/unkorce.edu.al\/#website"},"datePublished":"2023-01-31T12:58:02+00:00","breadcrumb":{"@id":"https:\/\/unkorce.edu.al\/thirrje-per-projekte\/#breadcrumb"},"inLanguage":"en-US","potentialAction":[{"@type":"ReadAction","target":["https:\/\/unkorce.edu.al\/thirrje-per-projekte\/"]}]},{"@type":"BreadcrumbList","@id":"https:\/\/unkorce.edu.al\/thirrje-per-projekte\/#breadcrumb","itemListElement":[{"@type":"ListItem","position":1,"name":"Home","item":"https:\/\/unkorce.edu.al\/"},{"@type":"ListItem","position":2,"name":"Thirrje p\u00ebr projekte"}]},{"@type":"WebSite","@id":"https:\/\/unkorce.edu.al\/#website","url":"https:\/\/unkorce.edu.al\/","name":"Universiteti \"Fan S. Noli\", Kor\u00e7\u00eb","description":"Mir&euml;sevini n&euml; faqen zyrtare!","publisher":{"@id":"https:\/\/unkorce.edu.al\/#organization"},"potentialAction":[{"@type":"SearchAction","target":{"@type":"EntryPoint","urlTemplate":"https:\/\/unkorce.edu.al\/?s={search_term_string}"},"query-input":{"@type":"PropertyValueSpecification","valueRequired":true,"valueName":"search_term_string"}}],"inLanguage":"en-US"},{"@type":"Organization","@id":"https:\/\/unkorce.edu.al\/#organization","name":"Universiteti \"Fan S. Noli\", Kor\u00e7\u00eb","url":"https:\/\/unkorce.edu.al\/","logo":{"@type":"ImageObject","inLanguage":"en-US","@id":"https:\/\/unkorce.edu.al\/#\/schema\/logo\/image\/","url":"https:\/\/unkorce.edu.al\/wp-content\/uploads\/2024\/08\/Logo_e_Universitetit__Fan_Noli_-e1726660879862.png","contentUrl":"https:\/\/unkorce.edu.al\/wp-content\/uploads\/2024\/08\/Logo_e_Universitetit__Fan_Noli_-e1726660879862.png","width":200,"height":120,"caption":"Universiteti \"Fan S. Noli\", Kor\u00e7\u00eb"},"image":{"@id":"https:\/\/unkorce.edu.al\/#\/schema\/logo\/image\/"},"sameAs":["https:\/\/www.facebook.com\/unkorce"]}]}},"_links":{"self":[{"href":"https:\/\/unkorce.edu.al\/en\/wp-json\/wp\/v2\/pages\/16675","targetHints":{"allow":["GET"]}}],"collection":[{"href":"https:\/\/unkorce.edu.al\/en\/wp-json\/wp\/v2\/pages"}],"about":[{"href":"https:\/\/unkorce.edu.al\/en\/wp-json\/wp\/v2\/types\/page"}],"author":[{"embeddable":true,"href":"https:\/\/unkorce.edu.al\/en\/wp-json\/wp\/v2\/users\/122"}],"replies":[{"embeddable":true,"href":"https:\/\/unkorce.edu.al\/en\/wp-json\/wp\/v2\/comments?post=16675"}],"version-history":[{"count":0,"href":"https:\/\/unkorce.edu.al\/en\/wp-json\/wp\/v2\/pages\/16675\/revisions"}],"wp:attachment":[{"href":"https:\/\/unkorce.edu.al\/en\/wp-json\/wp\/v2\/media?parent=16675"}],"curies":[{"name":"wp","href":"https:\/\/api.w.org\/{rel}","templated":true}]}}