{"id":13524,"date":"2022-08-31T10:26:39","date_gmt":"2022-08-31T10:26:39","guid":{"rendered":"\/?page_id=13524"},"modified":"2024-09-06T07:31:46","modified_gmt":"2024-09-06T07:31:46","slug":"partneret-nderkombetare","status":"publish","type":"page","link":"https:\/\/unkorce.edu.al\/en\/partneret-nderkombetare\/","title":{"rendered":"Partner\u00ebt nd\u00ebrkomb\u00ebtar\u00eb"},"content":{"rendered":"<figure class=\"wp-block-table\">\r\n<table>\r\n<tbody>\r\n<tr>\r\n<td><strong>Shkolla Nd\u00ebrkomb\u00ebtare e Biznesit J\u00f6nk\u00f6ping, Suedi<\/strong><\/td>\r\n<\/tr>\r\n<tr>\r\n<td><strong>University &#8220;St. Kliment Ohridski&#8221;, Bitola, Macedonia<\/strong><\/td>\r\n<\/tr>\r\n<tr>\r\n<td><strong>Universiteti i Gjakov\u00ebs &#8220;Fehmi Agani&#8221;, Kosov\u00eb<\/strong><\/td>\r\n<\/tr>\r\n<tr>\r\n<td><strong>\u00a0International University of Struga<\/strong><\/td>\r\n<\/tr>\r\n<tr>\r\n<td><strong>Kolegji AAB, Prishtin\u00eb Kosov\u00eb<\/strong><\/td>\r\n<\/tr>\r\n<tr>\r\n<td><strong>Universiteti i Portos, Portugali<\/strong><\/td>\r\n<\/tr>\r\n<tr>\r\n<td><strong>Universiteti Trakya, Edirne, Turkey<\/strong><\/td>\r\n<\/tr>\r\n<tr>\r\n<td><strong>Q\u00ebndra p\u00ebr Marr\u00ebdh\u00ebnie Nd\u00ebrkomb\u00ebtare dhe Studime Ballkanike Shkup<\/strong><\/td>\r\n<\/tr>\r\n<tr>\r\n<td><strong>Lidhja e Diaspor\u00ebs Shqiptare p\u00ebr Maqedonin\u00eb<\/strong><\/td>\r\n<\/tr>\r\n<tr>\r\n<td><strong>Universiteti Teknik i Cluj-Napoca, Qendra Universitare Veriore e Baia Mare, Rumani<\/strong><\/td>\r\n<\/tr>\r\n<tr>\r\n<td><strong>Universiteti St. Kliment Ohridski , Bitola<\/strong><\/td>\r\n<\/tr>\r\n<tr>\r\n<td><strong>Shkolla e Studimeve Ekonomike dhe Rajonale, Universiteti i Maqedonis\u00eb, Selanik<\/strong><\/td>\r\n<\/tr>\r\n<tr>\r\n<td><strong>Universiteti\u00a0 &#8220;Ushkin Hoti&#8221; Prizren<\/strong><\/td>\r\n<\/tr>\r\n<tr>\r\n<td><strong>Kolegji Heimerer, Prishtin\u00eb, Kosov\u00eb<\/strong><\/td>\r\n<\/tr>\r\n<tr>\r\n<td><strong>Universiteti &#8220;Kirklareli&#8221;,\u00a0 Turqi<\/strong><\/td>\r\n<\/tr>\r\n<tr>\r\n<td><strong>Universiteti i Evrop\u00ebs Juglindore t\u00eb Tetov\u00ebs, Maqedoni<\/strong><\/td>\r\n<\/tr>\r\n<tr>\r\n<td><strong>Universiteti &#8220;Jan Evangelista Purkyne&#8221;\u00a0 in\u00a0 \u00dast\u00ed nad Labem, Republika \u00c7eke<\/strong><\/td>\r\n<\/tr>\r\n<tr>\r\n<td><strong>Universiteti Isa Boletini, Mitrovic\u00eb, Kosov\u00eb<\/strong><\/td>\r\n<\/tr>\r\n<tr>\r\n<td><strong>Universiteti i Bolonjes<\/strong><\/td>\r\n<\/tr>\r\n<tr>\r\n<td><strong>Universiteti &#8220;Haxhi Zeka&#8221;, Pej\u00eb, Kosov\u00eb<\/strong><\/td>\r\n<\/tr>\r\n<tr>\r\n<td><strong>University of Craiova, Romania<\/strong><\/td>\r\n<\/tr>\r\n<tr>\r\n<td><strong>University of National And World Economy, Sofia, Bulgaria<\/strong><\/td>\r\n<\/tr>\r\n<tr>\r\n<td><strong>University of Ioannina<\/strong><\/td>\r\n<\/tr>\r\n<tr>\r\n<td><strong>Aristotle University of Thessaloniki<\/strong><\/td>\r\n<\/tr>\r\n<tr>\r\n<td><strong>St. Cyril &amp; Methodiuus University of Veliko Tarnovo, Bulgaria<\/strong><\/td>\r\n<\/tr>\r\n<tr>\r\n<td><strong>University of Banja Luka, Faculty of Mechanical Engineering<\/strong><\/td>\r\n<\/tr>\r\n<tr>\r\n<td><strong>University of Library Studies and Information Technologies, Sofia, Bulgaria SULSIT<\/strong><\/td>\r\n<\/tr>\r\n<tr>\r\n<td><strong>Institute of Transbalkanic Cultural Cooperation, Greece<\/strong><\/td>\r\n<\/tr>\r\n<tr>\r\n<td><strong>Universiteti &#8220;Fehmi Agani&#8221;, Gjakov\u00eb<\/strong><\/td>\r\n<\/tr>\r\n<tr>\r\n<td><strong>University of Western Macedonia, Kozani, Greece<\/strong><\/td>\r\n<\/tr>\r\n<tr>\r\n<td><strong>Ovidius University of Constatnta, Romania<\/strong><\/td>\r\n<\/tr>\r\n<tr>\r\n<td><strong>CIHEAM-IAMM- International Center for advanced Mediterranean Agronomic Studies-Mediterranean Agronomic Institute Montpellier<\/strong><\/td>\r\n<\/tr>\r\n<tr>\r\n<td><strong>Agjencia e Zbatimit t\u00eb Gjuh\u00ebs t\u00eb RMV-s\u00eb<\/strong><\/td>\r\n<\/tr>\r\n<tr>\r\n<td><strong>Agricultural University of Plovdiv, Bulgaria<\/strong><\/td>\r\n<\/tr>\r\n<tr>\r\n<td><strong>University of Ioannina<\/strong><\/td>\r\n<\/tr>\r\n<tr>\r\n<td><strong>The Civilian Research and Development Foundation of the USA<\/strong><\/td>\r\n<\/tr>\r\n<tr>\r\n<td><strong>Dunarea De Jos University of Galanti, Rumani<\/strong><\/td>\r\n<\/tr>\r\n<tr>\r\n<td><strong>Beijing International Studies University<\/strong><\/td>\r\n<\/tr>\r\n<tr>\r\n<td><strong>University &#8220;St Kliment Ohridski&#8221; Bitola<\/strong><\/td>\r\n<\/tr>\r\n<tr>\r\n<td><strong>Alexandru Ioan Cuza University of Iasi Romania<\/strong><\/td>\r\n<\/tr>\r\n<tr>\r\n<td><strong>The Bucharest Munticipality Museum<\/strong><\/td>\r\n<\/tr>\r\n<tr>\r\n<td><strong>Universidad de Leon<\/strong><\/td>\r\n<\/tr>\r\n<tr>\r\n<td><strong>Eskisehir Osmangazi University Turqi<\/strong><\/td>\r\n<\/tr>\r\n<tr>\r\n<td><strong>Agriculture University Plovdiv Bullgari<\/strong><\/td>\r\n<\/tr>\r\n<tr>\r\n<td><strong>South-West University &#8220;Neofit Rilski&#8221; Blagoevrad,Bulgaria<\/strong><\/td>\r\n<\/tr>\r\n<tr>\r\n<td><strong>Universita Giustino Fortunato-Itali<\/strong><\/td>\r\n<\/tr>\r\n<tr>\r\n<td><strong>Netherlands Business Academy, Holand\u00eb<\/strong><\/td>\r\n<\/tr>\r\n<tr>\r\n<td><strong>University Library &#8220;St. Kliment Ohridski&#8221; Bitola<\/strong><\/td>\r\n<\/tr>\r\n<\/tbody>\r\n<\/table>\r\n<\/figure>","protected":false},"excerpt":{"rendered":"<p>Shkolla Nd\u00ebrkomb\u00ebtare e Biznesit J\u00f6nk\u00f6ping, Suedi University &#8220;St. Kliment Ohridski&#8221;, Bitola, Macedonia Universiteti i Gjakov\u00ebs &#8220;Fehmi Agani&#8221;, Kosov\u00eb \u00a0International University of Struga Kolegji AAB, Prishtin\u00eb Kosov\u00eb Universiteti i Portos, Portugali Universiteti Trakya, Edirne, Turkey Q\u00ebndra p\u00ebr Marr\u00ebdh\u00ebnie Nd\u00ebrkomb\u00ebtare dhe Studime Ballkanike Shkup Lidhja e Diaspor\u00ebs Shqiptare p\u00ebr Maqedonin\u00eb Universiteti Teknik i Cluj-Napoca, Qendra Universitare Veriore&#8230;<\/p>","protected":false},"author":122,"featured_media":0,"parent":0,"menu_order":0,"comment_status":"closed","ping_status":"closed","template":"","meta":{"_acf_changed":false,"footnotes":""},"class_list":["post-13524","page","type-page","status-publish","hentry"],"acf":[],"yoast_head":"<!-- This site is optimized with the Yoast SEO plugin v26.9 - https:\/\/yoast.com\/product\/yoast-seo-wordpress\/ -->\n<title>Partner\u00ebt nd\u00ebrkomb\u00ebtar\u00eb - Universiteti &quot;Fan S. Noli&quot;, Kor\u00e7\u00eb<\/title>\n<meta name=\"robots\" content=\"index, follow, max-snippet:-1, max-image-preview:large, max-video-preview:-1\" \/>\n<link rel=\"canonical\" href=\"https:\/\/unkorce.edu.al\/en\/partneret-nderkombetare\/\" \/>\n<meta property=\"og:locale\" content=\"en_US\" \/>\n<meta property=\"og:type\" content=\"article\" \/>\n<meta property=\"og:title\" content=\"Partner\u00ebt nd\u00ebrkomb\u00ebtar\u00eb - Universiteti &quot;Fan S. Noli&quot;, Kor\u00e7\u00eb\" \/>\n<meta property=\"og:description\" content=\"Shkolla Nd\u00ebrkomb\u00ebtare e Biznesit J\u00f6nk\u00f6ping, Suedi University &#8220;St. Kliment Ohridski&#8221;, Bitola, Macedonia Universiteti i Gjakov\u00ebs &#8220;Fehmi Agani&#8221;, Kosov\u00eb \u00a0International University of Struga Kolegji AAB, Prishtin\u00eb Kosov\u00eb Universiteti i Portos, Portugali Universiteti Trakya, Edirne, Turkey Q\u00ebndra p\u00ebr Marr\u00ebdh\u00ebnie Nd\u00ebrkomb\u00ebtare dhe Studime Ballkanike Shkup Lidhja e Diaspor\u00ebs Shqiptare p\u00ebr Maqedonin\u00eb Universiteti Teknik i Cluj-Napoca, Qendra Universitare Veriore...\" \/>\n<meta property=\"og:url\" content=\"https:\/\/unkorce.edu.al\/en\/partneret-nderkombetare\/\" \/>\n<meta property=\"og:site_name\" content=\"Universiteti &quot;Fan S. Noli&quot;, Kor\u00e7\u00eb\" \/>\n<meta property=\"article:publisher\" content=\"https:\/\/www.facebook.com\/unkorce\" \/>\n<meta property=\"article:modified_time\" content=\"2024-09-06T07:31:46+00:00\" \/>\n<meta name=\"twitter:card\" content=\"summary_large_image\" \/>\n<meta name=\"twitter:label1\" content=\"Est. reading time\" \/>\n\t<meta name=\"twitter:data1\" content=\"1 minute\" \/>\n<script type=\"application\/ld+json\" class=\"yoast-schema-graph\">{\"@context\":\"https:\/\/schema.org\",\"@graph\":[{\"@type\":\"WebPage\",\"@id\":\"https:\/\/unkorce.edu.al\/partneret-nderkombetare\/\",\"url\":\"https:\/\/unkorce.edu.al\/partneret-nderkombetare\/\",\"name\":\"Partner\u00ebt nd\u00ebrkomb\u00ebtar\u00eb - Universiteti \\\"Fan S. Noli\\\", Kor\u00e7\u00eb\",\"isPartOf\":{\"@id\":\"https:\/\/unkorce.edu.al\/#website\"},\"datePublished\":\"2022-08-31T10:26:39+00:00\",\"dateModified\":\"2024-09-06T07:31:46+00:00\",\"breadcrumb\":{\"@id\":\"https:\/\/unkorce.edu.al\/partneret-nderkombetare\/#breadcrumb\"},\"inLanguage\":\"en-US\",\"potentialAction\":[{\"@type\":\"ReadAction\",\"target\":[\"https:\/\/unkorce.edu.al\/partneret-nderkombetare\/\"]}]},{\"@type\":\"BreadcrumbList\",\"@id\":\"https:\/\/unkorce.edu.al\/partneret-nderkombetare\/#breadcrumb\",\"itemListElement\":[{\"@type\":\"ListItem\",\"position\":1,\"name\":\"Home\",\"item\":\"https:\/\/unkorce.edu.al\/\"},{\"@type\":\"ListItem\",\"position\":2,\"name\":\"Partner\u00ebt nd\u00ebrkomb\u00ebtar\u00eb\"}]},{\"@type\":\"WebSite\",\"@id\":\"https:\/\/unkorce.edu.al\/#website\",\"url\":\"https:\/\/unkorce.edu.al\/\",\"name\":\"Universiteti \\\"Fan S. Noli\\\", Kor\u00e7\u00eb\",\"description\":\"Mir&euml;sevini n&euml; faqen zyrtare!\",\"publisher\":{\"@id\":\"https:\/\/unkorce.edu.al\/#organization\"},\"potentialAction\":[{\"@type\":\"SearchAction\",\"target\":{\"@type\":\"EntryPoint\",\"urlTemplate\":\"https:\/\/unkorce.edu.al\/?s={search_term_string}\"},\"query-input\":{\"@type\":\"PropertyValueSpecification\",\"valueRequired\":true,\"valueName\":\"search_term_string\"}}],\"inLanguage\":\"en-US\"},{\"@type\":\"Organization\",\"@id\":\"https:\/\/unkorce.edu.al\/#organization\",\"name\":\"Universiteti \\\"Fan S. Noli\\\", Kor\u00e7\u00eb\",\"url\":\"https:\/\/unkorce.edu.al\/\",\"logo\":{\"@type\":\"ImageObject\",\"inLanguage\":\"en-US\",\"@id\":\"https:\/\/unkorce.edu.al\/#\/schema\/logo\/image\/\",\"url\":\"https:\/\/unkorce.edu.al\/wp-content\/uploads\/2024\/08\/Logo_e_Universitetit__Fan_Noli_-e1726660879862.png\",\"contentUrl\":\"https:\/\/unkorce.edu.al\/wp-content\/uploads\/2024\/08\/Logo_e_Universitetit__Fan_Noli_-e1726660879862.png\",\"width\":200,\"height\":120,\"caption\":\"Universiteti \\\"Fan S. Noli\\\", Kor\u00e7\u00eb\"},\"image\":{\"@id\":\"https:\/\/unkorce.edu.al\/#\/schema\/logo\/image\/\"},\"sameAs\":[\"https:\/\/www.facebook.com\/unkorce\"]}]}<\/script>\n<!-- \/ Yoast SEO plugin. -->","yoast_head_json":{"title":"Partner\u00ebt nd\u00ebrkomb\u00ebtar\u00eb - Universiteti \"Fan S. Noli\", Kor\u00e7\u00eb","robots":{"index":"index","follow":"follow","max-snippet":"max-snippet:-1","max-image-preview":"max-image-preview:large","max-video-preview":"max-video-preview:-1"},"canonical":"https:\/\/unkorce.edu.al\/en\/partneret-nderkombetare\/","og_locale":"en_US","og_type":"article","og_title":"Partner\u00ebt nd\u00ebrkomb\u00ebtar\u00eb - Universiteti \"Fan S. Noli\", Kor\u00e7\u00eb","og_description":"Shkolla Nd\u00ebrkomb\u00ebtare e Biznesit J\u00f6nk\u00f6ping, Suedi University &#8220;St. Kliment Ohridski&#8221;, Bitola, Macedonia Universiteti i Gjakov\u00ebs &#8220;Fehmi Agani&#8221;, Kosov\u00eb \u00a0International University of Struga Kolegji AAB, Prishtin\u00eb Kosov\u00eb Universiteti i Portos, Portugali Universiteti Trakya, Edirne, Turkey Q\u00ebndra p\u00ebr Marr\u00ebdh\u00ebnie Nd\u00ebrkomb\u00ebtare dhe Studime Ballkanike Shkup Lidhja e Diaspor\u00ebs Shqiptare p\u00ebr Maqedonin\u00eb Universiteti Teknik i Cluj-Napoca, Qendra Universitare Veriore...","og_url":"https:\/\/unkorce.edu.al\/en\/partneret-nderkombetare\/","og_site_name":"Universiteti \"Fan S. Noli\", Kor\u00e7\u00eb","article_publisher":"https:\/\/www.facebook.com\/unkorce","article_modified_time":"2024-09-06T07:31:46+00:00","twitter_card":"summary_large_image","twitter_misc":{"Est. reading time":"1 minute"},"schema":{"@context":"https:\/\/schema.org","@graph":[{"@type":"WebPage","@id":"https:\/\/unkorce.edu.al\/partneret-nderkombetare\/","url":"https:\/\/unkorce.edu.al\/partneret-nderkombetare\/","name":"Partner\u00ebt nd\u00ebrkomb\u00ebtar\u00eb - Universiteti \"Fan S. Noli\", Kor\u00e7\u00eb","isPartOf":{"@id":"https:\/\/unkorce.edu.al\/#website"},"datePublished":"2022-08-31T10:26:39+00:00","dateModified":"2024-09-06T07:31:46+00:00","breadcrumb":{"@id":"https:\/\/unkorce.edu.al\/partneret-nderkombetare\/#breadcrumb"},"inLanguage":"en-US","potentialAction":[{"@type":"ReadAction","target":["https:\/\/unkorce.edu.al\/partneret-nderkombetare\/"]}]},{"@type":"BreadcrumbList","@id":"https:\/\/unkorce.edu.al\/partneret-nderkombetare\/#breadcrumb","itemListElement":[{"@type":"ListItem","position":1,"name":"Home","item":"https:\/\/unkorce.edu.al\/"},{"@type":"ListItem","position":2,"name":"Partner\u00ebt nd\u00ebrkomb\u00ebtar\u00eb"}]},{"@type":"WebSite","@id":"https:\/\/unkorce.edu.al\/#website","url":"https:\/\/unkorce.edu.al\/","name":"Universiteti \"Fan S. Noli\", Kor\u00e7\u00eb","description":"Mir&euml;sevini n&euml; faqen zyrtare!","publisher":{"@id":"https:\/\/unkorce.edu.al\/#organization"},"potentialAction":[{"@type":"SearchAction","target":{"@type":"EntryPoint","urlTemplate":"https:\/\/unkorce.edu.al\/?s={search_term_string}"},"query-input":{"@type":"PropertyValueSpecification","valueRequired":true,"valueName":"search_term_string"}}],"inLanguage":"en-US"},{"@type":"Organization","@id":"https:\/\/unkorce.edu.al\/#organization","name":"Universiteti \"Fan S. Noli\", Kor\u00e7\u00eb","url":"https:\/\/unkorce.edu.al\/","logo":{"@type":"ImageObject","inLanguage":"en-US","@id":"https:\/\/unkorce.edu.al\/#\/schema\/logo\/image\/","url":"https:\/\/unkorce.edu.al\/wp-content\/uploads\/2024\/08\/Logo_e_Universitetit__Fan_Noli_-e1726660879862.png","contentUrl":"https:\/\/unkorce.edu.al\/wp-content\/uploads\/2024\/08\/Logo_e_Universitetit__Fan_Noli_-e1726660879862.png","width":200,"height":120,"caption":"Universiteti \"Fan S. Noli\", Kor\u00e7\u00eb"},"image":{"@id":"https:\/\/unkorce.edu.al\/#\/schema\/logo\/image\/"},"sameAs":["https:\/\/www.facebook.com\/unkorce"]}]}},"_links":{"self":[{"href":"https:\/\/unkorce.edu.al\/en\/wp-json\/wp\/v2\/pages\/13524","targetHints":{"allow":["GET"]}}],"collection":[{"href":"https:\/\/unkorce.edu.al\/en\/wp-json\/wp\/v2\/pages"}],"about":[{"href":"https:\/\/unkorce.edu.al\/en\/wp-json\/wp\/v2\/types\/page"}],"author":[{"embeddable":true,"href":"https:\/\/unkorce.edu.al\/en\/wp-json\/wp\/v2\/users\/122"}],"replies":[{"embeddable":true,"href":"https:\/\/unkorce.edu.al\/en\/wp-json\/wp\/v2\/comments?post=13524"}],"version-history":[{"count":1,"href":"https:\/\/unkorce.edu.al\/en\/wp-json\/wp\/v2\/pages\/13524\/revisions"}],"predecessor-version":[{"id":26082,"href":"https:\/\/unkorce.edu.al\/en\/wp-json\/wp\/v2\/pages\/13524\/revisions\/26082"}],"wp:attachment":[{"href":"https:\/\/unkorce.edu.al\/en\/wp-json\/wp\/v2\/media?parent=13524"}],"curies":[{"name":"wp","href":"https:\/\/api.w.org\/{rel}","templated":true}]}}